{"id":246681,"date":"2026-05-09T00:54:26","date_gmt":"2026-05-09T06:54:26","guid":{"rendered":"https:\/\/compuviper.mx\/tienda\/producto\/logitech-910-006932-mouse-mx-anywhere-3s-inalambrico-recargable-grafito\/"},"modified":"2026-05-09T00:54:27","modified_gmt":"2026-05-09T06:54:27","slug":"logitech-910-006932-mouse-mx-anywhere-3s-inalambrico-recargable-grafito","status":"publish","type":"product","link":"https:\/\/compuviper.mx\/tienda\/producto\/logitech-910-006932-mouse-mx-anywhere-3s-inalambrico-recargable-grafito\/","title":{"rendered":"Logitech 910-006932 Mouse  Mx Anywhere 3s Inalambrico Recargable Grafito"},"content":{"rendered":"<table class=\"descripcion\">\n<tr>\n<td>Dimensiones<\/td>\n<\/tr>\n<tr>\n<td>Altura: 100,5 mm<\/td>\n<\/tr>\n<tr>\n<td>Anchura: 65 mm<\/td>\n<\/tr>\n<tr>\n<td>Profundidad: 34,4 mm<\/td>\n<\/tr>\n<tr>\n<td>Peso: 99 g<\/td>\n<\/tr>\n<tr>\n<td>Especificaciones tecnicas<\/td>\n<\/tr>\n<tr>\n<td>Tecnologia de sensor<\/td>\n<\/tr>\n<tr>\n<td>Alta precision darkfield<\/td>\n<\/tr>\n<tr>\n<td>Valor nominal: 1000 dpi<\/td>\n<\/tr>\n<tr>\n<td>Dpi (valores minimo y maximo): 200-8000 dpi (ajustable en incrementos de 50 dpi)<\/td>\n<\/tr>\n<tr>\n<td>Botones<\/td>\n<\/tr>\n<tr>\n<td>6 botones (click izquierdo\/derecho, retroceso\/avance, cambio de modo de boton rueda, click con el boton central)<\/td>\n<\/tr>\n<tr>\n<td>Rueda de desplazamiento: si, con cambio automatico<\/td>\n<\/tr>\n<tr>\n<td>Desplazamiento horizontal: si, manteniendo presionado el boton lateral mientras se gira el boton rueda<\/td>\n<\/tr>\n<tr>\n<td>Bateria<\/td>\n<\/tr>\n<tr>\n<td>Bateria recargable li-po (500 mah)<\/td>\n<\/tr>\n<tr>\n<td>Funciona hasta 70 dias con una sola carga completa. consigue tres horas de uso con un minuto de carga rapida. (la duracion de las baterias depende del uso y de los dispositivos).<\/td>\n<\/tr>\n<tr>\n<td>Sostenibilidad<\/td>\n<\/tr>\n<tr>\n<td>Plastico en grafito: 78% de material reciclado posconsumo (excluye plastico en conjunto de cableado impreso (pwa), receptor, cable, cable ffc y embalaje).<\/td>\n<\/tr>\n<tr>\n<td>Plasticos gris palido \/ rosa: 61% de material reciclado posconsumo (excluye plastico en conjunto de cableado impreso (pwa), receptor, cable, cable ffc y embalaje).<\/td>\n<\/tr>\n<tr>\n<td>Empacado de papel: con certificaci\u00f3n fsc\u0099<\/td>\n<\/tr>\n<tr>\n<td>Informacion de garantia<\/td>\n<\/tr>\n<tr>\n<td>Un a\u00f1o de garantia de hardware limitada<\/td>\n<\/tr>\n<tr>\n<td>Numero de referencia<\/td>\n<\/tr>\n<tr>\n<td>Gris palido : 910-006933<\/td>\n<\/tr>\n<tr>\n<td>Rosa : 910-006934<\/td>\n<\/tr>\n<tr>\n<td>Grafito : 910-006932<\/td>\n<\/tr>\n<\/table>\n","protected":false},"excerpt":{"rendered":"<p>Seguimiento en cualquier superficie, facil de llevar. Desplazamiento a 1000 lineas por segundo. Mayor foco con clicks discretos. Multidispositivo, multisistema operativo. Carga rapida usb-c, larga duracion. Optimiza tu flujo de trabajo<\/p>\n","protected":false},"featured_media":260060,"comment_status":"open","ping_status":"open","template":"","meta":[],"product_cat":[1748,1749],"product_tag":[1500],"acf":[],"yoast_head":"<!-- This site is optimized with the Yoast SEO plugin v21.7 - https:\/\/yoast.com\/wordpress\/plugins\/seo\/ -->\n<title>[ Logitech ] &#129351; 910-006932 Mouse Mx Anywhere 3s Inalambrico Recargable Grafito<\/title>\n<meta name=\"description\" content=\"Compra 910-006932 Mouse Mx Anywhere 3s Inalambrico Recargable Grafito + Env\u00edo a domicilio + Pago seguro + Garant\u00eda\" \/>\n<meta name=\"robots\" content=\"index, follow, max-snippet:-1, max-image-preview:large, max-video-preview:-1\" \/>\n<link rel=\"canonical\" href=\"https:\/\/compuviper.mx\/tienda\/producto\/logitech-910-006932-mouse-mx-anywhere-3s-inalambrico-recargable-grafito\/\" \/>\n<meta property=\"og:locale\" content=\"es_MX\" \/>\n<meta property=\"og:type\" content=\"article\" \/>\n<meta property=\"og:title\" content=\"[ Logitech ] &#129351; 910-006932 Mouse Mx Anywhere 3s Inalambrico Recargable Grafito\" \/>\n<meta property=\"og:description\" content=\"Compra 910-006932 Mouse Mx Anywhere 3s Inalambrico Recargable Grafito + Env\u00edo a domicilio + Pago seguro + Garant\u00eda\" \/>\n<meta property=\"og:url\" content=\"https:\/\/compuviper.mx\/tienda\/producto\/logitech-910-006932-mouse-mx-anywhere-3s-inalambrico-recargable-grafito\/\" \/>\n<meta property=\"og:site_name\" content=\"Compuviper\" \/>\n<meta property=\"article:publisher\" content=\"https:\/\/www.facebook.com\/compuviper\" \/>\n<meta property=\"article:modified_time\" content=\"2026-05-09T06:54:27+00:00\" \/>\n<meta property=\"og:image\" content=\"https:\/\/compuviper.mx\/tienda\/wp-content\/uploads\/2025\/10\/Mouse-logitech-mx-anywhere-3s-inalambrico-recargable-grafito.jpg\" \/>\n\t<meta property=\"og:image:width\" content=\"200\" \/>\n\t<meta property=\"og:image:height\" content=\"200\" \/>\n\t<meta property=\"og:image:type\" content=\"image\/jpeg\" \/>\n<meta name=\"twitter:card\" content=\"summary_large_image\" \/>\n<meta name=\"twitter:label1\" content=\"Precio\" \/>\n\t<meta name=\"twitter:data1\" content=\"&#36;1,572 con IVA\" \/>\n\t<meta name=\"twitter:label2\" content=\"Availability\" \/>\n\t<meta name=\"twitter:data2\" content=\"Out of stock\" \/>\n<script type=\"application\/ld+json\" class=\"yoast-schema-graph\">{\"@context\":\"https:\/\/schema.org\",\"@graph\":[{\"@type\":\"WebPage\",\"@id\":\"https:\/\/compuviper.mx\/tienda\/producto\/logitech-910-006932-mouse-mx-anywhere-3s-inalambrico-recargable-grafito\/\",\"url\":\"https:\/\/compuviper.mx\/tienda\/producto\/logitech-910-006932-mouse-mx-anywhere-3s-inalambrico-recargable-grafito\/\",\"name\":\"[ Logitech ] &#129351; 910-006932 Mouse Mx Anywhere 3s Inalambrico Recargable Grafito\",\"isPartOf\":{\"@id\":\"https:\/\/compuviper.mx\/tienda\/#website\"},\"datePublished\":\"2026-05-09T06:54:26+00:00\",\"dateModified\":\"2026-05-09T06:54:27+00:00\",\"description\":\"Compra 910-006932 Mouse Mx Anywhere 3s Inalambrico Recargable Grafito + Env\u00edo a domicilio + Pago seguro + Garant\u00eda\",\"breadcrumb\":{\"@id\":\"https:\/\/compuviper.mx\/tienda\/producto\/logitech-910-006932-mouse-mx-anywhere-3s-inalambrico-recargable-grafito\/#breadcrumb\"},\"inLanguage\":\"es-MX\",\"potentialAction\":[{\"@type\":\"ReadAction\",\"target\":[\"https:\/\/compuviper.mx\/tienda\/producto\/logitech-910-006932-mouse-mx-anywhere-3s-inalambrico-recargable-grafito\/\"]}]},{\"@type\":\"BreadcrumbList\",\"@id\":\"https:\/\/compuviper.mx\/tienda\/producto\/logitech-910-006932-mouse-mx-anywhere-3s-inalambrico-recargable-grafito\/#breadcrumb\",\"itemListElement\":[{\"@type\":\"ListItem\",\"position\":1,\"name\":\"Inicio\",\"item\":\"https:\/\/compuviper.mx\/tienda\/\"},{\"@type\":\"ListItem\",\"position\":2,\"name\":\"Productos\",\"item\":\"https:\/\/compuviper.mx\/tienda\/productos\/\"},{\"@type\":\"ListItem\",\"position\":3,\"name\":\"Mouse\",\"item\":\"https:\/\/compuviper.mx\/tienda\/categoria-producto\/mouse\/\"},{\"@type\":\"ListItem\",\"position\":4,\"name\":\"Optico\",\"item\":\"https:\/\/compuviper.mx\/tienda\/categoria-producto\/mouse\/optico\/\"},{\"@type\":\"ListItem\",\"position\":5,\"name\":\"Logitech 910-006932 Mouse Mx Anywhere 3s Inalambrico Recargable Grafito\"}]},{\"@type\":\"WebSite\",\"@id\":\"https:\/\/compuviper.mx\/tienda\/#website\",\"url\":\"https:\/\/compuviper.mx\/tienda\/\",\"name\":\"Compuviper\",\"description\":\"Proveedor de Computadoras, Laptops, Servidores, Monitores, Puntos de Venta, Teclados,   Impresoras, T\u00f3ner, C\u00e1maras de Seguridad y m\u00e1s en tu tienda en l\u00ednea\",\"publisher\":{\"@id\":\"https:\/\/compuviper.mx\/tienda\/#organization\"},\"potentialAction\":[{\"@type\":\"SearchAction\",\"target\":{\"@type\":\"EntryPoint\",\"urlTemplate\":\"https:\/\/compuviper.mx\/tienda\/?s={search_term_string}\"},\"query-input\":\"required name=search_term_string\"}],\"inLanguage\":\"es-MX\"},{\"@type\":\"Organization\",\"@id\":\"https:\/\/compuviper.mx\/tienda\/#organization\",\"name\":\"Compuviper\",\"url\":\"https:\/\/compuviper.mx\/tienda\/\",\"logo\":{\"@type\":\"ImageObject\",\"inLanguage\":\"es-MX\",\"@id\":\"https:\/\/compuviper.mx\/tienda\/#\/schema\/logo\/image\/\",\"url\":\"https:\/\/compuviper.mx\/tienda\/wp-content\/uploads\/2021\/08\/Logo-Compuviper-10.png\",\"contentUrl\":\"https:\/\/compuviper.mx\/tienda\/wp-content\/uploads\/2021\/08\/Logo-Compuviper-10.png\",\"width\":1000,\"height\":500,\"caption\":\"Compuviper\"},\"image\":{\"@id\":\"https:\/\/compuviper.mx\/tienda\/#\/schema\/logo\/image\/\"},\"sameAs\":[\"https:\/\/www.facebook.com\/compuviper\",\"https:\/\/www.youtube.com\/channel\/UCf73dERp9Y3cfOq7q8BhLjA?view_as=subscriber\"]}]}<\/script>\n<meta property=\"product:brand\" content=\"LOGITECH\" \/>\n<meta property=\"product:price:amount\" content=\"1572\" \/>\n<meta property=\"product:price:currency\" content=\"MXN\" \/>\n<meta property=\"og:availability\" content=\"out of stock\" \/>\n<meta property=\"product:availability\" content=\"out of stock\" \/>\n<meta property=\"product:retailer_item_id\" content=\"910-006932\" \/>\n<meta property=\"product:condition\" content=\"new\" \/>\n<!-- \/ Yoast SEO plugin. -->","yoast_head_json":{"title":"[ Logitech ] &#129351; 910-006932 Mouse Mx Anywhere 3s Inalambrico Recargable Grafito","description":"Compra 910-006932 Mouse Mx Anywhere 3s Inalambrico Recargable Grafito + Env\u00edo a domicilio + Pago seguro + Garant\u00eda","robots":{"index":"index","follow":"follow","max-snippet":"max-snippet:-1","max-image-preview":"max-image-preview:large","max-video-preview":"max-video-preview:-1"},"canonical":"https:\/\/compuviper.mx\/tienda\/producto\/logitech-910-006932-mouse-mx-anywhere-3s-inalambrico-recargable-grafito\/","og_locale":"es_MX","og_type":"article","og_title":"[ Logitech ] &#129351; 910-006932 Mouse Mx Anywhere 3s Inalambrico Recargable Grafito","og_description":"Compra 910-006932 Mouse Mx Anywhere 3s Inalambrico Recargable Grafito + Env\u00edo a domicilio + Pago seguro + Garant\u00eda","og_url":"https:\/\/compuviper.mx\/tienda\/producto\/logitech-910-006932-mouse-mx-anywhere-3s-inalambrico-recargable-grafito\/","og_site_name":"Compuviper","article_publisher":"https:\/\/www.facebook.com\/compuviper","article_modified_time":"2026-05-09T06:54:27+00:00","og_image":[{"width":200,"height":200,"url":"https:\/\/compuviper.mx\/tienda\/wp-content\/uploads\/2025\/10\/Mouse-logitech-mx-anywhere-3s-inalambrico-recargable-grafito.jpg","type":"image\/jpeg"}],"twitter_card":"summary_large_image","twitter_misc":{"Precio":"&#36;1,572 con IVA","Availability":"Out of stock"},"schema":{"@context":"https:\/\/schema.org","@graph":[{"@type":"WebPage","@id":"https:\/\/compuviper.mx\/tienda\/producto\/logitech-910-006932-mouse-mx-anywhere-3s-inalambrico-recargable-grafito\/","url":"https:\/\/compuviper.mx\/tienda\/producto\/logitech-910-006932-mouse-mx-anywhere-3s-inalambrico-recargable-grafito\/","name":"[ Logitech ] &#129351; 910-006932 Mouse Mx Anywhere 3s Inalambrico Recargable Grafito","isPartOf":{"@id":"https:\/\/compuviper.mx\/tienda\/#website"},"datePublished":"2026-05-09T06:54:26+00:00","dateModified":"2026-05-09T06:54:27+00:00","description":"Compra 910-006932 Mouse Mx Anywhere 3s Inalambrico Recargable Grafito + Env\u00edo a domicilio + Pago seguro + Garant\u00eda","breadcrumb":{"@id":"https:\/\/compuviper.mx\/tienda\/producto\/logitech-910-006932-mouse-mx-anywhere-3s-inalambrico-recargable-grafito\/#breadcrumb"},"inLanguage":"es-MX","potentialAction":[{"@type":"ReadAction","target":["https:\/\/compuviper.mx\/tienda\/producto\/logitech-910-006932-mouse-mx-anywhere-3s-inalambrico-recargable-grafito\/"]}]},{"@type":"BreadcrumbList","@id":"https:\/\/compuviper.mx\/tienda\/producto\/logitech-910-006932-mouse-mx-anywhere-3s-inalambrico-recargable-grafito\/#breadcrumb","itemListElement":[{"@type":"ListItem","position":1,"name":"Inicio","item":"https:\/\/compuviper.mx\/tienda\/"},{"@type":"ListItem","position":2,"name":"Productos","item":"https:\/\/compuviper.mx\/tienda\/productos\/"},{"@type":"ListItem","position":3,"name":"Mouse","item":"https:\/\/compuviper.mx\/tienda\/categoria-producto\/mouse\/"},{"@type":"ListItem","position":4,"name":"Optico","item":"https:\/\/compuviper.mx\/tienda\/categoria-producto\/mouse\/optico\/"},{"@type":"ListItem","position":5,"name":"Logitech 910-006932 Mouse Mx Anywhere 3s Inalambrico Recargable Grafito"}]},{"@type":"WebSite","@id":"https:\/\/compuviper.mx\/tienda\/#website","url":"https:\/\/compuviper.mx\/tienda\/","name":"Compuviper","description":"Proveedor de Computadoras, Laptops, Servidores, Monitores, Puntos de Venta, Teclados,   Impresoras, T\u00f3ner, C\u00e1maras de Seguridad y m\u00e1s en tu tienda en l\u00ednea","publisher":{"@id":"https:\/\/compuviper.mx\/tienda\/#organization"},"potentialAction":[{"@type":"SearchAction","target":{"@type":"EntryPoint","urlTemplate":"https:\/\/compuviper.mx\/tienda\/?s={search_term_string}"},"query-input":"required name=search_term_string"}],"inLanguage":"es-MX"},{"@type":"Organization","@id":"https:\/\/compuviper.mx\/tienda\/#organization","name":"Compuviper","url":"https:\/\/compuviper.mx\/tienda\/","logo":{"@type":"ImageObject","inLanguage":"es-MX","@id":"https:\/\/compuviper.mx\/tienda\/#\/schema\/logo\/image\/","url":"https:\/\/compuviper.mx\/tienda\/wp-content\/uploads\/2021\/08\/Logo-Compuviper-10.png","contentUrl":"https:\/\/compuviper.mx\/tienda\/wp-content\/uploads\/2021\/08\/Logo-Compuviper-10.png","width":1000,"height":500,"caption":"Compuviper"},"image":{"@id":"https:\/\/compuviper.mx\/tienda\/#\/schema\/logo\/image\/"},"sameAs":["https:\/\/www.facebook.com\/compuviper","https:\/\/www.youtube.com\/channel\/UCf73dERp9Y3cfOq7q8BhLjA?view_as=subscriber"]}]},"product_brand":"LOGITECH","product_price_amount":"1572","product_price_currency":"MXN","og_availability":"out of stock","product_availability":"out of stock","product_retailer_item_id":"910-006932","product_condition":"new"},"_links":{"self":[{"href":"https:\/\/compuviper.mx\/tienda\/wp-json\/wp\/v2\/product\/246681"}],"collection":[{"href":"https:\/\/compuviper.mx\/tienda\/wp-json\/wp\/v2\/product"}],"about":[{"href":"https:\/\/compuviper.mx\/tienda\/wp-json\/wp\/v2\/types\/product"}],"replies":[{"embeddable":true,"href":"https:\/\/compuviper.mx\/tienda\/wp-json\/wp\/v2\/comments?post=246681"}],"wp:featuredmedia":[{"embeddable":true,"href":"https:\/\/compuviper.mx\/tienda\/wp-json\/wp\/v2\/media\/260060"}],"wp:attachment":[{"href":"https:\/\/compuviper.mx\/tienda\/wp-json\/wp\/v2\/media?parent=246681"}],"wp:term":[{"taxonomy":"product_cat","embeddable":true,"href":"https:\/\/compuviper.mx\/tienda\/wp-json\/wp\/v2\/product_cat?post=246681"},{"taxonomy":"product_tag","embeddable":true,"href":"https:\/\/compuviper.mx\/tienda\/wp-json\/wp\/v2\/product_tag?post=246681"}],"curies":[{"name":"wp","href":"https:\/\/api.w.org\/{rel}","templated":true}]}}