{"id":246654,"date":"2026-04-06T23:27:20","date_gmt":"2026-04-07T05:27:20","guid":{"rendered":"https:\/\/compuviper.mx\/tienda\/producto\/logitech-910-005216-presentador-spotlight-inalambrico-recargable-gris\/"},"modified":"2026-04-06T23:27:20","modified_gmt":"2026-04-07T05:27:20","slug":"logitech-910-005216-presentador-spotlight-inalambrico-recargable-gris","status":"publish","type":"product","link":"https:\/\/compuviper.mx\/tienda\/producto\/logitech-910-005216-presentador-spotlight-inalambrico-recargable-gris\/","title":{"rendered":"Logitech 910-005216 Presentador  Spotlight Inalambrico Recargable Gris"},"content":{"rendered":"<table class=\"descripcion\">\n<tr>\n<td>Navegacin por diapositivas intuitiva<\/td>\n<\/tr>\n<tr>\n<td>Disfruta de la concentracin y la familiaridad instantnea con la intuitiva interfaz de tres botones de spotlight.<\/td>\n<\/tr>\n<tr>\n<td>Puntero<\/td>\n<\/tr>\n<tr>\n<td>Resalta1, ampla1 y controla el cursor en pantalla.<\/td>\n<\/tr>\n<tr>\n<td>Siguiente<\/td>\n<\/tr>\n<tr>\n<td>Navega hacia adelante y controla funciones personalizadas como1 ajuste de volumen por gestos.<\/td>\n<\/tr>\n<tr>\n<td>Atrs<\/td>\n<\/tr>\n<tr>\n<td>Navega hacia atrs y controla funciones personalizadas como ajuste de volumen por gestos.<\/td>\n<\/tr>\n<tr>\n<td>Amplio radio de accin<\/td>\n<\/tr>\n<tr>\n<td>Muvete y presenta con plena libertad hasta a 30 metros 100 pies.<\/td>\n<\/tr>\n<tr>\n<td>Compatibilidad universal<\/td>\n<\/tr>\n<tr>\n<td>Usa spotlight en plataformas windows\u00ae y mac, y en presentaciones en powerpoint\u00ae, keynote\u00ae, pdf\u00bf, google\u00bf slide and prezi.<\/td>\n<\/tr>\n<tr>\n<td>Conectividad doble<\/td>\n<\/tr>\n<tr>\n<td>Conecta spotlight a cualquier computadora compatible y salo al instante a travs del receptor usb, o conctalo mediante bluetooth\u00ae de bajo consumo. spotlight tambin mantiene la computadora conectada y activa mientras realizas las presentaciones.<\/td>\n<\/tr>\n<tr>\n<td>Recarga r\u00e1pida<\/td>\n<\/tr>\n<tr>\n<td>Usa el cable de carga usb-c y obtn tres horas de presentacin despus de una carga de un minuto, o crgalo completamente en tan solo 60 minutos.1 el dispositivo vibra y la luz roja del indicador de la batera se enciende cuando llega el momento de recargar.<\/td>\n<\/tr>\n<tr>\n<td>Sistema de puntero avanzado<\/td>\n<\/tr>\n<tr>\n<td>Establece tu modo de puntero preferido1 en la aplicacin de presentacin de logitech. usa la ampliacin para realizar zoom en zonas de inters. usa el resalte para activar una vieta circular que deja en la sombra el rea circundante.<\/td>\n<\/tr>\n<tr>\n<td>Controles personalizados<\/td>\n<\/tr>\n<tr>\n<td>Elige entre diversos controles personalizados1 adaptados a cada presentacin. usa la aplicacin para configurar el botn de retroceso de spotlight para dejar la pantalla en blanco, desplazamiento controlado por gestos, ajuste de volumen y mucho ms.<\/td>\n<\/tr>\n<tr>\n<td>Administracin de tiempo inteligente<\/td>\n<\/tr>\n<tr>\n<td>Usa la aplicacin para configurar un cronmetro en pantalla1 que se inicie en cuanto hagas click en la primera diapositiva. tambin puedes configurar hitos de tiempo clave para enviar alertas por vibracin directamente a spotlight para seguir al mando de todo hasta la ltima diapositiva.<\/td>\n<\/tr>\n<tr>\n<td>Dimensiones<\/td>\n<\/tr>\n<tr>\n<td>Remoto para presentaciones<\/td>\n<\/tr>\n<tr>\n<td>Altura x anchura x profundidad:<\/td>\n<\/tr>\n<tr>\n<td>131,3 mm x 28,1 mm x 12,1 mm<\/td>\n<\/tr>\n<tr>\n<td>Peso: 49,2 g incluida batera<\/td>\n<\/tr>\n<tr>\n<td>Receptor<\/td>\n<\/tr>\n<tr>\n<td>Altura x anchura x profundidad:<\/td>\n<\/tr>\n<tr>\n<td>40,4 mm x 17,2 mm x 6,8 mm<\/td>\n<\/tr>\n<tr>\n<td>Peso: 3,3 g<\/td>\n<\/tr>\n<tr>\n<td>Longitud de cable de carga<\/td>\n<\/tr>\n<tr>\n<td>140 mm<\/td>\n<\/tr>\n<tr>\n<td>Requisitos del sistema<\/td>\n<\/tr>\n<tr>\n<td>Bluetooth\u00ae smart:<\/td>\n<\/tr>\n<tr>\n<td>Windows\u00ae 10 o posterior, windows 8<\/td>\n<\/tr>\n<tr>\n<td>Macos x 10.10 o posterior<\/td>\n<\/tr>\n<tr>\n<td>Funcionalidad limitada sin software:<\/td>\n<\/tr>\n<tr>\n<td>Chrome os\u00bf<\/td>\n<\/tr>\n<tr>\n<td>Android\u00bf 5.0 o posterior<\/td>\n<\/tr>\n<tr>\n<td>Receptor exclusivo de logitech:<\/td>\n<\/tr>\n<tr>\n<td>Windows 10 o posterior, windows 8, windows 7<\/td>\n<\/tr>\n<tr>\n<td>Macos x 10.10 o posterior<\/td>\n<\/tr>\n<tr>\n<td>Funcionalidad limitada sin software:<\/td>\n<\/tr>\n<tr>\n<td>Chrome os<\/td>\n<\/tr>\n<tr>\n<td>Linux\u00ae<\/td>\n<\/tr>\n<tr>\n<td>Especificaciones<\/td>\n<\/tr>\n<tr>\n<td>Tipo de conexin: conexin inalmbrica bluetooth y de 2,4 ghz<\/td>\n<\/tr>\n<tr>\n<td>Alcance inalmbrico: 30 m<\/td>\n<\/tr>\n<tr>\n<td> depende del uso y del equipo.<\/td>\n<\/tr>\n<tr>\n<td>Indicadores luminosos led: led de batera y conectividad<\/td>\n<\/tr>\n<tr>\n<td>Detalles de la batera: recargable de polmero de litio, 85mah<\/td>\n<\/tr>\n<tr>\n<td>Duracin de la batera recargable: 3 meses<\/td>\n<\/tr>\n<tr>\n<td> depende del uso y del equipo.<\/td>\n<\/tr>\n<tr>\n<td>Longitud del cable: 140 mm<\/td>\n<\/tr>\n<tr>\n<td>Sensor: acelermetro y giroscopio 3d<\/td>\n<\/tr>\n<tr>\n<td>Tecnologa de sensor: sensor de movimiento<\/td>\n<\/tr>\n<tr>\n<td>Esta caja contiene<\/td>\n<\/tr>\n<tr>\n<td>Remoto para presentaciones<\/td>\n<\/tr>\n<tr>\n<td>Receptor exclusivo<\/td>\n<\/tr>\n<tr>\n<td>Documentacin del usuario<\/td>\n<\/tr>\n<tr>\n<td>Cable de carga<\/td>\n<\/tr>\n<tr>\n<td>Funda<\/td>\n<\/tr>\n<tr>\n<td>Informacin de garanta<\/td>\n<\/tr>\n<tr>\n<td>Dos aos de garanta de hardware limitada<\/td>\n<\/tr>\n<tr>\n<td>Nmero de referencia.<\/td>\n<\/tr>\n<tr>\n<td>Plateado: n\u00ba de referencia: 910-004654.<\/td>\n<\/tr>\n<\/table>\n","protected":false},"excerpt":{"rendered":"<p>Haz de tus presentaciones algo extraordinario con spotligtht el control remoto inalmbrico mas avanzado, va ms all del sealamiento por lser para que puedas interactuar con el contenido de la pantalla, resalta o ampla con precisin el contenido especfico directamente en la pantalla con el simple toque de un botn. Haz un seguimiento del tiempo de presentacin y configura las alertas de vibracin para permanecer en el comando hasta tu deslizamiento final. Navega por las diapositivas sin mirar hacia abajo con los botones intuitivos de avance y retroceso. Compatibilidad universal en la mayora de los dispositivos, sistemas operativos y software de presentacin lder, como windows, mac os, powerpoint, keynote, pdf, google slides y prezi.<\/p>\n","protected":false},"featured_media":246655,"comment_status":"open","ping_status":"open","template":"","meta":[],"product_cat":[1498,1499],"product_tag":[1500],"acf":[],"yoast_head":"<!-- This site is optimized with the Yoast SEO plugin v21.7 - https:\/\/yoast.com\/wordpress\/plugins\/seo\/ -->\n<title>[ Logitech ] &#129351; 910-005216 Presentador Spotlight Inalambrico Recargable Gris<\/title>\n<meta name=\"description\" content=\"Compra 910-005216 Presentador Spotlight Inalambrico Recargable Gris + Env\u00edo a domicilio + Pago seguro + Garant\u00eda\" \/>\n<meta name=\"robots\" content=\"index, follow, max-snippet:-1, max-image-preview:large, max-video-preview:-1\" \/>\n<link rel=\"canonical\" href=\"https:\/\/compuviper.mx\/tienda\/producto\/logitech-910-005216-presentador-spotlight-inalambrico-recargable-gris\/\" \/>\n<meta property=\"og:locale\" content=\"es_MX\" \/>\n<meta property=\"og:type\" content=\"article\" \/>\n<meta property=\"og:title\" content=\"[ Logitech ] &#129351; 910-005216 Presentador Spotlight Inalambrico Recargable Gris\" \/>\n<meta property=\"og:description\" content=\"Compra 910-005216 Presentador Spotlight Inalambrico Recargable Gris + Env\u00edo a domicilio + Pago seguro + Garant\u00eda\" \/>\n<meta property=\"og:url\" content=\"https:\/\/compuviper.mx\/tienda\/producto\/logitech-910-005216-presentador-spotlight-inalambrico-recargable-gris\/\" \/>\n<meta property=\"og:site_name\" content=\"Compuviper\" \/>\n<meta property=\"article:publisher\" content=\"https:\/\/www.facebook.com\/compuviper\" \/>\n<meta property=\"og:image\" content=\"https:\/\/compuviper.mx\/tienda\/wp-content\/uploads\/2024\/12\/Presentador-logitech-spotlight-inalambrico-recargable-gris.jpg\" \/>\n\t<meta property=\"og:image:width\" content=\"200\" \/>\n\t<meta property=\"og:image:height\" content=\"200\" \/>\n\t<meta property=\"og:image:type\" content=\"image\/jpeg\" \/>\n<meta name=\"twitter:card\" content=\"summary_large_image\" \/>\n<meta name=\"twitter:label1\" content=\"Precio\" \/>\n\t<meta name=\"twitter:data1\" content=\"&#36;2,351 &#36;1,674 con IVA\" \/>\n\t<meta name=\"twitter:label2\" content=\"Availability\" \/>\n\t<meta name=\"twitter:data2\" content=\"In stock\" \/>\n<script type=\"application\/ld+json\" class=\"yoast-schema-graph\">{\"@context\":\"https:\/\/schema.org\",\"@graph\":[{\"@type\":\"WebPage\",\"@id\":\"https:\/\/compuviper.mx\/tienda\/producto\/logitech-910-005216-presentador-spotlight-inalambrico-recargable-gris\/\",\"url\":\"https:\/\/compuviper.mx\/tienda\/producto\/logitech-910-005216-presentador-spotlight-inalambrico-recargable-gris\/\",\"name\":\"[ Logitech ] &#129351; 910-005216 Presentador Spotlight Inalambrico Recargable Gris\",\"isPartOf\":{\"@id\":\"https:\/\/compuviper.mx\/tienda\/#website\"},\"datePublished\":\"2026-04-07T05:27:20+00:00\",\"dateModified\":\"2026-04-07T05:27:20+00:00\",\"description\":\"Compra 910-005216 Presentador Spotlight Inalambrico Recargable Gris + Env\u00edo a domicilio + Pago seguro + Garant\u00eda\",\"breadcrumb\":{\"@id\":\"https:\/\/compuviper.mx\/tienda\/producto\/logitech-910-005216-presentador-spotlight-inalambrico-recargable-gris\/#breadcrumb\"},\"inLanguage\":\"es-MX\",\"potentialAction\":[{\"@type\":\"ReadAction\",\"target\":[\"https:\/\/compuviper.mx\/tienda\/producto\/logitech-910-005216-presentador-spotlight-inalambrico-recargable-gris\/\"]}]},{\"@type\":\"BreadcrumbList\",\"@id\":\"https:\/\/compuviper.mx\/tienda\/producto\/logitech-910-005216-presentador-spotlight-inalambrico-recargable-gris\/#breadcrumb\",\"itemListElement\":[{\"@type\":\"ListItem\",\"position\":1,\"name\":\"Inicio\",\"item\":\"https:\/\/compuviper.mx\/tienda\/\"},{\"@type\":\"ListItem\",\"position\":2,\"name\":\"Productos\",\"item\":\"https:\/\/compuviper.mx\/tienda\/productos\/\"},{\"@type\":\"ListItem\",\"position\":3,\"name\":\"Presentador\",\"item\":\"https:\/\/compuviper.mx\/tienda\/categoria-producto\/presentador\/\"},{\"@type\":\"ListItem\",\"position\":4,\"name\":\"Sin Categor\u00eda\",\"item\":\"https:\/\/compuviper.mx\/tienda\/categoria-producto\/presentador\/sin-categoria-presentador\/\"},{\"@type\":\"ListItem\",\"position\":5,\"name\":\"Logitech 910-005216 Presentador Spotlight Inalambrico Recargable Gris\"}]},{\"@type\":\"WebSite\",\"@id\":\"https:\/\/compuviper.mx\/tienda\/#website\",\"url\":\"https:\/\/compuviper.mx\/tienda\/\",\"name\":\"Compuviper\",\"description\":\"Proveedor de Computadoras, Laptops, Servidores, Monitores, Puntos de Venta, Teclados,   Impresoras, T\u00f3ner, C\u00e1maras de Seguridad y m\u00e1s en tu tienda en l\u00ednea\",\"publisher\":{\"@id\":\"https:\/\/compuviper.mx\/tienda\/#organization\"},\"potentialAction\":[{\"@type\":\"SearchAction\",\"target\":{\"@type\":\"EntryPoint\",\"urlTemplate\":\"https:\/\/compuviper.mx\/tienda\/?s={search_term_string}\"},\"query-input\":\"required name=search_term_string\"}],\"inLanguage\":\"es-MX\"},{\"@type\":\"Organization\",\"@id\":\"https:\/\/compuviper.mx\/tienda\/#organization\",\"name\":\"Compuviper\",\"url\":\"https:\/\/compuviper.mx\/tienda\/\",\"logo\":{\"@type\":\"ImageObject\",\"inLanguage\":\"es-MX\",\"@id\":\"https:\/\/compuviper.mx\/tienda\/#\/schema\/logo\/image\/\",\"url\":\"https:\/\/compuviper.mx\/tienda\/wp-content\/uploads\/2021\/08\/Logo-Compuviper-10.png\",\"contentUrl\":\"https:\/\/compuviper.mx\/tienda\/wp-content\/uploads\/2021\/08\/Logo-Compuviper-10.png\",\"width\":1000,\"height\":500,\"caption\":\"Compuviper\"},\"image\":{\"@id\":\"https:\/\/compuviper.mx\/tienda\/#\/schema\/logo\/image\/\"},\"sameAs\":[\"https:\/\/www.facebook.com\/compuviper\",\"https:\/\/www.youtube.com\/channel\/UCf73dERp9Y3cfOq7q8BhLjA?view_as=subscriber\"]}]}<\/script>\n<meta property=\"product:brand\" content=\"LOGITECH\" \/>\n<meta property=\"product:price:amount\" content=\"1674\" \/>\n<meta property=\"product:price:currency\" content=\"MXN\" \/>\n<meta property=\"og:availability\" content=\"instock\" \/>\n<meta property=\"product:availability\" content=\"instock\" \/>\n<meta property=\"product:retailer_item_id\" content=\"910-005216\" \/>\n<meta property=\"product:condition\" content=\"new\" \/>\n<!-- \/ Yoast SEO plugin. -->","yoast_head_json":{"title":"[ Logitech ] &#129351; 910-005216 Presentador Spotlight Inalambrico Recargable Gris","description":"Compra 910-005216 Presentador Spotlight Inalambrico Recargable Gris + Env\u00edo a domicilio + Pago seguro + Garant\u00eda","robots":{"index":"index","follow":"follow","max-snippet":"max-snippet:-1","max-image-preview":"max-image-preview:large","max-video-preview":"max-video-preview:-1"},"canonical":"https:\/\/compuviper.mx\/tienda\/producto\/logitech-910-005216-presentador-spotlight-inalambrico-recargable-gris\/","og_locale":"es_MX","og_type":"article","og_title":"[ Logitech ] &#129351; 910-005216 Presentador Spotlight Inalambrico Recargable Gris","og_description":"Compra 910-005216 Presentador Spotlight Inalambrico Recargable Gris + Env\u00edo a domicilio + Pago seguro + Garant\u00eda","og_url":"https:\/\/compuviper.mx\/tienda\/producto\/logitech-910-005216-presentador-spotlight-inalambrico-recargable-gris\/","og_site_name":"Compuviper","article_publisher":"https:\/\/www.facebook.com\/compuviper","og_image":[{"width":200,"height":200,"url":"https:\/\/compuviper.mx\/tienda\/wp-content\/uploads\/2024\/12\/Presentador-logitech-spotlight-inalambrico-recargable-gris.jpg","type":"image\/jpeg"}],"twitter_card":"summary_large_image","twitter_misc":{"Precio":"&#36;2,351 &#36;1,674 con IVA","Availability":"In stock"},"schema":{"@context":"https:\/\/schema.org","@graph":[{"@type":"WebPage","@id":"https:\/\/compuviper.mx\/tienda\/producto\/logitech-910-005216-presentador-spotlight-inalambrico-recargable-gris\/","url":"https:\/\/compuviper.mx\/tienda\/producto\/logitech-910-005216-presentador-spotlight-inalambrico-recargable-gris\/","name":"[ Logitech ] &#129351; 910-005216 Presentador Spotlight Inalambrico Recargable Gris","isPartOf":{"@id":"https:\/\/compuviper.mx\/tienda\/#website"},"datePublished":"2026-04-07T05:27:20+00:00","dateModified":"2026-04-07T05:27:20+00:00","description":"Compra 910-005216 Presentador Spotlight Inalambrico Recargable Gris + Env\u00edo a domicilio + Pago seguro + Garant\u00eda","breadcrumb":{"@id":"https:\/\/compuviper.mx\/tienda\/producto\/logitech-910-005216-presentador-spotlight-inalambrico-recargable-gris\/#breadcrumb"},"inLanguage":"es-MX","potentialAction":[{"@type":"ReadAction","target":["https:\/\/compuviper.mx\/tienda\/producto\/logitech-910-005216-presentador-spotlight-inalambrico-recargable-gris\/"]}]},{"@type":"BreadcrumbList","@id":"https:\/\/compuviper.mx\/tienda\/producto\/logitech-910-005216-presentador-spotlight-inalambrico-recargable-gris\/#breadcrumb","itemListElement":[{"@type":"ListItem","position":1,"name":"Inicio","item":"https:\/\/compuviper.mx\/tienda\/"},{"@type":"ListItem","position":2,"name":"Productos","item":"https:\/\/compuviper.mx\/tienda\/productos\/"},{"@type":"ListItem","position":3,"name":"Presentador","item":"https:\/\/compuviper.mx\/tienda\/categoria-producto\/presentador\/"},{"@type":"ListItem","position":4,"name":"Sin Categor\u00eda","item":"https:\/\/compuviper.mx\/tienda\/categoria-producto\/presentador\/sin-categoria-presentador\/"},{"@type":"ListItem","position":5,"name":"Logitech 910-005216 Presentador Spotlight Inalambrico Recargable Gris"}]},{"@type":"WebSite","@id":"https:\/\/compuviper.mx\/tienda\/#website","url":"https:\/\/compuviper.mx\/tienda\/","name":"Compuviper","description":"Proveedor de Computadoras, Laptops, Servidores, Monitores, Puntos de Venta, Teclados,   Impresoras, T\u00f3ner, C\u00e1maras de Seguridad y m\u00e1s en tu tienda en l\u00ednea","publisher":{"@id":"https:\/\/compuviper.mx\/tienda\/#organization"},"potentialAction":[{"@type":"SearchAction","target":{"@type":"EntryPoint","urlTemplate":"https:\/\/compuviper.mx\/tienda\/?s={search_term_string}"},"query-input":"required name=search_term_string"}],"inLanguage":"es-MX"},{"@type":"Organization","@id":"https:\/\/compuviper.mx\/tienda\/#organization","name":"Compuviper","url":"https:\/\/compuviper.mx\/tienda\/","logo":{"@type":"ImageObject","inLanguage":"es-MX","@id":"https:\/\/compuviper.mx\/tienda\/#\/schema\/logo\/image\/","url":"https:\/\/compuviper.mx\/tienda\/wp-content\/uploads\/2021\/08\/Logo-Compuviper-10.png","contentUrl":"https:\/\/compuviper.mx\/tienda\/wp-content\/uploads\/2021\/08\/Logo-Compuviper-10.png","width":1000,"height":500,"caption":"Compuviper"},"image":{"@id":"https:\/\/compuviper.mx\/tienda\/#\/schema\/logo\/image\/"},"sameAs":["https:\/\/www.facebook.com\/compuviper","https:\/\/www.youtube.com\/channel\/UCf73dERp9Y3cfOq7q8BhLjA?view_as=subscriber"]}]},"product_brand":"LOGITECH","product_price_amount":"1674","product_price_currency":"MXN","og_availability":"instock","product_availability":"instock","product_retailer_item_id":"910-005216","product_condition":"new"},"_links":{"self":[{"href":"https:\/\/compuviper.mx\/tienda\/wp-json\/wp\/v2\/product\/246654"}],"collection":[{"href":"https:\/\/compuviper.mx\/tienda\/wp-json\/wp\/v2\/product"}],"about":[{"href":"https:\/\/compuviper.mx\/tienda\/wp-json\/wp\/v2\/types\/product"}],"replies":[{"embeddable":true,"href":"https:\/\/compuviper.mx\/tienda\/wp-json\/wp\/v2\/comments?post=246654"}],"wp:featuredmedia":[{"embeddable":true,"href":"https:\/\/compuviper.mx\/tienda\/wp-json\/wp\/v2\/media\/246655"}],"wp:attachment":[{"href":"https:\/\/compuviper.mx\/tienda\/wp-json\/wp\/v2\/media?parent=246654"}],"wp:term":[{"taxonomy":"product_cat","embeddable":true,"href":"https:\/\/compuviper.mx\/tienda\/wp-json\/wp\/v2\/product_cat?post=246654"},{"taxonomy":"product_tag","embeddable":true,"href":"https:\/\/compuviper.mx\/tienda\/wp-json\/wp\/v2\/product_tag?post=246654"}],"curies":[{"name":"wp","href":"https:\/\/api.w.org\/{rel}","templated":true}]}}