{"id":246624,"date":"2026-04-21T00:18:19","date_gmt":"2026-04-21T06:18:19","guid":{"rendered":"https:\/\/compuviper.mx\/tienda\/producto\/hikvision-ds-u02p-camara-web-alta-denificin-1080p-con-autoenfoque-giro-360-gran-angular-microfono-integrado-conector-usb-facil-de-instalar-reduccion-de-ruido-inteligente\/"},"modified":"2026-04-21T00:18:19","modified_gmt":"2026-04-21T06:18:19","slug":"hikvision-ds-u02p6931847150686-camara-web-alta-denificin-1080p-con-autoenfoque-giro-360-gran-angular-microfono-integrado-conector-usb-facil-de-instalar-reduccion-de-ruido-inteligente","status":"publish","type":"product","link":"https:\/\/compuviper.mx\/tienda\/producto\/hikvision-ds-u02p6931847150686-camara-web-alta-denificin-1080p-con-autoenfoque-giro-360-gran-angular-microfono-integrado-conector-usb-facil-de-instalar-reduccion-de-ruido-inteligente\/","title":{"rendered":"Hikvision Ds-u02p,6931847150686 Camara Web Alta Denifici?n (1080p) Con Autoenfoque \/ Giro 360? \/ Gran Angular \/ Microfono Integrado \/ Conector Usb \/ Facil De Instalar \/ Reduccion De Ruido Inteligente"},"content":{"rendered":"<table class=\"descripcion\">\n<tr>\n<td>Caractersticas principales:<\/td>\n<\/tr>\n<tr>\n<td>Imgenes de alta calidad con resolucin de 2 megapixel 1920  1080.<\/td>\n<\/tr>\n<tr>\n<td>Lente de baja distorsin<\/td>\n<\/tr>\n<tr>\n<td>Autoenfoque rpido<\/td>\n<\/tr>\n<tr>\n<td>Iluminacin mnima: 0.1 lux @ f1.2, agc on<\/td>\n<\/tr>\n<tr>\n<td>Micrfono incorporado con sonido claro<\/td>\n<\/tr>\n<tr>\n<td>\u00e1ngulo de visin: 80\u00b0 horizontal \/ 50\u00b0 vertical<\/td>\n<\/tr>\n<tr>\n<td>Giro de la cmara: 360\u00b0 horizontal \/ -15\u00b0 a 15\u00b0 vertical<\/td>\n<\/tr>\n<tr>\n<td>No es compatible con los sistemas de grabacin \/ visualizacin hikvision dvr,nvr,app<\/td>\n<\/tr>\n<tr>\n<td>Compatible con sistemas de videoconferencia en windows, mac y andriod<\/td>\n<\/tr>\n<tr>\n<td>Caractersticas fsicas y elctricas:<\/td>\n<\/tr>\n<tr>\n<td>Conector: usb 2.0 \/ plug-and-play<\/td>\n<\/tr>\n<tr>\n<td>Longitud del cable: 1.5 metros interconstruido<\/td>\n<\/tr>\n<tr>\n<td>Temperatura de operacin -10\u00b0c a 40\u00b0c humedad al 90<\/td>\n<\/tr>\n<tr>\n<td>Alimentacin 5 vcc \/ 1.2 watt max..<\/td>\n<\/tr>\n<tr>\n<td>Dimensiones: 80.16 mm x 48.6 mm x 42.18 mm<\/td>\n<\/tr>\n<tr>\n<td>Peso: 89 gramos.<\/td>\n<\/tr>\n<tr>\n<td>Longitud del cable: 1.5 metros.<\/td>\n<\/tr>\n<\/table>\n","protected":false},"excerpt":{"rendered":"<p>Imgenes 2mp con resolucin de 1920 x 1080. Lente de baja distorsin con autoenfoque rpido. Iluminacin mnima: 0.1 lux @ f1.2. \u00e1ngulo de visin: 80\u00b0 horizontal, 50\u00b0 vertical. Compatible videoconferencia en windows, mac y android<\/p>\n","protected":false},"featured_media":259354,"comment_status":"open","ping_status":"open","template":"","meta":[],"product_cat":[1608,1682],"product_tag":[1595],"acf":[],"yoast_head":"<!-- This site is optimized with the Yoast SEO plugin v21.7 - https:\/\/yoast.com\/wordpress\/plugins\/seo\/ -->\n<title>[ Hikvision ] &#129351; Ds-u02p,6931847150686 Camara Web Alta Denifici\u00f3n (1080p) Con Autoenfoque \/ Giro 360\u00b0 \/ Gran Angular \/ Microfono Integrado \/ Conector Usb \/ Facil De Instalar \/ Reduccion De Ruido Inteligente<\/title>\n<meta name=\"description\" content=\"Compra Ds-u02p,6931847150686 Camara Web Alta Denifici\u00f3n (1080p) Con Autoenfoque \/ Giro 360\u00b0 \/ Gran Angular \/ Microfono Integrado \/ Conector Usb \/ Facil De Instalar \/ Reduccion De Ruido Inteligente + Env\u00edo a domicilio + Pago seguro + Garant\u00eda\" \/>\n<meta name=\"robots\" content=\"index, follow, max-snippet:-1, max-image-preview:large, max-video-preview:-1\" \/>\n<link rel=\"canonical\" href=\"https:\/\/compuviper.mx\/tienda\/producto\/hikvision-ds-u02p6931847150686-camara-web-alta-denificin-1080p-con-autoenfoque-giro-360-gran-angular-microfono-integrado-conector-usb-facil-de-instalar-reduccion-de-ruido-inteligente\/\" \/>\n<meta property=\"og:locale\" content=\"es_MX\" \/>\n<meta property=\"og:type\" content=\"article\" \/>\n<meta property=\"og:title\" content=\"[ Hikvision ] &#129351; Ds-u02p,6931847150686 Camara Web Alta Denifici\u00f3n (1080p) Con Autoenfoque \/ Giro 360\u00b0 \/ Gran Angular \/ Microfono Integrado \/ Conector Usb \/ Facil De Instalar \/ Reduccion De Ruido Inteligente\" \/>\n<meta property=\"og:description\" content=\"Compra Ds-u02p,6931847150686 Camara Web Alta Denifici\u00f3n (1080p) Con Autoenfoque \/ Giro 360\u00b0 \/ Gran Angular \/ Microfono Integrado \/ Conector Usb \/ Facil De Instalar \/ Reduccion De Ruido Inteligente + Env\u00edo a domicilio + Pago seguro + Garant\u00eda\" \/>\n<meta property=\"og:url\" content=\"https:\/\/compuviper.mx\/tienda\/producto\/hikvision-ds-u02p6931847150686-camara-web-alta-denificin-1080p-con-autoenfoque-giro-360-gran-angular-microfono-integrado-conector-usb-facil-de-instalar-reduccion-de-ruido-inteligente\/\" \/>\n<meta property=\"og:site_name\" content=\"Compuviper\" \/>\n<meta property=\"article:publisher\" content=\"https:\/\/www.facebook.com\/compuviper\" \/>\n<meta property=\"og:image\" content=\"https:\/\/compuviper.mx\/tienda\/wp-content\/uploads\/2025\/10\/Camara-web-alta-denificion-1080p-con-autoenfoque-giro-360\u00b0-gran-angular-microfono-integrado-conector-usb-facil-de-instalar-reduccion-de-ruido-inteligente.jpg\" \/>\n\t<meta property=\"og:image:width\" content=\"200\" \/>\n\t<meta property=\"og:image:height\" content=\"200\" \/>\n\t<meta property=\"og:image:type\" content=\"image\/jpeg\" \/>\n<meta name=\"twitter:card\" content=\"summary_large_image\" \/>\n<meta name=\"twitter:label1\" content=\"Precio\" \/>\n\t<meta name=\"twitter:data1\" content=\"&#36;572 con IVA\" \/>\n\t<meta name=\"twitter:label2\" content=\"Availability\" \/>\n\t<meta name=\"twitter:data2\" content=\"On backorder\" \/>\n<script type=\"application\/ld+json\" class=\"yoast-schema-graph\">{\"@context\":\"https:\/\/schema.org\",\"@graph\":[{\"@type\":\"WebPage\",\"@id\":\"https:\/\/compuviper.mx\/tienda\/producto\/hikvision-ds-u02p6931847150686-camara-web-alta-denificin-1080p-con-autoenfoque-giro-360-gran-angular-microfono-integrado-conector-usb-facil-de-instalar-reduccion-de-ruido-inteligente\/\",\"url\":\"https:\/\/compuviper.mx\/tienda\/producto\/hikvision-ds-u02p6931847150686-camara-web-alta-denificin-1080p-con-autoenfoque-giro-360-gran-angular-microfono-integrado-conector-usb-facil-de-instalar-reduccion-de-ruido-inteligente\/\",\"name\":\"[ Hikvision ] &#129351; Ds-u02p,6931847150686 Camara Web Alta Denifici\u00f3n (1080p) Con Autoenfoque \/ Giro 360\u00b0 \/ Gran Angular \/ Microfono Integrado \/ Conector Usb \/ Facil De Instalar \/ Reduccion De Ruido Inteligente\",\"isPartOf\":{\"@id\":\"https:\/\/compuviper.mx\/tienda\/#website\"},\"datePublished\":\"2026-04-21T06:18:19+00:00\",\"dateModified\":\"2026-04-21T06:18:19+00:00\",\"description\":\"Compra Ds-u02p,6931847150686 Camara Web Alta Denifici\u00f3n (1080p) Con Autoenfoque \/ Giro 360\u00b0 \/ Gran Angular \/ Microfono Integrado \/ Conector Usb \/ Facil De Instalar \/ Reduccion De Ruido Inteligente + Env\u00edo a domicilio + Pago seguro + Garant\u00eda\",\"breadcrumb\":{\"@id\":\"https:\/\/compuviper.mx\/tienda\/producto\/hikvision-ds-u02p6931847150686-camara-web-alta-denificin-1080p-con-autoenfoque-giro-360-gran-angular-microfono-integrado-conector-usb-facil-de-instalar-reduccion-de-ruido-inteligente\/#breadcrumb\"},\"inLanguage\":\"es-MX\",\"potentialAction\":[{\"@type\":\"ReadAction\",\"target\":[\"https:\/\/compuviper.mx\/tienda\/producto\/hikvision-ds-u02p6931847150686-camara-web-alta-denificin-1080p-con-autoenfoque-giro-360-gran-angular-microfono-integrado-conector-usb-facil-de-instalar-reduccion-de-ruido-inteligente\/\"]}]},{\"@type\":\"BreadcrumbList\",\"@id\":\"https:\/\/compuviper.mx\/tienda\/producto\/hikvision-ds-u02p6931847150686-camara-web-alta-denificin-1080p-con-autoenfoque-giro-360-gran-angular-microfono-integrado-conector-usb-facil-de-instalar-reduccion-de-ruido-inteligente\/#breadcrumb\",\"itemListElement\":[{\"@type\":\"ListItem\",\"position\":1,\"name\":\"Inicio\",\"item\":\"https:\/\/compuviper.mx\/tienda\/\"},{\"@type\":\"ListItem\",\"position\":2,\"name\":\"Productos\",\"item\":\"https:\/\/compuviper.mx\/tienda\/productos\/\"},{\"@type\":\"ListItem\",\"position\":3,\"name\":\"Camaras\",\"item\":\"https:\/\/compuviper.mx\/tienda\/categoria-producto\/camaras-2\/\"},{\"@type\":\"ListItem\",\"position\":4,\"name\":\"Camara Web\",\"item\":\"https:\/\/compuviper.mx\/tienda\/categoria-producto\/camaras-2\/camara-web\/\"},{\"@type\":\"ListItem\",\"position\":5,\"name\":\"Hikvision Ds-u02p,6931847150686 Camara Web Alta Denifici?n (1080p) Con Autoenfoque \/ Giro 360? \/ Gran Angular \/ Microfono Integrado \/ Conector Usb \/ Facil De Instalar \/ Reduccion De Ruido Inteligente\"}]},{\"@type\":\"WebSite\",\"@id\":\"https:\/\/compuviper.mx\/tienda\/#website\",\"url\":\"https:\/\/compuviper.mx\/tienda\/\",\"name\":\"Compuviper\",\"description\":\"Proveedor de Computadoras, Laptops, Servidores, Monitores, Puntos de Venta, Teclados,   Impresoras, T\u00f3ner, C\u00e1maras de Seguridad y m\u00e1s en tu tienda en l\u00ednea\",\"publisher\":{\"@id\":\"https:\/\/compuviper.mx\/tienda\/#organization\"},\"potentialAction\":[{\"@type\":\"SearchAction\",\"target\":{\"@type\":\"EntryPoint\",\"urlTemplate\":\"https:\/\/compuviper.mx\/tienda\/?s={search_term_string}\"},\"query-input\":\"required name=search_term_string\"}],\"inLanguage\":\"es-MX\"},{\"@type\":\"Organization\",\"@id\":\"https:\/\/compuviper.mx\/tienda\/#organization\",\"name\":\"Compuviper\",\"url\":\"https:\/\/compuviper.mx\/tienda\/\",\"logo\":{\"@type\":\"ImageObject\",\"inLanguage\":\"es-MX\",\"@id\":\"https:\/\/compuviper.mx\/tienda\/#\/schema\/logo\/image\/\",\"url\":\"https:\/\/compuviper.mx\/tienda\/wp-content\/uploads\/2021\/08\/Logo-Compuviper-10.png\",\"contentUrl\":\"https:\/\/compuviper.mx\/tienda\/wp-content\/uploads\/2021\/08\/Logo-Compuviper-10.png\",\"width\":1000,\"height\":500,\"caption\":\"Compuviper\"},\"image\":{\"@id\":\"https:\/\/compuviper.mx\/tienda\/#\/schema\/logo\/image\/\"},\"sameAs\":[\"https:\/\/www.facebook.com\/compuviper\",\"https:\/\/www.youtube.com\/channel\/UCf73dERp9Y3cfOq7q8BhLjA?view_as=subscriber\"]}]}<\/script>\n<meta property=\"product:brand\" content=\"HIKVISION\" \/>\n<meta property=\"product:price:amount\" content=\"572\" \/>\n<meta property=\"product:price:currency\" content=\"MXN\" \/>\n<meta property=\"og:availability\" content=\"backorder\" \/>\n<meta property=\"product:availability\" content=\"available for order\" \/>\n<meta property=\"product:retailer_item_id\" content=\"DS-U02P,6931847150686\" \/>\n<meta property=\"product:condition\" content=\"new\" \/>\n<!-- \/ Yoast SEO plugin. -->","yoast_head_json":{"title":"[ Hikvision ] &#129351; Ds-u02p,6931847150686 Camara Web Alta Denifici\u00f3n (1080p) Con Autoenfoque \/ Giro 360\u00b0 \/ Gran Angular \/ Microfono Integrado \/ Conector Usb \/ Facil De Instalar \/ Reduccion De Ruido Inteligente","description":"Compra Ds-u02p,6931847150686 Camara Web Alta Denifici\u00f3n (1080p) Con Autoenfoque \/ Giro 360\u00b0 \/ Gran Angular \/ Microfono Integrado \/ Conector Usb \/ Facil De Instalar \/ Reduccion De Ruido Inteligente + Env\u00edo a domicilio + Pago seguro + Garant\u00eda","robots":{"index":"index","follow":"follow","max-snippet":"max-snippet:-1","max-image-preview":"max-image-preview:large","max-video-preview":"max-video-preview:-1"},"canonical":"https:\/\/compuviper.mx\/tienda\/producto\/hikvision-ds-u02p6931847150686-camara-web-alta-denificin-1080p-con-autoenfoque-giro-360-gran-angular-microfono-integrado-conector-usb-facil-de-instalar-reduccion-de-ruido-inteligente\/","og_locale":"es_MX","og_type":"article","og_title":"[ Hikvision ] &#129351; Ds-u02p,6931847150686 Camara Web Alta Denifici\u00f3n (1080p) Con Autoenfoque \/ Giro 360\u00b0 \/ Gran Angular \/ Microfono Integrado \/ Conector Usb \/ Facil De Instalar \/ Reduccion De Ruido Inteligente","og_description":"Compra Ds-u02p,6931847150686 Camara Web Alta Denifici\u00f3n (1080p) Con Autoenfoque \/ Giro 360\u00b0 \/ Gran Angular \/ Microfono Integrado \/ Conector Usb \/ Facil De Instalar \/ Reduccion De Ruido Inteligente + Env\u00edo a domicilio + Pago seguro + Garant\u00eda","og_url":"https:\/\/compuviper.mx\/tienda\/producto\/hikvision-ds-u02p6931847150686-camara-web-alta-denificin-1080p-con-autoenfoque-giro-360-gran-angular-microfono-integrado-conector-usb-facil-de-instalar-reduccion-de-ruido-inteligente\/","og_site_name":"Compuviper","article_publisher":"https:\/\/www.facebook.com\/compuviper","og_image":[{"width":200,"height":200,"url":"https:\/\/compuviper.mx\/tienda\/wp-content\/uploads\/2025\/10\/Camara-web-alta-denificion-1080p-con-autoenfoque-giro-360\u00b0-gran-angular-microfono-integrado-conector-usb-facil-de-instalar-reduccion-de-ruido-inteligente.jpg","type":"image\/jpeg"}],"twitter_card":"summary_large_image","twitter_misc":{"Precio":"&#36;572 con IVA","Availability":"On backorder"},"schema":{"@context":"https:\/\/schema.org","@graph":[{"@type":"WebPage","@id":"https:\/\/compuviper.mx\/tienda\/producto\/hikvision-ds-u02p6931847150686-camara-web-alta-denificin-1080p-con-autoenfoque-giro-360-gran-angular-microfono-integrado-conector-usb-facil-de-instalar-reduccion-de-ruido-inteligente\/","url":"https:\/\/compuviper.mx\/tienda\/producto\/hikvision-ds-u02p6931847150686-camara-web-alta-denificin-1080p-con-autoenfoque-giro-360-gran-angular-microfono-integrado-conector-usb-facil-de-instalar-reduccion-de-ruido-inteligente\/","name":"[ Hikvision ] &#129351; Ds-u02p,6931847150686 Camara Web Alta Denifici\u00f3n (1080p) Con Autoenfoque \/ Giro 360\u00b0 \/ Gran Angular \/ Microfono Integrado \/ Conector Usb \/ Facil De Instalar \/ Reduccion De Ruido Inteligente","isPartOf":{"@id":"https:\/\/compuviper.mx\/tienda\/#website"},"datePublished":"2026-04-21T06:18:19+00:00","dateModified":"2026-04-21T06:18:19+00:00","description":"Compra Ds-u02p,6931847150686 Camara Web Alta Denifici\u00f3n (1080p) Con Autoenfoque \/ Giro 360\u00b0 \/ Gran Angular \/ Microfono Integrado \/ Conector Usb \/ Facil De Instalar \/ Reduccion De Ruido Inteligente + Env\u00edo a domicilio + Pago seguro + Garant\u00eda","breadcrumb":{"@id":"https:\/\/compuviper.mx\/tienda\/producto\/hikvision-ds-u02p6931847150686-camara-web-alta-denificin-1080p-con-autoenfoque-giro-360-gran-angular-microfono-integrado-conector-usb-facil-de-instalar-reduccion-de-ruido-inteligente\/#breadcrumb"},"inLanguage":"es-MX","potentialAction":[{"@type":"ReadAction","target":["https:\/\/compuviper.mx\/tienda\/producto\/hikvision-ds-u02p6931847150686-camara-web-alta-denificin-1080p-con-autoenfoque-giro-360-gran-angular-microfono-integrado-conector-usb-facil-de-instalar-reduccion-de-ruido-inteligente\/"]}]},{"@type":"BreadcrumbList","@id":"https:\/\/compuviper.mx\/tienda\/producto\/hikvision-ds-u02p6931847150686-camara-web-alta-denificin-1080p-con-autoenfoque-giro-360-gran-angular-microfono-integrado-conector-usb-facil-de-instalar-reduccion-de-ruido-inteligente\/#breadcrumb","itemListElement":[{"@type":"ListItem","position":1,"name":"Inicio","item":"https:\/\/compuviper.mx\/tienda\/"},{"@type":"ListItem","position":2,"name":"Productos","item":"https:\/\/compuviper.mx\/tienda\/productos\/"},{"@type":"ListItem","position":3,"name":"Camaras","item":"https:\/\/compuviper.mx\/tienda\/categoria-producto\/camaras-2\/"},{"@type":"ListItem","position":4,"name":"Camara Web","item":"https:\/\/compuviper.mx\/tienda\/categoria-producto\/camaras-2\/camara-web\/"},{"@type":"ListItem","position":5,"name":"Hikvision Ds-u02p,6931847150686 Camara Web Alta Denifici?n (1080p) Con Autoenfoque \/ Giro 360? \/ Gran Angular \/ Microfono Integrado \/ Conector Usb \/ Facil De Instalar \/ Reduccion De Ruido Inteligente"}]},{"@type":"WebSite","@id":"https:\/\/compuviper.mx\/tienda\/#website","url":"https:\/\/compuviper.mx\/tienda\/","name":"Compuviper","description":"Proveedor de Computadoras, Laptops, Servidores, Monitores, Puntos de Venta, Teclados,   Impresoras, T\u00f3ner, C\u00e1maras de Seguridad y m\u00e1s en tu tienda en l\u00ednea","publisher":{"@id":"https:\/\/compuviper.mx\/tienda\/#organization"},"potentialAction":[{"@type":"SearchAction","target":{"@type":"EntryPoint","urlTemplate":"https:\/\/compuviper.mx\/tienda\/?s={search_term_string}"},"query-input":"required name=search_term_string"}],"inLanguage":"es-MX"},{"@type":"Organization","@id":"https:\/\/compuviper.mx\/tienda\/#organization","name":"Compuviper","url":"https:\/\/compuviper.mx\/tienda\/","logo":{"@type":"ImageObject","inLanguage":"es-MX","@id":"https:\/\/compuviper.mx\/tienda\/#\/schema\/logo\/image\/","url":"https:\/\/compuviper.mx\/tienda\/wp-content\/uploads\/2021\/08\/Logo-Compuviper-10.png","contentUrl":"https:\/\/compuviper.mx\/tienda\/wp-content\/uploads\/2021\/08\/Logo-Compuviper-10.png","width":1000,"height":500,"caption":"Compuviper"},"image":{"@id":"https:\/\/compuviper.mx\/tienda\/#\/schema\/logo\/image\/"},"sameAs":["https:\/\/www.facebook.com\/compuviper","https:\/\/www.youtube.com\/channel\/UCf73dERp9Y3cfOq7q8BhLjA?view_as=subscriber"]}]},"product_brand":"HIKVISION","product_price_amount":"572","product_price_currency":"MXN","og_availability":"backorder","product_availability":"available for order","product_retailer_item_id":"DS-U02P,6931847150686","product_condition":"new"},"_links":{"self":[{"href":"https:\/\/compuviper.mx\/tienda\/wp-json\/wp\/v2\/product\/246624"}],"collection":[{"href":"https:\/\/compuviper.mx\/tienda\/wp-json\/wp\/v2\/product"}],"about":[{"href":"https:\/\/compuviper.mx\/tienda\/wp-json\/wp\/v2\/types\/product"}],"replies":[{"embeddable":true,"href":"https:\/\/compuviper.mx\/tienda\/wp-json\/wp\/v2\/comments?post=246624"}],"wp:featuredmedia":[{"embeddable":true,"href":"https:\/\/compuviper.mx\/tienda\/wp-json\/wp\/v2\/media\/259354"}],"wp:attachment":[{"href":"https:\/\/compuviper.mx\/tienda\/wp-json\/wp\/v2\/media?parent=246624"}],"wp:term":[{"taxonomy":"product_cat","embeddable":true,"href":"https:\/\/compuviper.mx\/tienda\/wp-json\/wp\/v2\/product_cat?post=246624"},{"taxonomy":"product_tag","embeddable":true,"href":"https:\/\/compuviper.mx\/tienda\/wp-json\/wp\/v2\/product_tag?post=246624"}],"curies":[{"name":"wp","href":"https:\/\/api.w.org\/{rel}","templated":true}]}}