{"id":246542,"date":"2026-04-23T02:01:58","date_gmt":"2026-04-23T08:01:58","guid":{"rendered":"https:\/\/compuviper.mx\/tienda\/producto\/perfect-choice-pc-113317-bocina-portatil-inalambrica-hasta-35-horas-de-reproduccion-funcion-llamada-y-manos-libres-sugary-azul\/"},"modified":"2026-04-23T02:01:58","modified_gmt":"2026-04-23T08:01:58","slug":"perfect-choice-pc-113317-bocina-portatil-inalambrica-hasta-35-horas-de-reproduccion-funcion-llamada-y-manos-libres-sugary-azul","status":"publish","type":"product","link":"https:\/\/compuviper.mx\/tienda\/producto\/perfect-choice-pc-113317-bocina-portatil-inalambrica-hasta-35-horas-de-reproduccion-funcion-llamada-y-manos-libres-sugary-azul\/","title":{"rendered":"Perfect Choice Pc-113317 Bocina Portatil Inalambrica, Hasta 35 Horas De Reproduccion, Funcion Llamada Y Manos Libres, Sugary  Azul"},"content":{"rendered":"<table class=\"descripcion\">\n<tr>\n<td>Especificaciones tcnicas<\/td>\n<\/tr>\n<tr>\n<td> voltaje de entrada: 5v cc 1 a<\/td>\n<\/tr>\n<tr>\n<td> conector de carga: tipo c<\/td>\n<\/tr>\n<tr>\n<td> batera: bocina 2200 mah<\/td>\n<\/tr>\n<tr>\n<td> duracin de la batera: hasta 35 horas vol.70, 6h 100<\/td>\n<\/tr>\n<tr>\n<td> tamao de cono: 52mm<\/td>\n<\/tr>\n<tr>\n<td> potencia de salida: 10w pmpo &#8211; 8w rms<\/td>\n<\/tr>\n<tr>\n<td> perfiles soportados: mp3 \/ wav \/ flac<\/td>\n<\/tr>\n<tr>\n<td> versin de bluetooth: 5.4 bajo consumo<\/td>\n<\/tr>\n<tr>\n<td> rango de operacin:10m<\/td>\n<\/tr>\n<tr>\n<td> modos soportados: usb\/aux\/ and 1074; and 1090;<\/td>\n<\/tr>\n<tr>\n<td> proteccin: ipx6<\/td>\n<\/tr>\n<tr>\n<td>Medidas de producto<\/td>\n<\/tr>\n<tr>\n<td> medidas: 11.5 x 5.5 x 8 cm<\/td>\n<\/tr>\n<tr>\n<td> peso: 290 g<\/td>\n<\/tr>\n<\/table>\n","protected":false},"excerpt":{"rendered":"<p>Elegante y moderna, es perfecta para cualquier ambiente. Su asistente de voz integrado te facilita el control de tus dispositivos y la gestin de tus tareas diarias. Disfruta de hasta 35 horas de tu msica favorita con una sola carga. La proteccin ipx asegura que el agua no sea un problema, hacindola ideal para actividades al aire libre. Con su sujetador incluido, puedes colocarla fcilmente en cualquier lugar. Su sonido hq ofrece una claridad y potencia que llenar cualquier espacio<\/p>\n","protected":false},"featured_media":260849,"comment_status":"open","ping_status":"open","template":"","meta":[],"product_cat":[1817,1823],"product_tag":[1513],"acf":[],"yoast_head":"<!-- This site is optimized with the Yoast SEO plugin v21.7 - https:\/\/yoast.com\/wordpress\/plugins\/seo\/ -->\n<title>[ Perfect Choice ] &#129351; Pc-113317 Bocina Portatil Inalambrica, Hasta 35 Horas De Reproduccion, Funcion Llamada Y Manos Libres, Sugary Azul<\/title>\n<meta name=\"description\" content=\"Compra Pc-113317 Bocina Portatil Inalambrica, Hasta 35 Horas De Reproduccion, Funcion Llamada Y Manos Libres, Sugary Azul + Env\u00edo a domicilio + Pago seguro + Garant\u00eda\" \/>\n<meta name=\"robots\" content=\"index, follow, max-snippet:-1, max-image-preview:large, max-video-preview:-1\" \/>\n<link rel=\"canonical\" href=\"https:\/\/compuviper.mx\/tienda\/producto\/perfect-choice-pc-113317-bocina-portatil-inalambrica-hasta-35-horas-de-reproduccion-funcion-llamada-y-manos-libres-sugary-azul\/\" \/>\n<meta property=\"og:locale\" content=\"es_MX\" \/>\n<meta property=\"og:type\" content=\"article\" \/>\n<meta property=\"og:title\" content=\"[ Perfect Choice ] &#129351; Pc-113317 Bocina Portatil Inalambrica, Hasta 35 Horas De Reproduccion, Funcion Llamada Y Manos Libres, Sugary Azul\" \/>\n<meta property=\"og:description\" content=\"Compra Pc-113317 Bocina Portatil Inalambrica, Hasta 35 Horas De Reproduccion, Funcion Llamada Y Manos Libres, Sugary Azul + Env\u00edo a domicilio + Pago seguro + Garant\u00eda\" \/>\n<meta property=\"og:url\" content=\"https:\/\/compuviper.mx\/tienda\/producto\/perfect-choice-pc-113317-bocina-portatil-inalambrica-hasta-35-horas-de-reproduccion-funcion-llamada-y-manos-libres-sugary-azul\/\" \/>\n<meta property=\"og:site_name\" content=\"Compuviper\" \/>\n<meta property=\"article:publisher\" content=\"https:\/\/www.facebook.com\/compuviper\" \/>\n<meta property=\"og:image\" content=\"https:\/\/compuviper.mx\/tienda\/wp-content\/uploads\/2025\/10\/Bocina-portatil-inalambrica-hasta-35-horas-de-reproduccion-funcion-llamada-y-manos-libres-sugary-perfect-choice-azul.jpg\" \/>\n\t<meta property=\"og:image:width\" content=\"200\" \/>\n\t<meta property=\"og:image:height\" content=\"200\" \/>\n\t<meta property=\"og:image:type\" content=\"image\/jpeg\" \/>\n<meta name=\"twitter:card\" content=\"summary_large_image\" \/>\n<meta name=\"twitter:label1\" content=\"Precio\" \/>\n\t<meta name=\"twitter:data1\" content=\"&#36;342 &#36;227 con IVA\" \/>\n\t<meta name=\"twitter:label2\" content=\"Availability\" \/>\n\t<meta name=\"twitter:data2\" content=\"In stock\" \/>\n<script type=\"application\/ld+json\" class=\"yoast-schema-graph\">{\"@context\":\"https:\/\/schema.org\",\"@graph\":[{\"@type\":\"WebPage\",\"@id\":\"https:\/\/compuviper.mx\/tienda\/producto\/perfect-choice-pc-113317-bocina-portatil-inalambrica-hasta-35-horas-de-reproduccion-funcion-llamada-y-manos-libres-sugary-azul\/\",\"url\":\"https:\/\/compuviper.mx\/tienda\/producto\/perfect-choice-pc-113317-bocina-portatil-inalambrica-hasta-35-horas-de-reproduccion-funcion-llamada-y-manos-libres-sugary-azul\/\",\"name\":\"[ Perfect Choice ] &#129351; Pc-113317 Bocina Portatil Inalambrica, Hasta 35 Horas De Reproduccion, Funcion Llamada Y Manos Libres, Sugary Azul\",\"isPartOf\":{\"@id\":\"https:\/\/compuviper.mx\/tienda\/#website\"},\"datePublished\":\"2026-04-23T08:01:58+00:00\",\"dateModified\":\"2026-04-23T08:01:58+00:00\",\"description\":\"Compra Pc-113317 Bocina Portatil Inalambrica, Hasta 35 Horas De Reproduccion, Funcion Llamada Y Manos Libres, Sugary Azul + Env\u00edo a domicilio + Pago seguro + Garant\u00eda\",\"breadcrumb\":{\"@id\":\"https:\/\/compuviper.mx\/tienda\/producto\/perfect-choice-pc-113317-bocina-portatil-inalambrica-hasta-35-horas-de-reproduccion-funcion-llamada-y-manos-libres-sugary-azul\/#breadcrumb\"},\"inLanguage\":\"es-MX\",\"potentialAction\":[{\"@type\":\"ReadAction\",\"target\":[\"https:\/\/compuviper.mx\/tienda\/producto\/perfect-choice-pc-113317-bocina-portatil-inalambrica-hasta-35-horas-de-reproduccion-funcion-llamada-y-manos-libres-sugary-azul\/\"]}]},{\"@type\":\"BreadcrumbList\",\"@id\":\"https:\/\/compuviper.mx\/tienda\/producto\/perfect-choice-pc-113317-bocina-portatil-inalambrica-hasta-35-horas-de-reproduccion-funcion-llamada-y-manos-libres-sugary-azul\/#breadcrumb\",\"itemListElement\":[{\"@type\":\"ListItem\",\"position\":1,\"name\":\"Inicio\",\"item\":\"https:\/\/compuviper.mx\/tienda\/\"},{\"@type\":\"ListItem\",\"position\":2,\"name\":\"Productos\",\"item\":\"https:\/\/compuviper.mx\/tienda\/productos\/\"},{\"@type\":\"ListItem\",\"position\":3,\"name\":\"Bocinas\",\"item\":\"https:\/\/compuviper.mx\/tienda\/categoria-producto\/bocinas\/\"},{\"@type\":\"ListItem\",\"position\":4,\"name\":\"Bocinas Bluetooth\",\"item\":\"https:\/\/compuviper.mx\/tienda\/categoria-producto\/bocinas\/bocinas-bluetooth\/\"},{\"@type\":\"ListItem\",\"position\":5,\"name\":\"Perfect Choice Pc-113317 Bocina Portatil Inalambrica, Hasta 35 Horas De Reproduccion, Funcion Llamada Y Manos Libres, Sugary Azul\"}]},{\"@type\":\"WebSite\",\"@id\":\"https:\/\/compuviper.mx\/tienda\/#website\",\"url\":\"https:\/\/compuviper.mx\/tienda\/\",\"name\":\"Compuviper\",\"description\":\"Proveedor de Computadoras, Laptops, Servidores, Monitores, Puntos de Venta, Teclados,   Impresoras, T\u00f3ner, C\u00e1maras de Seguridad y m\u00e1s en tu tienda en l\u00ednea\",\"publisher\":{\"@id\":\"https:\/\/compuviper.mx\/tienda\/#organization\"},\"potentialAction\":[{\"@type\":\"SearchAction\",\"target\":{\"@type\":\"EntryPoint\",\"urlTemplate\":\"https:\/\/compuviper.mx\/tienda\/?s={search_term_string}\"},\"query-input\":\"required name=search_term_string\"}],\"inLanguage\":\"es-MX\"},{\"@type\":\"Organization\",\"@id\":\"https:\/\/compuviper.mx\/tienda\/#organization\",\"name\":\"Compuviper\",\"url\":\"https:\/\/compuviper.mx\/tienda\/\",\"logo\":{\"@type\":\"ImageObject\",\"inLanguage\":\"es-MX\",\"@id\":\"https:\/\/compuviper.mx\/tienda\/#\/schema\/logo\/image\/\",\"url\":\"https:\/\/compuviper.mx\/tienda\/wp-content\/uploads\/2021\/08\/Logo-Compuviper-10.png\",\"contentUrl\":\"https:\/\/compuviper.mx\/tienda\/wp-content\/uploads\/2021\/08\/Logo-Compuviper-10.png\",\"width\":1000,\"height\":500,\"caption\":\"Compuviper\"},\"image\":{\"@id\":\"https:\/\/compuviper.mx\/tienda\/#\/schema\/logo\/image\/\"},\"sameAs\":[\"https:\/\/www.facebook.com\/compuviper\",\"https:\/\/www.youtube.com\/channel\/UCf73dERp9Y3cfOq7q8BhLjA?view_as=subscriber\"]}]}<\/script>\n<meta property=\"product:brand\" content=\"PERFECT CHOICE\" \/>\n<meta property=\"product:price:amount\" content=\"227\" \/>\n<meta property=\"product:price:currency\" content=\"MXN\" \/>\n<meta property=\"og:availability\" content=\"instock\" \/>\n<meta property=\"product:availability\" content=\"instock\" \/>\n<meta property=\"product:retailer_item_id\" content=\"PC-113317\" \/>\n<meta property=\"product:condition\" content=\"new\" \/>\n<!-- \/ Yoast SEO plugin. -->","yoast_head_json":{"title":"[ Perfect Choice ] &#129351; Pc-113317 Bocina Portatil Inalambrica, Hasta 35 Horas De Reproduccion, Funcion Llamada Y Manos Libres, Sugary Azul","description":"Compra Pc-113317 Bocina Portatil Inalambrica, Hasta 35 Horas De Reproduccion, Funcion Llamada Y Manos Libres, Sugary Azul + Env\u00edo a domicilio + Pago seguro + Garant\u00eda","robots":{"index":"index","follow":"follow","max-snippet":"max-snippet:-1","max-image-preview":"max-image-preview:large","max-video-preview":"max-video-preview:-1"},"canonical":"https:\/\/compuviper.mx\/tienda\/producto\/perfect-choice-pc-113317-bocina-portatil-inalambrica-hasta-35-horas-de-reproduccion-funcion-llamada-y-manos-libres-sugary-azul\/","og_locale":"es_MX","og_type":"article","og_title":"[ Perfect Choice ] &#129351; Pc-113317 Bocina Portatil Inalambrica, Hasta 35 Horas De Reproduccion, Funcion Llamada Y Manos Libres, Sugary Azul","og_description":"Compra Pc-113317 Bocina Portatil Inalambrica, Hasta 35 Horas De Reproduccion, Funcion Llamada Y Manos Libres, Sugary Azul + Env\u00edo a domicilio + Pago seguro + Garant\u00eda","og_url":"https:\/\/compuviper.mx\/tienda\/producto\/perfect-choice-pc-113317-bocina-portatil-inalambrica-hasta-35-horas-de-reproduccion-funcion-llamada-y-manos-libres-sugary-azul\/","og_site_name":"Compuviper","article_publisher":"https:\/\/www.facebook.com\/compuviper","og_image":[{"width":200,"height":200,"url":"https:\/\/compuviper.mx\/tienda\/wp-content\/uploads\/2025\/10\/Bocina-portatil-inalambrica-hasta-35-horas-de-reproduccion-funcion-llamada-y-manos-libres-sugary-perfect-choice-azul.jpg","type":"image\/jpeg"}],"twitter_card":"summary_large_image","twitter_misc":{"Precio":"&#36;342 &#36;227 con IVA","Availability":"In stock"},"schema":{"@context":"https:\/\/schema.org","@graph":[{"@type":"WebPage","@id":"https:\/\/compuviper.mx\/tienda\/producto\/perfect-choice-pc-113317-bocina-portatil-inalambrica-hasta-35-horas-de-reproduccion-funcion-llamada-y-manos-libres-sugary-azul\/","url":"https:\/\/compuviper.mx\/tienda\/producto\/perfect-choice-pc-113317-bocina-portatil-inalambrica-hasta-35-horas-de-reproduccion-funcion-llamada-y-manos-libres-sugary-azul\/","name":"[ Perfect Choice ] &#129351; Pc-113317 Bocina Portatil Inalambrica, Hasta 35 Horas De Reproduccion, Funcion Llamada Y Manos Libres, Sugary Azul","isPartOf":{"@id":"https:\/\/compuviper.mx\/tienda\/#website"},"datePublished":"2026-04-23T08:01:58+00:00","dateModified":"2026-04-23T08:01:58+00:00","description":"Compra Pc-113317 Bocina Portatil Inalambrica, Hasta 35 Horas De Reproduccion, Funcion Llamada Y Manos Libres, Sugary Azul + Env\u00edo a domicilio + Pago seguro + Garant\u00eda","breadcrumb":{"@id":"https:\/\/compuviper.mx\/tienda\/producto\/perfect-choice-pc-113317-bocina-portatil-inalambrica-hasta-35-horas-de-reproduccion-funcion-llamada-y-manos-libres-sugary-azul\/#breadcrumb"},"inLanguage":"es-MX","potentialAction":[{"@type":"ReadAction","target":["https:\/\/compuviper.mx\/tienda\/producto\/perfect-choice-pc-113317-bocina-portatil-inalambrica-hasta-35-horas-de-reproduccion-funcion-llamada-y-manos-libres-sugary-azul\/"]}]},{"@type":"BreadcrumbList","@id":"https:\/\/compuviper.mx\/tienda\/producto\/perfect-choice-pc-113317-bocina-portatil-inalambrica-hasta-35-horas-de-reproduccion-funcion-llamada-y-manos-libres-sugary-azul\/#breadcrumb","itemListElement":[{"@type":"ListItem","position":1,"name":"Inicio","item":"https:\/\/compuviper.mx\/tienda\/"},{"@type":"ListItem","position":2,"name":"Productos","item":"https:\/\/compuviper.mx\/tienda\/productos\/"},{"@type":"ListItem","position":3,"name":"Bocinas","item":"https:\/\/compuviper.mx\/tienda\/categoria-producto\/bocinas\/"},{"@type":"ListItem","position":4,"name":"Bocinas Bluetooth","item":"https:\/\/compuviper.mx\/tienda\/categoria-producto\/bocinas\/bocinas-bluetooth\/"},{"@type":"ListItem","position":5,"name":"Perfect Choice Pc-113317 Bocina Portatil Inalambrica, Hasta 35 Horas De Reproduccion, Funcion Llamada Y Manos Libres, Sugary Azul"}]},{"@type":"WebSite","@id":"https:\/\/compuviper.mx\/tienda\/#website","url":"https:\/\/compuviper.mx\/tienda\/","name":"Compuviper","description":"Proveedor de Computadoras, Laptops, Servidores, Monitores, Puntos de Venta, Teclados,   Impresoras, T\u00f3ner, C\u00e1maras de Seguridad y m\u00e1s en tu tienda en l\u00ednea","publisher":{"@id":"https:\/\/compuviper.mx\/tienda\/#organization"},"potentialAction":[{"@type":"SearchAction","target":{"@type":"EntryPoint","urlTemplate":"https:\/\/compuviper.mx\/tienda\/?s={search_term_string}"},"query-input":"required name=search_term_string"}],"inLanguage":"es-MX"},{"@type":"Organization","@id":"https:\/\/compuviper.mx\/tienda\/#organization","name":"Compuviper","url":"https:\/\/compuviper.mx\/tienda\/","logo":{"@type":"ImageObject","inLanguage":"es-MX","@id":"https:\/\/compuviper.mx\/tienda\/#\/schema\/logo\/image\/","url":"https:\/\/compuviper.mx\/tienda\/wp-content\/uploads\/2021\/08\/Logo-Compuviper-10.png","contentUrl":"https:\/\/compuviper.mx\/tienda\/wp-content\/uploads\/2021\/08\/Logo-Compuviper-10.png","width":1000,"height":500,"caption":"Compuviper"},"image":{"@id":"https:\/\/compuviper.mx\/tienda\/#\/schema\/logo\/image\/"},"sameAs":["https:\/\/www.facebook.com\/compuviper","https:\/\/www.youtube.com\/channel\/UCf73dERp9Y3cfOq7q8BhLjA?view_as=subscriber"]}]},"product_brand":"PERFECT CHOICE","product_price_amount":"227","product_price_currency":"MXN","og_availability":"instock","product_availability":"instock","product_retailer_item_id":"PC-113317","product_condition":"new"},"_links":{"self":[{"href":"https:\/\/compuviper.mx\/tienda\/wp-json\/wp\/v2\/product\/246542"}],"collection":[{"href":"https:\/\/compuviper.mx\/tienda\/wp-json\/wp\/v2\/product"}],"about":[{"href":"https:\/\/compuviper.mx\/tienda\/wp-json\/wp\/v2\/types\/product"}],"replies":[{"embeddable":true,"href":"https:\/\/compuviper.mx\/tienda\/wp-json\/wp\/v2\/comments?post=246542"}],"wp:featuredmedia":[{"embeddable":true,"href":"https:\/\/compuviper.mx\/tienda\/wp-json\/wp\/v2\/media\/260849"}],"wp:attachment":[{"href":"https:\/\/compuviper.mx\/tienda\/wp-json\/wp\/v2\/media?parent=246542"}],"wp:term":[{"taxonomy":"product_cat","embeddable":true,"href":"https:\/\/compuviper.mx\/tienda\/wp-json\/wp\/v2\/product_cat?post=246542"},{"taxonomy":"product_tag","embeddable":true,"href":"https:\/\/compuviper.mx\/tienda\/wp-json\/wp\/v2\/product_tag?post=246542"}],"curies":[{"name":"wp","href":"https:\/\/api.w.org\/{rel}","templated":true}]}}