{"id":246531,"date":"2026-04-18T01:14:14","date_gmt":"2026-04-18T07:14:14","guid":{"rendered":"https:\/\/compuviper.mx\/tienda\/producto\/dahua-dh-sf1006lp-switch-poe-de-6-ptos-fast-ethernet-4-ptos-poe-10-100-36-watts-totales-2-ptos-uplink-rj45-10-100-poe-watchdog-soporta-hasta-250mts-sobre-utp-cat-6-proteccion-contra-descarga\/"},"modified":"2026-04-18T01:14:14","modified_gmt":"2026-04-18T07:14:14","slug":"dahua-dh-sf1006lp-switch-poe-de-6-ptos-fast-ethernet-4-ptos-poe-10-100-36-watts-totales-2-ptos-uplink-rj45-10-100-poe-watchdog-soporta-hasta-250mts-sobre-utp-cat-6-proteccion-contra-descarga","status":"publish","type":"product","link":"https:\/\/compuviper.mx\/tienda\/producto\/dahua-dh-sf1006lp-switch-poe-de-6-ptos-fast-ethernet-4-ptos-poe-10-100-36-watts-totales-2-ptos-uplink-rj45-10-100-poe-watchdog-soporta-hasta-250mts-sobre-utp-cat-6-proteccion-contra-descarga\/","title":{"rendered":"Dahua Dh-sf1006lp Switch\/ \/ \/poe De 6 Ptos Fast Ethernet\/ 4 Ptos Poe 10\/100\/ 36 Watts Totales\/ 2 Ptos Uplink Rj45 10\/100\/ Poe Watchdog\/ Soporta Hasta 250mts Sobre Utp Cat 6\/ Proteccion Contra Descargas"},"content":{"rendered":"<table class=\"descripcion\">\n<tr>\n<td>Especificaciones tecnicas<\/td>\n<\/tr>\n<tr>\n<td>\u0095 fuente de alimentacion: 100\u0096240 vca<\/td>\n<\/tr>\n<tr>\n<td>\u0095 temperatura de funcionamiento: &#8211; 10\u00b0c a +55\u00b0c<\/td>\n<\/tr>\n<tr>\n<td>\u0095 humedad de funcionamiento: 10%\u009690%<\/td>\n<\/tr>\n<tr>\n<td>\u0095 consumo de energia: ralenti: 0,5 w; carga completa: 36w<\/td>\n<\/tr>\n<tr>\n<td>\u0095 peso neto: 0,56 kg<\/td>\n<\/tr>\n<tr>\n<td>\u0095 dimensiones del producto: 194,0 mm \u00d7 108,1 mm \u00d7 35,0 mm<\/td>\n<\/tr>\n<tr>\n<td>\u0095 caja de embalaje: 303 mm \u00d7 262 mm \u00d7 72 mm<\/td>\n<\/tr>\n<tr>\n<td>Caracteristicas principales<\/td>\n<\/tr>\n<tr>\n<td>\u0095 puertos: admite cuatro puertos de fuente de alimentacion poe de 10\/100 mbps y dos puertos de enlace ascendente de 10\/100 mbps<\/td>\n<\/tr>\n<tr>\n<td>\u0095 estandares: admite los estandares 802.3af y 802.3at<\/td>\n<\/tr>\n<tr>\n<td>\u0095 transmision: admite transmision poe de larga distancia de 250 m<\/td>\n<\/tr>\n<tr>\n<td>\u0095 admite: vigilancia poe<\/td>\n<\/tr>\n<\/table>\n","protected":false},"excerpt":{"rendered":"<p>Informacion general. El dahua dh-sf1006lp es un switch compacto dise\u00f1ado para alimentar dispositivos poe como camaras ip, con 4 puertos fast ethernet poe y un puerto rj45 10\/100m adicional. Ideal para instalaciones de seguridad, soporta transmisiones de datos de hasta 250m mediante cables utp cat 6, lo que permite cobertura en largas distancias. Equipado con proteccion contra descargas electricas, garantiza un funcionamiento seguro en entornos con condiciones electricas inestables.<\/p>\n","protected":false},"featured_media":260116,"comment_status":"open","ping_status":"open","template":"","meta":[],"product_cat":[1563,1564],"product_tag":[1555],"acf":[],"yoast_head":"<!-- This site is optimized with the Yoast SEO plugin v21.7 - https:\/\/yoast.com\/wordpress\/plugins\/seo\/ -->\n<title>[ Dahua ] &#129351; Dh-sf1006lp Switch\/ \/ \/poe De 6 Ptos Fast Ethernet\/ 4 Ptos Poe 10\/100\/ 36 Watts Totales\/ 2 Ptos Uplink Rj45 10\/100\/ Poe Watchdog\/ Soporta Hasta 250mts Sobre Utp Cat 6\/ Proteccion Contra Descargas<\/title>\n<meta name=\"description\" content=\"Compra Dh-sf1006lp Switch\/ \/ \/poe De 6 Ptos Fast Ethernet\/ 4 Ptos Poe 10\/100\/ 36 Watts Totales\/ 2 Ptos Uplink Rj45 10\/100\/ Poe Watchdog\/ Soporta Hasta 250mts Sobre Utp Cat 6\/ Proteccion Contra Descargas + Env\u00edo a domicilio + Pago seguro + Garant\u00eda\" \/>\n<meta name=\"robots\" content=\"index, follow, max-snippet:-1, max-image-preview:large, max-video-preview:-1\" \/>\n<link rel=\"canonical\" href=\"https:\/\/compuviper.mx\/tienda\/producto\/dahua-dh-sf1006lp-switch-poe-de-6-ptos-fast-ethernet-4-ptos-poe-10-100-36-watts-totales-2-ptos-uplink-rj45-10-100-poe-watchdog-soporta-hasta-250mts-sobre-utp-cat-6-proteccion-contra-descarga\/\" \/>\n<meta property=\"og:locale\" content=\"es_MX\" \/>\n<meta property=\"og:type\" content=\"article\" \/>\n<meta property=\"og:title\" content=\"[ Dahua ] &#129351; Dh-sf1006lp Switch\/ \/ \/poe De 6 Ptos Fast Ethernet\/ 4 Ptos Poe 10\/100\/ 36 Watts Totales\/ 2 Ptos Uplink Rj45 10\/100\/ Poe Watchdog\/ Soporta Hasta 250mts Sobre Utp Cat 6\/ Proteccion Contra Descargas\" \/>\n<meta property=\"og:description\" content=\"Compra Dh-sf1006lp Switch\/ \/ \/poe De 6 Ptos Fast Ethernet\/ 4 Ptos Poe 10\/100\/ 36 Watts Totales\/ 2 Ptos Uplink Rj45 10\/100\/ Poe Watchdog\/ Soporta Hasta 250mts Sobre Utp Cat 6\/ Proteccion Contra Descargas + Env\u00edo a domicilio + Pago seguro + Garant\u00eda\" \/>\n<meta property=\"og:url\" content=\"https:\/\/compuviper.mx\/tienda\/producto\/dahua-dh-sf1006lp-switch-poe-de-6-ptos-fast-ethernet-4-ptos-poe-10-100-36-watts-totales-2-ptos-uplink-rj45-10-100-poe-watchdog-soporta-hasta-250mts-sobre-utp-cat-6-proteccion-contra-descarga\/\" \/>\n<meta property=\"og:site_name\" content=\"Compuviper\" \/>\n<meta property=\"article:publisher\" content=\"https:\/\/www.facebook.com\/compuviper\" \/>\n<meta property=\"og:image\" content=\"https:\/\/compuviper.mx\/tienda\/wp-content\/uploads\/2025\/10\/Switch-dahua-dh-sf1006lppoe-de-6-ptos-fast-ethernet-4-ptos-poe-10100-36-watts-totales-2-ptos-uplink-rj45-10100-poe-watchdog-soporta-hasta-250mts-sobre-utp-cat-6-proteccion-contra-descargas.jpg\" \/>\n\t<meta property=\"og:image:width\" content=\"200\" \/>\n\t<meta property=\"og:image:height\" content=\"200\" \/>\n\t<meta property=\"og:image:type\" content=\"image\/jpeg\" \/>\n<meta name=\"twitter:card\" content=\"summary_large_image\" \/>\n<meta name=\"twitter:label1\" content=\"Precio\" \/>\n\t<meta name=\"twitter:data1\" content=\"&#36;426 con IVA\" \/>\n\t<meta name=\"twitter:label2\" content=\"Availability\" \/>\n\t<meta name=\"twitter:data2\" content=\"Out of stock\" \/>\n<script type=\"application\/ld+json\" class=\"yoast-schema-graph\">{\"@context\":\"https:\/\/schema.org\",\"@graph\":[{\"@type\":\"WebPage\",\"@id\":\"https:\/\/compuviper.mx\/tienda\/producto\/dahua-dh-sf1006lp-switch-poe-de-6-ptos-fast-ethernet-4-ptos-poe-10-100-36-watts-totales-2-ptos-uplink-rj45-10-100-poe-watchdog-soporta-hasta-250mts-sobre-utp-cat-6-proteccion-contra-descarga\/\",\"url\":\"https:\/\/compuviper.mx\/tienda\/producto\/dahua-dh-sf1006lp-switch-poe-de-6-ptos-fast-ethernet-4-ptos-poe-10-100-36-watts-totales-2-ptos-uplink-rj45-10-100-poe-watchdog-soporta-hasta-250mts-sobre-utp-cat-6-proteccion-contra-descarga\/\",\"name\":\"[ Dahua ] &#129351; Dh-sf1006lp Switch\/ \/ \/poe De 6 Ptos Fast Ethernet\/ 4 Ptos Poe 10\/100\/ 36 Watts Totales\/ 2 Ptos Uplink Rj45 10\/100\/ Poe Watchdog\/ Soporta Hasta 250mts Sobre Utp Cat 6\/ Proteccion Contra Descargas\",\"isPartOf\":{\"@id\":\"https:\/\/compuviper.mx\/tienda\/#website\"},\"datePublished\":\"2026-04-18T07:14:14+00:00\",\"dateModified\":\"2026-04-18T07:14:14+00:00\",\"description\":\"Compra Dh-sf1006lp Switch\/ \/ \/poe De 6 Ptos Fast Ethernet\/ 4 Ptos Poe 10\/100\/ 36 Watts Totales\/ 2 Ptos Uplink Rj45 10\/100\/ Poe Watchdog\/ Soporta Hasta 250mts Sobre Utp Cat 6\/ Proteccion Contra Descargas + Env\u00edo a domicilio + Pago seguro + Garant\u00eda\",\"breadcrumb\":{\"@id\":\"https:\/\/compuviper.mx\/tienda\/producto\/dahua-dh-sf1006lp-switch-poe-de-6-ptos-fast-ethernet-4-ptos-poe-10-100-36-watts-totales-2-ptos-uplink-rj45-10-100-poe-watchdog-soporta-hasta-250mts-sobre-utp-cat-6-proteccion-contra-descarga\/#breadcrumb\"},\"inLanguage\":\"es-MX\",\"potentialAction\":[{\"@type\":\"ReadAction\",\"target\":[\"https:\/\/compuviper.mx\/tienda\/producto\/dahua-dh-sf1006lp-switch-poe-de-6-ptos-fast-ethernet-4-ptos-poe-10-100-36-watts-totales-2-ptos-uplink-rj45-10-100-poe-watchdog-soporta-hasta-250mts-sobre-utp-cat-6-proteccion-contra-descarga\/\"]}]},{\"@type\":\"BreadcrumbList\",\"@id\":\"https:\/\/compuviper.mx\/tienda\/producto\/dahua-dh-sf1006lp-switch-poe-de-6-ptos-fast-ethernet-4-ptos-poe-10-100-36-watts-totales-2-ptos-uplink-rj45-10-100-poe-watchdog-soporta-hasta-250mts-sobre-utp-cat-6-proteccion-contra-descarga\/#breadcrumb\",\"itemListElement\":[{\"@type\":\"ListItem\",\"position\":1,\"name\":\"Inicio\",\"item\":\"https:\/\/compuviper.mx\/tienda\/\"},{\"@type\":\"ListItem\",\"position\":2,\"name\":\"Productos\",\"item\":\"https:\/\/compuviper.mx\/tienda\/productos\/\"},{\"@type\":\"ListItem\",\"position\":3,\"name\":\"Redes\",\"item\":\"https:\/\/compuviper.mx\/tienda\/categoria-producto\/redes\/\"},{\"@type\":\"ListItem\",\"position\":4,\"name\":\"Switch\",\"item\":\"https:\/\/compuviper.mx\/tienda\/categoria-producto\/redes\/switch\/\"},{\"@type\":\"ListItem\",\"position\":5,\"name\":\"Dahua Dh-sf1006lp Switch\/ \/ \/poe De 6 Ptos Fast Ethernet\/ 4 Ptos Poe 10\/100\/ 36 Watts Totales\/ 2 Ptos Uplink Rj45 10\/100\/ Poe Watchdog\/ Soporta Hasta 250mts Sobre Utp Cat 6\/ Proteccion Contra Descargas\"}]},{\"@type\":\"WebSite\",\"@id\":\"https:\/\/compuviper.mx\/tienda\/#website\",\"url\":\"https:\/\/compuviper.mx\/tienda\/\",\"name\":\"Compuviper\",\"description\":\"Proveedor de Computadoras, Laptops, Servidores, Monitores, Puntos de Venta, Teclados,   Impresoras, T\u00f3ner, C\u00e1maras de Seguridad y m\u00e1s en tu tienda en l\u00ednea\",\"publisher\":{\"@id\":\"https:\/\/compuviper.mx\/tienda\/#organization\"},\"potentialAction\":[{\"@type\":\"SearchAction\",\"target\":{\"@type\":\"EntryPoint\",\"urlTemplate\":\"https:\/\/compuviper.mx\/tienda\/?s={search_term_string}\"},\"query-input\":\"required name=search_term_string\"}],\"inLanguage\":\"es-MX\"},{\"@type\":\"Organization\",\"@id\":\"https:\/\/compuviper.mx\/tienda\/#organization\",\"name\":\"Compuviper\",\"url\":\"https:\/\/compuviper.mx\/tienda\/\",\"logo\":{\"@type\":\"ImageObject\",\"inLanguage\":\"es-MX\",\"@id\":\"https:\/\/compuviper.mx\/tienda\/#\/schema\/logo\/image\/\",\"url\":\"https:\/\/compuviper.mx\/tienda\/wp-content\/uploads\/2021\/08\/Logo-Compuviper-10.png\",\"contentUrl\":\"https:\/\/compuviper.mx\/tienda\/wp-content\/uploads\/2021\/08\/Logo-Compuviper-10.png\",\"width\":1000,\"height\":500,\"caption\":\"Compuviper\"},\"image\":{\"@id\":\"https:\/\/compuviper.mx\/tienda\/#\/schema\/logo\/image\/\"},\"sameAs\":[\"https:\/\/www.facebook.com\/compuviper\",\"https:\/\/www.youtube.com\/channel\/UCf73dERp9Y3cfOq7q8BhLjA?view_as=subscriber\"]}]}<\/script>\n<meta property=\"product:brand\" content=\"DAHUA\" \/>\n<meta property=\"product:price:amount\" content=\"426\" \/>\n<meta property=\"product:price:currency\" content=\"MXN\" \/>\n<meta property=\"og:availability\" content=\"out of stock\" \/>\n<meta property=\"product:availability\" content=\"out of stock\" \/>\n<meta property=\"product:retailer_item_id\" content=\"DH-SF1006LP\" \/>\n<meta property=\"product:condition\" content=\"new\" \/>\n<!-- \/ Yoast SEO plugin. -->","yoast_head_json":{"title":"[ Dahua ] &#129351; Dh-sf1006lp Switch\/ \/ \/poe De 6 Ptos Fast Ethernet\/ 4 Ptos Poe 10\/100\/ 36 Watts Totales\/ 2 Ptos Uplink Rj45 10\/100\/ Poe Watchdog\/ Soporta Hasta 250mts Sobre Utp Cat 6\/ Proteccion Contra Descargas","description":"Compra Dh-sf1006lp Switch\/ \/ \/poe De 6 Ptos Fast Ethernet\/ 4 Ptos Poe 10\/100\/ 36 Watts Totales\/ 2 Ptos Uplink Rj45 10\/100\/ Poe Watchdog\/ Soporta Hasta 250mts Sobre Utp Cat 6\/ Proteccion Contra Descargas + Env\u00edo a domicilio + Pago seguro + Garant\u00eda","robots":{"index":"index","follow":"follow","max-snippet":"max-snippet:-1","max-image-preview":"max-image-preview:large","max-video-preview":"max-video-preview:-1"},"canonical":"https:\/\/compuviper.mx\/tienda\/producto\/dahua-dh-sf1006lp-switch-poe-de-6-ptos-fast-ethernet-4-ptos-poe-10-100-36-watts-totales-2-ptos-uplink-rj45-10-100-poe-watchdog-soporta-hasta-250mts-sobre-utp-cat-6-proteccion-contra-descarga\/","og_locale":"es_MX","og_type":"article","og_title":"[ Dahua ] &#129351; Dh-sf1006lp Switch\/ \/ \/poe De 6 Ptos Fast Ethernet\/ 4 Ptos Poe 10\/100\/ 36 Watts Totales\/ 2 Ptos Uplink Rj45 10\/100\/ Poe Watchdog\/ Soporta Hasta 250mts Sobre Utp Cat 6\/ Proteccion Contra Descargas","og_description":"Compra Dh-sf1006lp Switch\/ \/ \/poe De 6 Ptos Fast Ethernet\/ 4 Ptos Poe 10\/100\/ 36 Watts Totales\/ 2 Ptos Uplink Rj45 10\/100\/ Poe Watchdog\/ Soporta Hasta 250mts Sobre Utp Cat 6\/ Proteccion Contra Descargas + Env\u00edo a domicilio + Pago seguro + Garant\u00eda","og_url":"https:\/\/compuviper.mx\/tienda\/producto\/dahua-dh-sf1006lp-switch-poe-de-6-ptos-fast-ethernet-4-ptos-poe-10-100-36-watts-totales-2-ptos-uplink-rj45-10-100-poe-watchdog-soporta-hasta-250mts-sobre-utp-cat-6-proteccion-contra-descarga\/","og_site_name":"Compuviper","article_publisher":"https:\/\/www.facebook.com\/compuviper","og_image":[{"width":200,"height":200,"url":"https:\/\/compuviper.mx\/tienda\/wp-content\/uploads\/2025\/10\/Switch-dahua-dh-sf1006lppoe-de-6-ptos-fast-ethernet-4-ptos-poe-10100-36-watts-totales-2-ptos-uplink-rj45-10100-poe-watchdog-soporta-hasta-250mts-sobre-utp-cat-6-proteccion-contra-descargas.jpg","type":"image\/jpeg"}],"twitter_card":"summary_large_image","twitter_misc":{"Precio":"&#36;426 con IVA","Availability":"Out of stock"},"schema":{"@context":"https:\/\/schema.org","@graph":[{"@type":"WebPage","@id":"https:\/\/compuviper.mx\/tienda\/producto\/dahua-dh-sf1006lp-switch-poe-de-6-ptos-fast-ethernet-4-ptos-poe-10-100-36-watts-totales-2-ptos-uplink-rj45-10-100-poe-watchdog-soporta-hasta-250mts-sobre-utp-cat-6-proteccion-contra-descarga\/","url":"https:\/\/compuviper.mx\/tienda\/producto\/dahua-dh-sf1006lp-switch-poe-de-6-ptos-fast-ethernet-4-ptos-poe-10-100-36-watts-totales-2-ptos-uplink-rj45-10-100-poe-watchdog-soporta-hasta-250mts-sobre-utp-cat-6-proteccion-contra-descarga\/","name":"[ Dahua ] &#129351; Dh-sf1006lp Switch\/ \/ \/poe De 6 Ptos Fast Ethernet\/ 4 Ptos Poe 10\/100\/ 36 Watts Totales\/ 2 Ptos Uplink Rj45 10\/100\/ Poe Watchdog\/ Soporta Hasta 250mts Sobre Utp Cat 6\/ Proteccion Contra Descargas","isPartOf":{"@id":"https:\/\/compuviper.mx\/tienda\/#website"},"datePublished":"2026-04-18T07:14:14+00:00","dateModified":"2026-04-18T07:14:14+00:00","description":"Compra Dh-sf1006lp Switch\/ \/ \/poe De 6 Ptos Fast Ethernet\/ 4 Ptos Poe 10\/100\/ 36 Watts Totales\/ 2 Ptos Uplink Rj45 10\/100\/ Poe Watchdog\/ Soporta Hasta 250mts Sobre Utp Cat 6\/ Proteccion Contra Descargas + Env\u00edo a domicilio + Pago seguro + Garant\u00eda","breadcrumb":{"@id":"https:\/\/compuviper.mx\/tienda\/producto\/dahua-dh-sf1006lp-switch-poe-de-6-ptos-fast-ethernet-4-ptos-poe-10-100-36-watts-totales-2-ptos-uplink-rj45-10-100-poe-watchdog-soporta-hasta-250mts-sobre-utp-cat-6-proteccion-contra-descarga\/#breadcrumb"},"inLanguage":"es-MX","potentialAction":[{"@type":"ReadAction","target":["https:\/\/compuviper.mx\/tienda\/producto\/dahua-dh-sf1006lp-switch-poe-de-6-ptos-fast-ethernet-4-ptos-poe-10-100-36-watts-totales-2-ptos-uplink-rj45-10-100-poe-watchdog-soporta-hasta-250mts-sobre-utp-cat-6-proteccion-contra-descarga\/"]}]},{"@type":"BreadcrumbList","@id":"https:\/\/compuviper.mx\/tienda\/producto\/dahua-dh-sf1006lp-switch-poe-de-6-ptos-fast-ethernet-4-ptos-poe-10-100-36-watts-totales-2-ptos-uplink-rj45-10-100-poe-watchdog-soporta-hasta-250mts-sobre-utp-cat-6-proteccion-contra-descarga\/#breadcrumb","itemListElement":[{"@type":"ListItem","position":1,"name":"Inicio","item":"https:\/\/compuviper.mx\/tienda\/"},{"@type":"ListItem","position":2,"name":"Productos","item":"https:\/\/compuviper.mx\/tienda\/productos\/"},{"@type":"ListItem","position":3,"name":"Redes","item":"https:\/\/compuviper.mx\/tienda\/categoria-producto\/redes\/"},{"@type":"ListItem","position":4,"name":"Switch","item":"https:\/\/compuviper.mx\/tienda\/categoria-producto\/redes\/switch\/"},{"@type":"ListItem","position":5,"name":"Dahua Dh-sf1006lp Switch\/ \/ \/poe De 6 Ptos Fast Ethernet\/ 4 Ptos Poe 10\/100\/ 36 Watts Totales\/ 2 Ptos Uplink Rj45 10\/100\/ Poe Watchdog\/ Soporta Hasta 250mts Sobre Utp Cat 6\/ Proteccion Contra Descargas"}]},{"@type":"WebSite","@id":"https:\/\/compuviper.mx\/tienda\/#website","url":"https:\/\/compuviper.mx\/tienda\/","name":"Compuviper","description":"Proveedor de Computadoras, Laptops, Servidores, Monitores, Puntos de Venta, Teclados,   Impresoras, T\u00f3ner, C\u00e1maras de Seguridad y m\u00e1s en tu tienda en l\u00ednea","publisher":{"@id":"https:\/\/compuviper.mx\/tienda\/#organization"},"potentialAction":[{"@type":"SearchAction","target":{"@type":"EntryPoint","urlTemplate":"https:\/\/compuviper.mx\/tienda\/?s={search_term_string}"},"query-input":"required name=search_term_string"}],"inLanguage":"es-MX"},{"@type":"Organization","@id":"https:\/\/compuviper.mx\/tienda\/#organization","name":"Compuviper","url":"https:\/\/compuviper.mx\/tienda\/","logo":{"@type":"ImageObject","inLanguage":"es-MX","@id":"https:\/\/compuviper.mx\/tienda\/#\/schema\/logo\/image\/","url":"https:\/\/compuviper.mx\/tienda\/wp-content\/uploads\/2021\/08\/Logo-Compuviper-10.png","contentUrl":"https:\/\/compuviper.mx\/tienda\/wp-content\/uploads\/2021\/08\/Logo-Compuviper-10.png","width":1000,"height":500,"caption":"Compuviper"},"image":{"@id":"https:\/\/compuviper.mx\/tienda\/#\/schema\/logo\/image\/"},"sameAs":["https:\/\/www.facebook.com\/compuviper","https:\/\/www.youtube.com\/channel\/UCf73dERp9Y3cfOq7q8BhLjA?view_as=subscriber"]}]},"product_brand":"DAHUA","product_price_amount":"426","product_price_currency":"MXN","og_availability":"out of stock","product_availability":"out of stock","product_retailer_item_id":"DH-SF1006LP","product_condition":"new"},"_links":{"self":[{"href":"https:\/\/compuviper.mx\/tienda\/wp-json\/wp\/v2\/product\/246531"}],"collection":[{"href":"https:\/\/compuviper.mx\/tienda\/wp-json\/wp\/v2\/product"}],"about":[{"href":"https:\/\/compuviper.mx\/tienda\/wp-json\/wp\/v2\/types\/product"}],"replies":[{"embeddable":true,"href":"https:\/\/compuviper.mx\/tienda\/wp-json\/wp\/v2\/comments?post=246531"}],"wp:featuredmedia":[{"embeddable":true,"href":"https:\/\/compuviper.mx\/tienda\/wp-json\/wp\/v2\/media\/260116"}],"wp:attachment":[{"href":"https:\/\/compuviper.mx\/tienda\/wp-json\/wp\/v2\/media?parent=246531"}],"wp:term":[{"taxonomy":"product_cat","embeddable":true,"href":"https:\/\/compuviper.mx\/tienda\/wp-json\/wp\/v2\/product_cat?post=246531"},{"taxonomy":"product_tag","embeddable":true,"href":"https:\/\/compuviper.mx\/tienda\/wp-json\/wp\/v2\/product_tag?post=246531"}],"curies":[{"name":"wp","href":"https:\/\/api.w.org\/{rel}","templated":true}]}}