{"id":246435,"date":"2026-04-06T23:12:52","date_gmt":"2026-04-07T05:12:52","guid":{"rendered":"https:\/\/compuviper.mx\/tienda\/producto\/apple-mx2d3am-a-pencil-pro\/"},"modified":"2026-04-06T23:12:52","modified_gmt":"2026-04-07T05:12:52","slug":"apple-mx2d3am-a-pencil-pro","status":"publish","type":"product","link":"https:\/\/compuviper.mx\/tienda\/producto\/apple-mx2d3am-a-pencil-pro\/","title":{"rendered":"Apple Mx2d3am\/a  Pencil Pro"},"content":{"rendered":"<table class=\"descripcion\">\n<tr>\n<td>Apple pencil pro<\/td>\n<\/tr>\n<tr>\n<td>El apple pencil pro suma an ms funcionalidades para ayudarte a crear lo que imagines. con estos avances, puedes marcar documentos, tomar notas y crear obras maestras de forma ms intuitiva.<\/td>\n<\/tr>\n<tr>\n<td>Apretar: gracias a un nuevo sensor, al apretar el apple pencil pro aparece una nueva paleta para que cambies rpidamente de herramienta, grosor de lnea y color.<\/td>\n<\/tr>\n<tr>\n<td>Girar: un nuevo giroscopio te permite girar el apple pencil pro para controlar con mayor precisin herramientas de dibujo como pluma y pincel.<\/td>\n<\/tr>\n<tr>\n<td>Respuesta hptica: un motor hptico especialmente diseado te da una respuesta precisa que puedes sentir. al apretar o tocar dos veces, sentirs una pulsacin suave que confirma la accin.<\/td>\n<\/tr>\n<tr>\n<td>Puntero flotante para apple pencil\u00b9: permite ver con exactitud en qu lugar de la pantalla tocar el apple pencil y muestra una sombra virtual de la herramienta. de esta manera, puedes escribir, bosquejar y dibujar con mucha ms precisin.<\/td>\n<\/tr>\n<tr>\n<td>Gesto de doble toque: cambia rpidamente de herramienta, por ejemplo, pasa del bolgrafo al borrador, con slo tocar dos veces el apple pencil.<\/td>\n<\/tr>\n<tr>\n<td>Y si pierdes de vista tu apple pencil pro, puedes ubicarlo fcilmente con la app encontrar sin importar dnde ests. el apple pencil pro se adhiere, se enlaza y se carga de forma magntica en la parte lateral del ipad.<\/td>\n<\/tr>\n<tr>\n<td>Especificaciones<\/td>\n<\/tr>\n<tr>\n<td>Largo: 166 mm<\/td>\n<\/tr>\n<tr>\n<td>Dimetro: 8.9 mm<\/td>\n<\/tr>\n<tr>\n<td>Peso: 19.15 g<\/td>\n<\/tr>\n<tr>\n<td>Conexiones<\/td>\n<\/tr>\n<tr>\n<td>Bluetooth<\/td>\n<\/tr>\n<tr>\n<td>Otras caractersticas<\/td>\n<\/tr>\n<tr>\n<td>Se adhiere, se enlaza y se carga magnticamente<\/td>\n<\/tr>\n<tr>\n<td>Requisitos del sistema<\/td>\n<\/tr>\n<tr>\n<td>Ipados 17.5 o posterior<\/td>\n<\/tr>\n<tr>\n<td>\u0095compatibilidad<\/td>\n<\/tr>\n<tr>\n<td>Modelos de ipad<\/td>\n<\/tr>\n<tr>\n<td>Ipad pro de 13 pulgadas (m4)<\/td>\n<\/tr>\n<tr>\n<td>Ipad pro de 11 pulgadas (m4)<\/td>\n<\/tr>\n<tr>\n<td>Ipad air de 13 pulgadas (m3)<\/td>\n<\/tr>\n<tr>\n<td>Ipad air de 11 pulgadas (m3)<\/td>\n<\/tr>\n<tr>\n<td>Ipad air de 13 pulgadas (m2)<\/td>\n<\/tr>\n<tr>\n<td>Ipad air de 11 pulgadas (m2)<\/td>\n<\/tr>\n<tr>\n<td>Ipad mini (a17 pro)<\/td>\n<\/tr>\n<\/table>\n","protected":false},"excerpt":{"rendered":"<p>Apple pencil pro. Se adhiere, se enlaza y se carga magnticamente<\/p>\n","protected":false},"featured_media":258701,"comment_status":"open","ping_status":"open","template":"","meta":[],"product_cat":[1485,1877],"product_tag":[1585],"acf":[],"yoast_head":"<!-- This site is optimized with the Yoast SEO plugin v21.7 - https:\/\/yoast.com\/wordpress\/plugins\/seo\/ -->\n<title>[ Apple ] &#129351; Mx2d3am\/a Pencil Pro<\/title>\n<meta name=\"description\" content=\"Compra Mx2d3am\/a Pencil Pro + Env\u00edo a domicilio + Pago seguro + Garant\u00eda\" \/>\n<meta name=\"robots\" content=\"index, follow, max-snippet:-1, max-image-preview:large, max-video-preview:-1\" \/>\n<link rel=\"canonical\" href=\"https:\/\/compuviper.mx\/tienda\/producto\/apple-mx2d3am-a-pencil-pro\/\" \/>\n<meta property=\"og:locale\" content=\"es_MX\" \/>\n<meta property=\"og:type\" content=\"article\" \/>\n<meta property=\"og:title\" content=\"[ Apple ] &#129351; Mx2d3am\/a Pencil Pro\" \/>\n<meta property=\"og:description\" content=\"Compra Mx2d3am\/a Pencil Pro + Env\u00edo a domicilio + Pago seguro + Garant\u00eda\" \/>\n<meta property=\"og:url\" content=\"https:\/\/compuviper.mx\/tienda\/producto\/apple-mx2d3am-a-pencil-pro\/\" \/>\n<meta property=\"og:site_name\" content=\"Compuviper\" \/>\n<meta property=\"article:publisher\" content=\"https:\/\/www.facebook.com\/compuviper\" \/>\n<meta property=\"og:image\" content=\"https:\/\/compuviper.mx\/tienda\/wp-content\/uploads\/2025\/10\/Apple-pencil-pro.jpg\" \/>\n\t<meta property=\"og:image:width\" content=\"200\" \/>\n\t<meta property=\"og:image:height\" content=\"200\" \/>\n\t<meta property=\"og:image:type\" content=\"image\/jpeg\" \/>\n<meta name=\"twitter:card\" content=\"summary_large_image\" \/>\n<meta name=\"twitter:label1\" content=\"Precio\" \/>\n\t<meta name=\"twitter:data1\" content=\"&#36;2,942 &#36;2,707 con IVA\" \/>\n\t<meta name=\"twitter:label2\" content=\"Availability\" \/>\n\t<meta name=\"twitter:data2\" content=\"In stock\" \/>\n<script type=\"application\/ld+json\" class=\"yoast-schema-graph\">{\"@context\":\"https:\/\/schema.org\",\"@graph\":[{\"@type\":\"WebPage\",\"@id\":\"https:\/\/compuviper.mx\/tienda\/producto\/apple-mx2d3am-a-pencil-pro\/\",\"url\":\"https:\/\/compuviper.mx\/tienda\/producto\/apple-mx2d3am-a-pencil-pro\/\",\"name\":\"[ Apple ] &#129351; Mx2d3am\/a Pencil Pro\",\"isPartOf\":{\"@id\":\"https:\/\/compuviper.mx\/tienda\/#website\"},\"datePublished\":\"2026-04-07T05:12:52+00:00\",\"dateModified\":\"2026-04-07T05:12:52+00:00\",\"description\":\"Compra Mx2d3am\/a Pencil Pro + Env\u00edo a domicilio + Pago seguro + Garant\u00eda\",\"breadcrumb\":{\"@id\":\"https:\/\/compuviper.mx\/tienda\/producto\/apple-mx2d3am-a-pencil-pro\/#breadcrumb\"},\"inLanguage\":\"es-MX\",\"potentialAction\":[{\"@type\":\"ReadAction\",\"target\":[\"https:\/\/compuviper.mx\/tienda\/producto\/apple-mx2d3am-a-pencil-pro\/\"]}]},{\"@type\":\"BreadcrumbList\",\"@id\":\"https:\/\/compuviper.mx\/tienda\/producto\/apple-mx2d3am-a-pencil-pro\/#breadcrumb\",\"itemListElement\":[{\"@type\":\"ListItem\",\"position\":1,\"name\":\"Inicio\",\"item\":\"https:\/\/compuviper.mx\/tienda\/\"},{\"@type\":\"ListItem\",\"position\":2,\"name\":\"Productos\",\"item\":\"https:\/\/compuviper.mx\/tienda\/productos\/\"},{\"@type\":\"ListItem\",\"position\":3,\"name\":\"Accesorios\",\"item\":\"https:\/\/compuviper.mx\/tienda\/categoria-producto\/accesorios\/\"},{\"@type\":\"ListItem\",\"position\":4,\"name\":\"Pluma Interactiva\",\"item\":\"https:\/\/compuviper.mx\/tienda\/categoria-producto\/accesorios\/pluma-interactiva\/\"},{\"@type\":\"ListItem\",\"position\":5,\"name\":\"Apple Mx2d3am\/a Pencil Pro\"}]},{\"@type\":\"WebSite\",\"@id\":\"https:\/\/compuviper.mx\/tienda\/#website\",\"url\":\"https:\/\/compuviper.mx\/tienda\/\",\"name\":\"Compuviper\",\"description\":\"Proveedor de Computadoras, Laptops, Servidores, Monitores, Puntos de Venta, Teclados,   Impresoras, T\u00f3ner, C\u00e1maras de Seguridad y m\u00e1s en tu tienda en l\u00ednea\",\"publisher\":{\"@id\":\"https:\/\/compuviper.mx\/tienda\/#organization\"},\"potentialAction\":[{\"@type\":\"SearchAction\",\"target\":{\"@type\":\"EntryPoint\",\"urlTemplate\":\"https:\/\/compuviper.mx\/tienda\/?s={search_term_string}\"},\"query-input\":\"required name=search_term_string\"}],\"inLanguage\":\"es-MX\"},{\"@type\":\"Organization\",\"@id\":\"https:\/\/compuviper.mx\/tienda\/#organization\",\"name\":\"Compuviper\",\"url\":\"https:\/\/compuviper.mx\/tienda\/\",\"logo\":{\"@type\":\"ImageObject\",\"inLanguage\":\"es-MX\",\"@id\":\"https:\/\/compuviper.mx\/tienda\/#\/schema\/logo\/image\/\",\"url\":\"https:\/\/compuviper.mx\/tienda\/wp-content\/uploads\/2021\/08\/Logo-Compuviper-10.png\",\"contentUrl\":\"https:\/\/compuviper.mx\/tienda\/wp-content\/uploads\/2021\/08\/Logo-Compuviper-10.png\",\"width\":1000,\"height\":500,\"caption\":\"Compuviper\"},\"image\":{\"@id\":\"https:\/\/compuviper.mx\/tienda\/#\/schema\/logo\/image\/\"},\"sameAs\":[\"https:\/\/www.facebook.com\/compuviper\",\"https:\/\/www.youtube.com\/channel\/UCf73dERp9Y3cfOq7q8BhLjA?view_as=subscriber\"]}]}<\/script>\n<meta property=\"product:brand\" content=\"APPLE\" \/>\n<meta property=\"product:price:amount\" content=\"2707\" \/>\n<meta property=\"product:price:currency\" content=\"MXN\" \/>\n<meta property=\"og:availability\" content=\"instock\" \/>\n<meta property=\"product:availability\" content=\"instock\" \/>\n<meta property=\"product:retailer_item_id\" content=\"MX2D3AM\/A\" \/>\n<meta property=\"product:condition\" content=\"new\" \/>\n<!-- \/ Yoast SEO plugin. -->","yoast_head_json":{"title":"[ Apple ] &#129351; Mx2d3am\/a Pencil Pro","description":"Compra Mx2d3am\/a Pencil Pro + Env\u00edo a domicilio + Pago seguro + Garant\u00eda","robots":{"index":"index","follow":"follow","max-snippet":"max-snippet:-1","max-image-preview":"max-image-preview:large","max-video-preview":"max-video-preview:-1"},"canonical":"https:\/\/compuviper.mx\/tienda\/producto\/apple-mx2d3am-a-pencil-pro\/","og_locale":"es_MX","og_type":"article","og_title":"[ Apple ] &#129351; Mx2d3am\/a Pencil Pro","og_description":"Compra Mx2d3am\/a Pencil Pro + Env\u00edo a domicilio + Pago seguro + Garant\u00eda","og_url":"https:\/\/compuviper.mx\/tienda\/producto\/apple-mx2d3am-a-pencil-pro\/","og_site_name":"Compuviper","article_publisher":"https:\/\/www.facebook.com\/compuviper","og_image":[{"width":200,"height":200,"url":"https:\/\/compuviper.mx\/tienda\/wp-content\/uploads\/2025\/10\/Apple-pencil-pro.jpg","type":"image\/jpeg"}],"twitter_card":"summary_large_image","twitter_misc":{"Precio":"&#36;2,942 &#36;2,707 con IVA","Availability":"In stock"},"schema":{"@context":"https:\/\/schema.org","@graph":[{"@type":"WebPage","@id":"https:\/\/compuviper.mx\/tienda\/producto\/apple-mx2d3am-a-pencil-pro\/","url":"https:\/\/compuviper.mx\/tienda\/producto\/apple-mx2d3am-a-pencil-pro\/","name":"[ Apple ] &#129351; Mx2d3am\/a Pencil Pro","isPartOf":{"@id":"https:\/\/compuviper.mx\/tienda\/#website"},"datePublished":"2026-04-07T05:12:52+00:00","dateModified":"2026-04-07T05:12:52+00:00","description":"Compra Mx2d3am\/a Pencil Pro + Env\u00edo a domicilio + Pago seguro + Garant\u00eda","breadcrumb":{"@id":"https:\/\/compuviper.mx\/tienda\/producto\/apple-mx2d3am-a-pencil-pro\/#breadcrumb"},"inLanguage":"es-MX","potentialAction":[{"@type":"ReadAction","target":["https:\/\/compuviper.mx\/tienda\/producto\/apple-mx2d3am-a-pencil-pro\/"]}]},{"@type":"BreadcrumbList","@id":"https:\/\/compuviper.mx\/tienda\/producto\/apple-mx2d3am-a-pencil-pro\/#breadcrumb","itemListElement":[{"@type":"ListItem","position":1,"name":"Inicio","item":"https:\/\/compuviper.mx\/tienda\/"},{"@type":"ListItem","position":2,"name":"Productos","item":"https:\/\/compuviper.mx\/tienda\/productos\/"},{"@type":"ListItem","position":3,"name":"Accesorios","item":"https:\/\/compuviper.mx\/tienda\/categoria-producto\/accesorios\/"},{"@type":"ListItem","position":4,"name":"Pluma Interactiva","item":"https:\/\/compuviper.mx\/tienda\/categoria-producto\/accesorios\/pluma-interactiva\/"},{"@type":"ListItem","position":5,"name":"Apple Mx2d3am\/a Pencil Pro"}]},{"@type":"WebSite","@id":"https:\/\/compuviper.mx\/tienda\/#website","url":"https:\/\/compuviper.mx\/tienda\/","name":"Compuviper","description":"Proveedor de Computadoras, Laptops, Servidores, Monitores, Puntos de Venta, Teclados,   Impresoras, T\u00f3ner, C\u00e1maras de Seguridad y m\u00e1s en tu tienda en l\u00ednea","publisher":{"@id":"https:\/\/compuviper.mx\/tienda\/#organization"},"potentialAction":[{"@type":"SearchAction","target":{"@type":"EntryPoint","urlTemplate":"https:\/\/compuviper.mx\/tienda\/?s={search_term_string}"},"query-input":"required name=search_term_string"}],"inLanguage":"es-MX"},{"@type":"Organization","@id":"https:\/\/compuviper.mx\/tienda\/#organization","name":"Compuviper","url":"https:\/\/compuviper.mx\/tienda\/","logo":{"@type":"ImageObject","inLanguage":"es-MX","@id":"https:\/\/compuviper.mx\/tienda\/#\/schema\/logo\/image\/","url":"https:\/\/compuviper.mx\/tienda\/wp-content\/uploads\/2021\/08\/Logo-Compuviper-10.png","contentUrl":"https:\/\/compuviper.mx\/tienda\/wp-content\/uploads\/2021\/08\/Logo-Compuviper-10.png","width":1000,"height":500,"caption":"Compuviper"},"image":{"@id":"https:\/\/compuviper.mx\/tienda\/#\/schema\/logo\/image\/"},"sameAs":["https:\/\/www.facebook.com\/compuviper","https:\/\/www.youtube.com\/channel\/UCf73dERp9Y3cfOq7q8BhLjA?view_as=subscriber"]}]},"product_brand":"APPLE","product_price_amount":"2707","product_price_currency":"MXN","og_availability":"instock","product_availability":"instock","product_retailer_item_id":"MX2D3AM\/A","product_condition":"new"},"_links":{"self":[{"href":"https:\/\/compuviper.mx\/tienda\/wp-json\/wp\/v2\/product\/246435"}],"collection":[{"href":"https:\/\/compuviper.mx\/tienda\/wp-json\/wp\/v2\/product"}],"about":[{"href":"https:\/\/compuviper.mx\/tienda\/wp-json\/wp\/v2\/types\/product"}],"replies":[{"embeddable":true,"href":"https:\/\/compuviper.mx\/tienda\/wp-json\/wp\/v2\/comments?post=246435"}],"wp:featuredmedia":[{"embeddable":true,"href":"https:\/\/compuviper.mx\/tienda\/wp-json\/wp\/v2\/media\/258701"}],"wp:attachment":[{"href":"https:\/\/compuviper.mx\/tienda\/wp-json\/wp\/v2\/media?parent=246435"}],"wp:term":[{"taxonomy":"product_cat","embeddable":true,"href":"https:\/\/compuviper.mx\/tienda\/wp-json\/wp\/v2\/product_cat?post=246435"},{"taxonomy":"product_tag","embeddable":true,"href":"https:\/\/compuviper.mx\/tienda\/wp-json\/wp\/v2\/product_tag?post=246435"}],"curies":[{"name":"wp","href":"https:\/\/api.w.org\/{rel}","templated":true}]}}