{"id":246434,"date":"2026-04-15T23:12:16","date_gmt":"2026-04-16T05:12:16","guid":{"rendered":"https:\/\/compuviper.mx\/tienda\/producto\/apple-muwa3am-a-pencil-usb-c\/"},"modified":"2026-04-15T23:12:16","modified_gmt":"2026-04-16T05:12:16","slug":"apple-muwa3am-a195949133626-pencil-usb-c","status":"publish","type":"product","link":"https:\/\/compuviper.mx\/tienda\/producto\/apple-muwa3am-a195949133626-pencil-usb-c\/","title":{"rendered":"Apple Muwa3am\/a,195949133626  Pencil Usb-c"},"content":{"rendered":"<table class=\"descripcion\">\n<tr>\n<td>El apple pencil usb-c es ideal para tomar notas, dibujar, hacer anotaciones en documentos, llevar un diario y mucho ms. tiene una precisin increble y baja latencia, adems de ser sensible a la inclinacin. no notars la diferencia con un lpiz normal.<\/td>\n<\/tr>\n<tr>\n<td>Magnticamente al ipad para guardarlos juntos.<\/td>\n<\/tr>\n<tr>\n<td>La funcionalidad de puntero flotante del apple pencil usb-c funciona con el ipad pro de 13 pulgadas m4, ipad pro de 11 pulgadas m4, ipad pro de 12.9 pulgadas 6.\u00aa generacin, ipad pro de 11 pulgadas 4.\u00aa generacin, ipad air de 13 pulgadas m2 y ipad air de 11 pulgadas m2.<\/td>\n<\/tr>\n<tr>\n<td>\u0095especificaciones<\/td>\n<\/tr>\n<tr>\n<td>Largo: 155 mm<\/td>\n<\/tr>\n<tr>\n<td>Dimetro: 8.9 mm<\/td>\n<\/tr>\n<tr>\n<td>Peso: 20.5 g<\/td>\n<\/tr>\n<tr>\n<td>Conexiones<\/td>\n<\/tr>\n<tr>\n<td>Bluetooth<\/td>\n<\/tr>\n<tr>\n<td>Conector usb-c<\/td>\n<\/tr>\n<tr>\n<td>Otras caractersticas<\/td>\n<\/tr>\n<tr>\n<td>Se adhiere magnticamente<\/td>\n<\/tr>\n<tr>\n<td>Requisitos del sistema<\/td>\n<\/tr>\n<tr>\n<td>Ipados 17.1.1 o posterior<\/td>\n<\/tr>\n<tr>\n<td>\u0095compatibilidad<\/td>\n<\/tr>\n<tr>\n<td>Modelos de ipad<\/td>\n<\/tr>\n<tr>\n<td>Ipad pro de 13 pulgadas (m4)<\/td>\n<\/tr>\n<tr>\n<td>Ipad pro de 12.9 pulgadas (6.\u00aa generaci\u00f3n)<\/td>\n<\/tr>\n<tr>\n<td>Ipad pro de 12.9 pulgadas (5.\u00aa generaci\u00f3n)<\/td>\n<\/tr>\n<tr>\n<td>Ipad pro de 12.9 pulgadas (4.\u00aa generaci\u00f3n)<\/td>\n<\/tr>\n<tr>\n<td>Ipad pro de 12.9 pulgadas (3.\u00aa generaci\u00f3n)<\/td>\n<\/tr>\n<tr>\n<td>Ipad pro de 11 pulgadas (m4)<\/td>\n<\/tr>\n<tr>\n<td>Ipad pro de 11 pulgadas (4.\u00aa generaci\u00f3n)<\/td>\n<\/tr>\n<tr>\n<td>Ipad pro de 11 pulgadas (3.\u00aa generaci\u00f3n)<\/td>\n<\/tr>\n<tr>\n<td>Ipad pro de 11 pulgadas (2.\u00aa generaci\u00f3n)<\/td>\n<\/tr>\n<tr>\n<td>Ipad pro de 11 pulgadas (1.\u00aa generaci\u00f3n)<\/td>\n<\/tr>\n<tr>\n<td>Ipad air de 13 pulgadas (m3)<\/td>\n<\/tr>\n<tr>\n<td>Ipad air de 11 pulgadas (m3)<\/td>\n<\/tr>\n<tr>\n<td>Ipad air de 13 pulgadas (m2)<\/td>\n<\/tr>\n<tr>\n<td>Ipad air de 11 pulgadas (m2)<\/td>\n<\/tr>\n<tr>\n<td>Ipad air (5.\u00aa generaci\u00f3n)<\/td>\n<\/tr>\n<tr>\n<td>Ipad air (4.\u00aa generaci\u00f3n)<\/td>\n<\/tr>\n<tr>\n<td>Ipad (a16)<\/td>\n<\/tr>\n<tr>\n<td>Ipad (10.\u00aa generaci\u00f3n)<\/td>\n<\/tr>\n<tr>\n<td>Ipad mini (a17 pro)<\/td>\n<\/tr>\n<tr>\n<td>Ipad mini (6.\u00aa generaci\u00f3n)<\/td>\n<\/tr>\n<\/table>\n","protected":false},"excerpt":{"rendered":"<p>Apple pencil usb-c<\/p>\n","protected":false},"featured_media":258700,"comment_status":"open","ping_status":"open","template":"","meta":[],"product_cat":[1485,1877],"product_tag":[1585],"acf":[],"yoast_head":"<!-- This site is optimized with the Yoast SEO plugin v21.7 - https:\/\/yoast.com\/wordpress\/plugins\/seo\/ -->\n<title>[ Apple ] &#129351; Muwa3am\/a,195949133626 Pencil Usb-c<\/title>\n<meta name=\"description\" content=\"Compra Muwa3am\/a,195949133626 Pencil Usb-c + Env\u00edo a domicilio + Pago seguro + Garant\u00eda\" \/>\n<meta name=\"robots\" content=\"index, follow, max-snippet:-1, max-image-preview:large, max-video-preview:-1\" \/>\n<link rel=\"canonical\" href=\"https:\/\/compuviper.mx\/tienda\/producto\/apple-muwa3am-a195949133626-pencil-usb-c\/\" \/>\n<meta property=\"og:locale\" content=\"es_MX\" \/>\n<meta property=\"og:type\" content=\"article\" \/>\n<meta property=\"og:title\" content=\"[ Apple ] &#129351; Muwa3am\/a,195949133626 Pencil Usb-c\" \/>\n<meta property=\"og:description\" content=\"Compra Muwa3am\/a,195949133626 Pencil Usb-c + Env\u00edo a domicilio + Pago seguro + Garant\u00eda\" \/>\n<meta property=\"og:url\" content=\"https:\/\/compuviper.mx\/tienda\/producto\/apple-muwa3am-a195949133626-pencil-usb-c\/\" \/>\n<meta property=\"og:site_name\" content=\"Compuviper\" \/>\n<meta property=\"article:publisher\" content=\"https:\/\/www.facebook.com\/compuviper\" \/>\n<meta property=\"og:image\" content=\"https:\/\/compuviper.mx\/tienda\/wp-content\/uploads\/2025\/10\/Apple-pencil-usb-c.jpg\" \/>\n\t<meta property=\"og:image:width\" content=\"200\" \/>\n\t<meta property=\"og:image:height\" content=\"200\" \/>\n\t<meta property=\"og:image:type\" content=\"image\/jpeg\" \/>\n<meta name=\"twitter:card\" content=\"summary_large_image\" \/>\n<meta name=\"twitter:label1\" content=\"Precio\" \/>\n\t<meta name=\"twitter:data1\" content=\"&#36;1,832 con IVA\" \/>\n\t<meta name=\"twitter:label2\" content=\"Availability\" \/>\n\t<meta name=\"twitter:data2\" content=\"In stock\" \/>\n<script type=\"application\/ld+json\" class=\"yoast-schema-graph\">{\"@context\":\"https:\/\/schema.org\",\"@graph\":[{\"@type\":\"WebPage\",\"@id\":\"https:\/\/compuviper.mx\/tienda\/producto\/apple-muwa3am-a195949133626-pencil-usb-c\/\",\"url\":\"https:\/\/compuviper.mx\/tienda\/producto\/apple-muwa3am-a195949133626-pencil-usb-c\/\",\"name\":\"[ Apple ] &#129351; Muwa3am\/a,195949133626 Pencil Usb-c\",\"isPartOf\":{\"@id\":\"https:\/\/compuviper.mx\/tienda\/#website\"},\"datePublished\":\"2026-04-16T05:12:16+00:00\",\"dateModified\":\"2026-04-16T05:12:16+00:00\",\"description\":\"Compra Muwa3am\/a,195949133626 Pencil Usb-c + Env\u00edo a domicilio + Pago seguro + Garant\u00eda\",\"breadcrumb\":{\"@id\":\"https:\/\/compuviper.mx\/tienda\/producto\/apple-muwa3am-a195949133626-pencil-usb-c\/#breadcrumb\"},\"inLanguage\":\"es-MX\",\"potentialAction\":[{\"@type\":\"ReadAction\",\"target\":[\"https:\/\/compuviper.mx\/tienda\/producto\/apple-muwa3am-a195949133626-pencil-usb-c\/\"]}]},{\"@type\":\"BreadcrumbList\",\"@id\":\"https:\/\/compuviper.mx\/tienda\/producto\/apple-muwa3am-a195949133626-pencil-usb-c\/#breadcrumb\",\"itemListElement\":[{\"@type\":\"ListItem\",\"position\":1,\"name\":\"Inicio\",\"item\":\"https:\/\/compuviper.mx\/tienda\/\"},{\"@type\":\"ListItem\",\"position\":2,\"name\":\"Productos\",\"item\":\"https:\/\/compuviper.mx\/tienda\/productos\/\"},{\"@type\":\"ListItem\",\"position\":3,\"name\":\"Accesorios\",\"item\":\"https:\/\/compuviper.mx\/tienda\/categoria-producto\/accesorios\/\"},{\"@type\":\"ListItem\",\"position\":4,\"name\":\"Pluma Interactiva\",\"item\":\"https:\/\/compuviper.mx\/tienda\/categoria-producto\/accesorios\/pluma-interactiva\/\"},{\"@type\":\"ListItem\",\"position\":5,\"name\":\"Apple Muwa3am\/a,195949133626 Pencil Usb-c\"}]},{\"@type\":\"WebSite\",\"@id\":\"https:\/\/compuviper.mx\/tienda\/#website\",\"url\":\"https:\/\/compuviper.mx\/tienda\/\",\"name\":\"Compuviper\",\"description\":\"Proveedor de Computadoras, Laptops, Servidores, Monitores, Puntos de Venta, Teclados,   Impresoras, T\u00f3ner, C\u00e1maras de Seguridad y m\u00e1s en tu tienda en l\u00ednea\",\"publisher\":{\"@id\":\"https:\/\/compuviper.mx\/tienda\/#organization\"},\"potentialAction\":[{\"@type\":\"SearchAction\",\"target\":{\"@type\":\"EntryPoint\",\"urlTemplate\":\"https:\/\/compuviper.mx\/tienda\/?s={search_term_string}\"},\"query-input\":\"required name=search_term_string\"}],\"inLanguage\":\"es-MX\"},{\"@type\":\"Organization\",\"@id\":\"https:\/\/compuviper.mx\/tienda\/#organization\",\"name\":\"Compuviper\",\"url\":\"https:\/\/compuviper.mx\/tienda\/\",\"logo\":{\"@type\":\"ImageObject\",\"inLanguage\":\"es-MX\",\"@id\":\"https:\/\/compuviper.mx\/tienda\/#\/schema\/logo\/image\/\",\"url\":\"https:\/\/compuviper.mx\/tienda\/wp-content\/uploads\/2021\/08\/Logo-Compuviper-10.png\",\"contentUrl\":\"https:\/\/compuviper.mx\/tienda\/wp-content\/uploads\/2021\/08\/Logo-Compuviper-10.png\",\"width\":1000,\"height\":500,\"caption\":\"Compuviper\"},\"image\":{\"@id\":\"https:\/\/compuviper.mx\/tienda\/#\/schema\/logo\/image\/\"},\"sameAs\":[\"https:\/\/www.facebook.com\/compuviper\",\"https:\/\/www.youtube.com\/channel\/UCf73dERp9Y3cfOq7q8BhLjA?view_as=subscriber\"]}]}<\/script>\n<meta property=\"product:brand\" content=\"APPLE\" \/>\n<meta property=\"product:price:amount\" content=\"1832\" \/>\n<meta property=\"product:price:currency\" content=\"MXN\" \/>\n<meta property=\"og:availability\" content=\"instock\" \/>\n<meta property=\"product:availability\" content=\"instock\" \/>\n<meta property=\"product:retailer_item_id\" content=\"MUWA3AM\/A,195949133626\" \/>\n<meta property=\"product:condition\" content=\"new\" \/>\n<!-- \/ Yoast SEO plugin. -->","yoast_head_json":{"title":"[ Apple ] &#129351; Muwa3am\/a,195949133626 Pencil Usb-c","description":"Compra Muwa3am\/a,195949133626 Pencil Usb-c + Env\u00edo a domicilio + Pago seguro + Garant\u00eda","robots":{"index":"index","follow":"follow","max-snippet":"max-snippet:-1","max-image-preview":"max-image-preview:large","max-video-preview":"max-video-preview:-1"},"canonical":"https:\/\/compuviper.mx\/tienda\/producto\/apple-muwa3am-a195949133626-pencil-usb-c\/","og_locale":"es_MX","og_type":"article","og_title":"[ Apple ] &#129351; Muwa3am\/a,195949133626 Pencil Usb-c","og_description":"Compra Muwa3am\/a,195949133626 Pencil Usb-c + Env\u00edo a domicilio + Pago seguro + Garant\u00eda","og_url":"https:\/\/compuviper.mx\/tienda\/producto\/apple-muwa3am-a195949133626-pencil-usb-c\/","og_site_name":"Compuviper","article_publisher":"https:\/\/www.facebook.com\/compuviper","og_image":[{"width":200,"height":200,"url":"https:\/\/compuviper.mx\/tienda\/wp-content\/uploads\/2025\/10\/Apple-pencil-usb-c.jpg","type":"image\/jpeg"}],"twitter_card":"summary_large_image","twitter_misc":{"Precio":"&#36;1,832 con IVA","Availability":"In stock"},"schema":{"@context":"https:\/\/schema.org","@graph":[{"@type":"WebPage","@id":"https:\/\/compuviper.mx\/tienda\/producto\/apple-muwa3am-a195949133626-pencil-usb-c\/","url":"https:\/\/compuviper.mx\/tienda\/producto\/apple-muwa3am-a195949133626-pencil-usb-c\/","name":"[ Apple ] &#129351; Muwa3am\/a,195949133626 Pencil Usb-c","isPartOf":{"@id":"https:\/\/compuviper.mx\/tienda\/#website"},"datePublished":"2026-04-16T05:12:16+00:00","dateModified":"2026-04-16T05:12:16+00:00","description":"Compra Muwa3am\/a,195949133626 Pencil Usb-c + Env\u00edo a domicilio + Pago seguro + Garant\u00eda","breadcrumb":{"@id":"https:\/\/compuviper.mx\/tienda\/producto\/apple-muwa3am-a195949133626-pencil-usb-c\/#breadcrumb"},"inLanguage":"es-MX","potentialAction":[{"@type":"ReadAction","target":["https:\/\/compuviper.mx\/tienda\/producto\/apple-muwa3am-a195949133626-pencil-usb-c\/"]}]},{"@type":"BreadcrumbList","@id":"https:\/\/compuviper.mx\/tienda\/producto\/apple-muwa3am-a195949133626-pencil-usb-c\/#breadcrumb","itemListElement":[{"@type":"ListItem","position":1,"name":"Inicio","item":"https:\/\/compuviper.mx\/tienda\/"},{"@type":"ListItem","position":2,"name":"Productos","item":"https:\/\/compuviper.mx\/tienda\/productos\/"},{"@type":"ListItem","position":3,"name":"Accesorios","item":"https:\/\/compuviper.mx\/tienda\/categoria-producto\/accesorios\/"},{"@type":"ListItem","position":4,"name":"Pluma Interactiva","item":"https:\/\/compuviper.mx\/tienda\/categoria-producto\/accesorios\/pluma-interactiva\/"},{"@type":"ListItem","position":5,"name":"Apple Muwa3am\/a,195949133626 Pencil Usb-c"}]},{"@type":"WebSite","@id":"https:\/\/compuviper.mx\/tienda\/#website","url":"https:\/\/compuviper.mx\/tienda\/","name":"Compuviper","description":"Proveedor de Computadoras, Laptops, Servidores, Monitores, Puntos de Venta, Teclados,   Impresoras, T\u00f3ner, C\u00e1maras de Seguridad y m\u00e1s en tu tienda en l\u00ednea","publisher":{"@id":"https:\/\/compuviper.mx\/tienda\/#organization"},"potentialAction":[{"@type":"SearchAction","target":{"@type":"EntryPoint","urlTemplate":"https:\/\/compuviper.mx\/tienda\/?s={search_term_string}"},"query-input":"required name=search_term_string"}],"inLanguage":"es-MX"},{"@type":"Organization","@id":"https:\/\/compuviper.mx\/tienda\/#organization","name":"Compuviper","url":"https:\/\/compuviper.mx\/tienda\/","logo":{"@type":"ImageObject","inLanguage":"es-MX","@id":"https:\/\/compuviper.mx\/tienda\/#\/schema\/logo\/image\/","url":"https:\/\/compuviper.mx\/tienda\/wp-content\/uploads\/2021\/08\/Logo-Compuviper-10.png","contentUrl":"https:\/\/compuviper.mx\/tienda\/wp-content\/uploads\/2021\/08\/Logo-Compuviper-10.png","width":1000,"height":500,"caption":"Compuviper"},"image":{"@id":"https:\/\/compuviper.mx\/tienda\/#\/schema\/logo\/image\/"},"sameAs":["https:\/\/www.facebook.com\/compuviper","https:\/\/www.youtube.com\/channel\/UCf73dERp9Y3cfOq7q8BhLjA?view_as=subscriber"]}]},"product_brand":"APPLE","product_price_amount":"1832","product_price_currency":"MXN","og_availability":"instock","product_availability":"instock","product_retailer_item_id":"MUWA3AM\/A,195949133626","product_condition":"new"},"_links":{"self":[{"href":"https:\/\/compuviper.mx\/tienda\/wp-json\/wp\/v2\/product\/246434"}],"collection":[{"href":"https:\/\/compuviper.mx\/tienda\/wp-json\/wp\/v2\/product"}],"about":[{"href":"https:\/\/compuviper.mx\/tienda\/wp-json\/wp\/v2\/types\/product"}],"replies":[{"embeddable":true,"href":"https:\/\/compuviper.mx\/tienda\/wp-json\/wp\/v2\/comments?post=246434"}],"wp:featuredmedia":[{"embeddable":true,"href":"https:\/\/compuviper.mx\/tienda\/wp-json\/wp\/v2\/media\/258700"}],"wp:attachment":[{"href":"https:\/\/compuviper.mx\/tienda\/wp-json\/wp\/v2\/media?parent=246434"}],"wp:term":[{"taxonomy":"product_cat","embeddable":true,"href":"https:\/\/compuviper.mx\/tienda\/wp-json\/wp\/v2\/product_cat?post=246434"},{"taxonomy":"product_tag","embeddable":true,"href":"https:\/\/compuviper.mx\/tienda\/wp-json\/wp\/v2\/product_tag?post=246434"}],"curies":[{"name":"wp","href":"https:\/\/api.w.org\/{rel}","templated":true}]}}