{"id":246330,"date":"2026-04-25T01:56:41","date_gmt":"2026-04-25T07:56:41","guid":{"rendered":"https:\/\/compuviper.mx\/tienda\/producto\/poly-874r3aa-micrfono-de-mesa-hp-microfono-de-mesa-de-conferencia-para-equipos-g7500-y-g62-alambrico-color-negro\/"},"modified":"2026-04-25T01:56:42","modified_gmt":"2026-04-25T07:56:42","slug":"poly-874r3aa-microfono-de-mesa-hp-microfono-de-mesa-de-conferencia-para-equipos-g7500-y-g62-alambrico-color-negro","status":"publish","type":"product","link":"https:\/\/compuviper.mx\/tienda\/producto\/poly-874r3aa-microfono-de-mesa-hp-microfono-de-mesa-de-conferencia-para-equipos-g7500-y-g62-alambrico-color-negro\/","title":{"rendered":"Poly 874r3aa Microfono De Mesa Hp   \/ Microfono De Mesa De Conferencia Para Equipos G7500 Y G62 Alambrico, Color Negro"},"content":{"rendered":"<table class=\"descripcion\">\n<tr>\n<td>-modelo:   micrfono de expansin para poly g7500<\/td>\n<\/tr>\n<tr>\n<td>-tipo de micrfono:  array de micrfonos direccionales<\/td>\n<\/tr>\n<tr>\n<td>-nmero de micrfonos:  tres 3 micrfonos unidireccionales cardioides<\/td>\n<\/tr>\n<tr>\n<td>-cobertura de audio:  360 grados<\/td>\n<\/tr>\n<tr>\n<td>-respuesta de frecuencia:  80 hz a 20 khz<\/td>\n<\/tr>\n<tr>\n<td>-sensibilidad:  -40 db v\/pa<\/td>\n<\/tr>\n<tr>\n<td>-relacin seal\/ruido snr:   70 db<\/td>\n<\/tr>\n<tr>\n<td>-spl m\u00e1ximo:   90 db<\/td>\n<\/tr>\n<tr>\n<td>-rango de captura:  hasta 2.5 m \/ 8.2 ft<\/td>\n<\/tr>\n<tr>\n<td>-conectividad:  puerto rj45 lan<\/td>\n<\/tr>\n<tr>\n<td>-alimentacin:  power over ethernet poe, 802.1af, 15.4w max<\/td>\n<\/tr>\n<tr>\n<td>-dimensiones:  4.7 x 5.4 x 1 in \/ 119.8 x 138 x 25.4 mm wxdxh<\/td>\n<\/tr>\n<tr>\n<td>-peso:  0.45 lb \/ 0.20 kg<\/td>\n<\/tr>\n<tr>\n<td>-controles:  botn de silencio<\/td>\n<\/tr>\n<tr>\n<td>-compatibilidad:  poly g7500; hasta tres 3 arrays de micrfono<\/td>\n<\/tr>\n<tr>\n<td>-contenido del paquete:  micrfono de mesa ip, cable cat 5e de 25 ft 7.6 m<\/td>\n<\/tr>\n<tr>\n<td>-color:  negro<\/td>\n<\/tr>\n<tr>\n<td>-garanta:  un 1 ao<\/td>\n<\/tr>\n<\/table>\n","protected":false},"excerpt":{"rendered":"<p>El conjunto de micrfonos ip ofrece una excelente calidad de audio para su mesa de conferencias.  And 9632; micrfono de escritorio poly ip g5700.  And 9632; captura de voz precisa: el micrfono ip permite una captacin de voz clara y precisa.  And 9632; cobertura de 360  and 8203; and 8203;grados: toma audio desde todas las direcciones para una comunicacin ptima en la sala de conferencias.  And 9632; cancelacin de eco y ruido: garantiza una experiencia de audio sin distracciones.  And 9632; f\u00e1cil integracin: compatible con poly g7500 ip para una integracin perfecta en su solucin de sala de conferencias.  And 9632; alta calidad y confiabilidad: construccin robusta para un rendimiento y confiabilidad duraderos.<\/p>\n","protected":false},"featured_media":260846,"comment_status":"open","ping_status":"open","template":"","meta":[],"product_cat":[1552,1999],"product_tag":[2035],"acf":[],"yoast_head":"<!-- This site is optimized with the Yoast SEO plugin v21.7 - https:\/\/yoast.com\/wordpress\/plugins\/seo\/ -->\n<title>[ Poly ] &#129351; 874r3aa Microfono De Mesa Hp \/ Microfono De Mesa De Conferencia Para Equipos G7500 Y G62 Alambrico, Color Negro<\/title>\n<meta name=\"description\" content=\"Compra 874r3aa Microfono De Mesa Hp \/ Microfono De Mesa De Conferencia Para Equipos G7500 Y G62 Alambrico, Color Negro + Env\u00edo a domicilio + Pago seguro + Garant\u00eda\" \/>\n<meta name=\"robots\" content=\"index, follow, max-snippet:-1, max-image-preview:large, max-video-preview:-1\" \/>\n<link rel=\"canonical\" href=\"https:\/\/compuviper.mx\/tienda\/producto\/poly-874r3aa-microfono-de-mesa-hp-microfono-de-mesa-de-conferencia-para-equipos-g7500-y-g62-alambrico-color-negro\/\" \/>\n<meta property=\"og:locale\" content=\"es_MX\" \/>\n<meta property=\"og:type\" content=\"article\" \/>\n<meta property=\"og:title\" content=\"[ Poly ] &#129351; 874r3aa Microfono De Mesa Hp \/ Microfono De Mesa De Conferencia Para Equipos G7500 Y G62 Alambrico, Color Negro\" \/>\n<meta property=\"og:description\" content=\"Compra 874r3aa Microfono De Mesa Hp \/ Microfono De Mesa De Conferencia Para Equipos G7500 Y G62 Alambrico, Color Negro + Env\u00edo a domicilio + Pago seguro + Garant\u00eda\" \/>\n<meta property=\"og:url\" content=\"https:\/\/compuviper.mx\/tienda\/producto\/poly-874r3aa-microfono-de-mesa-hp-microfono-de-mesa-de-conferencia-para-equipos-g7500-y-g62-alambrico-color-negro\/\" \/>\n<meta property=\"og:site_name\" content=\"Compuviper\" \/>\n<meta property=\"article:publisher\" content=\"https:\/\/www.facebook.com\/compuviper\" \/>\n<meta property=\"article:modified_time\" content=\"2026-04-25T07:56:42+00:00\" \/>\n<meta property=\"og:image\" content=\"https:\/\/compuviper.mx\/tienda\/wp-content\/uploads\/2025\/10\/Microfono-de-mesa-hp-poly-874r3aa-microfono-de-mesa-de-conferencia-para-equipos-g7500-y-g62-alambrico-color-negro.jpg\" \/>\n\t<meta property=\"og:image:width\" content=\"200\" \/>\n\t<meta property=\"og:image:height\" content=\"200\" \/>\n\t<meta property=\"og:image:type\" content=\"image\/jpeg\" \/>\n<meta name=\"twitter:card\" content=\"summary_large_image\" \/>\n<meta name=\"twitter:label1\" content=\"Precio\" \/>\n\t<meta name=\"twitter:data1\" content=\"&#36;8,808 &#36;8,497 con IVA\" \/>\n\t<meta name=\"twitter:label2\" content=\"Availability\" \/>\n\t<meta name=\"twitter:data2\" content=\"On backorder\" \/>\n<script type=\"application\/ld+json\" class=\"yoast-schema-graph\">{\"@context\":\"https:\/\/schema.org\",\"@graph\":[{\"@type\":\"WebPage\",\"@id\":\"https:\/\/compuviper.mx\/tienda\/producto\/poly-874r3aa-microfono-de-mesa-hp-microfono-de-mesa-de-conferencia-para-equipos-g7500-y-g62-alambrico-color-negro\/\",\"url\":\"https:\/\/compuviper.mx\/tienda\/producto\/poly-874r3aa-microfono-de-mesa-hp-microfono-de-mesa-de-conferencia-para-equipos-g7500-y-g62-alambrico-color-negro\/\",\"name\":\"[ Poly ] &#129351; 874r3aa Microfono De Mesa Hp \/ Microfono De Mesa De Conferencia Para Equipos G7500 Y G62 Alambrico, Color Negro\",\"isPartOf\":{\"@id\":\"https:\/\/compuviper.mx\/tienda\/#website\"},\"datePublished\":\"2026-04-25T07:56:41+00:00\",\"dateModified\":\"2026-04-25T07:56:42+00:00\",\"description\":\"Compra 874r3aa Microfono De Mesa Hp \/ Microfono De Mesa De Conferencia Para Equipos G7500 Y G62 Alambrico, Color Negro + Env\u00edo a domicilio + Pago seguro + Garant\u00eda\",\"breadcrumb\":{\"@id\":\"https:\/\/compuviper.mx\/tienda\/producto\/poly-874r3aa-microfono-de-mesa-hp-microfono-de-mesa-de-conferencia-para-equipos-g7500-y-g62-alambrico-color-negro\/#breadcrumb\"},\"inLanguage\":\"es-MX\",\"potentialAction\":[{\"@type\":\"ReadAction\",\"target\":[\"https:\/\/compuviper.mx\/tienda\/producto\/poly-874r3aa-microfono-de-mesa-hp-microfono-de-mesa-de-conferencia-para-equipos-g7500-y-g62-alambrico-color-negro\/\"]}]},{\"@type\":\"BreadcrumbList\",\"@id\":\"https:\/\/compuviper.mx\/tienda\/producto\/poly-874r3aa-microfono-de-mesa-hp-microfono-de-mesa-de-conferencia-para-equipos-g7500-y-g62-alambrico-color-negro\/#breadcrumb\",\"itemListElement\":[{\"@type\":\"ListItem\",\"position\":1,\"name\":\"Inicio\",\"item\":\"https:\/\/compuviper.mx\/tienda\/\"},{\"@type\":\"ListItem\",\"position\":2,\"name\":\"Productos\",\"item\":\"https:\/\/compuviper.mx\/tienda\/productos\/\"},{\"@type\":\"ListItem\",\"position\":3,\"name\":\"Audifonos Y Micro\",\"item\":\"https:\/\/compuviper.mx\/tienda\/categoria-producto\/audifonos-y-micro\/\"},{\"@type\":\"ListItem\",\"position\":4,\"name\":\"Microfono\",\"item\":\"https:\/\/compuviper.mx\/tienda\/categoria-producto\/audifonos-y-micro\/microfono\/\"},{\"@type\":\"ListItem\",\"position\":5,\"name\":\"Poly 874r3aa Microfono De Mesa Hp \/ Microfono De Mesa De Conferencia Para Equipos G7500 Y G62 Alambrico, Color Negro\"}]},{\"@type\":\"WebSite\",\"@id\":\"https:\/\/compuviper.mx\/tienda\/#website\",\"url\":\"https:\/\/compuviper.mx\/tienda\/\",\"name\":\"Compuviper\",\"description\":\"Proveedor de Computadoras, Laptops, Servidores, Monitores, Puntos de Venta, Teclados,   Impresoras, T\u00f3ner, C\u00e1maras de Seguridad y m\u00e1s en tu tienda en l\u00ednea\",\"publisher\":{\"@id\":\"https:\/\/compuviper.mx\/tienda\/#organization\"},\"potentialAction\":[{\"@type\":\"SearchAction\",\"target\":{\"@type\":\"EntryPoint\",\"urlTemplate\":\"https:\/\/compuviper.mx\/tienda\/?s={search_term_string}\"},\"query-input\":\"required name=search_term_string\"}],\"inLanguage\":\"es-MX\"},{\"@type\":\"Organization\",\"@id\":\"https:\/\/compuviper.mx\/tienda\/#organization\",\"name\":\"Compuviper\",\"url\":\"https:\/\/compuviper.mx\/tienda\/\",\"logo\":{\"@type\":\"ImageObject\",\"inLanguage\":\"es-MX\",\"@id\":\"https:\/\/compuviper.mx\/tienda\/#\/schema\/logo\/image\/\",\"url\":\"https:\/\/compuviper.mx\/tienda\/wp-content\/uploads\/2021\/08\/Logo-Compuviper-10.png\",\"contentUrl\":\"https:\/\/compuviper.mx\/tienda\/wp-content\/uploads\/2021\/08\/Logo-Compuviper-10.png\",\"width\":1000,\"height\":500,\"caption\":\"Compuviper\"},\"image\":{\"@id\":\"https:\/\/compuviper.mx\/tienda\/#\/schema\/logo\/image\/\"},\"sameAs\":[\"https:\/\/www.facebook.com\/compuviper\",\"https:\/\/www.youtube.com\/channel\/UCf73dERp9Y3cfOq7q8BhLjA?view_as=subscriber\"]}]}<\/script>\n<meta property=\"product:brand\" content=\"POLY\" \/>\n<meta property=\"product:price:amount\" content=\"8497\" \/>\n<meta property=\"product:price:currency\" content=\"MXN\" \/>\n<meta property=\"og:availability\" content=\"backorder\" \/>\n<meta property=\"product:availability\" content=\"available for order\" \/>\n<meta property=\"product:retailer_item_id\" content=\"874R3AA\" \/>\n<meta property=\"product:condition\" content=\"new\" \/>\n<!-- \/ Yoast SEO plugin. -->","yoast_head_json":{"title":"[ Poly ] &#129351; 874r3aa Microfono De Mesa Hp \/ Microfono De Mesa De Conferencia Para Equipos G7500 Y G62 Alambrico, Color Negro","description":"Compra 874r3aa Microfono De Mesa Hp \/ Microfono De Mesa De Conferencia Para Equipos G7500 Y G62 Alambrico, Color Negro + Env\u00edo a domicilio + Pago seguro + Garant\u00eda","robots":{"index":"index","follow":"follow","max-snippet":"max-snippet:-1","max-image-preview":"max-image-preview:large","max-video-preview":"max-video-preview:-1"},"canonical":"https:\/\/compuviper.mx\/tienda\/producto\/poly-874r3aa-microfono-de-mesa-hp-microfono-de-mesa-de-conferencia-para-equipos-g7500-y-g62-alambrico-color-negro\/","og_locale":"es_MX","og_type":"article","og_title":"[ Poly ] &#129351; 874r3aa Microfono De Mesa Hp \/ Microfono De Mesa De Conferencia Para Equipos G7500 Y G62 Alambrico, Color Negro","og_description":"Compra 874r3aa Microfono De Mesa Hp \/ Microfono De Mesa De Conferencia Para Equipos G7500 Y G62 Alambrico, Color Negro + Env\u00edo a domicilio + Pago seguro + Garant\u00eda","og_url":"https:\/\/compuviper.mx\/tienda\/producto\/poly-874r3aa-microfono-de-mesa-hp-microfono-de-mesa-de-conferencia-para-equipos-g7500-y-g62-alambrico-color-negro\/","og_site_name":"Compuviper","article_publisher":"https:\/\/www.facebook.com\/compuviper","article_modified_time":"2026-04-25T07:56:42+00:00","og_image":[{"width":200,"height":200,"url":"https:\/\/compuviper.mx\/tienda\/wp-content\/uploads\/2025\/10\/Microfono-de-mesa-hp-poly-874r3aa-microfono-de-mesa-de-conferencia-para-equipos-g7500-y-g62-alambrico-color-negro.jpg","type":"image\/jpeg"}],"twitter_card":"summary_large_image","twitter_misc":{"Precio":"&#36;8,808 &#36;8,497 con IVA","Availability":"On backorder"},"schema":{"@context":"https:\/\/schema.org","@graph":[{"@type":"WebPage","@id":"https:\/\/compuviper.mx\/tienda\/producto\/poly-874r3aa-microfono-de-mesa-hp-microfono-de-mesa-de-conferencia-para-equipos-g7500-y-g62-alambrico-color-negro\/","url":"https:\/\/compuviper.mx\/tienda\/producto\/poly-874r3aa-microfono-de-mesa-hp-microfono-de-mesa-de-conferencia-para-equipos-g7500-y-g62-alambrico-color-negro\/","name":"[ Poly ] &#129351; 874r3aa Microfono De Mesa Hp \/ Microfono De Mesa De Conferencia Para Equipos G7500 Y G62 Alambrico, Color Negro","isPartOf":{"@id":"https:\/\/compuviper.mx\/tienda\/#website"},"datePublished":"2026-04-25T07:56:41+00:00","dateModified":"2026-04-25T07:56:42+00:00","description":"Compra 874r3aa Microfono De Mesa Hp \/ Microfono De Mesa De Conferencia Para Equipos G7500 Y G62 Alambrico, Color Negro + Env\u00edo a domicilio + Pago seguro + Garant\u00eda","breadcrumb":{"@id":"https:\/\/compuviper.mx\/tienda\/producto\/poly-874r3aa-microfono-de-mesa-hp-microfono-de-mesa-de-conferencia-para-equipos-g7500-y-g62-alambrico-color-negro\/#breadcrumb"},"inLanguage":"es-MX","potentialAction":[{"@type":"ReadAction","target":["https:\/\/compuviper.mx\/tienda\/producto\/poly-874r3aa-microfono-de-mesa-hp-microfono-de-mesa-de-conferencia-para-equipos-g7500-y-g62-alambrico-color-negro\/"]}]},{"@type":"BreadcrumbList","@id":"https:\/\/compuviper.mx\/tienda\/producto\/poly-874r3aa-microfono-de-mesa-hp-microfono-de-mesa-de-conferencia-para-equipos-g7500-y-g62-alambrico-color-negro\/#breadcrumb","itemListElement":[{"@type":"ListItem","position":1,"name":"Inicio","item":"https:\/\/compuviper.mx\/tienda\/"},{"@type":"ListItem","position":2,"name":"Productos","item":"https:\/\/compuviper.mx\/tienda\/productos\/"},{"@type":"ListItem","position":3,"name":"Audifonos Y Micro","item":"https:\/\/compuviper.mx\/tienda\/categoria-producto\/audifonos-y-micro\/"},{"@type":"ListItem","position":4,"name":"Microfono","item":"https:\/\/compuviper.mx\/tienda\/categoria-producto\/audifonos-y-micro\/microfono\/"},{"@type":"ListItem","position":5,"name":"Poly 874r3aa Microfono De Mesa Hp \/ Microfono De Mesa De Conferencia Para Equipos G7500 Y G62 Alambrico, Color Negro"}]},{"@type":"WebSite","@id":"https:\/\/compuviper.mx\/tienda\/#website","url":"https:\/\/compuviper.mx\/tienda\/","name":"Compuviper","description":"Proveedor de Computadoras, Laptops, Servidores, Monitores, Puntos de Venta, Teclados,   Impresoras, T\u00f3ner, C\u00e1maras de Seguridad y m\u00e1s en tu tienda en l\u00ednea","publisher":{"@id":"https:\/\/compuviper.mx\/tienda\/#organization"},"potentialAction":[{"@type":"SearchAction","target":{"@type":"EntryPoint","urlTemplate":"https:\/\/compuviper.mx\/tienda\/?s={search_term_string}"},"query-input":"required name=search_term_string"}],"inLanguage":"es-MX"},{"@type":"Organization","@id":"https:\/\/compuviper.mx\/tienda\/#organization","name":"Compuviper","url":"https:\/\/compuviper.mx\/tienda\/","logo":{"@type":"ImageObject","inLanguage":"es-MX","@id":"https:\/\/compuviper.mx\/tienda\/#\/schema\/logo\/image\/","url":"https:\/\/compuviper.mx\/tienda\/wp-content\/uploads\/2021\/08\/Logo-Compuviper-10.png","contentUrl":"https:\/\/compuviper.mx\/tienda\/wp-content\/uploads\/2021\/08\/Logo-Compuviper-10.png","width":1000,"height":500,"caption":"Compuviper"},"image":{"@id":"https:\/\/compuviper.mx\/tienda\/#\/schema\/logo\/image\/"},"sameAs":["https:\/\/www.facebook.com\/compuviper","https:\/\/www.youtube.com\/channel\/UCf73dERp9Y3cfOq7q8BhLjA?view_as=subscriber"]}]},"product_brand":"POLY","product_price_amount":"8497","product_price_currency":"MXN","og_availability":"backorder","product_availability":"available for order","product_retailer_item_id":"874R3AA","product_condition":"new"},"_links":{"self":[{"href":"https:\/\/compuviper.mx\/tienda\/wp-json\/wp\/v2\/product\/246330"}],"collection":[{"href":"https:\/\/compuviper.mx\/tienda\/wp-json\/wp\/v2\/product"}],"about":[{"href":"https:\/\/compuviper.mx\/tienda\/wp-json\/wp\/v2\/types\/product"}],"replies":[{"embeddable":true,"href":"https:\/\/compuviper.mx\/tienda\/wp-json\/wp\/v2\/comments?post=246330"}],"wp:featuredmedia":[{"embeddable":true,"href":"https:\/\/compuviper.mx\/tienda\/wp-json\/wp\/v2\/media\/260846"}],"wp:attachment":[{"href":"https:\/\/compuviper.mx\/tienda\/wp-json\/wp\/v2\/media?parent=246330"}],"wp:term":[{"taxonomy":"product_cat","embeddable":true,"href":"https:\/\/compuviper.mx\/tienda\/wp-json\/wp\/v2\/product_cat?post=246330"},{"taxonomy":"product_tag","embeddable":true,"href":"https:\/\/compuviper.mx\/tienda\/wp-json\/wp\/v2\/product_tag?post=246330"}],"curies":[{"name":"wp","href":"https:\/\/api.w.org\/{rel}","templated":true}]}}