{"id":246321,"date":"2026-04-07T01:25:10","date_gmt":"2026-04-07T07:25:10","guid":{"rendered":"https:\/\/compuviper.mx\/tienda\/producto\/apple-mwuv3e-a-imac-24-retina-4-5k-chip-m4-de-cpu-10-nucleos-y-gpu-10-nucleos-16gb-512gb-ssd-4-puertos-thunderbolt-4-gigabit-ethernet-magic-keyboard-con-touch-id-plata\/"},"modified":"2026-04-07T01:25:11","modified_gmt":"2026-04-07T07:25:11","slug":"apple-mwuv3e-a-imac-24-retina-4-5k-chip-m4-de-cpu-10-nucleos-y-gpu-10-nucleos-16gb-512gb-ssd-4-puertos-thunderbolt-4-gigabit-ethernet-magic-keyboard-con-touch-id-plata","status":"publish","type":"product","link":"https:\/\/compuviper.mx\/tienda\/producto\/apple-mwuv3e-a-imac-24-retina-4-5k-chip-m4-de-cpu-10-nucleos-y-gpu-10-nucleos-16gb-512gb-ssd-4-puertos-thunderbolt-4-gigabit-ethernet-magic-keyboard-con-touch-id-plata\/","title":{"rendered":"Apple Mwuv3e\/a Imac 24 Retina 4.5k\/chip M4 De  Cpu 10 Nucleos Y Gpu 10 Nucleos\/16gb\/512gb Ssd\/4 Puertos Thunderbolt 4\/gigabit Ethernet\/magic Keyboard Con Touch Id\/plata"},"content":{"rendered":"<table class=\"descripcion\">\n<tr>\n<td>Chip m4 de apple<\/td>\n<\/tr>\n<tr>\n<td>\u0095 cpu de 10 n\u00facleos con 4 n\u00facleos de rendimiento y 6 de eficiencia<\/td>\n<\/tr>\n<tr>\n<td>\u0095 gpu de 10 n\u00facleos<\/td>\n<\/tr>\n<tr>\n<td>\u0095 trazado de rayos acelerado por hardware<\/td>\n<\/tr>\n<tr>\n<td>\u0095 neural engine de 16 n\u00facleos<\/td>\n<\/tr>\n<tr>\n<td>\u0095 120 gb\/s de ancho de banda de memoria<\/td>\n<\/tr>\n<tr>\n<td>Motor multimedia<\/td>\n<\/tr>\n<tr>\n<td>\u0095 h.264, hevc, prores y prores raw con aceleraci\u00f3n por hardware<\/td>\n<\/tr>\n<tr>\n<td>\u0095 motor de decodificaci\u00f3n de video<\/td>\n<\/tr>\n<tr>\n<td>\u0095 motor de codificaci\u00f3n de video<\/td>\n<\/tr>\n<tr>\n<td>\u0095 motor de codificaci\u00f3n y decodificaci\u00f3n prores<\/td>\n<\/tr>\n<tr>\n<td>\u0095 decodificaci\u00f3n av1<\/td>\n<\/tr>\n<tr>\n<td>Apple intelligence<\/td>\n<\/tr>\n<tr>\n<td>Apple intelligence es un sistema de inteligencia personal que te ayuda a escribir, expresarte y hacer de todo con mucha facilidad. y las avanzadas protecciones de privacidad te brindan la tranquilidad de saber que nadie m\u00e1s podr\u00e1 acceder a tus datos. ni siquiera apple.<\/td>\n<\/tr>\n<tr>\n<td>Almacenamiento<\/td>\n<\/tr>\n<tr>\n<td>Ssd de 512 gb<\/td>\n<\/tr>\n<tr>\n<td>Memoria<\/td>\n<\/tr>\n<tr>\n<td>16 gb de memoria unificada<\/td>\n<\/tr>\n<tr>\n<td>Pantalla<\/td>\n<\/tr>\n<tr>\n<td>Pantalla retina 4.5k de 24 pulgadas<\/td>\n<\/tr>\n<tr>\n<td>\u0095 resoluci\u00f3n de 4480 x 2520 a 218 pixeles por pulgada compatible con 1,000 millones de colores<\/td>\n<\/tr>\n<tr>\n<td>\u0095 brillo de 500 nits<\/td>\n<\/tr>\n<tr>\n<td>\u0095 amplia gama de colores (p3)<\/td>\n<\/tr>\n<tr>\n<td>\u0095 tecnolog\u00eda true tone<\/td>\n<\/tr>\n<tr>\n<td>C\u00e1mara<\/td>\n<\/tr>\n<tr>\n<td>\u0095 c\u00e1mara 12mp center stage compatible con vista del escritorio<\/td>\n<\/tr>\n<tr>\n<td>\u0095 grabaci\u00f3n de video hd de 1080p<\/td>\n<\/tr>\n<tr>\n<td>\u0095 procesador de se\u00f1al de imagen avanzado con video computacional<\/td>\n<\/tr>\n<tr>\n<td>Compatibilidad con monitores<\/td>\n<\/tr>\n<tr>\n<td>Es compatible simult\u00e1neamente con la resoluci\u00f3n nativa de la pantalla integrada en 1,000 millones de colores y:<\/td>\n<\/tr>\n<tr>\n<td>\u0095 hasta dos monitores externos con resoluci\u00f3n hasta 6k a 60 hz o un monitor externo con resoluci\u00f3n hasta 8k a 60 hz<\/td>\n<\/tr>\n<tr>\n<td>Salida de video digital thunderbolt 4<\/td>\n<\/tr>\n<tr>\n<td>\u0095 salida displayport nativa a trav\u00e9s de usb c<\/td>\n<\/tr>\n<tr>\n<td>Reproducci\u00f3n de video<\/td>\n<\/tr>\n<tr>\n<td>\u0095 los formatos compatibles incluyen hevc, h.264, av1 y prores<\/td>\n<\/tr>\n<tr>\n<td>\u0095 hdr con dolby vision, hdr10, hdr10+ y hlg<\/td>\n<\/tr>\n<tr>\n<td>Reproducci\u00f3n de audio<\/td>\n<\/tr>\n<tr>\n<td>Los formatos compatibles incluyen aac, mp3, apple lossless, flac, dolby digital, dolby digital plus y dolby atmos<\/td>\n<\/tr>\n<tr>\n<td>Audio<\/td>\n<\/tr>\n<tr>\n<td>\u0095 sistema de seis bocinas de alta fidelidad con woofers con cancelaci\u00f3n de fuerza<\/td>\n<\/tr>\n<tr>\n<td>\u0095 amplio sonido est\u00e9reo<\/td>\n<\/tr>\n<tr>\n<td>\u0095 compatible con audio espacial al reproducir m\u00fasica o video con dolby atmos<\/td>\n<\/tr>\n<tr>\n<td>\u0095 sistema de tres micr\u00f3fonos con calidad de estudio, alta relaci\u00f3n se\u00f1al\/ruido y tecnolog\u00eda beamforming direccional<\/td>\n<\/tr>\n<tr>\n<td>\u0095 compatible con \u0093oye siri\u0094<\/td>\n<\/tr>\n<tr>\n<td>Conexiones y expansi\u00f3n<\/td>\n<\/tr>\n<tr>\n<td>Cuatro puertos thunderbolt 4 compatibles con:<\/td>\n<\/tr>\n<tr>\n<td>\u0095 thunderbolt 4 (hasta 40 gb\/s)<\/td>\n<\/tr>\n<tr>\n<td>\u0095 usb 4 (hasta 40 gb\/s)<\/td>\n<\/tr>\n<tr>\n<td>\u0095 usb 3.1 de segunda generaci\u00f3n (hasta 10 gb\/s)<\/td>\n<\/tr>\n<tr>\n<td>\u0095 displayport<\/td>\n<\/tr>\n<tr>\n<td>\u0095 entrada de 3.5 mm para aud\u00edfonos con compatibilidad avanzada para aud\u00edfonos de alta impedancia<\/td>\n<\/tr>\n<tr>\n<td>\u0095 gigabit ethernet<\/td>\n<\/tr>\n<tr>\n<td>Entradas<\/td>\n<\/tr>\n<tr>\n<td>\u0095 magic keyboard con touch id<\/td>\n<\/tr>\n<tr>\n<td>\u0095 magic mouse<\/td>\n<\/tr>\n<tr>\n<td>Conexi\u00f3n<\/td>\n<\/tr>\n<tr>\n<td>Inal\u00e1mbrica<\/td>\n<\/tr>\n<tr>\n<td>Wi-fi<\/td>\n<\/tr>\n<tr>\n<td>\u0095 wi-fi 6e (802.11ax)<\/td>\n<\/tr>\n<tr>\n<td>Bluetooth<\/td>\n<\/tr>\n<tr>\n<td>\u0095 bluetooth 5.3<\/td>\n<\/tr>\n<tr>\n<td>En la caja<\/td>\n<\/tr>\n<tr>\n<td>\u0095 imac<\/td>\n<\/tr>\n<tr>\n<td>\u0095 magic keyboard con touch id<\/td>\n<\/tr>\n<tr>\n<td>\u0095 magic mouse<\/td>\n<\/tr>\n<tr>\n<td>\u0095 adaptador de corriente de 143 w<\/td>\n<\/tr>\n<tr>\n<td>\u0095 cable de corriente (2 m)<\/td>\n<\/tr>\n<tr>\n<td>\u0095 cable de carga usb-c<\/td>\n<\/tr>\n<tr>\n<td>Sistema operativo<\/td>\n<\/tr>\n<tr>\n<td>Macos<\/td>\n<\/tr>\n<tr>\n<td>Macos es el sistema operativo para computadoras de escritorio m\u00e1s avanzado del mundo. y macos sequoia ofrece nuevas formas de potenciar tu productividad y creatividad con importantes actualizaciones en safari, duplicaci\u00f3n del iphone, ventanas en mosaico y compatibilidad con apple intelligence<\/td>\n<\/tr>\n<\/table>\n","protected":false},"excerpt":{"rendered":"<p>Mira la nueva imac en accion. Dise\u00f1ada para. Apple intelligence. Incre\u00edble. Mente. Original. Apple intelligence es un sistema de inteligencia personal que te ayuda a escribir, expresarte y hacer de todo con mucha facilidad. Y las avanzadas protecciones de privacidad te brindan la tranquilidad de saber que nadie m\u00e1s podr\u00e1 acceder a tus datos. Ni siquiera apple<\/p>\n","protected":false},"featured_media":260462,"comment_status":"open","ping_status":"open","template":"","meta":[],"product_cat":[1977,1971],"product_tag":[1585],"acf":[],"yoast_head":"<!-- This site is optimized with the Yoast SEO plugin v21.7 - https:\/\/yoast.com\/wordpress\/plugins\/seo\/ -->\n<title>[ Apple ] &#129351; Mwuv3e\/a Imac 24 Retina 4.5k\/chip M4 De Cpu 10 Nucleos Y Gpu 10 Nucleos\/16gb\/512gb Ssd\/4 Puertos Thunderbolt 4\/gigabit Ethernet\/magic Keyboard Con Touch Id\/plata<\/title>\n<meta name=\"description\" content=\"Compra Mwuv3e\/a Imac 24 Retina 4.5k\/chip M4 De Cpu 10 Nucleos Y Gpu 10 Nucleos\/16gb\/512gb Ssd\/4 Puertos Thunderbolt 4\/gigabit Ethernet\/magic Keyboard Con Touch Id\/plata + Env\u00edo a domicilio + Pago seguro + Garant\u00eda\" \/>\n<meta name=\"robots\" content=\"index, follow, max-snippet:-1, max-image-preview:large, max-video-preview:-1\" \/>\n<link rel=\"canonical\" href=\"https:\/\/compuviper.mx\/tienda\/producto\/apple-mwuv3e-a-imac-24-retina-4-5k-chip-m4-de-cpu-10-nucleos-y-gpu-10-nucleos-16gb-512gb-ssd-4-puertos-thunderbolt-4-gigabit-ethernet-magic-keyboard-con-touch-id-plata\/\" \/>\n<meta property=\"og:locale\" content=\"es_MX\" \/>\n<meta property=\"og:type\" content=\"article\" \/>\n<meta property=\"og:title\" content=\"[ Apple ] &#129351; Mwuv3e\/a Imac 24 Retina 4.5k\/chip M4 De Cpu 10 Nucleos Y Gpu 10 Nucleos\/16gb\/512gb Ssd\/4 Puertos Thunderbolt 4\/gigabit Ethernet\/magic Keyboard Con Touch Id\/plata\" \/>\n<meta property=\"og:description\" content=\"Compra Mwuv3e\/a Imac 24 Retina 4.5k\/chip M4 De Cpu 10 Nucleos Y Gpu 10 Nucleos\/16gb\/512gb Ssd\/4 Puertos Thunderbolt 4\/gigabit Ethernet\/magic Keyboard Con Touch Id\/plata + Env\u00edo a domicilio + Pago seguro + Garant\u00eda\" \/>\n<meta property=\"og:url\" content=\"https:\/\/compuviper.mx\/tienda\/producto\/apple-mwuv3e-a-imac-24-retina-4-5k-chip-m4-de-cpu-10-nucleos-y-gpu-10-nucleos-16gb-512gb-ssd-4-puertos-thunderbolt-4-gigabit-ethernet-magic-keyboard-con-touch-id-plata\/\" \/>\n<meta property=\"og:site_name\" content=\"Compuviper\" \/>\n<meta property=\"article:publisher\" content=\"https:\/\/www.facebook.com\/compuviper\" \/>\n<meta property=\"article:modified_time\" content=\"2026-04-07T07:25:11+00:00\" \/>\n<meta property=\"og:image\" content=\"https:\/\/compuviper.mx\/tienda\/wp-content\/uploads\/2025\/10\/Imac-24-retina-4.5kchip-m4-de-apple-cpu-10-nucleos-y-gpu-10-nucleos16gb512gb-ssd4-puertos-thunderbolt-4gigabit-ethernetmagic-keyboard-con-touch-idplata.jpg\" \/>\n\t<meta property=\"og:image:width\" content=\"200\" \/>\n\t<meta property=\"og:image:height\" content=\"200\" \/>\n\t<meta property=\"og:image:type\" content=\"image\/jpeg\" \/>\n<meta name=\"twitter:card\" content=\"summary_large_image\" \/>\n<meta name=\"twitter:label1\" content=\"Precio\" \/>\n\t<meta name=\"twitter:data1\" content=\"&#36;35,884 &#36;34,700 con IVA\" \/>\n\t<meta name=\"twitter:label2\" content=\"Availability\" \/>\n\t<meta name=\"twitter:data2\" content=\"In stock\" \/>\n<script type=\"application\/ld+json\" class=\"yoast-schema-graph\">{\"@context\":\"https:\/\/schema.org\",\"@graph\":[{\"@type\":\"WebPage\",\"@id\":\"https:\/\/compuviper.mx\/tienda\/producto\/apple-mwuv3e-a-imac-24-retina-4-5k-chip-m4-de-cpu-10-nucleos-y-gpu-10-nucleos-16gb-512gb-ssd-4-puertos-thunderbolt-4-gigabit-ethernet-magic-keyboard-con-touch-id-plata\/\",\"url\":\"https:\/\/compuviper.mx\/tienda\/producto\/apple-mwuv3e-a-imac-24-retina-4-5k-chip-m4-de-cpu-10-nucleos-y-gpu-10-nucleos-16gb-512gb-ssd-4-puertos-thunderbolt-4-gigabit-ethernet-magic-keyboard-con-touch-id-plata\/\",\"name\":\"[ Apple ] &#129351; Mwuv3e\/a Imac 24 Retina 4.5k\/chip M4 De Cpu 10 Nucleos Y Gpu 10 Nucleos\/16gb\/512gb Ssd\/4 Puertos Thunderbolt 4\/gigabit Ethernet\/magic Keyboard Con Touch Id\/plata\",\"isPartOf\":{\"@id\":\"https:\/\/compuviper.mx\/tienda\/#website\"},\"datePublished\":\"2026-04-07T07:25:10+00:00\",\"dateModified\":\"2026-04-07T07:25:11+00:00\",\"description\":\"Compra Mwuv3e\/a Imac 24 Retina 4.5k\/chip M4 De Cpu 10 Nucleos Y Gpu 10 Nucleos\/16gb\/512gb Ssd\/4 Puertos Thunderbolt 4\/gigabit Ethernet\/magic Keyboard Con Touch Id\/plata + Env\u00edo a domicilio + Pago seguro + Garant\u00eda\",\"breadcrumb\":{\"@id\":\"https:\/\/compuviper.mx\/tienda\/producto\/apple-mwuv3e-a-imac-24-retina-4-5k-chip-m4-de-cpu-10-nucleos-y-gpu-10-nucleos-16gb-512gb-ssd-4-puertos-thunderbolt-4-gigabit-ethernet-magic-keyboard-con-touch-id-plata\/#breadcrumb\"},\"inLanguage\":\"es-MX\",\"potentialAction\":[{\"@type\":\"ReadAction\",\"target\":[\"https:\/\/compuviper.mx\/tienda\/producto\/apple-mwuv3e-a-imac-24-retina-4-5k-chip-m4-de-cpu-10-nucleos-y-gpu-10-nucleos-16gb-512gb-ssd-4-puertos-thunderbolt-4-gigabit-ethernet-magic-keyboard-con-touch-id-plata\/\"]}]},{\"@type\":\"BreadcrumbList\",\"@id\":\"https:\/\/compuviper.mx\/tienda\/producto\/apple-mwuv3e-a-imac-24-retina-4-5k-chip-m4-de-cpu-10-nucleos-y-gpu-10-nucleos-16gb-512gb-ssd-4-puertos-thunderbolt-4-gigabit-ethernet-magic-keyboard-con-touch-id-plata\/#breadcrumb\",\"itemListElement\":[{\"@type\":\"ListItem\",\"position\":1,\"name\":\"Inicio\",\"item\":\"https:\/\/compuviper.mx\/tienda\/\"},{\"@type\":\"ListItem\",\"position\":2,\"name\":\"Productos\",\"item\":\"https:\/\/compuviper.mx\/tienda\/productos\/\"},{\"@type\":\"ListItem\",\"position\":3,\"name\":\"Computadoras\",\"item\":\"https:\/\/compuviper.mx\/tienda\/categoria-producto\/computadoras\/\"},{\"@type\":\"ListItem\",\"position\":4,\"name\":\"All In One\",\"item\":\"https:\/\/compuviper.mx\/tienda\/categoria-producto\/computadoras\/all-in-one-computadoras\/\"},{\"@type\":\"ListItem\",\"position\":5,\"name\":\"Apple Mwuv3e\/a Imac 24 Retina 4.5k\/chip M4 De Cpu 10 Nucleos Y Gpu 10 Nucleos\/16gb\/512gb Ssd\/4 Puertos Thunderbolt 4\/gigabit Ethernet\/magic Keyboard Con Touch Id\/plata\"}]},{\"@type\":\"WebSite\",\"@id\":\"https:\/\/compuviper.mx\/tienda\/#website\",\"url\":\"https:\/\/compuviper.mx\/tienda\/\",\"name\":\"Compuviper\",\"description\":\"Proveedor de Computadoras, Laptops, Servidores, Monitores, Puntos de Venta, Teclados,   Impresoras, T\u00f3ner, C\u00e1maras de Seguridad y m\u00e1s en tu tienda en l\u00ednea\",\"publisher\":{\"@id\":\"https:\/\/compuviper.mx\/tienda\/#organization\"},\"potentialAction\":[{\"@type\":\"SearchAction\",\"target\":{\"@type\":\"EntryPoint\",\"urlTemplate\":\"https:\/\/compuviper.mx\/tienda\/?s={search_term_string}\"},\"query-input\":\"required name=search_term_string\"}],\"inLanguage\":\"es-MX\"},{\"@type\":\"Organization\",\"@id\":\"https:\/\/compuviper.mx\/tienda\/#organization\",\"name\":\"Compuviper\",\"url\":\"https:\/\/compuviper.mx\/tienda\/\",\"logo\":{\"@type\":\"ImageObject\",\"inLanguage\":\"es-MX\",\"@id\":\"https:\/\/compuviper.mx\/tienda\/#\/schema\/logo\/image\/\",\"url\":\"https:\/\/compuviper.mx\/tienda\/wp-content\/uploads\/2021\/08\/Logo-Compuviper-10.png\",\"contentUrl\":\"https:\/\/compuviper.mx\/tienda\/wp-content\/uploads\/2021\/08\/Logo-Compuviper-10.png\",\"width\":1000,\"height\":500,\"caption\":\"Compuviper\"},\"image\":{\"@id\":\"https:\/\/compuviper.mx\/tienda\/#\/schema\/logo\/image\/\"},\"sameAs\":[\"https:\/\/www.facebook.com\/compuviper\",\"https:\/\/www.youtube.com\/channel\/UCf73dERp9Y3cfOq7q8BhLjA?view_as=subscriber\"]}]}<\/script>\n<meta property=\"product:brand\" content=\"APPLE\" \/>\n<meta property=\"product:price:amount\" content=\"34700\" \/>\n<meta property=\"product:price:currency\" content=\"MXN\" \/>\n<meta property=\"og:availability\" content=\"instock\" \/>\n<meta property=\"product:availability\" content=\"instock\" \/>\n<meta property=\"product:retailer_item_id\" content=\"MWUV3E\/A\" \/>\n<meta property=\"product:condition\" content=\"new\" \/>\n<!-- \/ Yoast SEO plugin. -->","yoast_head_json":{"title":"[ Apple ] &#129351; Mwuv3e\/a Imac 24 Retina 4.5k\/chip M4 De Cpu 10 Nucleos Y Gpu 10 Nucleos\/16gb\/512gb Ssd\/4 Puertos Thunderbolt 4\/gigabit Ethernet\/magic Keyboard Con Touch Id\/plata","description":"Compra Mwuv3e\/a Imac 24 Retina 4.5k\/chip M4 De Cpu 10 Nucleos Y Gpu 10 Nucleos\/16gb\/512gb Ssd\/4 Puertos Thunderbolt 4\/gigabit Ethernet\/magic Keyboard Con Touch Id\/plata + Env\u00edo a domicilio + Pago seguro + Garant\u00eda","robots":{"index":"index","follow":"follow","max-snippet":"max-snippet:-1","max-image-preview":"max-image-preview:large","max-video-preview":"max-video-preview:-1"},"canonical":"https:\/\/compuviper.mx\/tienda\/producto\/apple-mwuv3e-a-imac-24-retina-4-5k-chip-m4-de-cpu-10-nucleos-y-gpu-10-nucleos-16gb-512gb-ssd-4-puertos-thunderbolt-4-gigabit-ethernet-magic-keyboard-con-touch-id-plata\/","og_locale":"es_MX","og_type":"article","og_title":"[ Apple ] &#129351; Mwuv3e\/a Imac 24 Retina 4.5k\/chip M4 De Cpu 10 Nucleos Y Gpu 10 Nucleos\/16gb\/512gb Ssd\/4 Puertos Thunderbolt 4\/gigabit Ethernet\/magic Keyboard Con Touch Id\/plata","og_description":"Compra Mwuv3e\/a Imac 24 Retina 4.5k\/chip M4 De Cpu 10 Nucleos Y Gpu 10 Nucleos\/16gb\/512gb Ssd\/4 Puertos Thunderbolt 4\/gigabit Ethernet\/magic Keyboard Con Touch Id\/plata + Env\u00edo a domicilio + Pago seguro + Garant\u00eda","og_url":"https:\/\/compuviper.mx\/tienda\/producto\/apple-mwuv3e-a-imac-24-retina-4-5k-chip-m4-de-cpu-10-nucleos-y-gpu-10-nucleos-16gb-512gb-ssd-4-puertos-thunderbolt-4-gigabit-ethernet-magic-keyboard-con-touch-id-plata\/","og_site_name":"Compuviper","article_publisher":"https:\/\/www.facebook.com\/compuviper","article_modified_time":"2026-04-07T07:25:11+00:00","og_image":[{"width":200,"height":200,"url":"https:\/\/compuviper.mx\/tienda\/wp-content\/uploads\/2025\/10\/Imac-24-retina-4.5kchip-m4-de-apple-cpu-10-nucleos-y-gpu-10-nucleos16gb512gb-ssd4-puertos-thunderbolt-4gigabit-ethernetmagic-keyboard-con-touch-idplata.jpg","type":"image\/jpeg"}],"twitter_card":"summary_large_image","twitter_misc":{"Precio":"&#36;35,884 &#36;34,700 con IVA","Availability":"In stock"},"schema":{"@context":"https:\/\/schema.org","@graph":[{"@type":"WebPage","@id":"https:\/\/compuviper.mx\/tienda\/producto\/apple-mwuv3e-a-imac-24-retina-4-5k-chip-m4-de-cpu-10-nucleos-y-gpu-10-nucleos-16gb-512gb-ssd-4-puertos-thunderbolt-4-gigabit-ethernet-magic-keyboard-con-touch-id-plata\/","url":"https:\/\/compuviper.mx\/tienda\/producto\/apple-mwuv3e-a-imac-24-retina-4-5k-chip-m4-de-cpu-10-nucleos-y-gpu-10-nucleos-16gb-512gb-ssd-4-puertos-thunderbolt-4-gigabit-ethernet-magic-keyboard-con-touch-id-plata\/","name":"[ Apple ] &#129351; Mwuv3e\/a Imac 24 Retina 4.5k\/chip M4 De Cpu 10 Nucleos Y Gpu 10 Nucleos\/16gb\/512gb Ssd\/4 Puertos Thunderbolt 4\/gigabit Ethernet\/magic Keyboard Con Touch Id\/plata","isPartOf":{"@id":"https:\/\/compuviper.mx\/tienda\/#website"},"datePublished":"2026-04-07T07:25:10+00:00","dateModified":"2026-04-07T07:25:11+00:00","description":"Compra Mwuv3e\/a Imac 24 Retina 4.5k\/chip M4 De Cpu 10 Nucleos Y Gpu 10 Nucleos\/16gb\/512gb Ssd\/4 Puertos Thunderbolt 4\/gigabit Ethernet\/magic Keyboard Con Touch Id\/plata + Env\u00edo a domicilio + Pago seguro + Garant\u00eda","breadcrumb":{"@id":"https:\/\/compuviper.mx\/tienda\/producto\/apple-mwuv3e-a-imac-24-retina-4-5k-chip-m4-de-cpu-10-nucleos-y-gpu-10-nucleos-16gb-512gb-ssd-4-puertos-thunderbolt-4-gigabit-ethernet-magic-keyboard-con-touch-id-plata\/#breadcrumb"},"inLanguage":"es-MX","potentialAction":[{"@type":"ReadAction","target":["https:\/\/compuviper.mx\/tienda\/producto\/apple-mwuv3e-a-imac-24-retina-4-5k-chip-m4-de-cpu-10-nucleos-y-gpu-10-nucleos-16gb-512gb-ssd-4-puertos-thunderbolt-4-gigabit-ethernet-magic-keyboard-con-touch-id-plata\/"]}]},{"@type":"BreadcrumbList","@id":"https:\/\/compuviper.mx\/tienda\/producto\/apple-mwuv3e-a-imac-24-retina-4-5k-chip-m4-de-cpu-10-nucleos-y-gpu-10-nucleos-16gb-512gb-ssd-4-puertos-thunderbolt-4-gigabit-ethernet-magic-keyboard-con-touch-id-plata\/#breadcrumb","itemListElement":[{"@type":"ListItem","position":1,"name":"Inicio","item":"https:\/\/compuviper.mx\/tienda\/"},{"@type":"ListItem","position":2,"name":"Productos","item":"https:\/\/compuviper.mx\/tienda\/productos\/"},{"@type":"ListItem","position":3,"name":"Computadoras","item":"https:\/\/compuviper.mx\/tienda\/categoria-producto\/computadoras\/"},{"@type":"ListItem","position":4,"name":"All In One","item":"https:\/\/compuviper.mx\/tienda\/categoria-producto\/computadoras\/all-in-one-computadoras\/"},{"@type":"ListItem","position":5,"name":"Apple Mwuv3e\/a Imac 24 Retina 4.5k\/chip M4 De Cpu 10 Nucleos Y Gpu 10 Nucleos\/16gb\/512gb Ssd\/4 Puertos Thunderbolt 4\/gigabit Ethernet\/magic Keyboard Con Touch Id\/plata"}]},{"@type":"WebSite","@id":"https:\/\/compuviper.mx\/tienda\/#website","url":"https:\/\/compuviper.mx\/tienda\/","name":"Compuviper","description":"Proveedor de Computadoras, Laptops, Servidores, Monitores, Puntos de Venta, Teclados,   Impresoras, T\u00f3ner, C\u00e1maras de Seguridad y m\u00e1s en tu tienda en l\u00ednea","publisher":{"@id":"https:\/\/compuviper.mx\/tienda\/#organization"},"potentialAction":[{"@type":"SearchAction","target":{"@type":"EntryPoint","urlTemplate":"https:\/\/compuviper.mx\/tienda\/?s={search_term_string}"},"query-input":"required name=search_term_string"}],"inLanguage":"es-MX"},{"@type":"Organization","@id":"https:\/\/compuviper.mx\/tienda\/#organization","name":"Compuviper","url":"https:\/\/compuviper.mx\/tienda\/","logo":{"@type":"ImageObject","inLanguage":"es-MX","@id":"https:\/\/compuviper.mx\/tienda\/#\/schema\/logo\/image\/","url":"https:\/\/compuviper.mx\/tienda\/wp-content\/uploads\/2021\/08\/Logo-Compuviper-10.png","contentUrl":"https:\/\/compuviper.mx\/tienda\/wp-content\/uploads\/2021\/08\/Logo-Compuviper-10.png","width":1000,"height":500,"caption":"Compuviper"},"image":{"@id":"https:\/\/compuviper.mx\/tienda\/#\/schema\/logo\/image\/"},"sameAs":["https:\/\/www.facebook.com\/compuviper","https:\/\/www.youtube.com\/channel\/UCf73dERp9Y3cfOq7q8BhLjA?view_as=subscriber"]}]},"product_brand":"APPLE","product_price_amount":"34700","product_price_currency":"MXN","og_availability":"instock","product_availability":"instock","product_retailer_item_id":"MWUV3E\/A","product_condition":"new"},"_links":{"self":[{"href":"https:\/\/compuviper.mx\/tienda\/wp-json\/wp\/v2\/product\/246321"}],"collection":[{"href":"https:\/\/compuviper.mx\/tienda\/wp-json\/wp\/v2\/product"}],"about":[{"href":"https:\/\/compuviper.mx\/tienda\/wp-json\/wp\/v2\/types\/product"}],"replies":[{"embeddable":true,"href":"https:\/\/compuviper.mx\/tienda\/wp-json\/wp\/v2\/comments?post=246321"}],"wp:featuredmedia":[{"embeddable":true,"href":"https:\/\/compuviper.mx\/tienda\/wp-json\/wp\/v2\/media\/260462"}],"wp:attachment":[{"href":"https:\/\/compuviper.mx\/tienda\/wp-json\/wp\/v2\/media?parent=246321"}],"wp:term":[{"taxonomy":"product_cat","embeddable":true,"href":"https:\/\/compuviper.mx\/tienda\/wp-json\/wp\/v2\/product_cat?post=246321"},{"taxonomy":"product_tag","embeddable":true,"href":"https:\/\/compuviper.mx\/tienda\/wp-json\/wp\/v2\/product_tag?post=246321"}],"curies":[{"name":"wp","href":"https:\/\/api.w.org\/{rel}","templated":true}]}}