{"id":246306,"date":"2026-04-15T02:10:40","date_gmt":"2026-04-15T08:10:40","guid":{"rendered":"https:\/\/compuviper.mx\/tienda\/producto\/logitech-981-001406-audifonos-con-microfono-zone-300-inalambricos-bluetooth-recargable-type-c-negro\/"},"modified":"2026-04-15T02:10:40","modified_gmt":"2026-04-15T08:10:40","slug":"logitech-981-001406-audifonos-diadema-zone-300-inalambricos-bluetooth-recargable-type-c-negro","status":"publish","type":"product","link":"https:\/\/compuviper.mx\/tienda\/producto\/logitech-981-001406-audifonos-diadema-zone-300-inalambricos-bluetooth-recargable-type-c-negro\/","title":{"rendered":"Logitech 981-001406 Audifonos Diadema  Zone 300 Inalambricos Bluetooth Recargable Type C Negro"},"content":{"rendered":"<table class=\"descripcion\">\n<tr>\n<td>Dimensiones<\/td>\n<\/tr>\n<tr>\n<td>Auriculares<\/td>\n<\/tr>\n<tr>\n<td>Altura: 172,8 mm<\/td>\n<\/tr>\n<tr>\n<td>Ancho: 166,7 mm<\/td>\n<\/tr>\n<tr>\n<td>Profundidad: 66 mm<\/td>\n<\/tr>\n<tr>\n<td>Peso: 122 g<\/td>\n<\/tr>\n<tr>\n<td>Almohadillas<\/td>\n<\/tr>\n<tr>\n<td>Altura: 66 mm<\/td>\n<\/tr>\n<tr>\n<td>Ancho: 66 mm<\/td>\n<\/tr>\n<tr>\n<td>Profundidad: 16 mm<\/td>\n<\/tr>\n<tr>\n<td>Empaque<\/td>\n<\/tr>\n<tr>\n<td>Altura: 184 mm<\/td>\n<\/tr>\n<tr>\n<td>Ancho: 174 mm<\/td>\n<\/tr>\n<tr>\n<td>Profundidad: 72 mm<\/td>\n<\/tr>\n<tr>\n<td>Especificaciones tecnicas<\/td>\n<\/tr>\n<tr>\n<td>Microfono<\/td>\n<\/tr>\n<tr>\n<td>Tipo: dos microfonos con tecnologia de formacion de haces con algoritmos de cancelacion de ruido<\/td>\n<\/tr>\n<tr>\n<td>Respuesta de frecuencia: 100-7khz<\/td>\n<\/tr>\n<tr>\n<td>Altavoces<\/td>\n<\/tr>\n<tr>\n<td>Respuesta de frecuencia (modo musica): 50-20khz<\/td>\n<\/tr>\n<tr>\n<td>Respuesta de frecuencia (modo de conversacion): 100-7khz<\/td>\n<\/tr>\n<tr>\n<td>Sensibilidad: 96 db \u00b13 db a1 khz<\/td>\n<\/tr>\n<tr>\n<td>Tama\u00f1o de transductor: 30 mm<\/td>\n<\/tr>\n<tr>\n<td>Cumplimiento de normativas de audio: conforme a en 50332-2<\/td>\n<\/tr>\n<tr>\n<td>Bateria<\/td>\n<\/tr>\n<tr>\n<td>Bateria integrada (ion litio)<\/td>\n<\/tr>\n<tr>\n<td>Duracion de bateria (tiempo en conversaci\u00f3n): hasta 16 horas (la duracion de las pilas\/bater\u00edas depende del uso y de los dispositivos).<\/td>\n<\/tr>\n<tr>\n<td>Duraci\u00f3n de bateria (tiempo en escucha): hasta 20 horas (la duraci\u00f3n de las pilas\/bater\u00edas depende del uso y de los dispositivos).<\/td>\n<\/tr>\n<tr>\n<td>Carga<\/td>\n<\/tr>\n<tr>\n<td>Carga completa: 2 horas<\/td>\n<\/tr>\n<tr>\n<td>Carga rapida: 5 minutos para hasta 1 hora de conversaci\u00f3n (la duracion de las pilas\/bater\u00edas depende del uso y de los dispositivos).<\/td>\n<\/tr>\n<tr>\n<td>Cable de carga usb-c: 1 m<\/td>\n<\/tr>\n<tr>\n<td>Conectividad inalambrica<\/td>\n<\/tr>\n<tr>\n<td>Version de bluetooth de los auriculares:: 5.3<\/td>\n<\/tr>\n<tr>\n<td>Distancia de funcionamiento: hasta 30 m (linea de vision de campo abierto. el radio de accion inalambrico depende del entorno operativo y de la configuracion de los dispositivos).<\/td>\n<\/tr>\n<tr>\n<td>Software<\/td>\n<\/tr>\n<tr>\n<td>Personalizar la configuracion de los auriculares en logi tune (logi tune esta disponible en windows, macos, ios, ipados y android. descarga logi tune desde logitech.com\/tune, apple app store o google play. actualmente, los auriculares admiten mensajes de voz en los siguientes idiomas con la aplicacion de escritorio logi tune: ingles, frances, aleman, italiano, espa\u00f1ol y portugues. puedes elegir tu idioma preferido en la aplicaci\u00f3n logi tune).<\/td>\n<\/tr>\n<tr>\n<td>Sostenibilidad<\/td>\n<\/tr>\n<tr>\n<td>Plastico negros: 55 % de material reciclado posconsumo (excluye conjunto de cableado impreso (pwa), cables y embalaje).<\/td>\n<\/tr>\n<tr>\n<td>Plastico rosado y blanco crudo: 42% de material reciclado posconsumo (excluye conjunto de cableado impreso (pwa), cables y embalaje).<\/td>\n<\/tr>\n<tr>\n<td>Empacado de papel: con certificaci\u00f3n fsc\u0099<\/td>\n<\/tr>\n<tr>\n<td>Huella de carbono del producto: 8,5 kg co and #8322;e<\/td>\n<\/tr>\n<tr>\n<td>Informacion de garantia<\/td>\n<\/tr>\n<tr>\n<td>Un a\u00f1o de garantia de hardware limitada<\/td>\n<\/tr>\n<tr>\n<td>Numero de referencia<\/td>\n<\/tr>\n<tr>\n<td>Blanco crudo : 981-001416<\/td>\n<\/tr>\n<tr>\n<td>Rosa : 981-001411<\/td>\n<\/tr>\n<tr>\n<td>Negro medianoche : 981-001406<\/td>\n<\/tr>\n<\/table>\n","protected":false},"excerpt":{"rendered":"<p>Los auriculares inalambricos esenciales. Los zone 300 son los auriculares inalambricos esenciales con excelente audio que te dan la libertad de moverte y mantener la conexion mientras trabajas o simplemente escuchas. Los dos microfonos con cancelacion de ruido y las bocinas mejoradas te permiten oir y que te oigan con claridad. Piezas de plastico fabricadas con un minimo de 42% de plastico reciclado. Duracion de baterias las 24 horas. Confort ultraligero. Mantiene la conexion. Mas material reciclado. Huella mas ligera. Personalizacion de experiencias con logi tune. Supresion de ruido en el microfono. Cancelacion de ruido pasiva<\/p>\n","protected":false},"featured_media":260845,"comment_status":"open","ping_status":"open","template":"","meta":[],"product_cat":[1816,1552],"product_tag":[1500],"acf":[],"yoast_head":"<!-- This site is optimized with the Yoast SEO plugin v21.7 - https:\/\/yoast.com\/wordpress\/plugins\/seo\/ -->\n<title>[ Logitech ] &#129351; 981-001406 Audifonos Diadema Zone 300 Inalambricos Bluetooth Recargable Type C Negro<\/title>\n<meta name=\"description\" content=\"Compra 981-001406 Audifonos Diadema Zone 300 Inalambricos Bluetooth Recargable Type C Negro + Env\u00edo a domicilio + Pago seguro + Garant\u00eda\" \/>\n<meta name=\"robots\" content=\"index, follow, max-snippet:-1, max-image-preview:large, max-video-preview:-1\" \/>\n<link rel=\"canonical\" href=\"https:\/\/compuviper.mx\/tienda\/producto\/logitech-981-001406-audifonos-diadema-zone-300-inalambricos-bluetooth-recargable-type-c-negro\/\" \/>\n<meta property=\"og:locale\" content=\"es_MX\" \/>\n<meta property=\"og:type\" content=\"article\" \/>\n<meta property=\"og:title\" content=\"[ Logitech ] &#129351; 981-001406 Audifonos Diadema Zone 300 Inalambricos Bluetooth Recargable Type C Negro\" \/>\n<meta property=\"og:description\" content=\"Compra 981-001406 Audifonos Diadema Zone 300 Inalambricos Bluetooth Recargable Type C Negro + Env\u00edo a domicilio + Pago seguro + Garant\u00eda\" \/>\n<meta property=\"og:url\" content=\"https:\/\/compuviper.mx\/tienda\/producto\/logitech-981-001406-audifonos-diadema-zone-300-inalambricos-bluetooth-recargable-type-c-negro\/\" \/>\n<meta property=\"og:site_name\" content=\"Compuviper\" \/>\n<meta property=\"article:publisher\" content=\"https:\/\/www.facebook.com\/compuviper\" \/>\n<meta property=\"og:image\" content=\"https:\/\/compuviper.mx\/tienda\/wp-content\/uploads\/2025\/10\/Audifonos-diadema-logitech-zone-300-inalambricos-bluetooth-recargable-type-c-negro.jpg\" \/>\n\t<meta property=\"og:image:width\" content=\"200\" \/>\n\t<meta property=\"og:image:height\" content=\"200\" \/>\n\t<meta property=\"og:image:type\" content=\"image\/jpeg\" \/>\n<meta name=\"twitter:card\" content=\"summary_large_image\" \/>\n<meta name=\"twitter:label1\" content=\"Precio\" \/>\n\t<meta name=\"twitter:data1\" content=\"&#36;1,215 con IVA\" \/>\n\t<meta name=\"twitter:label2\" content=\"Availability\" \/>\n\t<meta name=\"twitter:data2\" content=\"In stock\" \/>\n<script type=\"application\/ld+json\" class=\"yoast-schema-graph\">{\"@context\":\"https:\/\/schema.org\",\"@graph\":[{\"@type\":\"WebPage\",\"@id\":\"https:\/\/compuviper.mx\/tienda\/producto\/logitech-981-001406-audifonos-diadema-zone-300-inalambricos-bluetooth-recargable-type-c-negro\/\",\"url\":\"https:\/\/compuviper.mx\/tienda\/producto\/logitech-981-001406-audifonos-diadema-zone-300-inalambricos-bluetooth-recargable-type-c-negro\/\",\"name\":\"[ Logitech ] &#129351; 981-001406 Audifonos Diadema Zone 300 Inalambricos Bluetooth Recargable Type C Negro\",\"isPartOf\":{\"@id\":\"https:\/\/compuviper.mx\/tienda\/#website\"},\"datePublished\":\"2026-04-15T08:10:40+00:00\",\"dateModified\":\"2026-04-15T08:10:40+00:00\",\"description\":\"Compra 981-001406 Audifonos Diadema Zone 300 Inalambricos Bluetooth Recargable Type C Negro + Env\u00edo a domicilio + Pago seguro + Garant\u00eda\",\"breadcrumb\":{\"@id\":\"https:\/\/compuviper.mx\/tienda\/producto\/logitech-981-001406-audifonos-diadema-zone-300-inalambricos-bluetooth-recargable-type-c-negro\/#breadcrumb\"},\"inLanguage\":\"es-MX\",\"potentialAction\":[{\"@type\":\"ReadAction\",\"target\":[\"https:\/\/compuviper.mx\/tienda\/producto\/logitech-981-001406-audifonos-diadema-zone-300-inalambricos-bluetooth-recargable-type-c-negro\/\"]}]},{\"@type\":\"BreadcrumbList\",\"@id\":\"https:\/\/compuviper.mx\/tienda\/producto\/logitech-981-001406-audifonos-diadema-zone-300-inalambricos-bluetooth-recargable-type-c-negro\/#breadcrumb\",\"itemListElement\":[{\"@type\":\"ListItem\",\"position\":1,\"name\":\"Inicio\",\"item\":\"https:\/\/compuviper.mx\/tienda\/\"},{\"@type\":\"ListItem\",\"position\":2,\"name\":\"Productos\",\"item\":\"https:\/\/compuviper.mx\/tienda\/productos\/\"},{\"@type\":\"ListItem\",\"position\":3,\"name\":\"Audifonos Y Micro\",\"item\":\"https:\/\/compuviper.mx\/tienda\/categoria-producto\/audifonos-y-micro\/\"},{\"@type\":\"ListItem\",\"position\":4,\"name\":\"Audifono Con Microfono\",\"item\":\"https:\/\/compuviper.mx\/tienda\/categoria-producto\/audifonos-y-micro\/audifono-con-microfono\/\"},{\"@type\":\"ListItem\",\"position\":5,\"name\":\"Logitech 981-001406 Audifonos Diadema Zone 300 Inalambricos Bluetooth Recargable Type C Negro\"}]},{\"@type\":\"WebSite\",\"@id\":\"https:\/\/compuviper.mx\/tienda\/#website\",\"url\":\"https:\/\/compuviper.mx\/tienda\/\",\"name\":\"Compuviper\",\"description\":\"Proveedor de Computadoras, Laptops, Servidores, Monitores, Puntos de Venta, Teclados,   Impresoras, T\u00f3ner, C\u00e1maras de Seguridad y m\u00e1s en tu tienda en l\u00ednea\",\"publisher\":{\"@id\":\"https:\/\/compuviper.mx\/tienda\/#organization\"},\"potentialAction\":[{\"@type\":\"SearchAction\",\"target\":{\"@type\":\"EntryPoint\",\"urlTemplate\":\"https:\/\/compuviper.mx\/tienda\/?s={search_term_string}\"},\"query-input\":\"required name=search_term_string\"}],\"inLanguage\":\"es-MX\"},{\"@type\":\"Organization\",\"@id\":\"https:\/\/compuviper.mx\/tienda\/#organization\",\"name\":\"Compuviper\",\"url\":\"https:\/\/compuviper.mx\/tienda\/\",\"logo\":{\"@type\":\"ImageObject\",\"inLanguage\":\"es-MX\",\"@id\":\"https:\/\/compuviper.mx\/tienda\/#\/schema\/logo\/image\/\",\"url\":\"https:\/\/compuviper.mx\/tienda\/wp-content\/uploads\/2021\/08\/Logo-Compuviper-10.png\",\"contentUrl\":\"https:\/\/compuviper.mx\/tienda\/wp-content\/uploads\/2021\/08\/Logo-Compuviper-10.png\",\"width\":1000,\"height\":500,\"caption\":\"Compuviper\"},\"image\":{\"@id\":\"https:\/\/compuviper.mx\/tienda\/#\/schema\/logo\/image\/\"},\"sameAs\":[\"https:\/\/www.facebook.com\/compuviper\",\"https:\/\/www.youtube.com\/channel\/UCf73dERp9Y3cfOq7q8BhLjA?view_as=subscriber\"]}]}<\/script>\n<meta property=\"product:brand\" content=\"LOGITECH\" \/>\n<meta property=\"product:price:amount\" content=\"1215\" \/>\n<meta property=\"product:price:currency\" content=\"MXN\" \/>\n<meta property=\"og:availability\" content=\"instock\" \/>\n<meta property=\"product:availability\" content=\"instock\" \/>\n<meta property=\"product:retailer_item_id\" content=\"981-001406\" \/>\n<meta property=\"product:condition\" content=\"new\" \/>\n<!-- \/ Yoast SEO plugin. -->","yoast_head_json":{"title":"[ Logitech ] &#129351; 981-001406 Audifonos Diadema Zone 300 Inalambricos Bluetooth Recargable Type C Negro","description":"Compra 981-001406 Audifonos Diadema Zone 300 Inalambricos Bluetooth Recargable Type C Negro + Env\u00edo a domicilio + Pago seguro + Garant\u00eda","robots":{"index":"index","follow":"follow","max-snippet":"max-snippet:-1","max-image-preview":"max-image-preview:large","max-video-preview":"max-video-preview:-1"},"canonical":"https:\/\/compuviper.mx\/tienda\/producto\/logitech-981-001406-audifonos-diadema-zone-300-inalambricos-bluetooth-recargable-type-c-negro\/","og_locale":"es_MX","og_type":"article","og_title":"[ Logitech ] &#129351; 981-001406 Audifonos Diadema Zone 300 Inalambricos Bluetooth Recargable Type C Negro","og_description":"Compra 981-001406 Audifonos Diadema Zone 300 Inalambricos Bluetooth Recargable Type C Negro + Env\u00edo a domicilio + Pago seguro + Garant\u00eda","og_url":"https:\/\/compuviper.mx\/tienda\/producto\/logitech-981-001406-audifonos-diadema-zone-300-inalambricos-bluetooth-recargable-type-c-negro\/","og_site_name":"Compuviper","article_publisher":"https:\/\/www.facebook.com\/compuviper","og_image":[{"width":200,"height":200,"url":"https:\/\/compuviper.mx\/tienda\/wp-content\/uploads\/2025\/10\/Audifonos-diadema-logitech-zone-300-inalambricos-bluetooth-recargable-type-c-negro.jpg","type":"image\/jpeg"}],"twitter_card":"summary_large_image","twitter_misc":{"Precio":"&#36;1,215 con IVA","Availability":"In stock"},"schema":{"@context":"https:\/\/schema.org","@graph":[{"@type":"WebPage","@id":"https:\/\/compuviper.mx\/tienda\/producto\/logitech-981-001406-audifonos-diadema-zone-300-inalambricos-bluetooth-recargable-type-c-negro\/","url":"https:\/\/compuviper.mx\/tienda\/producto\/logitech-981-001406-audifonos-diadema-zone-300-inalambricos-bluetooth-recargable-type-c-negro\/","name":"[ Logitech ] &#129351; 981-001406 Audifonos Diadema Zone 300 Inalambricos Bluetooth Recargable Type C Negro","isPartOf":{"@id":"https:\/\/compuviper.mx\/tienda\/#website"},"datePublished":"2026-04-15T08:10:40+00:00","dateModified":"2026-04-15T08:10:40+00:00","description":"Compra 981-001406 Audifonos Diadema Zone 300 Inalambricos Bluetooth Recargable Type C Negro + Env\u00edo a domicilio + Pago seguro + Garant\u00eda","breadcrumb":{"@id":"https:\/\/compuviper.mx\/tienda\/producto\/logitech-981-001406-audifonos-diadema-zone-300-inalambricos-bluetooth-recargable-type-c-negro\/#breadcrumb"},"inLanguage":"es-MX","potentialAction":[{"@type":"ReadAction","target":["https:\/\/compuviper.mx\/tienda\/producto\/logitech-981-001406-audifonos-diadema-zone-300-inalambricos-bluetooth-recargable-type-c-negro\/"]}]},{"@type":"BreadcrumbList","@id":"https:\/\/compuviper.mx\/tienda\/producto\/logitech-981-001406-audifonos-diadema-zone-300-inalambricos-bluetooth-recargable-type-c-negro\/#breadcrumb","itemListElement":[{"@type":"ListItem","position":1,"name":"Inicio","item":"https:\/\/compuviper.mx\/tienda\/"},{"@type":"ListItem","position":2,"name":"Productos","item":"https:\/\/compuviper.mx\/tienda\/productos\/"},{"@type":"ListItem","position":3,"name":"Audifonos Y Micro","item":"https:\/\/compuviper.mx\/tienda\/categoria-producto\/audifonos-y-micro\/"},{"@type":"ListItem","position":4,"name":"Audifono Con Microfono","item":"https:\/\/compuviper.mx\/tienda\/categoria-producto\/audifonos-y-micro\/audifono-con-microfono\/"},{"@type":"ListItem","position":5,"name":"Logitech 981-001406 Audifonos Diadema Zone 300 Inalambricos Bluetooth Recargable Type C Negro"}]},{"@type":"WebSite","@id":"https:\/\/compuviper.mx\/tienda\/#website","url":"https:\/\/compuviper.mx\/tienda\/","name":"Compuviper","description":"Proveedor de Computadoras, Laptops, Servidores, Monitores, Puntos de Venta, Teclados,   Impresoras, T\u00f3ner, C\u00e1maras de Seguridad y m\u00e1s en tu tienda en l\u00ednea","publisher":{"@id":"https:\/\/compuviper.mx\/tienda\/#organization"},"potentialAction":[{"@type":"SearchAction","target":{"@type":"EntryPoint","urlTemplate":"https:\/\/compuviper.mx\/tienda\/?s={search_term_string}"},"query-input":"required name=search_term_string"}],"inLanguage":"es-MX"},{"@type":"Organization","@id":"https:\/\/compuviper.mx\/tienda\/#organization","name":"Compuviper","url":"https:\/\/compuviper.mx\/tienda\/","logo":{"@type":"ImageObject","inLanguage":"es-MX","@id":"https:\/\/compuviper.mx\/tienda\/#\/schema\/logo\/image\/","url":"https:\/\/compuviper.mx\/tienda\/wp-content\/uploads\/2021\/08\/Logo-Compuviper-10.png","contentUrl":"https:\/\/compuviper.mx\/tienda\/wp-content\/uploads\/2021\/08\/Logo-Compuviper-10.png","width":1000,"height":500,"caption":"Compuviper"},"image":{"@id":"https:\/\/compuviper.mx\/tienda\/#\/schema\/logo\/image\/"},"sameAs":["https:\/\/www.facebook.com\/compuviper","https:\/\/www.youtube.com\/channel\/UCf73dERp9Y3cfOq7q8BhLjA?view_as=subscriber"]}]},"product_brand":"LOGITECH","product_price_amount":"1215","product_price_currency":"MXN","og_availability":"instock","product_availability":"instock","product_retailer_item_id":"981-001406","product_condition":"new"},"_links":{"self":[{"href":"https:\/\/compuviper.mx\/tienda\/wp-json\/wp\/v2\/product\/246306"}],"collection":[{"href":"https:\/\/compuviper.mx\/tienda\/wp-json\/wp\/v2\/product"}],"about":[{"href":"https:\/\/compuviper.mx\/tienda\/wp-json\/wp\/v2\/types\/product"}],"replies":[{"embeddable":true,"href":"https:\/\/compuviper.mx\/tienda\/wp-json\/wp\/v2\/comments?post=246306"}],"wp:featuredmedia":[{"embeddable":true,"href":"https:\/\/compuviper.mx\/tienda\/wp-json\/wp\/v2\/media\/260845"}],"wp:attachment":[{"href":"https:\/\/compuviper.mx\/tienda\/wp-json\/wp\/v2\/media?parent=246306"}],"wp:term":[{"taxonomy":"product_cat","embeddable":true,"href":"https:\/\/compuviper.mx\/tienda\/wp-json\/wp\/v2\/product_cat?post=246306"},{"taxonomy":"product_tag","embeddable":true,"href":"https:\/\/compuviper.mx\/tienda\/wp-json\/wp\/v2\/product_tag?post=246306"}],"curies":[{"name":"wp","href":"https:\/\/api.w.org\/{rel}","templated":true}]}}