{"id":246281,"date":"2026-05-09T00:54:25","date_gmt":"2026-05-09T06:54:25","guid":{"rendered":"https:\/\/compuviper.mx\/tienda\/producto\/logitech-910-005449-mouse-mx-vertical-ergonomico-easy-switch-recargable-bluetooth-unifying-grafito\/"},"modified":"2026-05-09T00:54:26","modified_gmt":"2026-05-09T06:54:26","slug":"logitech-910-005449-mouse-mx-vertical-ergonomico-easy-switch-recargable-bluetooth-unifying-grafito","status":"publish","type":"product","link":"https:\/\/compuviper.mx\/tienda\/producto\/logitech-910-005449-mouse-mx-vertical-ergonomico-easy-switch-recargable-bluetooth-unifying-grafito\/","title":{"rendered":"Logitech 910-005449 Mouse  Mx Vertical Ergonomico Easy-switch Recargable Bluetooth Unifying Grafito"},"content":{"rendered":"<table class=\"descripcion\">\n<tr>\n<td>Especificaciones tecnicas<\/td>\n<\/tr>\n<tr>\n<td>Sensor<\/td>\n<\/tr>\n<tr>\n<td>Valor nominal : 1000 y 1600 dpi<\/td>\n<\/tr>\n<tr>\n<td>Dpi (valor minimo y maximo) : 400-4000 dpi (se puede configurar en incrementos de 50 dpi)<\/td>\n<\/tr>\n<tr>\n<td>Botones<\/td>\n<\/tr>\n<tr>\n<td>4 botones personalizables (por defecto: atras\/adelante, dpi, clic central)<\/td>\n<\/tr>\n<tr>\n<td>Aplicacion de personalizacion<\/td>\n<\/tr>\n<tr>\n<td>Compatible con logi options+ en windows y macos<\/td>\n<\/tr>\n<tr>\n<td>Disponible en windows y macos en logitech.com\/optionsplus<\/td>\n<\/tr>\n<tr>\n<td>Rueda de desplazamiento<\/td>\n<\/tr>\n<tr>\n<td>Rueda de precision<\/td>\n<\/tr>\n<tr>\n<td>Bateria<\/td>\n<\/tr>\n<tr>\n<td>Bateria recargable de li-po (240 mah)<\/td>\n<\/tr>\n<tr>\n<td>Tecnologia inalambrica<\/td>\n<\/tr>\n<tr>\n<td>Receptor usb unificador<\/td>\n<\/tr>\n<tr>\n<td>Bluetooth de bajo consumo (ble) : 4.2<\/td>\n<\/tr>\n<tr>\n<td>Distancia de funcionamiento inalambrico: 10 m 8el alcance inalambrico puede variar segun el entorno operativo y la configuracion de la computadora.<\/td>\n<\/tr>\n<tr>\n<td>Sostenibilidad<\/td>\n<\/tr>\n<tr>\n<td>Embalaje de papel : certificado fsc\u0099<\/td>\n<\/tr>\n<tr>\n<td>Certificado como carbono neutral<\/td>\n<\/tr>\n<tr>\n<td>Informaci\u00f3n de garantia<\/td>\n<\/tr>\n<tr>\n<td>Garantia limitada de hardware por 1 a\u00f1o<\/td>\n<\/tr>\n<\/table>\n","protected":false},"excerpt":{"rendered":"<p>La ergonom\u00eda se une al rendimiento. Mx vertical es un mouse ergon\u00f3mico avanzado que combina un dise\u00f1o basado en la ciencia con el rendimiento superior de la serie mx de logitech. Olv\u00eddese de las molestias con un mouse dise\u00f1ado para reducir la tensi\u00f3n muscular, disminuir la presi\u00f3n de la mu\u00f1eca y mejorar la postura. \u00e1ngulo vertical de 57\u00b0 para mejorar la postura de la mu\u00f1eca. Posici\u00f3n natural para el apret\u00f3n de manos. Excelente ajuste para manos grandes y medianas. Probado por usuarios. Aprobado por ergonomistas. 4 veces menos movimiento de la mano. Forma confortable con superficie texturizada. Interruptor de velocidad del cursor. Rueda de desplazamiento premium. Easy-switch\u0099 y habilitado para flujo. Recarga r\u00e1pida. Tres formas de conectarse<\/p>\n","protected":false},"featured_media":260056,"comment_status":"open","ping_status":"open","template":"","meta":[],"product_cat":[1748,1749],"product_tag":[1500],"acf":[],"yoast_head":"<!-- This site is optimized with the Yoast SEO plugin v21.7 - https:\/\/yoast.com\/wordpress\/plugins\/seo\/ -->\n<title>[ Logitech ] &#129351; 910-005449 Mouse Mx Vertical Ergonomico Easy-switch Recargable Bluetooth Unifying Grafito<\/title>\n<meta name=\"description\" content=\"Compra 910-005449 Mouse Mx Vertical Ergonomico Easy-switch Recargable Bluetooth Unifying Grafito + Env\u00edo a domicilio + Pago seguro + Garant\u00eda\" \/>\n<meta name=\"robots\" content=\"index, follow, max-snippet:-1, max-image-preview:large, max-video-preview:-1\" \/>\n<link rel=\"canonical\" href=\"https:\/\/compuviper.mx\/tienda\/producto\/logitech-910-005449-mouse-mx-vertical-ergonomico-easy-switch-recargable-bluetooth-unifying-grafito\/\" \/>\n<meta property=\"og:locale\" content=\"es_MX\" \/>\n<meta property=\"og:type\" content=\"article\" \/>\n<meta property=\"og:title\" content=\"[ Logitech ] &#129351; 910-005449 Mouse Mx Vertical Ergonomico Easy-switch Recargable Bluetooth Unifying Grafito\" \/>\n<meta property=\"og:description\" content=\"Compra 910-005449 Mouse Mx Vertical Ergonomico Easy-switch Recargable Bluetooth Unifying Grafito + Env\u00edo a domicilio + Pago seguro + Garant\u00eda\" \/>\n<meta property=\"og:url\" content=\"https:\/\/compuviper.mx\/tienda\/producto\/logitech-910-005449-mouse-mx-vertical-ergonomico-easy-switch-recargable-bluetooth-unifying-grafito\/\" \/>\n<meta property=\"og:site_name\" content=\"Compuviper\" \/>\n<meta property=\"article:publisher\" content=\"https:\/\/www.facebook.com\/compuviper\" \/>\n<meta property=\"article:modified_time\" content=\"2026-05-09T06:54:26+00:00\" \/>\n<meta property=\"og:image\" content=\"https:\/\/compuviper.mx\/tienda\/wp-content\/uploads\/2025\/10\/Mouse-logitech-mx-vertical-ergonomico-easy-switch-recargable-bluetooth-unifying-grafito.jpg\" \/>\n\t<meta property=\"og:image:width\" content=\"200\" \/>\n\t<meta property=\"og:image:height\" content=\"200\" \/>\n\t<meta property=\"og:image:type\" content=\"image\/jpeg\" \/>\n<meta name=\"twitter:card\" content=\"summary_large_image\" \/>\n<meta name=\"twitter:label1\" content=\"Precio\" \/>\n\t<meta name=\"twitter:data1\" content=\"&#36;1,716 con IVA\" \/>\n\t<meta name=\"twitter:label2\" content=\"Availability\" \/>\n\t<meta name=\"twitter:data2\" content=\"In stock\" \/>\n<script type=\"application\/ld+json\" class=\"yoast-schema-graph\">{\"@context\":\"https:\/\/schema.org\",\"@graph\":[{\"@type\":\"WebPage\",\"@id\":\"https:\/\/compuviper.mx\/tienda\/producto\/logitech-910-005449-mouse-mx-vertical-ergonomico-easy-switch-recargable-bluetooth-unifying-grafito\/\",\"url\":\"https:\/\/compuviper.mx\/tienda\/producto\/logitech-910-005449-mouse-mx-vertical-ergonomico-easy-switch-recargable-bluetooth-unifying-grafito\/\",\"name\":\"[ Logitech ] &#129351; 910-005449 Mouse Mx Vertical Ergonomico Easy-switch Recargable Bluetooth Unifying Grafito\",\"isPartOf\":{\"@id\":\"https:\/\/compuviper.mx\/tienda\/#website\"},\"datePublished\":\"2026-05-09T06:54:25+00:00\",\"dateModified\":\"2026-05-09T06:54:26+00:00\",\"description\":\"Compra 910-005449 Mouse Mx Vertical Ergonomico Easy-switch Recargable Bluetooth Unifying Grafito + Env\u00edo a domicilio + Pago seguro + Garant\u00eda\",\"breadcrumb\":{\"@id\":\"https:\/\/compuviper.mx\/tienda\/producto\/logitech-910-005449-mouse-mx-vertical-ergonomico-easy-switch-recargable-bluetooth-unifying-grafito\/#breadcrumb\"},\"inLanguage\":\"es-MX\",\"potentialAction\":[{\"@type\":\"ReadAction\",\"target\":[\"https:\/\/compuviper.mx\/tienda\/producto\/logitech-910-005449-mouse-mx-vertical-ergonomico-easy-switch-recargable-bluetooth-unifying-grafito\/\"]}]},{\"@type\":\"BreadcrumbList\",\"@id\":\"https:\/\/compuviper.mx\/tienda\/producto\/logitech-910-005449-mouse-mx-vertical-ergonomico-easy-switch-recargable-bluetooth-unifying-grafito\/#breadcrumb\",\"itemListElement\":[{\"@type\":\"ListItem\",\"position\":1,\"name\":\"Inicio\",\"item\":\"https:\/\/compuviper.mx\/tienda\/\"},{\"@type\":\"ListItem\",\"position\":2,\"name\":\"Productos\",\"item\":\"https:\/\/compuviper.mx\/tienda\/productos\/\"},{\"@type\":\"ListItem\",\"position\":3,\"name\":\"Mouse\",\"item\":\"https:\/\/compuviper.mx\/tienda\/categoria-producto\/mouse\/\"},{\"@type\":\"ListItem\",\"position\":4,\"name\":\"Optico\",\"item\":\"https:\/\/compuviper.mx\/tienda\/categoria-producto\/mouse\/optico\/\"},{\"@type\":\"ListItem\",\"position\":5,\"name\":\"Logitech 910-005449 Mouse Mx Vertical Ergonomico Easy-switch Recargable Bluetooth Unifying Grafito\"}]},{\"@type\":\"WebSite\",\"@id\":\"https:\/\/compuviper.mx\/tienda\/#website\",\"url\":\"https:\/\/compuviper.mx\/tienda\/\",\"name\":\"Compuviper\",\"description\":\"Proveedor de Computadoras, Laptops, Servidores, Monitores, Puntos de Venta, Teclados,   Impresoras, T\u00f3ner, C\u00e1maras de Seguridad y m\u00e1s en tu tienda en l\u00ednea\",\"publisher\":{\"@id\":\"https:\/\/compuviper.mx\/tienda\/#organization\"},\"potentialAction\":[{\"@type\":\"SearchAction\",\"target\":{\"@type\":\"EntryPoint\",\"urlTemplate\":\"https:\/\/compuviper.mx\/tienda\/?s={search_term_string}\"},\"query-input\":\"required name=search_term_string\"}],\"inLanguage\":\"es-MX\"},{\"@type\":\"Organization\",\"@id\":\"https:\/\/compuviper.mx\/tienda\/#organization\",\"name\":\"Compuviper\",\"url\":\"https:\/\/compuviper.mx\/tienda\/\",\"logo\":{\"@type\":\"ImageObject\",\"inLanguage\":\"es-MX\",\"@id\":\"https:\/\/compuviper.mx\/tienda\/#\/schema\/logo\/image\/\",\"url\":\"https:\/\/compuviper.mx\/tienda\/wp-content\/uploads\/2021\/08\/Logo-Compuviper-10.png\",\"contentUrl\":\"https:\/\/compuviper.mx\/tienda\/wp-content\/uploads\/2021\/08\/Logo-Compuviper-10.png\",\"width\":1000,\"height\":500,\"caption\":\"Compuviper\"},\"image\":{\"@id\":\"https:\/\/compuviper.mx\/tienda\/#\/schema\/logo\/image\/\"},\"sameAs\":[\"https:\/\/www.facebook.com\/compuviper\",\"https:\/\/www.youtube.com\/channel\/UCf73dERp9Y3cfOq7q8BhLjA?view_as=subscriber\"]}]}<\/script>\n<meta property=\"product:brand\" content=\"LOGITECH\" \/>\n<meta property=\"product:price:amount\" content=\"1716\" \/>\n<meta property=\"product:price:currency\" content=\"MXN\" \/>\n<meta property=\"og:availability\" content=\"instock\" \/>\n<meta property=\"product:availability\" content=\"instock\" \/>\n<meta property=\"product:retailer_item_id\" content=\"910-005449\" \/>\n<meta property=\"product:condition\" content=\"new\" \/>\n<!-- \/ Yoast SEO plugin. -->","yoast_head_json":{"title":"[ Logitech ] &#129351; 910-005449 Mouse Mx Vertical Ergonomico Easy-switch Recargable Bluetooth Unifying Grafito","description":"Compra 910-005449 Mouse Mx Vertical Ergonomico Easy-switch Recargable Bluetooth Unifying Grafito + Env\u00edo a domicilio + Pago seguro + Garant\u00eda","robots":{"index":"index","follow":"follow","max-snippet":"max-snippet:-1","max-image-preview":"max-image-preview:large","max-video-preview":"max-video-preview:-1"},"canonical":"https:\/\/compuviper.mx\/tienda\/producto\/logitech-910-005449-mouse-mx-vertical-ergonomico-easy-switch-recargable-bluetooth-unifying-grafito\/","og_locale":"es_MX","og_type":"article","og_title":"[ Logitech ] &#129351; 910-005449 Mouse Mx Vertical Ergonomico Easy-switch Recargable Bluetooth Unifying Grafito","og_description":"Compra 910-005449 Mouse Mx Vertical Ergonomico Easy-switch Recargable Bluetooth Unifying Grafito + Env\u00edo a domicilio + Pago seguro + Garant\u00eda","og_url":"https:\/\/compuviper.mx\/tienda\/producto\/logitech-910-005449-mouse-mx-vertical-ergonomico-easy-switch-recargable-bluetooth-unifying-grafito\/","og_site_name":"Compuviper","article_publisher":"https:\/\/www.facebook.com\/compuviper","article_modified_time":"2026-05-09T06:54:26+00:00","og_image":[{"width":200,"height":200,"url":"https:\/\/compuviper.mx\/tienda\/wp-content\/uploads\/2025\/10\/Mouse-logitech-mx-vertical-ergonomico-easy-switch-recargable-bluetooth-unifying-grafito.jpg","type":"image\/jpeg"}],"twitter_card":"summary_large_image","twitter_misc":{"Precio":"&#36;1,716 con IVA","Availability":"In stock"},"schema":{"@context":"https:\/\/schema.org","@graph":[{"@type":"WebPage","@id":"https:\/\/compuviper.mx\/tienda\/producto\/logitech-910-005449-mouse-mx-vertical-ergonomico-easy-switch-recargable-bluetooth-unifying-grafito\/","url":"https:\/\/compuviper.mx\/tienda\/producto\/logitech-910-005449-mouse-mx-vertical-ergonomico-easy-switch-recargable-bluetooth-unifying-grafito\/","name":"[ Logitech ] &#129351; 910-005449 Mouse Mx Vertical Ergonomico Easy-switch Recargable Bluetooth Unifying Grafito","isPartOf":{"@id":"https:\/\/compuviper.mx\/tienda\/#website"},"datePublished":"2026-05-09T06:54:25+00:00","dateModified":"2026-05-09T06:54:26+00:00","description":"Compra 910-005449 Mouse Mx Vertical Ergonomico Easy-switch Recargable Bluetooth Unifying Grafito + Env\u00edo a domicilio + Pago seguro + Garant\u00eda","breadcrumb":{"@id":"https:\/\/compuviper.mx\/tienda\/producto\/logitech-910-005449-mouse-mx-vertical-ergonomico-easy-switch-recargable-bluetooth-unifying-grafito\/#breadcrumb"},"inLanguage":"es-MX","potentialAction":[{"@type":"ReadAction","target":["https:\/\/compuviper.mx\/tienda\/producto\/logitech-910-005449-mouse-mx-vertical-ergonomico-easy-switch-recargable-bluetooth-unifying-grafito\/"]}]},{"@type":"BreadcrumbList","@id":"https:\/\/compuviper.mx\/tienda\/producto\/logitech-910-005449-mouse-mx-vertical-ergonomico-easy-switch-recargable-bluetooth-unifying-grafito\/#breadcrumb","itemListElement":[{"@type":"ListItem","position":1,"name":"Inicio","item":"https:\/\/compuviper.mx\/tienda\/"},{"@type":"ListItem","position":2,"name":"Productos","item":"https:\/\/compuviper.mx\/tienda\/productos\/"},{"@type":"ListItem","position":3,"name":"Mouse","item":"https:\/\/compuviper.mx\/tienda\/categoria-producto\/mouse\/"},{"@type":"ListItem","position":4,"name":"Optico","item":"https:\/\/compuviper.mx\/tienda\/categoria-producto\/mouse\/optico\/"},{"@type":"ListItem","position":5,"name":"Logitech 910-005449 Mouse Mx Vertical Ergonomico Easy-switch Recargable Bluetooth Unifying Grafito"}]},{"@type":"WebSite","@id":"https:\/\/compuviper.mx\/tienda\/#website","url":"https:\/\/compuviper.mx\/tienda\/","name":"Compuviper","description":"Proveedor de Computadoras, Laptops, Servidores, Monitores, Puntos de Venta, Teclados,   Impresoras, T\u00f3ner, C\u00e1maras de Seguridad y m\u00e1s en tu tienda en l\u00ednea","publisher":{"@id":"https:\/\/compuviper.mx\/tienda\/#organization"},"potentialAction":[{"@type":"SearchAction","target":{"@type":"EntryPoint","urlTemplate":"https:\/\/compuviper.mx\/tienda\/?s={search_term_string}"},"query-input":"required name=search_term_string"}],"inLanguage":"es-MX"},{"@type":"Organization","@id":"https:\/\/compuviper.mx\/tienda\/#organization","name":"Compuviper","url":"https:\/\/compuviper.mx\/tienda\/","logo":{"@type":"ImageObject","inLanguage":"es-MX","@id":"https:\/\/compuviper.mx\/tienda\/#\/schema\/logo\/image\/","url":"https:\/\/compuviper.mx\/tienda\/wp-content\/uploads\/2021\/08\/Logo-Compuviper-10.png","contentUrl":"https:\/\/compuviper.mx\/tienda\/wp-content\/uploads\/2021\/08\/Logo-Compuviper-10.png","width":1000,"height":500,"caption":"Compuviper"},"image":{"@id":"https:\/\/compuviper.mx\/tienda\/#\/schema\/logo\/image\/"},"sameAs":["https:\/\/www.facebook.com\/compuviper","https:\/\/www.youtube.com\/channel\/UCf73dERp9Y3cfOq7q8BhLjA?view_as=subscriber"]}]},"product_brand":"LOGITECH","product_price_amount":"1716","product_price_currency":"MXN","og_availability":"instock","product_availability":"instock","product_retailer_item_id":"910-005449","product_condition":"new"},"_links":{"self":[{"href":"https:\/\/compuviper.mx\/tienda\/wp-json\/wp\/v2\/product\/246281"}],"collection":[{"href":"https:\/\/compuviper.mx\/tienda\/wp-json\/wp\/v2\/product"}],"about":[{"href":"https:\/\/compuviper.mx\/tienda\/wp-json\/wp\/v2\/types\/product"}],"replies":[{"embeddable":true,"href":"https:\/\/compuviper.mx\/tienda\/wp-json\/wp\/v2\/comments?post=246281"}],"wp:featuredmedia":[{"embeddable":true,"href":"https:\/\/compuviper.mx\/tienda\/wp-json\/wp\/v2\/media\/260056"}],"wp:attachment":[{"href":"https:\/\/compuviper.mx\/tienda\/wp-json\/wp\/v2\/media?parent=246281"}],"wp:term":[{"taxonomy":"product_cat","embeddable":true,"href":"https:\/\/compuviper.mx\/tienda\/wp-json\/wp\/v2\/product_cat?post=246281"},{"taxonomy":"product_tag","embeddable":true,"href":"https:\/\/compuviper.mx\/tienda\/wp-json\/wp\/v2\/product_tag?post=246281"}],"curies":[{"name":"wp","href":"https:\/\/api.w.org\/{rel}","templated":true}]}}