{"id":246280,"date":"2026-05-09T00:54:25","date_gmt":"2026-05-09T06:54:25","guid":{"rendered":"https:\/\/compuviper.mx\/tienda\/producto\/logitech-910-007031-mouse-ergo-m575s-trackball-inalambrico-logi-bolt-grafito\/"},"modified":"2026-05-09T00:54:25","modified_gmt":"2026-05-09T06:54:25","slug":"logitech-910-007031-mouse-ergo-m575s-trackball-inalambrico-logi-bolt-grafito","status":"publish","type":"product","link":"https:\/\/compuviper.mx\/tienda\/producto\/logitech-910-007031-mouse-ergo-m575s-trackball-inalambrico-logi-bolt-grafito\/","title":{"rendered":"Logitech 910-007031 Mouse  Ergo M575s Trackball Inalambrico Logi Bolt Grafito"},"content":{"rendered":"<table class=\"descripcion\">\n<tr>\n<td>Tecnologia del sensor<\/td>\n<\/tr>\n<tr>\n<td>Tecnologia del sensor: seguimiento optico avanzado de logitech<\/td>\n<\/tr>\n<tr>\n<td>Valor nominal: 400 dpi<\/td>\n<\/tr>\n<tr>\n<td>Valor maximo: hasta 2000 dpi<\/td>\n<\/tr>\n<tr>\n<td>Botones<\/td>\n<\/tr>\n<tr>\n<td>Numero de botones: 5 (clic izquierdo\/derecho, retroceso\/avance, boton rueda con clic en boton central)<\/td>\n<\/tr>\n<tr>\n<td>Numero de botones personalizables:: 3 (retroceso\/avance, clic de boton central)<\/td>\n<\/tr>\n<tr>\n<td>Aplicacion de personalizacion<\/td>\n<\/tr>\n<tr>\n<td>Compatibilidad con logi options+ para windows y macos<\/td>\n<\/tr>\n<tr>\n<td>Requiere la aplicacion logi options+ disponible para versiones recientes de windows y macos en logi.com\/optionsplus<\/td>\n<\/tr>\n<tr>\n<td>Bateria<\/td>\n<\/tr>\n<tr>\n<td>Tipo de baterias: 1 bateria aa (incluida)<\/td>\n<\/tr>\n<tr>\n<td>Duracion de baterias: hasta 18 meses (depende del uso y del equipo).<\/td>\n<\/tr>\n<tr>\n<td>Tipo de conexion<\/td>\n<\/tr>\n<tr>\n<td>Receptor usb<\/td>\n<\/tr>\n<tr>\n<td>Tecnologia bluetooth low energy<\/td>\n<\/tr>\n<tr>\n<td>Radio de accion inalambrico<\/td>\n<\/tr>\n<tr>\n<td>Radio de accion inalambrico de 10 m (el radio de acci\u00f3n inalambrico depende del entorno operativo y de la configuracion de dispositivos).<\/td>\n<\/tr>\n<tr>\n<td>Sostenibilidad<\/td>\n<\/tr>\n<tr>\n<td>Plastico grafito\/negro: 52% de material reciclado posconsumo (no incluye el plastico del conjunto de cableado impreso, los cables ni el empaque)<\/td>\n<\/tr>\n<tr>\n<td>Plastico en blanco crudo: 21% de material reciclado posconsumo (no incluye el plastico del conjunto de cableado impreso, los cables ni el empaque)<\/td>\n<\/tr>\n<tr>\n<td>Empacado de papel: certificacion para fsc\u0099<\/td>\n<\/tr>\n<tr>\n<td>Informacion de garantia<\/td>\n<\/tr>\n<tr>\n<td>Un a\u00f1o de garant\u00eda de hardware limitada<\/td>\n<\/tr>\n<\/table>\n","protected":false},"excerpt":{"rendered":"<p>Trabaja comodamente en tu espacio. Minimiza el movimiento y maximiza tu comodidad con el trackball inal\u00e1mbrico ergo m575s, ahora con clics discretos. Con el control con el pulgar no necesitar\u00e1s mover el brazo para mover el cursor, por lo que la mano permanece totalmente apoyada en el dise\u00f1o ergonomico contorneado. Un buen ajuste ce\u00f1ido para la mayor\u00eda de tama\u00f1os de mano. Menos movimiento. Mas confort. Ahorra espacio con el control para el pulgar. Certificado por ergonomos. Seguimiento preciso y uniforme. Clics discretos. Trabaja a tu manera. Conectividad doble duracion de baterias prolongada. Dias mas comodos. Huella m\u00e1s ligera.<\/p>\n","protected":false},"featured_media":260055,"comment_status":"open","ping_status":"open","template":"","meta":[],"product_cat":[1748,1749],"product_tag":[1500],"acf":[],"yoast_head":"<!-- This site is optimized with the Yoast SEO plugin v21.7 - https:\/\/yoast.com\/wordpress\/plugins\/seo\/ -->\n<title>[ Logitech ] &#129351; 910-007031 Mouse Ergo M575s Trackball Inalambrico Logi Bolt Grafito<\/title>\n<meta name=\"description\" content=\"Compra 910-007031 Mouse Ergo M575s Trackball Inalambrico Logi Bolt Grafito + Env\u00edo a domicilio + Pago seguro + Garant\u00eda\" \/>\n<meta name=\"robots\" content=\"index, follow, max-snippet:-1, max-image-preview:large, max-video-preview:-1\" \/>\n<link rel=\"canonical\" href=\"https:\/\/compuviper.mx\/tienda\/producto\/logitech-910-007031-mouse-ergo-m575s-trackball-inalambrico-logi-bolt-grafito\/\" \/>\n<meta property=\"og:locale\" content=\"es_MX\" \/>\n<meta property=\"og:type\" content=\"article\" \/>\n<meta property=\"og:title\" content=\"[ Logitech ] &#129351; 910-007031 Mouse Ergo M575s Trackball Inalambrico Logi Bolt Grafito\" \/>\n<meta property=\"og:description\" content=\"Compra 910-007031 Mouse Ergo M575s Trackball Inalambrico Logi Bolt Grafito + Env\u00edo a domicilio + Pago seguro + Garant\u00eda\" \/>\n<meta property=\"og:url\" content=\"https:\/\/compuviper.mx\/tienda\/producto\/logitech-910-007031-mouse-ergo-m575s-trackball-inalambrico-logi-bolt-grafito\/\" \/>\n<meta property=\"og:site_name\" content=\"Compuviper\" \/>\n<meta property=\"article:publisher\" content=\"https:\/\/www.facebook.com\/compuviper\" \/>\n<meta property=\"og:image\" content=\"https:\/\/compuviper.mx\/tienda\/wp-content\/uploads\/2025\/10\/Mouse-logitech-ergo-m575s-trackball-inalambrico-logi-bolt-grafito.jpg\" \/>\n\t<meta property=\"og:image:width\" content=\"200\" \/>\n\t<meta property=\"og:image:height\" content=\"200\" \/>\n\t<meta property=\"og:image:type\" content=\"image\/jpeg\" \/>\n<meta name=\"twitter:card\" content=\"summary_large_image\" \/>\n<meta name=\"twitter:label1\" content=\"Precio\" \/>\n\t<meta name=\"twitter:data1\" content=\"&#36;917 con IVA\" \/>\n\t<meta name=\"twitter:label2\" content=\"Availability\" \/>\n\t<meta name=\"twitter:data2\" content=\"In stock\" \/>\n<script type=\"application\/ld+json\" class=\"yoast-schema-graph\">{\"@context\":\"https:\/\/schema.org\",\"@graph\":[{\"@type\":\"WebPage\",\"@id\":\"https:\/\/compuviper.mx\/tienda\/producto\/logitech-910-007031-mouse-ergo-m575s-trackball-inalambrico-logi-bolt-grafito\/\",\"url\":\"https:\/\/compuviper.mx\/tienda\/producto\/logitech-910-007031-mouse-ergo-m575s-trackball-inalambrico-logi-bolt-grafito\/\",\"name\":\"[ Logitech ] &#129351; 910-007031 Mouse Ergo M575s Trackball Inalambrico Logi Bolt Grafito\",\"isPartOf\":{\"@id\":\"https:\/\/compuviper.mx\/tienda\/#website\"},\"datePublished\":\"2026-05-09T06:54:25+00:00\",\"dateModified\":\"2026-05-09T06:54:25+00:00\",\"description\":\"Compra 910-007031 Mouse Ergo M575s Trackball Inalambrico Logi Bolt Grafito + Env\u00edo a domicilio + Pago seguro + Garant\u00eda\",\"breadcrumb\":{\"@id\":\"https:\/\/compuviper.mx\/tienda\/producto\/logitech-910-007031-mouse-ergo-m575s-trackball-inalambrico-logi-bolt-grafito\/#breadcrumb\"},\"inLanguage\":\"es-MX\",\"potentialAction\":[{\"@type\":\"ReadAction\",\"target\":[\"https:\/\/compuviper.mx\/tienda\/producto\/logitech-910-007031-mouse-ergo-m575s-trackball-inalambrico-logi-bolt-grafito\/\"]}]},{\"@type\":\"BreadcrumbList\",\"@id\":\"https:\/\/compuviper.mx\/tienda\/producto\/logitech-910-007031-mouse-ergo-m575s-trackball-inalambrico-logi-bolt-grafito\/#breadcrumb\",\"itemListElement\":[{\"@type\":\"ListItem\",\"position\":1,\"name\":\"Inicio\",\"item\":\"https:\/\/compuviper.mx\/tienda\/\"},{\"@type\":\"ListItem\",\"position\":2,\"name\":\"Productos\",\"item\":\"https:\/\/compuviper.mx\/tienda\/productos\/\"},{\"@type\":\"ListItem\",\"position\":3,\"name\":\"Mouse\",\"item\":\"https:\/\/compuviper.mx\/tienda\/categoria-producto\/mouse\/\"},{\"@type\":\"ListItem\",\"position\":4,\"name\":\"Optico\",\"item\":\"https:\/\/compuviper.mx\/tienda\/categoria-producto\/mouse\/optico\/\"},{\"@type\":\"ListItem\",\"position\":5,\"name\":\"Logitech 910-007031 Mouse Ergo M575s Trackball Inalambrico Logi Bolt Grafito\"}]},{\"@type\":\"WebSite\",\"@id\":\"https:\/\/compuviper.mx\/tienda\/#website\",\"url\":\"https:\/\/compuviper.mx\/tienda\/\",\"name\":\"Compuviper\",\"description\":\"Proveedor de Computadoras, Laptops, Servidores, Monitores, Puntos de Venta, Teclados,   Impresoras, T\u00f3ner, C\u00e1maras de Seguridad y m\u00e1s en tu tienda en l\u00ednea\",\"publisher\":{\"@id\":\"https:\/\/compuviper.mx\/tienda\/#organization\"},\"potentialAction\":[{\"@type\":\"SearchAction\",\"target\":{\"@type\":\"EntryPoint\",\"urlTemplate\":\"https:\/\/compuviper.mx\/tienda\/?s={search_term_string}\"},\"query-input\":\"required name=search_term_string\"}],\"inLanguage\":\"es-MX\"},{\"@type\":\"Organization\",\"@id\":\"https:\/\/compuviper.mx\/tienda\/#organization\",\"name\":\"Compuviper\",\"url\":\"https:\/\/compuviper.mx\/tienda\/\",\"logo\":{\"@type\":\"ImageObject\",\"inLanguage\":\"es-MX\",\"@id\":\"https:\/\/compuviper.mx\/tienda\/#\/schema\/logo\/image\/\",\"url\":\"https:\/\/compuviper.mx\/tienda\/wp-content\/uploads\/2021\/08\/Logo-Compuviper-10.png\",\"contentUrl\":\"https:\/\/compuviper.mx\/tienda\/wp-content\/uploads\/2021\/08\/Logo-Compuviper-10.png\",\"width\":1000,\"height\":500,\"caption\":\"Compuviper\"},\"image\":{\"@id\":\"https:\/\/compuviper.mx\/tienda\/#\/schema\/logo\/image\/\"},\"sameAs\":[\"https:\/\/www.facebook.com\/compuviper\",\"https:\/\/www.youtube.com\/channel\/UCf73dERp9Y3cfOq7q8BhLjA?view_as=subscriber\"]}]}<\/script>\n<meta property=\"product:brand\" content=\"LOGITECH\" \/>\n<meta property=\"product:price:amount\" content=\"917\" \/>\n<meta property=\"product:price:currency\" content=\"MXN\" \/>\n<meta property=\"og:availability\" content=\"instock\" \/>\n<meta property=\"product:availability\" content=\"instock\" \/>\n<meta property=\"product:retailer_item_id\" content=\"910-007031\" \/>\n<meta property=\"product:condition\" content=\"new\" \/>\n<!-- \/ Yoast SEO plugin. -->","yoast_head_json":{"title":"[ Logitech ] &#129351; 910-007031 Mouse Ergo M575s Trackball Inalambrico Logi Bolt Grafito","description":"Compra 910-007031 Mouse Ergo M575s Trackball Inalambrico Logi Bolt Grafito + Env\u00edo a domicilio + Pago seguro + Garant\u00eda","robots":{"index":"index","follow":"follow","max-snippet":"max-snippet:-1","max-image-preview":"max-image-preview:large","max-video-preview":"max-video-preview:-1"},"canonical":"https:\/\/compuviper.mx\/tienda\/producto\/logitech-910-007031-mouse-ergo-m575s-trackball-inalambrico-logi-bolt-grafito\/","og_locale":"es_MX","og_type":"article","og_title":"[ Logitech ] &#129351; 910-007031 Mouse Ergo M575s Trackball Inalambrico Logi Bolt Grafito","og_description":"Compra 910-007031 Mouse Ergo M575s Trackball Inalambrico Logi Bolt Grafito + Env\u00edo a domicilio + Pago seguro + Garant\u00eda","og_url":"https:\/\/compuviper.mx\/tienda\/producto\/logitech-910-007031-mouse-ergo-m575s-trackball-inalambrico-logi-bolt-grafito\/","og_site_name":"Compuviper","article_publisher":"https:\/\/www.facebook.com\/compuviper","og_image":[{"width":200,"height":200,"url":"https:\/\/compuviper.mx\/tienda\/wp-content\/uploads\/2025\/10\/Mouse-logitech-ergo-m575s-trackball-inalambrico-logi-bolt-grafito.jpg","type":"image\/jpeg"}],"twitter_card":"summary_large_image","twitter_misc":{"Precio":"&#36;917 con IVA","Availability":"In stock"},"schema":{"@context":"https:\/\/schema.org","@graph":[{"@type":"WebPage","@id":"https:\/\/compuviper.mx\/tienda\/producto\/logitech-910-007031-mouse-ergo-m575s-trackball-inalambrico-logi-bolt-grafito\/","url":"https:\/\/compuviper.mx\/tienda\/producto\/logitech-910-007031-mouse-ergo-m575s-trackball-inalambrico-logi-bolt-grafito\/","name":"[ Logitech ] &#129351; 910-007031 Mouse Ergo M575s Trackball Inalambrico Logi Bolt Grafito","isPartOf":{"@id":"https:\/\/compuviper.mx\/tienda\/#website"},"datePublished":"2026-05-09T06:54:25+00:00","dateModified":"2026-05-09T06:54:25+00:00","description":"Compra 910-007031 Mouse Ergo M575s Trackball Inalambrico Logi Bolt Grafito + Env\u00edo a domicilio + Pago seguro + Garant\u00eda","breadcrumb":{"@id":"https:\/\/compuviper.mx\/tienda\/producto\/logitech-910-007031-mouse-ergo-m575s-trackball-inalambrico-logi-bolt-grafito\/#breadcrumb"},"inLanguage":"es-MX","potentialAction":[{"@type":"ReadAction","target":["https:\/\/compuviper.mx\/tienda\/producto\/logitech-910-007031-mouse-ergo-m575s-trackball-inalambrico-logi-bolt-grafito\/"]}]},{"@type":"BreadcrumbList","@id":"https:\/\/compuviper.mx\/tienda\/producto\/logitech-910-007031-mouse-ergo-m575s-trackball-inalambrico-logi-bolt-grafito\/#breadcrumb","itemListElement":[{"@type":"ListItem","position":1,"name":"Inicio","item":"https:\/\/compuviper.mx\/tienda\/"},{"@type":"ListItem","position":2,"name":"Productos","item":"https:\/\/compuviper.mx\/tienda\/productos\/"},{"@type":"ListItem","position":3,"name":"Mouse","item":"https:\/\/compuviper.mx\/tienda\/categoria-producto\/mouse\/"},{"@type":"ListItem","position":4,"name":"Optico","item":"https:\/\/compuviper.mx\/tienda\/categoria-producto\/mouse\/optico\/"},{"@type":"ListItem","position":5,"name":"Logitech 910-007031 Mouse Ergo M575s Trackball Inalambrico Logi Bolt Grafito"}]},{"@type":"WebSite","@id":"https:\/\/compuviper.mx\/tienda\/#website","url":"https:\/\/compuviper.mx\/tienda\/","name":"Compuviper","description":"Proveedor de Computadoras, Laptops, Servidores, Monitores, Puntos de Venta, Teclados,   Impresoras, T\u00f3ner, C\u00e1maras de Seguridad y m\u00e1s en tu tienda en l\u00ednea","publisher":{"@id":"https:\/\/compuviper.mx\/tienda\/#organization"},"potentialAction":[{"@type":"SearchAction","target":{"@type":"EntryPoint","urlTemplate":"https:\/\/compuviper.mx\/tienda\/?s={search_term_string}"},"query-input":"required name=search_term_string"}],"inLanguage":"es-MX"},{"@type":"Organization","@id":"https:\/\/compuviper.mx\/tienda\/#organization","name":"Compuviper","url":"https:\/\/compuviper.mx\/tienda\/","logo":{"@type":"ImageObject","inLanguage":"es-MX","@id":"https:\/\/compuviper.mx\/tienda\/#\/schema\/logo\/image\/","url":"https:\/\/compuviper.mx\/tienda\/wp-content\/uploads\/2021\/08\/Logo-Compuviper-10.png","contentUrl":"https:\/\/compuviper.mx\/tienda\/wp-content\/uploads\/2021\/08\/Logo-Compuviper-10.png","width":1000,"height":500,"caption":"Compuviper"},"image":{"@id":"https:\/\/compuviper.mx\/tienda\/#\/schema\/logo\/image\/"},"sameAs":["https:\/\/www.facebook.com\/compuviper","https:\/\/www.youtube.com\/channel\/UCf73dERp9Y3cfOq7q8BhLjA?view_as=subscriber"]}]},"product_brand":"LOGITECH","product_price_amount":"917","product_price_currency":"MXN","og_availability":"instock","product_availability":"instock","product_retailer_item_id":"910-007031","product_condition":"new"},"_links":{"self":[{"href":"https:\/\/compuviper.mx\/tienda\/wp-json\/wp\/v2\/product\/246280"}],"collection":[{"href":"https:\/\/compuviper.mx\/tienda\/wp-json\/wp\/v2\/product"}],"about":[{"href":"https:\/\/compuviper.mx\/tienda\/wp-json\/wp\/v2\/types\/product"}],"replies":[{"embeddable":true,"href":"https:\/\/compuviper.mx\/tienda\/wp-json\/wp\/v2\/comments?post=246280"}],"wp:featuredmedia":[{"embeddable":true,"href":"https:\/\/compuviper.mx\/tienda\/wp-json\/wp\/v2\/media\/260055"}],"wp:attachment":[{"href":"https:\/\/compuviper.mx\/tienda\/wp-json\/wp\/v2\/media?parent=246280"}],"wp:term":[{"taxonomy":"product_cat","embeddable":true,"href":"https:\/\/compuviper.mx\/tienda\/wp-json\/wp\/v2\/product_cat?post=246280"},{"taxonomy":"product_tag","embeddable":true,"href":"https:\/\/compuviper.mx\/tienda\/wp-json\/wp\/v2\/product_tag?post=246280"}],"curies":[{"name":"wp","href":"https:\/\/api.w.org\/{rel}","templated":true}]}}