{"id":246279,"date":"2026-04-18T01:03:39","date_gmt":"2026-04-18T07:03:39","guid":{"rendered":"https:\/\/compuviper.mx\/tienda\/producto\/logitech-910-007261-mouse-mx-ergo-s-trackball-inalambrico-recargable-logi-bolt-negro\/"},"modified":"2026-04-18T01:03:39","modified_gmt":"2026-04-18T07:03:39","slug":"logitech-910-007261-mouse-mx-ergo-s-trackball-inalambrico-recargable-logi-bolt-negro","status":"publish","type":"product","link":"https:\/\/compuviper.mx\/tienda\/producto\/logitech-910-007261-mouse-mx-ergo-s-trackball-inalambrico-recargable-logi-bolt-negro\/","title":{"rendered":"Logitech 910-007261 Mouse  Mx Ergo S Trackball Inalambrico Recargable Logi Bolt Negro"},"content":{"rendered":"<table class=\"descripcion\">\n<tr>\n<td>Dimensiones<\/td>\n<\/tr>\n<tr>\n<td>Altura: 132,5 mm<\/td>\n<\/tr>\n<tr>\n<td>Ancho: 99,8 mm<\/td>\n<\/tr>\n<tr>\n<td>Profundidad: 51,4 mm<\/td>\n<\/tr>\n<tr>\n<td>Peso (sin placa de metal\/sin receptor): 164 g<\/td>\n<\/tr>\n<tr>\n<td>Peso (con placa metalica\/sin receptor): 259 g<\/td>\n<\/tr>\n<tr>\n<td>Especificaciones tecnicas<\/td>\n<\/tr>\n<tr>\n<td>Tecnologia del sensor<\/td>\n<\/tr>\n<tr>\n<td>Seguimiento optico avanzado de logitech<\/td>\n<\/tr>\n<tr>\n<td>Valores minimo y maximo: 512-2048 dpi<\/td>\n<\/tr>\n<tr>\n<td>Botones<\/td>\n<\/tr>\n<tr>\n<td>Numero de botones: 8 (click izquierdo\/derecho, avance\/retroceso, boton rueda con inclinacion para click izquierdo\/derecho y click de boton central, modo de precision, easy-switch)<\/td>\n<\/tr>\n<tr>\n<td>Numero de botones personalizables:: 6<\/td>\n<\/tr>\n<tr>\n<td>Aplicacion de personalizacion<\/td>\n<\/tr>\n<tr>\n<td>Compatibilidad con logi options+ para windows y macos<\/td>\n<\/tr>\n<tr>\n<td>Requiere la aplicaci\u00f3n logi options+ disponible para versiones recientes de windows y macos en logi.com\/optionsplus<\/td>\n<\/tr>\n<tr>\n<td>Tipo de baterias<\/td>\n<\/tr>\n<tr>\n<td>Recargable con carga usb-c<\/td>\n<\/tr>\n<tr>\n<td>Duraci\u00f3n de bater\u00edas: hasta 120 d\u00edas con una sola carga completa; 1 minuto de carga para 24 horas de uso (depende del uso y del equipo).<\/td>\n<\/tr>\n<tr>\n<td>Cable no incluido, cable usb-c a la venta en logi.com<\/td>\n<\/tr>\n<tr>\n<td>Tipo de conexion<\/td>\n<\/tr>\n<tr>\n<td>Receptor usb logi bolt<\/td>\n<\/tr>\n<tr>\n<td>Tecnologia bluetooth low energy<\/td>\n<\/tr>\n<tr>\n<td>Radio de acci\u00f3n inalambrico<\/td>\n<\/tr>\n<tr>\n<td>10 m de alcance inalambrico (el radio de accion inalambrico depende del entorno operativo y de la configuracion de dispositivos)<\/td>\n<\/tr>\n<tr>\n<td>Sostenibilidad<\/td>\n<\/tr>\n<tr>\n<td>Plastico en grafito: 20% de material reciclado posconsumo (no incluye el plastico del conjunto de cableado impreso, los cables ni el empaque)<\/td>\n<\/tr>\n<tr>\n<td>Empacado de papel: con certificacion fsc\u0099<\/td>\n<\/tr>\n<tr>\n<td>Informacion de garantia<\/td>\n<\/tr>\n<tr>\n<td>Un a\u00f1o de garantia de hardware limitada<\/td>\n<\/tr>\n<\/table>\n","protected":false},"excerpt":{"rendered":"<p>Mayor comodidad y precision. Mx ergo s es el trackball ergonomico e inalambrico de logitech mas avanzado hasta la fecha. Cuenta con un angulo de inclinacion de 20 grados, 6 botones personalizables con clics discretos y carga rapida usb-c (no incluye el cable). Maximiza el control. Minimiza el movimiento. Inclinacion para mayor comodidad. Certificado por egonomos. Dias mas tranquilos, a tu manera. Ahora con carga rapida usb-c. Ahora con clics discretos. Dise\u00f1ado para configuraciones avanzadas. Dias mas comodos. Huella mas ligera.<\/p>\n","protected":false},"featured_media":260054,"comment_status":"open","ping_status":"open","template":"","meta":[],"product_cat":[1748,1749],"product_tag":[1500],"acf":[],"yoast_head":"<!-- This site is optimized with the Yoast SEO plugin v21.7 - https:\/\/yoast.com\/wordpress\/plugins\/seo\/ -->\n<title>[ Logitech ] &#129351; 910-007261 Mouse Mx Ergo S Trackball Inalambrico Recargable Logi Bolt Negro<\/title>\n<meta name=\"description\" content=\"Compra 910-007261 Mouse Mx Ergo S Trackball Inalambrico Recargable Logi Bolt Negro + Env\u00edo a domicilio + Pago seguro + Garant\u00eda\" \/>\n<meta name=\"robots\" content=\"index, follow, max-snippet:-1, max-image-preview:large, max-video-preview:-1\" \/>\n<link rel=\"canonical\" href=\"https:\/\/compuviper.mx\/tienda\/producto\/logitech-910-007261-mouse-mx-ergo-s-trackball-inalambrico-recargable-logi-bolt-negro\/\" \/>\n<meta property=\"og:locale\" content=\"es_MX\" \/>\n<meta property=\"og:type\" content=\"article\" \/>\n<meta property=\"og:title\" content=\"[ Logitech ] &#129351; 910-007261 Mouse Mx Ergo S Trackball Inalambrico Recargable Logi Bolt Negro\" \/>\n<meta property=\"og:description\" content=\"Compra 910-007261 Mouse Mx Ergo S Trackball Inalambrico Recargable Logi Bolt Negro + Env\u00edo a domicilio + Pago seguro + Garant\u00eda\" \/>\n<meta property=\"og:url\" content=\"https:\/\/compuviper.mx\/tienda\/producto\/logitech-910-007261-mouse-mx-ergo-s-trackball-inalambrico-recargable-logi-bolt-negro\/\" \/>\n<meta property=\"og:site_name\" content=\"Compuviper\" \/>\n<meta property=\"article:publisher\" content=\"https:\/\/www.facebook.com\/compuviper\" \/>\n<meta property=\"og:image\" content=\"https:\/\/compuviper.mx\/tienda\/wp-content\/uploads\/2025\/10\/Mouse-logitech-mx-ergo-s-trackball-inalambrico-recargable-logi-bolt-negro.jpg\" \/>\n\t<meta property=\"og:image:width\" content=\"200\" \/>\n\t<meta property=\"og:image:height\" content=\"200\" \/>\n\t<meta property=\"og:image:type\" content=\"image\/jpeg\" \/>\n<meta name=\"twitter:card\" content=\"summary_large_image\" \/>\n<meta name=\"twitter:label1\" content=\"Precio\" \/>\n\t<meta name=\"twitter:data1\" content=\"&#36;1,967 con IVA\" \/>\n\t<meta name=\"twitter:label2\" content=\"Availability\" \/>\n\t<meta name=\"twitter:data2\" content=\"Out of stock\" \/>\n<script type=\"application\/ld+json\" class=\"yoast-schema-graph\">{\"@context\":\"https:\/\/schema.org\",\"@graph\":[{\"@type\":\"WebPage\",\"@id\":\"https:\/\/compuviper.mx\/tienda\/producto\/logitech-910-007261-mouse-mx-ergo-s-trackball-inalambrico-recargable-logi-bolt-negro\/\",\"url\":\"https:\/\/compuviper.mx\/tienda\/producto\/logitech-910-007261-mouse-mx-ergo-s-trackball-inalambrico-recargable-logi-bolt-negro\/\",\"name\":\"[ Logitech ] &#129351; 910-007261 Mouse Mx Ergo S Trackball Inalambrico Recargable Logi Bolt Negro\",\"isPartOf\":{\"@id\":\"https:\/\/compuviper.mx\/tienda\/#website\"},\"datePublished\":\"2026-04-18T07:03:39+00:00\",\"dateModified\":\"2026-04-18T07:03:39+00:00\",\"description\":\"Compra 910-007261 Mouse Mx Ergo S Trackball Inalambrico Recargable Logi Bolt Negro + Env\u00edo a domicilio + Pago seguro + Garant\u00eda\",\"breadcrumb\":{\"@id\":\"https:\/\/compuviper.mx\/tienda\/producto\/logitech-910-007261-mouse-mx-ergo-s-trackball-inalambrico-recargable-logi-bolt-negro\/#breadcrumb\"},\"inLanguage\":\"es-MX\",\"potentialAction\":[{\"@type\":\"ReadAction\",\"target\":[\"https:\/\/compuviper.mx\/tienda\/producto\/logitech-910-007261-mouse-mx-ergo-s-trackball-inalambrico-recargable-logi-bolt-negro\/\"]}]},{\"@type\":\"BreadcrumbList\",\"@id\":\"https:\/\/compuviper.mx\/tienda\/producto\/logitech-910-007261-mouse-mx-ergo-s-trackball-inalambrico-recargable-logi-bolt-negro\/#breadcrumb\",\"itemListElement\":[{\"@type\":\"ListItem\",\"position\":1,\"name\":\"Inicio\",\"item\":\"https:\/\/compuviper.mx\/tienda\/\"},{\"@type\":\"ListItem\",\"position\":2,\"name\":\"Productos\",\"item\":\"https:\/\/compuviper.mx\/tienda\/productos\/\"},{\"@type\":\"ListItem\",\"position\":3,\"name\":\"Mouse\",\"item\":\"https:\/\/compuviper.mx\/tienda\/categoria-producto\/mouse\/\"},{\"@type\":\"ListItem\",\"position\":4,\"name\":\"Optico\",\"item\":\"https:\/\/compuviper.mx\/tienda\/categoria-producto\/mouse\/optico\/\"},{\"@type\":\"ListItem\",\"position\":5,\"name\":\"Logitech 910-007261 Mouse Mx Ergo S Trackball Inalambrico Recargable Logi Bolt Negro\"}]},{\"@type\":\"WebSite\",\"@id\":\"https:\/\/compuviper.mx\/tienda\/#website\",\"url\":\"https:\/\/compuviper.mx\/tienda\/\",\"name\":\"Compuviper\",\"description\":\"Proveedor de Computadoras, Laptops, Servidores, Monitores, Puntos de Venta, Teclados,   Impresoras, T\u00f3ner, C\u00e1maras de Seguridad y m\u00e1s en tu tienda en l\u00ednea\",\"publisher\":{\"@id\":\"https:\/\/compuviper.mx\/tienda\/#organization\"},\"potentialAction\":[{\"@type\":\"SearchAction\",\"target\":{\"@type\":\"EntryPoint\",\"urlTemplate\":\"https:\/\/compuviper.mx\/tienda\/?s={search_term_string}\"},\"query-input\":\"required name=search_term_string\"}],\"inLanguage\":\"es-MX\"},{\"@type\":\"Organization\",\"@id\":\"https:\/\/compuviper.mx\/tienda\/#organization\",\"name\":\"Compuviper\",\"url\":\"https:\/\/compuviper.mx\/tienda\/\",\"logo\":{\"@type\":\"ImageObject\",\"inLanguage\":\"es-MX\",\"@id\":\"https:\/\/compuviper.mx\/tienda\/#\/schema\/logo\/image\/\",\"url\":\"https:\/\/compuviper.mx\/tienda\/wp-content\/uploads\/2021\/08\/Logo-Compuviper-10.png\",\"contentUrl\":\"https:\/\/compuviper.mx\/tienda\/wp-content\/uploads\/2021\/08\/Logo-Compuviper-10.png\",\"width\":1000,\"height\":500,\"caption\":\"Compuviper\"},\"image\":{\"@id\":\"https:\/\/compuviper.mx\/tienda\/#\/schema\/logo\/image\/\"},\"sameAs\":[\"https:\/\/www.facebook.com\/compuviper\",\"https:\/\/www.youtube.com\/channel\/UCf73dERp9Y3cfOq7q8BhLjA?view_as=subscriber\"]}]}<\/script>\n<meta property=\"product:brand\" content=\"LOGITECH\" \/>\n<meta property=\"product:price:amount\" content=\"1967\" \/>\n<meta property=\"product:price:currency\" content=\"MXN\" \/>\n<meta property=\"og:availability\" content=\"out of stock\" \/>\n<meta property=\"product:availability\" content=\"out of stock\" \/>\n<meta property=\"product:retailer_item_id\" content=\"910-007261\" \/>\n<meta property=\"product:condition\" content=\"new\" \/>\n<!-- \/ Yoast SEO plugin. -->","yoast_head_json":{"title":"[ Logitech ] &#129351; 910-007261 Mouse Mx Ergo S Trackball Inalambrico Recargable Logi Bolt Negro","description":"Compra 910-007261 Mouse Mx Ergo S Trackball Inalambrico Recargable Logi Bolt Negro + Env\u00edo a domicilio + Pago seguro + Garant\u00eda","robots":{"index":"index","follow":"follow","max-snippet":"max-snippet:-1","max-image-preview":"max-image-preview:large","max-video-preview":"max-video-preview:-1"},"canonical":"https:\/\/compuviper.mx\/tienda\/producto\/logitech-910-007261-mouse-mx-ergo-s-trackball-inalambrico-recargable-logi-bolt-negro\/","og_locale":"es_MX","og_type":"article","og_title":"[ Logitech ] &#129351; 910-007261 Mouse Mx Ergo S Trackball Inalambrico Recargable Logi Bolt Negro","og_description":"Compra 910-007261 Mouse Mx Ergo S Trackball Inalambrico Recargable Logi Bolt Negro + Env\u00edo a domicilio + Pago seguro + Garant\u00eda","og_url":"https:\/\/compuviper.mx\/tienda\/producto\/logitech-910-007261-mouse-mx-ergo-s-trackball-inalambrico-recargable-logi-bolt-negro\/","og_site_name":"Compuviper","article_publisher":"https:\/\/www.facebook.com\/compuviper","og_image":[{"width":200,"height":200,"url":"https:\/\/compuviper.mx\/tienda\/wp-content\/uploads\/2025\/10\/Mouse-logitech-mx-ergo-s-trackball-inalambrico-recargable-logi-bolt-negro.jpg","type":"image\/jpeg"}],"twitter_card":"summary_large_image","twitter_misc":{"Precio":"&#36;1,967 con IVA","Availability":"Out of stock"},"schema":{"@context":"https:\/\/schema.org","@graph":[{"@type":"WebPage","@id":"https:\/\/compuviper.mx\/tienda\/producto\/logitech-910-007261-mouse-mx-ergo-s-trackball-inalambrico-recargable-logi-bolt-negro\/","url":"https:\/\/compuviper.mx\/tienda\/producto\/logitech-910-007261-mouse-mx-ergo-s-trackball-inalambrico-recargable-logi-bolt-negro\/","name":"[ Logitech ] &#129351; 910-007261 Mouse Mx Ergo S Trackball Inalambrico Recargable Logi Bolt Negro","isPartOf":{"@id":"https:\/\/compuviper.mx\/tienda\/#website"},"datePublished":"2026-04-18T07:03:39+00:00","dateModified":"2026-04-18T07:03:39+00:00","description":"Compra 910-007261 Mouse Mx Ergo S Trackball Inalambrico Recargable Logi Bolt Negro + Env\u00edo a domicilio + Pago seguro + Garant\u00eda","breadcrumb":{"@id":"https:\/\/compuviper.mx\/tienda\/producto\/logitech-910-007261-mouse-mx-ergo-s-trackball-inalambrico-recargable-logi-bolt-negro\/#breadcrumb"},"inLanguage":"es-MX","potentialAction":[{"@type":"ReadAction","target":["https:\/\/compuviper.mx\/tienda\/producto\/logitech-910-007261-mouse-mx-ergo-s-trackball-inalambrico-recargable-logi-bolt-negro\/"]}]},{"@type":"BreadcrumbList","@id":"https:\/\/compuviper.mx\/tienda\/producto\/logitech-910-007261-mouse-mx-ergo-s-trackball-inalambrico-recargable-logi-bolt-negro\/#breadcrumb","itemListElement":[{"@type":"ListItem","position":1,"name":"Inicio","item":"https:\/\/compuviper.mx\/tienda\/"},{"@type":"ListItem","position":2,"name":"Productos","item":"https:\/\/compuviper.mx\/tienda\/productos\/"},{"@type":"ListItem","position":3,"name":"Mouse","item":"https:\/\/compuviper.mx\/tienda\/categoria-producto\/mouse\/"},{"@type":"ListItem","position":4,"name":"Optico","item":"https:\/\/compuviper.mx\/tienda\/categoria-producto\/mouse\/optico\/"},{"@type":"ListItem","position":5,"name":"Logitech 910-007261 Mouse Mx Ergo S Trackball Inalambrico Recargable Logi Bolt Negro"}]},{"@type":"WebSite","@id":"https:\/\/compuviper.mx\/tienda\/#website","url":"https:\/\/compuviper.mx\/tienda\/","name":"Compuviper","description":"Proveedor de Computadoras, Laptops, Servidores, Monitores, Puntos de Venta, Teclados,   Impresoras, T\u00f3ner, C\u00e1maras de Seguridad y m\u00e1s en tu tienda en l\u00ednea","publisher":{"@id":"https:\/\/compuviper.mx\/tienda\/#organization"},"potentialAction":[{"@type":"SearchAction","target":{"@type":"EntryPoint","urlTemplate":"https:\/\/compuviper.mx\/tienda\/?s={search_term_string}"},"query-input":"required name=search_term_string"}],"inLanguage":"es-MX"},{"@type":"Organization","@id":"https:\/\/compuviper.mx\/tienda\/#organization","name":"Compuviper","url":"https:\/\/compuviper.mx\/tienda\/","logo":{"@type":"ImageObject","inLanguage":"es-MX","@id":"https:\/\/compuviper.mx\/tienda\/#\/schema\/logo\/image\/","url":"https:\/\/compuviper.mx\/tienda\/wp-content\/uploads\/2021\/08\/Logo-Compuviper-10.png","contentUrl":"https:\/\/compuviper.mx\/tienda\/wp-content\/uploads\/2021\/08\/Logo-Compuviper-10.png","width":1000,"height":500,"caption":"Compuviper"},"image":{"@id":"https:\/\/compuviper.mx\/tienda\/#\/schema\/logo\/image\/"},"sameAs":["https:\/\/www.facebook.com\/compuviper","https:\/\/www.youtube.com\/channel\/UCf73dERp9Y3cfOq7q8BhLjA?view_as=subscriber"]}]},"product_brand":"LOGITECH","product_price_amount":"1967","product_price_currency":"MXN","og_availability":"out of stock","product_availability":"out of stock","product_retailer_item_id":"910-007261","product_condition":"new"},"_links":{"self":[{"href":"https:\/\/compuviper.mx\/tienda\/wp-json\/wp\/v2\/product\/246279"}],"collection":[{"href":"https:\/\/compuviper.mx\/tienda\/wp-json\/wp\/v2\/product"}],"about":[{"href":"https:\/\/compuviper.mx\/tienda\/wp-json\/wp\/v2\/types\/product"}],"replies":[{"embeddable":true,"href":"https:\/\/compuviper.mx\/tienda\/wp-json\/wp\/v2\/comments?post=246279"}],"wp:featuredmedia":[{"embeddable":true,"href":"https:\/\/compuviper.mx\/tienda\/wp-json\/wp\/v2\/media\/260054"}],"wp:attachment":[{"href":"https:\/\/compuviper.mx\/tienda\/wp-json\/wp\/v2\/media?parent=246279"}],"wp:term":[{"taxonomy":"product_cat","embeddable":true,"href":"https:\/\/compuviper.mx\/tienda\/wp-json\/wp\/v2\/product_cat?post=246279"},{"taxonomy":"product_tag","embeddable":true,"href":"https:\/\/compuviper.mx\/tienda\/wp-json\/wp\/v2\/product_tag?post=246279"}],"curies":[{"name":"wp","href":"https:\/\/api.w.org\/{rel}","templated":true}]}}