{"id":246277,"date":"2026-05-09T00:54:23","date_gmt":"2026-05-09T06:54:23","guid":{"rendered":"https:\/\/compuviper.mx\/tienda\/producto\/logitech-910-007457-mouse-m196-inalambrico-bluetooth-blanco\/"},"modified":"2026-05-09T00:54:23","modified_gmt":"2026-05-09T06:54:23","slug":"logitech-910-007457-mouse-m196-inalambrico-bluetooth-blanco","status":"publish","type":"product","link":"https:\/\/compuviper.mx\/tienda\/producto\/logitech-910-007457-mouse-m196-inalambrico-bluetooth-blanco\/","title":{"rendered":"Logitech 910-007457 Mouse  M196 Inalambrico Bluetooth Blanco"},"content":{"rendered":"<table class=\"descripcion\">\n<tr>\n<td>Dimensiones<\/td>\n<\/tr>\n<tr>\n<td>Altura: 100 mm<\/td>\n<\/tr>\n<tr>\n<td>Anchura: 60 mm<\/td>\n<\/tr>\n<tr>\n<td>Profundidad: 38 mm<\/td>\n<\/tr>\n<tr>\n<td>Peso (con pilas): 76 g<\/td>\n<\/tr>\n<tr>\n<td>Especificaciones tecnicas<\/td>\n<\/tr>\n<tr>\n<td>Tecnologia de sensor<\/td>\n<\/tr>\n<tr>\n<td>Seguimiento optico fluido: 1000 dpi<\/td>\n<\/tr>\n<tr>\n<td>Desplazamiento<\/td>\n<\/tr>\n<tr>\n<td>Desplazamiento l\u00ednea a l\u00ednea<\/td>\n<\/tr>\n<tr>\n<td>Boton rueda: 2d, mecanico<\/td>\n<\/tr>\n<tr>\n<td>Detalles de las pilas<\/td>\n<\/tr>\n<tr>\n<td>Duraci\u00f3n de pilas\/bater\u00edas: 12 meses (la duraci\u00f3n de las pilas depende de las condiciones de uso).<\/td>\n<\/tr>\n<tr>\n<td>Una pila aa (preinstalada)<\/td>\n<\/tr>\n<tr>\n<td>Conectividad<\/td>\n<\/tr>\n<tr>\n<td>Tipo de conexion: tecnologia bluetooth low energy (dispositivos moviles u ordenadores bluetooth compatibles con ratones externos (perfil hid)). consulta con el fabricante del dispositivo para obtener m\u00e1s informaci\u00f3n.<\/td>\n<\/tr>\n<tr>\n<td>Radio de accion inalambrico: 10 m (el radio de accion inalambrico depende de las condiciones de uso, del entorno y de los dispositivos).<\/td>\n<\/tr>\n<tr>\n<td>Conexion\/encendido: conmutador de encendido\/apagado; modo de emparejamiento con pulsacion larga<\/td>\n<\/tr>\n<tr>\n<td>Sostenibilidad<\/td>\n<\/tr>\n<tr>\n<td>Plastico en grafito: 67% de material reciclado posconsumo* (excluye conjunto de cableado impreso (pwa) y embalaje).<\/td>\n<\/tr>\n<tr>\n<td>Plastico en blanco crudo y rosado: 66% de material reciclado posconsumo (excluye conjunto de cableado impreso (pwa) y embalaje).<\/td>\n<\/tr>\n<tr>\n<td>Informaci\u00f3n de garantia<\/td>\n<\/tr>\n<tr>\n<td>Dos a\u00f1os de garantia de hardware limitada<\/td>\n<\/tr>\n<tr>\n<td>Numero de referencia<\/td>\n<\/tr>\n<tr>\n<td>Blanco crudo : 910-007460<\/td>\n<\/tr>\n<tr>\n<td>Rosa : 910-007461<\/td>\n<\/tr>\n<tr>\n<td>Grafito : 910-007459<\/td>\n<\/tr>\n<tr>\n<td>Dispositivos compatibles<\/td>\n<\/tr>\n<tr>\n<td>Windows 10, 11 o posteriores<\/td>\n<\/tr>\n<tr>\n<td>Macos 11 o posteriores<\/td>\n<\/tr>\n<\/table>\n","protected":false},"excerpt":{"rendered":"<p>Tecnologia inalambrica, comoda y facil. Presentamos m196, el fiable raton bluetooth que libera espacio de trabajo, se conecta en cuestion de segundos y esta fabricado con plastico reciclado. El dise\u00f1o compacto y contorneado y la duracion de pilas de 12 meses. (la duracion de las pilas\/baterias depende de las condiciones de uso). Te permiten concentrarte en lo que mejor sabes hacer. Emparejamiento en segundos con bluetooth. Forma comoda, dise\u00f1o compacto. Hecho con plastico reciclado.Hecho para durar. Navegacion sencilla, control preciso. Calidad fiable<\/p>\n","protected":false},"featured_media":260052,"comment_status":"open","ping_status":"open","template":"","meta":[],"product_cat":[1748,1749],"product_tag":[1500],"acf":[],"yoast_head":"<!-- This site is optimized with the Yoast SEO plugin v21.7 - https:\/\/yoast.com\/wordpress\/plugins\/seo\/ -->\n<title>[ Logitech ] &#129351; 910-007457 Mouse M196 Inalambrico Bluetooth Blanco<\/title>\n<meta name=\"description\" content=\"Compra 910-007457 Mouse M196 Inalambrico Bluetooth Blanco + Env\u00edo a domicilio + Pago seguro + Garant\u00eda\" \/>\n<meta name=\"robots\" content=\"index, follow, max-snippet:-1, max-image-preview:large, max-video-preview:-1\" \/>\n<link rel=\"canonical\" href=\"https:\/\/compuviper.mx\/tienda\/producto\/logitech-910-007457-mouse-m196-inalambrico-bluetooth-blanco\/\" \/>\n<meta property=\"og:locale\" content=\"es_MX\" \/>\n<meta property=\"og:type\" content=\"article\" \/>\n<meta property=\"og:title\" content=\"[ Logitech ] &#129351; 910-007457 Mouse M196 Inalambrico Bluetooth Blanco\" \/>\n<meta property=\"og:description\" content=\"Compra 910-007457 Mouse M196 Inalambrico Bluetooth Blanco + Env\u00edo a domicilio + Pago seguro + Garant\u00eda\" \/>\n<meta property=\"og:url\" content=\"https:\/\/compuviper.mx\/tienda\/producto\/logitech-910-007457-mouse-m196-inalambrico-bluetooth-blanco\/\" \/>\n<meta property=\"og:site_name\" content=\"Compuviper\" \/>\n<meta property=\"article:publisher\" content=\"https:\/\/www.facebook.com\/compuviper\" \/>\n<meta property=\"og:image\" content=\"https:\/\/compuviper.mx\/tienda\/wp-content\/uploads\/2025\/10\/Mouse-logitech-m196-inalambrico-bluetooth-blanco.jpg\" \/>\n\t<meta property=\"og:image:width\" content=\"200\" \/>\n\t<meta property=\"og:image:height\" content=\"200\" \/>\n\t<meta property=\"og:image:type\" content=\"image\/jpeg\" \/>\n<meta name=\"twitter:card\" content=\"summary_large_image\" \/>\n<meta name=\"twitter:label1\" content=\"Precio\" \/>\n\t<meta name=\"twitter:data1\" content=\"&#36;317 con IVA\" \/>\n\t<meta name=\"twitter:label2\" content=\"Availability\" \/>\n\t<meta name=\"twitter:data2\" content=\"In stock\" \/>\n<script type=\"application\/ld+json\" class=\"yoast-schema-graph\">{\"@context\":\"https:\/\/schema.org\",\"@graph\":[{\"@type\":\"WebPage\",\"@id\":\"https:\/\/compuviper.mx\/tienda\/producto\/logitech-910-007457-mouse-m196-inalambrico-bluetooth-blanco\/\",\"url\":\"https:\/\/compuviper.mx\/tienda\/producto\/logitech-910-007457-mouse-m196-inalambrico-bluetooth-blanco\/\",\"name\":\"[ Logitech ] &#129351; 910-007457 Mouse M196 Inalambrico Bluetooth Blanco\",\"isPartOf\":{\"@id\":\"https:\/\/compuviper.mx\/tienda\/#website\"},\"datePublished\":\"2026-05-09T06:54:23+00:00\",\"dateModified\":\"2026-05-09T06:54:23+00:00\",\"description\":\"Compra 910-007457 Mouse M196 Inalambrico Bluetooth Blanco + Env\u00edo a domicilio + Pago seguro + Garant\u00eda\",\"breadcrumb\":{\"@id\":\"https:\/\/compuviper.mx\/tienda\/producto\/logitech-910-007457-mouse-m196-inalambrico-bluetooth-blanco\/#breadcrumb\"},\"inLanguage\":\"es-MX\",\"potentialAction\":[{\"@type\":\"ReadAction\",\"target\":[\"https:\/\/compuviper.mx\/tienda\/producto\/logitech-910-007457-mouse-m196-inalambrico-bluetooth-blanco\/\"]}]},{\"@type\":\"BreadcrumbList\",\"@id\":\"https:\/\/compuviper.mx\/tienda\/producto\/logitech-910-007457-mouse-m196-inalambrico-bluetooth-blanco\/#breadcrumb\",\"itemListElement\":[{\"@type\":\"ListItem\",\"position\":1,\"name\":\"Inicio\",\"item\":\"https:\/\/compuviper.mx\/tienda\/\"},{\"@type\":\"ListItem\",\"position\":2,\"name\":\"Productos\",\"item\":\"https:\/\/compuviper.mx\/tienda\/productos\/\"},{\"@type\":\"ListItem\",\"position\":3,\"name\":\"Mouse\",\"item\":\"https:\/\/compuviper.mx\/tienda\/categoria-producto\/mouse\/\"},{\"@type\":\"ListItem\",\"position\":4,\"name\":\"Optico\",\"item\":\"https:\/\/compuviper.mx\/tienda\/categoria-producto\/mouse\/optico\/\"},{\"@type\":\"ListItem\",\"position\":5,\"name\":\"Logitech 910-007457 Mouse M196 Inalambrico Bluetooth Blanco\"}]},{\"@type\":\"WebSite\",\"@id\":\"https:\/\/compuviper.mx\/tienda\/#website\",\"url\":\"https:\/\/compuviper.mx\/tienda\/\",\"name\":\"Compuviper\",\"description\":\"Proveedor de Computadoras, Laptops, Servidores, Monitores, Puntos de Venta, Teclados,   Impresoras, T\u00f3ner, C\u00e1maras de Seguridad y m\u00e1s en tu tienda en l\u00ednea\",\"publisher\":{\"@id\":\"https:\/\/compuviper.mx\/tienda\/#organization\"},\"potentialAction\":[{\"@type\":\"SearchAction\",\"target\":{\"@type\":\"EntryPoint\",\"urlTemplate\":\"https:\/\/compuviper.mx\/tienda\/?s={search_term_string}\"},\"query-input\":\"required name=search_term_string\"}],\"inLanguage\":\"es-MX\"},{\"@type\":\"Organization\",\"@id\":\"https:\/\/compuviper.mx\/tienda\/#organization\",\"name\":\"Compuviper\",\"url\":\"https:\/\/compuviper.mx\/tienda\/\",\"logo\":{\"@type\":\"ImageObject\",\"inLanguage\":\"es-MX\",\"@id\":\"https:\/\/compuviper.mx\/tienda\/#\/schema\/logo\/image\/\",\"url\":\"https:\/\/compuviper.mx\/tienda\/wp-content\/uploads\/2021\/08\/Logo-Compuviper-10.png\",\"contentUrl\":\"https:\/\/compuviper.mx\/tienda\/wp-content\/uploads\/2021\/08\/Logo-Compuviper-10.png\",\"width\":1000,\"height\":500,\"caption\":\"Compuviper\"},\"image\":{\"@id\":\"https:\/\/compuviper.mx\/tienda\/#\/schema\/logo\/image\/\"},\"sameAs\":[\"https:\/\/www.facebook.com\/compuviper\",\"https:\/\/www.youtube.com\/channel\/UCf73dERp9Y3cfOq7q8BhLjA?view_as=subscriber\"]}]}<\/script>\n<meta property=\"product:brand\" content=\"LOGITECH\" \/>\n<meta property=\"product:price:amount\" content=\"317\" \/>\n<meta property=\"product:price:currency\" content=\"MXN\" \/>\n<meta property=\"og:availability\" content=\"instock\" \/>\n<meta property=\"product:availability\" content=\"instock\" \/>\n<meta property=\"product:retailer_item_id\" content=\"910-007457\" \/>\n<meta property=\"product:condition\" content=\"new\" \/>\n<!-- \/ Yoast SEO plugin. -->","yoast_head_json":{"title":"[ Logitech ] &#129351; 910-007457 Mouse M196 Inalambrico Bluetooth Blanco","description":"Compra 910-007457 Mouse M196 Inalambrico Bluetooth Blanco + Env\u00edo a domicilio + Pago seguro + Garant\u00eda","robots":{"index":"index","follow":"follow","max-snippet":"max-snippet:-1","max-image-preview":"max-image-preview:large","max-video-preview":"max-video-preview:-1"},"canonical":"https:\/\/compuviper.mx\/tienda\/producto\/logitech-910-007457-mouse-m196-inalambrico-bluetooth-blanco\/","og_locale":"es_MX","og_type":"article","og_title":"[ Logitech ] &#129351; 910-007457 Mouse M196 Inalambrico Bluetooth Blanco","og_description":"Compra 910-007457 Mouse M196 Inalambrico Bluetooth Blanco + Env\u00edo a domicilio + Pago seguro + Garant\u00eda","og_url":"https:\/\/compuviper.mx\/tienda\/producto\/logitech-910-007457-mouse-m196-inalambrico-bluetooth-blanco\/","og_site_name":"Compuviper","article_publisher":"https:\/\/www.facebook.com\/compuviper","og_image":[{"width":200,"height":200,"url":"https:\/\/compuviper.mx\/tienda\/wp-content\/uploads\/2025\/10\/Mouse-logitech-m196-inalambrico-bluetooth-blanco.jpg","type":"image\/jpeg"}],"twitter_card":"summary_large_image","twitter_misc":{"Precio":"&#36;317 con IVA","Availability":"In stock"},"schema":{"@context":"https:\/\/schema.org","@graph":[{"@type":"WebPage","@id":"https:\/\/compuviper.mx\/tienda\/producto\/logitech-910-007457-mouse-m196-inalambrico-bluetooth-blanco\/","url":"https:\/\/compuviper.mx\/tienda\/producto\/logitech-910-007457-mouse-m196-inalambrico-bluetooth-blanco\/","name":"[ Logitech ] &#129351; 910-007457 Mouse M196 Inalambrico Bluetooth Blanco","isPartOf":{"@id":"https:\/\/compuviper.mx\/tienda\/#website"},"datePublished":"2026-05-09T06:54:23+00:00","dateModified":"2026-05-09T06:54:23+00:00","description":"Compra 910-007457 Mouse M196 Inalambrico Bluetooth Blanco + Env\u00edo a domicilio + Pago seguro + Garant\u00eda","breadcrumb":{"@id":"https:\/\/compuviper.mx\/tienda\/producto\/logitech-910-007457-mouse-m196-inalambrico-bluetooth-blanco\/#breadcrumb"},"inLanguage":"es-MX","potentialAction":[{"@type":"ReadAction","target":["https:\/\/compuviper.mx\/tienda\/producto\/logitech-910-007457-mouse-m196-inalambrico-bluetooth-blanco\/"]}]},{"@type":"BreadcrumbList","@id":"https:\/\/compuviper.mx\/tienda\/producto\/logitech-910-007457-mouse-m196-inalambrico-bluetooth-blanco\/#breadcrumb","itemListElement":[{"@type":"ListItem","position":1,"name":"Inicio","item":"https:\/\/compuviper.mx\/tienda\/"},{"@type":"ListItem","position":2,"name":"Productos","item":"https:\/\/compuviper.mx\/tienda\/productos\/"},{"@type":"ListItem","position":3,"name":"Mouse","item":"https:\/\/compuviper.mx\/tienda\/categoria-producto\/mouse\/"},{"@type":"ListItem","position":4,"name":"Optico","item":"https:\/\/compuviper.mx\/tienda\/categoria-producto\/mouse\/optico\/"},{"@type":"ListItem","position":5,"name":"Logitech 910-007457 Mouse M196 Inalambrico Bluetooth Blanco"}]},{"@type":"WebSite","@id":"https:\/\/compuviper.mx\/tienda\/#website","url":"https:\/\/compuviper.mx\/tienda\/","name":"Compuviper","description":"Proveedor de Computadoras, Laptops, Servidores, Monitores, Puntos de Venta, Teclados,   Impresoras, T\u00f3ner, C\u00e1maras de Seguridad y m\u00e1s en tu tienda en l\u00ednea","publisher":{"@id":"https:\/\/compuviper.mx\/tienda\/#organization"},"potentialAction":[{"@type":"SearchAction","target":{"@type":"EntryPoint","urlTemplate":"https:\/\/compuviper.mx\/tienda\/?s={search_term_string}"},"query-input":"required name=search_term_string"}],"inLanguage":"es-MX"},{"@type":"Organization","@id":"https:\/\/compuviper.mx\/tienda\/#organization","name":"Compuviper","url":"https:\/\/compuviper.mx\/tienda\/","logo":{"@type":"ImageObject","inLanguage":"es-MX","@id":"https:\/\/compuviper.mx\/tienda\/#\/schema\/logo\/image\/","url":"https:\/\/compuviper.mx\/tienda\/wp-content\/uploads\/2021\/08\/Logo-Compuviper-10.png","contentUrl":"https:\/\/compuviper.mx\/tienda\/wp-content\/uploads\/2021\/08\/Logo-Compuviper-10.png","width":1000,"height":500,"caption":"Compuviper"},"image":{"@id":"https:\/\/compuviper.mx\/tienda\/#\/schema\/logo\/image\/"},"sameAs":["https:\/\/www.facebook.com\/compuviper","https:\/\/www.youtube.com\/channel\/UCf73dERp9Y3cfOq7q8BhLjA?view_as=subscriber"]}]},"product_brand":"LOGITECH","product_price_amount":"317","product_price_currency":"MXN","og_availability":"instock","product_availability":"instock","product_retailer_item_id":"910-007457","product_condition":"new"},"_links":{"self":[{"href":"https:\/\/compuviper.mx\/tienda\/wp-json\/wp\/v2\/product\/246277"}],"collection":[{"href":"https:\/\/compuviper.mx\/tienda\/wp-json\/wp\/v2\/product"}],"about":[{"href":"https:\/\/compuviper.mx\/tienda\/wp-json\/wp\/v2\/types\/product"}],"replies":[{"embeddable":true,"href":"https:\/\/compuviper.mx\/tienda\/wp-json\/wp\/v2\/comments?post=246277"}],"wp:featuredmedia":[{"embeddable":true,"href":"https:\/\/compuviper.mx\/tienda\/wp-json\/wp\/v2\/media\/260052"}],"wp:attachment":[{"href":"https:\/\/compuviper.mx\/tienda\/wp-json\/wp\/v2\/media?parent=246277"}],"wp:term":[{"taxonomy":"product_cat","embeddable":true,"href":"https:\/\/compuviper.mx\/tienda\/wp-json\/wp\/v2\/product_cat?post=246277"},{"taxonomy":"product_tag","embeddable":true,"href":"https:\/\/compuviper.mx\/tienda\/wp-json\/wp\/v2\/product_tag?post=246277"}],"curies":[{"name":"wp","href":"https:\/\/api.w.org\/{rel}","templated":true}]}}