{"id":246236,"date":"2026-04-17T23:14:51","date_gmt":"2026-04-18T05:14:51","guid":{"rendered":"https:\/\/compuviper.mx\/tienda\/producto\/startech-com-rk1520walhm-gabinete-rack-de-pared-para-servidores-15u-19-4-postes-y-estante-1u-rack-de-servidores-de-montaje-en-pared-con-bisagra-rack-ventilado-para-equipo-de-red-startech\/"},"modified":"2026-04-17T23:14:52","modified_gmt":"2026-04-18T05:14:52","slug":"startech-com-rk1520walhm-gabinete-rack-de-pared-para-servidores-15u-19-4-postes-y-estante-1u-rack-de-servidores-de-montaje-en-pared-con-bisagra-rack-ventilado-para-equipo-de-red-startech","status":"publish","type":"product","link":"https:\/\/compuviper.mx\/tienda\/producto\/startech-com-rk1520walhm-gabinete-rack-de-pared-para-servidores-15u-19-4-postes-y-estante-1u-rack-de-servidores-de-montaje-en-pared-con-bisagra-rack-ventilado-para-equipo-de-red-startech\/","title":{"rendered":"Startech.com Rk1520walhm Gabinete Rack De Pared Para Servidores 15u 19 4 Postes Y Estante 1u &#8211; Rack De Servidores De Montaje En Pared Con Bisagra &#8211; Rack Ventilado Para Equipo De Red Startech"},"content":{"rendered":"<table class=\"descripcion\">\n<tr>\n<td>Armario rack 15u de 4 postes: su profundidad de montaje ajustable (2.4-16in\/6-40.6cm) es ideal para instalar conmutadores de red, paneles de conexion y otros equipos de montaje en rack en su almacen, hogar\/oficina, almacen o sala de servidores<\/td>\n<\/tr>\n<tr>\n<td>Facil acceso: dise\u00f1o de bastidor abatible, cerrado y bloqueable a 180 grados con facil acceso a la parte posterior de los dispositivos montados &#8211; cierre flexible con puerta frontal reversible y extrabile y paneles laterales desmontables<\/td>\n<\/tr>\n<tr>\n<td>Fabricado para durar: dise\u00f1o de 4 postes para un soporte adicional de su equipo &#8211; construido en acero laminado en frio spcc de alta calidad para mayor resistencia y durabilidad con una capacidad de peso maxima de 90kg<\/td>\n<\/tr>\n<tr>\n<td>Totalmente montado: el gabinete de red abisagrado se env\u00eda totalmente montado con todos los tornillos y tuercas enjauladas necesarios para montar el equipo &#8211; incluye un estante y una rollo de cinta de gancho y felpa &#8211; cumple la normativa eia\/eca-310-e<\/td>\n<\/tr>\n<tr>\n<td>Dise\u00f1ado para la refrigeracion: el rack informatico ventilado tiene puertas frontales y paneles laterales de malla para proporcionar un flujo de aire fresco y admite la refrigeracion activa con hasta cuatro ventiladores opcionales de 120 mm<\/td>\n<\/tr>\n<\/table>\n","protected":false},"excerpt":{"rendered":"<p>Utilice este gabinete de red de montaje en pared para montar sus servidores o equipos de red en la pared con una carcasa con bisagras para facilitar el acceso<\/p>\n","protected":false},"featured_media":258698,"comment_status":"open","ping_status":"open","template":"","meta":[],"product_cat":[1493,1494],"product_tag":[1590],"acf":[],"yoast_head":"<!-- This site is optimized with the Yoast SEO plugin v21.7 - https:\/\/yoast.com\/wordpress\/plugins\/seo\/ -->\n<title>[ Startech.com ] &#129351; Rk1520walhm Gabinete Rack De Pared Para Servidores 15u 19 4 Postes Y Estante 1u - Rack De Servidores De Montaje En Pared Con Bisagra - Rack Ventilado Para Equipo De Red Startech<\/title>\n<meta name=\"description\" content=\"Compra Rk1520walhm Gabinete Rack De Pared Para Servidores 15u 19 4 Postes Y Estante 1u - Rack De Servidores De Montaje En Pared Con Bisagra - Rack Ventilado Para Equipo De Red Startech + Env\u00edo a domicilio + Pago seguro + Garant\u00eda\" \/>\n<meta name=\"robots\" content=\"index, follow, max-snippet:-1, max-image-preview:large, max-video-preview:-1\" \/>\n<link rel=\"canonical\" href=\"https:\/\/compuviper.mx\/tienda\/producto\/startech-com-rk1520walhm-gabinete-rack-de-pared-para-servidores-15u-19-4-postes-y-estante-1u-rack-de-servidores-de-montaje-en-pared-con-bisagra-rack-ventilado-para-equipo-de-red-startech\/\" \/>\n<meta property=\"og:locale\" content=\"es_MX\" \/>\n<meta property=\"og:type\" content=\"article\" \/>\n<meta property=\"og:title\" content=\"[ Startech.com ] &#129351; Rk1520walhm Gabinete Rack De Pared Para Servidores 15u 19 4 Postes Y Estante 1u - Rack De Servidores De Montaje En Pared Con Bisagra - Rack Ventilado Para Equipo De Red Startech\" \/>\n<meta property=\"og:description\" content=\"Compra Rk1520walhm Gabinete Rack De Pared Para Servidores 15u 19 4 Postes Y Estante 1u - Rack De Servidores De Montaje En Pared Con Bisagra - Rack Ventilado Para Equipo De Red Startech + Env\u00edo a domicilio + Pago seguro + Garant\u00eda\" \/>\n<meta property=\"og:url\" content=\"https:\/\/compuviper.mx\/tienda\/producto\/startech-com-rk1520walhm-gabinete-rack-de-pared-para-servidores-15u-19-4-postes-y-estante-1u-rack-de-servidores-de-montaje-en-pared-con-bisagra-rack-ventilado-para-equipo-de-red-startech\/\" \/>\n<meta property=\"og:site_name\" content=\"Compuviper\" \/>\n<meta property=\"article:publisher\" content=\"https:\/\/www.facebook.com\/compuviper\" \/>\n<meta property=\"article:modified_time\" content=\"2026-04-18T05:14:52+00:00\" \/>\n<meta property=\"og:image\" content=\"https:\/\/compuviper.mx\/tienda\/wp-content\/uploads\/2025\/10\/Gabinete-rack-de-pared-para-servidores-15u-19-4-postes-y-estante-1u-rack-de-servidores-de-montaje-en-pared-con-bisagra-rack-ventilado-para-equipo-de-red-startech.jpg\" \/>\n\t<meta property=\"og:image:width\" content=\"200\" \/>\n\t<meta property=\"og:image:height\" content=\"200\" \/>\n\t<meta property=\"og:image:type\" content=\"image\/jpeg\" \/>\n<meta name=\"twitter:card\" content=\"summary_large_image\" \/>\n<meta name=\"twitter:label1\" content=\"Precio\" \/>\n\t<meta name=\"twitter:data1\" content=\"&#36;13,987 con IVA\" \/>\n\t<meta name=\"twitter:label2\" content=\"Availability\" \/>\n\t<meta name=\"twitter:data2\" content=\"On backorder\" \/>\n<script type=\"application\/ld+json\" class=\"yoast-schema-graph\">{\"@context\":\"https:\/\/schema.org\",\"@graph\":[{\"@type\":\"WebPage\",\"@id\":\"https:\/\/compuviper.mx\/tienda\/producto\/startech-com-rk1520walhm-gabinete-rack-de-pared-para-servidores-15u-19-4-postes-y-estante-1u-rack-de-servidores-de-montaje-en-pared-con-bisagra-rack-ventilado-para-equipo-de-red-startech\/\",\"url\":\"https:\/\/compuviper.mx\/tienda\/producto\/startech-com-rk1520walhm-gabinete-rack-de-pared-para-servidores-15u-19-4-postes-y-estante-1u-rack-de-servidores-de-montaje-en-pared-con-bisagra-rack-ventilado-para-equipo-de-red-startech\/\",\"name\":\"[ Startech.com ] &#129351; Rk1520walhm Gabinete Rack De Pared Para Servidores 15u 19 4 Postes Y Estante 1u - Rack De Servidores De Montaje En Pared Con Bisagra - Rack Ventilado Para Equipo De Red Startech\",\"isPartOf\":{\"@id\":\"https:\/\/compuviper.mx\/tienda\/#website\"},\"datePublished\":\"2026-04-18T05:14:51+00:00\",\"dateModified\":\"2026-04-18T05:14:52+00:00\",\"description\":\"Compra Rk1520walhm Gabinete Rack De Pared Para Servidores 15u 19 4 Postes Y Estante 1u - Rack De Servidores De Montaje En Pared Con Bisagra - Rack Ventilado Para Equipo De Red Startech + Env\u00edo a domicilio + Pago seguro + Garant\u00eda\",\"breadcrumb\":{\"@id\":\"https:\/\/compuviper.mx\/tienda\/producto\/startech-com-rk1520walhm-gabinete-rack-de-pared-para-servidores-15u-19-4-postes-y-estante-1u-rack-de-servidores-de-montaje-en-pared-con-bisagra-rack-ventilado-para-equipo-de-red-startech\/#breadcrumb\"},\"inLanguage\":\"es-MX\",\"potentialAction\":[{\"@type\":\"ReadAction\",\"target\":[\"https:\/\/compuviper.mx\/tienda\/producto\/startech-com-rk1520walhm-gabinete-rack-de-pared-para-servidores-15u-19-4-postes-y-estante-1u-rack-de-servidores-de-montaje-en-pared-con-bisagra-rack-ventilado-para-equipo-de-red-startech\/\"]}]},{\"@type\":\"BreadcrumbList\",\"@id\":\"https:\/\/compuviper.mx\/tienda\/producto\/startech-com-rk1520walhm-gabinete-rack-de-pared-para-servidores-15u-19-4-postes-y-estante-1u-rack-de-servidores-de-montaje-en-pared-con-bisagra-rack-ventilado-para-equipo-de-red-startech\/#breadcrumb\",\"itemListElement\":[{\"@type\":\"ListItem\",\"position\":1,\"name\":\"Inicio\",\"item\":\"https:\/\/compuviper.mx\/tienda\/\"},{\"@type\":\"ListItem\",\"position\":2,\"name\":\"Productos\",\"item\":\"https:\/\/compuviper.mx\/tienda\/productos\/\"},{\"@type\":\"ListItem\",\"position\":3,\"name\":\"Gabinete De Rack\",\"item\":\"https:\/\/compuviper.mx\/tienda\/categoria-producto\/gabinete-de-rack\/\"},{\"@type\":\"ListItem\",\"position\":4,\"name\":\"Sin Categor\u00eda\",\"item\":\"https:\/\/compuviper.mx\/tienda\/categoria-producto\/gabinete-de-rack\/sin-categoria-gabinete-de-rack\/\"},{\"@type\":\"ListItem\",\"position\":5,\"name\":\"Startech.com Rk1520walhm Gabinete Rack De Pared Para Servidores 15u 19 4 Postes Y Estante 1u &#8211; Rack De Servidores De Montaje En Pared Con Bisagra &#8211; Rack Ventilado Para Equipo De Red Startech\"}]},{\"@type\":\"WebSite\",\"@id\":\"https:\/\/compuviper.mx\/tienda\/#website\",\"url\":\"https:\/\/compuviper.mx\/tienda\/\",\"name\":\"Compuviper\",\"description\":\"Proveedor de Computadoras, Laptops, Servidores, Monitores, Puntos de Venta, Teclados,   Impresoras, T\u00f3ner, C\u00e1maras de Seguridad y m\u00e1s en tu tienda en l\u00ednea\",\"publisher\":{\"@id\":\"https:\/\/compuviper.mx\/tienda\/#organization\"},\"potentialAction\":[{\"@type\":\"SearchAction\",\"target\":{\"@type\":\"EntryPoint\",\"urlTemplate\":\"https:\/\/compuviper.mx\/tienda\/?s={search_term_string}\"},\"query-input\":\"required name=search_term_string\"}],\"inLanguage\":\"es-MX\"},{\"@type\":\"Organization\",\"@id\":\"https:\/\/compuviper.mx\/tienda\/#organization\",\"name\":\"Compuviper\",\"url\":\"https:\/\/compuviper.mx\/tienda\/\",\"logo\":{\"@type\":\"ImageObject\",\"inLanguage\":\"es-MX\",\"@id\":\"https:\/\/compuviper.mx\/tienda\/#\/schema\/logo\/image\/\",\"url\":\"https:\/\/compuviper.mx\/tienda\/wp-content\/uploads\/2021\/08\/Logo-Compuviper-10.png\",\"contentUrl\":\"https:\/\/compuviper.mx\/tienda\/wp-content\/uploads\/2021\/08\/Logo-Compuviper-10.png\",\"width\":1000,\"height\":500,\"caption\":\"Compuviper\"},\"image\":{\"@id\":\"https:\/\/compuviper.mx\/tienda\/#\/schema\/logo\/image\/\"},\"sameAs\":[\"https:\/\/www.facebook.com\/compuviper\",\"https:\/\/www.youtube.com\/channel\/UCf73dERp9Y3cfOq7q8BhLjA?view_as=subscriber\"]}]}<\/script>\n<meta property=\"product:brand\" content=\"STARTECH.COM\" \/>\n<meta property=\"product:price:amount\" content=\"13987\" \/>\n<meta property=\"product:price:currency\" content=\"MXN\" \/>\n<meta property=\"og:availability\" content=\"backorder\" \/>\n<meta property=\"product:availability\" content=\"available for order\" \/>\n<meta property=\"product:retailer_item_id\" content=\"RK1520WALHM\" \/>\n<meta property=\"product:condition\" content=\"new\" \/>\n<!-- \/ Yoast SEO plugin. -->","yoast_head_json":{"title":"[ Startech.com ] &#129351; Rk1520walhm Gabinete Rack De Pared Para Servidores 15u 19 4 Postes Y Estante 1u - Rack De Servidores De Montaje En Pared Con Bisagra - Rack Ventilado Para Equipo De Red Startech","description":"Compra Rk1520walhm Gabinete Rack De Pared Para Servidores 15u 19 4 Postes Y Estante 1u - Rack De Servidores De Montaje En Pared Con Bisagra - Rack Ventilado Para Equipo De Red Startech + Env\u00edo a domicilio + Pago seguro + Garant\u00eda","robots":{"index":"index","follow":"follow","max-snippet":"max-snippet:-1","max-image-preview":"max-image-preview:large","max-video-preview":"max-video-preview:-1"},"canonical":"https:\/\/compuviper.mx\/tienda\/producto\/startech-com-rk1520walhm-gabinete-rack-de-pared-para-servidores-15u-19-4-postes-y-estante-1u-rack-de-servidores-de-montaje-en-pared-con-bisagra-rack-ventilado-para-equipo-de-red-startech\/","og_locale":"es_MX","og_type":"article","og_title":"[ Startech.com ] &#129351; Rk1520walhm Gabinete Rack De Pared Para Servidores 15u 19 4 Postes Y Estante 1u - Rack De Servidores De Montaje En Pared Con Bisagra - Rack Ventilado Para Equipo De Red Startech","og_description":"Compra Rk1520walhm Gabinete Rack De Pared Para Servidores 15u 19 4 Postes Y Estante 1u - Rack De Servidores De Montaje En Pared Con Bisagra - Rack Ventilado Para Equipo De Red Startech + Env\u00edo a domicilio + Pago seguro + Garant\u00eda","og_url":"https:\/\/compuviper.mx\/tienda\/producto\/startech-com-rk1520walhm-gabinete-rack-de-pared-para-servidores-15u-19-4-postes-y-estante-1u-rack-de-servidores-de-montaje-en-pared-con-bisagra-rack-ventilado-para-equipo-de-red-startech\/","og_site_name":"Compuviper","article_publisher":"https:\/\/www.facebook.com\/compuviper","article_modified_time":"2026-04-18T05:14:52+00:00","og_image":[{"width":200,"height":200,"url":"https:\/\/compuviper.mx\/tienda\/wp-content\/uploads\/2025\/10\/Gabinete-rack-de-pared-para-servidores-15u-19-4-postes-y-estante-1u-rack-de-servidores-de-montaje-en-pared-con-bisagra-rack-ventilado-para-equipo-de-red-startech.jpg","type":"image\/jpeg"}],"twitter_card":"summary_large_image","twitter_misc":{"Precio":"&#36;13,987 con IVA","Availability":"On backorder"},"schema":{"@context":"https:\/\/schema.org","@graph":[{"@type":"WebPage","@id":"https:\/\/compuviper.mx\/tienda\/producto\/startech-com-rk1520walhm-gabinete-rack-de-pared-para-servidores-15u-19-4-postes-y-estante-1u-rack-de-servidores-de-montaje-en-pared-con-bisagra-rack-ventilado-para-equipo-de-red-startech\/","url":"https:\/\/compuviper.mx\/tienda\/producto\/startech-com-rk1520walhm-gabinete-rack-de-pared-para-servidores-15u-19-4-postes-y-estante-1u-rack-de-servidores-de-montaje-en-pared-con-bisagra-rack-ventilado-para-equipo-de-red-startech\/","name":"[ Startech.com ] &#129351; Rk1520walhm Gabinete Rack De Pared Para Servidores 15u 19 4 Postes Y Estante 1u - Rack De Servidores De Montaje En Pared Con Bisagra - Rack Ventilado Para Equipo De Red Startech","isPartOf":{"@id":"https:\/\/compuviper.mx\/tienda\/#website"},"datePublished":"2026-04-18T05:14:51+00:00","dateModified":"2026-04-18T05:14:52+00:00","description":"Compra Rk1520walhm Gabinete Rack De Pared Para Servidores 15u 19 4 Postes Y Estante 1u - Rack De Servidores De Montaje En Pared Con Bisagra - Rack Ventilado Para Equipo De Red Startech + Env\u00edo a domicilio + Pago seguro + Garant\u00eda","breadcrumb":{"@id":"https:\/\/compuviper.mx\/tienda\/producto\/startech-com-rk1520walhm-gabinete-rack-de-pared-para-servidores-15u-19-4-postes-y-estante-1u-rack-de-servidores-de-montaje-en-pared-con-bisagra-rack-ventilado-para-equipo-de-red-startech\/#breadcrumb"},"inLanguage":"es-MX","potentialAction":[{"@type":"ReadAction","target":["https:\/\/compuviper.mx\/tienda\/producto\/startech-com-rk1520walhm-gabinete-rack-de-pared-para-servidores-15u-19-4-postes-y-estante-1u-rack-de-servidores-de-montaje-en-pared-con-bisagra-rack-ventilado-para-equipo-de-red-startech\/"]}]},{"@type":"BreadcrumbList","@id":"https:\/\/compuviper.mx\/tienda\/producto\/startech-com-rk1520walhm-gabinete-rack-de-pared-para-servidores-15u-19-4-postes-y-estante-1u-rack-de-servidores-de-montaje-en-pared-con-bisagra-rack-ventilado-para-equipo-de-red-startech\/#breadcrumb","itemListElement":[{"@type":"ListItem","position":1,"name":"Inicio","item":"https:\/\/compuviper.mx\/tienda\/"},{"@type":"ListItem","position":2,"name":"Productos","item":"https:\/\/compuviper.mx\/tienda\/productos\/"},{"@type":"ListItem","position":3,"name":"Gabinete De Rack","item":"https:\/\/compuviper.mx\/tienda\/categoria-producto\/gabinete-de-rack\/"},{"@type":"ListItem","position":4,"name":"Sin Categor\u00eda","item":"https:\/\/compuviper.mx\/tienda\/categoria-producto\/gabinete-de-rack\/sin-categoria-gabinete-de-rack\/"},{"@type":"ListItem","position":5,"name":"Startech.com Rk1520walhm Gabinete Rack De Pared Para Servidores 15u 19 4 Postes Y Estante 1u &#8211; Rack De Servidores De Montaje En Pared Con Bisagra &#8211; Rack Ventilado Para Equipo De Red Startech"}]},{"@type":"WebSite","@id":"https:\/\/compuviper.mx\/tienda\/#website","url":"https:\/\/compuviper.mx\/tienda\/","name":"Compuviper","description":"Proveedor de Computadoras, Laptops, Servidores, Monitores, Puntos de Venta, Teclados,   Impresoras, T\u00f3ner, C\u00e1maras de Seguridad y m\u00e1s en tu tienda en l\u00ednea","publisher":{"@id":"https:\/\/compuviper.mx\/tienda\/#organization"},"potentialAction":[{"@type":"SearchAction","target":{"@type":"EntryPoint","urlTemplate":"https:\/\/compuviper.mx\/tienda\/?s={search_term_string}"},"query-input":"required name=search_term_string"}],"inLanguage":"es-MX"},{"@type":"Organization","@id":"https:\/\/compuviper.mx\/tienda\/#organization","name":"Compuviper","url":"https:\/\/compuviper.mx\/tienda\/","logo":{"@type":"ImageObject","inLanguage":"es-MX","@id":"https:\/\/compuviper.mx\/tienda\/#\/schema\/logo\/image\/","url":"https:\/\/compuviper.mx\/tienda\/wp-content\/uploads\/2021\/08\/Logo-Compuviper-10.png","contentUrl":"https:\/\/compuviper.mx\/tienda\/wp-content\/uploads\/2021\/08\/Logo-Compuviper-10.png","width":1000,"height":500,"caption":"Compuviper"},"image":{"@id":"https:\/\/compuviper.mx\/tienda\/#\/schema\/logo\/image\/"},"sameAs":["https:\/\/www.facebook.com\/compuviper","https:\/\/www.youtube.com\/channel\/UCf73dERp9Y3cfOq7q8BhLjA?view_as=subscriber"]}]},"product_brand":"STARTECH.COM","product_price_amount":"13987","product_price_currency":"MXN","og_availability":"backorder","product_availability":"available for order","product_retailer_item_id":"RK1520WALHM","product_condition":"new"},"_links":{"self":[{"href":"https:\/\/compuviper.mx\/tienda\/wp-json\/wp\/v2\/product\/246236"}],"collection":[{"href":"https:\/\/compuviper.mx\/tienda\/wp-json\/wp\/v2\/product"}],"about":[{"href":"https:\/\/compuviper.mx\/tienda\/wp-json\/wp\/v2\/types\/product"}],"replies":[{"embeddable":true,"href":"https:\/\/compuviper.mx\/tienda\/wp-json\/wp\/v2\/comments?post=246236"}],"wp:featuredmedia":[{"embeddable":true,"href":"https:\/\/compuviper.mx\/tienda\/wp-json\/wp\/v2\/media\/258698"}],"wp:attachment":[{"href":"https:\/\/compuviper.mx\/tienda\/wp-json\/wp\/v2\/media?parent=246236"}],"wp:term":[{"taxonomy":"product_cat","embeddable":true,"href":"https:\/\/compuviper.mx\/tienda\/wp-json\/wp\/v2\/product_cat?post=246236"},{"taxonomy":"product_tag","embeddable":true,"href":"https:\/\/compuviper.mx\/tienda\/wp-json\/wp\/v2\/product_tag?post=246236"}],"curies":[{"name":"wp","href":"https:\/\/api.w.org\/{rel}","templated":true}]}}