{"id":246217,"date":"2026-04-02T00:50:38","date_gmt":"2026-04-02T06:50:38","guid":{"rendered":"https:\/\/compuviper.mx\/tienda\/producto\/lenovo-63d2zar1la-monitor-thinkvision-t32p-30-31-5-3840x2160-1x-hdmi-2-1-tmds-1x-dp-1-4-1x-usb-c-3-2-gen1-incluye-cable-usb-c-3y-en-centro-de-servicio\/"},"modified":"2026-04-02T00:50:38","modified_gmt":"2026-04-02T06:50:38","slug":"lenovo-63d2zar1la196802989107-monitor-thinkvision-t32p-30-31-5-3840x2160-1x-hdmi-2-1-tmds-1x-dp-1-4-1x-usb-c-3-2-gen1-incluye-cable-usb-c-3y-en-centro-de-servicio","status":"publish","type":"product","link":"https:\/\/compuviper.mx\/tienda\/producto\/lenovo-63d2zar1la196802989107-monitor-thinkvision-t32p-30-31-5-3840x2160-1x-hdmi-2-1-tmds-1x-dp-1-4-1x-usb-c-3-2-gen1-incluye-cable-usb-c-3y-en-centro-de-servicio\/","title":{"rendered":"Lenovo 63d2zar1la,196802989107 Monitor  Thinkvision T32p-30 \/ 31.5 3840&#215;2160 \/ 1x Hdmi 2.1 Tmds, 1x Dp 1.4, 1x Usb-c 3.2 Gen1 \/ Incluye Cable Usb-c \/ 3y En Centro De Servicio"},"content":{"rendered":"<table class=\"descripcion\">\n<tr>\n<td>Performance<\/td>\n<\/tr>\n<tr>\n<td>Display size<\/td>\n<\/tr>\n<tr>\n<td>31.5<\/td>\n<\/tr>\n<tr>\n<td>View area<\/td>\n<\/tr>\n<tr>\n<td>697.3&#215;392.2 mm<\/td>\n<\/tr>\n<tr>\n<td>Panel<\/td>\n<\/tr>\n<tr>\n<td>In-plane switching<\/td>\n<\/tr>\n<tr>\n<td>Backlight<\/td>\n<\/tr>\n<tr>\n<td>Wled<\/td>\n<\/tr>\n<tr>\n<td>Aspect ratio<\/td>\n<\/tr>\n<tr>\n<td>16:9<\/td>\n<\/tr>\n<tr>\n<td>Resolution<\/td>\n<\/tr>\n<tr>\n<td>3840&#215;2160<\/td>\n<\/tr>\n<tr>\n<td>Pixel pitch<\/td>\n<\/tr>\n<tr>\n<td>0.182&#215;0.182 mm<\/td>\n<\/tr>\n<tr>\n<td>Dot \/ pixel per inch<\/td>\n<\/tr>\n<tr>\n<td>140 dpi<\/td>\n<\/tr>\n<tr>\n<td>View angle (h \/ v)<\/td>\n<\/tr>\n<tr>\n<td>178\u00b0 \/ 178\u00b0<\/td>\n<\/tr>\n<tr>\n<td>Response time<\/td>\n<\/tr>\n<tr>\n<td>4ms (extreme mode) \/ 6ms (typical mode)<\/td>\n<\/tr>\n<tr>\n<td>Color support<\/td>\n<\/tr>\n<tr>\n<td>1.07 billion<\/td>\n<\/tr>\n<tr>\n<td>Refresh rate<\/td>\n<\/tr>\n<tr>\n<td>60hz<\/td>\n<\/tr>\n<tr>\n<td>Brightness<\/td>\n<\/tr>\n<tr>\n<td>350 cd\/m\u00b2<\/td>\n<\/tr>\n<tr>\n<td>Contrast ratio<\/td>\n<\/tr>\n<tr>\n<td>1000:1<\/td>\n<\/tr>\n<tr>\n<td>Color gamut<\/td>\n<\/tr>\n<tr>\n<td>100% srgb, 95% dci-p3<\/td>\n<\/tr>\n<tr>\n<td>Screen surface treatment<\/td>\n<\/tr>\n<tr>\n<td>Anti-glare<\/td>\n<\/tr>\n<tr>\n<td>Curvature<\/td>\n<\/tr>\n<tr>\n<td>None<\/td>\n<\/tr>\n<tr>\n<td>Camera<\/td>\n<\/tr>\n<tr>\n<td>Thinkvision\u00ae mc 60 monitor webcam<\/td>\n<\/tr>\n<tr>\n<td>Microphone<\/td>\n<\/tr>\n<tr>\n<td>None<\/td>\n<\/tr>\n<tr>\n<td>Speakers<\/td>\n<\/tr>\n<tr>\n<td>Modular speaker support<\/td>\n<\/tr>\n<tr>\n<td>Power consumption (typical \/ maximum)<\/td>\n<\/tr>\n<tr>\n<td>32w \/ 161w<\/td>\n<\/tr>\n<tr>\n<td>Power adapter<\/td>\n<\/tr>\n<tr>\n<td>Integrated<\/td>\n<\/tr>\n<tr>\n<td>Touchscreen<\/td>\n<\/tr>\n<tr>\n<td>None<\/td>\n<\/tr>\n<tr>\n<td>Smart system<\/td>\n<\/tr>\n<tr>\n<td>None<\/td>\n<\/tr>\n<tr>\n<td>Design<\/td>\n<\/tr>\n<tr>\n<td>Stand<\/td>\n<\/tr>\n<tr>\n<td>Tilt, swivel, pivot, height adjust stand<\/td>\n<\/tr>\n<tr>\n<td>Case color<\/td>\n<\/tr>\n<tr>\n<td>Raven black<\/td>\n<\/tr>\n<tr>\n<td>Side bezel width<\/td>\n<\/tr>\n<tr>\n<td>2.0 mm<\/td>\n<\/tr>\n<tr>\n<td>Mounting<\/td>\n<\/tr>\n<tr>\n<td>Supports vesa mount 100mm<\/td>\n<\/tr>\n<tr>\n<td>Thinkcentre\u00ae m series support<\/td>\n<\/tr>\n<tr>\n<td>Tiny support<\/td>\n<\/tr>\n<tr>\n<td>Dimensions (wxdxh)<\/td>\n<\/tr>\n<tr>\n<td>Lowest position | 714.2 x 234.9 x 444.5 mm (28.12 x 9.25 x<\/td>\n<\/tr>\n<tr>\n<td>17.50 inches)<\/td>\n<\/tr>\n<tr>\n<td>\u0095<\/td>\n<\/tr>\n<tr>\n<td>Highest position | 714.2 x 234.9 x 599.5 mm (28.12 x 9.25 x<\/td>\n<\/tr>\n<tr>\n<td>23.60 inches)<\/td>\n<\/tr>\n<tr>\n<td>\u0095<\/td>\n<\/tr>\n<tr>\n<td>Head only | 714.2 x 59.5 x 420.9 mm (28.12 x 2.34 x 16.57<\/td>\n<\/tr>\n<tr>\n<td>Inches)<\/td>\n<\/tr>\n<tr>\n<td>\u0095<\/td>\n<\/tr>\n<tr>\n<td>Packaging dimensions (wxdxh)<\/td>\n<\/tr>\n<tr>\n<td>950 x 525 x 148 mm (37.40 x 20.67 x 5.83 inches)<\/td>\n<\/tr>\n<tr>\n<td>Weight<\/td>\n<\/tr>\n<tr>\n<td>\u0095 monitor with stand | 10.0 kg (22.0 lbs)<\/td>\n<\/tr>\n<tr>\n<td>\u0095 monitor head only | 7.2 kg (15.9 lbs)<\/td>\n<\/tr>\n<tr>\n<td>Packaging weight<\/td>\n<\/tr>\n<tr>\n<td>14.0 kg (30.86 lbs)<\/td>\n<\/tr>\n<tr>\n<td>Connectivity<\/td>\n<\/tr>\n<tr>\n<td>Usb port<\/td>\n<\/tr>\n<tr>\n<td>4x usb-a 3.2 gen 1 (1x bc 1.2), 1x usb-b 3.2 gen 1, 1x usb-c\u00ae<\/td>\n<\/tr>\n<tr>\n<td>3.2 gen 1 (dp 1.4 alt mode)<\/td>\n<\/tr>\n<tr>\n<td>Video connector<\/td>\n<\/tr>\n<tr>\n<td>1x hdmi\u00ae 2.1 tmds, 1x dp 1.4, 1x usb-c\u00ae 3.2 gen 1 (dp 1.4 alt<\/td>\n<\/tr>\n<tr>\n<td>Mode)<\/td>\n<\/tr>\n<tr>\n<td>Network connectivity<\/td>\n<\/tr>\n<tr>\n<td>1x rj45, ethernet (10m\/100m\/1000m)<\/td>\n<\/tr>\n<tr>\n<td>Service<\/td>\n<\/tr>\n<tr>\n<td>Base warranty<\/td>\n<\/tr>\n<tr>\n<td>3-year<\/td>\n<\/tr>\n<tr>\n<td>Certifications<\/td>\n<\/tr>\n<tr>\n<td>Environmental certification<\/td>\n<\/tr>\n<tr>\n<td>Energy star\u00ae certified, tco 9.0, tco edge 2.0, epeat\u0099<\/td>\n<\/tr>\n<tr>\n<td>Gold, rohs<\/td>\n<\/tr>\n<tr>\n<td>Ergonomic certification<\/td>\n<\/tr>\n<tr>\n<td>Eyesafe\u00ae display 2.0, t\u00fcv low blue light (hardware<\/td>\n<\/tr>\n<tr>\n<td>Solution), t\u00fcv rheinland\u00ae eye comfort<\/td>\n<\/tr>\n<tr>\n<td>Sync technology<\/td>\n<\/tr>\n<tr>\n<td>None<\/td>\n<\/tr>\n<tr>\n<td>Special features<\/td>\n<\/tr>\n<tr>\n<td>Lenovo\u00ae thinkcolour (lenovo\u00ae accessories and display<\/td>\n<\/tr>\n<tr>\n<td>Manager) support<\/td>\n<\/tr>\n<tr>\n<td>Lenovo\u00ae thinkcolour supports windows\u00ae 10  and  11, mac os,<\/td>\n<\/tr>\n<tr>\n<td>And windows\u00ae on arm (functions vary across systems).<\/td>\n<\/tr>\n<tr>\n<td>Lenovo\u00ae accessories and display manager is formerly<\/td>\n<\/tr>\n<tr>\n<td>Lenovo\u00ae display control center.<\/td>\n<\/tr>\n<tr>\n<td>\u0095<\/td>\n<\/tr>\n<tr>\n<td>\u0095 kvm switch<\/td>\n<\/tr>\n<tr>\n<td>\u0095 natural low blue light<\/td>\n<\/tr>\n<tr>\n<td>Smart power<\/td>\n<\/tr>\n<tr>\n<td>The smart power function intelligently detects overall<\/td>\n<\/tr>\n<tr>\n<td>Power consumption and dynamically manages the power<\/td>\n<\/tr>\n<tr>\n<td>Delivery to each device<\/td>\n<\/tr>\n<tr>\n<td>\u0095<\/td>\n<\/tr>\n<tr>\n<td>Software<\/td>\n<\/tr>\n<tr>\n<td>Operating system<\/td>\n<\/tr>\n<tr>\n<td>Support windows\u00ae 10, windows\u00ae 11<\/td>\n<\/tr>\n<tr>\n<td>Accessories<\/td>\n<\/tr>\n<tr>\n<td>Video cables<\/td>\n<\/tr>\n<tr>\n<td>Usb-c\u00ae cable<\/td>\n<\/tr>\n<tr>\n<td>Model<\/td>\n<\/tr>\n<tr>\n<td>Announce<\/td>\n<\/tr>\n<tr>\n<td>Date : 2022-10-10<\/td>\n<\/tr>\n<tr>\n<td>Ean \/<\/td>\n<\/tr>\n<tr>\n<td>Upc \/<\/td>\n<\/tr>\n<tr>\n<td>Jan<\/td>\n<\/tr>\n<tr>\n<td>: 0196802989107 \/ 196802989107 \/ none<\/td>\n<\/tr>\n<\/table>\n","protected":false},"excerpt":{"rendered":"<p>El monitor thinkvision t32p-30 magnifica los detalles m\u00e1s finos con una claridad incre\u00edble para catapultar la productividad en el lugar de trabajo moderno. Disfrute de una vista m\u00e1s amplia con esta amplia pantalla de 31,5 pulgadas con resoluci\u00f3n 4k para una claridad de imagen excepcional que refina cada detalle. Su cambio en el plano garantiza la coherencia de la pantalla para que su vista sea clara sin importar desde qu\u00e9 \u00e1ngulo la mire, mientras que su pantalla sin bordes de 3 lados le brinda una experiencia de visualizaci\u00f3n clara y sin distracciones. La pantalla ofrece una calidad de imagen sumamente n\u00edtida respaldada por una gama de colores srgb del 99%, una relaci\u00f3n de contraste muy alta de 1000:1 y 350 nits de brillo que prometen colores incre\u00edblemente ricos y vibrantes que lucen verdaderamente naturales. El thinkvision t32p-30 es f\u00e1cilmente el mejor monitor para trabajos con uso intensivo de datos, lo que facilita la navegaci\u00f3n y visualizaci\u00f3n de hojas de c\u00e1lculo grandes, paneles cargados de im\u00e1genes y edici\u00f3n de contenido. Ideal para realizar m\u00faltiples tareas, este monitor ancho le permite hacer m\u00e1s de un vistazo, lo que le brinda la flexibilidad de cambiar entre varios documentos y ver m\u00e1s, sin esfuerzo. Si necesita dejar espacio para m\u00e1s informaci\u00f3n, tambi\u00e9n permite instalaciones multipantalla. Si bien la deslumbrante calidad de imagen mantendr\u00e1 sus ojos atra\u00eddos hacia la pantalla, la tecnolog\u00eda natural low blue light del monitor reduce la da\u00f1ina luz azul sin comprometer los colores, para proteger sus ojos. Con\u00e9ctese a m\u00faltiples interfaces, comparta y reciba contenido m\u00e1s r\u00e1pido con puertos usb type-c\u00b9, hdmi, dp, rj45 y salida de audio que brindan m\u00faltiples opciones de interfaz. La velocidad aumenta como nunca antes con el puerto usb -c\u00b9 pd que admite carga s\u00faper r\u00e1pida de 90 w y viene con una funci\u00f3n smart power para distribuci\u00f3n inteligente de energ\u00eda a los dispositivos conectados. Tambi\u00e9n reduce el consumo de energ\u00eda mientras maximiza el rendimiento. Incline, gire, levante, gire y monte f\u00e1cilmente el monitor vesa para optimizar su configuraci\u00f3n y lograr la postura de trabajo m\u00e1s c\u00f3moda. Dise\u00f1ado cuidadosamente, este monitor cumple con estrictas regulaciones tco 9.0 que pesan menos sobre el medio ambiente. El monitor thinkvision t32p-30 es lo suficientemente grande como para que puedas ver m\u00e1s y hacer m\u00e1s con cada mirada.<\/p>\n","protected":false},"featured_media":259879,"comment_status":"open","ping_status":"open","template":"","meta":[],"product_cat":[1740,1848],"product_tag":[1578],"acf":[],"yoast_head":"<!-- This site is optimized with the Yoast SEO plugin v21.7 - https:\/\/yoast.com\/wordpress\/plugins\/seo\/ -->\n<title>[ Lenovo ] &#129351; 63d2zar1la,196802989107 Monitor Thinkvision T32p-30 \/ 31.5 3840x2160 \/ 1x Hdmi 2.1 Tmds, 1x Dp 1.4, 1x Usb-c 3.2 Gen1 \/ Incluye Cable Usb-c \/ 3y En Centro De Servicio<\/title>\n<meta name=\"description\" content=\"Compra 63d2zar1la,196802989107 Monitor Thinkvision T32p-30 \/ 31.5 3840x2160 \/ 1x Hdmi 2.1 Tmds, 1x Dp 1.4, 1x Usb-c 3.2 Gen1 \/ Incluye Cable Usb-c \/ 3y En Centro De Servicio + Env\u00edo a domicilio + Pago seguro + Garant\u00eda\" \/>\n<meta name=\"robots\" content=\"index, follow, max-snippet:-1, max-image-preview:large, max-video-preview:-1\" \/>\n<link rel=\"canonical\" href=\"https:\/\/compuviper.mx\/tienda\/producto\/lenovo-63d2zar1la196802989107-monitor-thinkvision-t32p-30-31-5-3840x2160-1x-hdmi-2-1-tmds-1x-dp-1-4-1x-usb-c-3-2-gen1-incluye-cable-usb-c-3y-en-centro-de-servicio\/\" \/>\n<meta property=\"og:locale\" content=\"es_MX\" \/>\n<meta property=\"og:type\" content=\"article\" \/>\n<meta property=\"og:title\" content=\"[ Lenovo ] &#129351; 63d2zar1la,196802989107 Monitor Thinkvision T32p-30 \/ 31.5 3840x2160 \/ 1x Hdmi 2.1 Tmds, 1x Dp 1.4, 1x Usb-c 3.2 Gen1 \/ Incluye Cable Usb-c \/ 3y En Centro De Servicio\" \/>\n<meta property=\"og:description\" content=\"Compra 63d2zar1la,196802989107 Monitor Thinkvision T32p-30 \/ 31.5 3840x2160 \/ 1x Hdmi 2.1 Tmds, 1x Dp 1.4, 1x Usb-c 3.2 Gen1 \/ Incluye Cable Usb-c \/ 3y En Centro De Servicio + Env\u00edo a domicilio + Pago seguro + Garant\u00eda\" \/>\n<meta property=\"og:url\" content=\"https:\/\/compuviper.mx\/tienda\/producto\/lenovo-63d2zar1la196802989107-monitor-thinkvision-t32p-30-31-5-3840x2160-1x-hdmi-2-1-tmds-1x-dp-1-4-1x-usb-c-3-2-gen1-incluye-cable-usb-c-3y-en-centro-de-servicio\/\" \/>\n<meta property=\"og:site_name\" content=\"Compuviper\" \/>\n<meta property=\"article:publisher\" content=\"https:\/\/www.facebook.com\/compuviper\" \/>\n<meta property=\"og:image\" content=\"https:\/\/compuviper.mx\/tienda\/wp-content\/uploads\/2025\/10\/Monitor-lenovo-thinkvision-t32p-30-31.5-3840x2160-1x-hdmi-2.1-tmds-1x-dp-1.4-1x-usb-c-3.2-gen1-incluye-cable-usb-c-3y-en-centro-de-servicio.jpg\" \/>\n\t<meta property=\"og:image:width\" content=\"200\" \/>\n\t<meta property=\"og:image:height\" content=\"200\" \/>\n\t<meta property=\"og:image:type\" content=\"image\/jpeg\" \/>\n<meta name=\"twitter:card\" content=\"summary_large_image\" \/>\n<meta name=\"twitter:label1\" content=\"Precio\" \/>\n\t<meta name=\"twitter:data1\" content=\"&#36;11,761 con IVA\" \/>\n\t<meta name=\"twitter:label2\" content=\"Availability\" \/>\n\t<meta name=\"twitter:data2\" content=\"Out of stock\" \/>\n<script type=\"application\/ld+json\" class=\"yoast-schema-graph\">{\"@context\":\"https:\/\/schema.org\",\"@graph\":[{\"@type\":\"WebPage\",\"@id\":\"https:\/\/compuviper.mx\/tienda\/producto\/lenovo-63d2zar1la196802989107-monitor-thinkvision-t32p-30-31-5-3840x2160-1x-hdmi-2-1-tmds-1x-dp-1-4-1x-usb-c-3-2-gen1-incluye-cable-usb-c-3y-en-centro-de-servicio\/\",\"url\":\"https:\/\/compuviper.mx\/tienda\/producto\/lenovo-63d2zar1la196802989107-monitor-thinkvision-t32p-30-31-5-3840x2160-1x-hdmi-2-1-tmds-1x-dp-1-4-1x-usb-c-3-2-gen1-incluye-cable-usb-c-3y-en-centro-de-servicio\/\",\"name\":\"[ Lenovo ] &#129351; 63d2zar1la,196802989107 Monitor Thinkvision T32p-30 \/ 31.5 3840x2160 \/ 1x Hdmi 2.1 Tmds, 1x Dp 1.4, 1x Usb-c 3.2 Gen1 \/ Incluye Cable Usb-c \/ 3y En Centro De Servicio\",\"isPartOf\":{\"@id\":\"https:\/\/compuviper.mx\/tienda\/#website\"},\"datePublished\":\"2026-04-02T06:50:38+00:00\",\"dateModified\":\"2026-04-02T06:50:38+00:00\",\"description\":\"Compra 63d2zar1la,196802989107 Monitor Thinkvision T32p-30 \/ 31.5 3840x2160 \/ 1x Hdmi 2.1 Tmds, 1x Dp 1.4, 1x Usb-c 3.2 Gen1 \/ Incluye Cable Usb-c \/ 3y En Centro De Servicio + Env\u00edo a domicilio + Pago seguro + Garant\u00eda\",\"breadcrumb\":{\"@id\":\"https:\/\/compuviper.mx\/tienda\/producto\/lenovo-63d2zar1la196802989107-monitor-thinkvision-t32p-30-31-5-3840x2160-1x-hdmi-2-1-tmds-1x-dp-1-4-1x-usb-c-3-2-gen1-incluye-cable-usb-c-3y-en-centro-de-servicio\/#breadcrumb\"},\"inLanguage\":\"es-MX\",\"potentialAction\":[{\"@type\":\"ReadAction\",\"target\":[\"https:\/\/compuviper.mx\/tienda\/producto\/lenovo-63d2zar1la196802989107-monitor-thinkvision-t32p-30-31-5-3840x2160-1x-hdmi-2-1-tmds-1x-dp-1-4-1x-usb-c-3-2-gen1-incluye-cable-usb-c-3y-en-centro-de-servicio\/\"]}]},{\"@type\":\"BreadcrumbList\",\"@id\":\"https:\/\/compuviper.mx\/tienda\/producto\/lenovo-63d2zar1la196802989107-monitor-thinkvision-t32p-30-31-5-3840x2160-1x-hdmi-2-1-tmds-1x-dp-1-4-1x-usb-c-3-2-gen1-incluye-cable-usb-c-3y-en-centro-de-servicio\/#breadcrumb\",\"itemListElement\":[{\"@type\":\"ListItem\",\"position\":1,\"name\":\"Inicio\",\"item\":\"https:\/\/compuviper.mx\/tienda\/\"},{\"@type\":\"ListItem\",\"position\":2,\"name\":\"Productos\",\"item\":\"https:\/\/compuviper.mx\/tienda\/productos\/\"},{\"@type\":\"ListItem\",\"position\":3,\"name\":\"Monitores\",\"item\":\"https:\/\/compuviper.mx\/tienda\/categoria-producto\/monitores\/\"},{\"@type\":\"ListItem\",\"position\":4,\"name\":\"Sin Categor\u00eda\",\"item\":\"https:\/\/compuviper.mx\/tienda\/categoria-producto\/monitores\/sin-categoria-monitores\/\"},{\"@type\":\"ListItem\",\"position\":5,\"name\":\"Lenovo 63d2zar1la,196802989107 Monitor Thinkvision T32p-30 \/ 31.5 3840&#215;2160 \/ 1x Hdmi 2.1 Tmds, 1x Dp 1.4, 1x Usb-c 3.2 Gen1 \/ Incluye Cable Usb-c \/ 3y En Centro De Servicio\"}]},{\"@type\":\"WebSite\",\"@id\":\"https:\/\/compuviper.mx\/tienda\/#website\",\"url\":\"https:\/\/compuviper.mx\/tienda\/\",\"name\":\"Compuviper\",\"description\":\"Proveedor de Computadoras, Laptops, Servidores, Monitores, Puntos de Venta, Teclados,   Impresoras, T\u00f3ner, C\u00e1maras de Seguridad y m\u00e1s en tu tienda en l\u00ednea\",\"publisher\":{\"@id\":\"https:\/\/compuviper.mx\/tienda\/#organization\"},\"potentialAction\":[{\"@type\":\"SearchAction\",\"target\":{\"@type\":\"EntryPoint\",\"urlTemplate\":\"https:\/\/compuviper.mx\/tienda\/?s={search_term_string}\"},\"query-input\":\"required name=search_term_string\"}],\"inLanguage\":\"es-MX\"},{\"@type\":\"Organization\",\"@id\":\"https:\/\/compuviper.mx\/tienda\/#organization\",\"name\":\"Compuviper\",\"url\":\"https:\/\/compuviper.mx\/tienda\/\",\"logo\":{\"@type\":\"ImageObject\",\"inLanguage\":\"es-MX\",\"@id\":\"https:\/\/compuviper.mx\/tienda\/#\/schema\/logo\/image\/\",\"url\":\"https:\/\/compuviper.mx\/tienda\/wp-content\/uploads\/2021\/08\/Logo-Compuviper-10.png\",\"contentUrl\":\"https:\/\/compuviper.mx\/tienda\/wp-content\/uploads\/2021\/08\/Logo-Compuviper-10.png\",\"width\":1000,\"height\":500,\"caption\":\"Compuviper\"},\"image\":{\"@id\":\"https:\/\/compuviper.mx\/tienda\/#\/schema\/logo\/image\/\"},\"sameAs\":[\"https:\/\/www.facebook.com\/compuviper\",\"https:\/\/www.youtube.com\/channel\/UCf73dERp9Y3cfOq7q8BhLjA?view_as=subscriber\"]}]}<\/script>\n<meta property=\"product:brand\" content=\"LENOVO\" \/>\n<meta property=\"product:price:amount\" content=\"11761\" \/>\n<meta property=\"product:price:currency\" content=\"MXN\" \/>\n<meta property=\"og:availability\" content=\"out of stock\" \/>\n<meta property=\"product:availability\" content=\"out of stock\" \/>\n<meta property=\"product:retailer_item_id\" content=\"63D2ZAR1LA,196802989107\" \/>\n<meta property=\"product:condition\" content=\"new\" \/>\n<!-- \/ Yoast SEO plugin. -->","yoast_head_json":{"title":"[ Lenovo ] &#129351; 63d2zar1la,196802989107 Monitor Thinkvision T32p-30 \/ 31.5 3840x2160 \/ 1x Hdmi 2.1 Tmds, 1x Dp 1.4, 1x Usb-c 3.2 Gen1 \/ Incluye Cable Usb-c \/ 3y En Centro De Servicio","description":"Compra 63d2zar1la,196802989107 Monitor Thinkvision T32p-30 \/ 31.5 3840x2160 \/ 1x Hdmi 2.1 Tmds, 1x Dp 1.4, 1x Usb-c 3.2 Gen1 \/ Incluye Cable Usb-c \/ 3y En Centro De Servicio + Env\u00edo a domicilio + Pago seguro + Garant\u00eda","robots":{"index":"index","follow":"follow","max-snippet":"max-snippet:-1","max-image-preview":"max-image-preview:large","max-video-preview":"max-video-preview:-1"},"canonical":"https:\/\/compuviper.mx\/tienda\/producto\/lenovo-63d2zar1la196802989107-monitor-thinkvision-t32p-30-31-5-3840x2160-1x-hdmi-2-1-tmds-1x-dp-1-4-1x-usb-c-3-2-gen1-incluye-cable-usb-c-3y-en-centro-de-servicio\/","og_locale":"es_MX","og_type":"article","og_title":"[ Lenovo ] &#129351; 63d2zar1la,196802989107 Monitor Thinkvision T32p-30 \/ 31.5 3840x2160 \/ 1x Hdmi 2.1 Tmds, 1x Dp 1.4, 1x Usb-c 3.2 Gen1 \/ Incluye Cable Usb-c \/ 3y En Centro De Servicio","og_description":"Compra 63d2zar1la,196802989107 Monitor Thinkvision T32p-30 \/ 31.5 3840x2160 \/ 1x Hdmi 2.1 Tmds, 1x Dp 1.4, 1x Usb-c 3.2 Gen1 \/ Incluye Cable Usb-c \/ 3y En Centro De Servicio + Env\u00edo a domicilio + Pago seguro + Garant\u00eda","og_url":"https:\/\/compuviper.mx\/tienda\/producto\/lenovo-63d2zar1la196802989107-monitor-thinkvision-t32p-30-31-5-3840x2160-1x-hdmi-2-1-tmds-1x-dp-1-4-1x-usb-c-3-2-gen1-incluye-cable-usb-c-3y-en-centro-de-servicio\/","og_site_name":"Compuviper","article_publisher":"https:\/\/www.facebook.com\/compuviper","og_image":[{"width":200,"height":200,"url":"https:\/\/compuviper.mx\/tienda\/wp-content\/uploads\/2025\/10\/Monitor-lenovo-thinkvision-t32p-30-31.5-3840x2160-1x-hdmi-2.1-tmds-1x-dp-1.4-1x-usb-c-3.2-gen1-incluye-cable-usb-c-3y-en-centro-de-servicio.jpg","type":"image\/jpeg"}],"twitter_card":"summary_large_image","twitter_misc":{"Precio":"&#36;11,761 con IVA","Availability":"Out of stock"},"schema":{"@context":"https:\/\/schema.org","@graph":[{"@type":"WebPage","@id":"https:\/\/compuviper.mx\/tienda\/producto\/lenovo-63d2zar1la196802989107-monitor-thinkvision-t32p-30-31-5-3840x2160-1x-hdmi-2-1-tmds-1x-dp-1-4-1x-usb-c-3-2-gen1-incluye-cable-usb-c-3y-en-centro-de-servicio\/","url":"https:\/\/compuviper.mx\/tienda\/producto\/lenovo-63d2zar1la196802989107-monitor-thinkvision-t32p-30-31-5-3840x2160-1x-hdmi-2-1-tmds-1x-dp-1-4-1x-usb-c-3-2-gen1-incluye-cable-usb-c-3y-en-centro-de-servicio\/","name":"[ Lenovo ] &#129351; 63d2zar1la,196802989107 Monitor Thinkvision T32p-30 \/ 31.5 3840x2160 \/ 1x Hdmi 2.1 Tmds, 1x Dp 1.4, 1x Usb-c 3.2 Gen1 \/ Incluye Cable Usb-c \/ 3y En Centro De Servicio","isPartOf":{"@id":"https:\/\/compuviper.mx\/tienda\/#website"},"datePublished":"2026-04-02T06:50:38+00:00","dateModified":"2026-04-02T06:50:38+00:00","description":"Compra 63d2zar1la,196802989107 Monitor Thinkvision T32p-30 \/ 31.5 3840x2160 \/ 1x Hdmi 2.1 Tmds, 1x Dp 1.4, 1x Usb-c 3.2 Gen1 \/ Incluye Cable Usb-c \/ 3y En Centro De Servicio + Env\u00edo a domicilio + Pago seguro + Garant\u00eda","breadcrumb":{"@id":"https:\/\/compuviper.mx\/tienda\/producto\/lenovo-63d2zar1la196802989107-monitor-thinkvision-t32p-30-31-5-3840x2160-1x-hdmi-2-1-tmds-1x-dp-1-4-1x-usb-c-3-2-gen1-incluye-cable-usb-c-3y-en-centro-de-servicio\/#breadcrumb"},"inLanguage":"es-MX","potentialAction":[{"@type":"ReadAction","target":["https:\/\/compuviper.mx\/tienda\/producto\/lenovo-63d2zar1la196802989107-monitor-thinkvision-t32p-30-31-5-3840x2160-1x-hdmi-2-1-tmds-1x-dp-1-4-1x-usb-c-3-2-gen1-incluye-cable-usb-c-3y-en-centro-de-servicio\/"]}]},{"@type":"BreadcrumbList","@id":"https:\/\/compuviper.mx\/tienda\/producto\/lenovo-63d2zar1la196802989107-monitor-thinkvision-t32p-30-31-5-3840x2160-1x-hdmi-2-1-tmds-1x-dp-1-4-1x-usb-c-3-2-gen1-incluye-cable-usb-c-3y-en-centro-de-servicio\/#breadcrumb","itemListElement":[{"@type":"ListItem","position":1,"name":"Inicio","item":"https:\/\/compuviper.mx\/tienda\/"},{"@type":"ListItem","position":2,"name":"Productos","item":"https:\/\/compuviper.mx\/tienda\/productos\/"},{"@type":"ListItem","position":3,"name":"Monitores","item":"https:\/\/compuviper.mx\/tienda\/categoria-producto\/monitores\/"},{"@type":"ListItem","position":4,"name":"Sin Categor\u00eda","item":"https:\/\/compuviper.mx\/tienda\/categoria-producto\/monitores\/sin-categoria-monitores\/"},{"@type":"ListItem","position":5,"name":"Lenovo 63d2zar1la,196802989107 Monitor Thinkvision T32p-30 \/ 31.5 3840&#215;2160 \/ 1x Hdmi 2.1 Tmds, 1x Dp 1.4, 1x Usb-c 3.2 Gen1 \/ Incluye Cable Usb-c \/ 3y En Centro De Servicio"}]},{"@type":"WebSite","@id":"https:\/\/compuviper.mx\/tienda\/#website","url":"https:\/\/compuviper.mx\/tienda\/","name":"Compuviper","description":"Proveedor de Computadoras, Laptops, Servidores, Monitores, Puntos de Venta, Teclados,   Impresoras, T\u00f3ner, C\u00e1maras de Seguridad y m\u00e1s en tu tienda en l\u00ednea","publisher":{"@id":"https:\/\/compuviper.mx\/tienda\/#organization"},"potentialAction":[{"@type":"SearchAction","target":{"@type":"EntryPoint","urlTemplate":"https:\/\/compuviper.mx\/tienda\/?s={search_term_string}"},"query-input":"required name=search_term_string"}],"inLanguage":"es-MX"},{"@type":"Organization","@id":"https:\/\/compuviper.mx\/tienda\/#organization","name":"Compuviper","url":"https:\/\/compuviper.mx\/tienda\/","logo":{"@type":"ImageObject","inLanguage":"es-MX","@id":"https:\/\/compuviper.mx\/tienda\/#\/schema\/logo\/image\/","url":"https:\/\/compuviper.mx\/tienda\/wp-content\/uploads\/2021\/08\/Logo-Compuviper-10.png","contentUrl":"https:\/\/compuviper.mx\/tienda\/wp-content\/uploads\/2021\/08\/Logo-Compuviper-10.png","width":1000,"height":500,"caption":"Compuviper"},"image":{"@id":"https:\/\/compuviper.mx\/tienda\/#\/schema\/logo\/image\/"},"sameAs":["https:\/\/www.facebook.com\/compuviper","https:\/\/www.youtube.com\/channel\/UCf73dERp9Y3cfOq7q8BhLjA?view_as=subscriber"]}]},"product_brand":"LENOVO","product_price_amount":"11761","product_price_currency":"MXN","og_availability":"out of stock","product_availability":"out of stock","product_retailer_item_id":"63D2ZAR1LA,196802989107","product_condition":"new"},"_links":{"self":[{"href":"https:\/\/compuviper.mx\/tienda\/wp-json\/wp\/v2\/product\/246217"}],"collection":[{"href":"https:\/\/compuviper.mx\/tienda\/wp-json\/wp\/v2\/product"}],"about":[{"href":"https:\/\/compuviper.mx\/tienda\/wp-json\/wp\/v2\/types\/product"}],"replies":[{"embeddable":true,"href":"https:\/\/compuviper.mx\/tienda\/wp-json\/wp\/v2\/comments?post=246217"}],"wp:featuredmedia":[{"embeddable":true,"href":"https:\/\/compuviper.mx\/tienda\/wp-json\/wp\/v2\/media\/259879"}],"wp:attachment":[{"href":"https:\/\/compuviper.mx\/tienda\/wp-json\/wp\/v2\/media?parent=246217"}],"wp:term":[{"taxonomy":"product_cat","embeddable":true,"href":"https:\/\/compuviper.mx\/tienda\/wp-json\/wp\/v2\/product_cat?post=246217"},{"taxonomy":"product_tag","embeddable":true,"href":"https:\/\/compuviper.mx\/tienda\/wp-json\/wp\/v2\/product_tag?post=246217"}],"curies":[{"name":"wp","href":"https:\/\/api.w.org\/{rel}","templated":true}]}}