{"id":246179,"date":"2026-04-11T00:40:46","date_gmt":"2026-04-11T06:40:46","guid":{"rendered":"https:\/\/compuviper.mx\/tienda\/producto\/x-fusion-0255yaxdn-xf-disco-duro-ssd3840gbsata-6gb-sread-intensiveer3-series2-5inch2-5inch-drive-bay\/"},"modified":"2026-04-11T00:40:46","modified_gmt":"2026-04-11T06:40:46","slug":"x-fusion-0255yaxdn-xf0255yaxd-disco-duro-ssd3840gbsata-6gb-sread-intensiveer3-series2-5inch2-5inch-drive-bay","status":"publish","type":"product","link":"https:\/\/compuviper.mx\/tienda\/producto\/x-fusion-0255yaxdn-xf0255yaxd-disco-duro-ssd3840gbsata-6gb-sread-intensiveer3-series2-5inch2-5inch-drive-bay\/","title":{"rendered":"X-fusion 0255yaxdn-xf,0255yaxd Disco Duro Ssd,3840gb,sata 6gb\/s,read Intensive,er3 Series,2.5inch(2.5inch Drive Bay)"},"content":{"rendered":"<table class=\"descripcion\">\n<tr>\n<td>Informacin tcnica:<\/td>\n<\/tr>\n<tr>\n<td>Modelo del producto v63t84er3s2<\/td>\n<\/tr>\n<tr>\n<td>Marca xfusion<\/td>\n<\/tr>\n<tr>\n<td>Almacenamiento<\/td>\n<\/tr>\n<tr>\n<td>Capacidad total 3.84tb<\/td>\n<\/tr>\n<tr>\n<td>Unidad de estado solido \/ ssd<\/td>\n<\/tr>\n<tr>\n<td>Tipo de memoria flash<\/td>\n<\/tr>\n<tr>\n<td>Conectores<\/td>\n<\/tr>\n<tr>\n<td>Conexion sata<\/td>\n<\/tr>\n<tr>\n<td>Interfaz sata 6gb\/s<\/td>\n<\/tr>\n<tr>\n<td>Factor de forma 2.5 pulgadas 2.5inch drive bay<\/td>\n<\/tr>\n<\/table>\n","protected":false},"excerpt":{"rendered":"<p>Informacin comercial. Preprate para una experiencia de almacenamiento excepcional con el ssd v63t84er3s2. De la reconocida marca xfusion. Este potente dispositivo de estado slido esta diseado para brindarte una generosa capacidad total de almacenamiento de 3.84 tb, permitindote almacenar, acceder y proteger tus datos ms valiosos con facilidad. Con tecnologa de memoria flash de ltima generacin, el ssd v63t84er3s2 ofrece un rendimiento sobresaliente y una velocidad impresionante para tus aplicaciones y transferencias de datos ms intensivas. \u00a1di adis a los tiempos de espera y experimenta una operacin fluida y veloz! conctalo sin problemas mediante su conexin sata con una velocidad de 6 gb\/s, lo que garantiza una transferencia de datos rpida y confiable, manteniendo tus archivos seguros y accesibles en todo momento. Su diseo compacto de 2.5 pulgadas y su compatibilidad con una bahia de unidad de 2.5 pulgadas facilitan su instalacin en tu configuracin de almacenamiento existente, brindando una solucin eficiente y sencilla. Confa en la calidad y fiabilidad de la marca xfusion, respaldada por el alto rendimiento del ssd s45203t84s2, para satisfacer tus necesidades de almacenamiento ms exigentes. Optimiza la productividad y el rendimiento de tus operaciones diarias con el ssd v63t84er3s2. \u00a1disfruta de un almacenamiento veloz y seguro para tus datos ms importantes y lleva tus capacidades de almacenamiento al siguiente nivel!<\/p>\n","protected":false},"featured_media":259642,"comment_status":"open","ping_status":"open","template":"","meta":[],"product_cat":[1703,1708],"product_tag":[2205],"acf":[],"yoast_head":"<!-- This site is optimized with the Yoast SEO plugin v21.7 - https:\/\/yoast.com\/wordpress\/plugins\/seo\/ -->\n<title>[ X-fusion ] &#129351; 0255yaxdn-xf,0255yaxd Disco Duro Ssd,3840gb,sata 6gb\/s,read Intensive,er3 Series,2.5inch(2.5inch Drive Bay)<\/title>\n<meta name=\"description\" content=\"Compra 0255yaxdn-xf,0255yaxd Disco Duro Ssd,3840gb,sata 6gb\/s,read Intensive,er3 Series,2.5inch(2.5inch Drive Bay) + Env\u00edo a domicilio + Pago seguro + Garant\u00eda\" \/>\n<meta name=\"robots\" content=\"index, follow, max-snippet:-1, max-image-preview:large, max-video-preview:-1\" \/>\n<link rel=\"canonical\" href=\"https:\/\/compuviper.mx\/tienda\/producto\/x-fusion-0255yaxdn-xf0255yaxd-disco-duro-ssd3840gbsata-6gb-sread-intensiveer3-series2-5inch2-5inch-drive-bay\/\" \/>\n<meta property=\"og:locale\" content=\"es_MX\" \/>\n<meta property=\"og:type\" content=\"article\" \/>\n<meta property=\"og:title\" content=\"[ X-fusion ] &#129351; 0255yaxdn-xf,0255yaxd Disco Duro Ssd,3840gb,sata 6gb\/s,read Intensive,er3 Series,2.5inch(2.5inch Drive Bay)\" \/>\n<meta property=\"og:description\" content=\"Compra 0255yaxdn-xf,0255yaxd Disco Duro Ssd,3840gb,sata 6gb\/s,read Intensive,er3 Series,2.5inch(2.5inch Drive Bay) + Env\u00edo a domicilio + Pago seguro + Garant\u00eda\" \/>\n<meta property=\"og:url\" content=\"https:\/\/compuviper.mx\/tienda\/producto\/x-fusion-0255yaxdn-xf0255yaxd-disco-duro-ssd3840gbsata-6gb-sread-intensiveer3-series2-5inch2-5inch-drive-bay\/\" \/>\n<meta property=\"og:site_name\" content=\"Compuviper\" \/>\n<meta property=\"article:publisher\" content=\"https:\/\/www.facebook.com\/compuviper\" \/>\n<meta property=\"og:image\" content=\"https:\/\/compuviper.mx\/tienda\/wp-content\/uploads\/2025\/10\/Disco-duro-ssd3840gbsata-6gbsread-intensiveer3-series2.5inch2.5inch-drive-bay.jpg\" \/>\n\t<meta property=\"og:image:width\" content=\"200\" \/>\n\t<meta property=\"og:image:height\" content=\"200\" \/>\n\t<meta property=\"og:image:type\" content=\"image\/jpeg\" \/>\n<meta name=\"twitter:card\" content=\"summary_large_image\" \/>\n<meta name=\"twitter:label1\" content=\"Precio\" \/>\n\t<meta name=\"twitter:data1\" content=\"&#36;10,743 con IVA\" \/>\n\t<meta name=\"twitter:label2\" content=\"Availability\" \/>\n\t<meta name=\"twitter:data2\" content=\"Out of stock\" \/>\n<script type=\"application\/ld+json\" class=\"yoast-schema-graph\">{\"@context\":\"https:\/\/schema.org\",\"@graph\":[{\"@type\":\"WebPage\",\"@id\":\"https:\/\/compuviper.mx\/tienda\/producto\/x-fusion-0255yaxdn-xf0255yaxd-disco-duro-ssd3840gbsata-6gb-sread-intensiveer3-series2-5inch2-5inch-drive-bay\/\",\"url\":\"https:\/\/compuviper.mx\/tienda\/producto\/x-fusion-0255yaxdn-xf0255yaxd-disco-duro-ssd3840gbsata-6gb-sread-intensiveer3-series2-5inch2-5inch-drive-bay\/\",\"name\":\"[ X-fusion ] &#129351; 0255yaxdn-xf,0255yaxd Disco Duro Ssd,3840gb,sata 6gb\/s,read Intensive,er3 Series,2.5inch(2.5inch Drive Bay)\",\"isPartOf\":{\"@id\":\"https:\/\/compuviper.mx\/tienda\/#website\"},\"datePublished\":\"2026-04-11T06:40:46+00:00\",\"dateModified\":\"2026-04-11T06:40:46+00:00\",\"description\":\"Compra 0255yaxdn-xf,0255yaxd Disco Duro Ssd,3840gb,sata 6gb\/s,read Intensive,er3 Series,2.5inch(2.5inch Drive Bay) + Env\u00edo a domicilio + Pago seguro + Garant\u00eda\",\"breadcrumb\":{\"@id\":\"https:\/\/compuviper.mx\/tienda\/producto\/x-fusion-0255yaxdn-xf0255yaxd-disco-duro-ssd3840gbsata-6gb-sread-intensiveer3-series2-5inch2-5inch-drive-bay\/#breadcrumb\"},\"inLanguage\":\"es-MX\",\"potentialAction\":[{\"@type\":\"ReadAction\",\"target\":[\"https:\/\/compuviper.mx\/tienda\/producto\/x-fusion-0255yaxdn-xf0255yaxd-disco-duro-ssd3840gbsata-6gb-sread-intensiveer3-series2-5inch2-5inch-drive-bay\/\"]}]},{\"@type\":\"BreadcrumbList\",\"@id\":\"https:\/\/compuviper.mx\/tienda\/producto\/x-fusion-0255yaxdn-xf0255yaxd-disco-duro-ssd3840gbsata-6gb-sread-intensiveer3-series2-5inch2-5inch-drive-bay\/#breadcrumb\",\"itemListElement\":[{\"@type\":\"ListItem\",\"position\":1,\"name\":\"Inicio\",\"item\":\"https:\/\/compuviper.mx\/tienda\/\"},{\"@type\":\"ListItem\",\"position\":2,\"name\":\"Productos\",\"item\":\"https:\/\/compuviper.mx\/tienda\/productos\/\"},{\"@type\":\"ListItem\",\"position\":3,\"name\":\"Discos Duros\",\"item\":\"https:\/\/compuviper.mx\/tienda\/categoria-producto\/discos-duros\/\"},{\"@type\":\"ListItem\",\"position\":4,\"name\":\"Unidad De Estado Solido\",\"item\":\"https:\/\/compuviper.mx\/tienda\/categoria-producto\/discos-duros\/unidad-de-estado-solido\/\"},{\"@type\":\"ListItem\",\"position\":5,\"name\":\"X-fusion 0255yaxdn-xf,0255yaxd Disco Duro Ssd,3840gb,sata 6gb\/s,read Intensive,er3 Series,2.5inch(2.5inch Drive Bay)\"}]},{\"@type\":\"WebSite\",\"@id\":\"https:\/\/compuviper.mx\/tienda\/#website\",\"url\":\"https:\/\/compuviper.mx\/tienda\/\",\"name\":\"Compuviper\",\"description\":\"Proveedor de Computadoras, Laptops, Servidores, Monitores, Puntos de Venta, Teclados,   Impresoras, T\u00f3ner, C\u00e1maras de Seguridad y m\u00e1s en tu tienda en l\u00ednea\",\"publisher\":{\"@id\":\"https:\/\/compuviper.mx\/tienda\/#organization\"},\"potentialAction\":[{\"@type\":\"SearchAction\",\"target\":{\"@type\":\"EntryPoint\",\"urlTemplate\":\"https:\/\/compuviper.mx\/tienda\/?s={search_term_string}\"},\"query-input\":\"required name=search_term_string\"}],\"inLanguage\":\"es-MX\"},{\"@type\":\"Organization\",\"@id\":\"https:\/\/compuviper.mx\/tienda\/#organization\",\"name\":\"Compuviper\",\"url\":\"https:\/\/compuviper.mx\/tienda\/\",\"logo\":{\"@type\":\"ImageObject\",\"inLanguage\":\"es-MX\",\"@id\":\"https:\/\/compuviper.mx\/tienda\/#\/schema\/logo\/image\/\",\"url\":\"https:\/\/compuviper.mx\/tienda\/wp-content\/uploads\/2021\/08\/Logo-Compuviper-10.png\",\"contentUrl\":\"https:\/\/compuviper.mx\/tienda\/wp-content\/uploads\/2021\/08\/Logo-Compuviper-10.png\",\"width\":1000,\"height\":500,\"caption\":\"Compuviper\"},\"image\":{\"@id\":\"https:\/\/compuviper.mx\/tienda\/#\/schema\/logo\/image\/\"},\"sameAs\":[\"https:\/\/www.facebook.com\/compuviper\",\"https:\/\/www.youtube.com\/channel\/UCf73dERp9Y3cfOq7q8BhLjA?view_as=subscriber\"]}]}<\/script>\n<meta property=\"product:brand\" content=\"X-fusion\" \/>\n<meta property=\"product:price:amount\" content=\"10743\" \/>\n<meta property=\"product:price:currency\" content=\"MXN\" \/>\n<meta property=\"og:availability\" content=\"out of stock\" \/>\n<meta property=\"product:availability\" content=\"out of stock\" \/>\n<meta property=\"product:retailer_item_id\" content=\"0255YAXDN-XF,0255YAXD\" \/>\n<meta property=\"product:condition\" content=\"new\" \/>\n<!-- \/ Yoast SEO plugin. -->","yoast_head_json":{"title":"[ X-fusion ] &#129351; 0255yaxdn-xf,0255yaxd Disco Duro Ssd,3840gb,sata 6gb\/s,read Intensive,er3 Series,2.5inch(2.5inch Drive Bay)","description":"Compra 0255yaxdn-xf,0255yaxd Disco Duro Ssd,3840gb,sata 6gb\/s,read Intensive,er3 Series,2.5inch(2.5inch Drive Bay) + Env\u00edo a domicilio + Pago seguro + Garant\u00eda","robots":{"index":"index","follow":"follow","max-snippet":"max-snippet:-1","max-image-preview":"max-image-preview:large","max-video-preview":"max-video-preview:-1"},"canonical":"https:\/\/compuviper.mx\/tienda\/producto\/x-fusion-0255yaxdn-xf0255yaxd-disco-duro-ssd3840gbsata-6gb-sread-intensiveer3-series2-5inch2-5inch-drive-bay\/","og_locale":"es_MX","og_type":"article","og_title":"[ X-fusion ] &#129351; 0255yaxdn-xf,0255yaxd Disco Duro Ssd,3840gb,sata 6gb\/s,read Intensive,er3 Series,2.5inch(2.5inch Drive Bay)","og_description":"Compra 0255yaxdn-xf,0255yaxd Disco Duro Ssd,3840gb,sata 6gb\/s,read Intensive,er3 Series,2.5inch(2.5inch Drive Bay) + Env\u00edo a domicilio + Pago seguro + Garant\u00eda","og_url":"https:\/\/compuviper.mx\/tienda\/producto\/x-fusion-0255yaxdn-xf0255yaxd-disco-duro-ssd3840gbsata-6gb-sread-intensiveer3-series2-5inch2-5inch-drive-bay\/","og_site_name":"Compuviper","article_publisher":"https:\/\/www.facebook.com\/compuviper","og_image":[{"width":200,"height":200,"url":"https:\/\/compuviper.mx\/tienda\/wp-content\/uploads\/2025\/10\/Disco-duro-ssd3840gbsata-6gbsread-intensiveer3-series2.5inch2.5inch-drive-bay.jpg","type":"image\/jpeg"}],"twitter_card":"summary_large_image","twitter_misc":{"Precio":"&#36;10,743 con IVA","Availability":"Out of stock"},"schema":{"@context":"https:\/\/schema.org","@graph":[{"@type":"WebPage","@id":"https:\/\/compuviper.mx\/tienda\/producto\/x-fusion-0255yaxdn-xf0255yaxd-disco-duro-ssd3840gbsata-6gb-sread-intensiveer3-series2-5inch2-5inch-drive-bay\/","url":"https:\/\/compuviper.mx\/tienda\/producto\/x-fusion-0255yaxdn-xf0255yaxd-disco-duro-ssd3840gbsata-6gb-sread-intensiveer3-series2-5inch2-5inch-drive-bay\/","name":"[ X-fusion ] &#129351; 0255yaxdn-xf,0255yaxd Disco Duro Ssd,3840gb,sata 6gb\/s,read Intensive,er3 Series,2.5inch(2.5inch Drive Bay)","isPartOf":{"@id":"https:\/\/compuviper.mx\/tienda\/#website"},"datePublished":"2026-04-11T06:40:46+00:00","dateModified":"2026-04-11T06:40:46+00:00","description":"Compra 0255yaxdn-xf,0255yaxd Disco Duro Ssd,3840gb,sata 6gb\/s,read Intensive,er3 Series,2.5inch(2.5inch Drive Bay) + Env\u00edo a domicilio + Pago seguro + Garant\u00eda","breadcrumb":{"@id":"https:\/\/compuviper.mx\/tienda\/producto\/x-fusion-0255yaxdn-xf0255yaxd-disco-duro-ssd3840gbsata-6gb-sread-intensiveer3-series2-5inch2-5inch-drive-bay\/#breadcrumb"},"inLanguage":"es-MX","potentialAction":[{"@type":"ReadAction","target":["https:\/\/compuviper.mx\/tienda\/producto\/x-fusion-0255yaxdn-xf0255yaxd-disco-duro-ssd3840gbsata-6gb-sread-intensiveer3-series2-5inch2-5inch-drive-bay\/"]}]},{"@type":"BreadcrumbList","@id":"https:\/\/compuviper.mx\/tienda\/producto\/x-fusion-0255yaxdn-xf0255yaxd-disco-duro-ssd3840gbsata-6gb-sread-intensiveer3-series2-5inch2-5inch-drive-bay\/#breadcrumb","itemListElement":[{"@type":"ListItem","position":1,"name":"Inicio","item":"https:\/\/compuviper.mx\/tienda\/"},{"@type":"ListItem","position":2,"name":"Productos","item":"https:\/\/compuviper.mx\/tienda\/productos\/"},{"@type":"ListItem","position":3,"name":"Discos Duros","item":"https:\/\/compuviper.mx\/tienda\/categoria-producto\/discos-duros\/"},{"@type":"ListItem","position":4,"name":"Unidad De Estado Solido","item":"https:\/\/compuviper.mx\/tienda\/categoria-producto\/discos-duros\/unidad-de-estado-solido\/"},{"@type":"ListItem","position":5,"name":"X-fusion 0255yaxdn-xf,0255yaxd Disco Duro Ssd,3840gb,sata 6gb\/s,read Intensive,er3 Series,2.5inch(2.5inch Drive Bay)"}]},{"@type":"WebSite","@id":"https:\/\/compuviper.mx\/tienda\/#website","url":"https:\/\/compuviper.mx\/tienda\/","name":"Compuviper","description":"Proveedor de Computadoras, Laptops, Servidores, Monitores, Puntos de Venta, Teclados,   Impresoras, T\u00f3ner, C\u00e1maras de Seguridad y m\u00e1s en tu tienda en l\u00ednea","publisher":{"@id":"https:\/\/compuviper.mx\/tienda\/#organization"},"potentialAction":[{"@type":"SearchAction","target":{"@type":"EntryPoint","urlTemplate":"https:\/\/compuviper.mx\/tienda\/?s={search_term_string}"},"query-input":"required name=search_term_string"}],"inLanguage":"es-MX"},{"@type":"Organization","@id":"https:\/\/compuviper.mx\/tienda\/#organization","name":"Compuviper","url":"https:\/\/compuviper.mx\/tienda\/","logo":{"@type":"ImageObject","inLanguage":"es-MX","@id":"https:\/\/compuviper.mx\/tienda\/#\/schema\/logo\/image\/","url":"https:\/\/compuviper.mx\/tienda\/wp-content\/uploads\/2021\/08\/Logo-Compuviper-10.png","contentUrl":"https:\/\/compuviper.mx\/tienda\/wp-content\/uploads\/2021\/08\/Logo-Compuviper-10.png","width":1000,"height":500,"caption":"Compuviper"},"image":{"@id":"https:\/\/compuviper.mx\/tienda\/#\/schema\/logo\/image\/"},"sameAs":["https:\/\/www.facebook.com\/compuviper","https:\/\/www.youtube.com\/channel\/UCf73dERp9Y3cfOq7q8BhLjA?view_as=subscriber"]}]},"product_brand":"X-fusion","product_price_amount":"10743","product_price_currency":"MXN","og_availability":"out of stock","product_availability":"out of stock","product_retailer_item_id":"0255YAXDN-XF,0255YAXD","product_condition":"new"},"_links":{"self":[{"href":"https:\/\/compuviper.mx\/tienda\/wp-json\/wp\/v2\/product\/246179"}],"collection":[{"href":"https:\/\/compuviper.mx\/tienda\/wp-json\/wp\/v2\/product"}],"about":[{"href":"https:\/\/compuviper.mx\/tienda\/wp-json\/wp\/v2\/types\/product"}],"replies":[{"embeddable":true,"href":"https:\/\/compuviper.mx\/tienda\/wp-json\/wp\/v2\/comments?post=246179"}],"wp:featuredmedia":[{"embeddable":true,"href":"https:\/\/compuviper.mx\/tienda\/wp-json\/wp\/v2\/media\/259642"}],"wp:attachment":[{"href":"https:\/\/compuviper.mx\/tienda\/wp-json\/wp\/v2\/media?parent=246179"}],"wp:term":[{"taxonomy":"product_cat","embeddable":true,"href":"https:\/\/compuviper.mx\/tienda\/wp-json\/wp\/v2\/product_cat?post=246179"},{"taxonomy":"product_tag","embeddable":true,"href":"https:\/\/compuviper.mx\/tienda\/wp-json\/wp\/v2\/product_tag?post=246179"}],"curies":[{"name":"wp","href":"https:\/\/api.w.org\/{rel}","templated":true}]}}