{"id":246158,"date":"2026-04-17T23:50:18","date_gmt":"2026-04-18T05:50:18","guid":{"rendered":"https:\/\/compuviper.mx\/tienda\/producto\/startech-com-hdmm21v50cm-cable-de-50cm-hdmi-2-1-8k-cable-hdmi-certificado-de-ultra-alta-velocidad-48gbps-8k-60hz-startech\/"},"modified":"2026-04-17T23:50:18","modified_gmt":"2026-04-18T05:50:18","slug":"startech-com-hdmm21v50cm-cable-de-50cm-hdmi-2-1-8k-cable-hdmi-certificado-de-ultra-alta-velocidad-48gbps-8k-60hz-startech","status":"publish","type":"product","link":"https:\/\/compuviper.mx\/tienda\/producto\/startech-com-hdmm21v50cm-cable-de-50cm-hdmi-2-1-8k-cable-hdmi-certificado-de-ultra-alta-velocidad-48gbps-8k-60hz-startech\/","title":{"rendered":"Startech.com Hdmm21v50cm Cable De 50cm Hdmi 2.1 8k &#8211; Cable Hdmi Certificado De Ultra Alta Velocidad &#8211; 48gbps &#8211; 8k 60hz Startech"},"content":{"rendered":"<table class=\"descripcion\">\n<tr>\n<td>Cable de alto rendimiento 8k: hdmi 2.1 ultra hd &#8211; 8k\/5k 60hz, 4k 120hz (48gbps) &#8211; hdr10+ dinamico y dolby vision para un alto contraste y una imagen viva &#8211; earc, dts-hd master audio\/dts:x\/dolby truehd\/atmos para un audio de alta calidad &#8211; hdcp 2.3<\/td>\n<\/tr>\n<tr>\n<td>Cable certificado: la certificacion hdmi 2.1 de ultra alta velocidad garantiza que cada cable ofrezca un rendimiento completo en 8k &#8211; posee un blindaje de aluminio fundido para mejorar la integridad de la se\u00f1al<\/td>\n<\/tr>\n<tr>\n<td>Durable: el cable hdmi uhd esta probado para soportar mas de 10,000 inserciones y mas de 600 ciclos de flexion a 120 grados &#8211; conectores chapados en oro resistentes a la corrosion &#8211; revestimiento de tpe flexible y alivios de tension de larga duracion<\/td>\n<\/tr>\n<tr>\n<td>Aplicaciones: ideal para aplicaciones comerciales, de produccion audiovisual y de alta resolucion &#8211; para ordenadores portatiles, de sobremesa o estaciones de trabajo para conectar televisores\/monitores\/proyectores &#8211; samsung\/sony\/apple tv\/dell\/lg<\/td>\n<\/tr>\n<tr>\n<td>Especificaciones: 50cm &#8211; hdmi 2.1 &#8211; cable hdmi certificado de ultra alta velocidad de 48gbps &#8211; hdmi macho a macho &#8211; 8mm de diametro exterior y 26awg &#8211; revestimiento tpe &#8211; lamina de al-mylar con blindaje emi &#8211; funciona con hdmi 2.0b\/2.0a\/2.0\/1.4<\/td>\n<\/tr>\n<\/table>\n","protected":false},"excerpt":{"rendered":"<p>Este cable certificado hdmi 2.1 de ultra alta velocidad de 50 centimetros soporta las exigencias diarias de conexion de sus dispositivos hdmi. Probado para soportar el desgaste mas intenso, este cable duradero es imprescindible para las aplicaciones empresariales y de consumo. Compatible con samsung\/sony\/apple tv\/dell\/lg<\/p>\n","protected":false},"featured_media":259001,"comment_status":"open","ping_status":"open","template":"","meta":[],"product_cat":[1550,1549],"product_tag":[1590],"acf":[],"yoast_head":"<!-- This site is optimized with the Yoast SEO plugin v21.7 - https:\/\/yoast.com\/wordpress\/plugins\/seo\/ -->\n<title>[ Startech.com ] &#129351; Hdmm21v50cm Cable De 50cm Hdmi 2.1 8k - Cable Hdmi Certificado De Ultra Alta Velocidad - 48gbps - 8k 60hz Startech<\/title>\n<meta name=\"description\" content=\"Compra Hdmm21v50cm Cable De 50cm Hdmi 2.1 8k - Cable Hdmi Certificado De Ultra Alta Velocidad - 48gbps - 8k 60hz Startech + Env\u00edo a domicilio + Pago seguro + Garant\u00eda\" \/>\n<meta name=\"robots\" content=\"index, follow, max-snippet:-1, max-image-preview:large, max-video-preview:-1\" \/>\n<link rel=\"canonical\" href=\"https:\/\/compuviper.mx\/tienda\/producto\/startech-com-hdmm21v50cm-cable-de-50cm-hdmi-2-1-8k-cable-hdmi-certificado-de-ultra-alta-velocidad-48gbps-8k-60hz-startech\/\" \/>\n<meta property=\"og:locale\" content=\"es_MX\" \/>\n<meta property=\"og:type\" content=\"article\" \/>\n<meta property=\"og:title\" content=\"[ Startech.com ] &#129351; Hdmm21v50cm Cable De 50cm Hdmi 2.1 8k - Cable Hdmi Certificado De Ultra Alta Velocidad - 48gbps - 8k 60hz Startech\" \/>\n<meta property=\"og:description\" content=\"Compra Hdmm21v50cm Cable De 50cm Hdmi 2.1 8k - Cable Hdmi Certificado De Ultra Alta Velocidad - 48gbps - 8k 60hz Startech + Env\u00edo a domicilio + Pago seguro + Garant\u00eda\" \/>\n<meta property=\"og:url\" content=\"https:\/\/compuviper.mx\/tienda\/producto\/startech-com-hdmm21v50cm-cable-de-50cm-hdmi-2-1-8k-cable-hdmi-certificado-de-ultra-alta-velocidad-48gbps-8k-60hz-startech\/\" \/>\n<meta property=\"og:site_name\" content=\"Compuviper\" \/>\n<meta property=\"article:publisher\" content=\"https:\/\/www.facebook.com\/compuviper\" \/>\n<meta property=\"og:image\" content=\"https:\/\/compuviper.mx\/tienda\/wp-content\/uploads\/2025\/10\/Cable-de-50cm-hdmi-2.1-8k-cable-hdmi-certificado-de-ultra-alta-velocidad-48gbps-8k-60hz-startech.jpg\" \/>\n\t<meta property=\"og:image:width\" content=\"200\" \/>\n\t<meta property=\"og:image:height\" content=\"200\" \/>\n\t<meta property=\"og:image:type\" content=\"image\/jpeg\" \/>\n<meta name=\"twitter:card\" content=\"summary_large_image\" \/>\n<meta name=\"twitter:label1\" content=\"Precio\" \/>\n\t<meta name=\"twitter:data1\" content=\"&#36;323 con IVA\" \/>\n\t<meta name=\"twitter:label2\" content=\"Availability\" \/>\n\t<meta name=\"twitter:data2\" content=\"On backorder\" \/>\n<script type=\"application\/ld+json\" class=\"yoast-schema-graph\">{\"@context\":\"https:\/\/schema.org\",\"@graph\":[{\"@type\":\"WebPage\",\"@id\":\"https:\/\/compuviper.mx\/tienda\/producto\/startech-com-hdmm21v50cm-cable-de-50cm-hdmi-2-1-8k-cable-hdmi-certificado-de-ultra-alta-velocidad-48gbps-8k-60hz-startech\/\",\"url\":\"https:\/\/compuviper.mx\/tienda\/producto\/startech-com-hdmm21v50cm-cable-de-50cm-hdmi-2-1-8k-cable-hdmi-certificado-de-ultra-alta-velocidad-48gbps-8k-60hz-startech\/\",\"name\":\"[ Startech.com ] &#129351; Hdmm21v50cm Cable De 50cm Hdmi 2.1 8k - Cable Hdmi Certificado De Ultra Alta Velocidad - 48gbps - 8k 60hz Startech\",\"isPartOf\":{\"@id\":\"https:\/\/compuviper.mx\/tienda\/#website\"},\"datePublished\":\"2026-04-18T05:50:18+00:00\",\"dateModified\":\"2026-04-18T05:50:18+00:00\",\"description\":\"Compra Hdmm21v50cm Cable De 50cm Hdmi 2.1 8k - Cable Hdmi Certificado De Ultra Alta Velocidad - 48gbps - 8k 60hz Startech + Env\u00edo a domicilio + Pago seguro + Garant\u00eda\",\"breadcrumb\":{\"@id\":\"https:\/\/compuviper.mx\/tienda\/producto\/startech-com-hdmm21v50cm-cable-de-50cm-hdmi-2-1-8k-cable-hdmi-certificado-de-ultra-alta-velocidad-48gbps-8k-60hz-startech\/#breadcrumb\"},\"inLanguage\":\"es-MX\",\"potentialAction\":[{\"@type\":\"ReadAction\",\"target\":[\"https:\/\/compuviper.mx\/tienda\/producto\/startech-com-hdmm21v50cm-cable-de-50cm-hdmi-2-1-8k-cable-hdmi-certificado-de-ultra-alta-velocidad-48gbps-8k-60hz-startech\/\"]}]},{\"@type\":\"BreadcrumbList\",\"@id\":\"https:\/\/compuviper.mx\/tienda\/producto\/startech-com-hdmm21v50cm-cable-de-50cm-hdmi-2-1-8k-cable-hdmi-certificado-de-ultra-alta-velocidad-48gbps-8k-60hz-startech\/#breadcrumb\",\"itemListElement\":[{\"@type\":\"ListItem\",\"position\":1,\"name\":\"Inicio\",\"item\":\"https:\/\/compuviper.mx\/tienda\/\"},{\"@type\":\"ListItem\",\"position\":2,\"name\":\"Productos\",\"item\":\"https:\/\/compuviper.mx\/tienda\/productos\/\"},{\"@type\":\"ListItem\",\"position\":3,\"name\":\"Cables\",\"item\":\"https:\/\/compuviper.mx\/tienda\/categoria-producto\/cables\/\"},{\"@type\":\"ListItem\",\"position\":4,\"name\":\"Cable De Video\",\"item\":\"https:\/\/compuviper.mx\/tienda\/categoria-producto\/cables\/cable-de-video\/\"},{\"@type\":\"ListItem\",\"position\":5,\"name\":\"Startech.com Hdmm21v50cm Cable De 50cm Hdmi 2.1 8k &#8211; Cable Hdmi Certificado De Ultra Alta Velocidad &#8211; 48gbps &#8211; 8k 60hz Startech\"}]},{\"@type\":\"WebSite\",\"@id\":\"https:\/\/compuviper.mx\/tienda\/#website\",\"url\":\"https:\/\/compuviper.mx\/tienda\/\",\"name\":\"Compuviper\",\"description\":\"Proveedor de Computadoras, Laptops, Servidores, Monitores, Puntos de Venta, Teclados,   Impresoras, T\u00f3ner, C\u00e1maras de Seguridad y m\u00e1s en tu tienda en l\u00ednea\",\"publisher\":{\"@id\":\"https:\/\/compuviper.mx\/tienda\/#organization\"},\"potentialAction\":[{\"@type\":\"SearchAction\",\"target\":{\"@type\":\"EntryPoint\",\"urlTemplate\":\"https:\/\/compuviper.mx\/tienda\/?s={search_term_string}\"},\"query-input\":\"required name=search_term_string\"}],\"inLanguage\":\"es-MX\"},{\"@type\":\"Organization\",\"@id\":\"https:\/\/compuviper.mx\/tienda\/#organization\",\"name\":\"Compuviper\",\"url\":\"https:\/\/compuviper.mx\/tienda\/\",\"logo\":{\"@type\":\"ImageObject\",\"inLanguage\":\"es-MX\",\"@id\":\"https:\/\/compuviper.mx\/tienda\/#\/schema\/logo\/image\/\",\"url\":\"https:\/\/compuviper.mx\/tienda\/wp-content\/uploads\/2021\/08\/Logo-Compuviper-10.png\",\"contentUrl\":\"https:\/\/compuviper.mx\/tienda\/wp-content\/uploads\/2021\/08\/Logo-Compuviper-10.png\",\"width\":1000,\"height\":500,\"caption\":\"Compuviper\"},\"image\":{\"@id\":\"https:\/\/compuviper.mx\/tienda\/#\/schema\/logo\/image\/\"},\"sameAs\":[\"https:\/\/www.facebook.com\/compuviper\",\"https:\/\/www.youtube.com\/channel\/UCf73dERp9Y3cfOq7q8BhLjA?view_as=subscriber\"]}]}<\/script>\n<meta property=\"product:brand\" content=\"STARTECH.COM\" \/>\n<meta property=\"product:price:amount\" content=\"323\" \/>\n<meta property=\"product:price:currency\" content=\"MXN\" \/>\n<meta property=\"og:availability\" content=\"backorder\" \/>\n<meta property=\"product:availability\" content=\"available for order\" \/>\n<meta property=\"product:retailer_item_id\" content=\"HDMM21V50CM\" \/>\n<meta property=\"product:condition\" content=\"new\" \/>\n<!-- \/ Yoast SEO plugin. -->","yoast_head_json":{"title":"[ Startech.com ] &#129351; Hdmm21v50cm Cable De 50cm Hdmi 2.1 8k - Cable Hdmi Certificado De Ultra Alta Velocidad - 48gbps - 8k 60hz Startech","description":"Compra Hdmm21v50cm Cable De 50cm Hdmi 2.1 8k - Cable Hdmi Certificado De Ultra Alta Velocidad - 48gbps - 8k 60hz Startech + Env\u00edo a domicilio + Pago seguro + Garant\u00eda","robots":{"index":"index","follow":"follow","max-snippet":"max-snippet:-1","max-image-preview":"max-image-preview:large","max-video-preview":"max-video-preview:-1"},"canonical":"https:\/\/compuviper.mx\/tienda\/producto\/startech-com-hdmm21v50cm-cable-de-50cm-hdmi-2-1-8k-cable-hdmi-certificado-de-ultra-alta-velocidad-48gbps-8k-60hz-startech\/","og_locale":"es_MX","og_type":"article","og_title":"[ Startech.com ] &#129351; Hdmm21v50cm Cable De 50cm Hdmi 2.1 8k - Cable Hdmi Certificado De Ultra Alta Velocidad - 48gbps - 8k 60hz Startech","og_description":"Compra Hdmm21v50cm Cable De 50cm Hdmi 2.1 8k - Cable Hdmi Certificado De Ultra Alta Velocidad - 48gbps - 8k 60hz Startech + Env\u00edo a domicilio + Pago seguro + Garant\u00eda","og_url":"https:\/\/compuviper.mx\/tienda\/producto\/startech-com-hdmm21v50cm-cable-de-50cm-hdmi-2-1-8k-cable-hdmi-certificado-de-ultra-alta-velocidad-48gbps-8k-60hz-startech\/","og_site_name":"Compuviper","article_publisher":"https:\/\/www.facebook.com\/compuviper","og_image":[{"width":200,"height":200,"url":"https:\/\/compuviper.mx\/tienda\/wp-content\/uploads\/2025\/10\/Cable-de-50cm-hdmi-2.1-8k-cable-hdmi-certificado-de-ultra-alta-velocidad-48gbps-8k-60hz-startech.jpg","type":"image\/jpeg"}],"twitter_card":"summary_large_image","twitter_misc":{"Precio":"&#36;323 con IVA","Availability":"On backorder"},"schema":{"@context":"https:\/\/schema.org","@graph":[{"@type":"WebPage","@id":"https:\/\/compuviper.mx\/tienda\/producto\/startech-com-hdmm21v50cm-cable-de-50cm-hdmi-2-1-8k-cable-hdmi-certificado-de-ultra-alta-velocidad-48gbps-8k-60hz-startech\/","url":"https:\/\/compuviper.mx\/tienda\/producto\/startech-com-hdmm21v50cm-cable-de-50cm-hdmi-2-1-8k-cable-hdmi-certificado-de-ultra-alta-velocidad-48gbps-8k-60hz-startech\/","name":"[ Startech.com ] &#129351; Hdmm21v50cm Cable De 50cm Hdmi 2.1 8k - Cable Hdmi Certificado De Ultra Alta Velocidad - 48gbps - 8k 60hz Startech","isPartOf":{"@id":"https:\/\/compuviper.mx\/tienda\/#website"},"datePublished":"2026-04-18T05:50:18+00:00","dateModified":"2026-04-18T05:50:18+00:00","description":"Compra Hdmm21v50cm Cable De 50cm Hdmi 2.1 8k - Cable Hdmi Certificado De Ultra Alta Velocidad - 48gbps - 8k 60hz Startech + Env\u00edo a domicilio + Pago seguro + Garant\u00eda","breadcrumb":{"@id":"https:\/\/compuviper.mx\/tienda\/producto\/startech-com-hdmm21v50cm-cable-de-50cm-hdmi-2-1-8k-cable-hdmi-certificado-de-ultra-alta-velocidad-48gbps-8k-60hz-startech\/#breadcrumb"},"inLanguage":"es-MX","potentialAction":[{"@type":"ReadAction","target":["https:\/\/compuviper.mx\/tienda\/producto\/startech-com-hdmm21v50cm-cable-de-50cm-hdmi-2-1-8k-cable-hdmi-certificado-de-ultra-alta-velocidad-48gbps-8k-60hz-startech\/"]}]},{"@type":"BreadcrumbList","@id":"https:\/\/compuviper.mx\/tienda\/producto\/startech-com-hdmm21v50cm-cable-de-50cm-hdmi-2-1-8k-cable-hdmi-certificado-de-ultra-alta-velocidad-48gbps-8k-60hz-startech\/#breadcrumb","itemListElement":[{"@type":"ListItem","position":1,"name":"Inicio","item":"https:\/\/compuviper.mx\/tienda\/"},{"@type":"ListItem","position":2,"name":"Productos","item":"https:\/\/compuviper.mx\/tienda\/productos\/"},{"@type":"ListItem","position":3,"name":"Cables","item":"https:\/\/compuviper.mx\/tienda\/categoria-producto\/cables\/"},{"@type":"ListItem","position":4,"name":"Cable De Video","item":"https:\/\/compuviper.mx\/tienda\/categoria-producto\/cables\/cable-de-video\/"},{"@type":"ListItem","position":5,"name":"Startech.com Hdmm21v50cm Cable De 50cm Hdmi 2.1 8k &#8211; Cable Hdmi Certificado De Ultra Alta Velocidad &#8211; 48gbps &#8211; 8k 60hz Startech"}]},{"@type":"WebSite","@id":"https:\/\/compuviper.mx\/tienda\/#website","url":"https:\/\/compuviper.mx\/tienda\/","name":"Compuviper","description":"Proveedor de Computadoras, Laptops, Servidores, Monitores, Puntos de Venta, Teclados,   Impresoras, T\u00f3ner, C\u00e1maras de Seguridad y m\u00e1s en tu tienda en l\u00ednea","publisher":{"@id":"https:\/\/compuviper.mx\/tienda\/#organization"},"potentialAction":[{"@type":"SearchAction","target":{"@type":"EntryPoint","urlTemplate":"https:\/\/compuviper.mx\/tienda\/?s={search_term_string}"},"query-input":"required name=search_term_string"}],"inLanguage":"es-MX"},{"@type":"Organization","@id":"https:\/\/compuviper.mx\/tienda\/#organization","name":"Compuviper","url":"https:\/\/compuviper.mx\/tienda\/","logo":{"@type":"ImageObject","inLanguage":"es-MX","@id":"https:\/\/compuviper.mx\/tienda\/#\/schema\/logo\/image\/","url":"https:\/\/compuviper.mx\/tienda\/wp-content\/uploads\/2021\/08\/Logo-Compuviper-10.png","contentUrl":"https:\/\/compuviper.mx\/tienda\/wp-content\/uploads\/2021\/08\/Logo-Compuviper-10.png","width":1000,"height":500,"caption":"Compuviper"},"image":{"@id":"https:\/\/compuviper.mx\/tienda\/#\/schema\/logo\/image\/"},"sameAs":["https:\/\/www.facebook.com\/compuviper","https:\/\/www.youtube.com\/channel\/UCf73dERp9Y3cfOq7q8BhLjA?view_as=subscriber"]}]},"product_brand":"STARTECH.COM","product_price_amount":"323","product_price_currency":"MXN","og_availability":"backorder","product_availability":"available for order","product_retailer_item_id":"HDMM21V50CM","product_condition":"new"},"_links":{"self":[{"href":"https:\/\/compuviper.mx\/tienda\/wp-json\/wp\/v2\/product\/246158"}],"collection":[{"href":"https:\/\/compuviper.mx\/tienda\/wp-json\/wp\/v2\/product"}],"about":[{"href":"https:\/\/compuviper.mx\/tienda\/wp-json\/wp\/v2\/types\/product"}],"replies":[{"embeddable":true,"href":"https:\/\/compuviper.mx\/tienda\/wp-json\/wp\/v2\/comments?post=246158"}],"wp:featuredmedia":[{"embeddable":true,"href":"https:\/\/compuviper.mx\/tienda\/wp-json\/wp\/v2\/media\/259001"}],"wp:attachment":[{"href":"https:\/\/compuviper.mx\/tienda\/wp-json\/wp\/v2\/media?parent=246158"}],"wp:term":[{"taxonomy":"product_cat","embeddable":true,"href":"https:\/\/compuviper.mx\/tienda\/wp-json\/wp\/v2\/product_cat?post=246158"},{"taxonomy":"product_tag","embeddable":true,"href":"https:\/\/compuviper.mx\/tienda\/wp-json\/wp\/v2\/product_tag?post=246158"}],"curies":[{"name":"wp","href":"https:\/\/api.w.org\/{rel}","templated":true}]}}