{"id":246156,"date":"2026-04-17T23:50:17","date_gmt":"2026-04-18T05:50:17","guid":{"rendered":"https:\/\/compuviper.mx\/tienda\/producto\/startech-com-rh2a-7m-hdmi-cable-cable-de-7m-hdmi-activo-hdmi-2-0-4k-60hz-uhd-cable-de-servicio-pesado-resistente\/"},"modified":"2026-04-17T23:50:17","modified_gmt":"2026-04-18T05:50:17","slug":"startech-com-rh2a-7m-hdmi-cable-cable-de-7m-hdmi-activo-hdmi-2-0-4k-60hz-uhd-cable-de-servicio-pesado-resistente","status":"publish","type":"product","link":"https:\/\/compuviper.mx\/tienda\/producto\/startech-com-rh2a-7m-hdmi-cable-cable-de-7m-hdmi-activo-hdmi-2-0-4k-60hz-uhd-cable-de-servicio-pesado-resistente\/","title":{"rendered":"Startech.com Rh2a-7m-hdmi-cable Cable De 7m Hdmi Activo &#8211; Hdmi 2.0 4k 60hz Uhd &#8211; Cable De Servicio Pesado &#8211; Resistente"},"content":{"rendered":"<table class=\"descripcion\">\n<tr>\n<td>Alto rendimiento: cable hdmi 2.0 de 7 metros con ethernet &#8211; 4k 60hz (hasta 4096x2160p) &#8211; 18gbps &#8211; hdr10 y audio multistream de 32 canales con muestreo de 1536hz (5.1\/7.1\/dd+\/dolby truehd\/atmos) &#8211; cable direccional con etiquetas de fuente\/pantalla<\/td>\n<\/tr>\n<tr>\n<td>Circuito activo: el amplificador activo alimentado por bus potencia las se\u00f1ales de video en distancias mas largas para extender la se\u00f1al hdmi hasta 7m &#8211; admite espacios de color adicionales, como adobe rgb y ycc601 color<\/td>\n<\/tr>\n<tr>\n<td>Cable durable: el cable 100% de cobre (28awg) con revestimiento de tpe y alivios de tension absorbe la tension de los dobleces frecuentes &#8211; tpe no es toxico, esta libre de halogenos y cuenta con la certificaci\u00f3n rohs para la sostenibilidad medioambiental<\/td>\n<\/tr>\n<tr>\n<td>Fabricacion de calidad: los conectores chapados en oro y el blindaje emi superior con lamina de al-mylar y trenzado de cobre mejoran la integridad de la se\u00f1al, ofreciendo 4k 60hz a largas distancias &#8211; ideal para salas de conferencias, oficinas o aulas<\/td>\n<\/tr>\n<tr>\n<td>Especificaciones: 7 metros &#8211; negro &#8211; hdmi 2.0 &#8211; macho a macho &#8211; 28 awg &#8211; diametro exterior: 7.5mm &#8211; cubierta del cable: tpe &#8211; blindaje: lamina de al-mylar con trenzado de cobre &#8211; caracteristicas: arc, deep color, hdcp 2.2, cec, colorimetr\u00eda bt.2020<\/td>\n<\/tr>\n<\/table>\n","protected":false},"excerpt":{"rendered":"<p>Conecte dispositivos compatibles con hdmi 4k a una distancia de hasta 7 m sin perdida de se\u00f1al<\/p>\n","protected":false},"featured_media":258999,"comment_status":"open","ping_status":"open","template":"","meta":[],"product_cat":[1550,1549],"product_tag":[1590],"acf":[],"yoast_head":"<!-- This site is optimized with the Yoast SEO plugin v21.7 - https:\/\/yoast.com\/wordpress\/plugins\/seo\/ -->\n<title>[ Startech.com ] &#129351; Rh2a-7m-hdmi-cable Cable De 7m Hdmi Activo - Hdmi 2.0 4k 60hz Uhd - Cable De Servicio Pesado - Resistente<\/title>\n<meta name=\"description\" content=\"Compra Rh2a-7m-hdmi-cable Cable De 7m Hdmi Activo - Hdmi 2.0 4k 60hz Uhd - Cable De Servicio Pesado - Resistente + Env\u00edo a domicilio + Pago seguro + Garant\u00eda\" \/>\n<meta name=\"robots\" content=\"index, follow, max-snippet:-1, max-image-preview:large, max-video-preview:-1\" \/>\n<link rel=\"canonical\" href=\"https:\/\/compuviper.mx\/tienda\/producto\/startech-com-rh2a-7m-hdmi-cable-cable-de-7m-hdmi-activo-hdmi-2-0-4k-60hz-uhd-cable-de-servicio-pesado-resistente\/\" \/>\n<meta property=\"og:locale\" content=\"es_MX\" \/>\n<meta property=\"og:type\" content=\"article\" \/>\n<meta property=\"og:title\" content=\"[ Startech.com ] &#129351; Rh2a-7m-hdmi-cable Cable De 7m Hdmi Activo - Hdmi 2.0 4k 60hz Uhd - Cable De Servicio Pesado - Resistente\" \/>\n<meta property=\"og:description\" content=\"Compra Rh2a-7m-hdmi-cable Cable De 7m Hdmi Activo - Hdmi 2.0 4k 60hz Uhd - Cable De Servicio Pesado - Resistente + Env\u00edo a domicilio + Pago seguro + Garant\u00eda\" \/>\n<meta property=\"og:url\" content=\"https:\/\/compuviper.mx\/tienda\/producto\/startech-com-rh2a-7m-hdmi-cable-cable-de-7m-hdmi-activo-hdmi-2-0-4k-60hz-uhd-cable-de-servicio-pesado-resistente\/\" \/>\n<meta property=\"og:site_name\" content=\"Compuviper\" \/>\n<meta property=\"article:publisher\" content=\"https:\/\/www.facebook.com\/compuviper\" \/>\n<meta property=\"og:image\" content=\"https:\/\/compuviper.mx\/tienda\/wp-content\/uploads\/2025\/10\/Cable-de-7m-hdmi-activo-hdmi-2.0-4k-60hz-uhd-cable-de-servicio-pesado-resistente.jpg\" \/>\n\t<meta property=\"og:image:width\" content=\"200\" \/>\n\t<meta property=\"og:image:height\" content=\"200\" \/>\n\t<meta property=\"og:image:type\" content=\"image\/jpeg\" \/>\n<meta name=\"twitter:card\" content=\"summary_large_image\" \/>\n<meta name=\"twitter:label1\" content=\"Precio\" \/>\n\t<meta name=\"twitter:data1\" content=\"&#36;1,745 con IVA\" \/>\n\t<meta name=\"twitter:label2\" content=\"Availability\" \/>\n\t<meta name=\"twitter:data2\" content=\"In stock\" \/>\n<script type=\"application\/ld+json\" class=\"yoast-schema-graph\">{\"@context\":\"https:\/\/schema.org\",\"@graph\":[{\"@type\":\"WebPage\",\"@id\":\"https:\/\/compuviper.mx\/tienda\/producto\/startech-com-rh2a-7m-hdmi-cable-cable-de-7m-hdmi-activo-hdmi-2-0-4k-60hz-uhd-cable-de-servicio-pesado-resistente\/\",\"url\":\"https:\/\/compuviper.mx\/tienda\/producto\/startech-com-rh2a-7m-hdmi-cable-cable-de-7m-hdmi-activo-hdmi-2-0-4k-60hz-uhd-cable-de-servicio-pesado-resistente\/\",\"name\":\"[ Startech.com ] &#129351; Rh2a-7m-hdmi-cable Cable De 7m Hdmi Activo - Hdmi 2.0 4k 60hz Uhd - Cable De Servicio Pesado - Resistente\",\"isPartOf\":{\"@id\":\"https:\/\/compuviper.mx\/tienda\/#website\"},\"datePublished\":\"2026-04-18T05:50:17+00:00\",\"dateModified\":\"2026-04-18T05:50:17+00:00\",\"description\":\"Compra Rh2a-7m-hdmi-cable Cable De 7m Hdmi Activo - Hdmi 2.0 4k 60hz Uhd - Cable De Servicio Pesado - Resistente + Env\u00edo a domicilio + Pago seguro + Garant\u00eda\",\"breadcrumb\":{\"@id\":\"https:\/\/compuviper.mx\/tienda\/producto\/startech-com-rh2a-7m-hdmi-cable-cable-de-7m-hdmi-activo-hdmi-2-0-4k-60hz-uhd-cable-de-servicio-pesado-resistente\/#breadcrumb\"},\"inLanguage\":\"es-MX\",\"potentialAction\":[{\"@type\":\"ReadAction\",\"target\":[\"https:\/\/compuviper.mx\/tienda\/producto\/startech-com-rh2a-7m-hdmi-cable-cable-de-7m-hdmi-activo-hdmi-2-0-4k-60hz-uhd-cable-de-servicio-pesado-resistente\/\"]}]},{\"@type\":\"BreadcrumbList\",\"@id\":\"https:\/\/compuviper.mx\/tienda\/producto\/startech-com-rh2a-7m-hdmi-cable-cable-de-7m-hdmi-activo-hdmi-2-0-4k-60hz-uhd-cable-de-servicio-pesado-resistente\/#breadcrumb\",\"itemListElement\":[{\"@type\":\"ListItem\",\"position\":1,\"name\":\"Inicio\",\"item\":\"https:\/\/compuviper.mx\/tienda\/\"},{\"@type\":\"ListItem\",\"position\":2,\"name\":\"Productos\",\"item\":\"https:\/\/compuviper.mx\/tienda\/productos\/\"},{\"@type\":\"ListItem\",\"position\":3,\"name\":\"Cables\",\"item\":\"https:\/\/compuviper.mx\/tienda\/categoria-producto\/cables\/\"},{\"@type\":\"ListItem\",\"position\":4,\"name\":\"Cable De Video\",\"item\":\"https:\/\/compuviper.mx\/tienda\/categoria-producto\/cables\/cable-de-video\/\"},{\"@type\":\"ListItem\",\"position\":5,\"name\":\"Startech.com Rh2a-7m-hdmi-cable Cable De 7m Hdmi Activo &#8211; Hdmi 2.0 4k 60hz Uhd &#8211; Cable De Servicio Pesado &#8211; Resistente\"}]},{\"@type\":\"WebSite\",\"@id\":\"https:\/\/compuviper.mx\/tienda\/#website\",\"url\":\"https:\/\/compuviper.mx\/tienda\/\",\"name\":\"Compuviper\",\"description\":\"Proveedor de Computadoras, Laptops, Servidores, Monitores, Puntos de Venta, Teclados,   Impresoras, T\u00f3ner, C\u00e1maras de Seguridad y m\u00e1s en tu tienda en l\u00ednea\",\"publisher\":{\"@id\":\"https:\/\/compuviper.mx\/tienda\/#organization\"},\"potentialAction\":[{\"@type\":\"SearchAction\",\"target\":{\"@type\":\"EntryPoint\",\"urlTemplate\":\"https:\/\/compuviper.mx\/tienda\/?s={search_term_string}\"},\"query-input\":\"required name=search_term_string\"}],\"inLanguage\":\"es-MX\"},{\"@type\":\"Organization\",\"@id\":\"https:\/\/compuviper.mx\/tienda\/#organization\",\"name\":\"Compuviper\",\"url\":\"https:\/\/compuviper.mx\/tienda\/\",\"logo\":{\"@type\":\"ImageObject\",\"inLanguage\":\"es-MX\",\"@id\":\"https:\/\/compuviper.mx\/tienda\/#\/schema\/logo\/image\/\",\"url\":\"https:\/\/compuviper.mx\/tienda\/wp-content\/uploads\/2021\/08\/Logo-Compuviper-10.png\",\"contentUrl\":\"https:\/\/compuviper.mx\/tienda\/wp-content\/uploads\/2021\/08\/Logo-Compuviper-10.png\",\"width\":1000,\"height\":500,\"caption\":\"Compuviper\"},\"image\":{\"@id\":\"https:\/\/compuviper.mx\/tienda\/#\/schema\/logo\/image\/\"},\"sameAs\":[\"https:\/\/www.facebook.com\/compuviper\",\"https:\/\/www.youtube.com\/channel\/UCf73dERp9Y3cfOq7q8BhLjA?view_as=subscriber\"]}]}<\/script>\n<meta property=\"product:brand\" content=\"STARTECH.COM\" \/>\n<meta property=\"product:price:amount\" content=\"1745\" \/>\n<meta property=\"product:price:currency\" content=\"MXN\" \/>\n<meta property=\"og:availability\" content=\"instock\" \/>\n<meta property=\"product:availability\" content=\"instock\" \/>\n<meta property=\"product:retailer_item_id\" content=\"RH2A-7M-HDMI-CABLE\" \/>\n<meta property=\"product:condition\" content=\"new\" \/>\n<!-- \/ Yoast SEO plugin. -->","yoast_head_json":{"title":"[ Startech.com ] &#129351; Rh2a-7m-hdmi-cable Cable De 7m Hdmi Activo - Hdmi 2.0 4k 60hz Uhd - Cable De Servicio Pesado - Resistente","description":"Compra Rh2a-7m-hdmi-cable Cable De 7m Hdmi Activo - Hdmi 2.0 4k 60hz Uhd - Cable De Servicio Pesado - Resistente + Env\u00edo a domicilio + Pago seguro + Garant\u00eda","robots":{"index":"index","follow":"follow","max-snippet":"max-snippet:-1","max-image-preview":"max-image-preview:large","max-video-preview":"max-video-preview:-1"},"canonical":"https:\/\/compuviper.mx\/tienda\/producto\/startech-com-rh2a-7m-hdmi-cable-cable-de-7m-hdmi-activo-hdmi-2-0-4k-60hz-uhd-cable-de-servicio-pesado-resistente\/","og_locale":"es_MX","og_type":"article","og_title":"[ Startech.com ] &#129351; Rh2a-7m-hdmi-cable Cable De 7m Hdmi Activo - Hdmi 2.0 4k 60hz Uhd - Cable De Servicio Pesado - Resistente","og_description":"Compra Rh2a-7m-hdmi-cable Cable De 7m Hdmi Activo - Hdmi 2.0 4k 60hz Uhd - Cable De Servicio Pesado - Resistente + Env\u00edo a domicilio + Pago seguro + Garant\u00eda","og_url":"https:\/\/compuviper.mx\/tienda\/producto\/startech-com-rh2a-7m-hdmi-cable-cable-de-7m-hdmi-activo-hdmi-2-0-4k-60hz-uhd-cable-de-servicio-pesado-resistente\/","og_site_name":"Compuviper","article_publisher":"https:\/\/www.facebook.com\/compuviper","og_image":[{"width":200,"height":200,"url":"https:\/\/compuviper.mx\/tienda\/wp-content\/uploads\/2025\/10\/Cable-de-7m-hdmi-activo-hdmi-2.0-4k-60hz-uhd-cable-de-servicio-pesado-resistente.jpg","type":"image\/jpeg"}],"twitter_card":"summary_large_image","twitter_misc":{"Precio":"&#36;1,745 con IVA","Availability":"In stock"},"schema":{"@context":"https:\/\/schema.org","@graph":[{"@type":"WebPage","@id":"https:\/\/compuviper.mx\/tienda\/producto\/startech-com-rh2a-7m-hdmi-cable-cable-de-7m-hdmi-activo-hdmi-2-0-4k-60hz-uhd-cable-de-servicio-pesado-resistente\/","url":"https:\/\/compuviper.mx\/tienda\/producto\/startech-com-rh2a-7m-hdmi-cable-cable-de-7m-hdmi-activo-hdmi-2-0-4k-60hz-uhd-cable-de-servicio-pesado-resistente\/","name":"[ Startech.com ] &#129351; Rh2a-7m-hdmi-cable Cable De 7m Hdmi Activo - Hdmi 2.0 4k 60hz Uhd - Cable De Servicio Pesado - Resistente","isPartOf":{"@id":"https:\/\/compuviper.mx\/tienda\/#website"},"datePublished":"2026-04-18T05:50:17+00:00","dateModified":"2026-04-18T05:50:17+00:00","description":"Compra Rh2a-7m-hdmi-cable Cable De 7m Hdmi Activo - Hdmi 2.0 4k 60hz Uhd - Cable De Servicio Pesado - Resistente + Env\u00edo a domicilio + Pago seguro + Garant\u00eda","breadcrumb":{"@id":"https:\/\/compuviper.mx\/tienda\/producto\/startech-com-rh2a-7m-hdmi-cable-cable-de-7m-hdmi-activo-hdmi-2-0-4k-60hz-uhd-cable-de-servicio-pesado-resistente\/#breadcrumb"},"inLanguage":"es-MX","potentialAction":[{"@type":"ReadAction","target":["https:\/\/compuviper.mx\/tienda\/producto\/startech-com-rh2a-7m-hdmi-cable-cable-de-7m-hdmi-activo-hdmi-2-0-4k-60hz-uhd-cable-de-servicio-pesado-resistente\/"]}]},{"@type":"BreadcrumbList","@id":"https:\/\/compuviper.mx\/tienda\/producto\/startech-com-rh2a-7m-hdmi-cable-cable-de-7m-hdmi-activo-hdmi-2-0-4k-60hz-uhd-cable-de-servicio-pesado-resistente\/#breadcrumb","itemListElement":[{"@type":"ListItem","position":1,"name":"Inicio","item":"https:\/\/compuviper.mx\/tienda\/"},{"@type":"ListItem","position":2,"name":"Productos","item":"https:\/\/compuviper.mx\/tienda\/productos\/"},{"@type":"ListItem","position":3,"name":"Cables","item":"https:\/\/compuviper.mx\/tienda\/categoria-producto\/cables\/"},{"@type":"ListItem","position":4,"name":"Cable De Video","item":"https:\/\/compuviper.mx\/tienda\/categoria-producto\/cables\/cable-de-video\/"},{"@type":"ListItem","position":5,"name":"Startech.com Rh2a-7m-hdmi-cable Cable De 7m Hdmi Activo &#8211; Hdmi 2.0 4k 60hz Uhd &#8211; Cable De Servicio Pesado &#8211; Resistente"}]},{"@type":"WebSite","@id":"https:\/\/compuviper.mx\/tienda\/#website","url":"https:\/\/compuviper.mx\/tienda\/","name":"Compuviper","description":"Proveedor de Computadoras, Laptops, Servidores, Monitores, Puntos de Venta, Teclados,   Impresoras, T\u00f3ner, C\u00e1maras de Seguridad y m\u00e1s en tu tienda en l\u00ednea","publisher":{"@id":"https:\/\/compuviper.mx\/tienda\/#organization"},"potentialAction":[{"@type":"SearchAction","target":{"@type":"EntryPoint","urlTemplate":"https:\/\/compuviper.mx\/tienda\/?s={search_term_string}"},"query-input":"required name=search_term_string"}],"inLanguage":"es-MX"},{"@type":"Organization","@id":"https:\/\/compuviper.mx\/tienda\/#organization","name":"Compuviper","url":"https:\/\/compuviper.mx\/tienda\/","logo":{"@type":"ImageObject","inLanguage":"es-MX","@id":"https:\/\/compuviper.mx\/tienda\/#\/schema\/logo\/image\/","url":"https:\/\/compuviper.mx\/tienda\/wp-content\/uploads\/2021\/08\/Logo-Compuviper-10.png","contentUrl":"https:\/\/compuviper.mx\/tienda\/wp-content\/uploads\/2021\/08\/Logo-Compuviper-10.png","width":1000,"height":500,"caption":"Compuviper"},"image":{"@id":"https:\/\/compuviper.mx\/tienda\/#\/schema\/logo\/image\/"},"sameAs":["https:\/\/www.facebook.com\/compuviper","https:\/\/www.youtube.com\/channel\/UCf73dERp9Y3cfOq7q8BhLjA?view_as=subscriber"]}]},"product_brand":"STARTECH.COM","product_price_amount":"1745","product_price_currency":"MXN","og_availability":"instock","product_availability":"instock","product_retailer_item_id":"RH2A-7M-HDMI-CABLE","product_condition":"new"},"_links":{"self":[{"href":"https:\/\/compuviper.mx\/tienda\/wp-json\/wp\/v2\/product\/246156"}],"collection":[{"href":"https:\/\/compuviper.mx\/tienda\/wp-json\/wp\/v2\/product"}],"about":[{"href":"https:\/\/compuviper.mx\/tienda\/wp-json\/wp\/v2\/types\/product"}],"replies":[{"embeddable":true,"href":"https:\/\/compuviper.mx\/tienda\/wp-json\/wp\/v2\/comments?post=246156"}],"wp:featuredmedia":[{"embeddable":true,"href":"https:\/\/compuviper.mx\/tienda\/wp-json\/wp\/v2\/media\/258999"}],"wp:attachment":[{"href":"https:\/\/compuviper.mx\/tienda\/wp-json\/wp\/v2\/media?parent=246156"}],"wp:term":[{"taxonomy":"product_cat","embeddable":true,"href":"https:\/\/compuviper.mx\/tienda\/wp-json\/wp\/v2\/product_cat?post=246156"},{"taxonomy":"product_tag","embeddable":true,"href":"https:\/\/compuviper.mx\/tienda\/wp-json\/wp\/v2\/product_tag?post=246156"}],"curies":[{"name":"wp","href":"https:\/\/api.w.org\/{rel}","templated":true}]}}