{"id":246134,"date":"2026-04-17T01:13:54","date_gmt":"2026-04-17T07:13:54","guid":{"rendered":"https:\/\/compuviper.mx\/tienda\/producto\/apple-mx2e3e-a-macbook-pro-14-pulgadas-chip-m4-pro-de-con-12cpu-y-16gpu-24gb-512gb-ssd-3-puertos-thunderbolt-5-hdmi-ad-usb-c-70w-magic-keyboard-con-touch-id-plata\/"},"modified":"2026-04-17T01:13:55","modified_gmt":"2026-04-17T07:13:55","slug":"apple-mx2e3e-a-macbook-pro-14-pulgadas-chip-m4-pro-de-con-12cpu-y-16gpu-24gb-512gb-ssd-3-puertos-thunderbolt-5-hdmi-ad-usb-c-70w-magic-keyboard-con-touch-id-plata","status":"publish","type":"product","link":"https:\/\/compuviper.mx\/tienda\/producto\/apple-mx2e3e-a-macbook-pro-14-pulgadas-chip-m4-pro-de-con-12cpu-y-16gpu-24gb-512gb-ssd-3-puertos-thunderbolt-5-hdmi-ad-usb-c-70w-magic-keyboard-con-touch-id-plata\/","title":{"rendered":"Apple Mx2e3e\/a Macbook Pro 14 Pulgadas\/chip M4 Pro  De  Con 12cpu Y 16gpu\/24gb\/512gb Ssd\/3 Puertos Thunderbolt 5\/hdmi\/ad Usb-c 70w\/magic Keyboard Con Touch Id\/plata"},"content":{"rendered":"<table class=\"descripcion\">\n<tr>\n<td>Chip m4 pro<\/td>\n<\/tr>\n<tr>\n<td>De apple<\/td>\n<\/tr>\n<tr>\n<td>\u0095 cpu de 12 n\u00facleos con 8 n\u00facleos de rendimiento y 4 de eficiencia<\/td>\n<\/tr>\n<tr>\n<td>\u0095 gpu de 16 n\u00facleos<\/td>\n<\/tr>\n<tr>\n<td>\u0095 trazado de rayos acelerado por hardware<\/td>\n<\/tr>\n<tr>\n<td>\u0095 neural engine de 16 n\u00facleos<\/td>\n<\/tr>\n<tr>\n<td>\u0095 273 gb\/s de ancho de banda de memoria<\/td>\n<\/tr>\n<tr>\n<td>Motor multimedia<\/td>\n<\/tr>\n<tr>\n<td>\u0095 h.264, hevc, prores y prores raw con aceleraci\u00f3n por hardware<\/td>\n<\/tr>\n<tr>\n<td>\u0095 motor de decodificaci\u00f3n de video<\/td>\n<\/tr>\n<tr>\n<td>\u0095 motor de codificaci\u00f3n de video<\/td>\n<\/tr>\n<tr>\n<td>\u0095 motor de codificaci\u00f3n y decodificaci\u00f3n prores<\/td>\n<\/tr>\n<tr>\n<td>\u0095 decodificaci\u00f3n av1<\/td>\n<\/tr>\n<tr>\n<td>Apple intelligence<\/td>\n<\/tr>\n<tr>\n<td>Apple intelligence es un sistema de inteligencia personal que te ayuda a escribir, expresarte y hacer de todo con mucha facilidad. y las avanzadas protecciones de privacidad te brindan la tranquilidad de saber que nadie m\u00e1s podr\u00e1 acceder a tus datos. ni siquiera apple.<\/td>\n<\/tr>\n<tr>\n<td>Pantalla liquid retina xdr<\/td>\n<\/tr>\n<tr>\n<td>\u0095 pantalla liquid retina xdr de 14.2 pulgadas (diagonal); resoluci\u00f3n nativa de 3024 x 1964 a 254 pixeles por pulgada<\/td>\n<\/tr>\n<tr>\n<td>Xdr (rango din\u00e1mico extremo)<\/td>\n<\/tr>\n<tr>\n<td>\u0095 relaci\u00f3n de contraste 1,000,000:1<\/td>\n<\/tr>\n<tr>\n<td>\u0095 brillo xdr constante de 1,000 nits en toda la pantalla y pico de brillo de 1,600 nits3(s\u00f3lo contenido hdr)<\/td>\n<\/tr>\n<tr>\n<td>\u0095 brillo sdr de hasta 1,000 nits en exteriores<\/td>\n<\/tr>\n<tr>\n<td>Colores<\/td>\n<\/tr>\n<tr>\n<td>\u0095 1,000 millones de colores<\/td>\n<\/tr>\n<tr>\n<td>\u0095 amplia gama de colores (p3)<\/td>\n<\/tr>\n<tr>\n<td>\u0095 tecnolog\u00eda true tone<\/td>\n<\/tr>\n<tr>\n<td>Frecuencias de actualizaci\u00f3n<\/td>\n<\/tr>\n<tr>\n<td>\u0095 tecnolog\u00eda promotion con frecuencias de actualizaci\u00f3n adaptativas de hasta 120 hz<\/td>\n<\/tr>\n<tr>\n<td>\u0095 frecuencias de actualizaci\u00f3n fijas: 47.95 hz, 48 hz, 50 hz, 59.94 hz, 60 hz<\/td>\n<\/tr>\n<tr>\n<td>Memoria<\/td>\n<\/tr>\n<tr>\n<td>24 gb de memoria unificada<\/td>\n<\/tr>\n<tr>\n<td>Bater\u00eda y energ\u00eda<\/td>\n<\/tr>\n<tr>\n<td>Chip m4 pro<\/td>\n<\/tr>\n<tr>\n<td>\u0095 hasta 22 horas de reproducci\u00f3n de video en streaming<\/td>\n<\/tr>\n<tr>\n<td>\u0095 hasta 14 horas de navegaci\u00f3n web inal\u00e1mbrica<\/td>\n<\/tr>\n<tr>\n<td>\u0095 bater\u00eda de pol\u00edmero de litio de 72.4 wh<\/td>\n<\/tr>\n<tr>\n<td>\u0095 adaptador de corriente usb-c de 70 w (incluido en el modelo con chip m4 pro con cpu de 12 n\u00facleos)<\/td>\n<\/tr>\n<tr>\n<td>\u0095 adaptador de corriente usb-c de 96 w (incluido en el modelo con chip m4 pro con cpu de 14 n\u00facleos, opcional en el modelo con chip m4 pro con cpu de 12 n\u00facleos)<\/td>\n<\/tr>\n<tr>\n<td>\u0095 cable de usb-c a magsafe 3<\/td>\n<\/tr>\n<tr>\n<td>\u0095 carga r\u00e1pida con el adaptador de corriente usb-c de 96 w<\/td>\n<\/tr>\n<tr>\n<td>Almacenamiento<\/td>\n<\/tr>\n<tr>\n<td>Ssd de 512 gb<\/td>\n<\/tr>\n<tr>\n<td>Carga y expansi\u00f3n<\/td>\n<\/tr>\n<tr>\n<td>Ranura para tarjeta sdxc<\/td>\n<\/tr>\n<tr>\n<td>Puerto hdmi<\/td>\n<\/tr>\n<tr>\n<td>Entrada de 3.5 mm para aud\u00edfonos<\/td>\n<\/tr>\n<tr>\n<td>Puerto magsafe 3<\/td>\n<\/tr>\n<tr>\n<td>Chips m4 pro y m4 max<\/td>\n<\/tr>\n<tr>\n<td>\u0095 tres puertos thunderbolt 5 (usb-c) compatibles con:<\/td>\n<\/tr>\n<tr>\n<td>\u0095 carga<\/td>\n<\/tr>\n<tr>\n<td>\u0095 displayport<\/td>\n<\/tr>\n<tr>\n<td>\u0095 thunderbolt 5 (hasta 120 gb\/s)<\/td>\n<\/tr>\n<tr>\n<td>\u0095 thunderbolt 4 (hasta 40 gb\/s)<\/td>\n<\/tr>\n<tr>\n<td>\u0095 usb 4 (hasta 40 gb\/s)<\/td>\n<\/tr>\n<tr>\n<td>Compatibilidad con monitores<\/td>\n<\/tr>\n<tr>\n<td>Chips m4 y m4 pro<\/td>\n<\/tr>\n<tr>\n<td>\u0095 es compatible simult\u00e1neamente con la resoluci\u00f3n nativa de la pantalla integrada en 1,000 millones de colores y:<\/td>\n<\/tr>\n<tr>\n<td>\u0095 hasta dos monitores externos con resoluci\u00f3n hasta 6k a 60 hz a trav\u00e9s de thunderbolt, o un monitor externo con resoluci\u00f3n hasta 6k a 60 hz a trav\u00e9s de thunderbolt y un monitor externo con resoluci\u00f3n hasta 4k a 144 hz a trav\u00e9s de hdmi<\/td>\n<\/tr>\n<tr>\n<td>\u0095 un monitor externo con resoluci\u00f3n 8k a 60 hz o un monitor externo con resoluci\u00f3n 4k a 240 hz a trav\u00e9s de hdmi<\/td>\n<\/tr>\n<tr>\n<td>Salida de video digital thunderbolt 4<\/td>\n<\/tr>\n<tr>\n<td>Compatible con salida displayport 1.4 nativa a trav\u00e9s de usb-c<\/td>\n<\/tr>\n<tr>\n<td>Salida de video digital thunderbolt 5<\/td>\n<\/tr>\n<tr>\n<td>Compatible con salida displayport 2.1 nativa a trav\u00e9s de usb-c<\/td>\n<\/tr>\n<tr>\n<td>Salida de video digital hdmi<\/td>\n<\/tr>\n<tr>\n<td>\u0095 admite un monitor con resoluci\u00f3n de hasta 8k a 60 hz o resoluci\u00f3n 4k a 240 hz<\/td>\n<\/tr>\n<tr>\n<td>Reproducci\u00f3n de video<\/td>\n<\/tr>\n<tr>\n<td>\u0095 los formatos compatibles incluyen hevc, h.264, av1 y prores<\/td>\n<\/tr>\n<tr>\n<td>\u0095 hdr con dolby vision, hdr10+\/hdr10 y hlg<\/td>\n<\/tr>\n<tr>\n<td>Reproducci\u00f3n de audio<\/td>\n<\/tr>\n<tr>\n<td>Los formatos compatibles incluyen aac, mp3, apple lossless, flac, dolby digital, dolby digital plus y dolby atmos<\/td>\n<\/tr>\n<tr>\n<td>Teclado y trackpad<\/td>\n<\/tr>\n<tr>\n<td>Magic keyboard retroiluminado con:<\/td>\n<\/tr>\n<tr>\n<td>\u0095 78 (ee.uu.) o 79 (iso) teclas, incluidas 12 teclas de funci\u00f3n de altura est\u00e1ndar y 4 teclas de flecha en forma de \u0093t\u0094 invertida<\/td>\n<\/tr>\n<tr>\n<td>\u0095 touch id<\/td>\n<\/tr>\n<tr>\n<td>\u0095 sensor de luz ambiental<\/td>\n<\/tr>\n<tr>\n<td>\u0095 trackpad force touch con control preciso del cursor y sensibilidad a la presi\u00f3n. permite clics fuertes, aceleradores, trazos sensibles a la presi\u00f3n y gestos multi touch<\/td>\n<\/tr>\n<tr>\n<td>Conexi\u00f3n inal\u00e1mbrica<\/td>\n<\/tr>\n<tr>\n<td>Wi-fi<\/td>\n<\/tr>\n<tr>\n<td>\u0095 wi-fi 6e (802.11ax)<\/td>\n<\/tr>\n<tr>\n<td>Bluetooth<\/td>\n<\/tr>\n<tr>\n<td>\u0095 bluetooth 5.3<\/td>\n<\/tr>\n<tr>\n<td>C\u00e1mara<\/td>\n<\/tr>\n<tr>\n<td>\u0095 c\u00e1mara 12mp center stage compatible con vista del escritorio<\/td>\n<\/tr>\n<tr>\n<td>\u0095 grabaci\u00f3n de video hd de 1080p<\/td>\n<\/tr>\n<tr>\n<td>\u0095 procesador de se\u00f1al de imagen avanzado con video computacional<\/td>\n<\/tr>\n<tr>\n<td>Audio<\/td>\n<\/tr>\n<tr>\n<td>\u0095 sistema de sonido de seis bocinas de alta fidelidad con woofers con cancelaci\u00f3n de fuerza<\/td>\n<\/tr>\n<tr>\n<td>\u0095 amplio sonido est\u00e9reo<\/td>\n<\/tr>\n<tr>\n<td>\u0095 compatible con audio espacial al reproducir m\u00fasica o video con dolby atmos en las bocinas integradas<\/td>\n<\/tr>\n<tr>\n<td>\u0095 audio espacial con seguimiento din\u00e1mico de la cabeza al usar los airpods (3.\u00aa generaci\u00f3n), airpods 4, airpods pro, airpods pro 2 y airpods max<\/td>\n<\/tr>\n<tr>\n<td>\u0095 entrada de 3.5 mm para aud\u00edfonos con compatibilidad avanzada para aud\u00edfonos de alta impedancia<\/td>\n<\/tr>\n<tr>\n<td>\u0095 puerto hdmi compatible con salida de audio multicanal<\/td>\n<\/tr>\n<tr>\n<td>Tama\u00f1o y peso<\/td>\n<\/tr>\n<tr>\n<td>\u0095 grosor: 1.55 cm<\/td>\n<\/tr>\n<tr>\n<td>\u0095 ancho: 31.26 cm<\/td>\n<\/tr>\n<tr>\n<td>\u0095 profundidad: 22.12 cm<\/td>\n<\/tr>\n<tr>\n<td>\u0095 peso (chip m4): 1.55 kg<\/td>\n<\/tr>\n<tr>\n<td>\u0095 peso (chip m4 pro): 1.60 kg<\/td>\n<\/tr>\n<tr>\n<td>\u0095 peso (chip m4 max): 1.62 kg<\/td>\n<\/tr>\n<tr>\n<td>Sistema operativo<\/td>\n<\/tr>\n<tr>\n<td>Macos<\/td>\n<\/tr>\n<tr>\n<td>Macos es el sistema operativo para computadoras de escritorio m\u00e1s avanzado del mundo. y macos sequoia ofrece nuevas formas de potenciar tu productividad y creatividad con importantes actualizaciones en safari, duplicaci\u00f3n del iphone, ventanas en mosaico y compatibilidad con apple intelligence.<\/td>\n<\/tr>\n<tr>\n<td>Accesibilidad<\/td>\n<\/tr>\n<tr>\n<td>Las funcionalidades de accesibilidad ayudan a las personas con alguna discapacidad a aprovechar al m\u00e1ximo su nueva macbook pro. gracias al soporte integrado para visi\u00f3n, audici\u00f3n, motricidad y aprendizaje, crear y hacer cosas asombrosas est\u00e1 al alcance de todos.<\/td>\n<\/tr>\n<tr>\n<td>Funcionalidades incluidas:<\/td>\n<\/tr>\n<tr>\n<td>\u0095 control por voz<\/td>\n<\/tr>\n<tr>\n<td>\u0095 voiceover<\/td>\n<\/tr>\n<tr>\n<td>\u0095 zoom<\/td>\n<\/tr>\n<tr>\n<td>\u0095 aumentar contraste<\/td>\n<\/tr>\n<tr>\n<td>\u0095 reducir movimiento<\/td>\n<\/tr>\n<tr>\n<td>\u0095 siri y dictado<\/td>\n<\/tr>\n<tr>\n<td>\u0095 control por bot\u00f3n<\/td>\n<\/tr>\n<tr>\n<td>\u0095 subt\u00edtulos opcionales<\/td>\n<\/tr>\n<tr>\n<td>\u0095 texto a voz<\/td>\n<\/tr>\n<tr>\n<td>En la caja<\/td>\n<\/tr>\n<tr>\n<td>\u0095 macbook pro de 14 pulgadas<\/td>\n<\/tr>\n<tr>\n<td>\u0095 adaptador de corriente usb-c de 70 w (chip m4 o m4 pro con cpu de 12 n\u00facleos) o adaptador de corriente usb-c de 96 w (chips m4 pro con cpu de 14 n\u00facleos y m4 max)<\/td>\n<\/tr>\n<tr>\n<td>\u0095 cable de usb-c a magsafe 3 (2 m)<\/td>\n<\/tr>\n<\/table>\n","protected":false},"excerpt":{"rendered":"<p>Macbook pro. Dise\u00f1ada para apple intelligence. Los chips m4, m4 pro y m4 max convierten la macbook pro en una verdadera superpotencia. Con el descomunal rendimiento monohilo y multihilo del cpu, una memoria unificada m\u00e1s r\u00e1pida y aceleradores de aprendizaje mejorados, la l\u00ednea de chips m4 ofrece una velocidad y un desempe\u00f1o casi imposibles. Y el neural engine usa toda su potencia para acelerar a fondo las tareas de inteligencia artificial como la optimizaci\u00f3n de im\u00e1genes y la creaci\u00f3n de subt\u00edtulos.<\/p>\n","protected":false},"featured_media":260254,"comment_status":"open","ping_status":"open","template":"","meta":[],"product_cat":[1886,1887],"product_tag":[1585],"acf":[],"yoast_head":"<!-- This site is optimized with the Yoast SEO plugin v21.7 - https:\/\/yoast.com\/wordpress\/plugins\/seo\/ -->\n<title>[ Apple ] &#129351; Mx2e3e\/a Macbook Pro 14 Pulgadas\/chip M4 Pro De Con 12cpu Y 16gpu\/24gb\/512gb Ssd\/3 Puertos Thunderbolt 5\/hdmi\/ad Usb-c 70w\/magic Keyboard Con Touch Id\/plata<\/title>\n<meta name=\"description\" content=\"Compra Mx2e3e\/a Macbook Pro 14 Pulgadas\/chip M4 Pro De Con 12cpu Y 16gpu\/24gb\/512gb Ssd\/3 Puertos Thunderbolt 5\/hdmi\/ad Usb-c 70w\/magic Keyboard Con Touch Id\/plata + Env\u00edo a domicilio + Pago seguro + Garant\u00eda\" \/>\n<meta name=\"robots\" content=\"index, follow, max-snippet:-1, max-image-preview:large, max-video-preview:-1\" \/>\n<link rel=\"canonical\" href=\"https:\/\/compuviper.mx\/tienda\/producto\/apple-mx2e3e-a-macbook-pro-14-pulgadas-chip-m4-pro-de-con-12cpu-y-16gpu-24gb-512gb-ssd-3-puertos-thunderbolt-5-hdmi-ad-usb-c-70w-magic-keyboard-con-touch-id-plata\/\" \/>\n<meta property=\"og:locale\" content=\"es_MX\" \/>\n<meta property=\"og:type\" content=\"article\" \/>\n<meta property=\"og:title\" content=\"[ Apple ] &#129351; Mx2e3e\/a Macbook Pro 14 Pulgadas\/chip M4 Pro De Con 12cpu Y 16gpu\/24gb\/512gb Ssd\/3 Puertos Thunderbolt 5\/hdmi\/ad Usb-c 70w\/magic Keyboard Con Touch Id\/plata\" \/>\n<meta property=\"og:description\" content=\"Compra Mx2e3e\/a Macbook Pro 14 Pulgadas\/chip M4 Pro De Con 12cpu Y 16gpu\/24gb\/512gb Ssd\/3 Puertos Thunderbolt 5\/hdmi\/ad Usb-c 70w\/magic Keyboard Con Touch Id\/plata + Env\u00edo a domicilio + Pago seguro + Garant\u00eda\" \/>\n<meta property=\"og:url\" content=\"https:\/\/compuviper.mx\/tienda\/producto\/apple-mx2e3e-a-macbook-pro-14-pulgadas-chip-m4-pro-de-con-12cpu-y-16gpu-24gb-512gb-ssd-3-puertos-thunderbolt-5-hdmi-ad-usb-c-70w-magic-keyboard-con-touch-id-plata\/\" \/>\n<meta property=\"og:site_name\" content=\"Compuviper\" \/>\n<meta property=\"article:publisher\" content=\"https:\/\/www.facebook.com\/compuviper\" \/>\n<meta property=\"article:modified_time\" content=\"2026-04-17T07:13:55+00:00\" \/>\n<meta property=\"og:image\" content=\"https:\/\/compuviper.mx\/tienda\/wp-content\/uploads\/2025\/10\/Macbook-pro-14-pulgadaschip-m4-pro-de-apple-con-12cpu-y-16gpu24gb512gb-ssd3-puertos-thunderbolt-5hdmiad-usb-c-70wmagic-keyboard-con-touch-idplata.jpg\" \/>\n\t<meta property=\"og:image:width\" content=\"200\" \/>\n\t<meta property=\"og:image:height\" content=\"200\" \/>\n\t<meta property=\"og:image:type\" content=\"image\/jpeg\" \/>\n<meta name=\"twitter:card\" content=\"summary_large_image\" \/>\n<meta name=\"twitter:label1\" content=\"Precio\" \/>\n\t<meta name=\"twitter:data1\" content=\"&#36;41,009 con IVA\" \/>\n\t<meta name=\"twitter:label2\" content=\"Availability\" \/>\n\t<meta name=\"twitter:data2\" content=\"Out of stock\" \/>\n<script type=\"application\/ld+json\" class=\"yoast-schema-graph\">{\"@context\":\"https:\/\/schema.org\",\"@graph\":[{\"@type\":\"WebPage\",\"@id\":\"https:\/\/compuviper.mx\/tienda\/producto\/apple-mx2e3e-a-macbook-pro-14-pulgadas-chip-m4-pro-de-con-12cpu-y-16gpu-24gb-512gb-ssd-3-puertos-thunderbolt-5-hdmi-ad-usb-c-70w-magic-keyboard-con-touch-id-plata\/\",\"url\":\"https:\/\/compuviper.mx\/tienda\/producto\/apple-mx2e3e-a-macbook-pro-14-pulgadas-chip-m4-pro-de-con-12cpu-y-16gpu-24gb-512gb-ssd-3-puertos-thunderbolt-5-hdmi-ad-usb-c-70w-magic-keyboard-con-touch-id-plata\/\",\"name\":\"[ Apple ] &#129351; Mx2e3e\/a Macbook Pro 14 Pulgadas\/chip M4 Pro De Con 12cpu Y 16gpu\/24gb\/512gb Ssd\/3 Puertos Thunderbolt 5\/hdmi\/ad Usb-c 70w\/magic Keyboard Con Touch Id\/plata\",\"isPartOf\":{\"@id\":\"https:\/\/compuviper.mx\/tienda\/#website\"},\"datePublished\":\"2026-04-17T07:13:54+00:00\",\"dateModified\":\"2026-04-17T07:13:55+00:00\",\"description\":\"Compra Mx2e3e\/a Macbook Pro 14 Pulgadas\/chip M4 Pro De Con 12cpu Y 16gpu\/24gb\/512gb Ssd\/3 Puertos Thunderbolt 5\/hdmi\/ad Usb-c 70w\/magic Keyboard Con Touch Id\/plata + Env\u00edo a domicilio + Pago seguro + Garant\u00eda\",\"breadcrumb\":{\"@id\":\"https:\/\/compuviper.mx\/tienda\/producto\/apple-mx2e3e-a-macbook-pro-14-pulgadas-chip-m4-pro-de-con-12cpu-y-16gpu-24gb-512gb-ssd-3-puertos-thunderbolt-5-hdmi-ad-usb-c-70w-magic-keyboard-con-touch-id-plata\/#breadcrumb\"},\"inLanguage\":\"es-MX\",\"potentialAction\":[{\"@type\":\"ReadAction\",\"target\":[\"https:\/\/compuviper.mx\/tienda\/producto\/apple-mx2e3e-a-macbook-pro-14-pulgadas-chip-m4-pro-de-con-12cpu-y-16gpu-24gb-512gb-ssd-3-puertos-thunderbolt-5-hdmi-ad-usb-c-70w-magic-keyboard-con-touch-id-plata\/\"]}]},{\"@type\":\"BreadcrumbList\",\"@id\":\"https:\/\/compuviper.mx\/tienda\/producto\/apple-mx2e3e-a-macbook-pro-14-pulgadas-chip-m4-pro-de-con-12cpu-y-16gpu-24gb-512gb-ssd-3-puertos-thunderbolt-5-hdmi-ad-usb-c-70w-magic-keyboard-con-touch-id-plata\/#breadcrumb\",\"itemListElement\":[{\"@type\":\"ListItem\",\"position\":1,\"name\":\"Inicio\",\"item\":\"https:\/\/compuviper.mx\/tienda\/\"},{\"@type\":\"ListItem\",\"position\":2,\"name\":\"Productos\",\"item\":\"https:\/\/compuviper.mx\/tienda\/productos\/\"},{\"@type\":\"ListItem\",\"position\":3,\"name\":\"Laptops\",\"item\":\"https:\/\/compuviper.mx\/tienda\/categoria-producto\/laptops\/\"},{\"@type\":\"ListItem\",\"position\":4,\"name\":\"Notebook\",\"item\":\"https:\/\/compuviper.mx\/tienda\/categoria-producto\/laptops\/notebook-laptops\/\"},{\"@type\":\"ListItem\",\"position\":5,\"name\":\"Apple Mx2e3e\/a Macbook Pro 14 Pulgadas\/chip M4 Pro De Con 12cpu Y 16gpu\/24gb\/512gb Ssd\/3 Puertos Thunderbolt 5\/hdmi\/ad Usb-c 70w\/magic Keyboard Con Touch Id\/plata\"}]},{\"@type\":\"WebSite\",\"@id\":\"https:\/\/compuviper.mx\/tienda\/#website\",\"url\":\"https:\/\/compuviper.mx\/tienda\/\",\"name\":\"Compuviper\",\"description\":\"Proveedor de Computadoras, Laptops, Servidores, Monitores, Puntos de Venta, Teclados,   Impresoras, T\u00f3ner, C\u00e1maras de Seguridad y m\u00e1s en tu tienda en l\u00ednea\",\"publisher\":{\"@id\":\"https:\/\/compuviper.mx\/tienda\/#organization\"},\"potentialAction\":[{\"@type\":\"SearchAction\",\"target\":{\"@type\":\"EntryPoint\",\"urlTemplate\":\"https:\/\/compuviper.mx\/tienda\/?s={search_term_string}\"},\"query-input\":\"required name=search_term_string\"}],\"inLanguage\":\"es-MX\"},{\"@type\":\"Organization\",\"@id\":\"https:\/\/compuviper.mx\/tienda\/#organization\",\"name\":\"Compuviper\",\"url\":\"https:\/\/compuviper.mx\/tienda\/\",\"logo\":{\"@type\":\"ImageObject\",\"inLanguage\":\"es-MX\",\"@id\":\"https:\/\/compuviper.mx\/tienda\/#\/schema\/logo\/image\/\",\"url\":\"https:\/\/compuviper.mx\/tienda\/wp-content\/uploads\/2021\/08\/Logo-Compuviper-10.png\",\"contentUrl\":\"https:\/\/compuviper.mx\/tienda\/wp-content\/uploads\/2021\/08\/Logo-Compuviper-10.png\",\"width\":1000,\"height\":500,\"caption\":\"Compuviper\"},\"image\":{\"@id\":\"https:\/\/compuviper.mx\/tienda\/#\/schema\/logo\/image\/\"},\"sameAs\":[\"https:\/\/www.facebook.com\/compuviper\",\"https:\/\/www.youtube.com\/channel\/UCf73dERp9Y3cfOq7q8BhLjA?view_as=subscriber\"]}]}<\/script>\n<meta property=\"product:brand\" content=\"APPLE\" \/>\n<meta property=\"product:price:amount\" content=\"41009\" \/>\n<meta property=\"product:price:currency\" content=\"MXN\" \/>\n<meta property=\"og:availability\" content=\"out of stock\" \/>\n<meta property=\"product:availability\" content=\"out of stock\" \/>\n<meta property=\"product:retailer_item_id\" content=\"MX2E3E\/A\" \/>\n<meta property=\"product:condition\" content=\"new\" \/>\n<!-- \/ Yoast SEO plugin. -->","yoast_head_json":{"title":"[ Apple ] &#129351; Mx2e3e\/a Macbook Pro 14 Pulgadas\/chip M4 Pro De Con 12cpu Y 16gpu\/24gb\/512gb Ssd\/3 Puertos Thunderbolt 5\/hdmi\/ad Usb-c 70w\/magic Keyboard Con Touch Id\/plata","description":"Compra Mx2e3e\/a Macbook Pro 14 Pulgadas\/chip M4 Pro De Con 12cpu Y 16gpu\/24gb\/512gb Ssd\/3 Puertos Thunderbolt 5\/hdmi\/ad Usb-c 70w\/magic Keyboard Con Touch Id\/plata + Env\u00edo a domicilio + Pago seguro + Garant\u00eda","robots":{"index":"index","follow":"follow","max-snippet":"max-snippet:-1","max-image-preview":"max-image-preview:large","max-video-preview":"max-video-preview:-1"},"canonical":"https:\/\/compuviper.mx\/tienda\/producto\/apple-mx2e3e-a-macbook-pro-14-pulgadas-chip-m4-pro-de-con-12cpu-y-16gpu-24gb-512gb-ssd-3-puertos-thunderbolt-5-hdmi-ad-usb-c-70w-magic-keyboard-con-touch-id-plata\/","og_locale":"es_MX","og_type":"article","og_title":"[ Apple ] &#129351; Mx2e3e\/a Macbook Pro 14 Pulgadas\/chip M4 Pro De Con 12cpu Y 16gpu\/24gb\/512gb Ssd\/3 Puertos Thunderbolt 5\/hdmi\/ad Usb-c 70w\/magic Keyboard Con Touch Id\/plata","og_description":"Compra Mx2e3e\/a Macbook Pro 14 Pulgadas\/chip M4 Pro De Con 12cpu Y 16gpu\/24gb\/512gb Ssd\/3 Puertos Thunderbolt 5\/hdmi\/ad Usb-c 70w\/magic Keyboard Con Touch Id\/plata + Env\u00edo a domicilio + Pago seguro + Garant\u00eda","og_url":"https:\/\/compuviper.mx\/tienda\/producto\/apple-mx2e3e-a-macbook-pro-14-pulgadas-chip-m4-pro-de-con-12cpu-y-16gpu-24gb-512gb-ssd-3-puertos-thunderbolt-5-hdmi-ad-usb-c-70w-magic-keyboard-con-touch-id-plata\/","og_site_name":"Compuviper","article_publisher":"https:\/\/www.facebook.com\/compuviper","article_modified_time":"2026-04-17T07:13:55+00:00","og_image":[{"width":200,"height":200,"url":"https:\/\/compuviper.mx\/tienda\/wp-content\/uploads\/2025\/10\/Macbook-pro-14-pulgadaschip-m4-pro-de-apple-con-12cpu-y-16gpu24gb512gb-ssd3-puertos-thunderbolt-5hdmiad-usb-c-70wmagic-keyboard-con-touch-idplata.jpg","type":"image\/jpeg"}],"twitter_card":"summary_large_image","twitter_misc":{"Precio":"&#36;41,009 con IVA","Availability":"Out of stock"},"schema":{"@context":"https:\/\/schema.org","@graph":[{"@type":"WebPage","@id":"https:\/\/compuviper.mx\/tienda\/producto\/apple-mx2e3e-a-macbook-pro-14-pulgadas-chip-m4-pro-de-con-12cpu-y-16gpu-24gb-512gb-ssd-3-puertos-thunderbolt-5-hdmi-ad-usb-c-70w-magic-keyboard-con-touch-id-plata\/","url":"https:\/\/compuviper.mx\/tienda\/producto\/apple-mx2e3e-a-macbook-pro-14-pulgadas-chip-m4-pro-de-con-12cpu-y-16gpu-24gb-512gb-ssd-3-puertos-thunderbolt-5-hdmi-ad-usb-c-70w-magic-keyboard-con-touch-id-plata\/","name":"[ Apple ] &#129351; Mx2e3e\/a Macbook Pro 14 Pulgadas\/chip M4 Pro De Con 12cpu Y 16gpu\/24gb\/512gb Ssd\/3 Puertos Thunderbolt 5\/hdmi\/ad Usb-c 70w\/magic Keyboard Con Touch Id\/plata","isPartOf":{"@id":"https:\/\/compuviper.mx\/tienda\/#website"},"datePublished":"2026-04-17T07:13:54+00:00","dateModified":"2026-04-17T07:13:55+00:00","description":"Compra Mx2e3e\/a Macbook Pro 14 Pulgadas\/chip M4 Pro De Con 12cpu Y 16gpu\/24gb\/512gb Ssd\/3 Puertos Thunderbolt 5\/hdmi\/ad Usb-c 70w\/magic Keyboard Con Touch Id\/plata + Env\u00edo a domicilio + Pago seguro + Garant\u00eda","breadcrumb":{"@id":"https:\/\/compuviper.mx\/tienda\/producto\/apple-mx2e3e-a-macbook-pro-14-pulgadas-chip-m4-pro-de-con-12cpu-y-16gpu-24gb-512gb-ssd-3-puertos-thunderbolt-5-hdmi-ad-usb-c-70w-magic-keyboard-con-touch-id-plata\/#breadcrumb"},"inLanguage":"es-MX","potentialAction":[{"@type":"ReadAction","target":["https:\/\/compuviper.mx\/tienda\/producto\/apple-mx2e3e-a-macbook-pro-14-pulgadas-chip-m4-pro-de-con-12cpu-y-16gpu-24gb-512gb-ssd-3-puertos-thunderbolt-5-hdmi-ad-usb-c-70w-magic-keyboard-con-touch-id-plata\/"]}]},{"@type":"BreadcrumbList","@id":"https:\/\/compuviper.mx\/tienda\/producto\/apple-mx2e3e-a-macbook-pro-14-pulgadas-chip-m4-pro-de-con-12cpu-y-16gpu-24gb-512gb-ssd-3-puertos-thunderbolt-5-hdmi-ad-usb-c-70w-magic-keyboard-con-touch-id-plata\/#breadcrumb","itemListElement":[{"@type":"ListItem","position":1,"name":"Inicio","item":"https:\/\/compuviper.mx\/tienda\/"},{"@type":"ListItem","position":2,"name":"Productos","item":"https:\/\/compuviper.mx\/tienda\/productos\/"},{"@type":"ListItem","position":3,"name":"Laptops","item":"https:\/\/compuviper.mx\/tienda\/categoria-producto\/laptops\/"},{"@type":"ListItem","position":4,"name":"Notebook","item":"https:\/\/compuviper.mx\/tienda\/categoria-producto\/laptops\/notebook-laptops\/"},{"@type":"ListItem","position":5,"name":"Apple Mx2e3e\/a Macbook Pro 14 Pulgadas\/chip M4 Pro De Con 12cpu Y 16gpu\/24gb\/512gb Ssd\/3 Puertos Thunderbolt 5\/hdmi\/ad Usb-c 70w\/magic Keyboard Con Touch Id\/plata"}]},{"@type":"WebSite","@id":"https:\/\/compuviper.mx\/tienda\/#website","url":"https:\/\/compuviper.mx\/tienda\/","name":"Compuviper","description":"Proveedor de Computadoras, Laptops, Servidores, Monitores, Puntos de Venta, Teclados,   Impresoras, T\u00f3ner, C\u00e1maras de Seguridad y m\u00e1s en tu tienda en l\u00ednea","publisher":{"@id":"https:\/\/compuviper.mx\/tienda\/#organization"},"potentialAction":[{"@type":"SearchAction","target":{"@type":"EntryPoint","urlTemplate":"https:\/\/compuviper.mx\/tienda\/?s={search_term_string}"},"query-input":"required name=search_term_string"}],"inLanguage":"es-MX"},{"@type":"Organization","@id":"https:\/\/compuviper.mx\/tienda\/#organization","name":"Compuviper","url":"https:\/\/compuviper.mx\/tienda\/","logo":{"@type":"ImageObject","inLanguage":"es-MX","@id":"https:\/\/compuviper.mx\/tienda\/#\/schema\/logo\/image\/","url":"https:\/\/compuviper.mx\/tienda\/wp-content\/uploads\/2021\/08\/Logo-Compuviper-10.png","contentUrl":"https:\/\/compuviper.mx\/tienda\/wp-content\/uploads\/2021\/08\/Logo-Compuviper-10.png","width":1000,"height":500,"caption":"Compuviper"},"image":{"@id":"https:\/\/compuviper.mx\/tienda\/#\/schema\/logo\/image\/"},"sameAs":["https:\/\/www.facebook.com\/compuviper","https:\/\/www.youtube.com\/channel\/UCf73dERp9Y3cfOq7q8BhLjA?view_as=subscriber"]}]},"product_brand":"APPLE","product_price_amount":"41009","product_price_currency":"MXN","og_availability":"out of stock","product_availability":"out of stock","product_retailer_item_id":"MX2E3E\/A","product_condition":"new"},"_links":{"self":[{"href":"https:\/\/compuviper.mx\/tienda\/wp-json\/wp\/v2\/product\/246134"}],"collection":[{"href":"https:\/\/compuviper.mx\/tienda\/wp-json\/wp\/v2\/product"}],"about":[{"href":"https:\/\/compuviper.mx\/tienda\/wp-json\/wp\/v2\/types\/product"}],"replies":[{"embeddable":true,"href":"https:\/\/compuviper.mx\/tienda\/wp-json\/wp\/v2\/comments?post=246134"}],"wp:featuredmedia":[{"embeddable":true,"href":"https:\/\/compuviper.mx\/tienda\/wp-json\/wp\/v2\/media\/260254"}],"wp:attachment":[{"href":"https:\/\/compuviper.mx\/tienda\/wp-json\/wp\/v2\/media?parent=246134"}],"wp:term":[{"taxonomy":"product_cat","embeddable":true,"href":"https:\/\/compuviper.mx\/tienda\/wp-json\/wp\/v2\/product_cat?post=246134"},{"taxonomy":"product_tag","embeddable":true,"href":"https:\/\/compuviper.mx\/tienda\/wp-json\/wp\/v2\/product_tag?post=246134"}],"curies":[{"name":"wp","href":"https:\/\/api.w.org\/{rel}","templated":true}]}}