{"id":246127,"date":"2026-04-25T00:44:24","date_gmt":"2026-04-25T06:44:24","guid":{"rendered":"https:\/\/compuviper.mx\/tienda\/producto\/sharp-display-dd-ea272u-monitor-led-sharp-27-ea272u-panel-ips-3840x2160-10001-169-400-cd-m2-hdmi-dvi-vga-usb-c-dp-hdcp-110-srgb-81-6-adobergb-78-ntsc\/"},"modified":"2026-04-25T00:44:24","modified_gmt":"2026-04-25T06:44:24","slug":"sharp-display-dd-ea272u-monitor-led-sharp-27-ea272u-panel-ips-3840x2160-10001-169-400-cd-m2-hdmi-dvi-vga-usb-c-dp-hdcp-110-srgb-81-6-adobergb-78-ntsc","status":"publish","type":"product","link":"https:\/\/compuviper.mx\/tienda\/producto\/sharp-display-dd-ea272u-monitor-led-sharp-27-ea272u-panel-ips-3840x2160-10001-169-400-cd-m2-hdmi-dvi-vga-usb-c-dp-hdcp-110-srgb-81-6-adobergb-78-ntsc\/","title":{"rendered":"Sharp Display Dd-ea272u Monitor Led Sharp 27 Ea272u Panel Ips 3840&#215;2160 10001 169 400 Cd\/m2 Hdmi Dvi Vga Usb-c Dp Hdcp 110 Srgb 81.6 Adobergb, 78 Ntsc"},"content":{"rendered":"<table class=\"descripcion\">\n<tr>\n<td>Display<\/td>\n<\/tr>\n<tr>\n<td>Tecnolog\u00eda del panel ips tft con retroiluminaci\u00f3n w-led<\/td>\n<\/tr>\n<tr>\n<td>Tama\u00f1o de pantalla [pulgadas\/cm] 27 \/ 68<\/td>\n<\/tr>\n<tr>\n<td>Ratio de aspecto de la pantalla 16:9<\/td>\n<\/tr>\n<tr>\n<td>Gamas de colores 110 % srgb; 81.6% adobergb, 78% ntsc<\/td>\n<\/tr>\n<tr>\n<td>Tama\u00f1o de p\u00edxel [mm] 0,155<\/td>\n<\/tr>\n<tr>\n<td>Brillo (t\u00edp.) [cd\/m\u00b2] 400<\/td>\n<\/tr>\n<tr>\n<td>Ratio de contraste (t\u00edp.) 1000:1 (12000:1 ratio de contraste din\u00e1mico)<\/td>\n<\/tr>\n<tr>\n<td>\u00e1ngulo de visi\u00f3n [\u00b0] 178 horizontal \/ 178 vertical (t\u00edp. en ratio de contraste 10:1)<\/td>\n<\/tr>\n<tr>\n<td>Tiempo de respuesta (t\u00edp.) [msec] 5<\/td>\n<\/tr>\n<tr>\n<td>Colores [millones] 1064,64332261<\/td>\n<\/tr>\n<tr>\n<td>Frecuencia de sincronizaci\u00f3n<\/td>\n<\/tr>\n<tr>\n<td>Frecuencia horizontal [khz] 31,5 &#8211; 135<\/td>\n<\/tr>\n<tr>\n<td>Frecuencia vertical [hz] 30 &#8211; 75<\/td>\n<\/tr>\n<tr>\n<td>Resoluci\u00f3n<\/td>\n<\/tr>\n<tr>\n<td>Resoluci\u00f3n \u00f3ptima<\/td>\n<\/tr>\n<tr>\n<td>3840 x 2160 a 60 hz<\/td>\n<\/tr>\n<tr>\n<td>Soporta<\/td>\n<\/tr>\n<tr>\n<td>1024 x 768;<\/td>\n<\/tr>\n<tr>\n<td>1152 x 864;<\/td>\n<\/tr>\n<tr>\n<td>1280 x 1024;<\/td>\n<\/tr>\n<tr>\n<td>1600 x 1200;<\/td>\n<\/tr>\n<tr>\n<td>1920 x 1080;<\/td>\n<\/tr>\n<tr>\n<td>1920 x 1440;<\/td>\n<\/tr>\n<tr>\n<td>2560 x 1440;<\/td>\n<\/tr>\n<tr>\n<td>3840 x 2160;<\/td>\n<\/tr>\n<tr>\n<td>640 x 480;<\/td>\n<\/tr>\n<tr>\n<td>800 x 600;<\/td>\n<\/tr>\n<tr>\n<td>832 x 624<\/td>\n<\/tr>\n<tr>\n<td>Conectividad<\/td>\n<\/tr>\n<tr>\n<td>Digital 1 x displayport out; 1 x hdmi; 1 x puerto de pantalla; 1 x usb type c (90 w); usb versi\u00f3n 3.1 (3 abajo \/ 1 arriba)<\/td>\n<\/tr>\n<tr>\n<td>Control de salida 1x lan\/rj45<\/td>\n<\/tr>\n<tr>\n<td>El\u00e9ctrico<\/td>\n<\/tr>\n<tr>\n<td>Consumo requerido en modo [w] 20 (modo eco 2); 31 (t\u00edp.)<\/td>\n<\/tr>\n<tr>\n<td>Modo de ahorro de energ\u00eda [w] 0,5<\/td>\n<\/tr>\n<tr>\n<td>Alimentaci\u00f3n 1,8 a \/ 0,8 a; 100-240 v; fuente de energ\u00eda incorporado<\/td>\n<\/tr>\n<tr>\n<td>Condiciones ambientales<\/td>\n<\/tr>\n<tr>\n<td>Temperatura ambiente de funcionamiento [\u00b0c] +5 a +35<\/td>\n<\/tr>\n<tr>\n<td>Humedad ambiental de funcionamiento [%] 20 a 80<\/td>\n<\/tr>\n<tr>\n<td>Humedad de almacenamiento [%] 10 a 85<\/td>\n<\/tr>\n<tr>\n<td>Temperatura de almacenamiento [\u00b0c] -10 a 60<\/td>\n<\/tr>\n<tr>\n<td>Ergonom\u00eda<\/td>\n<\/tr>\n<tr>\n<td>Base regulable en altura [mm] 150 (modo horizontal)<\/td>\n<\/tr>\n<tr>\n<td>Pantalla inclinable [\u00b0] -5 a 35<\/td>\n<\/tr>\n<tr>\n<td>Giro de pantalla [\u00b0] -170 a +170<\/td>\n<\/tr>\n<tr>\n<td>Rotaci\u00f3n de pantalla [\u00b0] -90 a 90 (modo apaisado o portrait)<\/td>\n<\/tr>\n<tr>\n<td>Mec\u00e1nico<\/td>\n<\/tr>\n<tr>\n<td>Ancho del marco [mm] 1 (izquierda\/derecha\/arriba)<\/td>\n<\/tr>\n<tr>\n<td>Medidas (an x al x prof) [mm] 611,8 x 378 &#8211; 528 x 250 (modo horizontal)<\/td>\n<\/tr>\n<tr>\n<td>Peso [kg] con base: 9,2; sin base: 5,8<\/td>\n<\/tr>\n<tr>\n<td>Montaje vesa [mm] 100 x 100<\/td>\n<\/tr>\n<tr>\n<td>Funciones adicionales<\/td>\n<\/tr>\n<tr>\n<td>Caracter\u00edsticas especiales configuraci\u00f3n personalizada; controlsync\u00ae; ddc-ci; ecomodes; ergodesign\u00ae: soporte ajustable en altura (150 mm) con pivotaci\u00f3n de 90\u00b0; human sensor; led backlight technology; ntaa avanzado; sensor de luz ambiente para un nivel de brillo \u00f3ptimo; simulaci\u00f3n dicom; soporte de extracci\u00f3n r\u00e1pida y brazo; vers\u00e1til y f\u00e1cil de instalar (est\u00e1ndar vesa) con naviset y navikey<\/td>\n<\/tr>\n<tr>\n<td>Versiones marco frontal blanco, parte posterior blanco; marco frontal negro, parte posterior negra<\/td>\n<\/tr>\n<tr>\n<td>Gesti\u00f3n de cables s\u00ed<\/td>\n<\/tr>\n<tr>\n<td>Conector de seguridad kensington s\u00ed<\/td>\n<\/tr>\n<tr>\n<td>Plug  and  play edid est\u00e1ndar; vesa ddc2bi; vesa ddci<\/td>\n<\/tr>\n<tr>\n<td>Audio 1 + 1 w (de-activateable); conector hembra para auriculares<\/td>\n<\/tr>\n<tr>\n<td>Funciones de ajuste ecomode; gesti\u00f3n inteligente de consumo; human sensing; modo dv; srgb<\/td>\n<\/tr>\n<tr>\n<td>Accesorios inclu\u00eddos cable de alimentaci\u00f3n; cable de usb-c; pantalla; set-up manual<\/td>\n<\/tr>\n<tr>\n<td>Seguridad y ergonom\u00eda ce; eac; energystar 8.0; ergonom\u00eda t\u00fcv; erp; flicker-free; iso 9241-307 (pixel failure class i); low blue light; psb; rohs; tco 9.0; tco edge 2; t\u00fcv gs; ul\/c-ul o csa<\/td>\n<\/tr>\n<tr>\n<td>Garant\u00eda 3 a\u00f1os de garant\u00eda<\/td>\n<\/tr>\n<tr>\n<td>Funciones ecol\u00f3gicas<\/td>\n<\/tr>\n<tr>\n<td>Eficiencia energ\u00e9tica carbon footprint meter \/ medidor de huella de carbono; clase de eficiencia energ\u00e9tica: c; consumo de energ\u00eda: 14 kwh\/1000 horas; modo eco; sensor de luz ambiental; sensor humano; tecnologia de la luz de fondo led<\/td>\n<\/tr>\n<tr>\n<td>Materiales ecol\u00f3gicos uso m\u00ednimo de materiales da\u00f1inos<\/td>\n<\/tr>\n<tr>\n<td>Est\u00e1ndares ecol\u00f3gicos energy star 8.0; erp compatibile; rohs compatibile; tco 9.0<\/td>\n<\/tr>\n<\/table>\n","protected":false},"excerpt":{"rendered":"<p>Sharp multisync\u00ae ea272u \u0096 lo m\u00e1ximo en pantalla, el m\u00ednimo de cables. Ideal para las aplicaciones muy n\u00edtidas, la resoluci\u00f3n de alta densidad de p\u00edxeles ultrahd m\u00e1s el \u00e1rea activa de 27 de la pantalla resultan en una superficie digital para el espacio personal laboral m\u00e1s productivo. Podr\u00e1 agrandar el \u00e1rea de visualizaci\u00f3n f\u00e1cilmente, utilizando la salida displayport para conectar m\u00faltiples monitores en cadena margarita, con marcos muy finos y casi sin interrupciones. El ea272u cuenta con la conectividad lan y usb-c de 90w integradas, lo que minimiza el cableado y convierte la pantalla en un hub de comunicaciones. Tendr\u00e1 el suministro de energ\u00eda para su pc o notebook y para todos sus dem\u00e1s dispositivos usando un solo cable, as\u00ed el espacio de trabajo permanecer\u00e1 libre del desorden de muchos cables y minimizar\u00e1 los desechos electr\u00f3nicos. El monitor cuenta con otras funciones que le hacen sostenible: ahorra hasta un 30% de energ\u00eda al activar la tecnolog\u00eda de sensores para reducir el brillo o apagar autom\u00e1ticamente, seg\u00fan sea necesario. Adem\u00e1s dispone de gran prioridad para el bienestar del usuario mediante el pie ajustable de 150mm. De altura y dem\u00e1s funciones ergon\u00f3micas que se ajustan con facilidad a la necesidad individual, como tambi\u00e9n el sensor integrado de luz ambiental, y las tecnolog\u00edas low blue light y flicker-free para proteger los ojos del usuario y brindarles confort. Beneficios. Mayor productividad \u0096 mejore su lugar de trabajo con la conectividad lan y usb-c integrada, lo que minimiza el cableado y convierte la pantalla en un hub de comunicaciones. Un espacio de trabajo ordenado \u0096 la conectividad del usb-c sirve para conectar el port\u00e1til y para el suministro de energ\u00eda usando un solo cable. Eficiencia energ\u00e9tica \u0096 reduzca el consumo de energ\u00eda hasta un 30% activando los sensores de movimiento y de luz ambiental, de esta forma su monitor se accionar\u00e1 de acuerdo a las condiciones de uso. Confort ergon\u00f3mico \u0096 el usuario cuenta con hasta 150 mm. De altura ajustable que se puede cambiar con facilidad para lograr la mejor instalaci\u00f3n individual posible. Imagen rica en detalles \u0096 con 3840 x 2160 de p\u00edxeles, el contenido presentado con la resoluci\u00f3n hd ultra se ver\u00e1 muy n\u00edtido, con una densidad de p\u00edxeles hasta 4 veces mayor que el full hd.<\/p>\n","protected":false},"featured_media":259874,"comment_status":"open","ping_status":"open","template":"","meta":[],"product_cat":[1740,1741],"product_tag":[2237],"acf":[],"yoast_head":"<!-- This site is optimized with the Yoast SEO plugin v21.7 - https:\/\/yoast.com\/wordpress\/plugins\/seo\/ -->\n<title>[ Sharp Display ] &#129351; Dd-ea272u Monitor Led Sharp 27 Ea272u Panel Ips 3840x2160 10001 169 400 Cd\/m2 Hdmi Dvi Vga Usb-c Dp Hdcp 110 Srgb 81.6 Adobergb, 78 Ntsc<\/title>\n<meta name=\"description\" content=\"Compra Dd-ea272u Monitor Led Sharp 27 Ea272u Panel Ips 3840x2160 10001 169 400 Cd\/m2 Hdmi Dvi Vga Usb-c Dp Hdcp 110 Srgb 81.6 Adobergb, 78 Ntsc + Env\u00edo a domicilio + Pago seguro + Garant\u00eda\" \/>\n<meta name=\"robots\" content=\"index, follow, max-snippet:-1, max-image-preview:large, max-video-preview:-1\" \/>\n<link rel=\"canonical\" href=\"https:\/\/compuviper.mx\/tienda\/producto\/sharp-display-dd-ea272u-monitor-led-sharp-27-ea272u-panel-ips-3840x2160-10001-169-400-cd-m2-hdmi-dvi-vga-usb-c-dp-hdcp-110-srgb-81-6-adobergb-78-ntsc\/\" \/>\n<meta property=\"og:locale\" content=\"es_MX\" \/>\n<meta property=\"og:type\" content=\"article\" \/>\n<meta property=\"og:title\" content=\"[ Sharp Display ] &#129351; Dd-ea272u Monitor Led Sharp 27 Ea272u Panel Ips 3840x2160 10001 169 400 Cd\/m2 Hdmi Dvi Vga Usb-c Dp Hdcp 110 Srgb 81.6 Adobergb, 78 Ntsc\" \/>\n<meta property=\"og:description\" content=\"Compra Dd-ea272u Monitor Led Sharp 27 Ea272u Panel Ips 3840x2160 10001 169 400 Cd\/m2 Hdmi Dvi Vga Usb-c Dp Hdcp 110 Srgb 81.6 Adobergb, 78 Ntsc + Env\u00edo a domicilio + Pago seguro + Garant\u00eda\" \/>\n<meta property=\"og:url\" content=\"https:\/\/compuviper.mx\/tienda\/producto\/sharp-display-dd-ea272u-monitor-led-sharp-27-ea272u-panel-ips-3840x2160-10001-169-400-cd-m2-hdmi-dvi-vga-usb-c-dp-hdcp-110-srgb-81-6-adobergb-78-ntsc\/\" \/>\n<meta property=\"og:site_name\" content=\"Compuviper\" \/>\n<meta property=\"article:publisher\" content=\"https:\/\/www.facebook.com\/compuviper\" \/>\n<meta property=\"og:image\" content=\"https:\/\/compuviper.mx\/tienda\/wp-content\/uploads\/2025\/10\/Monitor-led-sharp-27-ea272u-panel-ips-3840x2160-10001-169-400-cdm2-hdmi-dvi-vga-usb-c-dp-hdcp-110-srgb-81.6-adobergb-78-ntsc.jpg\" \/>\n\t<meta property=\"og:image:width\" content=\"200\" \/>\n\t<meta property=\"og:image:height\" content=\"200\" \/>\n\t<meta property=\"og:image:type\" content=\"image\/jpeg\" \/>\n<meta name=\"twitter:card\" content=\"summary_large_image\" \/>\n<meta name=\"twitter:label1\" content=\"Precio\" \/>\n\t<meta name=\"twitter:data1\" content=\"&#36;11,491 con IVA\" \/>\n\t<meta name=\"twitter:label2\" content=\"Availability\" \/>\n\t<meta name=\"twitter:data2\" content=\"On backorder\" \/>\n<script type=\"application\/ld+json\" class=\"yoast-schema-graph\">{\"@context\":\"https:\/\/schema.org\",\"@graph\":[{\"@type\":\"WebPage\",\"@id\":\"https:\/\/compuviper.mx\/tienda\/producto\/sharp-display-dd-ea272u-monitor-led-sharp-27-ea272u-panel-ips-3840x2160-10001-169-400-cd-m2-hdmi-dvi-vga-usb-c-dp-hdcp-110-srgb-81-6-adobergb-78-ntsc\/\",\"url\":\"https:\/\/compuviper.mx\/tienda\/producto\/sharp-display-dd-ea272u-monitor-led-sharp-27-ea272u-panel-ips-3840x2160-10001-169-400-cd-m2-hdmi-dvi-vga-usb-c-dp-hdcp-110-srgb-81-6-adobergb-78-ntsc\/\",\"name\":\"[ Sharp Display ] &#129351; Dd-ea272u Monitor Led Sharp 27 Ea272u Panel Ips 3840x2160 10001 169 400 Cd\/m2 Hdmi Dvi Vga Usb-c Dp Hdcp 110 Srgb 81.6 Adobergb, 78 Ntsc\",\"isPartOf\":{\"@id\":\"https:\/\/compuviper.mx\/tienda\/#website\"},\"datePublished\":\"2026-04-25T06:44:24+00:00\",\"dateModified\":\"2026-04-25T06:44:24+00:00\",\"description\":\"Compra Dd-ea272u Monitor Led Sharp 27 Ea272u Panel Ips 3840x2160 10001 169 400 Cd\/m2 Hdmi Dvi Vga Usb-c Dp Hdcp 110 Srgb 81.6 Adobergb, 78 Ntsc + Env\u00edo a domicilio + Pago seguro + Garant\u00eda\",\"breadcrumb\":{\"@id\":\"https:\/\/compuviper.mx\/tienda\/producto\/sharp-display-dd-ea272u-monitor-led-sharp-27-ea272u-panel-ips-3840x2160-10001-169-400-cd-m2-hdmi-dvi-vga-usb-c-dp-hdcp-110-srgb-81-6-adobergb-78-ntsc\/#breadcrumb\"},\"inLanguage\":\"es-MX\",\"potentialAction\":[{\"@type\":\"ReadAction\",\"target\":[\"https:\/\/compuviper.mx\/tienda\/producto\/sharp-display-dd-ea272u-monitor-led-sharp-27-ea272u-panel-ips-3840x2160-10001-169-400-cd-m2-hdmi-dvi-vga-usb-c-dp-hdcp-110-srgb-81-6-adobergb-78-ntsc\/\"]}]},{\"@type\":\"BreadcrumbList\",\"@id\":\"https:\/\/compuviper.mx\/tienda\/producto\/sharp-display-dd-ea272u-monitor-led-sharp-27-ea272u-panel-ips-3840x2160-10001-169-400-cd-m2-hdmi-dvi-vga-usb-c-dp-hdcp-110-srgb-81-6-adobergb-78-ntsc\/#breadcrumb\",\"itemListElement\":[{\"@type\":\"ListItem\",\"position\":1,\"name\":\"Inicio\",\"item\":\"https:\/\/compuviper.mx\/tienda\/\"},{\"@type\":\"ListItem\",\"position\":2,\"name\":\"Productos\",\"item\":\"https:\/\/compuviper.mx\/tienda\/productos\/\"},{\"@type\":\"ListItem\",\"position\":3,\"name\":\"Monitores\",\"item\":\"https:\/\/compuviper.mx\/tienda\/categoria-producto\/monitores\/\"},{\"@type\":\"ListItem\",\"position\":4,\"name\":\"Led\",\"item\":\"https:\/\/compuviper.mx\/tienda\/categoria-producto\/monitores\/led\/\"},{\"@type\":\"ListItem\",\"position\":5,\"name\":\"Sharp Display Dd-ea272u Monitor Led Sharp 27 Ea272u Panel Ips 3840&#215;2160 10001 169 400 Cd\/m2 Hdmi Dvi Vga Usb-c Dp Hdcp 110 Srgb 81.6 Adobergb, 78 Ntsc\"}]},{\"@type\":\"WebSite\",\"@id\":\"https:\/\/compuviper.mx\/tienda\/#website\",\"url\":\"https:\/\/compuviper.mx\/tienda\/\",\"name\":\"Compuviper\",\"description\":\"Proveedor de Computadoras, Laptops, Servidores, Monitores, Puntos de Venta, Teclados,   Impresoras, T\u00f3ner, C\u00e1maras de Seguridad y m\u00e1s en tu tienda en l\u00ednea\",\"publisher\":{\"@id\":\"https:\/\/compuviper.mx\/tienda\/#organization\"},\"potentialAction\":[{\"@type\":\"SearchAction\",\"target\":{\"@type\":\"EntryPoint\",\"urlTemplate\":\"https:\/\/compuviper.mx\/tienda\/?s={search_term_string}\"},\"query-input\":\"required name=search_term_string\"}],\"inLanguage\":\"es-MX\"},{\"@type\":\"Organization\",\"@id\":\"https:\/\/compuviper.mx\/tienda\/#organization\",\"name\":\"Compuviper\",\"url\":\"https:\/\/compuviper.mx\/tienda\/\",\"logo\":{\"@type\":\"ImageObject\",\"inLanguage\":\"es-MX\",\"@id\":\"https:\/\/compuviper.mx\/tienda\/#\/schema\/logo\/image\/\",\"url\":\"https:\/\/compuviper.mx\/tienda\/wp-content\/uploads\/2021\/08\/Logo-Compuviper-10.png\",\"contentUrl\":\"https:\/\/compuviper.mx\/tienda\/wp-content\/uploads\/2021\/08\/Logo-Compuviper-10.png\",\"width\":1000,\"height\":500,\"caption\":\"Compuviper\"},\"image\":{\"@id\":\"https:\/\/compuviper.mx\/tienda\/#\/schema\/logo\/image\/\"},\"sameAs\":[\"https:\/\/www.facebook.com\/compuviper\",\"https:\/\/www.youtube.com\/channel\/UCf73dERp9Y3cfOq7q8BhLjA?view_as=subscriber\"]}]}<\/script>\n<meta property=\"product:brand\" content=\"Sharp Display\" \/>\n<meta property=\"product:price:amount\" content=\"11491\" \/>\n<meta property=\"product:price:currency\" content=\"MXN\" \/>\n<meta property=\"og:availability\" content=\"backorder\" \/>\n<meta property=\"product:availability\" content=\"available for order\" \/>\n<meta property=\"product:retailer_item_id\" content=\"DD-EA272U\" \/>\n<meta property=\"product:condition\" content=\"new\" \/>\n<!-- \/ Yoast SEO plugin. -->","yoast_head_json":{"title":"[ Sharp Display ] &#129351; Dd-ea272u Monitor Led Sharp 27 Ea272u Panel Ips 3840x2160 10001 169 400 Cd\/m2 Hdmi Dvi Vga Usb-c Dp Hdcp 110 Srgb 81.6 Adobergb, 78 Ntsc","description":"Compra Dd-ea272u Monitor Led Sharp 27 Ea272u Panel Ips 3840x2160 10001 169 400 Cd\/m2 Hdmi Dvi Vga Usb-c Dp Hdcp 110 Srgb 81.6 Adobergb, 78 Ntsc + Env\u00edo a domicilio + Pago seguro + Garant\u00eda","robots":{"index":"index","follow":"follow","max-snippet":"max-snippet:-1","max-image-preview":"max-image-preview:large","max-video-preview":"max-video-preview:-1"},"canonical":"https:\/\/compuviper.mx\/tienda\/producto\/sharp-display-dd-ea272u-monitor-led-sharp-27-ea272u-panel-ips-3840x2160-10001-169-400-cd-m2-hdmi-dvi-vga-usb-c-dp-hdcp-110-srgb-81-6-adobergb-78-ntsc\/","og_locale":"es_MX","og_type":"article","og_title":"[ Sharp Display ] &#129351; Dd-ea272u Monitor Led Sharp 27 Ea272u Panel Ips 3840x2160 10001 169 400 Cd\/m2 Hdmi Dvi Vga Usb-c Dp Hdcp 110 Srgb 81.6 Adobergb, 78 Ntsc","og_description":"Compra Dd-ea272u Monitor Led Sharp 27 Ea272u Panel Ips 3840x2160 10001 169 400 Cd\/m2 Hdmi Dvi Vga Usb-c Dp Hdcp 110 Srgb 81.6 Adobergb, 78 Ntsc + Env\u00edo a domicilio + Pago seguro + Garant\u00eda","og_url":"https:\/\/compuviper.mx\/tienda\/producto\/sharp-display-dd-ea272u-monitor-led-sharp-27-ea272u-panel-ips-3840x2160-10001-169-400-cd-m2-hdmi-dvi-vga-usb-c-dp-hdcp-110-srgb-81-6-adobergb-78-ntsc\/","og_site_name":"Compuviper","article_publisher":"https:\/\/www.facebook.com\/compuviper","og_image":[{"width":200,"height":200,"url":"https:\/\/compuviper.mx\/tienda\/wp-content\/uploads\/2025\/10\/Monitor-led-sharp-27-ea272u-panel-ips-3840x2160-10001-169-400-cdm2-hdmi-dvi-vga-usb-c-dp-hdcp-110-srgb-81.6-adobergb-78-ntsc.jpg","type":"image\/jpeg"}],"twitter_card":"summary_large_image","twitter_misc":{"Precio":"&#36;11,491 con IVA","Availability":"On backorder"},"schema":{"@context":"https:\/\/schema.org","@graph":[{"@type":"WebPage","@id":"https:\/\/compuviper.mx\/tienda\/producto\/sharp-display-dd-ea272u-monitor-led-sharp-27-ea272u-panel-ips-3840x2160-10001-169-400-cd-m2-hdmi-dvi-vga-usb-c-dp-hdcp-110-srgb-81-6-adobergb-78-ntsc\/","url":"https:\/\/compuviper.mx\/tienda\/producto\/sharp-display-dd-ea272u-monitor-led-sharp-27-ea272u-panel-ips-3840x2160-10001-169-400-cd-m2-hdmi-dvi-vga-usb-c-dp-hdcp-110-srgb-81-6-adobergb-78-ntsc\/","name":"[ Sharp Display ] &#129351; Dd-ea272u Monitor Led Sharp 27 Ea272u Panel Ips 3840x2160 10001 169 400 Cd\/m2 Hdmi Dvi Vga Usb-c Dp Hdcp 110 Srgb 81.6 Adobergb, 78 Ntsc","isPartOf":{"@id":"https:\/\/compuviper.mx\/tienda\/#website"},"datePublished":"2026-04-25T06:44:24+00:00","dateModified":"2026-04-25T06:44:24+00:00","description":"Compra Dd-ea272u Monitor Led Sharp 27 Ea272u Panel Ips 3840x2160 10001 169 400 Cd\/m2 Hdmi Dvi Vga Usb-c Dp Hdcp 110 Srgb 81.6 Adobergb, 78 Ntsc + Env\u00edo a domicilio + Pago seguro + Garant\u00eda","breadcrumb":{"@id":"https:\/\/compuviper.mx\/tienda\/producto\/sharp-display-dd-ea272u-monitor-led-sharp-27-ea272u-panel-ips-3840x2160-10001-169-400-cd-m2-hdmi-dvi-vga-usb-c-dp-hdcp-110-srgb-81-6-adobergb-78-ntsc\/#breadcrumb"},"inLanguage":"es-MX","potentialAction":[{"@type":"ReadAction","target":["https:\/\/compuviper.mx\/tienda\/producto\/sharp-display-dd-ea272u-monitor-led-sharp-27-ea272u-panel-ips-3840x2160-10001-169-400-cd-m2-hdmi-dvi-vga-usb-c-dp-hdcp-110-srgb-81-6-adobergb-78-ntsc\/"]}]},{"@type":"BreadcrumbList","@id":"https:\/\/compuviper.mx\/tienda\/producto\/sharp-display-dd-ea272u-monitor-led-sharp-27-ea272u-panel-ips-3840x2160-10001-169-400-cd-m2-hdmi-dvi-vga-usb-c-dp-hdcp-110-srgb-81-6-adobergb-78-ntsc\/#breadcrumb","itemListElement":[{"@type":"ListItem","position":1,"name":"Inicio","item":"https:\/\/compuviper.mx\/tienda\/"},{"@type":"ListItem","position":2,"name":"Productos","item":"https:\/\/compuviper.mx\/tienda\/productos\/"},{"@type":"ListItem","position":3,"name":"Monitores","item":"https:\/\/compuviper.mx\/tienda\/categoria-producto\/monitores\/"},{"@type":"ListItem","position":4,"name":"Led","item":"https:\/\/compuviper.mx\/tienda\/categoria-producto\/monitores\/led\/"},{"@type":"ListItem","position":5,"name":"Sharp Display Dd-ea272u Monitor Led Sharp 27 Ea272u Panel Ips 3840&#215;2160 10001 169 400 Cd\/m2 Hdmi Dvi Vga Usb-c Dp Hdcp 110 Srgb 81.6 Adobergb, 78 Ntsc"}]},{"@type":"WebSite","@id":"https:\/\/compuviper.mx\/tienda\/#website","url":"https:\/\/compuviper.mx\/tienda\/","name":"Compuviper","description":"Proveedor de Computadoras, Laptops, Servidores, Monitores, Puntos de Venta, Teclados,   Impresoras, T\u00f3ner, C\u00e1maras de Seguridad y m\u00e1s en tu tienda en l\u00ednea","publisher":{"@id":"https:\/\/compuviper.mx\/tienda\/#organization"},"potentialAction":[{"@type":"SearchAction","target":{"@type":"EntryPoint","urlTemplate":"https:\/\/compuviper.mx\/tienda\/?s={search_term_string}"},"query-input":"required name=search_term_string"}],"inLanguage":"es-MX"},{"@type":"Organization","@id":"https:\/\/compuviper.mx\/tienda\/#organization","name":"Compuviper","url":"https:\/\/compuviper.mx\/tienda\/","logo":{"@type":"ImageObject","inLanguage":"es-MX","@id":"https:\/\/compuviper.mx\/tienda\/#\/schema\/logo\/image\/","url":"https:\/\/compuviper.mx\/tienda\/wp-content\/uploads\/2021\/08\/Logo-Compuviper-10.png","contentUrl":"https:\/\/compuviper.mx\/tienda\/wp-content\/uploads\/2021\/08\/Logo-Compuviper-10.png","width":1000,"height":500,"caption":"Compuviper"},"image":{"@id":"https:\/\/compuviper.mx\/tienda\/#\/schema\/logo\/image\/"},"sameAs":["https:\/\/www.facebook.com\/compuviper","https:\/\/www.youtube.com\/channel\/UCf73dERp9Y3cfOq7q8BhLjA?view_as=subscriber"]}]},"product_brand":"Sharp Display","product_price_amount":"11491","product_price_currency":"MXN","og_availability":"backorder","product_availability":"available for order","product_retailer_item_id":"DD-EA272U","product_condition":"new"},"_links":{"self":[{"href":"https:\/\/compuviper.mx\/tienda\/wp-json\/wp\/v2\/product\/246127"}],"collection":[{"href":"https:\/\/compuviper.mx\/tienda\/wp-json\/wp\/v2\/product"}],"about":[{"href":"https:\/\/compuviper.mx\/tienda\/wp-json\/wp\/v2\/types\/product"}],"replies":[{"embeddable":true,"href":"https:\/\/compuviper.mx\/tienda\/wp-json\/wp\/v2\/comments?post=246127"}],"wp:featuredmedia":[{"embeddable":true,"href":"https:\/\/compuviper.mx\/tienda\/wp-json\/wp\/v2\/media\/259874"}],"wp:attachment":[{"href":"https:\/\/compuviper.mx\/tienda\/wp-json\/wp\/v2\/media?parent=246127"}],"wp:term":[{"taxonomy":"product_cat","embeddable":true,"href":"https:\/\/compuviper.mx\/tienda\/wp-json\/wp\/v2\/product_cat?post=246127"},{"taxonomy":"product_tag","embeddable":true,"href":"https:\/\/compuviper.mx\/tienda\/wp-json\/wp\/v2\/product_tag?post=246127"}],"curies":[{"name":"wp","href":"https:\/\/api.w.org\/{rel}","templated":true}]}}