{"id":246066,"date":"2026-04-02T00:50:33","date_gmt":"2026-04-02T06:50:33","guid":{"rendered":"https:\/\/compuviper.mx\/tienda\/producto\/lenovo-61f2gar2la-monitor-thinkvision-t32p-20-315-3840x2160-1x-hdmi-2-0-1x-dp-1-2-1x-usb-c-3-2-gen-1n-incluye-cable-usb-tipo-c-a-tipo-c-3y-en-centro-de-servicio\/"},"modified":"2026-04-02T00:50:33","modified_gmt":"2026-04-02T06:50:33","slug":"lenovo-61f2gar2la-monitor-thinkvision-t32p-20-315-3840x2160-1x-hdmi-2-0-1x-dp-1-2-1x-usb-c-3-2-gen-1n-incluye-cable-usb-tipo-c-a-tipo-c-3y-en-centro-de-servicio","status":"publish","type":"product","link":"https:\/\/compuviper.mx\/tienda\/producto\/lenovo-61f2gar2la-monitor-thinkvision-t32p-20-315-3840x2160-1x-hdmi-2-0-1x-dp-1-2-1x-usb-c-3-2-gen-1n-incluye-cable-usb-tipo-c-a-tipo-c-3y-en-centro-de-servicio\/","title":{"rendered":"Lenovo 61f2gar2la Monitor  Thinkvision T32p-20 \/ 31,5 3840&#215;2160 \/ 1x Hdmi 2.0, 1x Dp 1.2, 1x Usb-c 3.2 Gen 1n \/ Incluye Cable Usb Tipo C A Tipo C \/ 3y En Centro De Servicio"},"content":{"rendered":"<table class=\"descripcion\">\n<tr>\n<td>Performance<\/td>\n<\/tr>\n<tr>\n<td>Display size<\/td>\n<\/tr>\n<tr>\n<td>31.5<\/td>\n<\/tr>\n<tr>\n<td>View area<\/td>\n<\/tr>\n<tr>\n<td>698.11&#215;392.69 mm<\/td>\n<\/tr>\n<tr>\n<td>Panel<\/td>\n<\/tr>\n<tr>\n<td>In-plane switching<\/td>\n<\/tr>\n<tr>\n<td>Aspect ratio<\/td>\n<\/tr>\n<tr>\n<td>16:9<\/td>\n<\/tr>\n<tr>\n<td>Resolution<\/td>\n<\/tr>\n<tr>\n<td>3840&#215;2160<\/td>\n<\/tr>\n<tr>\n<td>Pixel pitch<\/td>\n<\/tr>\n<tr>\n<td>0.1816&#215;0.1816 mm<\/td>\n<\/tr>\n<tr>\n<td>Dot \/ pixel per inch<\/td>\n<\/tr>\n<tr>\n<td>140 dpi<\/td>\n<\/tr>\n<tr>\n<td>View angle (h \/ v)<\/td>\n<\/tr>\n<tr>\n<td>178 \/ 178<\/td>\n<\/tr>\n<tr>\n<td>Response time<\/td>\n<\/tr>\n<tr>\n<td>4 ms (extreme mode) \/ 6 ms (typical mode) \/ 14 ms (off<\/td>\n<\/tr>\n<tr>\n<td>Mode)<\/td>\n<\/tr>\n<tr>\n<td>Color support<\/td>\n<\/tr>\n<tr>\n<td>1.07 billion<\/td>\n<\/tr>\n<tr>\n<td>Refresh rate<\/td>\n<\/tr>\n<tr>\n<td>60 hz<\/td>\n<\/tr>\n<tr>\n<td>Brightness<\/td>\n<\/tr>\n<tr>\n<td>350 nits<\/td>\n<\/tr>\n<tr>\n<td>Contrast ratio<\/td>\n<\/tr>\n<tr>\n<td>1000:1<\/td>\n<\/tr>\n<tr>\n<td>Color gamut<\/td>\n<\/tr>\n<tr>\n<td>99% srgb<\/td>\n<\/tr>\n<tr>\n<td>Anti-glare<\/td>\n<\/tr>\n<tr>\n<td>Yes<\/td>\n<\/tr>\n<tr>\n<td>Curvature<\/td>\n<\/tr>\n<tr>\n<td>None<\/td>\n<\/tr>\n<tr>\n<td>Camera<\/td>\n<\/tr>\n<tr>\n<td>None<\/td>\n<\/tr>\n<tr>\n<td>Microphone<\/td>\n<\/tr>\n<tr>\n<td>None<\/td>\n<\/tr>\n<tr>\n<td>Speakers<\/td>\n<\/tr>\n<tr>\n<td>None<\/td>\n<\/tr>\n<tr>\n<td>Power consumption (typical \/ maximum)<\/td>\n<\/tr>\n<tr>\n<td>39w \/ 135w<\/td>\n<\/tr>\n<tr>\n<td>Power adapter<\/td>\n<\/tr>\n<tr>\n<td>Integrated<\/td>\n<\/tr>\n<tr>\n<td>Touchscreen<\/td>\n<\/tr>\n<tr>\n<td>None<\/td>\n<\/tr>\n<tr>\n<td>Smart system<\/td>\n<\/tr>\n<tr>\n<td>None<\/td>\n<\/tr>\n<tr>\n<td>Design<\/td>\n<\/tr>\n<tr>\n<td>Stand<\/td>\n<\/tr>\n<tr>\n<td>Tilt, swivel, pivot, height adjust stand<\/td>\n<\/tr>\n<tr>\n<td>Case color<\/td>\n<\/tr>\n<tr>\n<td>Raven black<\/td>\n<\/tr>\n<tr>\n<td>Side bezel width<\/td>\n<\/tr>\n<tr>\n<td>2 mm<\/td>\n<\/tr>\n<tr>\n<td>Dimensions with stand (hxwxd)<\/td>\n<\/tr>\n<tr>\n<td>604.4&#215;714.6&#215;235 mm \/ 23.8&#215;28.13&#215;9.25 inches<\/td>\n<\/tr>\n<tr>\n<td>Weight (including stand)<\/td>\n<\/tr>\n<tr>\n<td>9.85 kg \/ 21.72 lbs.<\/td>\n<\/tr>\n<tr>\n<td>Thinkcentre\u00ae m series support<\/td>\n<\/tr>\n<tr>\n<td>None<\/td>\n<\/tr>\n<tr>\n<td>Connectivity<\/td>\n<\/tr>\n<tr>\n<td>Usb port<\/td>\n<\/tr>\n<tr>\n<td>4x usb 3.1 gen 1 (1x bc)<\/td>\n<\/tr>\n<tr>\n<td>Video connector<\/td>\n<\/tr>\n<tr>\n<td>1x hdmi\u00ae 2.0, 1x dp 1.2, 1x usb-c\u00ae 3.2 gen 1 (dp 1.2 alt mode)<\/td>\n<\/tr>\n<tr>\n<td>Network connectivity<\/td>\n<\/tr>\n<tr>\n<td>None<\/td>\n<\/tr>\n<tr>\n<td>Service<\/td>\n<\/tr>\n<tr>\n<td>Base warranty<\/td>\n<\/tr>\n<tr>\n<td>3-year<\/td>\n<\/tr>\n<tr>\n<td>Certifications<\/td>\n<\/tr>\n<tr>\n<td>Environmental certification<\/td>\n<\/tr>\n<tr>\n<td>Energy star\u00ae certified, tco 8.0, tco edge 2.0, epeat\u0099<\/td>\n<\/tr>\n<tr>\n<td>Gold, rohs<\/td>\n<\/tr>\n<tr>\n<td>Ergonomic certification<\/td>\n<\/tr>\n<tr>\n<td>T\u00fcv rheinland\u00ae eye comfort<\/td>\n<\/tr>\n<tr>\n<td>Sync technology<\/td>\n<\/tr>\n<tr>\n<td>None<\/td>\n<\/tr>\n<tr>\n<td>Software<\/td>\n<\/tr>\n<tr>\n<td>Operating system<\/td>\n<\/tr>\n<tr>\n<td>Support windows\u00ae 7, windows\u00ae 10<\/td>\n<\/tr>\n<tr>\n<td>Accessories<\/td>\n<\/tr>\n<tr>\n<td>Video cables<\/td>\n<\/tr>\n<tr>\n<td>Usb type-c\u00ae to type-c cable<\/td>\n<\/tr>\n<tr>\n<td>Model<\/td>\n<\/tr>\n<tr>\n<td>Announce<\/td>\n<\/tr>\n<tr>\n<td>Date : 2020-01-26<\/td>\n<\/tr>\n<tr>\n<td>Ean<\/td>\n<\/tr>\n<tr>\n<td>\/<\/td>\n<\/tr>\n<tr>\n<td>Upc<\/td>\n<\/tr>\n<tr>\n<td>\/ jan<\/td>\n<\/tr>\n<tr>\n<td>: 0194778575263 \/ 194778575263 \/ none<\/td>\n<\/tr>\n<\/table>\n","protected":false},"excerpt":{"rendered":"<p>Desempaque un deleite visual inigualable y visualice mejor en una resoluci\u00f3n 4k uhd de thinkvision t32p-20. El panel in-plane switching y los biseles ultradelgados de este monitor de 31,5 pulgadas, junto con la gama de colores srgb, ofrecen un espacio de pantalla m\u00e1s amplio para trabajos o dise\u00f1os con uso intensivo de datos. La certificaci\u00f3n t\u00fcv rheinland eye comfort garantiza que se reduzca la tensi\u00f3n y la fatiga ocular y que usted est\u00e9 en su mejor momento productivo. Su base ergon\u00f3mica le permite inclinar y levantar el monitor seg\u00fan su conveniencia, mientras que el soporte para tel\u00e9fono y la gesti\u00f3n de cables minimizan el desorden en el escritorio. La soluci\u00f3n de un cable usb type-c junto con la funci\u00f3n smart power permite una transferencia de datos m\u00e1s r\u00e1pida, detecta de manera inteligente el consumo general de energ\u00eda y administra din\u00e1micamente la entrega de energ\u00eda a cada dispositivo. Caracter\u00edstica superior. Pantalla casi sin bordes de 31,5 uhd (3840 x 2160) de 3 lados. Soluci\u00f3n de un cable usb tipo c. Puertos hdmi, dp con concentrador usb. Dise\u00f1o ergon\u00f3mico y que ahorra espacio y ue<\/p>\n","protected":false},"featured_media":259870,"comment_status":"open","ping_status":"open","template":"","meta":[],"product_cat":[1740,1848],"product_tag":[1578],"acf":[],"yoast_head":"<!-- This site is optimized with the Yoast SEO plugin v21.7 - https:\/\/yoast.com\/wordpress\/plugins\/seo\/ -->\n<title>[ Lenovo ] &#129351; 61f2gar2la Monitor Thinkvision T32p-20 \/ 31,5 3840x2160 \/ 1x Hdmi 2.0, 1x Dp 1.2, 1x Usb-c 3.2 Gen 1n \/ Incluye Cable Usb Tipo C A Tipo C \/ 3y En Centro De Servicio<\/title>\n<meta name=\"description\" content=\"Compra 61f2gar2la Monitor Thinkvision T32p-20 \/ 31,5 3840x2160 \/ 1x Hdmi 2.0, 1x Dp 1.2, 1x Usb-c 3.2 Gen 1n \/ Incluye Cable Usb Tipo C A Tipo C \/ 3y En Centro De Servicio + Env\u00edo a domicilio + Pago seguro + Garant\u00eda\" \/>\n<meta name=\"robots\" content=\"index, follow, max-snippet:-1, max-image-preview:large, max-video-preview:-1\" \/>\n<link rel=\"canonical\" href=\"https:\/\/compuviper.mx\/tienda\/producto\/lenovo-61f2gar2la-monitor-thinkvision-t32p-20-315-3840x2160-1x-hdmi-2-0-1x-dp-1-2-1x-usb-c-3-2-gen-1n-incluye-cable-usb-tipo-c-a-tipo-c-3y-en-centro-de-servicio\/\" \/>\n<meta property=\"og:locale\" content=\"es_MX\" \/>\n<meta property=\"og:type\" content=\"article\" \/>\n<meta property=\"og:title\" content=\"[ Lenovo ] &#129351; 61f2gar2la Monitor Thinkvision T32p-20 \/ 31,5 3840x2160 \/ 1x Hdmi 2.0, 1x Dp 1.2, 1x Usb-c 3.2 Gen 1n \/ Incluye Cable Usb Tipo C A Tipo C \/ 3y En Centro De Servicio\" \/>\n<meta property=\"og:description\" content=\"Compra 61f2gar2la Monitor Thinkvision T32p-20 \/ 31,5 3840x2160 \/ 1x Hdmi 2.0, 1x Dp 1.2, 1x Usb-c 3.2 Gen 1n \/ Incluye Cable Usb Tipo C A Tipo C \/ 3y En Centro De Servicio + Env\u00edo a domicilio + Pago seguro + Garant\u00eda\" \/>\n<meta property=\"og:url\" content=\"https:\/\/compuviper.mx\/tienda\/producto\/lenovo-61f2gar2la-monitor-thinkvision-t32p-20-315-3840x2160-1x-hdmi-2-0-1x-dp-1-2-1x-usb-c-3-2-gen-1n-incluye-cable-usb-tipo-c-a-tipo-c-3y-en-centro-de-servicio\/\" \/>\n<meta property=\"og:site_name\" content=\"Compuviper\" \/>\n<meta property=\"article:publisher\" content=\"https:\/\/www.facebook.com\/compuviper\" \/>\n<meta property=\"og:image\" content=\"https:\/\/compuviper.mx\/tienda\/wp-content\/uploads\/2025\/10\/Monitor-lenovo-thinkvision-t32p-20-315-3840x2160-1x-hdmi-2.0-1x-dp-1.2-1x-usb-c-3.2-gen-1n-incluye-cable-usb-tipo-c-a-tipo-c-3y-en-centro-de-servicio.jpg\" \/>\n\t<meta property=\"og:image:width\" content=\"200\" \/>\n\t<meta property=\"og:image:height\" content=\"200\" \/>\n\t<meta property=\"og:image:type\" content=\"image\/jpeg\" \/>\n<meta name=\"twitter:card\" content=\"summary_large_image\" \/>\n<meta name=\"twitter:label1\" content=\"Precio\" \/>\n\t<meta name=\"twitter:data1\" content=\"&#36;12,168 con IVA\" \/>\n\t<meta name=\"twitter:label2\" content=\"Availability\" \/>\n\t<meta name=\"twitter:data2\" content=\"Out of stock\" \/>\n<script type=\"application\/ld+json\" class=\"yoast-schema-graph\">{\"@context\":\"https:\/\/schema.org\",\"@graph\":[{\"@type\":\"WebPage\",\"@id\":\"https:\/\/compuviper.mx\/tienda\/producto\/lenovo-61f2gar2la-monitor-thinkvision-t32p-20-315-3840x2160-1x-hdmi-2-0-1x-dp-1-2-1x-usb-c-3-2-gen-1n-incluye-cable-usb-tipo-c-a-tipo-c-3y-en-centro-de-servicio\/\",\"url\":\"https:\/\/compuviper.mx\/tienda\/producto\/lenovo-61f2gar2la-monitor-thinkvision-t32p-20-315-3840x2160-1x-hdmi-2-0-1x-dp-1-2-1x-usb-c-3-2-gen-1n-incluye-cable-usb-tipo-c-a-tipo-c-3y-en-centro-de-servicio\/\",\"name\":\"[ Lenovo ] &#129351; 61f2gar2la Monitor Thinkvision T32p-20 \/ 31,5 3840x2160 \/ 1x Hdmi 2.0, 1x Dp 1.2, 1x Usb-c 3.2 Gen 1n \/ Incluye Cable Usb Tipo C A Tipo C \/ 3y En Centro De Servicio\",\"isPartOf\":{\"@id\":\"https:\/\/compuviper.mx\/tienda\/#website\"},\"datePublished\":\"2026-04-02T06:50:33+00:00\",\"dateModified\":\"2026-04-02T06:50:33+00:00\",\"description\":\"Compra 61f2gar2la Monitor Thinkvision T32p-20 \/ 31,5 3840x2160 \/ 1x Hdmi 2.0, 1x Dp 1.2, 1x Usb-c 3.2 Gen 1n \/ Incluye Cable Usb Tipo C A Tipo C \/ 3y En Centro De Servicio + Env\u00edo a domicilio + Pago seguro + Garant\u00eda\",\"breadcrumb\":{\"@id\":\"https:\/\/compuviper.mx\/tienda\/producto\/lenovo-61f2gar2la-monitor-thinkvision-t32p-20-315-3840x2160-1x-hdmi-2-0-1x-dp-1-2-1x-usb-c-3-2-gen-1n-incluye-cable-usb-tipo-c-a-tipo-c-3y-en-centro-de-servicio\/#breadcrumb\"},\"inLanguage\":\"es-MX\",\"potentialAction\":[{\"@type\":\"ReadAction\",\"target\":[\"https:\/\/compuviper.mx\/tienda\/producto\/lenovo-61f2gar2la-monitor-thinkvision-t32p-20-315-3840x2160-1x-hdmi-2-0-1x-dp-1-2-1x-usb-c-3-2-gen-1n-incluye-cable-usb-tipo-c-a-tipo-c-3y-en-centro-de-servicio\/\"]}]},{\"@type\":\"BreadcrumbList\",\"@id\":\"https:\/\/compuviper.mx\/tienda\/producto\/lenovo-61f2gar2la-monitor-thinkvision-t32p-20-315-3840x2160-1x-hdmi-2-0-1x-dp-1-2-1x-usb-c-3-2-gen-1n-incluye-cable-usb-tipo-c-a-tipo-c-3y-en-centro-de-servicio\/#breadcrumb\",\"itemListElement\":[{\"@type\":\"ListItem\",\"position\":1,\"name\":\"Inicio\",\"item\":\"https:\/\/compuviper.mx\/tienda\/\"},{\"@type\":\"ListItem\",\"position\":2,\"name\":\"Productos\",\"item\":\"https:\/\/compuviper.mx\/tienda\/productos\/\"},{\"@type\":\"ListItem\",\"position\":3,\"name\":\"Monitores\",\"item\":\"https:\/\/compuviper.mx\/tienda\/categoria-producto\/monitores\/\"},{\"@type\":\"ListItem\",\"position\":4,\"name\":\"Sin Categor\u00eda\",\"item\":\"https:\/\/compuviper.mx\/tienda\/categoria-producto\/monitores\/sin-categoria-monitores\/\"},{\"@type\":\"ListItem\",\"position\":5,\"name\":\"Lenovo 61f2gar2la Monitor Thinkvision T32p-20 \/ 31,5 3840&#215;2160 \/ 1x Hdmi 2.0, 1x Dp 1.2, 1x Usb-c 3.2 Gen 1n \/ Incluye Cable Usb Tipo C A Tipo C \/ 3y En Centro De Servicio\"}]},{\"@type\":\"WebSite\",\"@id\":\"https:\/\/compuviper.mx\/tienda\/#website\",\"url\":\"https:\/\/compuviper.mx\/tienda\/\",\"name\":\"Compuviper\",\"description\":\"Proveedor de Computadoras, Laptops, Servidores, Monitores, Puntos de Venta, Teclados,   Impresoras, T\u00f3ner, C\u00e1maras de Seguridad y m\u00e1s en tu tienda en l\u00ednea\",\"publisher\":{\"@id\":\"https:\/\/compuviper.mx\/tienda\/#organization\"},\"potentialAction\":[{\"@type\":\"SearchAction\",\"target\":{\"@type\":\"EntryPoint\",\"urlTemplate\":\"https:\/\/compuviper.mx\/tienda\/?s={search_term_string}\"},\"query-input\":\"required name=search_term_string\"}],\"inLanguage\":\"es-MX\"},{\"@type\":\"Organization\",\"@id\":\"https:\/\/compuviper.mx\/tienda\/#organization\",\"name\":\"Compuviper\",\"url\":\"https:\/\/compuviper.mx\/tienda\/\",\"logo\":{\"@type\":\"ImageObject\",\"inLanguage\":\"es-MX\",\"@id\":\"https:\/\/compuviper.mx\/tienda\/#\/schema\/logo\/image\/\",\"url\":\"https:\/\/compuviper.mx\/tienda\/wp-content\/uploads\/2021\/08\/Logo-Compuviper-10.png\",\"contentUrl\":\"https:\/\/compuviper.mx\/tienda\/wp-content\/uploads\/2021\/08\/Logo-Compuviper-10.png\",\"width\":1000,\"height\":500,\"caption\":\"Compuviper\"},\"image\":{\"@id\":\"https:\/\/compuviper.mx\/tienda\/#\/schema\/logo\/image\/\"},\"sameAs\":[\"https:\/\/www.facebook.com\/compuviper\",\"https:\/\/www.youtube.com\/channel\/UCf73dERp9Y3cfOq7q8BhLjA?view_as=subscriber\"]}]}<\/script>\n<meta property=\"product:brand\" content=\"LENOVO\" \/>\n<meta property=\"product:price:amount\" content=\"12168\" \/>\n<meta property=\"product:price:currency\" content=\"MXN\" \/>\n<meta property=\"og:availability\" content=\"out of stock\" \/>\n<meta property=\"product:availability\" content=\"out of stock\" \/>\n<meta property=\"product:retailer_item_id\" content=\"61F2GAR2LA\" \/>\n<meta property=\"product:condition\" content=\"new\" \/>\n<!-- \/ Yoast SEO plugin. -->","yoast_head_json":{"title":"[ Lenovo ] &#129351; 61f2gar2la Monitor Thinkvision T32p-20 \/ 31,5 3840x2160 \/ 1x Hdmi 2.0, 1x Dp 1.2, 1x Usb-c 3.2 Gen 1n \/ Incluye Cable Usb Tipo C A Tipo C \/ 3y En Centro De Servicio","description":"Compra 61f2gar2la Monitor Thinkvision T32p-20 \/ 31,5 3840x2160 \/ 1x Hdmi 2.0, 1x Dp 1.2, 1x Usb-c 3.2 Gen 1n \/ Incluye Cable Usb Tipo C A Tipo C \/ 3y En Centro De Servicio + Env\u00edo a domicilio + Pago seguro + Garant\u00eda","robots":{"index":"index","follow":"follow","max-snippet":"max-snippet:-1","max-image-preview":"max-image-preview:large","max-video-preview":"max-video-preview:-1"},"canonical":"https:\/\/compuviper.mx\/tienda\/producto\/lenovo-61f2gar2la-monitor-thinkvision-t32p-20-315-3840x2160-1x-hdmi-2-0-1x-dp-1-2-1x-usb-c-3-2-gen-1n-incluye-cable-usb-tipo-c-a-tipo-c-3y-en-centro-de-servicio\/","og_locale":"es_MX","og_type":"article","og_title":"[ Lenovo ] &#129351; 61f2gar2la Monitor Thinkvision T32p-20 \/ 31,5 3840x2160 \/ 1x Hdmi 2.0, 1x Dp 1.2, 1x Usb-c 3.2 Gen 1n \/ Incluye Cable Usb Tipo C A Tipo C \/ 3y En Centro De Servicio","og_description":"Compra 61f2gar2la Monitor Thinkvision T32p-20 \/ 31,5 3840x2160 \/ 1x Hdmi 2.0, 1x Dp 1.2, 1x Usb-c 3.2 Gen 1n \/ Incluye Cable Usb Tipo C A Tipo C \/ 3y En Centro De Servicio + Env\u00edo a domicilio + Pago seguro + Garant\u00eda","og_url":"https:\/\/compuviper.mx\/tienda\/producto\/lenovo-61f2gar2la-monitor-thinkvision-t32p-20-315-3840x2160-1x-hdmi-2-0-1x-dp-1-2-1x-usb-c-3-2-gen-1n-incluye-cable-usb-tipo-c-a-tipo-c-3y-en-centro-de-servicio\/","og_site_name":"Compuviper","article_publisher":"https:\/\/www.facebook.com\/compuviper","og_image":[{"width":200,"height":200,"url":"https:\/\/compuviper.mx\/tienda\/wp-content\/uploads\/2025\/10\/Monitor-lenovo-thinkvision-t32p-20-315-3840x2160-1x-hdmi-2.0-1x-dp-1.2-1x-usb-c-3.2-gen-1n-incluye-cable-usb-tipo-c-a-tipo-c-3y-en-centro-de-servicio.jpg","type":"image\/jpeg"}],"twitter_card":"summary_large_image","twitter_misc":{"Precio":"&#36;12,168 con IVA","Availability":"Out of stock"},"schema":{"@context":"https:\/\/schema.org","@graph":[{"@type":"WebPage","@id":"https:\/\/compuviper.mx\/tienda\/producto\/lenovo-61f2gar2la-monitor-thinkvision-t32p-20-315-3840x2160-1x-hdmi-2-0-1x-dp-1-2-1x-usb-c-3-2-gen-1n-incluye-cable-usb-tipo-c-a-tipo-c-3y-en-centro-de-servicio\/","url":"https:\/\/compuviper.mx\/tienda\/producto\/lenovo-61f2gar2la-monitor-thinkvision-t32p-20-315-3840x2160-1x-hdmi-2-0-1x-dp-1-2-1x-usb-c-3-2-gen-1n-incluye-cable-usb-tipo-c-a-tipo-c-3y-en-centro-de-servicio\/","name":"[ Lenovo ] &#129351; 61f2gar2la Monitor Thinkvision T32p-20 \/ 31,5 3840x2160 \/ 1x Hdmi 2.0, 1x Dp 1.2, 1x Usb-c 3.2 Gen 1n \/ Incluye Cable Usb Tipo C A Tipo C \/ 3y En Centro De Servicio","isPartOf":{"@id":"https:\/\/compuviper.mx\/tienda\/#website"},"datePublished":"2026-04-02T06:50:33+00:00","dateModified":"2026-04-02T06:50:33+00:00","description":"Compra 61f2gar2la Monitor Thinkvision T32p-20 \/ 31,5 3840x2160 \/ 1x Hdmi 2.0, 1x Dp 1.2, 1x Usb-c 3.2 Gen 1n \/ Incluye Cable Usb Tipo C A Tipo C \/ 3y En Centro De Servicio + Env\u00edo a domicilio + Pago seguro + Garant\u00eda","breadcrumb":{"@id":"https:\/\/compuviper.mx\/tienda\/producto\/lenovo-61f2gar2la-monitor-thinkvision-t32p-20-315-3840x2160-1x-hdmi-2-0-1x-dp-1-2-1x-usb-c-3-2-gen-1n-incluye-cable-usb-tipo-c-a-tipo-c-3y-en-centro-de-servicio\/#breadcrumb"},"inLanguage":"es-MX","potentialAction":[{"@type":"ReadAction","target":["https:\/\/compuviper.mx\/tienda\/producto\/lenovo-61f2gar2la-monitor-thinkvision-t32p-20-315-3840x2160-1x-hdmi-2-0-1x-dp-1-2-1x-usb-c-3-2-gen-1n-incluye-cable-usb-tipo-c-a-tipo-c-3y-en-centro-de-servicio\/"]}]},{"@type":"BreadcrumbList","@id":"https:\/\/compuviper.mx\/tienda\/producto\/lenovo-61f2gar2la-monitor-thinkvision-t32p-20-315-3840x2160-1x-hdmi-2-0-1x-dp-1-2-1x-usb-c-3-2-gen-1n-incluye-cable-usb-tipo-c-a-tipo-c-3y-en-centro-de-servicio\/#breadcrumb","itemListElement":[{"@type":"ListItem","position":1,"name":"Inicio","item":"https:\/\/compuviper.mx\/tienda\/"},{"@type":"ListItem","position":2,"name":"Productos","item":"https:\/\/compuviper.mx\/tienda\/productos\/"},{"@type":"ListItem","position":3,"name":"Monitores","item":"https:\/\/compuviper.mx\/tienda\/categoria-producto\/monitores\/"},{"@type":"ListItem","position":4,"name":"Sin Categor\u00eda","item":"https:\/\/compuviper.mx\/tienda\/categoria-producto\/monitores\/sin-categoria-monitores\/"},{"@type":"ListItem","position":5,"name":"Lenovo 61f2gar2la Monitor Thinkvision T32p-20 \/ 31,5 3840&#215;2160 \/ 1x Hdmi 2.0, 1x Dp 1.2, 1x Usb-c 3.2 Gen 1n \/ Incluye Cable Usb Tipo C A Tipo C \/ 3y En Centro De Servicio"}]},{"@type":"WebSite","@id":"https:\/\/compuviper.mx\/tienda\/#website","url":"https:\/\/compuviper.mx\/tienda\/","name":"Compuviper","description":"Proveedor de Computadoras, Laptops, Servidores, Monitores, Puntos de Venta, Teclados,   Impresoras, T\u00f3ner, C\u00e1maras de Seguridad y m\u00e1s en tu tienda en l\u00ednea","publisher":{"@id":"https:\/\/compuviper.mx\/tienda\/#organization"},"potentialAction":[{"@type":"SearchAction","target":{"@type":"EntryPoint","urlTemplate":"https:\/\/compuviper.mx\/tienda\/?s={search_term_string}"},"query-input":"required name=search_term_string"}],"inLanguage":"es-MX"},{"@type":"Organization","@id":"https:\/\/compuviper.mx\/tienda\/#organization","name":"Compuviper","url":"https:\/\/compuviper.mx\/tienda\/","logo":{"@type":"ImageObject","inLanguage":"es-MX","@id":"https:\/\/compuviper.mx\/tienda\/#\/schema\/logo\/image\/","url":"https:\/\/compuviper.mx\/tienda\/wp-content\/uploads\/2021\/08\/Logo-Compuviper-10.png","contentUrl":"https:\/\/compuviper.mx\/tienda\/wp-content\/uploads\/2021\/08\/Logo-Compuviper-10.png","width":1000,"height":500,"caption":"Compuviper"},"image":{"@id":"https:\/\/compuviper.mx\/tienda\/#\/schema\/logo\/image\/"},"sameAs":["https:\/\/www.facebook.com\/compuviper","https:\/\/www.youtube.com\/channel\/UCf73dERp9Y3cfOq7q8BhLjA?view_as=subscriber"]}]},"product_brand":"LENOVO","product_price_amount":"12168","product_price_currency":"MXN","og_availability":"out of stock","product_availability":"out of stock","product_retailer_item_id":"61F2GAR2LA","product_condition":"new"},"_links":{"self":[{"href":"https:\/\/compuviper.mx\/tienda\/wp-json\/wp\/v2\/product\/246066"}],"collection":[{"href":"https:\/\/compuviper.mx\/tienda\/wp-json\/wp\/v2\/product"}],"about":[{"href":"https:\/\/compuviper.mx\/tienda\/wp-json\/wp\/v2\/types\/product"}],"replies":[{"embeddable":true,"href":"https:\/\/compuviper.mx\/tienda\/wp-json\/wp\/v2\/comments?post=246066"}],"wp:featuredmedia":[{"embeddable":true,"href":"https:\/\/compuviper.mx\/tienda\/wp-json\/wp\/v2\/media\/259870"}],"wp:attachment":[{"href":"https:\/\/compuviper.mx\/tienda\/wp-json\/wp\/v2\/media?parent=246066"}],"wp:term":[{"taxonomy":"product_cat","embeddable":true,"href":"https:\/\/compuviper.mx\/tienda\/wp-json\/wp\/v2\/product_cat?post=246066"},{"taxonomy":"product_tag","embeddable":true,"href":"https:\/\/compuviper.mx\/tienda\/wp-json\/wp\/v2\/product_tag?post=246066"}],"curies":[{"name":"wp","href":"https:\/\/api.w.org\/{rel}","templated":true}]}}