{"id":246057,"date":"2026-04-07T00:24:54","date_gmt":"2026-04-07T06:24:54","guid":{"rendered":"https:\/\/compuviper.mx\/tienda\/producto\/cyberpower-hstp3t30k-ups-trifsico-standalone-30kva-27kw-online-entrada-208-240v-salida-208-220-120v-contactar-al-gerente-de-marca-para-cotizar-los-costos-adicionales-de-mantenimiento-arranque\/"},"modified":"2026-04-07T00:24:54","modified_gmt":"2026-04-07T06:24:54","slug":"cyberpower-hstp3t30k-ups-trifsico-standalone-30kva-27kw-online-entrada-208-240v-salida-208-220-120v-contactar-al-gerente-de-marca-para-cotizar-los-costos-adicionales-de-mantenimiento-arranque","status":"publish","type":"product","link":"https:\/\/compuviper.mx\/tienda\/producto\/cyberpower-hstp3t30k-ups-trifsico-standalone-30kva-27kw-online-entrada-208-240v-salida-208-220-120v-contactar-al-gerente-de-marca-para-cotizar-los-costos-adicionales-de-mantenimiento-arranque\/","title":{"rendered":"Cyberpower Hstp3t30k Ups Trif?sico  Standalone 30kva \/ 27kw, Online, Entrada 208-240v  Salida 208\/220\/120v (contactar Al Gerente De Marca Para Cotizar Los Costos Adicionales De Mantenimiento, Arranque Y Flete)"},"content":{"rendered":"<table class=\"descripcion\">\n<tr>\n<td>Observacion: es imprescindible cotizar los costoas adicionales de mantenimiento, arranque y flete para hacer valida la garantia del equipo.<\/td>\n<\/tr>\n<tr>\n<td>General<\/td>\n<\/tr>\n<tr>\n<td>Fase torre trif\u00e1sica ups<\/td>\n<\/tr>\n<tr>\n<td>Topologa de ups: doble conversin online<\/td>\n<\/tr>\n<tr>\n<td>Tecnologa de ahorro de energa<\/td>\n<\/tr>\n<tr>\n<td>Eficiencia de modo eco en lnea   98<\/td>\n<\/tr>\n<tr>\n<td>Eficiencia del modo normal    94<\/td>\n<\/tr>\n<tr>\n<td>Eficiencia del modo en batera    93<\/td>\n<\/tr>\n<tr>\n<td>Expansin en paralelo unidades m\u00e1ximas 4<\/td>\n<\/tr>\n<tr>\n<td>Entrada<\/td>\n<\/tr>\n<tr>\n<td>Entradas de potencia dobles s<\/td>\n<\/tr>\n<tr>\n<td>Compatible con generador s<\/td>\n<\/tr>\n<tr>\n<td>Voltaje de entrada  vca<\/td>\n<\/tr>\n<tr>\n<td>Lnea a neutro l-n: 120 ~ 127 vac<\/td>\n<\/tr>\n<tr>\n<td>Lnea a lnea l-l: 208 ~ 220 vac<\/td>\n<\/tr>\n<tr>\n<td>Rango de tensin de entrada  vca<\/td>\n<\/tr>\n<tr>\n<td>Lnea a neutro l-n: 108 ~ 160 vac<\/td>\n<\/tr>\n<tr>\n<td>Lnea a lnea l-l: 187 ~ 260 vac<\/td>\n<\/tr>\n<tr>\n<td>Rango de tensin ajustable  vca<\/td>\n<\/tr>\n<tr>\n<td>Lnea a neutro l-n: 120 ~ 127 vac<\/td>\n<\/tr>\n<tr>\n<td>Lnea a lnea l-l: 208 ~ 220 vac<\/td>\n<\/tr>\n<tr>\n<td>Frecuencia de entrada  s.f.  60 \u00b1 10 50 \u00b1 10<\/td>\n<\/tr>\n<tr>\n<td>Corriente de entrada nominal  a  72<\/td>\n<\/tr>\n<tr>\n<td>Factor de entrada de potencia 0.9<\/td>\n<\/tr>\n<tr>\n<td>Tipo de conector de entrada: regleta de conexiones permanentes<\/td>\n<\/tr>\n<tr>\n<td>Salida<\/td>\n<\/tr>\n<tr>\n<td>Capacidad va 30000<\/td>\n<\/tr>\n<tr>\n<td>Capacidad wattd 27000<\/td>\n<\/tr>\n<tr>\n<td>Forma de onda en batera: onda sinusoidal pura<\/td>\n<\/tr>\n<tr>\n<td>Tensines en batera  vca<\/td>\n<\/tr>\n<tr>\n<td>220 \u00b1 1.5<\/td>\n<\/tr>\n<tr>\n<td>208 \u00b1 1.5<\/td>\n<\/tr>\n<tr>\n<td>Ajustes de tensin de salida: configurable<\/td>\n<\/tr>\n<tr>\n<td>Frecuencia en batera  s.f.  60 \u00b1 0.1 50 \u00b1 0.1<\/td>\n<\/tr>\n<tr>\n<td>Ajustes de frecuencia de salida: configurable<\/td>\n<\/tr>\n<tr>\n<td>Factor de potencia 0.9<\/td>\n<\/tr>\n<tr>\n<td>Tolerancia de tensin en modo eco \u00b1 10<\/td>\n<\/tr>\n<tr>\n<td>Proteccin contra sobrecargas: limitacin de tensin interna, disyuntor<\/td>\n<\/tr>\n<tr>\n<td>Factor de cresta: 3 : 1<\/td>\n<\/tr>\n<tr>\n<td>Distorsin armnica carga lineal: thd and 65308;1.5<\/td>\n<\/tr>\n<tr>\n<td>Distorsin armnica carga no lineal: thd and 65308;6<\/td>\n<\/tr>\n<tr>\n<td>Bypass interno: bypass autom\u00e1tico, bypass manual<\/td>\n<\/tr>\n<tr>\n<td>Bypass de mantenimiento: s<\/td>\n<\/tr>\n<tr>\n<td>Tipo de salida: regleta de conexiones permanentes<\/td>\n<\/tr>\n<tr>\n<td>Tiempo de transferencia tpico  ms  0<\/td>\n<\/tr>\n<tr>\n<td>Batera<\/td>\n<\/tr>\n<tr>\n<td>Potencia de recarga tpica    10  x power<\/td>\n<\/tr>\n<tr>\n<td>Ajustes de potencia de recarga: configurable<\/td>\n<\/tr>\n<tr>\n<td>Gestin inteligente de bateras sbm: s<\/td>\n<\/tr>\n<tr>\n<td>Proteccin contra sobretensiones y filtrado<\/td>\n<\/tr>\n<tr>\n<td>Filtracin emi y rfi: s<\/td>\n<\/tr>\n<tr>\n<td>Gestin y comunicaciones<\/td>\n<\/tr>\n<tr>\n<td>Panel lcd: s<\/td>\n<\/tr>\n<tr>\n<td>Pantalla de informacin lcd: tipo de funcionamiento, estado de la alimentacin, estado de la batera, estado de la carga, fallo y advertencia, otra informacin, evento y registro<\/td>\n<\/tr>\n<tr>\n<td>Ajustes y control lcd: ajustes de modo, entrada y salida, ajustes de la batera, comunicacin, evento y registro, ajustes de seguridad, idioma<\/td>\n<\/tr>\n<tr>\n<td>Indicadores led: encendido, modo de lnea, modo de batera, modo bypass, fallo de ups, fallo del cableado<\/td>\n<\/tr>\n<tr>\n<td>Contacto seco con rel: s<\/td>\n<\/tr>\n<tr>\n<td>Puerto epo de apagado de emergencia: s<\/td>\n<\/tr>\n<tr>\n<td>Alarmas audibles: modo de batera, batera baja, sobrecarga, sobrecarga, sobrecalentamiento, fallo de ups, sustituir batera<\/td>\n<\/tr>\n<tr>\n<td>Monitoreo remoto snmp \/ http: s &#8211; con rmcard205 opcional<\/td>\n<\/tr>\n<tr>\n<td>Fsico<\/td>\n<\/tr>\n<tr>\n<td>Factor de forma: torre<\/td>\n<\/tr>\n<tr>\n<td>Construccin de carcasa metal<\/td>\n<\/tr>\n<tr>\n<td>Color: negro<\/td>\n<\/tr>\n<tr>\n<td>Tamao fsico &#8211; mdulo de ups<\/td>\n<\/tr>\n<tr>\n<td>Dimensiones anxalxp mm 250 x 950 x 770<\/td>\n<\/tr>\n<tr>\n<td>Peso libras 64<\/td>\n<\/tr>\n<tr>\n<td>Dimensiones para el envo<\/td>\n<\/tr>\n<tr>\n<td>Dimensiones anxalxp mm 400 x 945 x 1140<\/td>\n<\/tr>\n<tr>\n<td>Peso kg 88.5<\/td>\n<\/tr>\n<tr>\n<td>Medioambiental<\/td>\n<\/tr>\n<tr>\n<td>Temperatura de funcionamiento \u00bac 0 ~ 40<\/td>\n<\/tr>\n<tr>\n<td>Elevacin de funcionamiento  pies\/metros :  and 8804;carga 1000 disminuida 1 por 100m de 1000m y 2000m<\/td>\n<\/tr>\n<tr>\n<td>Temperatura de almacenamiento \u00bac -40 ~ 70<\/td>\n<\/tr>\n<tr>\n<td>Humedad relativa de almacenamiento sin condensacin   : 0 ~ 95<\/td>\n<\/tr>\n<tr>\n<td>Ruido audible a 1,0m desde la superficie de la unidad  dba  70.<\/td>\n<\/tr>\n<tr>\n<td>Garanta 2 aos y 1 ao en batera.<\/td>\n<\/tr>\n<\/table>\n","protected":false},"excerpt":{"rendered":"<p>Cyberpower hstp3t30k el ups online trif\u00e1sico con batera incorporada proporciona respaldo de energa duradero para centros de datos, transporte e infraestructura y sistemas de emergencia. Con la capacidad de redundancia en paralelo, el ups hstp33 trif\u00e1sico es ideal para aplicaciones crticas en salas de servidores, centros de datos, f\u00e1bricas industriales y plantas de generacin de energa que requieren alta capacidad, alta confiabilidad y tiempos de ejecucin extendidos. Con la tecnologa igbt integrada y el control inteligente basado en dsp, el ups produce menos distorsin armnica total de entrada thdi y logra una mayor eficiencia de energa de hasta el 98 en el modo econmico, lo que lo convierte en el ups m\u00e1s eficiente de la industria. Una mayor eficiencia operativa equivale a una menor disipacin trmica btu y un menor consumo de energa en reposo, lo que resulta en una reduccin de los gastos operativos y una menor huella de carbono. Para mejorar la eficiencia operativa, el sistema ups funciona en modo de derivacin en condiciones normales, durante las cuales el inversor se mantiene en espera. Durante los cortes de energa, el ups cambia al modo de batera y el inversor suministra continuamente la carga crtica al equipo conectado .<\/p>\n","protected":false},"featured_media":246058,"comment_status":"open","ping_status":"open","template":"","meta":[],"product_cat":[1508,1691],"product_tag":[1692],"acf":[],"yoast_head":"<!-- This site is optimized with the Yoast SEO plugin v21.7 - https:\/\/yoast.com\/wordpress\/plugins\/seo\/ -->\n<title>[ Cyberpower ] &#129351; Hstp3t30k Ups Trif\u00e1sico Standalone 30kva \/ 27kw, Online, Entrada 208-240v Salida 208\/220\/120v (contactar Al Gerente De Marca Para Cotizar Los Costos Adicionales De Mantenimiento, Arranque Y Flete)<\/title>\n<meta name=\"description\" content=\"Compra Hstp3t30k Ups Trif\u00e1sico Standalone 30kva \/ 27kw, Online, Entrada 208-240v Salida 208\/220\/120v (contactar Al Gerente De Marca Para Cotizar Los Costos Adicionales De Mantenimiento, Arranque Y Flete) + Env\u00edo a domicilio + Pago seguro + Garant\u00eda\" \/>\n<meta name=\"robots\" content=\"index, follow, max-snippet:-1, max-image-preview:large, max-video-preview:-1\" \/>\n<link rel=\"canonical\" href=\"https:\/\/compuviper.mx\/tienda\/producto\/cyberpower-hstp3t30k-ups-trifsico-standalone-30kva-27kw-online-entrada-208-240v-salida-208-220-120v-contactar-al-gerente-de-marca-para-cotizar-los-costos-adicionales-de-mantenimiento-arranque\/\" \/>\n<meta property=\"og:locale\" content=\"es_MX\" \/>\n<meta property=\"og:type\" content=\"article\" \/>\n<meta property=\"og:title\" content=\"[ Cyberpower ] &#129351; Hstp3t30k Ups Trif\u00e1sico Standalone 30kva \/ 27kw, Online, Entrada 208-240v Salida 208\/220\/120v (contactar Al Gerente De Marca Para Cotizar Los Costos Adicionales De Mantenimiento, Arranque Y Flete)\" \/>\n<meta property=\"og:description\" content=\"Compra Hstp3t30k Ups Trif\u00e1sico Standalone 30kva \/ 27kw, Online, Entrada 208-240v Salida 208\/220\/120v (contactar Al Gerente De Marca Para Cotizar Los Costos Adicionales De Mantenimiento, Arranque Y Flete) + Env\u00edo a domicilio + Pago seguro + Garant\u00eda\" \/>\n<meta property=\"og:url\" content=\"https:\/\/compuviper.mx\/tienda\/producto\/cyberpower-hstp3t30k-ups-trifsico-standalone-30kva-27kw-online-entrada-208-240v-salida-208-220-120v-contactar-al-gerente-de-marca-para-cotizar-los-costos-adicionales-de-mantenimiento-arranque\/\" \/>\n<meta property=\"og:site_name\" content=\"Compuviper\" \/>\n<meta property=\"article:publisher\" content=\"https:\/\/www.facebook.com\/compuviper\" \/>\n<meta property=\"og:image\" content=\"https:\/\/compuviper.mx\/tienda\/wp-content\/uploads\/2024\/11\/Ups-trifasico-cyberpower-standalone-30kva-27kw-online-entrada-208-240v-salida-208220120v-contactar-al-gerente-de-marca-para-cotizar-los-costos-adicionales-de-mantenimiento-arranque-y-flete.jpg\" \/>\n\t<meta property=\"og:image:width\" content=\"200\" \/>\n\t<meta property=\"og:image:height\" content=\"200\" \/>\n\t<meta property=\"og:image:type\" content=\"image\/jpeg\" \/>\n<meta name=\"twitter:card\" content=\"summary_large_image\" \/>\n<meta name=\"twitter:label1\" content=\"Precio\" \/>\n\t<meta name=\"twitter:data1\" content=\"&#36;133,499 con IVA\" \/>\n\t<meta name=\"twitter:label2\" content=\"Availability\" \/>\n\t<meta name=\"twitter:data2\" content=\"On backorder\" \/>\n<script type=\"application\/ld+json\" class=\"yoast-schema-graph\">{\"@context\":\"https:\/\/schema.org\",\"@graph\":[{\"@type\":\"WebPage\",\"@id\":\"https:\/\/compuviper.mx\/tienda\/producto\/cyberpower-hstp3t30k-ups-trifsico-standalone-30kva-27kw-online-entrada-208-240v-salida-208-220-120v-contactar-al-gerente-de-marca-para-cotizar-los-costos-adicionales-de-mantenimiento-arranque\/\",\"url\":\"https:\/\/compuviper.mx\/tienda\/producto\/cyberpower-hstp3t30k-ups-trifsico-standalone-30kva-27kw-online-entrada-208-240v-salida-208-220-120v-contactar-al-gerente-de-marca-para-cotizar-los-costos-adicionales-de-mantenimiento-arranque\/\",\"name\":\"[ Cyberpower ] &#129351; Hstp3t30k Ups Trif\u00e1sico Standalone 30kva \/ 27kw, Online, Entrada 208-240v Salida 208\/220\/120v (contactar Al Gerente De Marca Para Cotizar Los Costos Adicionales De Mantenimiento, Arranque Y Flete)\",\"isPartOf\":{\"@id\":\"https:\/\/compuviper.mx\/tienda\/#website\"},\"datePublished\":\"2026-04-07T06:24:54+00:00\",\"dateModified\":\"2026-04-07T06:24:54+00:00\",\"description\":\"Compra Hstp3t30k Ups Trif\u00e1sico Standalone 30kva \/ 27kw, Online, Entrada 208-240v Salida 208\/220\/120v (contactar Al Gerente De Marca Para Cotizar Los Costos Adicionales De Mantenimiento, Arranque Y Flete) + Env\u00edo a domicilio + Pago seguro + Garant\u00eda\",\"breadcrumb\":{\"@id\":\"https:\/\/compuviper.mx\/tienda\/producto\/cyberpower-hstp3t30k-ups-trifsico-standalone-30kva-27kw-online-entrada-208-240v-salida-208-220-120v-contactar-al-gerente-de-marca-para-cotizar-los-costos-adicionales-de-mantenimiento-arranque\/#breadcrumb\"},\"inLanguage\":\"es-MX\",\"potentialAction\":[{\"@type\":\"ReadAction\",\"target\":[\"https:\/\/compuviper.mx\/tienda\/producto\/cyberpower-hstp3t30k-ups-trifsico-standalone-30kva-27kw-online-entrada-208-240v-salida-208-220-120v-contactar-al-gerente-de-marca-para-cotizar-los-costos-adicionales-de-mantenimiento-arranque\/\"]}]},{\"@type\":\"BreadcrumbList\",\"@id\":\"https:\/\/compuviper.mx\/tienda\/producto\/cyberpower-hstp3t30k-ups-trifsico-standalone-30kva-27kw-online-entrada-208-240v-salida-208-220-120v-contactar-al-gerente-de-marca-para-cotizar-los-costos-adicionales-de-mantenimiento-arranque\/#breadcrumb\",\"itemListElement\":[{\"@type\":\"ListItem\",\"position\":1,\"name\":\"Inicio\",\"item\":\"https:\/\/compuviper.mx\/tienda\/\"},{\"@type\":\"ListItem\",\"position\":2,\"name\":\"Productos\",\"item\":\"https:\/\/compuviper.mx\/tienda\/productos\/\"},{\"@type\":\"ListItem\",\"position\":3,\"name\":\"Energia\",\"item\":\"https:\/\/compuviper.mx\/tienda\/categoria-producto\/energia\/\"},{\"@type\":\"ListItem\",\"position\":4,\"name\":\"No Break\",\"item\":\"https:\/\/compuviper.mx\/tienda\/categoria-producto\/energia\/no-break\/\"},{\"@type\":\"ListItem\",\"position\":5,\"name\":\"Cyberpower Hstp3t30k Ups Trif?sico Standalone 30kva \/ 27kw, Online, Entrada 208-240v Salida 208\/220\/120v (contactar Al Gerente De Marca Para Cotizar Los Costos Adicionales De Mantenimiento, Arranque Y Flete)\"}]},{\"@type\":\"WebSite\",\"@id\":\"https:\/\/compuviper.mx\/tienda\/#website\",\"url\":\"https:\/\/compuviper.mx\/tienda\/\",\"name\":\"Compuviper\",\"description\":\"Proveedor de Computadoras, Laptops, Servidores, Monitores, Puntos de Venta, Teclados,   Impresoras, T\u00f3ner, C\u00e1maras de Seguridad y m\u00e1s en tu tienda en l\u00ednea\",\"publisher\":{\"@id\":\"https:\/\/compuviper.mx\/tienda\/#organization\"},\"potentialAction\":[{\"@type\":\"SearchAction\",\"target\":{\"@type\":\"EntryPoint\",\"urlTemplate\":\"https:\/\/compuviper.mx\/tienda\/?s={search_term_string}\"},\"query-input\":\"required name=search_term_string\"}],\"inLanguage\":\"es-MX\"},{\"@type\":\"Organization\",\"@id\":\"https:\/\/compuviper.mx\/tienda\/#organization\",\"name\":\"Compuviper\",\"url\":\"https:\/\/compuviper.mx\/tienda\/\",\"logo\":{\"@type\":\"ImageObject\",\"inLanguage\":\"es-MX\",\"@id\":\"https:\/\/compuviper.mx\/tienda\/#\/schema\/logo\/image\/\",\"url\":\"https:\/\/compuviper.mx\/tienda\/wp-content\/uploads\/2021\/08\/Logo-Compuviper-10.png\",\"contentUrl\":\"https:\/\/compuviper.mx\/tienda\/wp-content\/uploads\/2021\/08\/Logo-Compuviper-10.png\",\"width\":1000,\"height\":500,\"caption\":\"Compuviper\"},\"image\":{\"@id\":\"https:\/\/compuviper.mx\/tienda\/#\/schema\/logo\/image\/\"},\"sameAs\":[\"https:\/\/www.facebook.com\/compuviper\",\"https:\/\/www.youtube.com\/channel\/UCf73dERp9Y3cfOq7q8BhLjA?view_as=subscriber\"]}]}<\/script>\n<meta property=\"product:brand\" content=\"CYBERPOWER\" \/>\n<meta property=\"product:price:amount\" content=\"133499\" \/>\n<meta property=\"product:price:currency\" content=\"MXN\" \/>\n<meta property=\"og:availability\" content=\"backorder\" \/>\n<meta property=\"product:availability\" content=\"available for order\" \/>\n<meta property=\"product:retailer_item_id\" content=\"HSTP3T30K\" \/>\n<meta property=\"product:condition\" content=\"new\" \/>\n<!-- \/ Yoast SEO plugin. -->","yoast_head_json":{"title":"[ Cyberpower ] &#129351; Hstp3t30k Ups Trif\u00e1sico Standalone 30kva \/ 27kw, Online, Entrada 208-240v Salida 208\/220\/120v (contactar Al Gerente De Marca Para Cotizar Los Costos Adicionales De Mantenimiento, Arranque Y Flete)","description":"Compra Hstp3t30k Ups Trif\u00e1sico Standalone 30kva \/ 27kw, Online, Entrada 208-240v Salida 208\/220\/120v (contactar Al Gerente De Marca Para Cotizar Los Costos Adicionales De Mantenimiento, Arranque Y Flete) + Env\u00edo a domicilio + Pago seguro + Garant\u00eda","robots":{"index":"index","follow":"follow","max-snippet":"max-snippet:-1","max-image-preview":"max-image-preview:large","max-video-preview":"max-video-preview:-1"},"canonical":"https:\/\/compuviper.mx\/tienda\/producto\/cyberpower-hstp3t30k-ups-trifsico-standalone-30kva-27kw-online-entrada-208-240v-salida-208-220-120v-contactar-al-gerente-de-marca-para-cotizar-los-costos-adicionales-de-mantenimiento-arranque\/","og_locale":"es_MX","og_type":"article","og_title":"[ Cyberpower ] &#129351; Hstp3t30k Ups Trif\u00e1sico Standalone 30kva \/ 27kw, Online, Entrada 208-240v Salida 208\/220\/120v (contactar Al Gerente De Marca Para Cotizar Los Costos Adicionales De Mantenimiento, Arranque Y Flete)","og_description":"Compra Hstp3t30k Ups Trif\u00e1sico Standalone 30kva \/ 27kw, Online, Entrada 208-240v Salida 208\/220\/120v (contactar Al Gerente De Marca Para Cotizar Los Costos Adicionales De Mantenimiento, Arranque Y Flete) + Env\u00edo a domicilio + Pago seguro + Garant\u00eda","og_url":"https:\/\/compuviper.mx\/tienda\/producto\/cyberpower-hstp3t30k-ups-trifsico-standalone-30kva-27kw-online-entrada-208-240v-salida-208-220-120v-contactar-al-gerente-de-marca-para-cotizar-los-costos-adicionales-de-mantenimiento-arranque\/","og_site_name":"Compuviper","article_publisher":"https:\/\/www.facebook.com\/compuviper","og_image":[{"width":200,"height":200,"url":"https:\/\/compuviper.mx\/tienda\/wp-content\/uploads\/2024\/11\/Ups-trifasico-cyberpower-standalone-30kva-27kw-online-entrada-208-240v-salida-208220120v-contactar-al-gerente-de-marca-para-cotizar-los-costos-adicionales-de-mantenimiento-arranque-y-flete.jpg","type":"image\/jpeg"}],"twitter_card":"summary_large_image","twitter_misc":{"Precio":"&#36;133,499 con IVA","Availability":"On backorder"},"schema":{"@context":"https:\/\/schema.org","@graph":[{"@type":"WebPage","@id":"https:\/\/compuviper.mx\/tienda\/producto\/cyberpower-hstp3t30k-ups-trifsico-standalone-30kva-27kw-online-entrada-208-240v-salida-208-220-120v-contactar-al-gerente-de-marca-para-cotizar-los-costos-adicionales-de-mantenimiento-arranque\/","url":"https:\/\/compuviper.mx\/tienda\/producto\/cyberpower-hstp3t30k-ups-trifsico-standalone-30kva-27kw-online-entrada-208-240v-salida-208-220-120v-contactar-al-gerente-de-marca-para-cotizar-los-costos-adicionales-de-mantenimiento-arranque\/","name":"[ Cyberpower ] &#129351; Hstp3t30k Ups Trif\u00e1sico Standalone 30kva \/ 27kw, Online, Entrada 208-240v Salida 208\/220\/120v (contactar Al Gerente De Marca Para Cotizar Los Costos Adicionales De Mantenimiento, Arranque Y Flete)","isPartOf":{"@id":"https:\/\/compuviper.mx\/tienda\/#website"},"datePublished":"2026-04-07T06:24:54+00:00","dateModified":"2026-04-07T06:24:54+00:00","description":"Compra Hstp3t30k Ups Trif\u00e1sico Standalone 30kva \/ 27kw, Online, Entrada 208-240v Salida 208\/220\/120v (contactar Al Gerente De Marca Para Cotizar Los Costos Adicionales De Mantenimiento, Arranque Y Flete) + Env\u00edo a domicilio + Pago seguro + Garant\u00eda","breadcrumb":{"@id":"https:\/\/compuviper.mx\/tienda\/producto\/cyberpower-hstp3t30k-ups-trifsico-standalone-30kva-27kw-online-entrada-208-240v-salida-208-220-120v-contactar-al-gerente-de-marca-para-cotizar-los-costos-adicionales-de-mantenimiento-arranque\/#breadcrumb"},"inLanguage":"es-MX","potentialAction":[{"@type":"ReadAction","target":["https:\/\/compuviper.mx\/tienda\/producto\/cyberpower-hstp3t30k-ups-trifsico-standalone-30kva-27kw-online-entrada-208-240v-salida-208-220-120v-contactar-al-gerente-de-marca-para-cotizar-los-costos-adicionales-de-mantenimiento-arranque\/"]}]},{"@type":"BreadcrumbList","@id":"https:\/\/compuviper.mx\/tienda\/producto\/cyberpower-hstp3t30k-ups-trifsico-standalone-30kva-27kw-online-entrada-208-240v-salida-208-220-120v-contactar-al-gerente-de-marca-para-cotizar-los-costos-adicionales-de-mantenimiento-arranque\/#breadcrumb","itemListElement":[{"@type":"ListItem","position":1,"name":"Inicio","item":"https:\/\/compuviper.mx\/tienda\/"},{"@type":"ListItem","position":2,"name":"Productos","item":"https:\/\/compuviper.mx\/tienda\/productos\/"},{"@type":"ListItem","position":3,"name":"Energia","item":"https:\/\/compuviper.mx\/tienda\/categoria-producto\/energia\/"},{"@type":"ListItem","position":4,"name":"No Break","item":"https:\/\/compuviper.mx\/tienda\/categoria-producto\/energia\/no-break\/"},{"@type":"ListItem","position":5,"name":"Cyberpower Hstp3t30k Ups Trif?sico Standalone 30kva \/ 27kw, Online, Entrada 208-240v Salida 208\/220\/120v (contactar Al Gerente De Marca Para Cotizar Los Costos Adicionales De Mantenimiento, Arranque Y Flete)"}]},{"@type":"WebSite","@id":"https:\/\/compuviper.mx\/tienda\/#website","url":"https:\/\/compuviper.mx\/tienda\/","name":"Compuviper","description":"Proveedor de Computadoras, Laptops, Servidores, Monitores, Puntos de Venta, Teclados,   Impresoras, T\u00f3ner, C\u00e1maras de Seguridad y m\u00e1s en tu tienda en l\u00ednea","publisher":{"@id":"https:\/\/compuviper.mx\/tienda\/#organization"},"potentialAction":[{"@type":"SearchAction","target":{"@type":"EntryPoint","urlTemplate":"https:\/\/compuviper.mx\/tienda\/?s={search_term_string}"},"query-input":"required name=search_term_string"}],"inLanguage":"es-MX"},{"@type":"Organization","@id":"https:\/\/compuviper.mx\/tienda\/#organization","name":"Compuviper","url":"https:\/\/compuviper.mx\/tienda\/","logo":{"@type":"ImageObject","inLanguage":"es-MX","@id":"https:\/\/compuviper.mx\/tienda\/#\/schema\/logo\/image\/","url":"https:\/\/compuviper.mx\/tienda\/wp-content\/uploads\/2021\/08\/Logo-Compuviper-10.png","contentUrl":"https:\/\/compuviper.mx\/tienda\/wp-content\/uploads\/2021\/08\/Logo-Compuviper-10.png","width":1000,"height":500,"caption":"Compuviper"},"image":{"@id":"https:\/\/compuviper.mx\/tienda\/#\/schema\/logo\/image\/"},"sameAs":["https:\/\/www.facebook.com\/compuviper","https:\/\/www.youtube.com\/channel\/UCf73dERp9Y3cfOq7q8BhLjA?view_as=subscriber"]}]},"product_brand":"CYBERPOWER","product_price_amount":"133499","product_price_currency":"MXN","og_availability":"backorder","product_availability":"available for order","product_retailer_item_id":"HSTP3T30K","product_condition":"new"},"_links":{"self":[{"href":"https:\/\/compuviper.mx\/tienda\/wp-json\/wp\/v2\/product\/246057"}],"collection":[{"href":"https:\/\/compuviper.mx\/tienda\/wp-json\/wp\/v2\/product"}],"about":[{"href":"https:\/\/compuviper.mx\/tienda\/wp-json\/wp\/v2\/types\/product"}],"replies":[{"embeddable":true,"href":"https:\/\/compuviper.mx\/tienda\/wp-json\/wp\/v2\/comments?post=246057"}],"wp:featuredmedia":[{"embeddable":true,"href":"https:\/\/compuviper.mx\/tienda\/wp-json\/wp\/v2\/media\/246058"}],"wp:attachment":[{"href":"https:\/\/compuviper.mx\/tienda\/wp-json\/wp\/v2\/media?parent=246057"}],"wp:term":[{"taxonomy":"product_cat","embeddable":true,"href":"https:\/\/compuviper.mx\/tienda\/wp-json\/wp\/v2\/product_cat?post=246057"},{"taxonomy":"product_tag","embeddable":true,"href":"https:\/\/compuviper.mx\/tienda\/wp-json\/wp\/v2\/product_tag?post=246057"}],"curies":[{"name":"wp","href":"https:\/\/api.w.org\/{rel}","templated":true}]}}