{"id":246056,"date":"2026-04-15T00:26:03","date_gmt":"2026-04-15T06:26:03","guid":{"rendered":"https:\/\/compuviper.mx\/tienda\/producto\/hikvision-ids-7208hqhi-m1-xt-dvr-8-canales-turbohd-4-canales-ip-5-mp-lite-3k-lite-audio-de-dos-vias-por-coaxitron-reconocimiento-facial-acusense-evista-falsas-alarmas-1-bahia-de-disco-du\/"},"modified":"2026-04-15T00:26:03","modified_gmt":"2026-04-15T06:26:03","slug":"hikvision-ids-7208hqhi-m1-xt-dvr-8-canales-turbohd-4-canales-ip-5-mp-lite-3k-lite-audio-de-dos-vias-por-coaxitron-reconocimiento-facial-acusense-evista-falsas-alarmas-1-bahia-de-disco-duro","status":"publish","type":"product","link":"https:\/\/compuviper.mx\/tienda\/producto\/hikvision-ids-7208hqhi-m1-xt-dvr-8-canales-turbohd-4-canales-ip-5-mp-lite-3k-lite-audio-de-dos-vias-por-coaxitron-reconocimiento-facial-acusense-evista-falsas-alarmas-1-bahia-de-disco-duro\/","title":{"rendered":"Hikvision Ids-7208hqhi-m1\/xt Dvr 8 Canales Turbohd 4 Canales Ip \/ 5 Mp Lite-3k Lite \/ Audio De Dos Vias Por Coaxitron \/ Reconocimiento Facial \/ Acusense Evista Falsas Alarmas \/ 1 Bahia De Disco Duro \/ Salida De Video Fhd"},"content":{"rendered":"<table class=\"descripcion\">\n<tr>\n<td>Caracter\u00edsticas principales:<\/td>\n<\/tr>\n<tr>\n<td>Soporta audio de dos vias por coaxitron en todos los canales (utp o coaxial).<\/td>\n<\/tr>\n<tr>\n<td>Soporta reconocimiento facial.<\/td>\n<\/tr>\n<tr>\n<td>Soporta acusense<\/td>\n<\/tr>\n<tr>\n<td>Soporta 8 canales turbohd + 4 canales ip = 12 canales en total.<\/td>\n<\/tr>\n<tr>\n<td>Dvr pentah\u00edbrido: hd-tvi \/ hd-cvi \/ analogico \/ ip \/ ahd.<\/td>\n<\/tr>\n<tr>\n<td>Acceso remoto: pc (windows \/ mac), smart phone (iphone, ipad, android).<\/td>\n<\/tr>\n<tr>\n<td>Compatibilidad con navegador internet explorer o chrome.<\/td>\n<\/tr>\n<tr>\n<td>Software cliente multi sitio de hasta 64 canales (ivms-4200).<\/td>\n<\/tr>\n<tr>\n<td>Compatible con hik-connect p2p.<\/td>\n<\/tr>\n<tr>\n<td>Soporta servicio ddns hik-connect domain \/ dyndns.<\/td>\n<\/tr>\n<tr>\n<td>1 entrada y 1 salida de audio (bocina y microfono externo).<\/td>\n<\/tr>\n<tr>\n<td>Soporta 1 hdd de hasta 10 tb (no incluido).<\/td>\n<\/tr>\n<tr>\n<td>Interfaz serial: rs-485 (hikvision c, coaxitron, pelco d, pelco p, etc).<\/td>\n<\/tr>\n<tr>\n<td>Compresi\u00f3n: h.265+ \/ h.265 \/ h.264.<\/td>\n<\/tr>\n<tr>\n<td>Salida de video sumultaneo en hdmi y vga.<\/td>\n<\/tr>\n<tr>\n<td>Caracter\u00edsticas f\u00edsicas y el\u00e9ctricas:<\/td>\n<\/tr>\n<tr>\n<td>Alimentaci\u00f3n: 12 vcc (fuente incluida).<\/td>\n<\/tr>\n<tr>\n<td>Consumo sin hdd: 18 watts.<\/td>\n<\/tr>\n<tr>\n<td>Temperatura de operaci\u00f3n: -10 \u00bac hasta 55 \u00bac.<\/td>\n<\/tr>\n<tr>\n<td>Dimensiones: 315 x 242 x 45 mm (w \u00d7 d \u00d7 h)<\/td>\n<\/tr>\n<tr>\n<td>Peso: 1.78 kg sin hdd.<\/td>\n<\/tr>\n<tr>\n<td>No compatible con control remoto<\/td>\n<\/tr>\n<tr>\n<td>Resolucion:<\/td>\n<\/tr>\n<tr>\n<td>Tvi (turbohd): 3k \/ 5 mp \/ 4 mp \/ 2 mp.<\/td>\n<\/tr>\n<tr>\n<td>Cvi: 5 mp \/ 4 mp \/ 2 mp.<\/td>\n<\/tr>\n<tr>\n<td>Ahd: 5 mp \/ 4 mp \/ 2 mp.<\/td>\n<\/tr>\n<tr>\n<td>Cvbs (anal\u00f3gico): 1200 tvl.<\/td>\n<\/tr>\n<tr>\n<td>Ip: 6 mp\/ 5 mp\/ 4 mp \/ 2 mp<\/td>\n<\/tr>\n<tr>\n<td>Caracter\u00edsticas destacadas:<\/td>\n<\/tr>\n<tr>\n<td>Soporta audio de dos vias por coaxitron (utp o coaxial). compatible con modelo de c\u00e1maras turbohd que soporten audio de dos v\u00edas. podemos tener una comunicaci\u00f3n desde la app hik-connect bidireccional hacia la c\u00e1mara.<\/td>\n<\/tr>\n<tr>\n<td>Soporta reconocimiento facial en 2 canales de video, compatible solo con c\u00e1maras turbohd (el analitico lo hace el dvr, puede ser cualquier c\u00e1mara turbohd).<\/td>\n<\/tr>\n<tr>\n<td>Soporta 4 canales con tecnologia acusense, permite filtrar por analitica de cruce de linea o intrusion de area humanos o vehiculos para activar un evento o grabaci\u00f3n, esto nos permite descartar falsas alarmas (grabaciones) cuando exista un movimiento de hojas o movimiento de algun animal, vuelve mas eficiente la grabaci\u00f3n cuando realmente si sea necesario.<\/td>\n<\/tr>\n<tr>\n<td>Soporta en todos los canales con tecnolog\u00eda acusense lite, permite filtrar por detecci\u00f3n de movimiento humanos o vehiculos para activar un evento o grabaci\u00f3n, esto nos permite descartar falsas alarmas (grabaciones) cuando exista un movimiento de hojas o movimiento de algun animal, vuelve mas eficiente la grabaci\u00f3n cuando realmente si sea necesario.<\/td>\n<\/tr>\n<tr>\n<td>No es posible usar acusense y acusense lite al mismo tiempo, se tiene que definir el modo de uso.<\/td>\n<\/tr>\n<tr>\n<td>Soporta apagar canales turbohd y poder conventir el dvr en un equipo nvr completo, por cada canal turbohd que se apague se puede generar un canal ip adicional. podemos tener hasta 12 canales ip en total.<\/td>\n<\/tr>\n<\/table>\n","protected":false},"excerpt":{"rendered":"<p>Compatibilidad total con formatos hd-tvi, hd-cvi, ip, ahd. Soporte de 12 canales: 8 turbohd + 4 ip. Compresi\u00f3n avanzada: h.265+ para mayor eficiencia. Soporta hdd hasta 10 tb para almacenamiento masivo. Acceso remoto en windows, mac, iphone, android<\/p>\n","protected":false},"featured_media":259505,"comment_status":"open","ping_status":"open","template":"","meta":[],"product_cat":[1689,1690],"product_tag":[1595],"acf":[],"yoast_head":"<!-- This site is optimized with the Yoast SEO plugin v21.7 - https:\/\/yoast.com\/wordpress\/plugins\/seo\/ -->\n<title>[ Hikvision ] &#129351; Ids-7208hqhi-m1\/xt Dvr 8 Canales Turbohd 4 Canales Ip \/ 5 Mp Lite-3k Lite \/ Audio De Dos Vias Por Coaxitron \/ Reconocimiento Facial \/ Acusense Evista Falsas Alarmas \/ 1 Bahia De Disco Duro \/ Salida De Video Fhd<\/title>\n<meta name=\"description\" content=\"Compra Ids-7208hqhi-m1\/xt Dvr 8 Canales Turbohd 4 Canales Ip \/ 5 Mp Lite-3k Lite \/ Audio De Dos Vias Por Coaxitron \/ Reconocimiento Facial \/ Acusense Evista Falsas Alarmas \/ 1 Bahia De Disco Duro \/ Salida De Video Fhd + Env\u00edo a domicilio + Pago seguro + Garant\u00eda\" \/>\n<meta name=\"robots\" content=\"index, follow, max-snippet:-1, max-image-preview:large, max-video-preview:-1\" \/>\n<link rel=\"canonical\" href=\"https:\/\/compuviper.mx\/tienda\/producto\/hikvision-ids-7208hqhi-m1-xt-dvr-8-canales-turbohd-4-canales-ip-5-mp-lite-3k-lite-audio-de-dos-vias-por-coaxitron-reconocimiento-facial-acusense-evista-falsas-alarmas-1-bahia-de-disco-duro\/\" \/>\n<meta property=\"og:locale\" content=\"es_MX\" \/>\n<meta property=\"og:type\" content=\"article\" \/>\n<meta property=\"og:title\" content=\"[ Hikvision ] &#129351; Ids-7208hqhi-m1\/xt Dvr 8 Canales Turbohd 4 Canales Ip \/ 5 Mp Lite-3k Lite \/ Audio De Dos Vias Por Coaxitron \/ Reconocimiento Facial \/ Acusense Evista Falsas Alarmas \/ 1 Bahia De Disco Duro \/ Salida De Video Fhd\" \/>\n<meta property=\"og:description\" content=\"Compra Ids-7208hqhi-m1\/xt Dvr 8 Canales Turbohd 4 Canales Ip \/ 5 Mp Lite-3k Lite \/ Audio De Dos Vias Por Coaxitron \/ Reconocimiento Facial \/ Acusense Evista Falsas Alarmas \/ 1 Bahia De Disco Duro \/ Salida De Video Fhd + Env\u00edo a domicilio + Pago seguro + Garant\u00eda\" \/>\n<meta property=\"og:url\" content=\"https:\/\/compuviper.mx\/tienda\/producto\/hikvision-ids-7208hqhi-m1-xt-dvr-8-canales-turbohd-4-canales-ip-5-mp-lite-3k-lite-audio-de-dos-vias-por-coaxitron-reconocimiento-facial-acusense-evista-falsas-alarmas-1-bahia-de-disco-duro\/\" \/>\n<meta property=\"og:site_name\" content=\"Compuviper\" \/>\n<meta property=\"article:publisher\" content=\"https:\/\/www.facebook.com\/compuviper\" \/>\n<meta property=\"og:image\" content=\"https:\/\/compuviper.mx\/tienda\/wp-content\/uploads\/2025\/10\/Dvr-8-canales-turbohd-4-canales-ip-5-mp-lite-3k-lite-audio-de-dos-vias-por-coaxitron-reconocimiento-facial-acusense-evista-falsas-alarmas-1-bahia-de-disco-duro-salida-de-video-fhd.jpg\" \/>\n\t<meta property=\"og:image:width\" content=\"200\" \/>\n\t<meta property=\"og:image:height\" content=\"200\" \/>\n\t<meta property=\"og:image:type\" content=\"image\/jpeg\" \/>\n<meta name=\"twitter:card\" content=\"summary_large_image\" \/>\n<meta name=\"twitter:label1\" content=\"Precio\" \/>\n\t<meta name=\"twitter:data1\" content=\"&#36;1,814 con IVA\" \/>\n\t<meta name=\"twitter:label2\" content=\"Availability\" \/>\n\t<meta name=\"twitter:data2\" content=\"Out of stock\" \/>\n<script type=\"application\/ld+json\" class=\"yoast-schema-graph\">{\"@context\":\"https:\/\/schema.org\",\"@graph\":[{\"@type\":\"WebPage\",\"@id\":\"https:\/\/compuviper.mx\/tienda\/producto\/hikvision-ids-7208hqhi-m1-xt-dvr-8-canales-turbohd-4-canales-ip-5-mp-lite-3k-lite-audio-de-dos-vias-por-coaxitron-reconocimiento-facial-acusense-evista-falsas-alarmas-1-bahia-de-disco-duro\/\",\"url\":\"https:\/\/compuviper.mx\/tienda\/producto\/hikvision-ids-7208hqhi-m1-xt-dvr-8-canales-turbohd-4-canales-ip-5-mp-lite-3k-lite-audio-de-dos-vias-por-coaxitron-reconocimiento-facial-acusense-evista-falsas-alarmas-1-bahia-de-disco-duro\/\",\"name\":\"[ Hikvision ] &#129351; Ids-7208hqhi-m1\/xt Dvr 8 Canales Turbohd 4 Canales Ip \/ 5 Mp Lite-3k Lite \/ Audio De Dos Vias Por Coaxitron \/ Reconocimiento Facial \/ Acusense Evista Falsas Alarmas \/ 1 Bahia De Disco Duro \/ Salida De Video Fhd\",\"isPartOf\":{\"@id\":\"https:\/\/compuviper.mx\/tienda\/#website\"},\"datePublished\":\"2026-04-15T06:26:03+00:00\",\"dateModified\":\"2026-04-15T06:26:03+00:00\",\"description\":\"Compra Ids-7208hqhi-m1\/xt Dvr 8 Canales Turbohd 4 Canales Ip \/ 5 Mp Lite-3k Lite \/ Audio De Dos Vias Por Coaxitron \/ Reconocimiento Facial \/ Acusense Evista Falsas Alarmas \/ 1 Bahia De Disco Duro \/ Salida De Video Fhd + Env\u00edo a domicilio + Pago seguro + Garant\u00eda\",\"breadcrumb\":{\"@id\":\"https:\/\/compuviper.mx\/tienda\/producto\/hikvision-ids-7208hqhi-m1-xt-dvr-8-canales-turbohd-4-canales-ip-5-mp-lite-3k-lite-audio-de-dos-vias-por-coaxitron-reconocimiento-facial-acusense-evista-falsas-alarmas-1-bahia-de-disco-duro\/#breadcrumb\"},\"inLanguage\":\"es-MX\",\"potentialAction\":[{\"@type\":\"ReadAction\",\"target\":[\"https:\/\/compuviper.mx\/tienda\/producto\/hikvision-ids-7208hqhi-m1-xt-dvr-8-canales-turbohd-4-canales-ip-5-mp-lite-3k-lite-audio-de-dos-vias-por-coaxitron-reconocimiento-facial-acusense-evista-falsas-alarmas-1-bahia-de-disco-duro\/\"]}]},{\"@type\":\"BreadcrumbList\",\"@id\":\"https:\/\/compuviper.mx\/tienda\/producto\/hikvision-ids-7208hqhi-m1-xt-dvr-8-canales-turbohd-4-canales-ip-5-mp-lite-3k-lite-audio-de-dos-vias-por-coaxitron-reconocimiento-facial-acusense-evista-falsas-alarmas-1-bahia-de-disco-duro\/#breadcrumb\",\"itemListElement\":[{\"@type\":\"ListItem\",\"position\":1,\"name\":\"Inicio\",\"item\":\"https:\/\/compuviper.mx\/tienda\/\"},{\"@type\":\"ListItem\",\"position\":2,\"name\":\"Productos\",\"item\":\"https:\/\/compuviper.mx\/tienda\/productos\/\"},{\"@type\":\"ListItem\",\"position\":3,\"name\":\"Videograbadores\",\"item\":\"https:\/\/compuviper.mx\/tienda\/categoria-producto\/videograbadores\/\"},{\"@type\":\"ListItem\",\"position\":4,\"name\":\"Dvr\",\"item\":\"https:\/\/compuviper.mx\/tienda\/categoria-producto\/videograbadores\/dvr\/\"},{\"@type\":\"ListItem\",\"position\":5,\"name\":\"Hikvision Ids-7208hqhi-m1\/xt Dvr 8 Canales Turbohd 4 Canales Ip \/ 5 Mp Lite-3k Lite \/ Audio De Dos Vias Por Coaxitron \/ Reconocimiento Facial \/ Acusense Evista Falsas Alarmas \/ 1 Bahia De Disco Duro \/ Salida De Video Fhd\"}]},{\"@type\":\"WebSite\",\"@id\":\"https:\/\/compuviper.mx\/tienda\/#website\",\"url\":\"https:\/\/compuviper.mx\/tienda\/\",\"name\":\"Compuviper\",\"description\":\"Proveedor de Computadoras, Laptops, Servidores, Monitores, Puntos de Venta, Teclados,   Impresoras, T\u00f3ner, C\u00e1maras de Seguridad y m\u00e1s en tu tienda en l\u00ednea\",\"publisher\":{\"@id\":\"https:\/\/compuviper.mx\/tienda\/#organization\"},\"potentialAction\":[{\"@type\":\"SearchAction\",\"target\":{\"@type\":\"EntryPoint\",\"urlTemplate\":\"https:\/\/compuviper.mx\/tienda\/?s={search_term_string}\"},\"query-input\":\"required name=search_term_string\"}],\"inLanguage\":\"es-MX\"},{\"@type\":\"Organization\",\"@id\":\"https:\/\/compuviper.mx\/tienda\/#organization\",\"name\":\"Compuviper\",\"url\":\"https:\/\/compuviper.mx\/tienda\/\",\"logo\":{\"@type\":\"ImageObject\",\"inLanguage\":\"es-MX\",\"@id\":\"https:\/\/compuviper.mx\/tienda\/#\/schema\/logo\/image\/\",\"url\":\"https:\/\/compuviper.mx\/tienda\/wp-content\/uploads\/2021\/08\/Logo-Compuviper-10.png\",\"contentUrl\":\"https:\/\/compuviper.mx\/tienda\/wp-content\/uploads\/2021\/08\/Logo-Compuviper-10.png\",\"width\":1000,\"height\":500,\"caption\":\"Compuviper\"},\"image\":{\"@id\":\"https:\/\/compuviper.mx\/tienda\/#\/schema\/logo\/image\/\"},\"sameAs\":[\"https:\/\/www.facebook.com\/compuviper\",\"https:\/\/www.youtube.com\/channel\/UCf73dERp9Y3cfOq7q8BhLjA?view_as=subscriber\"]}]}<\/script>\n<meta property=\"product:brand\" content=\"HIKVISION\" \/>\n<meta property=\"product:price:amount\" content=\"1814\" \/>\n<meta property=\"product:price:currency\" content=\"MXN\" \/>\n<meta property=\"og:availability\" content=\"out of stock\" \/>\n<meta property=\"product:availability\" content=\"out of stock\" \/>\n<meta property=\"product:retailer_item_id\" content=\"IDS-7208HQHI-M1\/XT\" \/>\n<meta property=\"product:condition\" content=\"new\" \/>\n<!-- \/ Yoast SEO plugin. -->","yoast_head_json":{"title":"[ Hikvision ] &#129351; Ids-7208hqhi-m1\/xt Dvr 8 Canales Turbohd 4 Canales Ip \/ 5 Mp Lite-3k Lite \/ Audio De Dos Vias Por Coaxitron \/ Reconocimiento Facial \/ Acusense Evista Falsas Alarmas \/ 1 Bahia De Disco Duro \/ Salida De Video Fhd","description":"Compra Ids-7208hqhi-m1\/xt Dvr 8 Canales Turbohd 4 Canales Ip \/ 5 Mp Lite-3k Lite \/ Audio De Dos Vias Por Coaxitron \/ Reconocimiento Facial \/ Acusense Evista Falsas Alarmas \/ 1 Bahia De Disco Duro \/ Salida De Video Fhd + Env\u00edo a domicilio + Pago seguro + Garant\u00eda","robots":{"index":"index","follow":"follow","max-snippet":"max-snippet:-1","max-image-preview":"max-image-preview:large","max-video-preview":"max-video-preview:-1"},"canonical":"https:\/\/compuviper.mx\/tienda\/producto\/hikvision-ids-7208hqhi-m1-xt-dvr-8-canales-turbohd-4-canales-ip-5-mp-lite-3k-lite-audio-de-dos-vias-por-coaxitron-reconocimiento-facial-acusense-evista-falsas-alarmas-1-bahia-de-disco-duro\/","og_locale":"es_MX","og_type":"article","og_title":"[ Hikvision ] &#129351; Ids-7208hqhi-m1\/xt Dvr 8 Canales Turbohd 4 Canales Ip \/ 5 Mp Lite-3k Lite \/ Audio De Dos Vias Por Coaxitron \/ Reconocimiento Facial \/ Acusense Evista Falsas Alarmas \/ 1 Bahia De Disco Duro \/ Salida De Video Fhd","og_description":"Compra Ids-7208hqhi-m1\/xt Dvr 8 Canales Turbohd 4 Canales Ip \/ 5 Mp Lite-3k Lite \/ Audio De Dos Vias Por Coaxitron \/ Reconocimiento Facial \/ Acusense Evista Falsas Alarmas \/ 1 Bahia De Disco Duro \/ Salida De Video Fhd + Env\u00edo a domicilio + Pago seguro + Garant\u00eda","og_url":"https:\/\/compuviper.mx\/tienda\/producto\/hikvision-ids-7208hqhi-m1-xt-dvr-8-canales-turbohd-4-canales-ip-5-mp-lite-3k-lite-audio-de-dos-vias-por-coaxitron-reconocimiento-facial-acusense-evista-falsas-alarmas-1-bahia-de-disco-duro\/","og_site_name":"Compuviper","article_publisher":"https:\/\/www.facebook.com\/compuviper","og_image":[{"width":200,"height":200,"url":"https:\/\/compuviper.mx\/tienda\/wp-content\/uploads\/2025\/10\/Dvr-8-canales-turbohd-4-canales-ip-5-mp-lite-3k-lite-audio-de-dos-vias-por-coaxitron-reconocimiento-facial-acusense-evista-falsas-alarmas-1-bahia-de-disco-duro-salida-de-video-fhd.jpg","type":"image\/jpeg"}],"twitter_card":"summary_large_image","twitter_misc":{"Precio":"&#36;1,814 con IVA","Availability":"Out of stock"},"schema":{"@context":"https:\/\/schema.org","@graph":[{"@type":"WebPage","@id":"https:\/\/compuviper.mx\/tienda\/producto\/hikvision-ids-7208hqhi-m1-xt-dvr-8-canales-turbohd-4-canales-ip-5-mp-lite-3k-lite-audio-de-dos-vias-por-coaxitron-reconocimiento-facial-acusense-evista-falsas-alarmas-1-bahia-de-disco-duro\/","url":"https:\/\/compuviper.mx\/tienda\/producto\/hikvision-ids-7208hqhi-m1-xt-dvr-8-canales-turbohd-4-canales-ip-5-mp-lite-3k-lite-audio-de-dos-vias-por-coaxitron-reconocimiento-facial-acusense-evista-falsas-alarmas-1-bahia-de-disco-duro\/","name":"[ Hikvision ] &#129351; Ids-7208hqhi-m1\/xt Dvr 8 Canales Turbohd 4 Canales Ip \/ 5 Mp Lite-3k Lite \/ Audio De Dos Vias Por Coaxitron \/ Reconocimiento Facial \/ Acusense Evista Falsas Alarmas \/ 1 Bahia De Disco Duro \/ Salida De Video Fhd","isPartOf":{"@id":"https:\/\/compuviper.mx\/tienda\/#website"},"datePublished":"2026-04-15T06:26:03+00:00","dateModified":"2026-04-15T06:26:03+00:00","description":"Compra Ids-7208hqhi-m1\/xt Dvr 8 Canales Turbohd 4 Canales Ip \/ 5 Mp Lite-3k Lite \/ Audio De Dos Vias Por Coaxitron \/ Reconocimiento Facial \/ Acusense Evista Falsas Alarmas \/ 1 Bahia De Disco Duro \/ Salida De Video Fhd + Env\u00edo a domicilio + Pago seguro + Garant\u00eda","breadcrumb":{"@id":"https:\/\/compuviper.mx\/tienda\/producto\/hikvision-ids-7208hqhi-m1-xt-dvr-8-canales-turbohd-4-canales-ip-5-mp-lite-3k-lite-audio-de-dos-vias-por-coaxitron-reconocimiento-facial-acusense-evista-falsas-alarmas-1-bahia-de-disco-duro\/#breadcrumb"},"inLanguage":"es-MX","potentialAction":[{"@type":"ReadAction","target":["https:\/\/compuviper.mx\/tienda\/producto\/hikvision-ids-7208hqhi-m1-xt-dvr-8-canales-turbohd-4-canales-ip-5-mp-lite-3k-lite-audio-de-dos-vias-por-coaxitron-reconocimiento-facial-acusense-evista-falsas-alarmas-1-bahia-de-disco-duro\/"]}]},{"@type":"BreadcrumbList","@id":"https:\/\/compuviper.mx\/tienda\/producto\/hikvision-ids-7208hqhi-m1-xt-dvr-8-canales-turbohd-4-canales-ip-5-mp-lite-3k-lite-audio-de-dos-vias-por-coaxitron-reconocimiento-facial-acusense-evista-falsas-alarmas-1-bahia-de-disco-duro\/#breadcrumb","itemListElement":[{"@type":"ListItem","position":1,"name":"Inicio","item":"https:\/\/compuviper.mx\/tienda\/"},{"@type":"ListItem","position":2,"name":"Productos","item":"https:\/\/compuviper.mx\/tienda\/productos\/"},{"@type":"ListItem","position":3,"name":"Videograbadores","item":"https:\/\/compuviper.mx\/tienda\/categoria-producto\/videograbadores\/"},{"@type":"ListItem","position":4,"name":"Dvr","item":"https:\/\/compuviper.mx\/tienda\/categoria-producto\/videograbadores\/dvr\/"},{"@type":"ListItem","position":5,"name":"Hikvision Ids-7208hqhi-m1\/xt Dvr 8 Canales Turbohd 4 Canales Ip \/ 5 Mp Lite-3k Lite \/ Audio De Dos Vias Por Coaxitron \/ Reconocimiento Facial \/ Acusense Evista Falsas Alarmas \/ 1 Bahia De Disco Duro \/ Salida De Video Fhd"}]},{"@type":"WebSite","@id":"https:\/\/compuviper.mx\/tienda\/#website","url":"https:\/\/compuviper.mx\/tienda\/","name":"Compuviper","description":"Proveedor de Computadoras, Laptops, Servidores, Monitores, Puntos de Venta, Teclados,   Impresoras, T\u00f3ner, C\u00e1maras de Seguridad y m\u00e1s en tu tienda en l\u00ednea","publisher":{"@id":"https:\/\/compuviper.mx\/tienda\/#organization"},"potentialAction":[{"@type":"SearchAction","target":{"@type":"EntryPoint","urlTemplate":"https:\/\/compuviper.mx\/tienda\/?s={search_term_string}"},"query-input":"required name=search_term_string"}],"inLanguage":"es-MX"},{"@type":"Organization","@id":"https:\/\/compuviper.mx\/tienda\/#organization","name":"Compuviper","url":"https:\/\/compuviper.mx\/tienda\/","logo":{"@type":"ImageObject","inLanguage":"es-MX","@id":"https:\/\/compuviper.mx\/tienda\/#\/schema\/logo\/image\/","url":"https:\/\/compuviper.mx\/tienda\/wp-content\/uploads\/2021\/08\/Logo-Compuviper-10.png","contentUrl":"https:\/\/compuviper.mx\/tienda\/wp-content\/uploads\/2021\/08\/Logo-Compuviper-10.png","width":1000,"height":500,"caption":"Compuviper"},"image":{"@id":"https:\/\/compuviper.mx\/tienda\/#\/schema\/logo\/image\/"},"sameAs":["https:\/\/www.facebook.com\/compuviper","https:\/\/www.youtube.com\/channel\/UCf73dERp9Y3cfOq7q8BhLjA?view_as=subscriber"]}]},"product_brand":"HIKVISION","product_price_amount":"1814","product_price_currency":"MXN","og_availability":"out of stock","product_availability":"out of stock","product_retailer_item_id":"IDS-7208HQHI-M1\/XT","product_condition":"new"},"_links":{"self":[{"href":"https:\/\/compuviper.mx\/tienda\/wp-json\/wp\/v2\/product\/246056"}],"collection":[{"href":"https:\/\/compuviper.mx\/tienda\/wp-json\/wp\/v2\/product"}],"about":[{"href":"https:\/\/compuviper.mx\/tienda\/wp-json\/wp\/v2\/types\/product"}],"replies":[{"embeddable":true,"href":"https:\/\/compuviper.mx\/tienda\/wp-json\/wp\/v2\/comments?post=246056"}],"wp:featuredmedia":[{"embeddable":true,"href":"https:\/\/compuviper.mx\/tienda\/wp-json\/wp\/v2\/media\/259505"}],"wp:attachment":[{"href":"https:\/\/compuviper.mx\/tienda\/wp-json\/wp\/v2\/media?parent=246056"}],"wp:term":[{"taxonomy":"product_cat","embeddable":true,"href":"https:\/\/compuviper.mx\/tienda\/wp-json\/wp\/v2\/product_cat?post=246056"},{"taxonomy":"product_tag","embeddable":true,"href":"https:\/\/compuviper.mx\/tienda\/wp-json\/wp\/v2\/product_tag?post=246056"}],"curies":[{"name":"wp","href":"https:\/\/api.w.org\/{rel}","templated":true}]}}