{"id":246045,"date":"2026-04-20T23:14:23","date_gmt":"2026-04-21T05:14:23","guid":{"rendered":"https:\/\/compuviper.mx\/tienda\/producto\/hikvision-ds-k1t343mwx-terminal-min-moe-wifi-touch-de-reconocimiento-facial-ultra-rpido-para-asistencia-y-control-de-acceso-1500-rostros-y-3000-tarjetas-lee-cdigos-qr-videoportero-detecci\/"},"modified":"2026-04-20T23:14:24","modified_gmt":"2026-04-21T05:14:24","slug":"hikvision-ds-k1t343mwx6931847137120-terminal-min-moe-wifi-touch-de-reconocimiento-facial-ultra-rpido-para-asistencia-y-control-de-acceso-1500-rostros-y-3000-tarjetas-lee-cdigos-qr-videopor","status":"publish","type":"product","link":"https:\/\/compuviper.mx\/tienda\/producto\/hikvision-ds-k1t343mwx6931847137120-terminal-min-moe-wifi-touch-de-reconocimiento-facial-ultra-rpido-para-asistencia-y-control-de-acceso-1500-rostros-y-3000-tarjetas-lee-cdigos-qr-videopor\/","title":{"rendered":"Hikvision Ds-k1t343mwx,6931847137120 Terminal Min Moe Wifi \/ Touch De Reconocimiento Facial Ultra R?pido Para Asistencia Y Control De Acceso \/ 1500 Rostros Y 3,000 Tarjetas \/ Lee C?digos Qr \/ Videoportero \/ Detecci?n De Cubrebocas"},"content":{"rendered":"<table class=\"descripcion\">\n<tr>\n<td>Caractersticas principales:<\/td>\n<\/tr>\n<tr>\n<td>Pantalla tctil de 4.3 pulgadas<\/td>\n<\/tr>\n<tr>\n<td>Cmara 2 mp gran angular.<\/td>\n<\/tr>\n<tr>\n<td>Distancia de reconocimiento facial 0.3 a 1.5 m<\/td>\n<\/tr>\n<tr>\n<td>Web server.<\/td>\n<\/tr>\n<tr>\n<td>Soporta hasta 1500 rostros.<\/td>\n<\/tr>\n<tr>\n<td>Capacidad para 150,000 eventos.<\/td>\n<\/tr>\n<tr>\n<td>Soporta hasta 3,000 tarjetas o cdigos qr mifare<\/td>\n<\/tr>\n<tr>\n<td>Garanta: 5 aos.<\/td>\n<\/tr>\n<tr>\n<td>Caractersticas fsicas y elctricas<\/td>\n<\/tr>\n<tr>\n<td>Alimentacin: 12 vcc \/ 1 a incluido<\/td>\n<\/tr>\n<tr>\n<td>Temperatura: -10 \u00b0c to 40 \u00b0c 14 \u00b0f to 104 \u00b0f<\/td>\n<\/tr>\n<tr>\n<td>Dimensiones: 118.4 mm  118.4 mm  21.8 mm<\/td>\n<\/tr>\n<tr>\n<td>Aplicacin: interior.<\/td>\n<\/tr>\n<tr>\n<td>Montajes incluidos: escritorio o pared<\/td>\n<\/tr>\n<tr>\n<td>Interfaces:<\/td>\n<\/tr>\n<tr>\n<td>Cerradura elctrica: 1<\/td>\n<\/tr>\n<tr>\n<td>Usb: 1<\/td>\n<\/tr>\n<tr>\n<td>Rs-485: 1 soporta lector esclavo ver aqu<\/td>\n<\/tr>\n<tr>\n<td>Botn de salida: 1<\/td>\n<\/tr>\n<tr>\n<td>Wiegand solo salida.<\/td>\n<\/tr>\n<tr>\n<td>Red cableada y wifi.<\/td>\n<\/tr>\n<tr>\n<td>Sensor de puerta<\/td>\n<\/tr>\n<tr>\n<td>Caractersticas destacadas:<\/td>\n<\/tr>\n<tr>\n<td>El terminal frontal de la serie ds-k1t343 adopta un algoritmo deep learning que ayuda a reconocer el rostro de las personas ms rpido y con mayor precisin. aplicable en escenarios, como edificios, empresas, industrias y otras reas importantes.<\/td>\n<\/tr>\n<tr>\n<td>Permite la exportacin de eventos usb directo a formato excel.<\/td>\n<\/tr>\n<tr>\n<td>Soporta pases temporales para visitantes cdigo qr y pin con hikconnect teams.<\/td>\n<\/tr>\n<\/table>\n","protected":false},"excerpt":{"rendered":"<p>Caractersticas principales. Pantalla tctil de 4.3 pulgadas. Cmara 2 mp gran angular. Distancia de reconocimiento facial 0.3 a 1.5 m. Web server. Soporta hasta 1500 rostros. Capacidad para 150,000 eventos. Soporta hasta 3,000 tarjetas o cdigos qr mifare. Garanta: 5 aos. Caractersticas fsicas y elctricas. Alimentacin: 12 vcc \/ 1 a incluido. Temperatura: -10 \u00b0c to 40 \u00b0c 14 \u00b0f to 104 \u00b0f. Dimensiones: 118.4 mm  118.4 mm  21.8 mm. Aplicacin: interior. Montajes incluidos: escritorio o pared. Interfaces. Cerradura elctrica: 1. Usb: 1. Rs-485: 1 soporta lector esclavo ver aqu. Botn de salida: 1. Wiegand solo salida. Red cableada y wifi. Sensor de puerta. Caractersticas destacadas. El terminal frontal de la serie ds-k1t343 adopta un algoritmo deep learning que ayuda a reconocer el rostro de las personas ms rpido y con mayor precisin. Aplicable en escenarios, como edificios, empresas, industrias y otras reas importantes. Permite la exportacin de eventos usb directo a formato excel. Soporta pases temporales para visitantes cdigo qr y pin con hikconnect teams.<\/p>\n","protected":false},"featured_media":258690,"comment_status":"open","ping_status":"open","template":"","meta":[],"product_cat":[1540,1541],"product_tag":[1595],"acf":[],"yoast_head":"<!-- This site is optimized with the Yoast SEO plugin v21.7 - https:\/\/yoast.com\/wordpress\/plugins\/seo\/ -->\n<title>[ Hikvision ] &#129351; Ds-k1t343mwx,6931847137120 Terminal Min Moe Wifi \/ Touch De Reconocimiento Facial Ultra R\u00e1pido Para Asistencia Y Control De Acceso \/ 1500 Rostros Y 3,000 Tarjetas \/ Lee C\u00f3digos Qr \/ Videoportero \/ Detecci\u00f3n De Cubrebocas<\/title>\n<meta name=\"description\" content=\"Compra Ds-k1t343mwx,6931847137120 Terminal Min Moe Wifi \/ Touch De Reconocimiento Facial Ultra R\u00e1pido Para Asistencia Y Control De Acceso \/ 1500 Rostros Y 3,000 Tarjetas \/ Lee C\u00f3digos Qr \/ Videoportero \/ Detecci\u00f3n De Cubrebocas + Env\u00edo a domicilio + Pago seguro + Garant\u00eda\" \/>\n<meta name=\"robots\" content=\"index, follow, max-snippet:-1, max-image-preview:large, max-video-preview:-1\" \/>\n<link rel=\"canonical\" href=\"https:\/\/compuviper.mx\/tienda\/producto\/hikvision-ds-k1t343mwx6931847137120-terminal-min-moe-wifi-touch-de-reconocimiento-facial-ultra-rpido-para-asistencia-y-control-de-acceso-1500-rostros-y-3000-tarjetas-lee-cdigos-qr-videopor\/\" \/>\n<meta property=\"og:locale\" content=\"es_MX\" \/>\n<meta property=\"og:type\" content=\"article\" \/>\n<meta property=\"og:title\" content=\"[ Hikvision ] &#129351; Ds-k1t343mwx,6931847137120 Terminal Min Moe Wifi \/ Touch De Reconocimiento Facial Ultra R\u00e1pido Para Asistencia Y Control De Acceso \/ 1500 Rostros Y 3,000 Tarjetas \/ Lee C\u00f3digos Qr \/ Videoportero \/ Detecci\u00f3n De Cubrebocas\" \/>\n<meta property=\"og:description\" content=\"Compra Ds-k1t343mwx,6931847137120 Terminal Min Moe Wifi \/ Touch De Reconocimiento Facial Ultra R\u00e1pido Para Asistencia Y Control De Acceso \/ 1500 Rostros Y 3,000 Tarjetas \/ Lee C\u00f3digos Qr \/ Videoportero \/ Detecci\u00f3n De Cubrebocas + Env\u00edo a domicilio + Pago seguro + Garant\u00eda\" \/>\n<meta property=\"og:url\" content=\"https:\/\/compuviper.mx\/tienda\/producto\/hikvision-ds-k1t343mwx6931847137120-terminal-min-moe-wifi-touch-de-reconocimiento-facial-ultra-rpido-para-asistencia-y-control-de-acceso-1500-rostros-y-3000-tarjetas-lee-cdigos-qr-videopor\/\" \/>\n<meta property=\"og:site_name\" content=\"Compuviper\" \/>\n<meta property=\"article:publisher\" content=\"https:\/\/www.facebook.com\/compuviper\" \/>\n<meta property=\"article:modified_time\" content=\"2026-04-21T05:14:24+00:00\" \/>\n<meta property=\"og:image\" content=\"https:\/\/compuviper.mx\/tienda\/wp-content\/uploads\/2025\/10\/Terminal-min-moe-wifi-touch-de-reconocimiento-facial-ultra-rapido-para-asistencia-y-control-de-acceso-1500-rostros-y-3000-tarjetas-lee-codigos-qr-videoportero-deteccion-de-cubrebocas.jpg\" \/>\n\t<meta property=\"og:image:width\" content=\"200\" \/>\n\t<meta property=\"og:image:height\" content=\"200\" \/>\n\t<meta property=\"og:image:type\" content=\"image\/jpeg\" \/>\n<meta name=\"twitter:card\" content=\"summary_large_image\" \/>\n<meta name=\"twitter:label1\" content=\"Precio\" \/>\n\t<meta name=\"twitter:data1\" content=\"&#36;1,868 con IVA\" \/>\n\t<meta name=\"twitter:label2\" content=\"Availability\" \/>\n\t<meta name=\"twitter:data2\" content=\"In stock\" \/>\n<script type=\"application\/ld+json\" class=\"yoast-schema-graph\">{\"@context\":\"https:\/\/schema.org\",\"@graph\":[{\"@type\":\"WebPage\",\"@id\":\"https:\/\/compuviper.mx\/tienda\/producto\/hikvision-ds-k1t343mwx6931847137120-terminal-min-moe-wifi-touch-de-reconocimiento-facial-ultra-rpido-para-asistencia-y-control-de-acceso-1500-rostros-y-3000-tarjetas-lee-cdigos-qr-videopor\/\",\"url\":\"https:\/\/compuviper.mx\/tienda\/producto\/hikvision-ds-k1t343mwx6931847137120-terminal-min-moe-wifi-touch-de-reconocimiento-facial-ultra-rpido-para-asistencia-y-control-de-acceso-1500-rostros-y-3000-tarjetas-lee-cdigos-qr-videopor\/\",\"name\":\"[ Hikvision ] &#129351; Ds-k1t343mwx,6931847137120 Terminal Min Moe Wifi \/ Touch De Reconocimiento Facial Ultra R\u00e1pido Para Asistencia Y Control De Acceso \/ 1500 Rostros Y 3,000 Tarjetas \/ Lee C\u00f3digos Qr \/ Videoportero \/ Detecci\u00f3n De Cubrebocas\",\"isPartOf\":{\"@id\":\"https:\/\/compuviper.mx\/tienda\/#website\"},\"datePublished\":\"2026-04-21T05:14:23+00:00\",\"dateModified\":\"2026-04-21T05:14:24+00:00\",\"description\":\"Compra Ds-k1t343mwx,6931847137120 Terminal Min Moe Wifi \/ Touch De Reconocimiento Facial Ultra R\u00e1pido Para Asistencia Y Control De Acceso \/ 1500 Rostros Y 3,000 Tarjetas \/ Lee C\u00f3digos Qr \/ Videoportero \/ Detecci\u00f3n De Cubrebocas + Env\u00edo a domicilio + Pago seguro + Garant\u00eda\",\"breadcrumb\":{\"@id\":\"https:\/\/compuviper.mx\/tienda\/producto\/hikvision-ds-k1t343mwx6931847137120-terminal-min-moe-wifi-touch-de-reconocimiento-facial-ultra-rpido-para-asistencia-y-control-de-acceso-1500-rostros-y-3000-tarjetas-lee-cdigos-qr-videopor\/#breadcrumb\"},\"inLanguage\":\"es-MX\",\"potentialAction\":[{\"@type\":\"ReadAction\",\"target\":[\"https:\/\/compuviper.mx\/tienda\/producto\/hikvision-ds-k1t343mwx6931847137120-terminal-min-moe-wifi-touch-de-reconocimiento-facial-ultra-rpido-para-asistencia-y-control-de-acceso-1500-rostros-y-3000-tarjetas-lee-cdigos-qr-videopor\/\"]}]},{\"@type\":\"BreadcrumbList\",\"@id\":\"https:\/\/compuviper.mx\/tienda\/producto\/hikvision-ds-k1t343mwx6931847137120-terminal-min-moe-wifi-touch-de-reconocimiento-facial-ultra-rpido-para-asistencia-y-control-de-acceso-1500-rostros-y-3000-tarjetas-lee-cdigos-qr-videopor\/#breadcrumb\",\"itemListElement\":[{\"@type\":\"ListItem\",\"position\":1,\"name\":\"Inicio\",\"item\":\"https:\/\/compuviper.mx\/tienda\/\"},{\"@type\":\"ListItem\",\"position\":2,\"name\":\"Productos\",\"item\":\"https:\/\/compuviper.mx\/tienda\/productos\/\"},{\"@type\":\"ListItem\",\"position\":3,\"name\":\"Control De Acceso Y Asistencia\",\"item\":\"https:\/\/compuviper.mx\/tienda\/categoria-producto\/control-de-acceso-y-asistencia\/\"},{\"@type\":\"ListItem\",\"position\":4,\"name\":\"Lectores De Control De Acceso Y Asistencia\",\"item\":\"https:\/\/compuviper.mx\/tienda\/categoria-producto\/control-de-acceso-y-asistencia\/lectores-de-control-de-acceso-y-asistencia\/\"},{\"@type\":\"ListItem\",\"position\":5,\"name\":\"Hikvision Ds-k1t343mwx,6931847137120 Terminal Min Moe Wifi \/ Touch De Reconocimiento Facial Ultra R?pido Para Asistencia Y Control De Acceso \/ 1500 Rostros Y 3,000 Tarjetas \/ Lee C?digos Qr \/ Videoportero \/ Detecci?n De Cubrebocas\"}]},{\"@type\":\"WebSite\",\"@id\":\"https:\/\/compuviper.mx\/tienda\/#website\",\"url\":\"https:\/\/compuviper.mx\/tienda\/\",\"name\":\"Compuviper\",\"description\":\"Proveedor de Computadoras, Laptops, Servidores, Monitores, Puntos de Venta, Teclados,   Impresoras, T\u00f3ner, C\u00e1maras de Seguridad y m\u00e1s en tu tienda en l\u00ednea\",\"publisher\":{\"@id\":\"https:\/\/compuviper.mx\/tienda\/#organization\"},\"potentialAction\":[{\"@type\":\"SearchAction\",\"target\":{\"@type\":\"EntryPoint\",\"urlTemplate\":\"https:\/\/compuviper.mx\/tienda\/?s={search_term_string}\"},\"query-input\":\"required name=search_term_string\"}],\"inLanguage\":\"es-MX\"},{\"@type\":\"Organization\",\"@id\":\"https:\/\/compuviper.mx\/tienda\/#organization\",\"name\":\"Compuviper\",\"url\":\"https:\/\/compuviper.mx\/tienda\/\",\"logo\":{\"@type\":\"ImageObject\",\"inLanguage\":\"es-MX\",\"@id\":\"https:\/\/compuviper.mx\/tienda\/#\/schema\/logo\/image\/\",\"url\":\"https:\/\/compuviper.mx\/tienda\/wp-content\/uploads\/2021\/08\/Logo-Compuviper-10.png\",\"contentUrl\":\"https:\/\/compuviper.mx\/tienda\/wp-content\/uploads\/2021\/08\/Logo-Compuviper-10.png\",\"width\":1000,\"height\":500,\"caption\":\"Compuviper\"},\"image\":{\"@id\":\"https:\/\/compuviper.mx\/tienda\/#\/schema\/logo\/image\/\"},\"sameAs\":[\"https:\/\/www.facebook.com\/compuviper\",\"https:\/\/www.youtube.com\/channel\/UCf73dERp9Y3cfOq7q8BhLjA?view_as=subscriber\"]}]}<\/script>\n<meta property=\"product:brand\" content=\"HIKVISION\" \/>\n<meta property=\"product:price:amount\" content=\"1868\" \/>\n<meta property=\"product:price:currency\" content=\"MXN\" \/>\n<meta property=\"og:availability\" content=\"instock\" \/>\n<meta property=\"product:availability\" content=\"instock\" \/>\n<meta property=\"product:retailer_item_id\" content=\"DS-K1T343MWX,6931847137120\" \/>\n<meta property=\"product:condition\" content=\"new\" \/>\n<!-- \/ Yoast SEO plugin. -->","yoast_head_json":{"title":"[ Hikvision ] &#129351; Ds-k1t343mwx,6931847137120 Terminal Min Moe Wifi \/ Touch De Reconocimiento Facial Ultra R\u00e1pido Para Asistencia Y Control De Acceso \/ 1500 Rostros Y 3,000 Tarjetas \/ Lee C\u00f3digos Qr \/ Videoportero \/ Detecci\u00f3n De Cubrebocas","description":"Compra Ds-k1t343mwx,6931847137120 Terminal Min Moe Wifi \/ Touch De Reconocimiento Facial Ultra R\u00e1pido Para Asistencia Y Control De Acceso \/ 1500 Rostros Y 3,000 Tarjetas \/ Lee C\u00f3digos Qr \/ Videoportero \/ Detecci\u00f3n De Cubrebocas + Env\u00edo a domicilio + Pago seguro + Garant\u00eda","robots":{"index":"index","follow":"follow","max-snippet":"max-snippet:-1","max-image-preview":"max-image-preview:large","max-video-preview":"max-video-preview:-1"},"canonical":"https:\/\/compuviper.mx\/tienda\/producto\/hikvision-ds-k1t343mwx6931847137120-terminal-min-moe-wifi-touch-de-reconocimiento-facial-ultra-rpido-para-asistencia-y-control-de-acceso-1500-rostros-y-3000-tarjetas-lee-cdigos-qr-videopor\/","og_locale":"es_MX","og_type":"article","og_title":"[ Hikvision ] &#129351; Ds-k1t343mwx,6931847137120 Terminal Min Moe Wifi \/ Touch De Reconocimiento Facial Ultra R\u00e1pido Para Asistencia Y Control De Acceso \/ 1500 Rostros Y 3,000 Tarjetas \/ Lee C\u00f3digos Qr \/ Videoportero \/ Detecci\u00f3n De Cubrebocas","og_description":"Compra Ds-k1t343mwx,6931847137120 Terminal Min Moe Wifi \/ Touch De Reconocimiento Facial Ultra R\u00e1pido Para Asistencia Y Control De Acceso \/ 1500 Rostros Y 3,000 Tarjetas \/ Lee C\u00f3digos Qr \/ Videoportero \/ Detecci\u00f3n De Cubrebocas + Env\u00edo a domicilio + Pago seguro + Garant\u00eda","og_url":"https:\/\/compuviper.mx\/tienda\/producto\/hikvision-ds-k1t343mwx6931847137120-terminal-min-moe-wifi-touch-de-reconocimiento-facial-ultra-rpido-para-asistencia-y-control-de-acceso-1500-rostros-y-3000-tarjetas-lee-cdigos-qr-videopor\/","og_site_name":"Compuviper","article_publisher":"https:\/\/www.facebook.com\/compuviper","article_modified_time":"2026-04-21T05:14:24+00:00","og_image":[{"width":200,"height":200,"url":"https:\/\/compuviper.mx\/tienda\/wp-content\/uploads\/2025\/10\/Terminal-min-moe-wifi-touch-de-reconocimiento-facial-ultra-rapido-para-asistencia-y-control-de-acceso-1500-rostros-y-3000-tarjetas-lee-codigos-qr-videoportero-deteccion-de-cubrebocas.jpg","type":"image\/jpeg"}],"twitter_card":"summary_large_image","twitter_misc":{"Precio":"&#36;1,868 con IVA","Availability":"In stock"},"schema":{"@context":"https:\/\/schema.org","@graph":[{"@type":"WebPage","@id":"https:\/\/compuviper.mx\/tienda\/producto\/hikvision-ds-k1t343mwx6931847137120-terminal-min-moe-wifi-touch-de-reconocimiento-facial-ultra-rpido-para-asistencia-y-control-de-acceso-1500-rostros-y-3000-tarjetas-lee-cdigos-qr-videopor\/","url":"https:\/\/compuviper.mx\/tienda\/producto\/hikvision-ds-k1t343mwx6931847137120-terminal-min-moe-wifi-touch-de-reconocimiento-facial-ultra-rpido-para-asistencia-y-control-de-acceso-1500-rostros-y-3000-tarjetas-lee-cdigos-qr-videopor\/","name":"[ Hikvision ] &#129351; Ds-k1t343mwx,6931847137120 Terminal Min Moe Wifi \/ Touch De Reconocimiento Facial Ultra R\u00e1pido Para Asistencia Y Control De Acceso \/ 1500 Rostros Y 3,000 Tarjetas \/ Lee C\u00f3digos Qr \/ Videoportero \/ Detecci\u00f3n De Cubrebocas","isPartOf":{"@id":"https:\/\/compuviper.mx\/tienda\/#website"},"datePublished":"2026-04-21T05:14:23+00:00","dateModified":"2026-04-21T05:14:24+00:00","description":"Compra Ds-k1t343mwx,6931847137120 Terminal Min Moe Wifi \/ Touch De Reconocimiento Facial Ultra R\u00e1pido Para Asistencia Y Control De Acceso \/ 1500 Rostros Y 3,000 Tarjetas \/ Lee C\u00f3digos Qr \/ Videoportero \/ Detecci\u00f3n De Cubrebocas + Env\u00edo a domicilio + Pago seguro + Garant\u00eda","breadcrumb":{"@id":"https:\/\/compuviper.mx\/tienda\/producto\/hikvision-ds-k1t343mwx6931847137120-terminal-min-moe-wifi-touch-de-reconocimiento-facial-ultra-rpido-para-asistencia-y-control-de-acceso-1500-rostros-y-3000-tarjetas-lee-cdigos-qr-videopor\/#breadcrumb"},"inLanguage":"es-MX","potentialAction":[{"@type":"ReadAction","target":["https:\/\/compuviper.mx\/tienda\/producto\/hikvision-ds-k1t343mwx6931847137120-terminal-min-moe-wifi-touch-de-reconocimiento-facial-ultra-rpido-para-asistencia-y-control-de-acceso-1500-rostros-y-3000-tarjetas-lee-cdigos-qr-videopor\/"]}]},{"@type":"BreadcrumbList","@id":"https:\/\/compuviper.mx\/tienda\/producto\/hikvision-ds-k1t343mwx6931847137120-terminal-min-moe-wifi-touch-de-reconocimiento-facial-ultra-rpido-para-asistencia-y-control-de-acceso-1500-rostros-y-3000-tarjetas-lee-cdigos-qr-videopor\/#breadcrumb","itemListElement":[{"@type":"ListItem","position":1,"name":"Inicio","item":"https:\/\/compuviper.mx\/tienda\/"},{"@type":"ListItem","position":2,"name":"Productos","item":"https:\/\/compuviper.mx\/tienda\/productos\/"},{"@type":"ListItem","position":3,"name":"Control De Acceso Y Asistencia","item":"https:\/\/compuviper.mx\/tienda\/categoria-producto\/control-de-acceso-y-asistencia\/"},{"@type":"ListItem","position":4,"name":"Lectores De Control De Acceso Y Asistencia","item":"https:\/\/compuviper.mx\/tienda\/categoria-producto\/control-de-acceso-y-asistencia\/lectores-de-control-de-acceso-y-asistencia\/"},{"@type":"ListItem","position":5,"name":"Hikvision Ds-k1t343mwx,6931847137120 Terminal Min Moe Wifi \/ Touch De Reconocimiento Facial Ultra R?pido Para Asistencia Y Control De Acceso \/ 1500 Rostros Y 3,000 Tarjetas \/ Lee C?digos Qr \/ Videoportero \/ Detecci?n De Cubrebocas"}]},{"@type":"WebSite","@id":"https:\/\/compuviper.mx\/tienda\/#website","url":"https:\/\/compuviper.mx\/tienda\/","name":"Compuviper","description":"Proveedor de Computadoras, Laptops, Servidores, Monitores, Puntos de Venta, Teclados,   Impresoras, T\u00f3ner, C\u00e1maras de Seguridad y m\u00e1s en tu tienda en l\u00ednea","publisher":{"@id":"https:\/\/compuviper.mx\/tienda\/#organization"},"potentialAction":[{"@type":"SearchAction","target":{"@type":"EntryPoint","urlTemplate":"https:\/\/compuviper.mx\/tienda\/?s={search_term_string}"},"query-input":"required name=search_term_string"}],"inLanguage":"es-MX"},{"@type":"Organization","@id":"https:\/\/compuviper.mx\/tienda\/#organization","name":"Compuviper","url":"https:\/\/compuviper.mx\/tienda\/","logo":{"@type":"ImageObject","inLanguage":"es-MX","@id":"https:\/\/compuviper.mx\/tienda\/#\/schema\/logo\/image\/","url":"https:\/\/compuviper.mx\/tienda\/wp-content\/uploads\/2021\/08\/Logo-Compuviper-10.png","contentUrl":"https:\/\/compuviper.mx\/tienda\/wp-content\/uploads\/2021\/08\/Logo-Compuviper-10.png","width":1000,"height":500,"caption":"Compuviper"},"image":{"@id":"https:\/\/compuviper.mx\/tienda\/#\/schema\/logo\/image\/"},"sameAs":["https:\/\/www.facebook.com\/compuviper","https:\/\/www.youtube.com\/channel\/UCf73dERp9Y3cfOq7q8BhLjA?view_as=subscriber"]}]},"product_brand":"HIKVISION","product_price_amount":"1868","product_price_currency":"MXN","og_availability":"instock","product_availability":"instock","product_retailer_item_id":"DS-K1T343MWX,6931847137120","product_condition":"new"},"_links":{"self":[{"href":"https:\/\/compuviper.mx\/tienda\/wp-json\/wp\/v2\/product\/246045"}],"collection":[{"href":"https:\/\/compuviper.mx\/tienda\/wp-json\/wp\/v2\/product"}],"about":[{"href":"https:\/\/compuviper.mx\/tienda\/wp-json\/wp\/v2\/types\/product"}],"replies":[{"embeddable":true,"href":"https:\/\/compuviper.mx\/tienda\/wp-json\/wp\/v2\/comments?post=246045"}],"wp:featuredmedia":[{"embeddable":true,"href":"https:\/\/compuviper.mx\/tienda\/wp-json\/wp\/v2\/media\/258690"}],"wp:attachment":[{"href":"https:\/\/compuviper.mx\/tienda\/wp-json\/wp\/v2\/media?parent=246045"}],"wp:term":[{"taxonomy":"product_cat","embeddable":true,"href":"https:\/\/compuviper.mx\/tienda\/wp-json\/wp\/v2\/product_cat?post=246045"},{"taxonomy":"product_tag","embeddable":true,"href":"https:\/\/compuviper.mx\/tienda\/wp-json\/wp\/v2\/product_tag?post=246045"}],"curies":[{"name":"wp","href":"https:\/\/api.w.org\/{rel}","templated":true}]}}