{"id":245948,"date":"2026-04-18T01:14:12","date_gmt":"2026-04-18T07:14:12","guid":{"rendered":"https:\/\/compuviper.mx\/tienda\/producto\/dahua-dh-pfs3016-16gt-190-switch-poe-16-pto-poe-gigabit-190-watts-totales-los-2-pto-naranjas-soportan-hi-poe-estandar-switching-32-gbps-tasa-de-reenvio-de-paquetes-23-808-mbps-proteccion-con\/"},"modified":"2026-04-18T01:14:12","modified_gmt":"2026-04-18T07:14:12","slug":"dahua-dh-pfs3016-16gt-190-switch-poe-16-pto-poe-gigabit-190-watts-totales-los-2-pto-naranjas-soportan-hi-poe-estandar-switching-32-gbps-tasa-de-reenvio-de-paquetes-23-808-mbps-proteccion-con","status":"publish","type":"product","link":"https:\/\/compuviper.mx\/tienda\/producto\/dahua-dh-pfs3016-16gt-190-switch-poe-16-pto-poe-gigabit-190-watts-totales-los-2-pto-naranjas-soportan-hi-poe-estandar-switching-32-gbps-tasa-de-reenvio-de-paquetes-23-808-mbps-proteccion-con\/","title":{"rendered":"Dahua Dh-pfs3016-16gt-190 Switch Poe\/ \/ \/ 16 Pto Poe Gigabit\/ 190 Watts Totales\/ Los 2 Pto Naranjas Soportan Hi-poe Estandar\/ Switching 32 Gbps\/ Tasa De Reenvio De Paquetes 23.808 Mbps\/ Proteccion Cont"},"content":{"rendered":"<table class=\"descripcion\">\n<tr>\n<td>Caracteristicas<\/td>\n<\/tr>\n<tr>\n<td>\u0095el puerto naranja admite el estandar hi-poe de 60 w.<\/td>\n<\/tr>\n<tr>\n<td>\u0095poe inteligente.<\/td>\n<\/tr>\n<tr>\n<td>\u0095plug  and  play.<\/td>\n<\/tr>\n<tr>\n<td>\u0095el puerto ethernet admite poe de ocho pines.<\/td>\n<\/tr>\n<tr>\n<td>\u0095amplio rango de temperatura de trabajo: \u009610 a  55 \u00b0 c 14 \u00b0 f a  131 \u00b0 f.<\/td>\n<\/tr>\n<tr>\n<td>\u0095diseo de puerto gigabit completo.<\/td>\n<\/tr>\n<tr>\n<td>Especificaciones<\/td>\n<\/tr>\n<tr>\n<td>\u0095capa 2<\/td>\n<\/tr>\n<tr>\n<td>\u0095tasa de reenvio de paquetes: 23,808 mpps<\/td>\n<\/tr>\n<tr>\n<td>\u0095 16  rj-45 10m \/ 100m \/ 1000m poe<\/td>\n<\/tr>\n<tr>\n<td>\u0095estandar poe ieee802:.3af, ieee802.3at, hi-poe<\/td>\n<\/tr>\n<tr>\n<td>\u0095descarga de aire: 8kv<\/td>\n<\/tr>\n<tr>\n<td>\u0095descarga de contacto: 6kv<\/td>\n<\/tr>\n<tr>\n<td>\u0095fuente de alimentacion: 100 v ca \u0096240 v ca<\/td>\n<\/tr>\n<\/table>\n","protected":false},"excerpt":{"rendered":"<p>Informacion general. Dh-pfs3016-16gt-190 es un conmutador de escritorio poe no administrado gigabit de 16 puertos y la carga completa es de 190 w. Que es el poe. Poe power over ethernet energia sobre ethernet por sus siglas en ingles es una tecnologia que permite que el mismo cable ethernet, alimente y suministre red lan a un dispositivo logrando minimizar el numero de cables a utilizar en una instalacion y con ello los costos de instalacion. Poe inteligente. Adopte la estrategia de gestion del consumo de energia poe y suministre energia a los puertos importantes primero. Cuando el consumo de energia total exceda el valor de umbral establecido del sistema, apague los puertos de un numero de puerto grande a un numero de puerto pequeo. Adopte la deteccion inteligente para evitar interrupciones. Tipos de poe. La diferencia principal entre poe, poe y h-poe radica en la potencia maxima de wataje en cuanto al envio de energia, mientras el poe ieee 802.3af tiene una potencia maxima de 15w, el poe ieee 802.3at cuenta con una potencia maxima de 30w y el h-poe ieee802.3bt cuenta con una potencia que va desde los 60w hasta los 90w.<\/p>\n","protected":false},"featured_media":260111,"comment_status":"open","ping_status":"open","template":"","meta":[],"product_cat":[1563,1564],"product_tag":[1555],"acf":[],"yoast_head":"<!-- This site is optimized with the Yoast SEO plugin v21.7 - https:\/\/yoast.com\/wordpress\/plugins\/seo\/ -->\n<title>[ Dahua ] &#129351; Dh-pfs3016-16gt-190 Switch Poe\/ \/ \/ 16 Pto Poe Gigabit\/ 190 Watts Totales\/ Los 2 Pto Naranjas Soportan Hi-poe Estandar\/ Switching 32 Gbps\/ Tasa De Reenvio De Paquetes 23.808 Mbps\/ Proteccion Cont<\/title>\n<meta name=\"description\" content=\"Compra Dh-pfs3016-16gt-190 Switch Poe\/ \/ \/ 16 Pto Poe Gigabit\/ 190 Watts Totales\/ Los 2 Pto Naranjas Soportan Hi-poe Estandar\/ Switching 32 Gbps\/ Tasa De Reenvio De Paquetes 23.808 Mbps\/ Proteccion Cont + Env\u00edo a domicilio + Pago seguro + Garant\u00eda\" \/>\n<meta name=\"robots\" content=\"index, follow, max-snippet:-1, max-image-preview:large, max-video-preview:-1\" \/>\n<link rel=\"canonical\" href=\"https:\/\/compuviper.mx\/tienda\/producto\/dahua-dh-pfs3016-16gt-190-switch-poe-16-pto-poe-gigabit-190-watts-totales-los-2-pto-naranjas-soportan-hi-poe-estandar-switching-32-gbps-tasa-de-reenvio-de-paquetes-23-808-mbps-proteccion-con\/\" \/>\n<meta property=\"og:locale\" content=\"es_MX\" \/>\n<meta property=\"og:type\" content=\"article\" \/>\n<meta property=\"og:title\" content=\"[ Dahua ] &#129351; Dh-pfs3016-16gt-190 Switch Poe\/ \/ \/ 16 Pto Poe Gigabit\/ 190 Watts Totales\/ Los 2 Pto Naranjas Soportan Hi-poe Estandar\/ Switching 32 Gbps\/ Tasa De Reenvio De Paquetes 23.808 Mbps\/ Proteccion Cont\" \/>\n<meta property=\"og:description\" content=\"Compra Dh-pfs3016-16gt-190 Switch Poe\/ \/ \/ 16 Pto Poe Gigabit\/ 190 Watts Totales\/ Los 2 Pto Naranjas Soportan Hi-poe Estandar\/ Switching 32 Gbps\/ Tasa De Reenvio De Paquetes 23.808 Mbps\/ Proteccion Cont + Env\u00edo a domicilio + Pago seguro + Garant\u00eda\" \/>\n<meta property=\"og:url\" content=\"https:\/\/compuviper.mx\/tienda\/producto\/dahua-dh-pfs3016-16gt-190-switch-poe-16-pto-poe-gigabit-190-watts-totales-los-2-pto-naranjas-soportan-hi-poe-estandar-switching-32-gbps-tasa-de-reenvio-de-paquetes-23-808-mbps-proteccion-con\/\" \/>\n<meta property=\"og:site_name\" content=\"Compuviper\" \/>\n<meta property=\"article:publisher\" content=\"https:\/\/www.facebook.com\/compuviper\" \/>\n<meta property=\"og:image\" content=\"https:\/\/compuviper.mx\/tienda\/wp-content\/uploads\/2025\/10\/Switch-poe-dahua-dh-pfs3016-16gt-190-16-pto-poe-gigabit-190-watts-totales-los-2-pto-naranjas-soportan-hi-poe-estandar-switching-32-gbps-tasa-de-reenvio-de-paquetes-23.808-mbps-proteccion-cont.jpg\" \/>\n\t<meta property=\"og:image:width\" content=\"200\" \/>\n\t<meta property=\"og:image:height\" content=\"200\" \/>\n\t<meta property=\"og:image:type\" content=\"image\/jpeg\" \/>\n<meta name=\"twitter:card\" content=\"summary_large_image\" \/>\n<meta name=\"twitter:label1\" content=\"Precio\" \/>\n\t<meta name=\"twitter:data1\" content=\"&#36;2,944 con IVA\" \/>\n\t<meta name=\"twitter:label2\" content=\"Availability\" \/>\n\t<meta name=\"twitter:data2\" content=\"Out of stock\" \/>\n<script type=\"application\/ld+json\" class=\"yoast-schema-graph\">{\"@context\":\"https:\/\/schema.org\",\"@graph\":[{\"@type\":\"WebPage\",\"@id\":\"https:\/\/compuviper.mx\/tienda\/producto\/dahua-dh-pfs3016-16gt-190-switch-poe-16-pto-poe-gigabit-190-watts-totales-los-2-pto-naranjas-soportan-hi-poe-estandar-switching-32-gbps-tasa-de-reenvio-de-paquetes-23-808-mbps-proteccion-con\/\",\"url\":\"https:\/\/compuviper.mx\/tienda\/producto\/dahua-dh-pfs3016-16gt-190-switch-poe-16-pto-poe-gigabit-190-watts-totales-los-2-pto-naranjas-soportan-hi-poe-estandar-switching-32-gbps-tasa-de-reenvio-de-paquetes-23-808-mbps-proteccion-con\/\",\"name\":\"[ Dahua ] &#129351; Dh-pfs3016-16gt-190 Switch Poe\/ \/ \/ 16 Pto Poe Gigabit\/ 190 Watts Totales\/ Los 2 Pto Naranjas Soportan Hi-poe Estandar\/ Switching 32 Gbps\/ Tasa De Reenvio De Paquetes 23.808 Mbps\/ Proteccion Cont\",\"isPartOf\":{\"@id\":\"https:\/\/compuviper.mx\/tienda\/#website\"},\"datePublished\":\"2026-04-18T07:14:12+00:00\",\"dateModified\":\"2026-04-18T07:14:12+00:00\",\"description\":\"Compra Dh-pfs3016-16gt-190 Switch Poe\/ \/ \/ 16 Pto Poe Gigabit\/ 190 Watts Totales\/ Los 2 Pto Naranjas Soportan Hi-poe Estandar\/ Switching 32 Gbps\/ Tasa De Reenvio De Paquetes 23.808 Mbps\/ Proteccion Cont + Env\u00edo a domicilio + Pago seguro + Garant\u00eda\",\"breadcrumb\":{\"@id\":\"https:\/\/compuviper.mx\/tienda\/producto\/dahua-dh-pfs3016-16gt-190-switch-poe-16-pto-poe-gigabit-190-watts-totales-los-2-pto-naranjas-soportan-hi-poe-estandar-switching-32-gbps-tasa-de-reenvio-de-paquetes-23-808-mbps-proteccion-con\/#breadcrumb\"},\"inLanguage\":\"es-MX\",\"potentialAction\":[{\"@type\":\"ReadAction\",\"target\":[\"https:\/\/compuviper.mx\/tienda\/producto\/dahua-dh-pfs3016-16gt-190-switch-poe-16-pto-poe-gigabit-190-watts-totales-los-2-pto-naranjas-soportan-hi-poe-estandar-switching-32-gbps-tasa-de-reenvio-de-paquetes-23-808-mbps-proteccion-con\/\"]}]},{\"@type\":\"BreadcrumbList\",\"@id\":\"https:\/\/compuviper.mx\/tienda\/producto\/dahua-dh-pfs3016-16gt-190-switch-poe-16-pto-poe-gigabit-190-watts-totales-los-2-pto-naranjas-soportan-hi-poe-estandar-switching-32-gbps-tasa-de-reenvio-de-paquetes-23-808-mbps-proteccion-con\/#breadcrumb\",\"itemListElement\":[{\"@type\":\"ListItem\",\"position\":1,\"name\":\"Inicio\",\"item\":\"https:\/\/compuviper.mx\/tienda\/\"},{\"@type\":\"ListItem\",\"position\":2,\"name\":\"Productos\",\"item\":\"https:\/\/compuviper.mx\/tienda\/productos\/\"},{\"@type\":\"ListItem\",\"position\":3,\"name\":\"Redes\",\"item\":\"https:\/\/compuviper.mx\/tienda\/categoria-producto\/redes\/\"},{\"@type\":\"ListItem\",\"position\":4,\"name\":\"Switch\",\"item\":\"https:\/\/compuviper.mx\/tienda\/categoria-producto\/redes\/switch\/\"},{\"@type\":\"ListItem\",\"position\":5,\"name\":\"Dahua Dh-pfs3016-16gt-190 Switch Poe\/ \/ \/ 16 Pto Poe Gigabit\/ 190 Watts Totales\/ Los 2 Pto Naranjas Soportan Hi-poe Estandar\/ Switching 32 Gbps\/ Tasa De Reenvio De Paquetes 23.808 Mbps\/ Proteccion Cont\"}]},{\"@type\":\"WebSite\",\"@id\":\"https:\/\/compuviper.mx\/tienda\/#website\",\"url\":\"https:\/\/compuviper.mx\/tienda\/\",\"name\":\"Compuviper\",\"description\":\"Proveedor de Computadoras, Laptops, Servidores, Monitores, Puntos de Venta, Teclados,   Impresoras, T\u00f3ner, C\u00e1maras de Seguridad y m\u00e1s en tu tienda en l\u00ednea\",\"publisher\":{\"@id\":\"https:\/\/compuviper.mx\/tienda\/#organization\"},\"potentialAction\":[{\"@type\":\"SearchAction\",\"target\":{\"@type\":\"EntryPoint\",\"urlTemplate\":\"https:\/\/compuviper.mx\/tienda\/?s={search_term_string}\"},\"query-input\":\"required name=search_term_string\"}],\"inLanguage\":\"es-MX\"},{\"@type\":\"Organization\",\"@id\":\"https:\/\/compuviper.mx\/tienda\/#organization\",\"name\":\"Compuviper\",\"url\":\"https:\/\/compuviper.mx\/tienda\/\",\"logo\":{\"@type\":\"ImageObject\",\"inLanguage\":\"es-MX\",\"@id\":\"https:\/\/compuviper.mx\/tienda\/#\/schema\/logo\/image\/\",\"url\":\"https:\/\/compuviper.mx\/tienda\/wp-content\/uploads\/2021\/08\/Logo-Compuviper-10.png\",\"contentUrl\":\"https:\/\/compuviper.mx\/tienda\/wp-content\/uploads\/2021\/08\/Logo-Compuviper-10.png\",\"width\":1000,\"height\":500,\"caption\":\"Compuviper\"},\"image\":{\"@id\":\"https:\/\/compuviper.mx\/tienda\/#\/schema\/logo\/image\/\"},\"sameAs\":[\"https:\/\/www.facebook.com\/compuviper\",\"https:\/\/www.youtube.com\/channel\/UCf73dERp9Y3cfOq7q8BhLjA?view_as=subscriber\"]}]}<\/script>\n<meta property=\"product:brand\" content=\"DAHUA\" \/>\n<meta property=\"product:price:amount\" content=\"2944\" \/>\n<meta property=\"product:price:currency\" content=\"MXN\" \/>\n<meta property=\"og:availability\" content=\"out of stock\" \/>\n<meta property=\"product:availability\" content=\"out of stock\" \/>\n<meta property=\"product:retailer_item_id\" content=\"DH-PFS3016-16GT-190\" \/>\n<meta property=\"product:condition\" content=\"new\" \/>\n<!-- \/ Yoast SEO plugin. -->","yoast_head_json":{"title":"[ Dahua ] &#129351; Dh-pfs3016-16gt-190 Switch Poe\/ \/ \/ 16 Pto Poe Gigabit\/ 190 Watts Totales\/ Los 2 Pto Naranjas Soportan Hi-poe Estandar\/ Switching 32 Gbps\/ Tasa De Reenvio De Paquetes 23.808 Mbps\/ Proteccion Cont","description":"Compra Dh-pfs3016-16gt-190 Switch Poe\/ \/ \/ 16 Pto Poe Gigabit\/ 190 Watts Totales\/ Los 2 Pto Naranjas Soportan Hi-poe Estandar\/ Switching 32 Gbps\/ Tasa De Reenvio De Paquetes 23.808 Mbps\/ Proteccion Cont + Env\u00edo a domicilio + Pago seguro + Garant\u00eda","robots":{"index":"index","follow":"follow","max-snippet":"max-snippet:-1","max-image-preview":"max-image-preview:large","max-video-preview":"max-video-preview:-1"},"canonical":"https:\/\/compuviper.mx\/tienda\/producto\/dahua-dh-pfs3016-16gt-190-switch-poe-16-pto-poe-gigabit-190-watts-totales-los-2-pto-naranjas-soportan-hi-poe-estandar-switching-32-gbps-tasa-de-reenvio-de-paquetes-23-808-mbps-proteccion-con\/","og_locale":"es_MX","og_type":"article","og_title":"[ Dahua ] &#129351; Dh-pfs3016-16gt-190 Switch Poe\/ \/ \/ 16 Pto Poe Gigabit\/ 190 Watts Totales\/ Los 2 Pto Naranjas Soportan Hi-poe Estandar\/ Switching 32 Gbps\/ Tasa De Reenvio De Paquetes 23.808 Mbps\/ Proteccion Cont","og_description":"Compra Dh-pfs3016-16gt-190 Switch Poe\/ \/ \/ 16 Pto Poe Gigabit\/ 190 Watts Totales\/ Los 2 Pto Naranjas Soportan Hi-poe Estandar\/ Switching 32 Gbps\/ Tasa De Reenvio De Paquetes 23.808 Mbps\/ Proteccion Cont + Env\u00edo a domicilio + Pago seguro + Garant\u00eda","og_url":"https:\/\/compuviper.mx\/tienda\/producto\/dahua-dh-pfs3016-16gt-190-switch-poe-16-pto-poe-gigabit-190-watts-totales-los-2-pto-naranjas-soportan-hi-poe-estandar-switching-32-gbps-tasa-de-reenvio-de-paquetes-23-808-mbps-proteccion-con\/","og_site_name":"Compuviper","article_publisher":"https:\/\/www.facebook.com\/compuviper","og_image":[{"width":200,"height":200,"url":"https:\/\/compuviper.mx\/tienda\/wp-content\/uploads\/2025\/10\/Switch-poe-dahua-dh-pfs3016-16gt-190-16-pto-poe-gigabit-190-watts-totales-los-2-pto-naranjas-soportan-hi-poe-estandar-switching-32-gbps-tasa-de-reenvio-de-paquetes-23.808-mbps-proteccion-cont.jpg","type":"image\/jpeg"}],"twitter_card":"summary_large_image","twitter_misc":{"Precio":"&#36;2,944 con IVA","Availability":"Out of stock"},"schema":{"@context":"https:\/\/schema.org","@graph":[{"@type":"WebPage","@id":"https:\/\/compuviper.mx\/tienda\/producto\/dahua-dh-pfs3016-16gt-190-switch-poe-16-pto-poe-gigabit-190-watts-totales-los-2-pto-naranjas-soportan-hi-poe-estandar-switching-32-gbps-tasa-de-reenvio-de-paquetes-23-808-mbps-proteccion-con\/","url":"https:\/\/compuviper.mx\/tienda\/producto\/dahua-dh-pfs3016-16gt-190-switch-poe-16-pto-poe-gigabit-190-watts-totales-los-2-pto-naranjas-soportan-hi-poe-estandar-switching-32-gbps-tasa-de-reenvio-de-paquetes-23-808-mbps-proteccion-con\/","name":"[ Dahua ] &#129351; Dh-pfs3016-16gt-190 Switch Poe\/ \/ \/ 16 Pto Poe Gigabit\/ 190 Watts Totales\/ Los 2 Pto Naranjas Soportan Hi-poe Estandar\/ Switching 32 Gbps\/ Tasa De Reenvio De Paquetes 23.808 Mbps\/ Proteccion Cont","isPartOf":{"@id":"https:\/\/compuviper.mx\/tienda\/#website"},"datePublished":"2026-04-18T07:14:12+00:00","dateModified":"2026-04-18T07:14:12+00:00","description":"Compra Dh-pfs3016-16gt-190 Switch Poe\/ \/ \/ 16 Pto Poe Gigabit\/ 190 Watts Totales\/ Los 2 Pto Naranjas Soportan Hi-poe Estandar\/ Switching 32 Gbps\/ Tasa De Reenvio De Paquetes 23.808 Mbps\/ Proteccion Cont + Env\u00edo a domicilio + Pago seguro + Garant\u00eda","breadcrumb":{"@id":"https:\/\/compuviper.mx\/tienda\/producto\/dahua-dh-pfs3016-16gt-190-switch-poe-16-pto-poe-gigabit-190-watts-totales-los-2-pto-naranjas-soportan-hi-poe-estandar-switching-32-gbps-tasa-de-reenvio-de-paquetes-23-808-mbps-proteccion-con\/#breadcrumb"},"inLanguage":"es-MX","potentialAction":[{"@type":"ReadAction","target":["https:\/\/compuviper.mx\/tienda\/producto\/dahua-dh-pfs3016-16gt-190-switch-poe-16-pto-poe-gigabit-190-watts-totales-los-2-pto-naranjas-soportan-hi-poe-estandar-switching-32-gbps-tasa-de-reenvio-de-paquetes-23-808-mbps-proteccion-con\/"]}]},{"@type":"BreadcrumbList","@id":"https:\/\/compuviper.mx\/tienda\/producto\/dahua-dh-pfs3016-16gt-190-switch-poe-16-pto-poe-gigabit-190-watts-totales-los-2-pto-naranjas-soportan-hi-poe-estandar-switching-32-gbps-tasa-de-reenvio-de-paquetes-23-808-mbps-proteccion-con\/#breadcrumb","itemListElement":[{"@type":"ListItem","position":1,"name":"Inicio","item":"https:\/\/compuviper.mx\/tienda\/"},{"@type":"ListItem","position":2,"name":"Productos","item":"https:\/\/compuviper.mx\/tienda\/productos\/"},{"@type":"ListItem","position":3,"name":"Redes","item":"https:\/\/compuviper.mx\/tienda\/categoria-producto\/redes\/"},{"@type":"ListItem","position":4,"name":"Switch","item":"https:\/\/compuviper.mx\/tienda\/categoria-producto\/redes\/switch\/"},{"@type":"ListItem","position":5,"name":"Dahua Dh-pfs3016-16gt-190 Switch Poe\/ \/ \/ 16 Pto Poe Gigabit\/ 190 Watts Totales\/ Los 2 Pto Naranjas Soportan Hi-poe Estandar\/ Switching 32 Gbps\/ Tasa De Reenvio De Paquetes 23.808 Mbps\/ Proteccion Cont"}]},{"@type":"WebSite","@id":"https:\/\/compuviper.mx\/tienda\/#website","url":"https:\/\/compuviper.mx\/tienda\/","name":"Compuviper","description":"Proveedor de Computadoras, Laptops, Servidores, Monitores, Puntos de Venta, Teclados,   Impresoras, T\u00f3ner, C\u00e1maras de Seguridad y m\u00e1s en tu tienda en l\u00ednea","publisher":{"@id":"https:\/\/compuviper.mx\/tienda\/#organization"},"potentialAction":[{"@type":"SearchAction","target":{"@type":"EntryPoint","urlTemplate":"https:\/\/compuviper.mx\/tienda\/?s={search_term_string}"},"query-input":"required name=search_term_string"}],"inLanguage":"es-MX"},{"@type":"Organization","@id":"https:\/\/compuviper.mx\/tienda\/#organization","name":"Compuviper","url":"https:\/\/compuviper.mx\/tienda\/","logo":{"@type":"ImageObject","inLanguage":"es-MX","@id":"https:\/\/compuviper.mx\/tienda\/#\/schema\/logo\/image\/","url":"https:\/\/compuviper.mx\/tienda\/wp-content\/uploads\/2021\/08\/Logo-Compuviper-10.png","contentUrl":"https:\/\/compuviper.mx\/tienda\/wp-content\/uploads\/2021\/08\/Logo-Compuviper-10.png","width":1000,"height":500,"caption":"Compuviper"},"image":{"@id":"https:\/\/compuviper.mx\/tienda\/#\/schema\/logo\/image\/"},"sameAs":["https:\/\/www.facebook.com\/compuviper","https:\/\/www.youtube.com\/channel\/UCf73dERp9Y3cfOq7q8BhLjA?view_as=subscriber"]}]},"product_brand":"DAHUA","product_price_amount":"2944","product_price_currency":"MXN","og_availability":"out of stock","product_availability":"out of stock","product_retailer_item_id":"DH-PFS3016-16GT-190","product_condition":"new"},"_links":{"self":[{"href":"https:\/\/compuviper.mx\/tienda\/wp-json\/wp\/v2\/product\/245948"}],"collection":[{"href":"https:\/\/compuviper.mx\/tienda\/wp-json\/wp\/v2\/product"}],"about":[{"href":"https:\/\/compuviper.mx\/tienda\/wp-json\/wp\/v2\/types\/product"}],"replies":[{"embeddable":true,"href":"https:\/\/compuviper.mx\/tienda\/wp-json\/wp\/v2\/comments?post=245948"}],"wp:featuredmedia":[{"embeddable":true,"href":"https:\/\/compuviper.mx\/tienda\/wp-json\/wp\/v2\/media\/260111"}],"wp:attachment":[{"href":"https:\/\/compuviper.mx\/tienda\/wp-json\/wp\/v2\/media?parent=245948"}],"wp:term":[{"taxonomy":"product_cat","embeddable":true,"href":"https:\/\/compuviper.mx\/tienda\/wp-json\/wp\/v2\/product_cat?post=245948"},{"taxonomy":"product_tag","embeddable":true,"href":"https:\/\/compuviper.mx\/tienda\/wp-json\/wp\/v2\/product_tag?post=245948"}],"curies":[{"name":"wp","href":"https:\/\/api.w.org\/{rel}","templated":true}]}}