{"id":245947,"date":"2026-04-18T01:11:53","date_gmt":"2026-04-18T07:11:53","guid":{"rendered":"https:\/\/compuviper.mx\/tienda\/producto\/eaton-744-a4920-tarjeta-de-monitoreo-gigabit-network-card-m3\/"},"modified":"2026-04-18T01:11:53","modified_gmt":"2026-04-18T07:11:53","slug":"eaton-744-a4920-tarjeta-de-monitoreo-gigabit-network-card-m3-compactible-con-ups-5p-5px-5pxg2-9px-9pxg2-9pxm-9sx-93pm-93e","status":"publish","type":"product","link":"https:\/\/compuviper.mx\/tienda\/producto\/eaton-744-a4920-tarjeta-de-monitoreo-gigabit-network-card-m3-compactible-con-ups-5p-5px-5pxg2-9px-9pxg2-9pxm-9sx-93pm-93e\/","title":{"rendered":"Eaton 744-a4920 Tarjeta De Monitoreo Gigabit Network Card M3, Compactible Con Ups 5p, 5px, 5pxg2, 9px, 9pxg2, 9pxm, 9sx, 93pm, 93e"},"content":{"rendered":"<table class=\"descripcion\">\n<tr>\n<td>Eaton gigabit network card  (replaces network-ms and connectups-bd)<\/td>\n<\/tr>\n<tr>\n<td>Nueva generacion m3, sustituye a m2<\/td>\n<\/tr>\n<\/table>\n","protected":false},"excerpt":{"rendered":"<p>Monitorea tus equipos con la mas alta calidad y sin perder detalle, con la nueva generacion m3<\/p>\n","protected":false},"featured_media":260092,"comment_status":"open","ping_status":"open","template":"","meta":[],"product_cat":[1563,1572],"product_tag":[1698],"acf":[],"yoast_head":"<!-- This site is optimized with the Yoast SEO plugin v21.7 - https:\/\/yoast.com\/wordpress\/plugins\/seo\/ -->\n<title>[ Eaton ] &#129351; 744-a4920 Tarjeta De Monitoreo Gigabit Network Card M3, Compactible Con Ups 5p, 5px, 5pxg2, 9px, 9pxg2, 9pxm, 9sx, 93pm, 93e<\/title>\n<meta name=\"description\" content=\"Compra 744-a4920 Tarjeta De Monitoreo Gigabit Network Card M3, Compactible Con Ups 5p, 5px, 5pxg2, 9px, 9pxg2, 9pxm, 9sx, 93pm, 93e + Env\u00edo a domicilio + Pago seguro + Garant\u00eda\" \/>\n<meta name=\"robots\" content=\"index, follow, max-snippet:-1, max-image-preview:large, max-video-preview:-1\" \/>\n<link rel=\"canonical\" href=\"https:\/\/compuviper.mx\/tienda\/producto\/eaton-744-a4920-tarjeta-de-monitoreo-gigabit-network-card-m3-compactible-con-ups-5p-5px-5pxg2-9px-9pxg2-9pxm-9sx-93pm-93e\/\" \/>\n<meta property=\"og:locale\" content=\"es_MX\" \/>\n<meta property=\"og:type\" content=\"article\" \/>\n<meta property=\"og:title\" content=\"[ Eaton ] &#129351; 744-a4920 Tarjeta De Monitoreo Gigabit Network Card M3, Compactible Con Ups 5p, 5px, 5pxg2, 9px, 9pxg2, 9pxm, 9sx, 93pm, 93e\" \/>\n<meta property=\"og:description\" content=\"Compra 744-a4920 Tarjeta De Monitoreo Gigabit Network Card M3, Compactible Con Ups 5p, 5px, 5pxg2, 9px, 9pxg2, 9pxm, 9sx, 93pm, 93e + Env\u00edo a domicilio + Pago seguro + Garant\u00eda\" \/>\n<meta property=\"og:url\" content=\"https:\/\/compuviper.mx\/tienda\/producto\/eaton-744-a4920-tarjeta-de-monitoreo-gigabit-network-card-m3-compactible-con-ups-5p-5px-5pxg2-9px-9pxg2-9pxm-9sx-93pm-93e\/\" \/>\n<meta property=\"og:site_name\" content=\"Compuviper\" \/>\n<meta property=\"article:publisher\" content=\"https:\/\/www.facebook.com\/compuviper\" \/>\n<meta property=\"og:image\" content=\"https:\/\/compuviper.mx\/tienda\/wp-content\/uploads\/2025\/10\/Tarjeta-de-monitoreo-gigabit-network-card-m3-compactible-con-ups-5p-5px-5pxg2-9px-9pxm-9sx-93pm-93e.jpg\" \/>\n\t<meta property=\"og:image:width\" content=\"200\" \/>\n\t<meta property=\"og:image:height\" content=\"200\" \/>\n\t<meta property=\"og:image:type\" content=\"image\/jpeg\" \/>\n<meta name=\"twitter:card\" content=\"summary_large_image\" \/>\n<meta name=\"twitter:label1\" content=\"Precio\" \/>\n\t<meta name=\"twitter:data1\" content=\"&#36;3,889 &#36;3,793 con IVA\" \/>\n\t<meta name=\"twitter:label2\" content=\"Availability\" \/>\n\t<meta name=\"twitter:data2\" content=\"Out of stock\" \/>\n<script type=\"application\/ld+json\" class=\"yoast-schema-graph\">{\"@context\":\"https:\/\/schema.org\",\"@graph\":[{\"@type\":\"WebPage\",\"@id\":\"https:\/\/compuviper.mx\/tienda\/producto\/eaton-744-a4920-tarjeta-de-monitoreo-gigabit-network-card-m3-compactible-con-ups-5p-5px-5pxg2-9px-9pxg2-9pxm-9sx-93pm-93e\/\",\"url\":\"https:\/\/compuviper.mx\/tienda\/producto\/eaton-744-a4920-tarjeta-de-monitoreo-gigabit-network-card-m3-compactible-con-ups-5p-5px-5pxg2-9px-9pxg2-9pxm-9sx-93pm-93e\/\",\"name\":\"[ Eaton ] &#129351; 744-a4920 Tarjeta De Monitoreo Gigabit Network Card M3, Compactible Con Ups 5p, 5px, 5pxg2, 9px, 9pxg2, 9pxm, 9sx, 93pm, 93e\",\"isPartOf\":{\"@id\":\"https:\/\/compuviper.mx\/tienda\/#website\"},\"datePublished\":\"2026-04-18T07:11:53+00:00\",\"dateModified\":\"2026-04-18T07:11:53+00:00\",\"description\":\"Compra 744-a4920 Tarjeta De Monitoreo Gigabit Network Card M3, Compactible Con Ups 5p, 5px, 5pxg2, 9px, 9pxg2, 9pxm, 9sx, 93pm, 93e + Env\u00edo a domicilio + Pago seguro + Garant\u00eda\",\"breadcrumb\":{\"@id\":\"https:\/\/compuviper.mx\/tienda\/producto\/eaton-744-a4920-tarjeta-de-monitoreo-gigabit-network-card-m3-compactible-con-ups-5p-5px-5pxg2-9px-9pxg2-9pxm-9sx-93pm-93e\/#breadcrumb\"},\"inLanguage\":\"es-MX\",\"potentialAction\":[{\"@type\":\"ReadAction\",\"target\":[\"https:\/\/compuviper.mx\/tienda\/producto\/eaton-744-a4920-tarjeta-de-monitoreo-gigabit-network-card-m3-compactible-con-ups-5p-5px-5pxg2-9px-9pxg2-9pxm-9sx-93pm-93e\/\"]}]},{\"@type\":\"BreadcrumbList\",\"@id\":\"https:\/\/compuviper.mx\/tienda\/producto\/eaton-744-a4920-tarjeta-de-monitoreo-gigabit-network-card-m3-compactible-con-ups-5p-5px-5pxg2-9px-9pxg2-9pxm-9sx-93pm-93e\/#breadcrumb\",\"itemListElement\":[{\"@type\":\"ListItem\",\"position\":1,\"name\":\"Inicio\",\"item\":\"https:\/\/compuviper.mx\/tienda\/\"},{\"@type\":\"ListItem\",\"position\":2,\"name\":\"Productos\",\"item\":\"https:\/\/compuviper.mx\/tienda\/productos\/\"},{\"@type\":\"ListItem\",\"position\":3,\"name\":\"Redes\",\"item\":\"https:\/\/compuviper.mx\/tienda\/categoria-producto\/redes\/\"},{\"@type\":\"ListItem\",\"position\":4,\"name\":\"Tarjetas De Red\",\"item\":\"https:\/\/compuviper.mx\/tienda\/categoria-producto\/redes\/tarjetas-de-red\/\"},{\"@type\":\"ListItem\",\"position\":5,\"name\":\"Eaton 744-a4920 Tarjeta De Monitoreo Gigabit Network Card M3, Compactible Con Ups 5p, 5px, 5pxg2, 9px, 9pxg2, 9pxm, 9sx, 93pm, 93e\"}]},{\"@type\":\"WebSite\",\"@id\":\"https:\/\/compuviper.mx\/tienda\/#website\",\"url\":\"https:\/\/compuviper.mx\/tienda\/\",\"name\":\"Compuviper\",\"description\":\"Proveedor de Computadoras, Laptops, Servidores, Monitores, Puntos de Venta, Teclados,   Impresoras, T\u00f3ner, C\u00e1maras de Seguridad y m\u00e1s en tu tienda en l\u00ednea\",\"publisher\":{\"@id\":\"https:\/\/compuviper.mx\/tienda\/#organization\"},\"potentialAction\":[{\"@type\":\"SearchAction\",\"target\":{\"@type\":\"EntryPoint\",\"urlTemplate\":\"https:\/\/compuviper.mx\/tienda\/?s={search_term_string}\"},\"query-input\":\"required name=search_term_string\"}],\"inLanguage\":\"es-MX\"},{\"@type\":\"Organization\",\"@id\":\"https:\/\/compuviper.mx\/tienda\/#organization\",\"name\":\"Compuviper\",\"url\":\"https:\/\/compuviper.mx\/tienda\/\",\"logo\":{\"@type\":\"ImageObject\",\"inLanguage\":\"es-MX\",\"@id\":\"https:\/\/compuviper.mx\/tienda\/#\/schema\/logo\/image\/\",\"url\":\"https:\/\/compuviper.mx\/tienda\/wp-content\/uploads\/2021\/08\/Logo-Compuviper-10.png\",\"contentUrl\":\"https:\/\/compuviper.mx\/tienda\/wp-content\/uploads\/2021\/08\/Logo-Compuviper-10.png\",\"width\":1000,\"height\":500,\"caption\":\"Compuviper\"},\"image\":{\"@id\":\"https:\/\/compuviper.mx\/tienda\/#\/schema\/logo\/image\/\"},\"sameAs\":[\"https:\/\/www.facebook.com\/compuviper\",\"https:\/\/www.youtube.com\/channel\/UCf73dERp9Y3cfOq7q8BhLjA?view_as=subscriber\"]}]}<\/script>\n<meta property=\"product:brand\" content=\"EATON\" \/>\n<meta property=\"product:price:amount\" content=\"3793\" \/>\n<meta property=\"product:price:currency\" content=\"MXN\" \/>\n<meta property=\"og:availability\" content=\"out of stock\" \/>\n<meta property=\"product:availability\" content=\"out of stock\" \/>\n<meta property=\"product:retailer_item_id\" content=\"744-A4920\" \/>\n<meta property=\"product:condition\" content=\"new\" \/>\n<!-- \/ Yoast SEO plugin. -->","yoast_head_json":{"title":"[ Eaton ] &#129351; 744-a4920 Tarjeta De Monitoreo Gigabit Network Card M3, Compactible Con Ups 5p, 5px, 5pxg2, 9px, 9pxg2, 9pxm, 9sx, 93pm, 93e","description":"Compra 744-a4920 Tarjeta De Monitoreo Gigabit Network Card M3, Compactible Con Ups 5p, 5px, 5pxg2, 9px, 9pxg2, 9pxm, 9sx, 93pm, 93e + Env\u00edo a domicilio + Pago seguro + Garant\u00eda","robots":{"index":"index","follow":"follow","max-snippet":"max-snippet:-1","max-image-preview":"max-image-preview:large","max-video-preview":"max-video-preview:-1"},"canonical":"https:\/\/compuviper.mx\/tienda\/producto\/eaton-744-a4920-tarjeta-de-monitoreo-gigabit-network-card-m3-compactible-con-ups-5p-5px-5pxg2-9px-9pxg2-9pxm-9sx-93pm-93e\/","og_locale":"es_MX","og_type":"article","og_title":"[ Eaton ] &#129351; 744-a4920 Tarjeta De Monitoreo Gigabit Network Card M3, Compactible Con Ups 5p, 5px, 5pxg2, 9px, 9pxg2, 9pxm, 9sx, 93pm, 93e","og_description":"Compra 744-a4920 Tarjeta De Monitoreo Gigabit Network Card M3, Compactible Con Ups 5p, 5px, 5pxg2, 9px, 9pxg2, 9pxm, 9sx, 93pm, 93e + Env\u00edo a domicilio + Pago seguro + Garant\u00eda","og_url":"https:\/\/compuviper.mx\/tienda\/producto\/eaton-744-a4920-tarjeta-de-monitoreo-gigabit-network-card-m3-compactible-con-ups-5p-5px-5pxg2-9px-9pxg2-9pxm-9sx-93pm-93e\/","og_site_name":"Compuviper","article_publisher":"https:\/\/www.facebook.com\/compuviper","og_image":[{"width":200,"height":200,"url":"https:\/\/compuviper.mx\/tienda\/wp-content\/uploads\/2025\/10\/Tarjeta-de-monitoreo-gigabit-network-card-m3-compactible-con-ups-5p-5px-5pxg2-9px-9pxm-9sx-93pm-93e.jpg","type":"image\/jpeg"}],"twitter_card":"summary_large_image","twitter_misc":{"Precio":"&#36;3,889 &#36;3,793 con IVA","Availability":"Out of stock"},"schema":{"@context":"https:\/\/schema.org","@graph":[{"@type":"WebPage","@id":"https:\/\/compuviper.mx\/tienda\/producto\/eaton-744-a4920-tarjeta-de-monitoreo-gigabit-network-card-m3-compactible-con-ups-5p-5px-5pxg2-9px-9pxg2-9pxm-9sx-93pm-93e\/","url":"https:\/\/compuviper.mx\/tienda\/producto\/eaton-744-a4920-tarjeta-de-monitoreo-gigabit-network-card-m3-compactible-con-ups-5p-5px-5pxg2-9px-9pxg2-9pxm-9sx-93pm-93e\/","name":"[ Eaton ] &#129351; 744-a4920 Tarjeta De Monitoreo Gigabit Network Card M3, Compactible Con Ups 5p, 5px, 5pxg2, 9px, 9pxg2, 9pxm, 9sx, 93pm, 93e","isPartOf":{"@id":"https:\/\/compuviper.mx\/tienda\/#website"},"datePublished":"2026-04-18T07:11:53+00:00","dateModified":"2026-04-18T07:11:53+00:00","description":"Compra 744-a4920 Tarjeta De Monitoreo Gigabit Network Card M3, Compactible Con Ups 5p, 5px, 5pxg2, 9px, 9pxg2, 9pxm, 9sx, 93pm, 93e + Env\u00edo a domicilio + Pago seguro + Garant\u00eda","breadcrumb":{"@id":"https:\/\/compuviper.mx\/tienda\/producto\/eaton-744-a4920-tarjeta-de-monitoreo-gigabit-network-card-m3-compactible-con-ups-5p-5px-5pxg2-9px-9pxg2-9pxm-9sx-93pm-93e\/#breadcrumb"},"inLanguage":"es-MX","potentialAction":[{"@type":"ReadAction","target":["https:\/\/compuviper.mx\/tienda\/producto\/eaton-744-a4920-tarjeta-de-monitoreo-gigabit-network-card-m3-compactible-con-ups-5p-5px-5pxg2-9px-9pxg2-9pxm-9sx-93pm-93e\/"]}]},{"@type":"BreadcrumbList","@id":"https:\/\/compuviper.mx\/tienda\/producto\/eaton-744-a4920-tarjeta-de-monitoreo-gigabit-network-card-m3-compactible-con-ups-5p-5px-5pxg2-9px-9pxg2-9pxm-9sx-93pm-93e\/#breadcrumb","itemListElement":[{"@type":"ListItem","position":1,"name":"Inicio","item":"https:\/\/compuviper.mx\/tienda\/"},{"@type":"ListItem","position":2,"name":"Productos","item":"https:\/\/compuviper.mx\/tienda\/productos\/"},{"@type":"ListItem","position":3,"name":"Redes","item":"https:\/\/compuviper.mx\/tienda\/categoria-producto\/redes\/"},{"@type":"ListItem","position":4,"name":"Tarjetas De Red","item":"https:\/\/compuviper.mx\/tienda\/categoria-producto\/redes\/tarjetas-de-red\/"},{"@type":"ListItem","position":5,"name":"Eaton 744-a4920 Tarjeta De Monitoreo Gigabit Network Card M3, Compactible Con Ups 5p, 5px, 5pxg2, 9px, 9pxg2, 9pxm, 9sx, 93pm, 93e"}]},{"@type":"WebSite","@id":"https:\/\/compuviper.mx\/tienda\/#website","url":"https:\/\/compuviper.mx\/tienda\/","name":"Compuviper","description":"Proveedor de Computadoras, Laptops, Servidores, Monitores, Puntos de Venta, Teclados,   Impresoras, T\u00f3ner, C\u00e1maras de Seguridad y m\u00e1s en tu tienda en l\u00ednea","publisher":{"@id":"https:\/\/compuviper.mx\/tienda\/#organization"},"potentialAction":[{"@type":"SearchAction","target":{"@type":"EntryPoint","urlTemplate":"https:\/\/compuviper.mx\/tienda\/?s={search_term_string}"},"query-input":"required name=search_term_string"}],"inLanguage":"es-MX"},{"@type":"Organization","@id":"https:\/\/compuviper.mx\/tienda\/#organization","name":"Compuviper","url":"https:\/\/compuviper.mx\/tienda\/","logo":{"@type":"ImageObject","inLanguage":"es-MX","@id":"https:\/\/compuviper.mx\/tienda\/#\/schema\/logo\/image\/","url":"https:\/\/compuviper.mx\/tienda\/wp-content\/uploads\/2021\/08\/Logo-Compuviper-10.png","contentUrl":"https:\/\/compuviper.mx\/tienda\/wp-content\/uploads\/2021\/08\/Logo-Compuviper-10.png","width":1000,"height":500,"caption":"Compuviper"},"image":{"@id":"https:\/\/compuviper.mx\/tienda\/#\/schema\/logo\/image\/"},"sameAs":["https:\/\/www.facebook.com\/compuviper","https:\/\/www.youtube.com\/channel\/UCf73dERp9Y3cfOq7q8BhLjA?view_as=subscriber"]}]},"product_brand":"EATON","product_price_amount":"3793","product_price_currency":"MXN","og_availability":"out of stock","product_availability":"out of stock","product_retailer_item_id":"744-A4920","product_condition":"new"},"_links":{"self":[{"href":"https:\/\/compuviper.mx\/tienda\/wp-json\/wp\/v2\/product\/245947"}],"collection":[{"href":"https:\/\/compuviper.mx\/tienda\/wp-json\/wp\/v2\/product"}],"about":[{"href":"https:\/\/compuviper.mx\/tienda\/wp-json\/wp\/v2\/types\/product"}],"replies":[{"embeddable":true,"href":"https:\/\/compuviper.mx\/tienda\/wp-json\/wp\/v2\/comments?post=245947"}],"wp:featuredmedia":[{"embeddable":true,"href":"https:\/\/compuviper.mx\/tienda\/wp-json\/wp\/v2\/media\/260092"}],"wp:attachment":[{"href":"https:\/\/compuviper.mx\/tienda\/wp-json\/wp\/v2\/media?parent=245947"}],"wp:term":[{"taxonomy":"product_cat","embeddable":true,"href":"https:\/\/compuviper.mx\/tienda\/wp-json\/wp\/v2\/product_cat?post=245947"},{"taxonomy":"product_tag","embeddable":true,"href":"https:\/\/compuviper.mx\/tienda\/wp-json\/wp\/v2\/product_tag?post=245947"}],"curies":[{"name":"wp","href":"https:\/\/api.w.org\/{rel}","templated":true}]}}