{"id":245946,"date":"2026-04-18T01:07:36","date_gmt":"2026-04-18T07:07:36","guid":{"rendered":"https:\/\/compuviper.mx\/tienda\/producto\/dahua-dh-pfs3110-8et-96-switch-poe-pfs3110-8et-96-de-10-puertos-8-ptos-poe-1-pto-sfp-de-1000-mbps-1-pto-rj45-10-100-1000-96-watts-totales-soporta-poe-watchdog-switching-7-6-gbps-tasa-de-ree\/"},"modified":"2026-04-18T01:07:36","modified_gmt":"2026-04-18T07:07:36","slug":"dahua-dh-pfs3110-8et-96-switch-poe-pfs3110-8et-96-de-10-puertos-8-ptos-poe-1-pto-sfp-de-1000-mbps-1-pto-rj45-10-100-1000-96-watts-totales-soporta-poe-watchdog-switching-7-6-gbps-tasa-de-ree","status":"publish","type":"product","link":"https:\/\/compuviper.mx\/tienda\/producto\/dahua-dh-pfs3110-8et-96-switch-poe-pfs3110-8et-96-de-10-puertos-8-ptos-poe-1-pto-sfp-de-1000-mbps-1-pto-rj45-10-100-1000-96-watts-totales-soporta-poe-watchdog-switching-7-6-gbps-tasa-de-ree\/","title":{"rendered":"Dahua Dh-pfs3110-8et-96 Switch Poe\/ \/ Pfs3110-8et-96\/ De 10 Puertos\/ 8 Ptos Poe\/ 1 Pto Sfp De 1000 Mbps\/ 1 Pto Rj45 10\/100\/1000\/ 96 Watts Totales\/ Soporta Poe Watchdog\/ Switching 7.6 Gbps\/ Tasa De Reenvio De Paquetes D"},"content":{"rendered":"<table class=\"descripcion\">\n<tr>\n<td>Administracion de energia poe<\/td>\n<\/tr>\n<tr>\n<td>Puertos: 1 puerto uplink sfp,<\/td>\n<\/tr>\n<tr>\n<td>Distribucion poe: puert0 1-2  and 8804; 60w, puerto 3-8  and 8804;30w, total and 8804;96w<\/td>\n<\/tr>\n<tr>\n<td>Estndar poe: ieee802.3afpoe, ieee802.3atpoe,hi-poe.<\/td>\n<\/tr>\n<tr>\n<td>Capacidad de switching: 7gbps.<\/td>\n<\/tr>\n<tr>\n<td>Temperatura de operacion: -30\u00b0c~65\u00b0c<\/td>\n<\/tr>\n<tr>\n<td>Fuente de alimentacion: 48~57 vcd.<\/td>\n<\/tr>\n<tr>\n<td>Dimensiones: 150mm x 100mm x 42mm.<\/td>\n<\/tr>\n<\/table>\n","protected":false},"excerpt":{"rendered":"<p>El switch dahua modelo pfs311008et96 de gama industrial no administrable, diseado para administrar el envo de energa poe  mximo 96w , cuenta con 8 puertos fast ethernet poe  1 puerto uplink gigabit ethernet  1 puerto 1000 basex sfp , adems la proteccin y el amplio rango de temperatura de trabajo lo convierten en un equipo con mejor rendimiento para trabajo en exteriores y\/o ambientes hostiles.<\/p>\n","protected":false},"featured_media":246069,"comment_status":"open","ping_status":"open","template":"","meta":[],"product_cat":[1563,1564],"product_tag":[1555],"acf":[],"yoast_head":"<!-- This site is optimized with the Yoast SEO plugin v21.7 - https:\/\/yoast.com\/wordpress\/plugins\/seo\/ -->\n<title>[ Dahua ] &#129351; Dh-pfs3110-8et-96 Switch Poe\/ \/ Pfs3110-8et-96\/ De 10 Puertos\/ 8 Ptos Poe\/ 1 Pto Sfp De 1000 Mbps\/ 1 Pto Rj45 10\/100\/1000\/ 96 Watts Totales\/ Soporta Poe Watchdog\/ Switching 7.6 Gbps\/ Tasa De Reenvio De Paquetes D<\/title>\n<meta name=\"description\" content=\"Compra Dh-pfs3110-8et-96 Switch Poe\/ \/ Pfs3110-8et-96\/ De 10 Puertos\/ 8 Ptos Poe\/ 1 Pto Sfp De 1000 Mbps\/ 1 Pto Rj45 10\/100\/1000\/ 96 Watts Totales\/ Soporta Poe Watchdog\/ Switching 7.6 Gbps\/ Tasa De Reenvio De Paquetes D + Env\u00edo a domicilio + Pago seguro + Garant\u00eda\" \/>\n<meta name=\"robots\" content=\"index, follow, max-snippet:-1, max-image-preview:large, max-video-preview:-1\" \/>\n<link rel=\"canonical\" href=\"https:\/\/compuviper.mx\/tienda\/producto\/dahua-dh-pfs3110-8et-96-switch-poe-pfs3110-8et-96-de-10-puertos-8-ptos-poe-1-pto-sfp-de-1000-mbps-1-pto-rj45-10-100-1000-96-watts-totales-soporta-poe-watchdog-switching-7-6-gbps-tasa-de-ree\/\" \/>\n<meta property=\"og:locale\" content=\"es_MX\" \/>\n<meta property=\"og:type\" content=\"article\" \/>\n<meta property=\"og:title\" content=\"[ Dahua ] &#129351; Dh-pfs3110-8et-96 Switch Poe\/ \/ Pfs3110-8et-96\/ De 10 Puertos\/ 8 Ptos Poe\/ 1 Pto Sfp De 1000 Mbps\/ 1 Pto Rj45 10\/100\/1000\/ 96 Watts Totales\/ Soporta Poe Watchdog\/ Switching 7.6 Gbps\/ Tasa De Reenvio De Paquetes D\" \/>\n<meta property=\"og:description\" content=\"Compra Dh-pfs3110-8et-96 Switch Poe\/ \/ Pfs3110-8et-96\/ De 10 Puertos\/ 8 Ptos Poe\/ 1 Pto Sfp De 1000 Mbps\/ 1 Pto Rj45 10\/100\/1000\/ 96 Watts Totales\/ Soporta Poe Watchdog\/ Switching 7.6 Gbps\/ Tasa De Reenvio De Paquetes D + Env\u00edo a domicilio + Pago seguro + Garant\u00eda\" \/>\n<meta property=\"og:url\" content=\"https:\/\/compuviper.mx\/tienda\/producto\/dahua-dh-pfs3110-8et-96-switch-poe-pfs3110-8et-96-de-10-puertos-8-ptos-poe-1-pto-sfp-de-1000-mbps-1-pto-rj45-10-100-1000-96-watts-totales-soporta-poe-watchdog-switching-7-6-gbps-tasa-de-ree\/\" \/>\n<meta property=\"og:site_name\" content=\"Compuviper\" \/>\n<meta property=\"article:publisher\" content=\"https:\/\/www.facebook.com\/compuviper\" \/>\n<meta property=\"og:image\" content=\"https:\/\/compuviper.mx\/tienda\/wp-content\/uploads\/2024\/11\/Switch-poe-dahua-pfs3110-8et-96-de-10-puertos-8-ptos-poe-1-pto-sfp-de-1000-mbps-1-pto-rj45-101001000-96-watts-totales-soporta-poe-watchdog-switching-7.6-gbps-tasa-de-reenvio-de-paquetes-d.jpg\" \/>\n\t<meta property=\"og:image:width\" content=\"200\" \/>\n\t<meta property=\"og:image:height\" content=\"200\" \/>\n\t<meta property=\"og:image:type\" content=\"image\/jpeg\" \/>\n<meta name=\"twitter:card\" content=\"summary_large_image\" \/>\n<meta name=\"twitter:label1\" content=\"Precio\" \/>\n\t<meta name=\"twitter:data1\" content=\"&#36;1,731 con IVA\" \/>\n\t<meta name=\"twitter:label2\" content=\"Availability\" \/>\n\t<meta name=\"twitter:data2\" content=\"Out of stock\" \/>\n<script type=\"application\/ld+json\" class=\"yoast-schema-graph\">{\"@context\":\"https:\/\/schema.org\",\"@graph\":[{\"@type\":\"WebPage\",\"@id\":\"https:\/\/compuviper.mx\/tienda\/producto\/dahua-dh-pfs3110-8et-96-switch-poe-pfs3110-8et-96-de-10-puertos-8-ptos-poe-1-pto-sfp-de-1000-mbps-1-pto-rj45-10-100-1000-96-watts-totales-soporta-poe-watchdog-switching-7-6-gbps-tasa-de-ree\/\",\"url\":\"https:\/\/compuviper.mx\/tienda\/producto\/dahua-dh-pfs3110-8et-96-switch-poe-pfs3110-8et-96-de-10-puertos-8-ptos-poe-1-pto-sfp-de-1000-mbps-1-pto-rj45-10-100-1000-96-watts-totales-soporta-poe-watchdog-switching-7-6-gbps-tasa-de-ree\/\",\"name\":\"[ Dahua ] &#129351; Dh-pfs3110-8et-96 Switch Poe\/ \/ Pfs3110-8et-96\/ De 10 Puertos\/ 8 Ptos Poe\/ 1 Pto Sfp De 1000 Mbps\/ 1 Pto Rj45 10\/100\/1000\/ 96 Watts Totales\/ Soporta Poe Watchdog\/ Switching 7.6 Gbps\/ Tasa De Reenvio De Paquetes D\",\"isPartOf\":{\"@id\":\"https:\/\/compuviper.mx\/tienda\/#website\"},\"datePublished\":\"2026-04-18T07:07:36+00:00\",\"dateModified\":\"2026-04-18T07:07:36+00:00\",\"description\":\"Compra Dh-pfs3110-8et-96 Switch Poe\/ \/ Pfs3110-8et-96\/ De 10 Puertos\/ 8 Ptos Poe\/ 1 Pto Sfp De 1000 Mbps\/ 1 Pto Rj45 10\/100\/1000\/ 96 Watts Totales\/ Soporta Poe Watchdog\/ Switching 7.6 Gbps\/ Tasa De Reenvio De Paquetes D + Env\u00edo a domicilio + Pago seguro + Garant\u00eda\",\"breadcrumb\":{\"@id\":\"https:\/\/compuviper.mx\/tienda\/producto\/dahua-dh-pfs3110-8et-96-switch-poe-pfs3110-8et-96-de-10-puertos-8-ptos-poe-1-pto-sfp-de-1000-mbps-1-pto-rj45-10-100-1000-96-watts-totales-soporta-poe-watchdog-switching-7-6-gbps-tasa-de-ree\/#breadcrumb\"},\"inLanguage\":\"es-MX\",\"potentialAction\":[{\"@type\":\"ReadAction\",\"target\":[\"https:\/\/compuviper.mx\/tienda\/producto\/dahua-dh-pfs3110-8et-96-switch-poe-pfs3110-8et-96-de-10-puertos-8-ptos-poe-1-pto-sfp-de-1000-mbps-1-pto-rj45-10-100-1000-96-watts-totales-soporta-poe-watchdog-switching-7-6-gbps-tasa-de-ree\/\"]}]},{\"@type\":\"BreadcrumbList\",\"@id\":\"https:\/\/compuviper.mx\/tienda\/producto\/dahua-dh-pfs3110-8et-96-switch-poe-pfs3110-8et-96-de-10-puertos-8-ptos-poe-1-pto-sfp-de-1000-mbps-1-pto-rj45-10-100-1000-96-watts-totales-soporta-poe-watchdog-switching-7-6-gbps-tasa-de-ree\/#breadcrumb\",\"itemListElement\":[{\"@type\":\"ListItem\",\"position\":1,\"name\":\"Inicio\",\"item\":\"https:\/\/compuviper.mx\/tienda\/\"},{\"@type\":\"ListItem\",\"position\":2,\"name\":\"Productos\",\"item\":\"https:\/\/compuviper.mx\/tienda\/productos\/\"},{\"@type\":\"ListItem\",\"position\":3,\"name\":\"Redes\",\"item\":\"https:\/\/compuviper.mx\/tienda\/categoria-producto\/redes\/\"},{\"@type\":\"ListItem\",\"position\":4,\"name\":\"Switch\",\"item\":\"https:\/\/compuviper.mx\/tienda\/categoria-producto\/redes\/switch\/\"},{\"@type\":\"ListItem\",\"position\":5,\"name\":\"Dahua Dh-pfs3110-8et-96 Switch Poe\/ \/ Pfs3110-8et-96\/ De 10 Puertos\/ 8 Ptos Poe\/ 1 Pto Sfp De 1000 Mbps\/ 1 Pto Rj45 10\/100\/1000\/ 96 Watts Totales\/ Soporta Poe Watchdog\/ Switching 7.6 Gbps\/ Tasa De Reenvio De Paquetes D\"}]},{\"@type\":\"WebSite\",\"@id\":\"https:\/\/compuviper.mx\/tienda\/#website\",\"url\":\"https:\/\/compuviper.mx\/tienda\/\",\"name\":\"Compuviper\",\"description\":\"Proveedor de Computadoras, Laptops, Servidores, Monitores, Puntos de Venta, Teclados,   Impresoras, T\u00f3ner, C\u00e1maras de Seguridad y m\u00e1s en tu tienda en l\u00ednea\",\"publisher\":{\"@id\":\"https:\/\/compuviper.mx\/tienda\/#organization\"},\"potentialAction\":[{\"@type\":\"SearchAction\",\"target\":{\"@type\":\"EntryPoint\",\"urlTemplate\":\"https:\/\/compuviper.mx\/tienda\/?s={search_term_string}\"},\"query-input\":\"required name=search_term_string\"}],\"inLanguage\":\"es-MX\"},{\"@type\":\"Organization\",\"@id\":\"https:\/\/compuviper.mx\/tienda\/#organization\",\"name\":\"Compuviper\",\"url\":\"https:\/\/compuviper.mx\/tienda\/\",\"logo\":{\"@type\":\"ImageObject\",\"inLanguage\":\"es-MX\",\"@id\":\"https:\/\/compuviper.mx\/tienda\/#\/schema\/logo\/image\/\",\"url\":\"https:\/\/compuviper.mx\/tienda\/wp-content\/uploads\/2021\/08\/Logo-Compuviper-10.png\",\"contentUrl\":\"https:\/\/compuviper.mx\/tienda\/wp-content\/uploads\/2021\/08\/Logo-Compuviper-10.png\",\"width\":1000,\"height\":500,\"caption\":\"Compuviper\"},\"image\":{\"@id\":\"https:\/\/compuviper.mx\/tienda\/#\/schema\/logo\/image\/\"},\"sameAs\":[\"https:\/\/www.facebook.com\/compuviper\",\"https:\/\/www.youtube.com\/channel\/UCf73dERp9Y3cfOq7q8BhLjA?view_as=subscriber\"]}]}<\/script>\n<meta property=\"product:brand\" content=\"DAHUA\" \/>\n<meta property=\"product:price:amount\" content=\"1731\" \/>\n<meta property=\"product:price:currency\" content=\"MXN\" \/>\n<meta property=\"og:availability\" content=\"out of stock\" \/>\n<meta property=\"product:availability\" content=\"out of stock\" \/>\n<meta property=\"product:retailer_item_id\" content=\"DH-PFS3110-8ET-96\" \/>\n<meta property=\"product:condition\" content=\"new\" \/>\n<!-- \/ Yoast SEO plugin. -->","yoast_head_json":{"title":"[ Dahua ] &#129351; Dh-pfs3110-8et-96 Switch Poe\/ \/ Pfs3110-8et-96\/ De 10 Puertos\/ 8 Ptos Poe\/ 1 Pto Sfp De 1000 Mbps\/ 1 Pto Rj45 10\/100\/1000\/ 96 Watts Totales\/ Soporta Poe Watchdog\/ Switching 7.6 Gbps\/ Tasa De Reenvio De Paquetes D","description":"Compra Dh-pfs3110-8et-96 Switch Poe\/ \/ Pfs3110-8et-96\/ De 10 Puertos\/ 8 Ptos Poe\/ 1 Pto Sfp De 1000 Mbps\/ 1 Pto Rj45 10\/100\/1000\/ 96 Watts Totales\/ Soporta Poe Watchdog\/ Switching 7.6 Gbps\/ Tasa De Reenvio De Paquetes D + Env\u00edo a domicilio + Pago seguro + Garant\u00eda","robots":{"index":"index","follow":"follow","max-snippet":"max-snippet:-1","max-image-preview":"max-image-preview:large","max-video-preview":"max-video-preview:-1"},"canonical":"https:\/\/compuviper.mx\/tienda\/producto\/dahua-dh-pfs3110-8et-96-switch-poe-pfs3110-8et-96-de-10-puertos-8-ptos-poe-1-pto-sfp-de-1000-mbps-1-pto-rj45-10-100-1000-96-watts-totales-soporta-poe-watchdog-switching-7-6-gbps-tasa-de-ree\/","og_locale":"es_MX","og_type":"article","og_title":"[ Dahua ] &#129351; Dh-pfs3110-8et-96 Switch Poe\/ \/ Pfs3110-8et-96\/ De 10 Puertos\/ 8 Ptos Poe\/ 1 Pto Sfp De 1000 Mbps\/ 1 Pto Rj45 10\/100\/1000\/ 96 Watts Totales\/ Soporta Poe Watchdog\/ Switching 7.6 Gbps\/ Tasa De Reenvio De Paquetes D","og_description":"Compra Dh-pfs3110-8et-96 Switch Poe\/ \/ Pfs3110-8et-96\/ De 10 Puertos\/ 8 Ptos Poe\/ 1 Pto Sfp De 1000 Mbps\/ 1 Pto Rj45 10\/100\/1000\/ 96 Watts Totales\/ Soporta Poe Watchdog\/ Switching 7.6 Gbps\/ Tasa De Reenvio De Paquetes D + Env\u00edo a domicilio + Pago seguro + Garant\u00eda","og_url":"https:\/\/compuviper.mx\/tienda\/producto\/dahua-dh-pfs3110-8et-96-switch-poe-pfs3110-8et-96-de-10-puertos-8-ptos-poe-1-pto-sfp-de-1000-mbps-1-pto-rj45-10-100-1000-96-watts-totales-soporta-poe-watchdog-switching-7-6-gbps-tasa-de-ree\/","og_site_name":"Compuviper","article_publisher":"https:\/\/www.facebook.com\/compuviper","og_image":[{"width":200,"height":200,"url":"https:\/\/compuviper.mx\/tienda\/wp-content\/uploads\/2024\/11\/Switch-poe-dahua-pfs3110-8et-96-de-10-puertos-8-ptos-poe-1-pto-sfp-de-1000-mbps-1-pto-rj45-101001000-96-watts-totales-soporta-poe-watchdog-switching-7.6-gbps-tasa-de-reenvio-de-paquetes-d.jpg","type":"image\/jpeg"}],"twitter_card":"summary_large_image","twitter_misc":{"Precio":"&#36;1,731 con IVA","Availability":"Out of stock"},"schema":{"@context":"https:\/\/schema.org","@graph":[{"@type":"WebPage","@id":"https:\/\/compuviper.mx\/tienda\/producto\/dahua-dh-pfs3110-8et-96-switch-poe-pfs3110-8et-96-de-10-puertos-8-ptos-poe-1-pto-sfp-de-1000-mbps-1-pto-rj45-10-100-1000-96-watts-totales-soporta-poe-watchdog-switching-7-6-gbps-tasa-de-ree\/","url":"https:\/\/compuviper.mx\/tienda\/producto\/dahua-dh-pfs3110-8et-96-switch-poe-pfs3110-8et-96-de-10-puertos-8-ptos-poe-1-pto-sfp-de-1000-mbps-1-pto-rj45-10-100-1000-96-watts-totales-soporta-poe-watchdog-switching-7-6-gbps-tasa-de-ree\/","name":"[ Dahua ] &#129351; Dh-pfs3110-8et-96 Switch Poe\/ \/ Pfs3110-8et-96\/ De 10 Puertos\/ 8 Ptos Poe\/ 1 Pto Sfp De 1000 Mbps\/ 1 Pto Rj45 10\/100\/1000\/ 96 Watts Totales\/ Soporta Poe Watchdog\/ Switching 7.6 Gbps\/ Tasa De Reenvio De Paquetes D","isPartOf":{"@id":"https:\/\/compuviper.mx\/tienda\/#website"},"datePublished":"2026-04-18T07:07:36+00:00","dateModified":"2026-04-18T07:07:36+00:00","description":"Compra Dh-pfs3110-8et-96 Switch Poe\/ \/ Pfs3110-8et-96\/ De 10 Puertos\/ 8 Ptos Poe\/ 1 Pto Sfp De 1000 Mbps\/ 1 Pto Rj45 10\/100\/1000\/ 96 Watts Totales\/ Soporta Poe Watchdog\/ Switching 7.6 Gbps\/ Tasa De Reenvio De Paquetes D + Env\u00edo a domicilio + Pago seguro + Garant\u00eda","breadcrumb":{"@id":"https:\/\/compuviper.mx\/tienda\/producto\/dahua-dh-pfs3110-8et-96-switch-poe-pfs3110-8et-96-de-10-puertos-8-ptos-poe-1-pto-sfp-de-1000-mbps-1-pto-rj45-10-100-1000-96-watts-totales-soporta-poe-watchdog-switching-7-6-gbps-tasa-de-ree\/#breadcrumb"},"inLanguage":"es-MX","potentialAction":[{"@type":"ReadAction","target":["https:\/\/compuviper.mx\/tienda\/producto\/dahua-dh-pfs3110-8et-96-switch-poe-pfs3110-8et-96-de-10-puertos-8-ptos-poe-1-pto-sfp-de-1000-mbps-1-pto-rj45-10-100-1000-96-watts-totales-soporta-poe-watchdog-switching-7-6-gbps-tasa-de-ree\/"]}]},{"@type":"BreadcrumbList","@id":"https:\/\/compuviper.mx\/tienda\/producto\/dahua-dh-pfs3110-8et-96-switch-poe-pfs3110-8et-96-de-10-puertos-8-ptos-poe-1-pto-sfp-de-1000-mbps-1-pto-rj45-10-100-1000-96-watts-totales-soporta-poe-watchdog-switching-7-6-gbps-tasa-de-ree\/#breadcrumb","itemListElement":[{"@type":"ListItem","position":1,"name":"Inicio","item":"https:\/\/compuviper.mx\/tienda\/"},{"@type":"ListItem","position":2,"name":"Productos","item":"https:\/\/compuviper.mx\/tienda\/productos\/"},{"@type":"ListItem","position":3,"name":"Redes","item":"https:\/\/compuviper.mx\/tienda\/categoria-producto\/redes\/"},{"@type":"ListItem","position":4,"name":"Switch","item":"https:\/\/compuviper.mx\/tienda\/categoria-producto\/redes\/switch\/"},{"@type":"ListItem","position":5,"name":"Dahua Dh-pfs3110-8et-96 Switch Poe\/ \/ Pfs3110-8et-96\/ De 10 Puertos\/ 8 Ptos Poe\/ 1 Pto Sfp De 1000 Mbps\/ 1 Pto Rj45 10\/100\/1000\/ 96 Watts Totales\/ Soporta Poe Watchdog\/ Switching 7.6 Gbps\/ Tasa De Reenvio De Paquetes D"}]},{"@type":"WebSite","@id":"https:\/\/compuviper.mx\/tienda\/#website","url":"https:\/\/compuviper.mx\/tienda\/","name":"Compuviper","description":"Proveedor de Computadoras, Laptops, Servidores, Monitores, Puntos de Venta, Teclados,   Impresoras, T\u00f3ner, C\u00e1maras de Seguridad y m\u00e1s en tu tienda en l\u00ednea","publisher":{"@id":"https:\/\/compuviper.mx\/tienda\/#organization"},"potentialAction":[{"@type":"SearchAction","target":{"@type":"EntryPoint","urlTemplate":"https:\/\/compuviper.mx\/tienda\/?s={search_term_string}"},"query-input":"required name=search_term_string"}],"inLanguage":"es-MX"},{"@type":"Organization","@id":"https:\/\/compuviper.mx\/tienda\/#organization","name":"Compuviper","url":"https:\/\/compuviper.mx\/tienda\/","logo":{"@type":"ImageObject","inLanguage":"es-MX","@id":"https:\/\/compuviper.mx\/tienda\/#\/schema\/logo\/image\/","url":"https:\/\/compuviper.mx\/tienda\/wp-content\/uploads\/2021\/08\/Logo-Compuviper-10.png","contentUrl":"https:\/\/compuviper.mx\/tienda\/wp-content\/uploads\/2021\/08\/Logo-Compuviper-10.png","width":1000,"height":500,"caption":"Compuviper"},"image":{"@id":"https:\/\/compuviper.mx\/tienda\/#\/schema\/logo\/image\/"},"sameAs":["https:\/\/www.facebook.com\/compuviper","https:\/\/www.youtube.com\/channel\/UCf73dERp9Y3cfOq7q8BhLjA?view_as=subscriber"]}]},"product_brand":"DAHUA","product_price_amount":"1731","product_price_currency":"MXN","og_availability":"out of stock","product_availability":"out of stock","product_retailer_item_id":"DH-PFS3110-8ET-96","product_condition":"new"},"_links":{"self":[{"href":"https:\/\/compuviper.mx\/tienda\/wp-json\/wp\/v2\/product\/245946"}],"collection":[{"href":"https:\/\/compuviper.mx\/tienda\/wp-json\/wp\/v2\/product"}],"about":[{"href":"https:\/\/compuviper.mx\/tienda\/wp-json\/wp\/v2\/types\/product"}],"replies":[{"embeddable":true,"href":"https:\/\/compuviper.mx\/tienda\/wp-json\/wp\/v2\/comments?post=245946"}],"wp:featuredmedia":[{"embeddable":true,"href":"https:\/\/compuviper.mx\/tienda\/wp-json\/wp\/v2\/media\/246069"}],"wp:attachment":[{"href":"https:\/\/compuviper.mx\/tienda\/wp-json\/wp\/v2\/media?parent=245946"}],"wp:term":[{"taxonomy":"product_cat","embeddable":true,"href":"https:\/\/compuviper.mx\/tienda\/wp-json\/wp\/v2\/product_cat?post=245946"},{"taxonomy":"product_tag","embeddable":true,"href":"https:\/\/compuviper.mx\/tienda\/wp-json\/wp\/v2\/product_tag?post=245946"}],"curies":[{"name":"wp","href":"https:\/\/api.w.org\/{rel}","templated":true}]}}