{"id":245920,"date":"2026-04-18T01:14:11","date_gmt":"2026-04-18T07:14:11","guid":{"rendered":"https:\/\/compuviper.mx\/tienda\/producto\/grandstream-gwn7664e-access-point-gwn7664lr-punto-de-acceso-wifi-6-dual-mu-mimo-4x4-1xgbe-1x25gbe-poe-exterior-largo-alcance\/"},"modified":"2026-04-18T01:14:12","modified_gmt":"2026-04-18T07:14:12","slug":"grandstream-gwn7664e-access-point-doble-banda-wifi-6-dual-mu-mimo-4x4-admite-hasta-512-dispositivos-2-puertos-2-5-g-poe-175mts-inyector-se-vende-por-separado-ac-6652","status":"publish","type":"product","link":"https:\/\/compuviper.mx\/tienda\/producto\/grandstream-gwn7664e-access-point-doble-banda-wifi-6-dual-mu-mimo-4x4-admite-hasta-512-dispositivos-2-puertos-2-5-g-poe-175mts-inyector-se-vende-por-separado-ac-6652\/","title":{"rendered":"Grandstream Gwn7664e Access Point  \/ Doble Banda Wifi 6 Dual Mu-mimo 4&#215;4, Admite Hasta 512 Dispositivos, 2 Puertos 2.5 G, Poe, 175mts (inyector Se Vende Por Separado Ac-6652)"},"content":{"rendered":"<table class=\"descripcion\">\n<tr>\n<td>El gwn7664e es un potente punto de acceso wi-fi 6 802.11ax de nivel empresarial, ideal para empresas medianas y grandes, edificios de varios pisos, entornos residenciales y ubicaciones comerciales.<\/td>\n<\/tr>\n<tr>\n<td>-rendimiento inal\u00e1mbrico agregado de 6 gbps, rendimiento cableado agregado de 5 gbps<\/td>\n<\/tr>\n<tr>\n<td>-mu-mimo 4&#215;4:4 de doble banda con tecnolog\u00eda dl\/ul ofdma<\/td>\n<\/tr>\n<tr>\n<td>-alcance de cobertura de hasta 175 metros<\/td>\n<\/tr>\n<tr>\n<td>-admite 512 dispositivos cliente wi-fi simult\u00e1neos<\/td>\n<\/tr>\n<tr>\n<td>-incluye 2 puertos 2,5 g<\/td>\n<\/tr>\n<tr>\n<td>-qos avanzado para garantizar el rendimiento en tiempo real de aplicaciones de baja latencia<\/td>\n<\/tr>\n<tr>\n<td>-arranque seguro antipirater\u00eda y bloqueo de datos cr\u00edticos\/control mediante firmas digitales, certificado de seguridad \u00fanico\/contrase\u00f1a predeterminada aleatoria por dispositivo<\/td>\n<\/tr>\n<tr>\n<td>-adaptaci\u00f3n autom\u00e1tica de la energ\u00eda tras la detecci\u00f3n autom\u00e1tica de poe o poe+<\/td>\n<\/tr>\n<tr>\n<td>-el controlador integrado administra hasta 50 ap gwn locales; gwn.cloud ofrece administraci\u00f3n ilimitada de ap y gwn manager ofrece administraci\u00f3n de ap mediante software local<\/td>\n<\/tr>\n<\/table>\n","protected":false},"excerpt":{"rendered":"<p>El gwn7664e es un potente punto de acceso wi-fi 6 802.11ax de alto rendimiento y nivel empresarial, ideal para. Peque\u00f1as y medianas empresas, edificios de varios pisos, entornos residenciales y ubicaciones comerciales. Ofrece. Mu-mimo 4&#215;4:4 de doble banda con tecnolog\u00eda ofdma y un sofisticado dise\u00f1o de antena interna para evitar problemas. De transferencias, una conexi\u00f3n m\u00e1s estable, un rendimiento de red m\u00e1ximo de hasta 6 gbps y un rango de cobertura. Wi-fi ampliado. El gwn7664e es compatible con gwn.Cloud y gwn manager, la plataforma de administraci\u00f3n de wi-fi. Local y en la nube de grandstream que hace que administrar su red o varias redes en m\u00faltiples ubicaciones sea m\u00e1s f\u00e1cil. Que nunca. Tambi\u00e9n utiliza una arquitectura de gesti\u00f3n de red sin controlador en la que el controlador est\u00e1 integrado. En la interfaz de usuario web del producto para facilitar la administraci\u00f3n de los ap wi-fi implementados localmente. El gwn7664e es el ap wi-fi ideal para implementaciones de voz sobre wi-fi y ofrece una conexi\u00f3n perfecta con los. Tel\u00e9fonos ip con capacidad wi-fi de grandstream. Con soporte de qos avanzado, aplicaciones en tiempo real de baja. Latencia, redes mesh, portales cautivos, 512 clientes simult\u00e1neos y puertos de red duales de 2,5 gigabit con poe+, el. Gwn7664e es un punto de acceso wi-fi ideal para redes inal\u00e1mbricas de nivel empresarial. Implementaciones con. Densidad de usuarios media a alta.<\/p>\n","protected":false},"featured_media":260110,"comment_status":"open","ping_status":"open","template":"","meta":[],"product_cat":[1754,1563],"product_tag":[1576],"acf":[],"yoast_head":"<!-- This site is optimized with the Yoast SEO plugin v21.7 - https:\/\/yoast.com\/wordpress\/plugins\/seo\/ -->\n<title>[ Grandstream ] &#129351; Gwn7664e Access Point \/ Doble Banda Wifi 6 Dual Mu-mimo 4x4, Admite Hasta 512 Dispositivos, 2 Puertos 2.5 G, Poe, 175mts (inyector Se Vende Por Separado Ac-6652)<\/title>\n<meta name=\"description\" content=\"Compra Gwn7664e Access Point \/ Doble Banda Wifi 6 Dual Mu-mimo 4x4, Admite Hasta 512 Dispositivos, 2 Puertos 2.5 G, Poe, 175mts (inyector Se Vende Por Separado Ac-6652) + Env\u00edo a domicilio + Pago seguro + Garant\u00eda\" \/>\n<meta name=\"robots\" content=\"index, follow, max-snippet:-1, max-image-preview:large, max-video-preview:-1\" \/>\n<link rel=\"canonical\" href=\"https:\/\/compuviper.mx\/tienda\/producto\/grandstream-gwn7664e-access-point-doble-banda-wifi-6-dual-mu-mimo-4x4-admite-hasta-512-dispositivos-2-puertos-2-5-g-poe-175mts-inyector-se-vende-por-separado-ac-6652\/\" \/>\n<meta property=\"og:locale\" content=\"es_MX\" \/>\n<meta property=\"og:type\" content=\"article\" \/>\n<meta property=\"og:title\" content=\"[ Grandstream ] &#129351; Gwn7664e Access Point \/ Doble Banda Wifi 6 Dual Mu-mimo 4x4, Admite Hasta 512 Dispositivos, 2 Puertos 2.5 G, Poe, 175mts (inyector Se Vende Por Separado Ac-6652)\" \/>\n<meta property=\"og:description\" content=\"Compra Gwn7664e Access Point \/ Doble Banda Wifi 6 Dual Mu-mimo 4x4, Admite Hasta 512 Dispositivos, 2 Puertos 2.5 G, Poe, 175mts (inyector Se Vende Por Separado Ac-6652) + Env\u00edo a domicilio + Pago seguro + Garant\u00eda\" \/>\n<meta property=\"og:url\" content=\"https:\/\/compuviper.mx\/tienda\/producto\/grandstream-gwn7664e-access-point-doble-banda-wifi-6-dual-mu-mimo-4x4-admite-hasta-512-dispositivos-2-puertos-2-5-g-poe-175mts-inyector-se-vende-por-separado-ac-6652\/\" \/>\n<meta property=\"og:site_name\" content=\"Compuviper\" \/>\n<meta property=\"article:publisher\" content=\"https:\/\/www.facebook.com\/compuviper\" \/>\n<meta property=\"article:modified_time\" content=\"2026-04-18T07:14:12+00:00\" \/>\n<meta property=\"og:image\" content=\"https:\/\/compuviper.mx\/tienda\/wp-content\/uploads\/2025\/10\/Access-point-grandstream-gwn7664e-doble-banda-wifi-6-dual-mu-mimo-4x4-admite-hasta-512-dispositivos-2-puertos-2.5-g-poe-175mts-inyector-se-vende-por-separado-ac-6652.jpg\" \/>\n\t<meta property=\"og:image:width\" content=\"200\" \/>\n\t<meta property=\"og:image:height\" content=\"200\" \/>\n\t<meta property=\"og:image:type\" content=\"image\/jpeg\" \/>\n<meta name=\"twitter:card\" content=\"summary_large_image\" \/>\n<meta name=\"twitter:label1\" content=\"Precio\" \/>\n\t<meta name=\"twitter:data1\" content=\"&#36;2,703 &#36;2,508 con IVA\" \/>\n\t<meta name=\"twitter:label2\" content=\"Availability\" \/>\n\t<meta name=\"twitter:data2\" content=\"Out of stock\" \/>\n<script type=\"application\/ld+json\" class=\"yoast-schema-graph\">{\"@context\":\"https:\/\/schema.org\",\"@graph\":[{\"@type\":\"WebPage\",\"@id\":\"https:\/\/compuviper.mx\/tienda\/producto\/grandstream-gwn7664e-access-point-doble-banda-wifi-6-dual-mu-mimo-4x4-admite-hasta-512-dispositivos-2-puertos-2-5-g-poe-175mts-inyector-se-vende-por-separado-ac-6652\/\",\"url\":\"https:\/\/compuviper.mx\/tienda\/producto\/grandstream-gwn7664e-access-point-doble-banda-wifi-6-dual-mu-mimo-4x4-admite-hasta-512-dispositivos-2-puertos-2-5-g-poe-175mts-inyector-se-vende-por-separado-ac-6652\/\",\"name\":\"[ Grandstream ] &#129351; Gwn7664e Access Point \/ Doble Banda Wifi 6 Dual Mu-mimo 4x4, Admite Hasta 512 Dispositivos, 2 Puertos 2.5 G, Poe, 175mts (inyector Se Vende Por Separado Ac-6652)\",\"isPartOf\":{\"@id\":\"https:\/\/compuviper.mx\/tienda\/#website\"},\"datePublished\":\"2026-04-18T07:14:11+00:00\",\"dateModified\":\"2026-04-18T07:14:12+00:00\",\"description\":\"Compra Gwn7664e Access Point \/ Doble Banda Wifi 6 Dual Mu-mimo 4x4, Admite Hasta 512 Dispositivos, 2 Puertos 2.5 G, Poe, 175mts (inyector Se Vende Por Separado Ac-6652) + Env\u00edo a domicilio + Pago seguro + Garant\u00eda\",\"breadcrumb\":{\"@id\":\"https:\/\/compuviper.mx\/tienda\/producto\/grandstream-gwn7664e-access-point-doble-banda-wifi-6-dual-mu-mimo-4x4-admite-hasta-512-dispositivos-2-puertos-2-5-g-poe-175mts-inyector-se-vende-por-separado-ac-6652\/#breadcrumb\"},\"inLanguage\":\"es-MX\",\"potentialAction\":[{\"@type\":\"ReadAction\",\"target\":[\"https:\/\/compuviper.mx\/tienda\/producto\/grandstream-gwn7664e-access-point-doble-banda-wifi-6-dual-mu-mimo-4x4-admite-hasta-512-dispositivos-2-puertos-2-5-g-poe-175mts-inyector-se-vende-por-separado-ac-6652\/\"]}]},{\"@type\":\"BreadcrumbList\",\"@id\":\"https:\/\/compuviper.mx\/tienda\/producto\/grandstream-gwn7664e-access-point-doble-banda-wifi-6-dual-mu-mimo-4x4-admite-hasta-512-dispositivos-2-puertos-2-5-g-poe-175mts-inyector-se-vende-por-separado-ac-6652\/#breadcrumb\",\"itemListElement\":[{\"@type\":\"ListItem\",\"position\":1,\"name\":\"Inicio\",\"item\":\"https:\/\/compuviper.mx\/tienda\/\"},{\"@type\":\"ListItem\",\"position\":2,\"name\":\"Productos\",\"item\":\"https:\/\/compuviper.mx\/tienda\/productos\/\"},{\"@type\":\"ListItem\",\"position\":3,\"name\":\"Redes\",\"item\":\"https:\/\/compuviper.mx\/tienda\/categoria-producto\/redes\/\"},{\"@type\":\"ListItem\",\"position\":4,\"name\":\"Access Point\",\"item\":\"https:\/\/compuviper.mx\/tienda\/categoria-producto\/redes\/access-point\/\"},{\"@type\":\"ListItem\",\"position\":5,\"name\":\"Grandstream Gwn7664e Access Point \/ Doble Banda Wifi 6 Dual Mu-mimo 4&#215;4, Admite Hasta 512 Dispositivos, 2 Puertos 2.5 G, Poe, 175mts (inyector Se Vende Por Separado Ac-6652)\"}]},{\"@type\":\"WebSite\",\"@id\":\"https:\/\/compuviper.mx\/tienda\/#website\",\"url\":\"https:\/\/compuviper.mx\/tienda\/\",\"name\":\"Compuviper\",\"description\":\"Proveedor de Computadoras, Laptops, Servidores, Monitores, Puntos de Venta, Teclados,   Impresoras, T\u00f3ner, C\u00e1maras de Seguridad y m\u00e1s en tu tienda en l\u00ednea\",\"publisher\":{\"@id\":\"https:\/\/compuviper.mx\/tienda\/#organization\"},\"potentialAction\":[{\"@type\":\"SearchAction\",\"target\":{\"@type\":\"EntryPoint\",\"urlTemplate\":\"https:\/\/compuviper.mx\/tienda\/?s={search_term_string}\"},\"query-input\":\"required name=search_term_string\"}],\"inLanguage\":\"es-MX\"},{\"@type\":\"Organization\",\"@id\":\"https:\/\/compuviper.mx\/tienda\/#organization\",\"name\":\"Compuviper\",\"url\":\"https:\/\/compuviper.mx\/tienda\/\",\"logo\":{\"@type\":\"ImageObject\",\"inLanguage\":\"es-MX\",\"@id\":\"https:\/\/compuviper.mx\/tienda\/#\/schema\/logo\/image\/\",\"url\":\"https:\/\/compuviper.mx\/tienda\/wp-content\/uploads\/2021\/08\/Logo-Compuviper-10.png\",\"contentUrl\":\"https:\/\/compuviper.mx\/tienda\/wp-content\/uploads\/2021\/08\/Logo-Compuviper-10.png\",\"width\":1000,\"height\":500,\"caption\":\"Compuviper\"},\"image\":{\"@id\":\"https:\/\/compuviper.mx\/tienda\/#\/schema\/logo\/image\/\"},\"sameAs\":[\"https:\/\/www.facebook.com\/compuviper\",\"https:\/\/www.youtube.com\/channel\/UCf73dERp9Y3cfOq7q8BhLjA?view_as=subscriber\"]}]}<\/script>\n<meta property=\"product:brand\" content=\"GRANDSTREAM\" \/>\n<meta property=\"product:price:amount\" content=\"2508\" \/>\n<meta property=\"product:price:currency\" content=\"MXN\" \/>\n<meta property=\"og:availability\" content=\"out of stock\" \/>\n<meta property=\"product:availability\" content=\"out of stock\" \/>\n<meta property=\"product:retailer_item_id\" content=\"GWN7664E\" \/>\n<meta property=\"product:condition\" content=\"new\" \/>\n<!-- \/ Yoast SEO plugin. -->","yoast_head_json":{"title":"[ Grandstream ] &#129351; Gwn7664e Access Point \/ Doble Banda Wifi 6 Dual Mu-mimo 4x4, Admite Hasta 512 Dispositivos, 2 Puertos 2.5 G, Poe, 175mts (inyector Se Vende Por Separado Ac-6652)","description":"Compra Gwn7664e Access Point \/ Doble Banda Wifi 6 Dual Mu-mimo 4x4, Admite Hasta 512 Dispositivos, 2 Puertos 2.5 G, Poe, 175mts (inyector Se Vende Por Separado Ac-6652) + Env\u00edo a domicilio + Pago seguro + Garant\u00eda","robots":{"index":"index","follow":"follow","max-snippet":"max-snippet:-1","max-image-preview":"max-image-preview:large","max-video-preview":"max-video-preview:-1"},"canonical":"https:\/\/compuviper.mx\/tienda\/producto\/grandstream-gwn7664e-access-point-doble-banda-wifi-6-dual-mu-mimo-4x4-admite-hasta-512-dispositivos-2-puertos-2-5-g-poe-175mts-inyector-se-vende-por-separado-ac-6652\/","og_locale":"es_MX","og_type":"article","og_title":"[ Grandstream ] &#129351; Gwn7664e Access Point \/ Doble Banda Wifi 6 Dual Mu-mimo 4x4, Admite Hasta 512 Dispositivos, 2 Puertos 2.5 G, Poe, 175mts (inyector Se Vende Por Separado Ac-6652)","og_description":"Compra Gwn7664e Access Point \/ Doble Banda Wifi 6 Dual Mu-mimo 4x4, Admite Hasta 512 Dispositivos, 2 Puertos 2.5 G, Poe, 175mts (inyector Se Vende Por Separado Ac-6652) + Env\u00edo a domicilio + Pago seguro + Garant\u00eda","og_url":"https:\/\/compuviper.mx\/tienda\/producto\/grandstream-gwn7664e-access-point-doble-banda-wifi-6-dual-mu-mimo-4x4-admite-hasta-512-dispositivos-2-puertos-2-5-g-poe-175mts-inyector-se-vende-por-separado-ac-6652\/","og_site_name":"Compuviper","article_publisher":"https:\/\/www.facebook.com\/compuviper","article_modified_time":"2026-04-18T07:14:12+00:00","og_image":[{"width":200,"height":200,"url":"https:\/\/compuviper.mx\/tienda\/wp-content\/uploads\/2025\/10\/Access-point-grandstream-gwn7664e-doble-banda-wifi-6-dual-mu-mimo-4x4-admite-hasta-512-dispositivos-2-puertos-2.5-g-poe-175mts-inyector-se-vende-por-separado-ac-6652.jpg","type":"image\/jpeg"}],"twitter_card":"summary_large_image","twitter_misc":{"Precio":"&#36;2,703 &#36;2,508 con IVA","Availability":"Out of stock"},"schema":{"@context":"https:\/\/schema.org","@graph":[{"@type":"WebPage","@id":"https:\/\/compuviper.mx\/tienda\/producto\/grandstream-gwn7664e-access-point-doble-banda-wifi-6-dual-mu-mimo-4x4-admite-hasta-512-dispositivos-2-puertos-2-5-g-poe-175mts-inyector-se-vende-por-separado-ac-6652\/","url":"https:\/\/compuviper.mx\/tienda\/producto\/grandstream-gwn7664e-access-point-doble-banda-wifi-6-dual-mu-mimo-4x4-admite-hasta-512-dispositivos-2-puertos-2-5-g-poe-175mts-inyector-se-vende-por-separado-ac-6652\/","name":"[ Grandstream ] &#129351; Gwn7664e Access Point \/ Doble Banda Wifi 6 Dual Mu-mimo 4x4, Admite Hasta 512 Dispositivos, 2 Puertos 2.5 G, Poe, 175mts (inyector Se Vende Por Separado Ac-6652)","isPartOf":{"@id":"https:\/\/compuviper.mx\/tienda\/#website"},"datePublished":"2026-04-18T07:14:11+00:00","dateModified":"2026-04-18T07:14:12+00:00","description":"Compra Gwn7664e Access Point \/ Doble Banda Wifi 6 Dual Mu-mimo 4x4, Admite Hasta 512 Dispositivos, 2 Puertos 2.5 G, Poe, 175mts (inyector Se Vende Por Separado Ac-6652) + Env\u00edo a domicilio + Pago seguro + Garant\u00eda","breadcrumb":{"@id":"https:\/\/compuviper.mx\/tienda\/producto\/grandstream-gwn7664e-access-point-doble-banda-wifi-6-dual-mu-mimo-4x4-admite-hasta-512-dispositivos-2-puertos-2-5-g-poe-175mts-inyector-se-vende-por-separado-ac-6652\/#breadcrumb"},"inLanguage":"es-MX","potentialAction":[{"@type":"ReadAction","target":["https:\/\/compuviper.mx\/tienda\/producto\/grandstream-gwn7664e-access-point-doble-banda-wifi-6-dual-mu-mimo-4x4-admite-hasta-512-dispositivos-2-puertos-2-5-g-poe-175mts-inyector-se-vende-por-separado-ac-6652\/"]}]},{"@type":"BreadcrumbList","@id":"https:\/\/compuviper.mx\/tienda\/producto\/grandstream-gwn7664e-access-point-doble-banda-wifi-6-dual-mu-mimo-4x4-admite-hasta-512-dispositivos-2-puertos-2-5-g-poe-175mts-inyector-se-vende-por-separado-ac-6652\/#breadcrumb","itemListElement":[{"@type":"ListItem","position":1,"name":"Inicio","item":"https:\/\/compuviper.mx\/tienda\/"},{"@type":"ListItem","position":2,"name":"Productos","item":"https:\/\/compuviper.mx\/tienda\/productos\/"},{"@type":"ListItem","position":3,"name":"Redes","item":"https:\/\/compuviper.mx\/tienda\/categoria-producto\/redes\/"},{"@type":"ListItem","position":4,"name":"Access Point","item":"https:\/\/compuviper.mx\/tienda\/categoria-producto\/redes\/access-point\/"},{"@type":"ListItem","position":5,"name":"Grandstream Gwn7664e Access Point \/ Doble Banda Wifi 6 Dual Mu-mimo 4&#215;4, Admite Hasta 512 Dispositivos, 2 Puertos 2.5 G, Poe, 175mts (inyector Se Vende Por Separado Ac-6652)"}]},{"@type":"WebSite","@id":"https:\/\/compuviper.mx\/tienda\/#website","url":"https:\/\/compuviper.mx\/tienda\/","name":"Compuviper","description":"Proveedor de Computadoras, Laptops, Servidores, Monitores, Puntos de Venta, Teclados,   Impresoras, T\u00f3ner, C\u00e1maras de Seguridad y m\u00e1s en tu tienda en l\u00ednea","publisher":{"@id":"https:\/\/compuviper.mx\/tienda\/#organization"},"potentialAction":[{"@type":"SearchAction","target":{"@type":"EntryPoint","urlTemplate":"https:\/\/compuviper.mx\/tienda\/?s={search_term_string}"},"query-input":"required name=search_term_string"}],"inLanguage":"es-MX"},{"@type":"Organization","@id":"https:\/\/compuviper.mx\/tienda\/#organization","name":"Compuviper","url":"https:\/\/compuviper.mx\/tienda\/","logo":{"@type":"ImageObject","inLanguage":"es-MX","@id":"https:\/\/compuviper.mx\/tienda\/#\/schema\/logo\/image\/","url":"https:\/\/compuviper.mx\/tienda\/wp-content\/uploads\/2021\/08\/Logo-Compuviper-10.png","contentUrl":"https:\/\/compuviper.mx\/tienda\/wp-content\/uploads\/2021\/08\/Logo-Compuviper-10.png","width":1000,"height":500,"caption":"Compuviper"},"image":{"@id":"https:\/\/compuviper.mx\/tienda\/#\/schema\/logo\/image\/"},"sameAs":["https:\/\/www.facebook.com\/compuviper","https:\/\/www.youtube.com\/channel\/UCf73dERp9Y3cfOq7q8BhLjA?view_as=subscriber"]}]},"product_brand":"GRANDSTREAM","product_price_amount":"2508","product_price_currency":"MXN","og_availability":"out of stock","product_availability":"out of stock","product_retailer_item_id":"GWN7664E","product_condition":"new"},"_links":{"self":[{"href":"https:\/\/compuviper.mx\/tienda\/wp-json\/wp\/v2\/product\/245920"}],"collection":[{"href":"https:\/\/compuviper.mx\/tienda\/wp-json\/wp\/v2\/product"}],"about":[{"href":"https:\/\/compuviper.mx\/tienda\/wp-json\/wp\/v2\/types\/product"}],"replies":[{"embeddable":true,"href":"https:\/\/compuviper.mx\/tienda\/wp-json\/wp\/v2\/comments?post=245920"}],"wp:featuredmedia":[{"embeddable":true,"href":"https:\/\/compuviper.mx\/tienda\/wp-json\/wp\/v2\/media\/260110"}],"wp:attachment":[{"href":"https:\/\/compuviper.mx\/tienda\/wp-json\/wp\/v2\/media?parent=245920"}],"wp:term":[{"taxonomy":"product_cat","embeddable":true,"href":"https:\/\/compuviper.mx\/tienda\/wp-json\/wp\/v2\/product_cat?post=245920"},{"taxonomy":"product_tag","embeddable":true,"href":"https:\/\/compuviper.mx\/tienda\/wp-json\/wp\/v2\/product_tag?post=245920"}],"curies":[{"name":"wp","href":"https:\/\/api.w.org\/{rel}","templated":true}]}}