{"id":245906,"date":"2026-04-02T02:27:43","date_gmt":"2026-04-02T08:27:43","guid":{"rendered":"https:\/\/compuviper.mx\/tienda\/producto\/benq-9h-jsp77-14l-videoproyector-ew805st-dlp-3600-lum-wxga-1280x800-lampara-hasta-15000-hrs-android-9-0-bluetooth-4-0-wifi-dual-rj45x1-hdmix1\/"},"modified":"2026-04-02T02:27:43","modified_gmt":"2026-04-02T08:27:43","slug":"benq-9h-jsp77-14l-videoproyector-ew805st-dlp-3600-lum-wxga-1280x800-lampara-hasta-15000-hrs-android-9-0-bluetooth-4-0-wifi-dual-rj45x1-hdmix1","status":"publish","type":"product","link":"https:\/\/compuviper.mx\/tienda\/producto\/benq-9h-jsp77-14l-videoproyector-ew805st-dlp-3600-lum-wxga-1280x800-lampara-hasta-15000-hrs-android-9-0-bluetooth-4-0-wifi-dual-rj45x1-hdmix1\/","title":{"rendered":"Benq 9h.jsp77.14l Videoproyector  Ew805st Dlp 3600 Lum Wxga 1280&#215;800 Lampara Hasta 15000 Hrs Android 9.0 Bluetooth 4.0 Wifi Dual Rj45x1 Hdmix1"},"content":{"rendered":"<table class=\"descripcion\">\n<tr>\n<td>Ew805st proyector smart de tiro corto<\/td>\n<\/tr>\n<tr>\n<td>Android incorporado 9.0<\/td>\n<\/tr>\n<tr>\n<td>Brillo mejorado de 3600 ansi lumenes<\/td>\n<\/tr>\n<tr>\n<td>Compatibilidad con modulos interactivos pointwrite<\/td>\n<\/tr>\n<tr>\n<td>Compatibilida con proyeccion inalambrica ios chromeos windowsos android<\/td>\n<\/tr>\n<tr>\n<td>Encedido y apagado con programacion remota<\/td>\n<\/tr>\n<tr>\n<td>Lector usb aumentado para admitir teclado raton y unidad flash usb al mismo tiempo<\/td>\n<\/tr>\n<tr>\n<td>Especificaciones<\/td>\n<\/tr>\n<tr>\n<td>Panel<\/td>\n<\/tr>\n<tr>\n<td>Sistema de proyeccion dlp<\/td>\n<\/tr>\n<tr>\n<td>Brillo 3600 ansi lumenes<\/td>\n<\/tr>\n<tr>\n<td>Resolucion nativa wxga 1280 x 800 pix<\/td>\n<\/tr>\n<tr>\n<td>Relacion de aspecto 4 a 3 16 a 9 16 a 10 auto real<\/td>\n<\/tr>\n<tr>\n<td>Contraste fofo 20000 a 1<\/td>\n<\/tr>\n<tr>\n<td>Color 30 bit 1.07 billones de colores con cobertura rec 709 al 92<\/td>\n<\/tr>\n<tr>\n<td>Fuente de luz lampara<\/td>\n<\/tr>\n<tr>\n<td>Vida de fuente de luz 6000 10000 15000 horas normal eco smarteco ahorro de lampara<\/td>\n<\/tr>\n<tr>\n<td>Optico<\/td>\n<\/tr>\n<tr>\n<td>Indice de proyeccion 0.49<\/td>\n<\/tr>\n<tr>\n<td>Zoom ratio fijo<\/td>\n<\/tr>\n<tr>\n<td>Lente f 2.6 f 6.9 mm<\/td>\n<\/tr>\n<tr>\n<td>Ajuste de lente na<\/td>\n<\/tr>\n<tr>\n<td>Correccion trapezoidal 1d vertical 40<\/td>\n<\/tr>\n<tr>\n<td>Desplazamiento de lente na<\/td>\n<\/tr>\n<tr>\n<td>Imagen<\/td>\n<\/tr>\n<tr>\n<td>Tamano de imagen optimo 70 a 120<\/td>\n<\/tr>\n<tr>\n<td>Modos de imagen videoconferencia brillante srgb presentacion infografia 3d usuario 1 y usuario 2<\/td>\n<\/tr>\n<tr>\n<td>Resoluciones soportadas vga 640 x 480 hasta wuxga rb 192 x 1200<\/td>\n<\/tr>\n<tr>\n<td>Frecuencia horizontal 15k 102 khz<\/td>\n<\/tr>\n<tr>\n<td>Rango de escaneo vertical 23 120 hz<\/td>\n<\/tr>\n<tr>\n<td>Compatibilidad<\/td>\n<\/tr>\n<tr>\n<td>Compatibilidad hdtv 480i 480p 576i 576p 720p 1080i 1080p<\/td>\n<\/tr>\n<tr>\n<td>Compatibilidad de video na<\/td>\n<\/tr>\n<tr>\n<td>I o interface pc in dsub 15pin x1 compartido con video por componentes<\/td>\n<\/tr>\n<tr>\n<td>Monitor out dsub 15pin x1<\/td>\n<\/tr>\n<tr>\n<td>Hdmi in x1 hdmi 1 1.4a hdcp 1.4<\/td>\n<\/tr>\n<tr>\n<td>Usb tipo a x5 usb 1 2.0 energia 1.5a usb 2 y usb 3 2.0 energia 0.9a reader usb 4 2.0 dongle inalambrico oculto usb 5 2.0 energia 0.9 pointwrite<\/td>\n<\/tr>\n<tr>\n<td>Usb tipo mini b x1 usb tipo mini b pointwrite<\/td>\n<\/tr>\n<tr>\n<td>Lan rj45 x1<\/td>\n<\/tr>\n<tr>\n<td>Rs232 in db 9pin x1<\/td>\n<\/tr>\n<tr>\n<td>Ir receiver x2 frente arriba<\/td>\n<\/tr>\n<tr>\n<td>Audio<\/td>\n<\/tr>\n<tr>\n<td>Bocina x1 5w<\/td>\n<\/tr>\n<tr>\n<td>Audio in out 3.5 mini jack x1 x1<\/td>\n<\/tr>\n<tr>\n<td>Medio ambiente<\/td>\n<\/tr>\n<tr>\n<td>Fuente de poder ac 100 a 240v 50 60 hz<\/td>\n<\/tr>\n<tr>\n<td>Consumo de energia 110v 275w nax<\/td>\n<\/tr>\n<tr>\n<td>Consumo de energia stand by 0.5w<\/td>\n<\/tr>\n<tr>\n<td>Ruido acustico tipico eco 33 29 db<\/td>\n<\/tr>\n<tr>\n<td>Temperatura de operaci\u00f3n 0 40<\/td>\n<\/tr>\n<tr>\n<td>Peso dimension<\/td>\n<\/tr>\n<tr>\n<td>Peso kg 2.8 kg6.17 lbs<\/td>\n<\/tr>\n<tr>\n<td>Dimensiones wxhxd mm 296 x 120 x 250 mm<\/td>\n<\/tr>\n<tr>\n<td>Accesorios<\/td>\n<\/tr>\n<tr>\n<td>Incluidos dongle inalambrico control remoto cable de poder guia de inicio rapido garantia por region<\/td>\n<\/tr>\n<tr>\n<td>Opcionales maletin soporte a techo<\/td>\n<\/tr>\n<tr>\n<td>Smart<\/td>\n<\/tr>\n<tr>\n<td>Funciones smart sistema operativo android 9.0 bluetooth 4.0 wi fi dual band 802.11 a b g n ac 2.4g 5g proyeccion wireless airplay google cast miracast<\/td>\n<\/tr>\n<tr>\n<td>Otros<\/td>\n<\/tr>\n<tr>\n<td>Caracteristicas brillatcolor smart eco vidi launcher smart education reinicio instantaneo auto apagado modo altitudes elevadas dust guard eco blank busqueda de senal bloqueo de panel 3d ready 3d directo desde hdmi zoom digital usb reader correccion de color en pared modulo interactivo compatible barra de seguridad seguridad kensington espacio para guardar el dongle inalambrico compatibilidad con crestron amx pj link lan control con mda dms local lan por rs232 soportado<\/td>\n<\/tr>\n<\/table>\n","protected":false},"excerpt":{"rendered":"<p>Proyector inteligente de tiro corto wxga de 3600 lumenes ew805st. Smart eco una aplicacin precargada que calcula e ahorro de costos en tiempo real. Android 9 integrado. Duplicacin inlamabrica de la pantalla. Muestra tu conocimiento y demuestralo al disenar el entorno de aprendizaje ideal no es suficiente lo que puede hacer una tecnologia determinada. Tambien es importante tener en cuenta el valor y los beneficios a largo plazo de cualquier tecnologia que introduzcan a la escuela. Maximizar la vida util y la confiabilidad de la tecnologia de la escuela le mostrara a todos que es un tomador de decisiones visionario pero ahorrativo<\/p>\n","protected":false},"featured_media":258584,"comment_status":"open","ping_status":"open","template":"","meta":[],"product_cat":[1844,1843],"product_tag":[1744],"acf":[],"yoast_head":"<!-- This site is optimized with the Yoast SEO plugin v21.7 - https:\/\/yoast.com\/wordpress\/plugins\/seo\/ -->\n<title>[ Benq ] &#129351; 9h.jsp77.14l Videoproyector Ew805st Dlp 3600 Lum Wxga 1280x800 Lampara Hasta 15000 Hrs Android 9.0 Bluetooth 4.0 Wifi Dual Rj45x1 Hdmix1<\/title>\n<meta name=\"description\" content=\"Compra 9h.jsp77.14l Videoproyector Ew805st Dlp 3600 Lum Wxga 1280x800 Lampara Hasta 15000 Hrs Android 9.0 Bluetooth 4.0 Wifi Dual Rj45x1 Hdmix1 + Env\u00edo a domicilio + Pago seguro + Garant\u00eda\" \/>\n<meta name=\"robots\" content=\"index, follow, max-snippet:-1, max-image-preview:large, max-video-preview:-1\" \/>\n<link rel=\"canonical\" href=\"https:\/\/compuviper.mx\/tienda\/producto\/benq-9h-jsp77-14l-videoproyector-ew805st-dlp-3600-lum-wxga-1280x800-lampara-hasta-15000-hrs-android-9-0-bluetooth-4-0-wifi-dual-rj45x1-hdmix1\/\" \/>\n<meta property=\"og:locale\" content=\"es_MX\" \/>\n<meta property=\"og:type\" content=\"article\" \/>\n<meta property=\"og:title\" content=\"[ Benq ] &#129351; 9h.jsp77.14l Videoproyector Ew805st Dlp 3600 Lum Wxga 1280x800 Lampara Hasta 15000 Hrs Android 9.0 Bluetooth 4.0 Wifi Dual Rj45x1 Hdmix1\" \/>\n<meta property=\"og:description\" content=\"Compra 9h.jsp77.14l Videoproyector Ew805st Dlp 3600 Lum Wxga 1280x800 Lampara Hasta 15000 Hrs Android 9.0 Bluetooth 4.0 Wifi Dual Rj45x1 Hdmix1 + Env\u00edo a domicilio + Pago seguro + Garant\u00eda\" \/>\n<meta property=\"og:url\" content=\"https:\/\/compuviper.mx\/tienda\/producto\/benq-9h-jsp77-14l-videoproyector-ew805st-dlp-3600-lum-wxga-1280x800-lampara-hasta-15000-hrs-android-9-0-bluetooth-4-0-wifi-dual-rj45x1-hdmix1\/\" \/>\n<meta property=\"og:site_name\" content=\"Compuviper\" \/>\n<meta property=\"article:publisher\" content=\"https:\/\/www.facebook.com\/compuviper\" \/>\n<meta property=\"og:image\" content=\"https:\/\/compuviper.mx\/tienda\/wp-content\/uploads\/2025\/10\/Videoproyector-benq-ew805st-dlp-3600-lum-wxga-1280x800-lampara-hasta-15000-hrs-android-9.0-bluetooth-4.0-wifi-dual-rj45x1-hdmix1.jpg\" \/>\n\t<meta property=\"og:image:width\" content=\"200\" \/>\n\t<meta property=\"og:image:height\" content=\"200\" \/>\n\t<meta property=\"og:image:type\" content=\"image\/jpeg\" \/>\n<meta name=\"twitter:card\" content=\"summary_large_image\" \/>\n<meta name=\"twitter:label1\" content=\"Precio\" \/>\n\t<meta name=\"twitter:data1\" content=\"&#36;18,387 con IVA\" \/>\n\t<meta name=\"twitter:label2\" content=\"Availability\" \/>\n\t<meta name=\"twitter:data2\" content=\"Out of stock\" \/>\n<script type=\"application\/ld+json\" class=\"yoast-schema-graph\">{\"@context\":\"https:\/\/schema.org\",\"@graph\":[{\"@type\":\"WebPage\",\"@id\":\"https:\/\/compuviper.mx\/tienda\/producto\/benq-9h-jsp77-14l-videoproyector-ew805st-dlp-3600-lum-wxga-1280x800-lampara-hasta-15000-hrs-android-9-0-bluetooth-4-0-wifi-dual-rj45x1-hdmix1\/\",\"url\":\"https:\/\/compuviper.mx\/tienda\/producto\/benq-9h-jsp77-14l-videoproyector-ew805st-dlp-3600-lum-wxga-1280x800-lampara-hasta-15000-hrs-android-9-0-bluetooth-4-0-wifi-dual-rj45x1-hdmix1\/\",\"name\":\"[ Benq ] &#129351; 9h.jsp77.14l Videoproyector Ew805st Dlp 3600 Lum Wxga 1280x800 Lampara Hasta 15000 Hrs Android 9.0 Bluetooth 4.0 Wifi Dual Rj45x1 Hdmix1\",\"isPartOf\":{\"@id\":\"https:\/\/compuviper.mx\/tienda\/#website\"},\"datePublished\":\"2026-04-02T08:27:43+00:00\",\"dateModified\":\"2026-04-02T08:27:43+00:00\",\"description\":\"Compra 9h.jsp77.14l Videoproyector Ew805st Dlp 3600 Lum Wxga 1280x800 Lampara Hasta 15000 Hrs Android 9.0 Bluetooth 4.0 Wifi Dual Rj45x1 Hdmix1 + Env\u00edo a domicilio + Pago seguro + Garant\u00eda\",\"breadcrumb\":{\"@id\":\"https:\/\/compuviper.mx\/tienda\/producto\/benq-9h-jsp77-14l-videoproyector-ew805st-dlp-3600-lum-wxga-1280x800-lampara-hasta-15000-hrs-android-9-0-bluetooth-4-0-wifi-dual-rj45x1-hdmix1\/#breadcrumb\"},\"inLanguage\":\"es-MX\",\"potentialAction\":[{\"@type\":\"ReadAction\",\"target\":[\"https:\/\/compuviper.mx\/tienda\/producto\/benq-9h-jsp77-14l-videoproyector-ew805st-dlp-3600-lum-wxga-1280x800-lampara-hasta-15000-hrs-android-9-0-bluetooth-4-0-wifi-dual-rj45x1-hdmix1\/\"]}]},{\"@type\":\"BreadcrumbList\",\"@id\":\"https:\/\/compuviper.mx\/tienda\/producto\/benq-9h-jsp77-14l-videoproyector-ew805st-dlp-3600-lum-wxga-1280x800-lampara-hasta-15000-hrs-android-9-0-bluetooth-4-0-wifi-dual-rj45x1-hdmix1\/#breadcrumb\",\"itemListElement\":[{\"@type\":\"ListItem\",\"position\":1,\"name\":\"Inicio\",\"item\":\"https:\/\/compuviper.mx\/tienda\/\"},{\"@type\":\"ListItem\",\"position\":2,\"name\":\"Productos\",\"item\":\"https:\/\/compuviper.mx\/tienda\/productos\/\"},{\"@type\":\"ListItem\",\"position\":3,\"name\":\"Videoproyector\",\"item\":\"https:\/\/compuviper.mx\/tienda\/categoria-producto\/videoproyector\/\"},{\"@type\":\"ListItem\",\"position\":4,\"name\":\"Basico\",\"item\":\"https:\/\/compuviper.mx\/tienda\/categoria-producto\/videoproyector\/basico-videoproyector\/\"},{\"@type\":\"ListItem\",\"position\":5,\"name\":\"Benq 9h.jsp77.14l Videoproyector Ew805st Dlp 3600 Lum Wxga 1280&#215;800 Lampara Hasta 15000 Hrs Android 9.0 Bluetooth 4.0 Wifi Dual Rj45x1 Hdmix1\"}]},{\"@type\":\"WebSite\",\"@id\":\"https:\/\/compuviper.mx\/tienda\/#website\",\"url\":\"https:\/\/compuviper.mx\/tienda\/\",\"name\":\"Compuviper\",\"description\":\"Proveedor de Computadoras, Laptops, Servidores, Monitores, Puntos de Venta, Teclados,   Impresoras, T\u00f3ner, C\u00e1maras de Seguridad y m\u00e1s en tu tienda en l\u00ednea\",\"publisher\":{\"@id\":\"https:\/\/compuviper.mx\/tienda\/#organization\"},\"potentialAction\":[{\"@type\":\"SearchAction\",\"target\":{\"@type\":\"EntryPoint\",\"urlTemplate\":\"https:\/\/compuviper.mx\/tienda\/?s={search_term_string}\"},\"query-input\":\"required name=search_term_string\"}],\"inLanguage\":\"es-MX\"},{\"@type\":\"Organization\",\"@id\":\"https:\/\/compuviper.mx\/tienda\/#organization\",\"name\":\"Compuviper\",\"url\":\"https:\/\/compuviper.mx\/tienda\/\",\"logo\":{\"@type\":\"ImageObject\",\"inLanguage\":\"es-MX\",\"@id\":\"https:\/\/compuviper.mx\/tienda\/#\/schema\/logo\/image\/\",\"url\":\"https:\/\/compuviper.mx\/tienda\/wp-content\/uploads\/2021\/08\/Logo-Compuviper-10.png\",\"contentUrl\":\"https:\/\/compuviper.mx\/tienda\/wp-content\/uploads\/2021\/08\/Logo-Compuviper-10.png\",\"width\":1000,\"height\":500,\"caption\":\"Compuviper\"},\"image\":{\"@id\":\"https:\/\/compuviper.mx\/tienda\/#\/schema\/logo\/image\/\"},\"sameAs\":[\"https:\/\/www.facebook.com\/compuviper\",\"https:\/\/www.youtube.com\/channel\/UCf73dERp9Y3cfOq7q8BhLjA?view_as=subscriber\"]}]}<\/script>\n<meta property=\"product:brand\" content=\"BENQ\" \/>\n<meta property=\"product:price:amount\" content=\"18387\" \/>\n<meta property=\"product:price:currency\" content=\"MXN\" \/>\n<meta property=\"og:availability\" content=\"out of stock\" \/>\n<meta property=\"product:availability\" content=\"out of stock\" \/>\n<meta property=\"product:retailer_item_id\" content=\"9H.JSP77.14L\" \/>\n<meta property=\"product:condition\" content=\"new\" \/>\n<!-- \/ Yoast SEO plugin. -->","yoast_head_json":{"title":"[ Benq ] &#129351; 9h.jsp77.14l Videoproyector Ew805st Dlp 3600 Lum Wxga 1280x800 Lampara Hasta 15000 Hrs Android 9.0 Bluetooth 4.0 Wifi Dual Rj45x1 Hdmix1","description":"Compra 9h.jsp77.14l Videoproyector Ew805st Dlp 3600 Lum Wxga 1280x800 Lampara Hasta 15000 Hrs Android 9.0 Bluetooth 4.0 Wifi Dual Rj45x1 Hdmix1 + Env\u00edo a domicilio + Pago seguro + Garant\u00eda","robots":{"index":"index","follow":"follow","max-snippet":"max-snippet:-1","max-image-preview":"max-image-preview:large","max-video-preview":"max-video-preview:-1"},"canonical":"https:\/\/compuviper.mx\/tienda\/producto\/benq-9h-jsp77-14l-videoproyector-ew805st-dlp-3600-lum-wxga-1280x800-lampara-hasta-15000-hrs-android-9-0-bluetooth-4-0-wifi-dual-rj45x1-hdmix1\/","og_locale":"es_MX","og_type":"article","og_title":"[ Benq ] &#129351; 9h.jsp77.14l Videoproyector Ew805st Dlp 3600 Lum Wxga 1280x800 Lampara Hasta 15000 Hrs Android 9.0 Bluetooth 4.0 Wifi Dual Rj45x1 Hdmix1","og_description":"Compra 9h.jsp77.14l Videoproyector Ew805st Dlp 3600 Lum Wxga 1280x800 Lampara Hasta 15000 Hrs Android 9.0 Bluetooth 4.0 Wifi Dual Rj45x1 Hdmix1 + Env\u00edo a domicilio + Pago seguro + Garant\u00eda","og_url":"https:\/\/compuviper.mx\/tienda\/producto\/benq-9h-jsp77-14l-videoproyector-ew805st-dlp-3600-lum-wxga-1280x800-lampara-hasta-15000-hrs-android-9-0-bluetooth-4-0-wifi-dual-rj45x1-hdmix1\/","og_site_name":"Compuviper","article_publisher":"https:\/\/www.facebook.com\/compuviper","og_image":[{"width":200,"height":200,"url":"https:\/\/compuviper.mx\/tienda\/wp-content\/uploads\/2025\/10\/Videoproyector-benq-ew805st-dlp-3600-lum-wxga-1280x800-lampara-hasta-15000-hrs-android-9.0-bluetooth-4.0-wifi-dual-rj45x1-hdmix1.jpg","type":"image\/jpeg"}],"twitter_card":"summary_large_image","twitter_misc":{"Precio":"&#36;18,387 con IVA","Availability":"Out of stock"},"schema":{"@context":"https:\/\/schema.org","@graph":[{"@type":"WebPage","@id":"https:\/\/compuviper.mx\/tienda\/producto\/benq-9h-jsp77-14l-videoproyector-ew805st-dlp-3600-lum-wxga-1280x800-lampara-hasta-15000-hrs-android-9-0-bluetooth-4-0-wifi-dual-rj45x1-hdmix1\/","url":"https:\/\/compuviper.mx\/tienda\/producto\/benq-9h-jsp77-14l-videoproyector-ew805st-dlp-3600-lum-wxga-1280x800-lampara-hasta-15000-hrs-android-9-0-bluetooth-4-0-wifi-dual-rj45x1-hdmix1\/","name":"[ Benq ] &#129351; 9h.jsp77.14l Videoproyector Ew805st Dlp 3600 Lum Wxga 1280x800 Lampara Hasta 15000 Hrs Android 9.0 Bluetooth 4.0 Wifi Dual Rj45x1 Hdmix1","isPartOf":{"@id":"https:\/\/compuviper.mx\/tienda\/#website"},"datePublished":"2026-04-02T08:27:43+00:00","dateModified":"2026-04-02T08:27:43+00:00","description":"Compra 9h.jsp77.14l Videoproyector Ew805st Dlp 3600 Lum Wxga 1280x800 Lampara Hasta 15000 Hrs Android 9.0 Bluetooth 4.0 Wifi Dual Rj45x1 Hdmix1 + Env\u00edo a domicilio + Pago seguro + Garant\u00eda","breadcrumb":{"@id":"https:\/\/compuviper.mx\/tienda\/producto\/benq-9h-jsp77-14l-videoproyector-ew805st-dlp-3600-lum-wxga-1280x800-lampara-hasta-15000-hrs-android-9-0-bluetooth-4-0-wifi-dual-rj45x1-hdmix1\/#breadcrumb"},"inLanguage":"es-MX","potentialAction":[{"@type":"ReadAction","target":["https:\/\/compuviper.mx\/tienda\/producto\/benq-9h-jsp77-14l-videoproyector-ew805st-dlp-3600-lum-wxga-1280x800-lampara-hasta-15000-hrs-android-9-0-bluetooth-4-0-wifi-dual-rj45x1-hdmix1\/"]}]},{"@type":"BreadcrumbList","@id":"https:\/\/compuviper.mx\/tienda\/producto\/benq-9h-jsp77-14l-videoproyector-ew805st-dlp-3600-lum-wxga-1280x800-lampara-hasta-15000-hrs-android-9-0-bluetooth-4-0-wifi-dual-rj45x1-hdmix1\/#breadcrumb","itemListElement":[{"@type":"ListItem","position":1,"name":"Inicio","item":"https:\/\/compuviper.mx\/tienda\/"},{"@type":"ListItem","position":2,"name":"Productos","item":"https:\/\/compuviper.mx\/tienda\/productos\/"},{"@type":"ListItem","position":3,"name":"Videoproyector","item":"https:\/\/compuviper.mx\/tienda\/categoria-producto\/videoproyector\/"},{"@type":"ListItem","position":4,"name":"Basico","item":"https:\/\/compuviper.mx\/tienda\/categoria-producto\/videoproyector\/basico-videoproyector\/"},{"@type":"ListItem","position":5,"name":"Benq 9h.jsp77.14l Videoproyector Ew805st Dlp 3600 Lum Wxga 1280&#215;800 Lampara Hasta 15000 Hrs Android 9.0 Bluetooth 4.0 Wifi Dual Rj45x1 Hdmix1"}]},{"@type":"WebSite","@id":"https:\/\/compuviper.mx\/tienda\/#website","url":"https:\/\/compuviper.mx\/tienda\/","name":"Compuviper","description":"Proveedor de Computadoras, Laptops, Servidores, Monitores, Puntos de Venta, Teclados,   Impresoras, T\u00f3ner, C\u00e1maras de Seguridad y m\u00e1s en tu tienda en l\u00ednea","publisher":{"@id":"https:\/\/compuviper.mx\/tienda\/#organization"},"potentialAction":[{"@type":"SearchAction","target":{"@type":"EntryPoint","urlTemplate":"https:\/\/compuviper.mx\/tienda\/?s={search_term_string}"},"query-input":"required name=search_term_string"}],"inLanguage":"es-MX"},{"@type":"Organization","@id":"https:\/\/compuviper.mx\/tienda\/#organization","name":"Compuviper","url":"https:\/\/compuviper.mx\/tienda\/","logo":{"@type":"ImageObject","inLanguage":"es-MX","@id":"https:\/\/compuviper.mx\/tienda\/#\/schema\/logo\/image\/","url":"https:\/\/compuviper.mx\/tienda\/wp-content\/uploads\/2021\/08\/Logo-Compuviper-10.png","contentUrl":"https:\/\/compuviper.mx\/tienda\/wp-content\/uploads\/2021\/08\/Logo-Compuviper-10.png","width":1000,"height":500,"caption":"Compuviper"},"image":{"@id":"https:\/\/compuviper.mx\/tienda\/#\/schema\/logo\/image\/"},"sameAs":["https:\/\/www.facebook.com\/compuviper","https:\/\/www.youtube.com\/channel\/UCf73dERp9Y3cfOq7q8BhLjA?view_as=subscriber"]}]},"product_brand":"BENQ","product_price_amount":"18387","product_price_currency":"MXN","og_availability":"out of stock","product_availability":"out of stock","product_retailer_item_id":"9H.JSP77.14L","product_condition":"new"},"_links":{"self":[{"href":"https:\/\/compuviper.mx\/tienda\/wp-json\/wp\/v2\/product\/245906"}],"collection":[{"href":"https:\/\/compuviper.mx\/tienda\/wp-json\/wp\/v2\/product"}],"about":[{"href":"https:\/\/compuviper.mx\/tienda\/wp-json\/wp\/v2\/types\/product"}],"replies":[{"embeddable":true,"href":"https:\/\/compuviper.mx\/tienda\/wp-json\/wp\/v2\/comments?post=245906"}],"wp:featuredmedia":[{"embeddable":true,"href":"https:\/\/compuviper.mx\/tienda\/wp-json\/wp\/v2\/media\/258584"}],"wp:attachment":[{"href":"https:\/\/compuviper.mx\/tienda\/wp-json\/wp\/v2\/media?parent=245906"}],"wp:term":[{"taxonomy":"product_cat","embeddable":true,"href":"https:\/\/compuviper.mx\/tienda\/wp-json\/wp\/v2\/product_cat?post=245906"},{"taxonomy":"product_tag","embeddable":true,"href":"https:\/\/compuviper.mx\/tienda\/wp-json\/wp\/v2\/product_tag?post=245906"}],"curies":[{"name":"wp","href":"https:\/\/api.w.org\/{rel}","templated":true}]}}