{"id":245896,"date":"2026-04-25T01:16:59","date_gmt":"2026-04-25T07:16:59","guid":{"rendered":"https:\/\/compuviper.mx\/tienda\/producto\/gigabyte-aorus-15-9sf-e3la754sh-laptop-portatil-procesador-i5-12500h-4-5ghz-rtx-4070-8gb-16gb-ram-ssd-1tb-win-11-home-gamer\/"},"modified":"2026-04-25T01:16:59","modified_gmt":"2026-04-25T07:16:59","slug":"gigabyte-aorus-15-9sf-e3la754sh-laptop-portatil-procesador-i5-12500h-4-5ghz-rtx-4070-8gb-16gb-ram-ssd-1tb-win-11-home-gamer","status":"publish","type":"product","link":"https:\/\/compuviper.mx\/tienda\/producto\/gigabyte-aorus-15-9sf-e3la754sh-laptop-portatil-procesador-i5-12500h-4-5ghz-rtx-4070-8gb-16gb-ram-ssd-1tb-win-11-home-gamer\/","title":{"rendered":"Gigabyte Aorus 15 9sf-e3la754sh Laptop Portatil   \/ Procesador I5-12500h 4.5ghz \/ Rtx 4070 8gb \/ 16gb Ram \/ Ssd 1tb \/ Win 11 Home \/ Gamer"},"content":{"rendered":"<table class=\"descripcion\">\n<tr>\n<td>Aorus 15 9sf<\/td>\n<\/tr>\n<tr>\n<td>Windows 11 pro (gigabyte recomienda windows 11 pro para empresas).<\/td>\n<\/tr>\n<tr>\n<td>Windows 11 home<\/td>\n<\/tr>\n<tr>\n<td>Sin sistema operativo preinstalado<\/td>\n<\/tr>\n<tr>\n<td>Procesador intel\u00ae core\u0099<\/td>\n<\/tr>\n<tr>\n<td>I5-12500h de 12.\u00aa generaci\u00f3n a 4,5 ghz (cach\u00e9 de 18 mb, hasta 4,5 ghz, 4 n\u00facleos p y 8 n\u00facleos e)<\/td>\n<\/tr>\n<tr>\n<td>Gpu para computadora port\u00e1til nvidia\u00ae geforce rtx\u0099 4070, 8 gb, gddr6,<\/td>\n<\/tr>\n<tr>\n<td>Frecuencia de reloj de 2175 mhz, potencia gr\u00e1fica m\u00e1xima de 140 w<\/td>\n<\/tr>\n<tr>\n<td>*puede variar seg\u00fan el escenario.<\/td>\n<\/tr>\n<tr>\n<td>15,6 16:9 bisel delgado qhd 2560&#215;1440, 165hz, hasta 100% dci-p3, certificado por t\u00fcv rheinland<\/td>\n<\/tr>\n<tr>\n<td>15,6 16:9 bisel delgado fhd 1920&#215;1080, 360hz, hasta 100% srgb, certificado por t\u00fcv rheinland<\/td>\n<\/tr>\n<tr>\n<td>15,6 16:9 bisel delgado fhd 1920&#215;1080, 144hz, 45% ntsc, certificado por t\u00fcv rheinland<\/td>\n<\/tr>\n<tr>\n<td>2 ranuras ddr5 (ddr5-4800, m\u00e1x. 64 gb)<\/td>\n<\/tr>\n<tr>\n<td>* 2 z\u00f3calos so-dimm para expansi\u00f3n<\/td>\n<\/tr>\n<tr>\n<td>2 ranuras ssd m.2 (tipo 2280, compatible con 2 nvme\u0099 pcie\u00ae gen 4.0&#215;4)<\/td>\n<\/tr>\n<tr>\n<td>*la capacidad de almacenamiento puede variar seg\u00fan el pa\u00eds y la regi\u00f3n. comun\u00edquese con sus distribuidores o minoristas locales para obtener la informaci\u00f3n m\u00e1s reciente sobre el producto.<\/td>\n<\/tr>\n<tr>\n<td>**si hay alguna anomal\u00eda que no se pueda atribuir a gigabyte\/aorus durante el per\u00edodo de garant\u00eda, no estar\u00e1 cubierta por la garant\u00eda. m\u00e1s informaci\u00f3n: https:\/\/member.aorus.com\/global\/productwarranty<\/td>\n<\/tr>\n<tr>\n<td>Teclado rgb de tres zonas, macro por tecla<\/td>\n<\/tr>\n<tr>\n<td>Lado izquierdo:<\/td>\n<\/tr>\n<tr>\n<td>1 x usb 3.2 gen1 (tipo a)<\/td>\n<\/tr>\n<tr>\n<td>1 x conector combinado de audio<\/td>\n<\/tr>\n<tr>\n<td>Lado derecho:<\/td>\n<\/tr>\n<tr>\n<td>2 x usb 3.2 gen2 (tipo a)<\/td>\n<\/tr>\n<tr>\n<td>1 x usb 3.2 gen2 (tipo c)<\/td>\n<\/tr>\n<tr>\n<td>Lado trasero:<\/td>\n<\/tr>\n<tr>\n<td>1 x thunderbolt\u0099 4 (tipo c, compatible con suministro de energ\u00eda)<\/td>\n<\/tr>\n<tr>\n<td>1 x hdmi 2.1<\/td>\n<\/tr>\n<tr>\n<td>1 x mini dp 1.4<\/td>\n<\/tr>\n<tr>\n<td>1 x rj45<\/td>\n<\/tr>\n<tr>\n<td>1 x entrada de cc<\/td>\n<\/tr>\n<tr>\n<td>*compatible con carga usb tipo c pd 3.0 de hasta 100 vatios a trav\u00e9s de un cargador. debido a que las computadoras port\u00e1tiles a veces funcionan con un mayor consumo de energ\u00eda, utilice un cargador con una salida superior a 86 vatios. es posible que algunos cargadores port\u00e1tiles no admitan estas funciones, seg\u00fan la configuraci\u00f3n.<\/td>\n<\/tr>\n<tr>\n<td>Micr\u00f3fono con altavoz de 2 x 2 w<\/td>\n<\/tr>\n<tr>\n<td>Tecnolog\u00eda de audio dts:x\u00ae ultra<\/td>\n<\/tr>\n<tr>\n<td>Wifi: wi-fi 6e (802.11ax) (triple banda) 2&#215;2<\/td>\n<\/tr>\n<tr>\n<td>Bluetooth: bluetooth\u00ae v5.2<\/td>\n<\/tr>\n<tr>\n<td>C\u00e1mara web fhd (1080p)<\/td>\n<\/tr>\n<tr>\n<td>Micr\u00f3fono integrado<\/td>\n<\/tr>\n<tr>\n<td>Compatible con autenticaci\u00f3n facial de windows hello<\/td>\n<\/tr>\n<tr>\n<td>Tpm basado en firmware, compatible con intel\u00ae platform trust technology (intel\u00ae ptt)<\/td>\n<\/tr>\n<tr>\n<td>Pol\u00edmero de litio de 99 wh<\/td>\n<\/tr>\n<tr>\n<td>240 w<\/td>\n<\/tr>\n<tr>\n<td>36,0 (ancho) x 27,2 (profundidad) x 2,09 (alto) cm\/14,2 (ancho) x 10,7 (profundidad) x 0,82 (alto) pulgadas<\/td>\n<\/tr>\n<tr>\n<td>*las dimensiones de la computadora port\u00e1til pueden variar seg\u00fan la configuraci\u00f3n, el proceso de fabricaci\u00f3n y el m\u00e9todo de medici\u00f3n, consulte la situaci\u00f3n real.<\/td>\n<\/tr>\n<tr>\n<td>~2,39 kg<\/td>\n<\/tr>\n<tr>\n<td>5,27 libras<\/td>\n<\/tr>\n<tr>\n<td>*el peso de la computadora port\u00e1til puede variar seg\u00fan la configuraci\u00f3n, el proceso de fabricaci\u00f3n y el m\u00e9todo de medici\u00f3n, consulte la situaci\u00f3n real.<\/td>\n<\/tr>\n<\/table>\n","protected":false},"excerpt":{"rendered":"<p>El nuevo aorus 15 est\u00e1 equipado con el procesador intel\u00ae core\u0099 i7-13700h de 13.\u00aa generaci\u00f3n y la gpu para port\u00e1tiles nvidia\u00ae geforce rtx\u0099 4070 con tgp m\u00e1ximo. La tecnolog\u00eda de conmutaci\u00f3n mux proporciona mejores velocidades de cuadro y el dise\u00f1o sobrio transmite calidad y rendimiento, dominando el mundo de los juegos con un rendimiento abrumador.<\/p>\n","protected":false},"featured_media":245897,"comment_status":"open","ping_status":"open","template":"","meta":[],"product_cat":[1886,1891],"product_tag":[1732],"acf":[],"yoast_head":"<!-- This site is optimized with the Yoast SEO plugin v21.7 - https:\/\/yoast.com\/wordpress\/plugins\/seo\/ -->\n<title>[ Gigabyte ] &#129351; Aorus 15 9sf-e3la754sh Laptop Portatil \/ Procesador I5-12500h 4.5ghz \/ Rtx 4070 8gb \/ 16gb Ram \/ Ssd 1tb \/ Win 11 Home \/ Gamer<\/title>\n<meta name=\"description\" content=\"Compra Aorus 15 9sf-e3la754sh Laptop Portatil \/ Procesador I5-12500h 4.5ghz \/ Rtx 4070 8gb \/ 16gb Ram \/ Ssd 1tb \/ Win 11 Home \/ Gamer + Env\u00edo a domicilio + Pago seguro + Garant\u00eda\" \/>\n<meta name=\"robots\" content=\"index, follow, max-snippet:-1, max-image-preview:large, max-video-preview:-1\" \/>\n<link rel=\"canonical\" href=\"https:\/\/compuviper.mx\/tienda\/producto\/gigabyte-aorus-15-9sf-e3la754sh-laptop-portatil-procesador-i5-12500h-4-5ghz-rtx-4070-8gb-16gb-ram-ssd-1tb-win-11-home-gamer\/\" \/>\n<meta property=\"og:locale\" content=\"es_MX\" \/>\n<meta property=\"og:type\" content=\"article\" \/>\n<meta property=\"og:title\" content=\"[ Gigabyte ] &#129351; Aorus 15 9sf-e3la754sh Laptop Portatil \/ Procesador I5-12500h 4.5ghz \/ Rtx 4070 8gb \/ 16gb Ram \/ Ssd 1tb \/ Win 11 Home \/ Gamer\" \/>\n<meta property=\"og:description\" content=\"Compra Aorus 15 9sf-e3la754sh Laptop Portatil \/ Procesador I5-12500h 4.5ghz \/ Rtx 4070 8gb \/ 16gb Ram \/ Ssd 1tb \/ Win 11 Home \/ Gamer + Env\u00edo a domicilio + Pago seguro + Garant\u00eda\" \/>\n<meta property=\"og:url\" content=\"https:\/\/compuviper.mx\/tienda\/producto\/gigabyte-aorus-15-9sf-e3la754sh-laptop-portatil-procesador-i5-12500h-4-5ghz-rtx-4070-8gb-16gb-ram-ssd-1tb-win-11-home-gamer\/\" \/>\n<meta property=\"og:site_name\" content=\"Compuviper\" \/>\n<meta property=\"article:publisher\" content=\"https:\/\/www.facebook.com\/compuviper\" \/>\n<meta property=\"og:image\" content=\"https:\/\/compuviper.mx\/tienda\/wp-content\/uploads\/2024\/11\/Laptop-portatil-gigabyte-aorus-15-9sf-e3la754sh-procesador-i5-12500h-4.5ghz-rtx-4070-8gb-16gb-ram-ssd-1tb-win-11-home-gamer.jpg\" \/>\n\t<meta property=\"og:image:width\" content=\"200\" \/>\n\t<meta property=\"og:image:height\" content=\"200\" \/>\n\t<meta property=\"og:image:type\" content=\"image\/jpeg\" \/>\n<meta name=\"twitter:card\" content=\"summary_large_image\" \/>\n<meta name=\"twitter:label1\" content=\"Precio\" \/>\n\t<meta name=\"twitter:data1\" content=\"&#36;21,105 con IVA\" \/>\n\t<meta name=\"twitter:label2\" content=\"Availability\" \/>\n\t<meta name=\"twitter:data2\" content=\"Out of stock\" \/>\n<script type=\"application\/ld+json\" class=\"yoast-schema-graph\">{\"@context\":\"https:\/\/schema.org\",\"@graph\":[{\"@type\":\"WebPage\",\"@id\":\"https:\/\/compuviper.mx\/tienda\/producto\/gigabyte-aorus-15-9sf-e3la754sh-laptop-portatil-procesador-i5-12500h-4-5ghz-rtx-4070-8gb-16gb-ram-ssd-1tb-win-11-home-gamer\/\",\"url\":\"https:\/\/compuviper.mx\/tienda\/producto\/gigabyte-aorus-15-9sf-e3la754sh-laptop-portatil-procesador-i5-12500h-4-5ghz-rtx-4070-8gb-16gb-ram-ssd-1tb-win-11-home-gamer\/\",\"name\":\"[ Gigabyte ] &#129351; Aorus 15 9sf-e3la754sh Laptop Portatil \/ Procesador I5-12500h 4.5ghz \/ Rtx 4070 8gb \/ 16gb Ram \/ Ssd 1tb \/ Win 11 Home \/ Gamer\",\"isPartOf\":{\"@id\":\"https:\/\/compuviper.mx\/tienda\/#website\"},\"datePublished\":\"2026-04-25T07:16:59+00:00\",\"dateModified\":\"2026-04-25T07:16:59+00:00\",\"description\":\"Compra Aorus 15 9sf-e3la754sh Laptop Portatil \/ Procesador I5-12500h 4.5ghz \/ Rtx 4070 8gb \/ 16gb Ram \/ Ssd 1tb \/ Win 11 Home \/ Gamer + Env\u00edo a domicilio + Pago seguro + Garant\u00eda\",\"breadcrumb\":{\"@id\":\"https:\/\/compuviper.mx\/tienda\/producto\/gigabyte-aorus-15-9sf-e3la754sh-laptop-portatil-procesador-i5-12500h-4-5ghz-rtx-4070-8gb-16gb-ram-ssd-1tb-win-11-home-gamer\/#breadcrumb\"},\"inLanguage\":\"es-MX\",\"potentialAction\":[{\"@type\":\"ReadAction\",\"target\":[\"https:\/\/compuviper.mx\/tienda\/producto\/gigabyte-aorus-15-9sf-e3la754sh-laptop-portatil-procesador-i5-12500h-4-5ghz-rtx-4070-8gb-16gb-ram-ssd-1tb-win-11-home-gamer\/\"]}]},{\"@type\":\"BreadcrumbList\",\"@id\":\"https:\/\/compuviper.mx\/tienda\/producto\/gigabyte-aorus-15-9sf-e3la754sh-laptop-portatil-procesador-i5-12500h-4-5ghz-rtx-4070-8gb-16gb-ram-ssd-1tb-win-11-home-gamer\/#breadcrumb\",\"itemListElement\":[{\"@type\":\"ListItem\",\"position\":1,\"name\":\"Inicio\",\"item\":\"https:\/\/compuviper.mx\/tienda\/\"},{\"@type\":\"ListItem\",\"position\":2,\"name\":\"Productos\",\"item\":\"https:\/\/compuviper.mx\/tienda\/productos\/\"},{\"@type\":\"ListItem\",\"position\":3,\"name\":\"Laptops\",\"item\":\"https:\/\/compuviper.mx\/tienda\/categoria-producto\/laptops\/\"},{\"@type\":\"ListItem\",\"position\":4,\"name\":\"Gaming\",\"item\":\"https:\/\/compuviper.mx\/tienda\/categoria-producto\/laptops\/gaming-laptops\/\"},{\"@type\":\"ListItem\",\"position\":5,\"name\":\"Gigabyte Aorus 15 9sf-e3la754sh Laptop Portatil \/ Procesador I5-12500h 4.5ghz \/ Rtx 4070 8gb \/ 16gb Ram \/ Ssd 1tb \/ Win 11 Home \/ Gamer\"}]},{\"@type\":\"WebSite\",\"@id\":\"https:\/\/compuviper.mx\/tienda\/#website\",\"url\":\"https:\/\/compuviper.mx\/tienda\/\",\"name\":\"Compuviper\",\"description\":\"Proveedor de Computadoras, Laptops, Servidores, Monitores, Puntos de Venta, Teclados,   Impresoras, T\u00f3ner, C\u00e1maras de Seguridad y m\u00e1s en tu tienda en l\u00ednea\",\"publisher\":{\"@id\":\"https:\/\/compuviper.mx\/tienda\/#organization\"},\"potentialAction\":[{\"@type\":\"SearchAction\",\"target\":{\"@type\":\"EntryPoint\",\"urlTemplate\":\"https:\/\/compuviper.mx\/tienda\/?s={search_term_string}\"},\"query-input\":\"required name=search_term_string\"}],\"inLanguage\":\"es-MX\"},{\"@type\":\"Organization\",\"@id\":\"https:\/\/compuviper.mx\/tienda\/#organization\",\"name\":\"Compuviper\",\"url\":\"https:\/\/compuviper.mx\/tienda\/\",\"logo\":{\"@type\":\"ImageObject\",\"inLanguage\":\"es-MX\",\"@id\":\"https:\/\/compuviper.mx\/tienda\/#\/schema\/logo\/image\/\",\"url\":\"https:\/\/compuviper.mx\/tienda\/wp-content\/uploads\/2021\/08\/Logo-Compuviper-10.png\",\"contentUrl\":\"https:\/\/compuviper.mx\/tienda\/wp-content\/uploads\/2021\/08\/Logo-Compuviper-10.png\",\"width\":1000,\"height\":500,\"caption\":\"Compuviper\"},\"image\":{\"@id\":\"https:\/\/compuviper.mx\/tienda\/#\/schema\/logo\/image\/\"},\"sameAs\":[\"https:\/\/www.facebook.com\/compuviper\",\"https:\/\/www.youtube.com\/channel\/UCf73dERp9Y3cfOq7q8BhLjA?view_as=subscriber\"]}]}<\/script>\n<meta property=\"product:brand\" content=\"GIGABYTE\" \/>\n<meta property=\"product:price:amount\" content=\"21105\" \/>\n<meta property=\"product:price:currency\" content=\"MXN\" \/>\n<meta property=\"og:availability\" content=\"out of stock\" \/>\n<meta property=\"product:availability\" content=\"out of stock\" \/>\n<meta property=\"product:retailer_item_id\" content=\"AORUS 15 9SF-E3LA754SH\" \/>\n<meta property=\"product:condition\" content=\"new\" \/>\n<!-- \/ Yoast SEO plugin. -->","yoast_head_json":{"title":"[ Gigabyte ] &#129351; Aorus 15 9sf-e3la754sh Laptop Portatil \/ Procesador I5-12500h 4.5ghz \/ Rtx 4070 8gb \/ 16gb Ram \/ Ssd 1tb \/ Win 11 Home \/ Gamer","description":"Compra Aorus 15 9sf-e3la754sh Laptop Portatil \/ Procesador I5-12500h 4.5ghz \/ Rtx 4070 8gb \/ 16gb Ram \/ Ssd 1tb \/ Win 11 Home \/ Gamer + Env\u00edo a domicilio + Pago seguro + Garant\u00eda","robots":{"index":"index","follow":"follow","max-snippet":"max-snippet:-1","max-image-preview":"max-image-preview:large","max-video-preview":"max-video-preview:-1"},"canonical":"https:\/\/compuviper.mx\/tienda\/producto\/gigabyte-aorus-15-9sf-e3la754sh-laptop-portatil-procesador-i5-12500h-4-5ghz-rtx-4070-8gb-16gb-ram-ssd-1tb-win-11-home-gamer\/","og_locale":"es_MX","og_type":"article","og_title":"[ Gigabyte ] &#129351; Aorus 15 9sf-e3la754sh Laptop Portatil \/ Procesador I5-12500h 4.5ghz \/ Rtx 4070 8gb \/ 16gb Ram \/ Ssd 1tb \/ Win 11 Home \/ Gamer","og_description":"Compra Aorus 15 9sf-e3la754sh Laptop Portatil \/ Procesador I5-12500h 4.5ghz \/ Rtx 4070 8gb \/ 16gb Ram \/ Ssd 1tb \/ Win 11 Home \/ Gamer + Env\u00edo a domicilio + Pago seguro + Garant\u00eda","og_url":"https:\/\/compuviper.mx\/tienda\/producto\/gigabyte-aorus-15-9sf-e3la754sh-laptop-portatil-procesador-i5-12500h-4-5ghz-rtx-4070-8gb-16gb-ram-ssd-1tb-win-11-home-gamer\/","og_site_name":"Compuviper","article_publisher":"https:\/\/www.facebook.com\/compuviper","og_image":[{"width":200,"height":200,"url":"https:\/\/compuviper.mx\/tienda\/wp-content\/uploads\/2024\/11\/Laptop-portatil-gigabyte-aorus-15-9sf-e3la754sh-procesador-i5-12500h-4.5ghz-rtx-4070-8gb-16gb-ram-ssd-1tb-win-11-home-gamer.jpg","type":"image\/jpeg"}],"twitter_card":"summary_large_image","twitter_misc":{"Precio":"&#36;21,105 con IVA","Availability":"Out of stock"},"schema":{"@context":"https:\/\/schema.org","@graph":[{"@type":"WebPage","@id":"https:\/\/compuviper.mx\/tienda\/producto\/gigabyte-aorus-15-9sf-e3la754sh-laptop-portatil-procesador-i5-12500h-4-5ghz-rtx-4070-8gb-16gb-ram-ssd-1tb-win-11-home-gamer\/","url":"https:\/\/compuviper.mx\/tienda\/producto\/gigabyte-aorus-15-9sf-e3la754sh-laptop-portatil-procesador-i5-12500h-4-5ghz-rtx-4070-8gb-16gb-ram-ssd-1tb-win-11-home-gamer\/","name":"[ Gigabyte ] &#129351; Aorus 15 9sf-e3la754sh Laptop Portatil \/ Procesador I5-12500h 4.5ghz \/ Rtx 4070 8gb \/ 16gb Ram \/ Ssd 1tb \/ Win 11 Home \/ Gamer","isPartOf":{"@id":"https:\/\/compuviper.mx\/tienda\/#website"},"datePublished":"2026-04-25T07:16:59+00:00","dateModified":"2026-04-25T07:16:59+00:00","description":"Compra Aorus 15 9sf-e3la754sh Laptop Portatil \/ Procesador I5-12500h 4.5ghz \/ Rtx 4070 8gb \/ 16gb Ram \/ Ssd 1tb \/ Win 11 Home \/ Gamer + Env\u00edo a domicilio + Pago seguro + Garant\u00eda","breadcrumb":{"@id":"https:\/\/compuviper.mx\/tienda\/producto\/gigabyte-aorus-15-9sf-e3la754sh-laptop-portatil-procesador-i5-12500h-4-5ghz-rtx-4070-8gb-16gb-ram-ssd-1tb-win-11-home-gamer\/#breadcrumb"},"inLanguage":"es-MX","potentialAction":[{"@type":"ReadAction","target":["https:\/\/compuviper.mx\/tienda\/producto\/gigabyte-aorus-15-9sf-e3la754sh-laptop-portatil-procesador-i5-12500h-4-5ghz-rtx-4070-8gb-16gb-ram-ssd-1tb-win-11-home-gamer\/"]}]},{"@type":"BreadcrumbList","@id":"https:\/\/compuviper.mx\/tienda\/producto\/gigabyte-aorus-15-9sf-e3la754sh-laptop-portatil-procesador-i5-12500h-4-5ghz-rtx-4070-8gb-16gb-ram-ssd-1tb-win-11-home-gamer\/#breadcrumb","itemListElement":[{"@type":"ListItem","position":1,"name":"Inicio","item":"https:\/\/compuviper.mx\/tienda\/"},{"@type":"ListItem","position":2,"name":"Productos","item":"https:\/\/compuviper.mx\/tienda\/productos\/"},{"@type":"ListItem","position":3,"name":"Laptops","item":"https:\/\/compuviper.mx\/tienda\/categoria-producto\/laptops\/"},{"@type":"ListItem","position":4,"name":"Gaming","item":"https:\/\/compuviper.mx\/tienda\/categoria-producto\/laptops\/gaming-laptops\/"},{"@type":"ListItem","position":5,"name":"Gigabyte Aorus 15 9sf-e3la754sh Laptop Portatil \/ Procesador I5-12500h 4.5ghz \/ Rtx 4070 8gb \/ 16gb Ram \/ Ssd 1tb \/ Win 11 Home \/ Gamer"}]},{"@type":"WebSite","@id":"https:\/\/compuviper.mx\/tienda\/#website","url":"https:\/\/compuviper.mx\/tienda\/","name":"Compuviper","description":"Proveedor de Computadoras, Laptops, Servidores, Monitores, Puntos de Venta, Teclados,   Impresoras, T\u00f3ner, C\u00e1maras de Seguridad y m\u00e1s en tu tienda en l\u00ednea","publisher":{"@id":"https:\/\/compuviper.mx\/tienda\/#organization"},"potentialAction":[{"@type":"SearchAction","target":{"@type":"EntryPoint","urlTemplate":"https:\/\/compuviper.mx\/tienda\/?s={search_term_string}"},"query-input":"required name=search_term_string"}],"inLanguage":"es-MX"},{"@type":"Organization","@id":"https:\/\/compuviper.mx\/tienda\/#organization","name":"Compuviper","url":"https:\/\/compuviper.mx\/tienda\/","logo":{"@type":"ImageObject","inLanguage":"es-MX","@id":"https:\/\/compuviper.mx\/tienda\/#\/schema\/logo\/image\/","url":"https:\/\/compuviper.mx\/tienda\/wp-content\/uploads\/2021\/08\/Logo-Compuviper-10.png","contentUrl":"https:\/\/compuviper.mx\/tienda\/wp-content\/uploads\/2021\/08\/Logo-Compuviper-10.png","width":1000,"height":500,"caption":"Compuviper"},"image":{"@id":"https:\/\/compuviper.mx\/tienda\/#\/schema\/logo\/image\/"},"sameAs":["https:\/\/www.facebook.com\/compuviper","https:\/\/www.youtube.com\/channel\/UCf73dERp9Y3cfOq7q8BhLjA?view_as=subscriber"]}]},"product_brand":"GIGABYTE","product_price_amount":"21105","product_price_currency":"MXN","og_availability":"out of stock","product_availability":"out of stock","product_retailer_item_id":"AORUS 15 9SF-E3LA754SH","product_condition":"new"},"_links":{"self":[{"href":"https:\/\/compuviper.mx\/tienda\/wp-json\/wp\/v2\/product\/245896"}],"collection":[{"href":"https:\/\/compuviper.mx\/tienda\/wp-json\/wp\/v2\/product"}],"about":[{"href":"https:\/\/compuviper.mx\/tienda\/wp-json\/wp\/v2\/types\/product"}],"replies":[{"embeddable":true,"href":"https:\/\/compuviper.mx\/tienda\/wp-json\/wp\/v2\/comments?post=245896"}],"wp:featuredmedia":[{"embeddable":true,"href":"https:\/\/compuviper.mx\/tienda\/wp-json\/wp\/v2\/media\/245897"}],"wp:attachment":[{"href":"https:\/\/compuviper.mx\/tienda\/wp-json\/wp\/v2\/media?parent=245896"}],"wp:term":[{"taxonomy":"product_cat","embeddable":true,"href":"https:\/\/compuviper.mx\/tienda\/wp-json\/wp\/v2\/product_cat?post=245896"},{"taxonomy":"product_tag","embeddable":true,"href":"https:\/\/compuviper.mx\/tienda\/wp-json\/wp\/v2\/product_tag?post=245896"}],"curies":[{"name":"wp","href":"https:\/\/api.w.org\/{rel}","templated":true}]}}