{"id":245871,"date":"2026-04-17T02:30:13","date_gmt":"2026-04-17T08:30:13","guid":{"rendered":"https:\/\/compuviper.mx\/tienda\/producto\/poly-9w1a6aa-camara-de-videoconferencia-hp-e60-cmara-360-grados-4k-mptz-con-zoom-ptico-de-12x-tecnologia-de-seguimiento-de-orador-encuedre-de-grupo\/"},"modified":"2026-04-17T02:30:14","modified_gmt":"2026-04-17T08:30:14","slug":"poly-9w1a6aa9w1a6aaac3-camara-de-videoconferencia-hp-9w1a6aa-e60-cmara-360-grados-4k-mptz-con-zoom-ptico-de-12x-tecnologia-de-seguimiento-de-orador-encuedre-de-grupo","status":"publish","type":"product","link":"https:\/\/compuviper.mx\/tienda\/producto\/poly-9w1a6aa9w1a6aaac3-camara-de-videoconferencia-hp-9w1a6aa-e60-cmara-360-grados-4k-mptz-con-zoom-ptico-de-12x-tecnologia-de-seguimiento-de-orador-encuedre-de-grupo\/","title":{"rendered":"Poly 9w1a6aa,9w1a6aa#ac3 Camara De Videoconferencia Hp  9w1a6aa E60\/cmara 360 Grados 4k Mptz Con Zoom Ptico De 12x Tecnologia De Seguimiento De Orador Encuedre De Grupo"},"content":{"rendered":"<table class=\"descripcion\">\n<tr>\n<td>Color:  negro<\/td>\n<\/tr>\n<tr>\n<td>Alimentaci\u00f3n:  ca\/cc de 12 v; inyector con alimentaci\u00f3n a trav\u00e9s de ethernet (poe+)<\/td>\n<\/tr>\n<tr>\n<td>Tipo de fuente de alimentaci\u00f3n:  externo<\/td>\n<\/tr>\n<tr>\n<td>Capacidades de cobertura de lente:  conectable; de espalda<\/td>\n<\/tr>\n<tr>\n<td>Resoluci\u00f3n total de la c\u00e1mara (megap\u00edxeles):  2 x 8 mp<\/td>\n<\/tr>\n<tr>\n<td>Velocidad de imagen para videos:  30 cps (con resoluci\u00f3n de hasta 4k)<\/td>\n<\/tr>\n<tr>\n<td>Capacidad de zoom:  \u00f3ptico de 12x<\/td>\n<\/tr>\n<tr>\n<td>Largo del cable:  2 m<\/td>\n<\/tr>\n<tr>\n<td>Puertos:  1 usb-b; 1 interfaz ethernet rj-45 (10\/100\/1000 mbps) (compatible con fuente de alimentaci\u00f3n poe+); conector de alimentaci\u00f3n de ca\/cc<\/td>\n<\/tr>\n<tr>\n<td>Capacidades de red:  1 ethernet de 10\/100\/1000 mbps compatible con poe+\/pse<\/td>\n<\/tr>\n<tr>\n<td>C\u00e1mara con tecnolog\u00eda inteligente:  encuadre de grupo; seguimiento del presentador; poly directorai<\/td>\n<\/tr>\n<tr>\n<td>Sistemas operativos compatibles:  android; windows<\/td>\n<\/tr>\n<tr>\n<td>Margen de temperaturas operativas:  0 a 40 \u00b0c<\/td>\n<\/tr>\n<tr>\n<td>Dimensiones m\u00ednimas (anch. x prof. x alt.):  20 x 15 x 16,5 cm<\/td>\n<\/tr>\n<tr>\n<td>Dimensiones del embalaje (an x f x al):  29,5 x 24,5 x 24,2 cm<\/td>\n<\/tr>\n<tr>\n<td>Cartones por capa:  4<\/td>\n<\/tr>\n<tr>\n<td>Peso:  1,79 kg<\/td>\n<\/tr>\n<tr>\n<td>Peso del empaque:  3987 g<\/td>\n<\/tr>\n<tr>\n<td>Peso del pallet:  378 kg<\/td>\n<\/tr>\n<tr>\n<td>Contenido de la caja:  cable ethernet; kit de montaje para pared; gu\u00eda de inicio r\u00e1pido; tarjeta de garant\u00eda; poly studio e60; cable usb-b a usb tipo-a; control remoto de infrarrojos<\/td>\n<\/tr>\n<tr>\n<td>Garant\u00eda del fabricante:  garant\u00eda limitada est\u00e1ndar de un a\u00f1o de poly<\/td>\n<\/tr>\n<\/table>\n","protected":false},"excerpt":{"rendered":"<p>Mantenga el enfoque justo donde pertenece. Ojos para todos. La c\u00e1mara inteligente poly studio e60 mptz con zoom \u00f3ptico de 12x puede concentrarse en cada detalle y captar contenido con gran claridad, lo que garantiza una conexi\u00f3n m\u00e1s profunda y no deja que nada escape a su vista. Mantenga al presentador en el centro de la escena. El seguimiento del presentador de poly directorai mantiene al presentador principal enfocado durante presentaciones, lecciones o discursos. Se acerca y los sigue en tiempo real para brindar una experiencia virtual atractiva y fluida con distracciones m\u00ednimas. Captura cada detalle en 4k. El sistema de im\u00e1genes ultra-hd y los sensores 4k ofrecen im\u00e1genes asombrosamente detalladas y n\u00edtidas para que pueda lograr una experiencia visual fiel a la realidad. Adem\u00e1s, permite que las personas que asisten virtualmente se sientan m\u00e1s incluidas y comprometidas. En el cuadro. En enfoque. Comprometidos. Mantenga a todos los participantes en el cuadro y comprometidos con el encuadre de grupo poly directorai. Captura, de manera inteligente, a todo el grupo en la pantalla, lo que permite eliminar el exceso de espacio y ajustar el \u00e1ngulo para lograr la misma visibilidad. Con todos dentro del cuadro, nadie queda fuera. Simplemente, con\u00e9ctela y listo. Para el departamento de ti, la c\u00e1mara inteligente con zoom \u00f3ptico mptz de poly studio e60 es f\u00e1cil de instalar en un monitor, una pared o un techo. Su f\u00e1cil configuraci\u00f3n permite conexiones pr\u00e1cticas y flexibles, para que cualquier persona est\u00e9 lista para colaborar, incluso si no es experta en tecnolog\u00eda. Funciona con la plataforma que elija. La c\u00e1mara inteligente con zoom \u00f3ptico mptz poly studio e60, que son el sue\u00f1o de cualquier gerente de ti, se cre\u00f3 para la comunicaci\u00f3n, y se optimiz\u00f3 y certific\u00f3 para funcionar con los mejores proveedores de reuniones virtuales. Control de dispositivo al alcance de la mano. Controle su implementaci\u00f3n desde cualquier lugar a trav\u00e9s de la administraci\u00f3n remota con el software de administraci\u00f3n de dispositivos basado en la nube poly lens. Se adapta a su entorno. Disfrute de una experiencia sin complicaciones, ya que la c\u00e1mara se adapta autom\u00e1ticamente a las cambiantes condiciones de la habitaci\u00f3n para que pueda concentrarse en lo que realmente importa: brindar una experiencia cautivadora a su audiencia.<\/p>\n","protected":false},"featured_media":258571,"comment_status":"open","ping_status":"open","template":"","meta":[],"product_cat":[2011,2012],"product_tag":[2035],"acf":[],"yoast_head":"<!-- This site is optimized with the Yoast SEO plugin v21.7 - https:\/\/yoast.com\/wordpress\/plugins\/seo\/ -->\n<title>[ Poly ] &#129351; 9w1a6aa,9w1a6aa#ac3 Camara De Videoconferencia Hp 9w1a6aa E60\/cmara 360 Grados 4k Mptz Con Zoom Ptico De 12x Tecnologia De Seguimiento De Orador Encuedre De Grupo<\/title>\n<meta name=\"description\" content=\"Compra 9w1a6aa,9w1a6aa#ac3 Camara De Videoconferencia Hp 9w1a6aa E60\/cmara 360 Grados 4k Mptz Con Zoom Ptico De 12x Tecnologia De Seguimiento De Orador Encuedre De Grupo + Env\u00edo a domicilio + Pago seguro + Garant\u00eda\" \/>\n<meta name=\"robots\" content=\"index, follow, max-snippet:-1, max-image-preview:large, max-video-preview:-1\" \/>\n<link rel=\"canonical\" href=\"https:\/\/compuviper.mx\/tienda\/producto\/poly-9w1a6aa9w1a6aaac3-camara-de-videoconferencia-hp-9w1a6aa-e60-cmara-360-grados-4k-mptz-con-zoom-ptico-de-12x-tecnologia-de-seguimiento-de-orador-encuedre-de-grupo\/\" \/>\n<meta property=\"og:locale\" content=\"es_MX\" \/>\n<meta property=\"og:type\" content=\"article\" \/>\n<meta property=\"og:title\" content=\"[ Poly ] &#129351; 9w1a6aa,9w1a6aa#ac3 Camara De Videoconferencia Hp 9w1a6aa E60\/cmara 360 Grados 4k Mptz Con Zoom Ptico De 12x Tecnologia De Seguimiento De Orador Encuedre De Grupo\" \/>\n<meta property=\"og:description\" content=\"Compra 9w1a6aa,9w1a6aa#ac3 Camara De Videoconferencia Hp 9w1a6aa E60\/cmara 360 Grados 4k Mptz Con Zoom Ptico De 12x Tecnologia De Seguimiento De Orador Encuedre De Grupo + Env\u00edo a domicilio + Pago seguro + Garant\u00eda\" \/>\n<meta property=\"og:url\" content=\"https:\/\/compuviper.mx\/tienda\/producto\/poly-9w1a6aa9w1a6aaac3-camara-de-videoconferencia-hp-9w1a6aa-e60-cmara-360-grados-4k-mptz-con-zoom-ptico-de-12x-tecnologia-de-seguimiento-de-orador-encuedre-de-grupo\/\" \/>\n<meta property=\"og:site_name\" content=\"Compuviper\" \/>\n<meta property=\"article:publisher\" content=\"https:\/\/www.facebook.com\/compuviper\" \/>\n<meta property=\"article:modified_time\" content=\"2026-04-17T08:30:14+00:00\" \/>\n<meta property=\"og:image\" content=\"https:\/\/compuviper.mx\/tienda\/wp-content\/uploads\/2025\/10\/Camara-de-videoconferencia-hp-poly-9w1a6aa-e60cmara-360-grados-4k-mptz-con-zoom-ptico-de-12x-tecnologia-de-seguimiento-de-orador-encuedre-de-grupo.jpg\" \/>\n\t<meta property=\"og:image:width\" content=\"200\" \/>\n\t<meta property=\"og:image:height\" content=\"200\" \/>\n\t<meta property=\"og:image:type\" content=\"image\/jpeg\" \/>\n<meta name=\"twitter:card\" content=\"summary_large_image\" \/>\n<meta name=\"twitter:label1\" content=\"Precio\" \/>\n\t<meta name=\"twitter:data1\" content=\"&#36;35,535 &#36;34,261 con IVA\" \/>\n\t<meta name=\"twitter:label2\" content=\"Availability\" \/>\n\t<meta name=\"twitter:data2\" content=\"On backorder\" \/>\n<script type=\"application\/ld+json\" class=\"yoast-schema-graph\">{\"@context\":\"https:\/\/schema.org\",\"@graph\":[{\"@type\":\"WebPage\",\"@id\":\"https:\/\/compuviper.mx\/tienda\/producto\/poly-9w1a6aa9w1a6aaac3-camara-de-videoconferencia-hp-9w1a6aa-e60-cmara-360-grados-4k-mptz-con-zoom-ptico-de-12x-tecnologia-de-seguimiento-de-orador-encuedre-de-grupo\/\",\"url\":\"https:\/\/compuviper.mx\/tienda\/producto\/poly-9w1a6aa9w1a6aaac3-camara-de-videoconferencia-hp-9w1a6aa-e60-cmara-360-grados-4k-mptz-con-zoom-ptico-de-12x-tecnologia-de-seguimiento-de-orador-encuedre-de-grupo\/\",\"name\":\"[ Poly ] &#129351; 9w1a6aa,9w1a6aa#ac3 Camara De Videoconferencia Hp 9w1a6aa E60\/cmara 360 Grados 4k Mptz Con Zoom Ptico De 12x Tecnologia De Seguimiento De Orador Encuedre De Grupo\",\"isPartOf\":{\"@id\":\"https:\/\/compuviper.mx\/tienda\/#website\"},\"datePublished\":\"2026-04-17T08:30:13+00:00\",\"dateModified\":\"2026-04-17T08:30:14+00:00\",\"description\":\"Compra 9w1a6aa,9w1a6aa#ac3 Camara De Videoconferencia Hp 9w1a6aa E60\/cmara 360 Grados 4k Mptz Con Zoom Ptico De 12x Tecnologia De Seguimiento De Orador Encuedre De Grupo + Env\u00edo a domicilio + Pago seguro + Garant\u00eda\",\"breadcrumb\":{\"@id\":\"https:\/\/compuviper.mx\/tienda\/producto\/poly-9w1a6aa9w1a6aaac3-camara-de-videoconferencia-hp-9w1a6aa-e60-cmara-360-grados-4k-mptz-con-zoom-ptico-de-12x-tecnologia-de-seguimiento-de-orador-encuedre-de-grupo\/#breadcrumb\"},\"inLanguage\":\"es-MX\",\"potentialAction\":[{\"@type\":\"ReadAction\",\"target\":[\"https:\/\/compuviper.mx\/tienda\/producto\/poly-9w1a6aa9w1a6aaac3-camara-de-videoconferencia-hp-9w1a6aa-e60-cmara-360-grados-4k-mptz-con-zoom-ptico-de-12x-tecnologia-de-seguimiento-de-orador-encuedre-de-grupo\/\"]}]},{\"@type\":\"BreadcrumbList\",\"@id\":\"https:\/\/compuviper.mx\/tienda\/producto\/poly-9w1a6aa9w1a6aaac3-camara-de-videoconferencia-hp-9w1a6aa-e60-cmara-360-grados-4k-mptz-con-zoom-ptico-de-12x-tecnologia-de-seguimiento-de-orador-encuedre-de-grupo\/#breadcrumb\",\"itemListElement\":[{\"@type\":\"ListItem\",\"position\":1,\"name\":\"Inicio\",\"item\":\"https:\/\/compuviper.mx\/tienda\/\"},{\"@type\":\"ListItem\",\"position\":2,\"name\":\"Productos\",\"item\":\"https:\/\/compuviper.mx\/tienda\/productos\/\"},{\"@type\":\"ListItem\",\"position\":3,\"name\":\"Videoconferencia\",\"item\":\"https:\/\/compuviper.mx\/tienda\/categoria-producto\/videoconferencia\/\"},{\"@type\":\"ListItem\",\"position\":4,\"name\":\"Sin Categor\u00eda\",\"item\":\"https:\/\/compuviper.mx\/tienda\/categoria-producto\/videoconferencia\/sin-categoria-videoconferencia\/\"},{\"@type\":\"ListItem\",\"position\":5,\"name\":\"Poly 9w1a6aa,9w1a6aa#ac3 Camara De Videoconferencia Hp 9w1a6aa E60\/cmara 360 Grados 4k Mptz Con Zoom Ptico De 12x Tecnologia De Seguimiento De Orador Encuedre De Grupo\"}]},{\"@type\":\"WebSite\",\"@id\":\"https:\/\/compuviper.mx\/tienda\/#website\",\"url\":\"https:\/\/compuviper.mx\/tienda\/\",\"name\":\"Compuviper\",\"description\":\"Proveedor de Computadoras, Laptops, Servidores, Monitores, Puntos de Venta, Teclados,   Impresoras, T\u00f3ner, C\u00e1maras de Seguridad y m\u00e1s en tu tienda en l\u00ednea\",\"publisher\":{\"@id\":\"https:\/\/compuviper.mx\/tienda\/#organization\"},\"potentialAction\":[{\"@type\":\"SearchAction\",\"target\":{\"@type\":\"EntryPoint\",\"urlTemplate\":\"https:\/\/compuviper.mx\/tienda\/?s={search_term_string}\"},\"query-input\":\"required name=search_term_string\"}],\"inLanguage\":\"es-MX\"},{\"@type\":\"Organization\",\"@id\":\"https:\/\/compuviper.mx\/tienda\/#organization\",\"name\":\"Compuviper\",\"url\":\"https:\/\/compuviper.mx\/tienda\/\",\"logo\":{\"@type\":\"ImageObject\",\"inLanguage\":\"es-MX\",\"@id\":\"https:\/\/compuviper.mx\/tienda\/#\/schema\/logo\/image\/\",\"url\":\"https:\/\/compuviper.mx\/tienda\/wp-content\/uploads\/2021\/08\/Logo-Compuviper-10.png\",\"contentUrl\":\"https:\/\/compuviper.mx\/tienda\/wp-content\/uploads\/2021\/08\/Logo-Compuviper-10.png\",\"width\":1000,\"height\":500,\"caption\":\"Compuviper\"},\"image\":{\"@id\":\"https:\/\/compuviper.mx\/tienda\/#\/schema\/logo\/image\/\"},\"sameAs\":[\"https:\/\/www.facebook.com\/compuviper\",\"https:\/\/www.youtube.com\/channel\/UCf73dERp9Y3cfOq7q8BhLjA?view_as=subscriber\"]}]}<\/script>\n<meta property=\"product:brand\" content=\"POLY\" \/>\n<meta property=\"product:price:amount\" content=\"34261\" \/>\n<meta property=\"product:price:currency\" content=\"MXN\" \/>\n<meta property=\"og:availability\" content=\"backorder\" \/>\n<meta property=\"product:availability\" content=\"available for order\" \/>\n<meta property=\"product:retailer_item_id\" content=\"9W1A6AA,9W1A6AA#AC3\" \/>\n<meta property=\"product:condition\" content=\"new\" \/>\n<!-- \/ Yoast SEO plugin. -->","yoast_head_json":{"title":"[ Poly ] &#129351; 9w1a6aa,9w1a6aa#ac3 Camara De Videoconferencia Hp 9w1a6aa E60\/cmara 360 Grados 4k Mptz Con Zoom Ptico De 12x Tecnologia De Seguimiento De Orador Encuedre De Grupo","description":"Compra 9w1a6aa,9w1a6aa#ac3 Camara De Videoconferencia Hp 9w1a6aa E60\/cmara 360 Grados 4k Mptz Con Zoom Ptico De 12x Tecnologia De Seguimiento De Orador Encuedre De Grupo + Env\u00edo a domicilio + Pago seguro + Garant\u00eda","robots":{"index":"index","follow":"follow","max-snippet":"max-snippet:-1","max-image-preview":"max-image-preview:large","max-video-preview":"max-video-preview:-1"},"canonical":"https:\/\/compuviper.mx\/tienda\/producto\/poly-9w1a6aa9w1a6aaac3-camara-de-videoconferencia-hp-9w1a6aa-e60-cmara-360-grados-4k-mptz-con-zoom-ptico-de-12x-tecnologia-de-seguimiento-de-orador-encuedre-de-grupo\/","og_locale":"es_MX","og_type":"article","og_title":"[ Poly ] &#129351; 9w1a6aa,9w1a6aa#ac3 Camara De Videoconferencia Hp 9w1a6aa E60\/cmara 360 Grados 4k Mptz Con Zoom Ptico De 12x Tecnologia De Seguimiento De Orador Encuedre De Grupo","og_description":"Compra 9w1a6aa,9w1a6aa#ac3 Camara De Videoconferencia Hp 9w1a6aa E60\/cmara 360 Grados 4k Mptz Con Zoom Ptico De 12x Tecnologia De Seguimiento De Orador Encuedre De Grupo + Env\u00edo a domicilio + Pago seguro + Garant\u00eda","og_url":"https:\/\/compuviper.mx\/tienda\/producto\/poly-9w1a6aa9w1a6aaac3-camara-de-videoconferencia-hp-9w1a6aa-e60-cmara-360-grados-4k-mptz-con-zoom-ptico-de-12x-tecnologia-de-seguimiento-de-orador-encuedre-de-grupo\/","og_site_name":"Compuviper","article_publisher":"https:\/\/www.facebook.com\/compuviper","article_modified_time":"2026-04-17T08:30:14+00:00","og_image":[{"width":200,"height":200,"url":"https:\/\/compuviper.mx\/tienda\/wp-content\/uploads\/2025\/10\/Camara-de-videoconferencia-hp-poly-9w1a6aa-e60cmara-360-grados-4k-mptz-con-zoom-ptico-de-12x-tecnologia-de-seguimiento-de-orador-encuedre-de-grupo.jpg","type":"image\/jpeg"}],"twitter_card":"summary_large_image","twitter_misc":{"Precio":"&#36;35,535 &#36;34,261 con IVA","Availability":"On backorder"},"schema":{"@context":"https:\/\/schema.org","@graph":[{"@type":"WebPage","@id":"https:\/\/compuviper.mx\/tienda\/producto\/poly-9w1a6aa9w1a6aaac3-camara-de-videoconferencia-hp-9w1a6aa-e60-cmara-360-grados-4k-mptz-con-zoom-ptico-de-12x-tecnologia-de-seguimiento-de-orador-encuedre-de-grupo\/","url":"https:\/\/compuviper.mx\/tienda\/producto\/poly-9w1a6aa9w1a6aaac3-camara-de-videoconferencia-hp-9w1a6aa-e60-cmara-360-grados-4k-mptz-con-zoom-ptico-de-12x-tecnologia-de-seguimiento-de-orador-encuedre-de-grupo\/","name":"[ Poly ] &#129351; 9w1a6aa,9w1a6aa#ac3 Camara De Videoconferencia Hp 9w1a6aa E60\/cmara 360 Grados 4k Mptz Con Zoom Ptico De 12x Tecnologia De Seguimiento De Orador Encuedre De Grupo","isPartOf":{"@id":"https:\/\/compuviper.mx\/tienda\/#website"},"datePublished":"2026-04-17T08:30:13+00:00","dateModified":"2026-04-17T08:30:14+00:00","description":"Compra 9w1a6aa,9w1a6aa#ac3 Camara De Videoconferencia Hp 9w1a6aa E60\/cmara 360 Grados 4k Mptz Con Zoom Ptico De 12x Tecnologia De Seguimiento De Orador Encuedre De Grupo + Env\u00edo a domicilio + Pago seguro + Garant\u00eda","breadcrumb":{"@id":"https:\/\/compuviper.mx\/tienda\/producto\/poly-9w1a6aa9w1a6aaac3-camara-de-videoconferencia-hp-9w1a6aa-e60-cmara-360-grados-4k-mptz-con-zoom-ptico-de-12x-tecnologia-de-seguimiento-de-orador-encuedre-de-grupo\/#breadcrumb"},"inLanguage":"es-MX","potentialAction":[{"@type":"ReadAction","target":["https:\/\/compuviper.mx\/tienda\/producto\/poly-9w1a6aa9w1a6aaac3-camara-de-videoconferencia-hp-9w1a6aa-e60-cmara-360-grados-4k-mptz-con-zoom-ptico-de-12x-tecnologia-de-seguimiento-de-orador-encuedre-de-grupo\/"]}]},{"@type":"BreadcrumbList","@id":"https:\/\/compuviper.mx\/tienda\/producto\/poly-9w1a6aa9w1a6aaac3-camara-de-videoconferencia-hp-9w1a6aa-e60-cmara-360-grados-4k-mptz-con-zoom-ptico-de-12x-tecnologia-de-seguimiento-de-orador-encuedre-de-grupo\/#breadcrumb","itemListElement":[{"@type":"ListItem","position":1,"name":"Inicio","item":"https:\/\/compuviper.mx\/tienda\/"},{"@type":"ListItem","position":2,"name":"Productos","item":"https:\/\/compuviper.mx\/tienda\/productos\/"},{"@type":"ListItem","position":3,"name":"Videoconferencia","item":"https:\/\/compuviper.mx\/tienda\/categoria-producto\/videoconferencia\/"},{"@type":"ListItem","position":4,"name":"Sin Categor\u00eda","item":"https:\/\/compuviper.mx\/tienda\/categoria-producto\/videoconferencia\/sin-categoria-videoconferencia\/"},{"@type":"ListItem","position":5,"name":"Poly 9w1a6aa,9w1a6aa#ac3 Camara De Videoconferencia Hp 9w1a6aa E60\/cmara 360 Grados 4k Mptz Con Zoom Ptico De 12x Tecnologia De Seguimiento De Orador Encuedre De Grupo"}]},{"@type":"WebSite","@id":"https:\/\/compuviper.mx\/tienda\/#website","url":"https:\/\/compuviper.mx\/tienda\/","name":"Compuviper","description":"Proveedor de Computadoras, Laptops, Servidores, Monitores, Puntos de Venta, Teclados,   Impresoras, T\u00f3ner, C\u00e1maras de Seguridad y m\u00e1s en tu tienda en l\u00ednea","publisher":{"@id":"https:\/\/compuviper.mx\/tienda\/#organization"},"potentialAction":[{"@type":"SearchAction","target":{"@type":"EntryPoint","urlTemplate":"https:\/\/compuviper.mx\/tienda\/?s={search_term_string}"},"query-input":"required name=search_term_string"}],"inLanguage":"es-MX"},{"@type":"Organization","@id":"https:\/\/compuviper.mx\/tienda\/#organization","name":"Compuviper","url":"https:\/\/compuviper.mx\/tienda\/","logo":{"@type":"ImageObject","inLanguage":"es-MX","@id":"https:\/\/compuviper.mx\/tienda\/#\/schema\/logo\/image\/","url":"https:\/\/compuviper.mx\/tienda\/wp-content\/uploads\/2021\/08\/Logo-Compuviper-10.png","contentUrl":"https:\/\/compuviper.mx\/tienda\/wp-content\/uploads\/2021\/08\/Logo-Compuviper-10.png","width":1000,"height":500,"caption":"Compuviper"},"image":{"@id":"https:\/\/compuviper.mx\/tienda\/#\/schema\/logo\/image\/"},"sameAs":["https:\/\/www.facebook.com\/compuviper","https:\/\/www.youtube.com\/channel\/UCf73dERp9Y3cfOq7q8BhLjA?view_as=subscriber"]}]},"product_brand":"POLY","product_price_amount":"34261","product_price_currency":"MXN","og_availability":"backorder","product_availability":"available for order","product_retailer_item_id":"9W1A6AA,9W1A6AA#AC3","product_condition":"new"},"_links":{"self":[{"href":"https:\/\/compuviper.mx\/tienda\/wp-json\/wp\/v2\/product\/245871"}],"collection":[{"href":"https:\/\/compuviper.mx\/tienda\/wp-json\/wp\/v2\/product"}],"about":[{"href":"https:\/\/compuviper.mx\/tienda\/wp-json\/wp\/v2\/types\/product"}],"replies":[{"embeddable":true,"href":"https:\/\/compuviper.mx\/tienda\/wp-json\/wp\/v2\/comments?post=245871"}],"wp:featuredmedia":[{"embeddable":true,"href":"https:\/\/compuviper.mx\/tienda\/wp-json\/wp\/v2\/media\/258571"}],"wp:attachment":[{"href":"https:\/\/compuviper.mx\/tienda\/wp-json\/wp\/v2\/media?parent=245871"}],"wp:term":[{"taxonomy":"product_cat","embeddable":true,"href":"https:\/\/compuviper.mx\/tienda\/wp-json\/wp\/v2\/product_cat?post=245871"},{"taxonomy":"product_tag","embeddable":true,"href":"https:\/\/compuviper.mx\/tienda\/wp-json\/wp\/v2\/product_tag?post=245871"}],"curies":[{"name":"wp","href":"https:\/\/api.w.org\/{rel}","templated":true}]}}