{"id":245785,"date":"2026-04-07T00:48:16","date_gmt":"2026-04-07T06:48:16","guid":{"rendered":"https:\/\/compuviper.mx\/tienda\/producto\/lenovo-63edmar2la-monitor-thinkvision-e24-30-23-8-1920x1080-1x-hdmi-1-4-1x-dp-1-2-1x-vga-incluye-cable-hdmi-3y-en-centro-de-servicio\/"},"modified":"2026-04-07T00:48:17","modified_gmt":"2026-04-07T06:48:17","slug":"lenovo-63edmar2la-monitor-thinkvision-e24-30-23-8-1920x1080-1x-hdmi-1-4-1x-dp-1-2-1x-vga-incluye-cable-hdmi-3y-en-centro-de-servicio","status":"publish","type":"product","link":"https:\/\/compuviper.mx\/tienda\/producto\/lenovo-63edmar2la-monitor-thinkvision-e24-30-23-8-1920x1080-1x-hdmi-1-4-1x-dp-1-2-1x-vga-incluye-cable-hdmi-3y-en-centro-de-servicio\/","title":{"rendered":"Lenovo 63edmar2la Monitor  Thinkvision E24-30 \/ 23.8 1920&#215;1080 \/ 1x Hdmi 1.4 1x Dp 1.2 1x Vga \/ Incluye Cable Hdmi \/ 3y En Centro De Servicio"},"content":{"rendered":"<table class=\"descripcion\">\n<tr>\n<td>Thinkvision e24-30 63edmar2la<\/td>\n<\/tr>\n<tr>\n<td>Performance<\/td>\n<\/tr>\n<tr>\n<td>Display size<\/td>\n<\/tr>\n<tr>\n<td>23.8<\/td>\n<\/tr>\n<tr>\n<td>View area<\/td>\n<\/tr>\n<tr>\n<td>527&#215;296.5 mm<\/td>\n<\/tr>\n<tr>\n<td>Panel<\/td>\n<\/tr>\n<tr>\n<td>In-plane switching<\/td>\n<\/tr>\n<tr>\n<td>Backlight<\/td>\n<\/tr>\n<tr>\n<td>Wled<\/td>\n<\/tr>\n<tr>\n<td>Aspect ratio<\/td>\n<\/tr>\n<tr>\n<td>16:9<\/td>\n<\/tr>\n<tr>\n<td>Resolution<\/td>\n<\/tr>\n<tr>\n<td>1920&#215;1080<\/td>\n<\/tr>\n<tr>\n<td>Pixel pitch<\/td>\n<\/tr>\n<tr>\n<td>0.275&#215;0.275 mm<\/td>\n<\/tr>\n<tr>\n<td>Dot \/ pixel per inch<\/td>\n<\/tr>\n<tr>\n<td>93 dpi<\/td>\n<\/tr>\n<tr>\n<td>View angle h \/ v<\/td>\n<\/tr>\n<tr>\n<td>178\u00b0 \/ 178\u00b0<\/td>\n<\/tr>\n<tr>\n<td>Response time<\/td>\n<\/tr>\n<tr>\n<td>4ms extreme mode \/ 6ms normal mode \/ 14ms off<\/td>\n<\/tr>\n<tr>\n<td>Mode<\/td>\n<\/tr>\n<tr>\n<td>Color support<\/td>\n<\/tr>\n<tr>\n<td>16.7 million<\/td>\n<\/tr>\n<tr>\n<td>Refresh rate<\/td>\n<\/tr>\n<tr>\n<td>100hz<\/td>\n<\/tr>\n<tr>\n<td>Brightness<\/td>\n<\/tr>\n<tr>\n<td>250 cd\/m\u00b2<\/td>\n<\/tr>\n<tr>\n<td>Contrast ratio<\/td>\n<\/tr>\n<tr>\n<td>1300:1<\/td>\n<\/tr>\n<tr>\n<td>Color gamut<\/td>\n<\/tr>\n<tr>\n<td>99 srgb<\/td>\n<\/tr>\n<tr>\n<td>Screen surface treatment<\/td>\n<\/tr>\n<tr>\n<td>Anti-glare<\/td>\n<\/tr>\n<tr>\n<td>Curvature<\/td>\n<\/tr>\n<tr>\n<td>Flat panel<\/td>\n<\/tr>\n<tr>\n<td>Camera<\/td>\n<\/tr>\n<tr>\n<td>None<\/td>\n<\/tr>\n<tr>\n<td>Microphone<\/td>\n<\/tr>\n<tr>\n<td>None<\/td>\n<\/tr>\n<tr>\n<td>Speakers<\/td>\n<\/tr>\n<tr>\n<td>2wx2<\/td>\n<\/tr>\n<tr>\n<td>Power consumption typical \/ maximum<\/td>\n<\/tr>\n<tr>\n<td>12w \/ 29w<\/td>\n<\/tr>\n<tr>\n<td>Power adapter<\/td>\n<\/tr>\n<tr>\n<td>Integrated<\/td>\n<\/tr>\n<tr>\n<td>Touchscreen<\/td>\n<\/tr>\n<tr>\n<td>None<\/td>\n<\/tr>\n<tr>\n<td>Smart system<\/td>\n<\/tr>\n<tr>\n<td>None<\/td>\n<\/tr>\n<tr>\n<td>Design<\/td>\n<\/tr>\n<tr>\n<td>Stand<\/td>\n<\/tr>\n<tr>\n<td>Tilt, swivel, pivot, height adjust stand<\/td>\n<\/tr>\n<tr>\n<td>Case color<\/td>\n<\/tr>\n<tr>\n<td>Raven black<\/td>\n<\/tr>\n<tr>\n<td>Side bezel width<\/td>\n<\/tr>\n<tr>\n<td>1.8 mm<\/td>\n<\/tr>\n<tr>\n<td>Mounting<\/td>\n<\/tr>\n<tr>\n<td>Supports vesa mount 100 x 100 mm<\/td>\n<\/tr>\n<tr>\n<td>Thinkcentre\u00ae m series support<\/td>\n<\/tr>\n<tr>\n<td>Tiny, nano support<\/td>\n<\/tr>\n<tr>\n<td>Dimensions wxdxh<\/td>\n<\/tr>\n<tr>\n<td>Lowest position | 539.4 x 178.6 x 342.2 mm 21.24 x 7.03 x<\/td>\n<\/tr>\n<tr>\n<td>13.47 inches<\/td>\n<\/tr>\n<tr>\n<td>\u0095<\/td>\n<\/tr>\n<tr>\n<td>Highest position | 539.4 x 178.6 x 497.2 mm 21.24 x 7.03 x<\/td>\n<\/tr>\n<tr>\n<td>19.57 inches<\/td>\n<\/tr>\n<tr>\n<td>\u0095<\/td>\n<\/tr>\n<tr>\n<td>Head only | 539.4 x 46 x 322 mm 21.24 x 1.81 x 12.68<\/td>\n<\/tr>\n<tr>\n<td>Inches<\/td>\n<\/tr>\n<tr>\n<td>\u0095<\/td>\n<\/tr>\n<tr>\n<td>Packaging dimensions wxdxh<\/td>\n<\/tr>\n<tr>\n<td>621 x 126 x 385 mm 24.45 x 4.96 x 15.16 inches<\/td>\n<\/tr>\n<tr>\n<td>Weight<\/td>\n<\/tr>\n<tr>\n<td>\u0095 monitor with stand | 4.7 kg 10.4 lbs<\/td>\n<\/tr>\n<tr>\n<td>\u0095 monitor head only | 3.1 kg 6.9 lbs<\/td>\n<\/tr>\n<tr>\n<td>Packaging weight<\/td>\n<\/tr>\n<tr>\n<td>6.7 kg 14.8 lbs<\/td>\n<\/tr>\n<tr>\n<td>Connectivity<\/td>\n<\/tr>\n<tr>\n<td>Usb port<\/td>\n<\/tr>\n<tr>\n<td>None<\/td>\n<\/tr>\n<tr>\n<td>Video connector<\/td>\n<\/tr>\n<tr>\n<td>1x hdmi\u00ae 1.4, 1x dp 1.2, 1x vga<\/td>\n<\/tr>\n<tr>\n<td>Network connectivity<\/td>\n<\/tr>\n<tr>\n<td>None<\/td>\n<\/tr>\n<tr>\n<td>Service<\/td>\n<\/tr>\n<tr>\n<td>Base warranty<\/td>\n<\/tr>\n<tr>\n<td>3-year<\/td>\n<\/tr>\n<tr>\n<td>Certifications<\/td>\n<\/tr>\n<tr>\n<td>Environmental certification<\/td>\n<\/tr>\n<tr>\n<td>Energy star\u00ae certified, tco 9.0, tco edge 2.0, epeat\u0099<\/td>\n<\/tr>\n<tr>\n<td>Gold, rohs, eu energy efficiency level level-c<\/td>\n<\/tr>\n<tr>\n<td>Ergonomic certification<\/td>\n<\/tr>\n<tr>\n<td>Eyesafe\u00ae display 2.0, tv low blue light hardware<\/td>\n<\/tr>\n<tr>\n<td>Solution, tv rheinland\u00ae low blue light, tv rheinland\u00ae<\/td>\n<\/tr>\n<tr>\n<td>Flicker free, tv rheinland\u00ae eye comfort<\/td>\n<\/tr>\n<tr>\n<td>Sync technology<\/td>\n<\/tr>\n<tr>\n<td>None<\/td>\n<\/tr>\n<tr>\n<td>Special features<\/td>\n<\/tr>\n<tr>\n<td>Natural low blue light<\/td>\n<\/tr>\n<tr>\n<td>Software<\/td>\n<\/tr>\n<tr>\n<td>Operating system<\/td>\n<\/tr>\n<tr>\n<td>Support windows\u00ae 10, windows\u00ae 11<\/td>\n<\/tr>\n<tr>\n<td>Accessories<\/td>\n<\/tr>\n<tr>\n<td>Video cables<\/td>\n<\/tr>\n<tr>\n<td>Hdmi\u00ae cable<\/td>\n<\/tr>\n<\/table>\n","protected":false},"excerpt":{"rendered":"<p>Tome asiento y disfrute de la claridad de este monitor fhd de 23,8 pulgadas sin distracciones con pantalla nearedgeless de 3 lados. Disfrute de una claridad mejorada desde cualquier ngulo con conmutacin en el mismo plano y ngulos amplios de visualizacin h\/v 178\u00b0\/178\u00b0. Vea imgenes vvidas a travs de 99  srgb, obtenga video sin problemas mejorado con una frecuencia de actualizacin de 100 hz y contrastes ms ntidos con blancos ms blancos y negros ms oscuros con una relacin de contraste de 1300:1. Proteja su visin con la tecnologa de luz azul baja natural que no ofrece colores. Los puertos vga, hdmi 1.4 y dp 1.2 le ayudan a conectarse y realizar tareas sin esfuerzo. 2 altavoces incorporados de 2 w que brindan una claridad de audio excepcional. Escoja el soporte diminuto ltps elevacin, inclinacin, rotacin, giro o el montaje vesa 100 x 100 para mayor comodidad. Trabaje sin problemas con las caractersticas de experiencia mejoradas del usuario y con el cmodo control de la palanca de juegos, y disfrute de un escritorio sin interrupciones con administracin de cables optimizada. El embalaje reciclable de papel\/almohadillas de espuma y un diseo ecolgico que admite tco de forma sostenida lo convierten en una excelente opcin para el medio ambiente.<\/p>\n","protected":false},"featured_media":259846,"comment_status":"open","ping_status":"open","template":"","meta":[],"product_cat":[1741,1740],"product_tag":[1578],"acf":[],"yoast_head":"<!-- This site is optimized with the Yoast SEO plugin v21.7 - https:\/\/yoast.com\/wordpress\/plugins\/seo\/ -->\n<title>[ Lenovo ] &#129351; 63edmar2la Monitor Thinkvision E24-30 \/ 23.8 1920x1080 \/ 1x Hdmi 1.4 1x Dp 1.2 1x Vga \/ Incluye Cable Hdmi \/ 3y En Centro De Servicio<\/title>\n<meta name=\"description\" content=\"Compra 63edmar2la Monitor Thinkvision E24-30 \/ 23.8 1920x1080 \/ 1x Hdmi 1.4 1x Dp 1.2 1x Vga \/ Incluye Cable Hdmi \/ 3y En Centro De Servicio + Env\u00edo a domicilio + Pago seguro + Garant\u00eda\" \/>\n<meta name=\"robots\" content=\"index, follow, max-snippet:-1, max-image-preview:large, max-video-preview:-1\" \/>\n<link rel=\"canonical\" href=\"https:\/\/compuviper.mx\/tienda\/producto\/lenovo-63edmar2la-monitor-thinkvision-e24-30-23-8-1920x1080-1x-hdmi-1-4-1x-dp-1-2-1x-vga-incluye-cable-hdmi-3y-en-centro-de-servicio\/\" \/>\n<meta property=\"og:locale\" content=\"es_MX\" \/>\n<meta property=\"og:type\" content=\"article\" \/>\n<meta property=\"og:title\" content=\"[ Lenovo ] &#129351; 63edmar2la Monitor Thinkvision E24-30 \/ 23.8 1920x1080 \/ 1x Hdmi 1.4 1x Dp 1.2 1x Vga \/ Incluye Cable Hdmi \/ 3y En Centro De Servicio\" \/>\n<meta property=\"og:description\" content=\"Compra 63edmar2la Monitor Thinkvision E24-30 \/ 23.8 1920x1080 \/ 1x Hdmi 1.4 1x Dp 1.2 1x Vga \/ Incluye Cable Hdmi \/ 3y En Centro De Servicio + Env\u00edo a domicilio + Pago seguro + Garant\u00eda\" \/>\n<meta property=\"og:url\" content=\"https:\/\/compuviper.mx\/tienda\/producto\/lenovo-63edmar2la-monitor-thinkvision-e24-30-23-8-1920x1080-1x-hdmi-1-4-1x-dp-1-2-1x-vga-incluye-cable-hdmi-3y-en-centro-de-servicio\/\" \/>\n<meta property=\"og:site_name\" content=\"Compuviper\" \/>\n<meta property=\"article:publisher\" content=\"https:\/\/www.facebook.com\/compuviper\" \/>\n<meta property=\"article:modified_time\" content=\"2026-04-07T06:48:17+00:00\" \/>\n<meta property=\"og:image\" content=\"https:\/\/compuviper.mx\/tienda\/wp-content\/uploads\/2025\/10\/Monitor-lenovo-thinkvision-e24-30-23.8-1920x1080-1x-hdmi-1.4-1x-dp-1.2-1x-vga-incluye-cable-hdmi-3y-en-centro-de-servicio.jpg\" \/>\n\t<meta property=\"og:image:width\" content=\"200\" \/>\n\t<meta property=\"og:image:height\" content=\"200\" \/>\n\t<meta property=\"og:image:type\" content=\"image\/jpeg\" \/>\n<meta name=\"twitter:card\" content=\"summary_large_image\" \/>\n<meta name=\"twitter:label1\" content=\"Precio\" \/>\n\t<meta name=\"twitter:data1\" content=\"&#36;3,084 con IVA\" \/>\n\t<meta name=\"twitter:label2\" content=\"Availability\" \/>\n\t<meta name=\"twitter:data2\" content=\"Out of stock\" \/>\n<script type=\"application\/ld+json\" class=\"yoast-schema-graph\">{\"@context\":\"https:\/\/schema.org\",\"@graph\":[{\"@type\":\"WebPage\",\"@id\":\"https:\/\/compuviper.mx\/tienda\/producto\/lenovo-63edmar2la-monitor-thinkvision-e24-30-23-8-1920x1080-1x-hdmi-1-4-1x-dp-1-2-1x-vga-incluye-cable-hdmi-3y-en-centro-de-servicio\/\",\"url\":\"https:\/\/compuviper.mx\/tienda\/producto\/lenovo-63edmar2la-monitor-thinkvision-e24-30-23-8-1920x1080-1x-hdmi-1-4-1x-dp-1-2-1x-vga-incluye-cable-hdmi-3y-en-centro-de-servicio\/\",\"name\":\"[ Lenovo ] &#129351; 63edmar2la Monitor Thinkvision E24-30 \/ 23.8 1920x1080 \/ 1x Hdmi 1.4 1x Dp 1.2 1x Vga \/ Incluye Cable Hdmi \/ 3y En Centro De Servicio\",\"isPartOf\":{\"@id\":\"https:\/\/compuviper.mx\/tienda\/#website\"},\"datePublished\":\"2026-04-07T06:48:16+00:00\",\"dateModified\":\"2026-04-07T06:48:17+00:00\",\"description\":\"Compra 63edmar2la Monitor Thinkvision E24-30 \/ 23.8 1920x1080 \/ 1x Hdmi 1.4 1x Dp 1.2 1x Vga \/ Incluye Cable Hdmi \/ 3y En Centro De Servicio + Env\u00edo a domicilio + Pago seguro + Garant\u00eda\",\"breadcrumb\":{\"@id\":\"https:\/\/compuviper.mx\/tienda\/producto\/lenovo-63edmar2la-monitor-thinkvision-e24-30-23-8-1920x1080-1x-hdmi-1-4-1x-dp-1-2-1x-vga-incluye-cable-hdmi-3y-en-centro-de-servicio\/#breadcrumb\"},\"inLanguage\":\"es-MX\",\"potentialAction\":[{\"@type\":\"ReadAction\",\"target\":[\"https:\/\/compuviper.mx\/tienda\/producto\/lenovo-63edmar2la-monitor-thinkvision-e24-30-23-8-1920x1080-1x-hdmi-1-4-1x-dp-1-2-1x-vga-incluye-cable-hdmi-3y-en-centro-de-servicio\/\"]}]},{\"@type\":\"BreadcrumbList\",\"@id\":\"https:\/\/compuviper.mx\/tienda\/producto\/lenovo-63edmar2la-monitor-thinkvision-e24-30-23-8-1920x1080-1x-hdmi-1-4-1x-dp-1-2-1x-vga-incluye-cable-hdmi-3y-en-centro-de-servicio\/#breadcrumb\",\"itemListElement\":[{\"@type\":\"ListItem\",\"position\":1,\"name\":\"Inicio\",\"item\":\"https:\/\/compuviper.mx\/tienda\/\"},{\"@type\":\"ListItem\",\"position\":2,\"name\":\"Productos\",\"item\":\"https:\/\/compuviper.mx\/tienda\/productos\/\"},{\"@type\":\"ListItem\",\"position\":3,\"name\":\"Monitores\",\"item\":\"https:\/\/compuviper.mx\/tienda\/categoria-producto\/monitores\/\"},{\"@type\":\"ListItem\",\"position\":4,\"name\":\"Led\",\"item\":\"https:\/\/compuviper.mx\/tienda\/categoria-producto\/monitores\/led\/\"},{\"@type\":\"ListItem\",\"position\":5,\"name\":\"Lenovo 63edmar2la Monitor Thinkvision E24-30 \/ 23.8 1920&#215;1080 \/ 1x Hdmi 1.4 1x Dp 1.2 1x Vga \/ Incluye Cable Hdmi \/ 3y En Centro De Servicio\"}]},{\"@type\":\"WebSite\",\"@id\":\"https:\/\/compuviper.mx\/tienda\/#website\",\"url\":\"https:\/\/compuviper.mx\/tienda\/\",\"name\":\"Compuviper\",\"description\":\"Proveedor de Computadoras, Laptops, Servidores, Monitores, Puntos de Venta, Teclados,   Impresoras, T\u00f3ner, C\u00e1maras de Seguridad y m\u00e1s en tu tienda en l\u00ednea\",\"publisher\":{\"@id\":\"https:\/\/compuviper.mx\/tienda\/#organization\"},\"potentialAction\":[{\"@type\":\"SearchAction\",\"target\":{\"@type\":\"EntryPoint\",\"urlTemplate\":\"https:\/\/compuviper.mx\/tienda\/?s={search_term_string}\"},\"query-input\":\"required name=search_term_string\"}],\"inLanguage\":\"es-MX\"},{\"@type\":\"Organization\",\"@id\":\"https:\/\/compuviper.mx\/tienda\/#organization\",\"name\":\"Compuviper\",\"url\":\"https:\/\/compuviper.mx\/tienda\/\",\"logo\":{\"@type\":\"ImageObject\",\"inLanguage\":\"es-MX\",\"@id\":\"https:\/\/compuviper.mx\/tienda\/#\/schema\/logo\/image\/\",\"url\":\"https:\/\/compuviper.mx\/tienda\/wp-content\/uploads\/2021\/08\/Logo-Compuviper-10.png\",\"contentUrl\":\"https:\/\/compuviper.mx\/tienda\/wp-content\/uploads\/2021\/08\/Logo-Compuviper-10.png\",\"width\":1000,\"height\":500,\"caption\":\"Compuviper\"},\"image\":{\"@id\":\"https:\/\/compuviper.mx\/tienda\/#\/schema\/logo\/image\/\"},\"sameAs\":[\"https:\/\/www.facebook.com\/compuviper\",\"https:\/\/www.youtube.com\/channel\/UCf73dERp9Y3cfOq7q8BhLjA?view_as=subscriber\"]}]}<\/script>\n<meta property=\"product:brand\" content=\"LENOVO\" \/>\n<meta property=\"product:price:amount\" content=\"3084\" \/>\n<meta property=\"product:price:currency\" content=\"MXN\" \/>\n<meta property=\"og:availability\" content=\"out of stock\" \/>\n<meta property=\"product:availability\" content=\"out of stock\" \/>\n<meta property=\"product:retailer_item_id\" content=\"63EDMAR2LA\" \/>\n<meta property=\"product:condition\" content=\"new\" \/>\n<!-- \/ Yoast SEO plugin. -->","yoast_head_json":{"title":"[ Lenovo ] &#129351; 63edmar2la Monitor Thinkvision E24-30 \/ 23.8 1920x1080 \/ 1x Hdmi 1.4 1x Dp 1.2 1x Vga \/ Incluye Cable Hdmi \/ 3y En Centro De Servicio","description":"Compra 63edmar2la Monitor Thinkvision E24-30 \/ 23.8 1920x1080 \/ 1x Hdmi 1.4 1x Dp 1.2 1x Vga \/ Incluye Cable Hdmi \/ 3y En Centro De Servicio + Env\u00edo a domicilio + Pago seguro + Garant\u00eda","robots":{"index":"index","follow":"follow","max-snippet":"max-snippet:-1","max-image-preview":"max-image-preview:large","max-video-preview":"max-video-preview:-1"},"canonical":"https:\/\/compuviper.mx\/tienda\/producto\/lenovo-63edmar2la-monitor-thinkvision-e24-30-23-8-1920x1080-1x-hdmi-1-4-1x-dp-1-2-1x-vga-incluye-cable-hdmi-3y-en-centro-de-servicio\/","og_locale":"es_MX","og_type":"article","og_title":"[ Lenovo ] &#129351; 63edmar2la Monitor Thinkvision E24-30 \/ 23.8 1920x1080 \/ 1x Hdmi 1.4 1x Dp 1.2 1x Vga \/ Incluye Cable Hdmi \/ 3y En Centro De Servicio","og_description":"Compra 63edmar2la Monitor Thinkvision E24-30 \/ 23.8 1920x1080 \/ 1x Hdmi 1.4 1x Dp 1.2 1x Vga \/ Incluye Cable Hdmi \/ 3y En Centro De Servicio + Env\u00edo a domicilio + Pago seguro + Garant\u00eda","og_url":"https:\/\/compuviper.mx\/tienda\/producto\/lenovo-63edmar2la-monitor-thinkvision-e24-30-23-8-1920x1080-1x-hdmi-1-4-1x-dp-1-2-1x-vga-incluye-cable-hdmi-3y-en-centro-de-servicio\/","og_site_name":"Compuviper","article_publisher":"https:\/\/www.facebook.com\/compuviper","article_modified_time":"2026-04-07T06:48:17+00:00","og_image":[{"width":200,"height":200,"url":"https:\/\/compuviper.mx\/tienda\/wp-content\/uploads\/2025\/10\/Monitor-lenovo-thinkvision-e24-30-23.8-1920x1080-1x-hdmi-1.4-1x-dp-1.2-1x-vga-incluye-cable-hdmi-3y-en-centro-de-servicio.jpg","type":"image\/jpeg"}],"twitter_card":"summary_large_image","twitter_misc":{"Precio":"&#36;3,084 con IVA","Availability":"Out of stock"},"schema":{"@context":"https:\/\/schema.org","@graph":[{"@type":"WebPage","@id":"https:\/\/compuviper.mx\/tienda\/producto\/lenovo-63edmar2la-monitor-thinkvision-e24-30-23-8-1920x1080-1x-hdmi-1-4-1x-dp-1-2-1x-vga-incluye-cable-hdmi-3y-en-centro-de-servicio\/","url":"https:\/\/compuviper.mx\/tienda\/producto\/lenovo-63edmar2la-monitor-thinkvision-e24-30-23-8-1920x1080-1x-hdmi-1-4-1x-dp-1-2-1x-vga-incluye-cable-hdmi-3y-en-centro-de-servicio\/","name":"[ Lenovo ] &#129351; 63edmar2la Monitor Thinkvision E24-30 \/ 23.8 1920x1080 \/ 1x Hdmi 1.4 1x Dp 1.2 1x Vga \/ Incluye Cable Hdmi \/ 3y En Centro De Servicio","isPartOf":{"@id":"https:\/\/compuviper.mx\/tienda\/#website"},"datePublished":"2026-04-07T06:48:16+00:00","dateModified":"2026-04-07T06:48:17+00:00","description":"Compra 63edmar2la Monitor Thinkvision E24-30 \/ 23.8 1920x1080 \/ 1x Hdmi 1.4 1x Dp 1.2 1x Vga \/ Incluye Cable Hdmi \/ 3y En Centro De Servicio + Env\u00edo a domicilio + Pago seguro + Garant\u00eda","breadcrumb":{"@id":"https:\/\/compuviper.mx\/tienda\/producto\/lenovo-63edmar2la-monitor-thinkvision-e24-30-23-8-1920x1080-1x-hdmi-1-4-1x-dp-1-2-1x-vga-incluye-cable-hdmi-3y-en-centro-de-servicio\/#breadcrumb"},"inLanguage":"es-MX","potentialAction":[{"@type":"ReadAction","target":["https:\/\/compuviper.mx\/tienda\/producto\/lenovo-63edmar2la-monitor-thinkvision-e24-30-23-8-1920x1080-1x-hdmi-1-4-1x-dp-1-2-1x-vga-incluye-cable-hdmi-3y-en-centro-de-servicio\/"]}]},{"@type":"BreadcrumbList","@id":"https:\/\/compuviper.mx\/tienda\/producto\/lenovo-63edmar2la-monitor-thinkvision-e24-30-23-8-1920x1080-1x-hdmi-1-4-1x-dp-1-2-1x-vga-incluye-cable-hdmi-3y-en-centro-de-servicio\/#breadcrumb","itemListElement":[{"@type":"ListItem","position":1,"name":"Inicio","item":"https:\/\/compuviper.mx\/tienda\/"},{"@type":"ListItem","position":2,"name":"Productos","item":"https:\/\/compuviper.mx\/tienda\/productos\/"},{"@type":"ListItem","position":3,"name":"Monitores","item":"https:\/\/compuviper.mx\/tienda\/categoria-producto\/monitores\/"},{"@type":"ListItem","position":4,"name":"Led","item":"https:\/\/compuviper.mx\/tienda\/categoria-producto\/monitores\/led\/"},{"@type":"ListItem","position":5,"name":"Lenovo 63edmar2la Monitor Thinkvision E24-30 \/ 23.8 1920&#215;1080 \/ 1x Hdmi 1.4 1x Dp 1.2 1x Vga \/ Incluye Cable Hdmi \/ 3y En Centro De Servicio"}]},{"@type":"WebSite","@id":"https:\/\/compuviper.mx\/tienda\/#website","url":"https:\/\/compuviper.mx\/tienda\/","name":"Compuviper","description":"Proveedor de Computadoras, Laptops, Servidores, Monitores, Puntos de Venta, Teclados,   Impresoras, T\u00f3ner, C\u00e1maras de Seguridad y m\u00e1s en tu tienda en l\u00ednea","publisher":{"@id":"https:\/\/compuviper.mx\/tienda\/#organization"},"potentialAction":[{"@type":"SearchAction","target":{"@type":"EntryPoint","urlTemplate":"https:\/\/compuviper.mx\/tienda\/?s={search_term_string}"},"query-input":"required name=search_term_string"}],"inLanguage":"es-MX"},{"@type":"Organization","@id":"https:\/\/compuviper.mx\/tienda\/#organization","name":"Compuviper","url":"https:\/\/compuviper.mx\/tienda\/","logo":{"@type":"ImageObject","inLanguage":"es-MX","@id":"https:\/\/compuviper.mx\/tienda\/#\/schema\/logo\/image\/","url":"https:\/\/compuviper.mx\/tienda\/wp-content\/uploads\/2021\/08\/Logo-Compuviper-10.png","contentUrl":"https:\/\/compuviper.mx\/tienda\/wp-content\/uploads\/2021\/08\/Logo-Compuviper-10.png","width":1000,"height":500,"caption":"Compuviper"},"image":{"@id":"https:\/\/compuviper.mx\/tienda\/#\/schema\/logo\/image\/"},"sameAs":["https:\/\/www.facebook.com\/compuviper","https:\/\/www.youtube.com\/channel\/UCf73dERp9Y3cfOq7q8BhLjA?view_as=subscriber"]}]},"product_brand":"LENOVO","product_price_amount":"3084","product_price_currency":"MXN","og_availability":"out of stock","product_availability":"out of stock","product_retailer_item_id":"63EDMAR2LA","product_condition":"new"},"_links":{"self":[{"href":"https:\/\/compuviper.mx\/tienda\/wp-json\/wp\/v2\/product\/245785"}],"collection":[{"href":"https:\/\/compuviper.mx\/tienda\/wp-json\/wp\/v2\/product"}],"about":[{"href":"https:\/\/compuviper.mx\/tienda\/wp-json\/wp\/v2\/types\/product"}],"replies":[{"embeddable":true,"href":"https:\/\/compuviper.mx\/tienda\/wp-json\/wp\/v2\/comments?post=245785"}],"wp:featuredmedia":[{"embeddable":true,"href":"https:\/\/compuviper.mx\/tienda\/wp-json\/wp\/v2\/media\/259846"}],"wp:attachment":[{"href":"https:\/\/compuviper.mx\/tienda\/wp-json\/wp\/v2\/media?parent=245785"}],"wp:term":[{"taxonomy":"product_cat","embeddable":true,"href":"https:\/\/compuviper.mx\/tienda\/wp-json\/wp\/v2\/product_cat?post=245785"},{"taxonomy":"product_tag","embeddable":true,"href":"https:\/\/compuviper.mx\/tienda\/wp-json\/wp\/v2\/product_tag?post=245785"}],"curies":[{"name":"wp","href":"https:\/\/api.w.org\/{rel}","templated":true}]}}