{"id":245722,"date":"2026-04-14T02:25:07","date_gmt":"2026-04-14T08:25:07","guid":{"rendered":"https:\/\/compuviper.mx\/tienda\/producto\/polycom-8d8k2aaabm-equipo-de-videoconferncia-hp-poly-x52-barra-camara-microfonos-altavoces-para-salas-medianas-4x6-mts-conexion-usb-a-seguimiento-de-orador-encuedre-de-grupo-individual\/"},"modified":"2026-04-14T02:25:07","modified_gmt":"2026-04-14T08:25:07","slug":"poly-8d8k2aaabm-equipo-de-videoconferncia-hp-8d8k2aaabm-x52-barra-camara-microfonos-altavoces-para-salas-medianas-4x6-mts-conexion-usb-a-seguimiento-de-orador-encuedre-de-grupo-individual","status":"publish","type":"product","link":"https:\/\/compuviper.mx\/tienda\/producto\/poly-8d8k2aaabm-equipo-de-videoconferncia-hp-8d8k2aaabm-x52-barra-camara-microfonos-altavoces-para-salas-medianas-4x6-mts-conexion-usb-a-seguimiento-de-orador-encuedre-de-grupo-individual\/","title":{"rendered":"Poly 8d8k2aa#abm Equipo De Videoconferncia Hp  8d8k2aaabm X52 \/barra Camara Microfonos Altavoces Para Salas Medianas 4&#215;6 Mts Conexion Usb -a Seguimiento De Orador Encuedre De Grupo Individual"},"content":{"rendered":"<table class=\"descripcion\">\n<tr>\n<td>Color:  blanco<\/td>\n<\/tr>\n<tr>\n<td>Tipo de fuente de alimentacin:  externos; deteccin autom\u00e1tica<\/td>\n<\/tr>\n<tr>\n<td>Capacidades de cobertura de lente:  montable<\/td>\n<\/tr>\n<tr>\n<td>Resolucin total de la c\u00e1mara megapxeles:  20 mp<\/td>\n<\/tr>\n<tr>\n<td>Velocidad de imagen para videos:  5 a 60 cps con resolucin de hasta 4k en 15 cps en las llamadas<\/td>\n<\/tr>\n<tr>\n<td>Capacidad de zoom:  digital 5x<\/td>\n<\/tr>\n<tr>\n<td>Puertos:  1 entrada hdmi 2.0 video y audio; 2 salidas hdmi 2.0 video; 1 usb tipo-c\u00ae con velocidad de sealizacin de 5 gbps; 2 usb tipo-a con velocidades de sealizacin de 5 gbps; 1 rj-45; 1 entrada de lnea micrfono opcional<\/td>\n<\/tr>\n<tr>\n<td>Capacidades de red:  ipv4; ipv6; 1 ethernet 10\/100\/1g; mdix autom\u00e1tico; h.323 o sip de hasta 6 mbps en modo de video con poly app; tecnologa polycom lost packet recovery lpr; asignacin de ancho de banda din\u00e1mico; tamao de mtu reconfigurable; compatible con proxy web: basic, digest y ntlm; protocolo de inscripcin de certificado simple scep<\/td>\n<\/tr>\n<tr>\n<td>Tecnologas inal\u00e1mbricas:  bluetooth\u00ae 5.0; simultaneidad multicanal wi-fi 802.11a\/b\/g\/n\/ac\/ax mimo<\/td>\n<\/tr>\n<tr>\n<td>C\u00e1mara con tecnologa inteligente:  encuadre de personas; encuadre de grupo; permetro directorai; encuadre del interlocutor<\/td>\n<\/tr>\n<tr>\n<td>Gestin de seguridad:  cifrado aes de 128 bits; cifrado aes de 256 bits; compatibilidad con h.235.6; acceso autenticado a los mens de administracin, interfaz web y api; configuracin de la poltica de contraseas de cuentas locales; perfiles de seguridad; bloqueo de puerto de cuenta local y conexin; valores predeterminados seguros; inicio de sesin remoto compatible con tls; autenticacin externa de active directory; protocolo de control de suelo binario bfcp<\/td>\n<\/tr>\n<tr>\n<td>Margen de temperaturas operativas:  0 a 40 \u00b0c<\/td>\n<\/tr>\n<tr>\n<td>Rango de humedad en inactividad:  de 15 a 95<\/td>\n<\/tr>\n<tr>\n<td>Intervalo de humedad en funcionamiento:  15 a 80<\/td>\n<\/tr>\n<tr>\n<td>Dimensiones mnimas anch. x prof. x alt.:  769,5 x 115,2 x 103 mm<\/td>\n<\/tr>\n<tr>\n<td>Dimensiones del pallet an x f x al:  101,6 x 121.9 x 149 cm<\/td>\n<\/tr>\n<tr>\n<td>Cartones por capa:  4<\/td>\n<\/tr>\n<tr>\n<td>Peso:  2,54 kg<\/td>\n<\/tr>\n<tr>\n<td>Peso del empaque:  300 g<\/td>\n<\/tr>\n<tr>\n<td>Peso del pallet:  357 kg<\/td>\n<\/tr>\n<tr>\n<td>Contenido de la caja:  cable ethernet; abrazadera para monitor; transformador de ca; cable hdmi; cable de alimentacin; poly studio x52<\/td>\n<\/tr>\n<\/table>\n","protected":false},"excerpt":{"rendered":"<p>Ptica ntida y clara. Ample la imagen y vea los detalles m\u00e1s pequeos con la c\u00e1mara 4k ultrahd de 20 mp y 95 grados de campo de visin, cuidadosamente diseada para espacios medianos. Presente siempre la mejor luz en los espacios gracias a la ptica ntida y clara, el color verdadero y la compensacin de poca luz. Todos se ven en la mesa. Fomente la participacin en las reuniones con experiencias de video inteligentes que ayuden a los participantes remotos a sentirse conectados. La tecnologa de c\u00e1mara inteligente poly directorai ofrece experiencia equitativa para sus reuniones hbridas. Pngase en marcha en minutos. Las salas medianas pueden ponerse en marcha en cuestin de minutos, gracias a la sencilla instalacin y a su diseo all-in-one. Y con la potente c\u00e1mara, los micrfonos, los altavoces y las aplicaciones de video en la nube integradas, tendr\u00e1 todo lo que necesita para cubrir espacios de conferencia. Escuche y sea escuchado. Rodee a los participantes en la reunin con sonido intenso e inmersivo gracias a los altavoces estreo integrados. Capte claramente las voces en el otro extremo de la mesa y elimine las distracciones de su reunin con las tecnologas poly noiseblockai y acoustic fence. Nase de la forma que desee. Conctese a casi cualquier servicio de video en la nube utilizando las aplicaciones de video en la nube integradas. Utilice la aplicacin poly video para conectarse a servicios de video en la nube a travs de h.323 y sip o conctese a cualquier plataforma de video en la nube desde su pc mediante conexin usb. F\u00e1cil administracin mediante poly lens. Controle su implementacin desde cualquier lugar a travs de la administracin remota con el software de administracin de dispositivos basado en la nube poly lens.<\/p>\n","protected":false},"featured_media":258570,"comment_status":"open","ping_status":"open","template":"","meta":[],"product_cat":[2012,2011],"product_tag":[2035],"acf":[],"yoast_head":"<!-- This site is optimized with the Yoast SEO plugin v21.7 - https:\/\/yoast.com\/wordpress\/plugins\/seo\/ -->\n<title>[ Poly ] &#129351; 8d8k2aa#abm Equipo De Videoconferncia Hp 8d8k2aaabm X52 \/barra Camara Microfonos Altavoces Para Salas Medianas 4x6 Mts Conexion Usb -a Seguimiento De Orador Encuedre De Grupo Individual<\/title>\n<meta name=\"description\" content=\"Compra 8d8k2aa#abm Equipo De Videoconferncia Hp 8d8k2aaabm X52 \/barra Camara Microfonos Altavoces Para Salas Medianas 4x6 Mts Conexion Usb -a Seguimiento De Orador Encuedre De Grupo Individual + Env\u00edo a domicilio + Pago seguro + Garant\u00eda\" \/>\n<meta name=\"robots\" content=\"index, follow, max-snippet:-1, max-image-preview:large, max-video-preview:-1\" \/>\n<link rel=\"canonical\" href=\"https:\/\/compuviper.mx\/tienda\/producto\/poly-8d8k2aaabm-equipo-de-videoconferncia-hp-8d8k2aaabm-x52-barra-camara-microfonos-altavoces-para-salas-medianas-4x6-mts-conexion-usb-a-seguimiento-de-orador-encuedre-de-grupo-individual\/\" \/>\n<meta property=\"og:locale\" content=\"es_MX\" \/>\n<meta property=\"og:type\" content=\"article\" \/>\n<meta property=\"og:title\" content=\"[ Poly ] &#129351; 8d8k2aa#abm Equipo De Videoconferncia Hp 8d8k2aaabm X52 \/barra Camara Microfonos Altavoces Para Salas Medianas 4x6 Mts Conexion Usb -a Seguimiento De Orador Encuedre De Grupo Individual\" \/>\n<meta property=\"og:description\" content=\"Compra 8d8k2aa#abm Equipo De Videoconferncia Hp 8d8k2aaabm X52 \/barra Camara Microfonos Altavoces Para Salas Medianas 4x6 Mts Conexion Usb -a Seguimiento De Orador Encuedre De Grupo Individual + Env\u00edo a domicilio + Pago seguro + Garant\u00eda\" \/>\n<meta property=\"og:url\" content=\"https:\/\/compuviper.mx\/tienda\/producto\/poly-8d8k2aaabm-equipo-de-videoconferncia-hp-8d8k2aaabm-x52-barra-camara-microfonos-altavoces-para-salas-medianas-4x6-mts-conexion-usb-a-seguimiento-de-orador-encuedre-de-grupo-individual\/\" \/>\n<meta property=\"og:site_name\" content=\"Compuviper\" \/>\n<meta property=\"article:publisher\" content=\"https:\/\/www.facebook.com\/compuviper\" \/>\n<meta property=\"og:image\" content=\"https:\/\/compuviper.mx\/tienda\/wp-content\/uploads\/2025\/10\/Equipo-de-videoconferncia-hp-poly-8d8k2aaabm-x52-barra-camara-microfonos-altavoces-para-salas-medianas-4x6-mts-conexion-usb-a-seguimiento-de-orador-encuedre-de-grupo-individual.jpg\" \/>\n\t<meta property=\"og:image:width\" content=\"200\" \/>\n\t<meta property=\"og:image:height\" content=\"200\" \/>\n\t<meta property=\"og:image:type\" content=\"image\/jpeg\" \/>\n<meta name=\"twitter:card\" content=\"summary_large_image\" \/>\n<meta name=\"twitter:label1\" content=\"Precio\" \/>\n\t<meta name=\"twitter:data1\" content=\"&#36;65,648 &#36;63,333 con IVA\" \/>\n\t<meta name=\"twitter:label2\" content=\"Availability\" \/>\n\t<meta name=\"twitter:data2\" content=\"Out of stock\" \/>\n<script type=\"application\/ld+json\" class=\"yoast-schema-graph\">{\"@context\":\"https:\/\/schema.org\",\"@graph\":[{\"@type\":\"WebPage\",\"@id\":\"https:\/\/compuviper.mx\/tienda\/producto\/poly-8d8k2aaabm-equipo-de-videoconferncia-hp-8d8k2aaabm-x52-barra-camara-microfonos-altavoces-para-salas-medianas-4x6-mts-conexion-usb-a-seguimiento-de-orador-encuedre-de-grupo-individual\/\",\"url\":\"https:\/\/compuviper.mx\/tienda\/producto\/poly-8d8k2aaabm-equipo-de-videoconferncia-hp-8d8k2aaabm-x52-barra-camara-microfonos-altavoces-para-salas-medianas-4x6-mts-conexion-usb-a-seguimiento-de-orador-encuedre-de-grupo-individual\/\",\"name\":\"[ Poly ] &#129351; 8d8k2aa#abm Equipo De Videoconferncia Hp 8d8k2aaabm X52 \/barra Camara Microfonos Altavoces Para Salas Medianas 4x6 Mts Conexion Usb -a Seguimiento De Orador Encuedre De Grupo Individual\",\"isPartOf\":{\"@id\":\"https:\/\/compuviper.mx\/tienda\/#website\"},\"datePublished\":\"2026-04-14T08:25:07+00:00\",\"dateModified\":\"2026-04-14T08:25:07+00:00\",\"description\":\"Compra 8d8k2aa#abm Equipo De Videoconferncia Hp 8d8k2aaabm X52 \/barra Camara Microfonos Altavoces Para Salas Medianas 4x6 Mts Conexion Usb -a Seguimiento De Orador Encuedre De Grupo Individual + Env\u00edo a domicilio + Pago seguro + Garant\u00eda\",\"breadcrumb\":{\"@id\":\"https:\/\/compuviper.mx\/tienda\/producto\/poly-8d8k2aaabm-equipo-de-videoconferncia-hp-8d8k2aaabm-x52-barra-camara-microfonos-altavoces-para-salas-medianas-4x6-mts-conexion-usb-a-seguimiento-de-orador-encuedre-de-grupo-individual\/#breadcrumb\"},\"inLanguage\":\"es-MX\",\"potentialAction\":[{\"@type\":\"ReadAction\",\"target\":[\"https:\/\/compuviper.mx\/tienda\/producto\/poly-8d8k2aaabm-equipo-de-videoconferncia-hp-8d8k2aaabm-x52-barra-camara-microfonos-altavoces-para-salas-medianas-4x6-mts-conexion-usb-a-seguimiento-de-orador-encuedre-de-grupo-individual\/\"]}]},{\"@type\":\"BreadcrumbList\",\"@id\":\"https:\/\/compuviper.mx\/tienda\/producto\/poly-8d8k2aaabm-equipo-de-videoconferncia-hp-8d8k2aaabm-x52-barra-camara-microfonos-altavoces-para-salas-medianas-4x6-mts-conexion-usb-a-seguimiento-de-orador-encuedre-de-grupo-individual\/#breadcrumb\",\"itemListElement\":[{\"@type\":\"ListItem\",\"position\":1,\"name\":\"Inicio\",\"item\":\"https:\/\/compuviper.mx\/tienda\/\"},{\"@type\":\"ListItem\",\"position\":2,\"name\":\"Productos\",\"item\":\"https:\/\/compuviper.mx\/tienda\/productos\/\"},{\"@type\":\"ListItem\",\"position\":3,\"name\":\"Videoconferencia\",\"item\":\"https:\/\/compuviper.mx\/tienda\/categoria-producto\/videoconferencia\/\"},{\"@type\":\"ListItem\",\"position\":4,\"name\":\"Sin Categor\u00eda\",\"item\":\"https:\/\/compuviper.mx\/tienda\/categoria-producto\/videoconferencia\/sin-categoria-videoconferencia\/\"},{\"@type\":\"ListItem\",\"position\":5,\"name\":\"Poly 8d8k2aa#abm Equipo De Videoconferncia Hp 8d8k2aaabm X52 \/barra Camara Microfonos Altavoces Para Salas Medianas 4&#215;6 Mts Conexion Usb -a Seguimiento De Orador Encuedre De Grupo Individual\"}]},{\"@type\":\"WebSite\",\"@id\":\"https:\/\/compuviper.mx\/tienda\/#website\",\"url\":\"https:\/\/compuviper.mx\/tienda\/\",\"name\":\"Compuviper\",\"description\":\"Proveedor de Computadoras, Laptops, Servidores, Monitores, Puntos de Venta, Teclados,   Impresoras, T\u00f3ner, C\u00e1maras de Seguridad y m\u00e1s en tu tienda en l\u00ednea\",\"publisher\":{\"@id\":\"https:\/\/compuviper.mx\/tienda\/#organization\"},\"potentialAction\":[{\"@type\":\"SearchAction\",\"target\":{\"@type\":\"EntryPoint\",\"urlTemplate\":\"https:\/\/compuviper.mx\/tienda\/?s={search_term_string}\"},\"query-input\":\"required name=search_term_string\"}],\"inLanguage\":\"es-MX\"},{\"@type\":\"Organization\",\"@id\":\"https:\/\/compuviper.mx\/tienda\/#organization\",\"name\":\"Compuviper\",\"url\":\"https:\/\/compuviper.mx\/tienda\/\",\"logo\":{\"@type\":\"ImageObject\",\"inLanguage\":\"es-MX\",\"@id\":\"https:\/\/compuviper.mx\/tienda\/#\/schema\/logo\/image\/\",\"url\":\"https:\/\/compuviper.mx\/tienda\/wp-content\/uploads\/2021\/08\/Logo-Compuviper-10.png\",\"contentUrl\":\"https:\/\/compuviper.mx\/tienda\/wp-content\/uploads\/2021\/08\/Logo-Compuviper-10.png\",\"width\":1000,\"height\":500,\"caption\":\"Compuviper\"},\"image\":{\"@id\":\"https:\/\/compuviper.mx\/tienda\/#\/schema\/logo\/image\/\"},\"sameAs\":[\"https:\/\/www.facebook.com\/compuviper\",\"https:\/\/www.youtube.com\/channel\/UCf73dERp9Y3cfOq7q8BhLjA?view_as=subscriber\"]}]}<\/script>\n<meta property=\"product:brand\" content=\"POLY\" \/>\n<meta property=\"product:price:amount\" content=\"63333\" \/>\n<meta property=\"product:price:currency\" content=\"MXN\" \/>\n<meta property=\"og:availability\" content=\"out of stock\" \/>\n<meta property=\"product:availability\" content=\"out of stock\" \/>\n<meta property=\"product:retailer_item_id\" content=\"8D8K2AA#ABM\" \/>\n<meta property=\"product:condition\" content=\"new\" \/>\n<!-- \/ Yoast SEO plugin. -->","yoast_head_json":{"title":"[ Poly ] &#129351; 8d8k2aa#abm Equipo De Videoconferncia Hp 8d8k2aaabm X52 \/barra Camara Microfonos Altavoces Para Salas Medianas 4x6 Mts Conexion Usb -a Seguimiento De Orador Encuedre De Grupo Individual","description":"Compra 8d8k2aa#abm Equipo De Videoconferncia Hp 8d8k2aaabm X52 \/barra Camara Microfonos Altavoces Para Salas Medianas 4x6 Mts Conexion Usb -a Seguimiento De Orador Encuedre De Grupo Individual + Env\u00edo a domicilio + Pago seguro + Garant\u00eda","robots":{"index":"index","follow":"follow","max-snippet":"max-snippet:-1","max-image-preview":"max-image-preview:large","max-video-preview":"max-video-preview:-1"},"canonical":"https:\/\/compuviper.mx\/tienda\/producto\/poly-8d8k2aaabm-equipo-de-videoconferncia-hp-8d8k2aaabm-x52-barra-camara-microfonos-altavoces-para-salas-medianas-4x6-mts-conexion-usb-a-seguimiento-de-orador-encuedre-de-grupo-individual\/","og_locale":"es_MX","og_type":"article","og_title":"[ Poly ] &#129351; 8d8k2aa#abm Equipo De Videoconferncia Hp 8d8k2aaabm X52 \/barra Camara Microfonos Altavoces Para Salas Medianas 4x6 Mts Conexion Usb -a Seguimiento De Orador Encuedre De Grupo Individual","og_description":"Compra 8d8k2aa#abm Equipo De Videoconferncia Hp 8d8k2aaabm X52 \/barra Camara Microfonos Altavoces Para Salas Medianas 4x6 Mts Conexion Usb -a Seguimiento De Orador Encuedre De Grupo Individual + Env\u00edo a domicilio + Pago seguro + Garant\u00eda","og_url":"https:\/\/compuviper.mx\/tienda\/producto\/poly-8d8k2aaabm-equipo-de-videoconferncia-hp-8d8k2aaabm-x52-barra-camara-microfonos-altavoces-para-salas-medianas-4x6-mts-conexion-usb-a-seguimiento-de-orador-encuedre-de-grupo-individual\/","og_site_name":"Compuviper","article_publisher":"https:\/\/www.facebook.com\/compuviper","og_image":[{"width":200,"height":200,"url":"https:\/\/compuviper.mx\/tienda\/wp-content\/uploads\/2025\/10\/Equipo-de-videoconferncia-hp-poly-8d8k2aaabm-x52-barra-camara-microfonos-altavoces-para-salas-medianas-4x6-mts-conexion-usb-a-seguimiento-de-orador-encuedre-de-grupo-individual.jpg","type":"image\/jpeg"}],"twitter_card":"summary_large_image","twitter_misc":{"Precio":"&#36;65,648 &#36;63,333 con IVA","Availability":"Out of stock"},"schema":{"@context":"https:\/\/schema.org","@graph":[{"@type":"WebPage","@id":"https:\/\/compuviper.mx\/tienda\/producto\/poly-8d8k2aaabm-equipo-de-videoconferncia-hp-8d8k2aaabm-x52-barra-camara-microfonos-altavoces-para-salas-medianas-4x6-mts-conexion-usb-a-seguimiento-de-orador-encuedre-de-grupo-individual\/","url":"https:\/\/compuviper.mx\/tienda\/producto\/poly-8d8k2aaabm-equipo-de-videoconferncia-hp-8d8k2aaabm-x52-barra-camara-microfonos-altavoces-para-salas-medianas-4x6-mts-conexion-usb-a-seguimiento-de-orador-encuedre-de-grupo-individual\/","name":"[ Poly ] &#129351; 8d8k2aa#abm Equipo De Videoconferncia Hp 8d8k2aaabm X52 \/barra Camara Microfonos Altavoces Para Salas Medianas 4x6 Mts Conexion Usb -a Seguimiento De Orador Encuedre De Grupo Individual","isPartOf":{"@id":"https:\/\/compuviper.mx\/tienda\/#website"},"datePublished":"2026-04-14T08:25:07+00:00","dateModified":"2026-04-14T08:25:07+00:00","description":"Compra 8d8k2aa#abm Equipo De Videoconferncia Hp 8d8k2aaabm X52 \/barra Camara Microfonos Altavoces Para Salas Medianas 4x6 Mts Conexion Usb -a Seguimiento De Orador Encuedre De Grupo Individual + Env\u00edo a domicilio + Pago seguro + Garant\u00eda","breadcrumb":{"@id":"https:\/\/compuviper.mx\/tienda\/producto\/poly-8d8k2aaabm-equipo-de-videoconferncia-hp-8d8k2aaabm-x52-barra-camara-microfonos-altavoces-para-salas-medianas-4x6-mts-conexion-usb-a-seguimiento-de-orador-encuedre-de-grupo-individual\/#breadcrumb"},"inLanguage":"es-MX","potentialAction":[{"@type":"ReadAction","target":["https:\/\/compuviper.mx\/tienda\/producto\/poly-8d8k2aaabm-equipo-de-videoconferncia-hp-8d8k2aaabm-x52-barra-camara-microfonos-altavoces-para-salas-medianas-4x6-mts-conexion-usb-a-seguimiento-de-orador-encuedre-de-grupo-individual\/"]}]},{"@type":"BreadcrumbList","@id":"https:\/\/compuviper.mx\/tienda\/producto\/poly-8d8k2aaabm-equipo-de-videoconferncia-hp-8d8k2aaabm-x52-barra-camara-microfonos-altavoces-para-salas-medianas-4x6-mts-conexion-usb-a-seguimiento-de-orador-encuedre-de-grupo-individual\/#breadcrumb","itemListElement":[{"@type":"ListItem","position":1,"name":"Inicio","item":"https:\/\/compuviper.mx\/tienda\/"},{"@type":"ListItem","position":2,"name":"Productos","item":"https:\/\/compuviper.mx\/tienda\/productos\/"},{"@type":"ListItem","position":3,"name":"Videoconferencia","item":"https:\/\/compuviper.mx\/tienda\/categoria-producto\/videoconferencia\/"},{"@type":"ListItem","position":4,"name":"Sin Categor\u00eda","item":"https:\/\/compuviper.mx\/tienda\/categoria-producto\/videoconferencia\/sin-categoria-videoconferencia\/"},{"@type":"ListItem","position":5,"name":"Poly 8d8k2aa#abm Equipo De Videoconferncia Hp 8d8k2aaabm X52 \/barra Camara Microfonos Altavoces Para Salas Medianas 4&#215;6 Mts Conexion Usb -a Seguimiento De Orador Encuedre De Grupo Individual"}]},{"@type":"WebSite","@id":"https:\/\/compuviper.mx\/tienda\/#website","url":"https:\/\/compuviper.mx\/tienda\/","name":"Compuviper","description":"Proveedor de Computadoras, Laptops, Servidores, Monitores, Puntos de Venta, Teclados,   Impresoras, T\u00f3ner, C\u00e1maras de Seguridad y m\u00e1s en tu tienda en l\u00ednea","publisher":{"@id":"https:\/\/compuviper.mx\/tienda\/#organization"},"potentialAction":[{"@type":"SearchAction","target":{"@type":"EntryPoint","urlTemplate":"https:\/\/compuviper.mx\/tienda\/?s={search_term_string}"},"query-input":"required name=search_term_string"}],"inLanguage":"es-MX"},{"@type":"Organization","@id":"https:\/\/compuviper.mx\/tienda\/#organization","name":"Compuviper","url":"https:\/\/compuviper.mx\/tienda\/","logo":{"@type":"ImageObject","inLanguage":"es-MX","@id":"https:\/\/compuviper.mx\/tienda\/#\/schema\/logo\/image\/","url":"https:\/\/compuviper.mx\/tienda\/wp-content\/uploads\/2021\/08\/Logo-Compuviper-10.png","contentUrl":"https:\/\/compuviper.mx\/tienda\/wp-content\/uploads\/2021\/08\/Logo-Compuviper-10.png","width":1000,"height":500,"caption":"Compuviper"},"image":{"@id":"https:\/\/compuviper.mx\/tienda\/#\/schema\/logo\/image\/"},"sameAs":["https:\/\/www.facebook.com\/compuviper","https:\/\/www.youtube.com\/channel\/UCf73dERp9Y3cfOq7q8BhLjA?view_as=subscriber"]}]},"product_brand":"POLY","product_price_amount":"63333","product_price_currency":"MXN","og_availability":"out of stock","product_availability":"out of stock","product_retailer_item_id":"8D8K2AA#ABM","product_condition":"new"},"_links":{"self":[{"href":"https:\/\/compuviper.mx\/tienda\/wp-json\/wp\/v2\/product\/245722"}],"collection":[{"href":"https:\/\/compuviper.mx\/tienda\/wp-json\/wp\/v2\/product"}],"about":[{"href":"https:\/\/compuviper.mx\/tienda\/wp-json\/wp\/v2\/types\/product"}],"replies":[{"embeddable":true,"href":"https:\/\/compuviper.mx\/tienda\/wp-json\/wp\/v2\/comments?post=245722"}],"wp:featuredmedia":[{"embeddable":true,"href":"https:\/\/compuviper.mx\/tienda\/wp-json\/wp\/v2\/media\/258570"}],"wp:attachment":[{"href":"https:\/\/compuviper.mx\/tienda\/wp-json\/wp\/v2\/media?parent=245722"}],"wp:term":[{"taxonomy":"product_cat","embeddable":true,"href":"https:\/\/compuviper.mx\/tienda\/wp-json\/wp\/v2\/product_cat?post=245722"},{"taxonomy":"product_tag","embeddable":true,"href":"https:\/\/compuviper.mx\/tienda\/wp-json\/wp\/v2\/product_tag?post=245722"}],"curies":[{"name":"wp","href":"https:\/\/api.w.org\/{rel}","templated":true}]}}