{"id":245716,"date":"2026-04-07T01:57:53","date_gmt":"2026-04-07T07:57:53","guid":{"rendered":"https:\/\/compuviper.mx\/tienda\/producto\/poly-772c3aa-altavoz-manos-libres-hp-sync-10-altavoz-manos-libres-usb-a-usb-c\/"},"modified":"2026-04-07T01:57:53","modified_gmt":"2026-04-07T07:57:53","slug":"poly-772c3aa-altavoz-manos-libres-hp-sync-10-altavoz-manos-libres-usb-a-usb-c","status":"publish","type":"product","link":"https:\/\/compuviper.mx\/tienda\/producto\/poly-772c3aa-altavoz-manos-libres-hp-sync-10-altavoz-manos-libres-usb-a-usb-c\/","title":{"rendered":"Poly 772c3aa Altavoz Manos Libres Hp   Sync 10\/altavoz Manos Libres Usb-a Usb-c"},"content":{"rendered":"<table class=\"descripcion\">\n<tr>\n<td>Compatibilidad con hardware:  compatible con equipos mediante un cable usb-a y adaptador usb-c\u00ae<\/td>\n<\/tr>\n<tr>\n<td>Color:  plateado<\/td>\n<\/tr>\n<tr>\n<td>Largo del cable:  71.5 cm<\/td>\n<\/tr>\n<tr>\n<td>Sistemas operativos compatibles:  windows 10; macos<\/td>\n<\/tr>\n<tr>\n<td>Certificaciones y conformidades:  ce; fcc; rohs; ip64<\/td>\n<\/tr>\n<tr>\n<td>Dimensiones mnimas anch. x prof. x alt.:  18,2 x 8,9 x 3,3 cm<\/td>\n<\/tr>\n<tr>\n<td>Dimensiones del embalaje an x f x al:  19,98 x 9,29 x 4,08<\/td>\n<\/tr>\n<tr>\n<td>Cartones por capa:  10<\/td>\n<\/tr>\n<tr>\n<td>Peso:  0,28 kg<\/td>\n<\/tr>\n<tr>\n<td>Peso del empaque:  0,35 kg<\/td>\n<\/tr>\n<tr>\n<td>Peso del pallet:  617,36 kg<\/td>\n<\/tr>\n<tr>\n<td>Requisitos mnimos del sistema:  puerto usb tipo-a; puerto usb tipo-c\u00ae<\/td>\n<\/tr>\n<tr>\n<td>Contenido de la caja:  poly sync 10; gua del usuario; cable usb tipo-a; adaptador usb-c\u00a9<\/td>\n<\/tr>\n<tr>\n<td>Garanta del fabricante:  garanta limitada est\u00e1ndar de dos aos de poly.<\/td>\n<\/tr>\n<\/table>\n","protected":false},"excerpt":{"rendered":"<p>Conjunto de dos micrfonos. Disfrute de hacer llamadas en conferencia sin ruidos ni distracciones. La matriz de dos micrfonos se centra en su voz, no en el ruido del ambiente. Audio dplex completo. La colaboracin se torna complicada cuando una sola voz domina la conversacin. El audio dplex completo facilita las conversaciones simult\u00e1neas. Controles t\u00e1ctiles. Es f\u00e1cil detectar y controlar el estado de sus llamadas directamente en el dispositivo. Mantenga el control con controles t\u00e1ctiles f\u00e1ciles de usar y un indicador led claro. Resistente al polvo y al agua. Los accidentes ocurren, especialmente cuando est\u00e1 fuera de casa. Por eso la durabilidad es prioritaria. Proteja su inversin de peligros reales con un dispositivo ip64 que es resistente al polvo y al agua. Alimentado mediante conexin usb. No permita que sus llamadas se interrumpan por culpa de una batera agotada. Poly sync 10 se alimenta mediante una conexin usb para mantener la conversacin. Plataformas de comunicacin. Estos altavoces, que son el sueo de un gerente de ti, se disearon para tener comunicacin con otras personas. Adem\u00e1s, se optimizaron y est\u00e1n certificados para trabajar con los principales proveedores de reuniones virtuales.<\/p>\n","protected":false},"featured_media":260833,"comment_status":"open","ping_status":"open","template":"","meta":[],"product_cat":[1817,1823],"product_tag":[2035],"acf":[],"yoast_head":"<!-- This site is optimized with the Yoast SEO plugin v21.7 - https:\/\/yoast.com\/wordpress\/plugins\/seo\/ -->\n<title>[ Poly ] &#129351; 772c3aa Altavoz Manos Libres Hp Sync 10\/altavoz Manos Libres Usb-a Usb-c<\/title>\n<meta name=\"description\" content=\"Compra 772c3aa Altavoz Manos Libres Hp Sync 10\/altavoz Manos Libres Usb-a Usb-c + Env\u00edo a domicilio + Pago seguro + Garant\u00eda\" \/>\n<meta name=\"robots\" content=\"index, follow, max-snippet:-1, max-image-preview:large, max-video-preview:-1\" \/>\n<link rel=\"canonical\" href=\"https:\/\/compuviper.mx\/tienda\/producto\/poly-772c3aa-altavoz-manos-libres-hp-sync-10-altavoz-manos-libres-usb-a-usb-c\/\" \/>\n<meta property=\"og:locale\" content=\"es_MX\" \/>\n<meta property=\"og:type\" content=\"article\" \/>\n<meta property=\"og:title\" content=\"[ Poly ] &#129351; 772c3aa Altavoz Manos Libres Hp Sync 10\/altavoz Manos Libres Usb-a Usb-c\" \/>\n<meta property=\"og:description\" content=\"Compra 772c3aa Altavoz Manos Libres Hp Sync 10\/altavoz Manos Libres Usb-a Usb-c + Env\u00edo a domicilio + Pago seguro + Garant\u00eda\" \/>\n<meta property=\"og:url\" content=\"https:\/\/compuviper.mx\/tienda\/producto\/poly-772c3aa-altavoz-manos-libres-hp-sync-10-altavoz-manos-libres-usb-a-usb-c\/\" \/>\n<meta property=\"og:site_name\" content=\"Compuviper\" \/>\n<meta property=\"article:publisher\" content=\"https:\/\/www.facebook.com\/compuviper\" \/>\n<meta property=\"og:image\" content=\"https:\/\/compuviper.mx\/tienda\/wp-content\/uploads\/2025\/10\/Altavoz-manos-libres-hp-poly-772c3aa-sync-10altavoz-manos-libres-usb-a-usb-c.jpg\" \/>\n\t<meta property=\"og:image:width\" content=\"200\" \/>\n\t<meta property=\"og:image:height\" content=\"200\" \/>\n\t<meta property=\"og:image:type\" content=\"image\/jpeg\" \/>\n<meta name=\"twitter:card\" content=\"summary_large_image\" \/>\n<meta name=\"twitter:label1\" content=\"Precio\" \/>\n\t<meta name=\"twitter:data1\" content=\"&#36;2,267 con IVA\" \/>\n\t<meta name=\"twitter:label2\" content=\"Availability\" \/>\n\t<meta name=\"twitter:data2\" content=\"On backorder\" \/>\n<script type=\"application\/ld+json\" class=\"yoast-schema-graph\">{\"@context\":\"https:\/\/schema.org\",\"@graph\":[{\"@type\":\"WebPage\",\"@id\":\"https:\/\/compuviper.mx\/tienda\/producto\/poly-772c3aa-altavoz-manos-libres-hp-sync-10-altavoz-manos-libres-usb-a-usb-c\/\",\"url\":\"https:\/\/compuviper.mx\/tienda\/producto\/poly-772c3aa-altavoz-manos-libres-hp-sync-10-altavoz-manos-libres-usb-a-usb-c\/\",\"name\":\"[ Poly ] &#129351; 772c3aa Altavoz Manos Libres Hp Sync 10\/altavoz Manos Libres Usb-a Usb-c\",\"isPartOf\":{\"@id\":\"https:\/\/compuviper.mx\/tienda\/#website\"},\"datePublished\":\"2026-04-07T07:57:53+00:00\",\"dateModified\":\"2026-04-07T07:57:53+00:00\",\"description\":\"Compra 772c3aa Altavoz Manos Libres Hp Sync 10\/altavoz Manos Libres Usb-a Usb-c + Env\u00edo a domicilio + Pago seguro + Garant\u00eda\",\"breadcrumb\":{\"@id\":\"https:\/\/compuviper.mx\/tienda\/producto\/poly-772c3aa-altavoz-manos-libres-hp-sync-10-altavoz-manos-libres-usb-a-usb-c\/#breadcrumb\"},\"inLanguage\":\"es-MX\",\"potentialAction\":[{\"@type\":\"ReadAction\",\"target\":[\"https:\/\/compuviper.mx\/tienda\/producto\/poly-772c3aa-altavoz-manos-libres-hp-sync-10-altavoz-manos-libres-usb-a-usb-c\/\"]}]},{\"@type\":\"BreadcrumbList\",\"@id\":\"https:\/\/compuviper.mx\/tienda\/producto\/poly-772c3aa-altavoz-manos-libres-hp-sync-10-altavoz-manos-libres-usb-a-usb-c\/#breadcrumb\",\"itemListElement\":[{\"@type\":\"ListItem\",\"position\":1,\"name\":\"Inicio\",\"item\":\"https:\/\/compuviper.mx\/tienda\/\"},{\"@type\":\"ListItem\",\"position\":2,\"name\":\"Productos\",\"item\":\"https:\/\/compuviper.mx\/tienda\/productos\/\"},{\"@type\":\"ListItem\",\"position\":3,\"name\":\"Bocinas\",\"item\":\"https:\/\/compuviper.mx\/tienda\/categoria-producto\/bocinas\/\"},{\"@type\":\"ListItem\",\"position\":4,\"name\":\"Bocinas Bluetooth\",\"item\":\"https:\/\/compuviper.mx\/tienda\/categoria-producto\/bocinas\/bocinas-bluetooth\/\"},{\"@type\":\"ListItem\",\"position\":5,\"name\":\"Poly 772c3aa Altavoz Manos Libres Hp Sync 10\/altavoz Manos Libres Usb-a Usb-c\"}]},{\"@type\":\"WebSite\",\"@id\":\"https:\/\/compuviper.mx\/tienda\/#website\",\"url\":\"https:\/\/compuviper.mx\/tienda\/\",\"name\":\"Compuviper\",\"description\":\"Proveedor de Computadoras, Laptops, Servidores, Monitores, Puntos de Venta, Teclados,   Impresoras, T\u00f3ner, C\u00e1maras de Seguridad y m\u00e1s en tu tienda en l\u00ednea\",\"publisher\":{\"@id\":\"https:\/\/compuviper.mx\/tienda\/#organization\"},\"potentialAction\":[{\"@type\":\"SearchAction\",\"target\":{\"@type\":\"EntryPoint\",\"urlTemplate\":\"https:\/\/compuviper.mx\/tienda\/?s={search_term_string}\"},\"query-input\":\"required name=search_term_string\"}],\"inLanguage\":\"es-MX\"},{\"@type\":\"Organization\",\"@id\":\"https:\/\/compuviper.mx\/tienda\/#organization\",\"name\":\"Compuviper\",\"url\":\"https:\/\/compuviper.mx\/tienda\/\",\"logo\":{\"@type\":\"ImageObject\",\"inLanguage\":\"es-MX\",\"@id\":\"https:\/\/compuviper.mx\/tienda\/#\/schema\/logo\/image\/\",\"url\":\"https:\/\/compuviper.mx\/tienda\/wp-content\/uploads\/2021\/08\/Logo-Compuviper-10.png\",\"contentUrl\":\"https:\/\/compuviper.mx\/tienda\/wp-content\/uploads\/2021\/08\/Logo-Compuviper-10.png\",\"width\":1000,\"height\":500,\"caption\":\"Compuviper\"},\"image\":{\"@id\":\"https:\/\/compuviper.mx\/tienda\/#\/schema\/logo\/image\/\"},\"sameAs\":[\"https:\/\/www.facebook.com\/compuviper\",\"https:\/\/www.youtube.com\/channel\/UCf73dERp9Y3cfOq7q8BhLjA?view_as=subscriber\"]}]}<\/script>\n<meta property=\"product:brand\" content=\"POLY\" \/>\n<meta property=\"product:price:amount\" content=\"2267\" \/>\n<meta property=\"product:price:currency\" content=\"MXN\" \/>\n<meta property=\"og:availability\" content=\"backorder\" \/>\n<meta property=\"product:availability\" content=\"available for order\" \/>\n<meta property=\"product:retailer_item_id\" content=\"772C3AA\" \/>\n<meta property=\"product:condition\" content=\"new\" \/>\n<!-- \/ Yoast SEO plugin. -->","yoast_head_json":{"title":"[ Poly ] &#129351; 772c3aa Altavoz Manos Libres Hp Sync 10\/altavoz Manos Libres Usb-a Usb-c","description":"Compra 772c3aa Altavoz Manos Libres Hp Sync 10\/altavoz Manos Libres Usb-a Usb-c + Env\u00edo a domicilio + Pago seguro + Garant\u00eda","robots":{"index":"index","follow":"follow","max-snippet":"max-snippet:-1","max-image-preview":"max-image-preview:large","max-video-preview":"max-video-preview:-1"},"canonical":"https:\/\/compuviper.mx\/tienda\/producto\/poly-772c3aa-altavoz-manos-libres-hp-sync-10-altavoz-manos-libres-usb-a-usb-c\/","og_locale":"es_MX","og_type":"article","og_title":"[ Poly ] &#129351; 772c3aa Altavoz Manos Libres Hp Sync 10\/altavoz Manos Libres Usb-a Usb-c","og_description":"Compra 772c3aa Altavoz Manos Libres Hp Sync 10\/altavoz Manos Libres Usb-a Usb-c + Env\u00edo a domicilio + Pago seguro + Garant\u00eda","og_url":"https:\/\/compuviper.mx\/tienda\/producto\/poly-772c3aa-altavoz-manos-libres-hp-sync-10-altavoz-manos-libres-usb-a-usb-c\/","og_site_name":"Compuviper","article_publisher":"https:\/\/www.facebook.com\/compuviper","og_image":[{"width":200,"height":200,"url":"https:\/\/compuviper.mx\/tienda\/wp-content\/uploads\/2025\/10\/Altavoz-manos-libres-hp-poly-772c3aa-sync-10altavoz-manos-libres-usb-a-usb-c.jpg","type":"image\/jpeg"}],"twitter_card":"summary_large_image","twitter_misc":{"Precio":"&#36;2,267 con IVA","Availability":"On backorder"},"schema":{"@context":"https:\/\/schema.org","@graph":[{"@type":"WebPage","@id":"https:\/\/compuviper.mx\/tienda\/producto\/poly-772c3aa-altavoz-manos-libres-hp-sync-10-altavoz-manos-libres-usb-a-usb-c\/","url":"https:\/\/compuviper.mx\/tienda\/producto\/poly-772c3aa-altavoz-manos-libres-hp-sync-10-altavoz-manos-libres-usb-a-usb-c\/","name":"[ Poly ] &#129351; 772c3aa Altavoz Manos Libres Hp Sync 10\/altavoz Manos Libres Usb-a Usb-c","isPartOf":{"@id":"https:\/\/compuviper.mx\/tienda\/#website"},"datePublished":"2026-04-07T07:57:53+00:00","dateModified":"2026-04-07T07:57:53+00:00","description":"Compra 772c3aa Altavoz Manos Libres Hp Sync 10\/altavoz Manos Libres Usb-a Usb-c + Env\u00edo a domicilio + Pago seguro + Garant\u00eda","breadcrumb":{"@id":"https:\/\/compuviper.mx\/tienda\/producto\/poly-772c3aa-altavoz-manos-libres-hp-sync-10-altavoz-manos-libres-usb-a-usb-c\/#breadcrumb"},"inLanguage":"es-MX","potentialAction":[{"@type":"ReadAction","target":["https:\/\/compuviper.mx\/tienda\/producto\/poly-772c3aa-altavoz-manos-libres-hp-sync-10-altavoz-manos-libres-usb-a-usb-c\/"]}]},{"@type":"BreadcrumbList","@id":"https:\/\/compuviper.mx\/tienda\/producto\/poly-772c3aa-altavoz-manos-libres-hp-sync-10-altavoz-manos-libres-usb-a-usb-c\/#breadcrumb","itemListElement":[{"@type":"ListItem","position":1,"name":"Inicio","item":"https:\/\/compuviper.mx\/tienda\/"},{"@type":"ListItem","position":2,"name":"Productos","item":"https:\/\/compuviper.mx\/tienda\/productos\/"},{"@type":"ListItem","position":3,"name":"Bocinas","item":"https:\/\/compuviper.mx\/tienda\/categoria-producto\/bocinas\/"},{"@type":"ListItem","position":4,"name":"Bocinas Bluetooth","item":"https:\/\/compuviper.mx\/tienda\/categoria-producto\/bocinas\/bocinas-bluetooth\/"},{"@type":"ListItem","position":5,"name":"Poly 772c3aa Altavoz Manos Libres Hp Sync 10\/altavoz Manos Libres Usb-a Usb-c"}]},{"@type":"WebSite","@id":"https:\/\/compuviper.mx\/tienda\/#website","url":"https:\/\/compuviper.mx\/tienda\/","name":"Compuviper","description":"Proveedor de Computadoras, Laptops, Servidores, Monitores, Puntos de Venta, Teclados,   Impresoras, T\u00f3ner, C\u00e1maras de Seguridad y m\u00e1s en tu tienda en l\u00ednea","publisher":{"@id":"https:\/\/compuviper.mx\/tienda\/#organization"},"potentialAction":[{"@type":"SearchAction","target":{"@type":"EntryPoint","urlTemplate":"https:\/\/compuviper.mx\/tienda\/?s={search_term_string}"},"query-input":"required name=search_term_string"}],"inLanguage":"es-MX"},{"@type":"Organization","@id":"https:\/\/compuviper.mx\/tienda\/#organization","name":"Compuviper","url":"https:\/\/compuviper.mx\/tienda\/","logo":{"@type":"ImageObject","inLanguage":"es-MX","@id":"https:\/\/compuviper.mx\/tienda\/#\/schema\/logo\/image\/","url":"https:\/\/compuviper.mx\/tienda\/wp-content\/uploads\/2021\/08\/Logo-Compuviper-10.png","contentUrl":"https:\/\/compuviper.mx\/tienda\/wp-content\/uploads\/2021\/08\/Logo-Compuviper-10.png","width":1000,"height":500,"caption":"Compuviper"},"image":{"@id":"https:\/\/compuviper.mx\/tienda\/#\/schema\/logo\/image\/"},"sameAs":["https:\/\/www.facebook.com\/compuviper","https:\/\/www.youtube.com\/channel\/UCf73dERp9Y3cfOq7q8BhLjA?view_as=subscriber"]}]},"product_brand":"POLY","product_price_amount":"2267","product_price_currency":"MXN","og_availability":"backorder","product_availability":"available for order","product_retailer_item_id":"772C3AA","product_condition":"new"},"_links":{"self":[{"href":"https:\/\/compuviper.mx\/tienda\/wp-json\/wp\/v2\/product\/245716"}],"collection":[{"href":"https:\/\/compuviper.mx\/tienda\/wp-json\/wp\/v2\/product"}],"about":[{"href":"https:\/\/compuviper.mx\/tienda\/wp-json\/wp\/v2\/types\/product"}],"replies":[{"embeddable":true,"href":"https:\/\/compuviper.mx\/tienda\/wp-json\/wp\/v2\/comments?post=245716"}],"wp:featuredmedia":[{"embeddable":true,"href":"https:\/\/compuviper.mx\/tienda\/wp-json\/wp\/v2\/media\/260833"}],"wp:attachment":[{"href":"https:\/\/compuviper.mx\/tienda\/wp-json\/wp\/v2\/media?parent=245716"}],"wp:term":[{"taxonomy":"product_cat","embeddable":true,"href":"https:\/\/compuviper.mx\/tienda\/wp-json\/wp\/v2\/product_cat?post=245716"},{"taxonomy":"product_tag","embeddable":true,"href":"https:\/\/compuviper.mx\/tienda\/wp-json\/wp\/v2\/product_tag?post=245716"}],"curies":[{"name":"wp","href":"https:\/\/api.w.org\/{rel}","templated":true}]}}