{"id":245670,"date":"2026-04-16T00:18:19","date_gmt":"2026-04-16T06:18:19","guid":{"rendered":"https:\/\/compuviper.mx\/tienda\/producto\/imou-ipc-k2mn-5h1we-camara-ip-ranger-mini-5-mp-wifi-6-pt-h-265-microfono-y-bocina-integrada-ir-de-10-mts-3-6mm-ranura-micro-sd-512gb-onvif\/"},"modified":"2026-04-16T00:18:19","modified_gmt":"2026-04-16T06:18:19","slug":"imou-ipc-k2mn-5h1we-camara-interior-wifi-ranger-mini-5-mp-wifi-6-pt-h-265-microfono-y-bocina-integrada-ir-de-10-mts-3-6mm-ranura-micro-sd-512gb-onvif","status":"publish","type":"product","link":"https:\/\/compuviper.mx\/tienda\/producto\/imou-ipc-k2mn-5h1we-camara-interior-wifi-ranger-mini-5-mp-wifi-6-pt-h-265-microfono-y-bocina-integrada-ir-de-10-mts-3-6mm-ranura-micro-sd-512gb-onvif\/","title":{"rendered":"Imou Ipc-k2mn-5h1we Camara \/ Interior \/ Wifi \/   \/ Ranger Mini 5 Mp \/ Wifi 6 Pt \/ H.265 \/ Microfono Y Bocina Integrada \/ Ir De 10 Mts \/ 3.6mm \/ Ranura Micro Sd 512gb \/ Onvif"},"content":{"rendered":"<table class=\"descripcion\">\n<tr>\n<td>Cmara<\/td>\n<\/tr>\n<tr>\n<td>Cmos progresivo de 1\/3\u0094<\/td>\n<\/tr>\n<tr>\n<td>5 megapxeles 2688 x 1664<\/td>\n<\/tr>\n<tr>\n<td>Visin nocturna: 10 m 33 pies de distancia<\/td>\n<\/tr>\n<tr>\n<td>Lente fija de 3,6 mm.<\/td>\n<\/tr>\n<tr>\n<td>Campo de visin: 87\u00b0h, 48\u00b0v, 108\u00b0d<\/td>\n<\/tr>\n<tr>\n<td>Panormica de 355\u00b0 e inclinacin de -5~50\u00b0<\/td>\n<\/tr>\n<tr>\n<td>Vdeo y audio<\/td>\n<\/tr>\n<tr>\n<td>Gestin de avisos<\/td>\n<\/tr>\n<tr>\n<td>Compresin de vdeo: h.265\/h.264<\/td>\n<\/tr>\n<tr>\n<td>Velocidad de fotogramas de hasta 20 fps<\/td>\n<\/tr>\n<tr>\n<td>Zoom digital 8x<\/td>\n<\/tr>\n<tr>\n<td>Audio bidireccional<\/td>\n<\/tr>\n<tr>\n<td>Deteccin de movimiento<\/td>\n<\/tr>\n<tr>\n<td>Regin configurable<\/td>\n<\/tr>\n<tr>\n<td>&#8211; 1x cmara<\/td>\n<\/tr>\n<tr>\n<td>&#8211; 1x gua de inicio rpido<\/td>\n<\/tr>\n<tr>\n<td>&#8211; 1x adaptador de corriente<\/td>\n<\/tr>\n<tr>\n<td>&#8211; 1x cable de alimentacin<\/td>\n<\/tr>\n<tr>\n<td>&#8211; 1x paquete de tornillos<\/td>\n<\/tr>\n<tr>\n<td>&#8211; 1x placa de montaje<\/td>\n<\/tr>\n<tr>\n<td>&#8211; 1 mapa de posicin de instalacin<\/td>\n<\/tr>\n<tr>\n<td>Interfaz auxiliar<\/td>\n<\/tr>\n<tr>\n<td>Ranura para tarjeta micro sd hasta 512 gb<\/td>\n<\/tr>\n<tr>\n<td>Micrfono y altavoz incorporados<\/td>\n<\/tr>\n<tr>\n<td>Botn de reinicio<\/td>\n<\/tr>\n<tr>\n<td>General<\/td>\n<\/tr>\n<tr>\n<td>Fuente de alimentacin cc 5v1a<\/td>\n<\/tr>\n<tr>\n<td>Consumo de energa:  4,2 w<\/td>\n<\/tr>\n<tr>\n<td>Ambiente de trabajo: -10\u00b0c~45\u00b0c, menos del 95rh<\/td>\n<\/tr>\n<tr>\n<td>Rev 001.001http:\/\/www.imoulife.com<\/td>\n<\/tr>\n<tr>\n<td>Deteccin humana<\/td>\n<\/tr>\n<tr>\n<td>Alarma de sonido anormal<\/td>\n<\/tr>\n<tr>\n<td>Dimensiones largo  ancho  alto:<\/td>\n<\/tr>\n<tr>\n<td>95,0 mm  96,0 mm  109,2 mm 3,74  3,78  4,30 pulgadas<\/td>\n<\/tr>\n<tr>\n<td>Peso: 200 g 0,44 libras<\/td>\n<\/tr>\n<tr>\n<td>Ce<\/td>\n<\/tr>\n<tr>\n<td>Red<\/td>\n<\/tr>\n<tr>\n<td>Wi-fi: ieee802.11b\/g\/n\/ax, campo abierto de 50 m<\/td>\n<\/tr>\n<\/table>\n","protected":false},"excerpt":{"rendered":"<p>Con monitoreo en vivo de 5mp\/3k y funciones de giro de 0~355\u00b0 e inclinacin de -5~50\u00b0, el ranger mini 5mp garantiza cada rincn de tu. Vivienda totalmente cubierta. El diseo de soporte integrado permite una fcil instalacin, ya sea en el techo o en la pared. Montaje. La deteccin humana encuentra rpidamente objetivos humanos en imgenes y le enva inmediatamente una notificacin. El modo de privacidad ayuda a proteger su privacidad personal cuando est en casa y la funcin de seguimiento inteligente permite que la cmara. Sigue objetos en movimiento cuando detecta movimiento<\/p>\n","protected":false},"featured_media":259342,"comment_status":"open","ping_status":"open","template":"","meta":[],"product_cat":[1608,1681],"product_tag":[2118],"acf":[],"yoast_head":"<!-- This site is optimized with the Yoast SEO plugin v21.7 - https:\/\/yoast.com\/wordpress\/plugins\/seo\/ -->\n<title>[ Imou ] &#129351; Ipc-k2mn-5h1we Camara \/ Interior \/ Wifi \/ \/ Ranger Mini 5 Mp \/ Wifi 6 Pt \/ H.265 \/ Microfono Y Bocina Integrada \/ Ir De 10 Mts \/ 3.6mm \/ Ranura Micro Sd 512gb \/ Onvif<\/title>\n<meta name=\"description\" content=\"Compra Ipc-k2mn-5h1we Camara \/ Interior \/ Wifi \/ \/ Ranger Mini 5 Mp \/ Wifi 6 Pt \/ H.265 \/ Microfono Y Bocina Integrada \/ Ir De 10 Mts \/ 3.6mm \/ Ranura Micro Sd 512gb \/ Onvif + Env\u00edo a domicilio + Pago seguro + Garant\u00eda\" \/>\n<meta name=\"robots\" content=\"index, follow, max-snippet:-1, max-image-preview:large, max-video-preview:-1\" \/>\n<link rel=\"canonical\" href=\"https:\/\/compuviper.mx\/tienda\/producto\/imou-ipc-k2mn-5h1we-camara-interior-wifi-ranger-mini-5-mp-wifi-6-pt-h-265-microfono-y-bocina-integrada-ir-de-10-mts-3-6mm-ranura-micro-sd-512gb-onvif\/\" \/>\n<meta property=\"og:locale\" content=\"es_MX\" \/>\n<meta property=\"og:type\" content=\"article\" \/>\n<meta property=\"og:title\" content=\"[ Imou ] &#129351; Ipc-k2mn-5h1we Camara \/ Interior \/ Wifi \/ \/ Ranger Mini 5 Mp \/ Wifi 6 Pt \/ H.265 \/ Microfono Y Bocina Integrada \/ Ir De 10 Mts \/ 3.6mm \/ Ranura Micro Sd 512gb \/ Onvif\" \/>\n<meta property=\"og:description\" content=\"Compra Ipc-k2mn-5h1we Camara \/ Interior \/ Wifi \/ \/ Ranger Mini 5 Mp \/ Wifi 6 Pt \/ H.265 \/ Microfono Y Bocina Integrada \/ Ir De 10 Mts \/ 3.6mm \/ Ranura Micro Sd 512gb \/ Onvif + Env\u00edo a domicilio + Pago seguro + Garant\u00eda\" \/>\n<meta property=\"og:url\" content=\"https:\/\/compuviper.mx\/tienda\/producto\/imou-ipc-k2mn-5h1we-camara-interior-wifi-ranger-mini-5-mp-wifi-6-pt-h-265-microfono-y-bocina-integrada-ir-de-10-mts-3-6mm-ranura-micro-sd-512gb-onvif\/\" \/>\n<meta property=\"og:site_name\" content=\"Compuviper\" \/>\n<meta property=\"article:publisher\" content=\"https:\/\/www.facebook.com\/compuviper\" \/>\n<meta property=\"og:image\" content=\"https:\/\/compuviper.mx\/tienda\/wp-content\/uploads\/2025\/10\/Camara-ip-imou-ipc-k2mn-5h1we-ranger-mini-5-mp-wifi-6-pt-h.265-microfono-y-bocina-integrada-ir-de-10-mts-3.6mm-ranura-micro-sd-512gb-onvif.jpg\" \/>\n\t<meta property=\"og:image:width\" content=\"200\" \/>\n\t<meta property=\"og:image:height\" content=\"200\" \/>\n\t<meta property=\"og:image:type\" content=\"image\/jpeg\" \/>\n<meta name=\"twitter:card\" content=\"summary_large_image\" \/>\n<meta name=\"twitter:label1\" content=\"Precio\" \/>\n\t<meta name=\"twitter:data1\" content=\"&#36;402 con IVA\" \/>\n\t<meta name=\"twitter:label2\" content=\"Availability\" \/>\n\t<meta name=\"twitter:data2\" content=\"Out of stock\" \/>\n<script type=\"application\/ld+json\" class=\"yoast-schema-graph\">{\"@context\":\"https:\/\/schema.org\",\"@graph\":[{\"@type\":\"WebPage\",\"@id\":\"https:\/\/compuviper.mx\/tienda\/producto\/imou-ipc-k2mn-5h1we-camara-interior-wifi-ranger-mini-5-mp-wifi-6-pt-h-265-microfono-y-bocina-integrada-ir-de-10-mts-3-6mm-ranura-micro-sd-512gb-onvif\/\",\"url\":\"https:\/\/compuviper.mx\/tienda\/producto\/imou-ipc-k2mn-5h1we-camara-interior-wifi-ranger-mini-5-mp-wifi-6-pt-h-265-microfono-y-bocina-integrada-ir-de-10-mts-3-6mm-ranura-micro-sd-512gb-onvif\/\",\"name\":\"[ Imou ] &#129351; Ipc-k2mn-5h1we Camara \/ Interior \/ Wifi \/ \/ Ranger Mini 5 Mp \/ Wifi 6 Pt \/ H.265 \/ Microfono Y Bocina Integrada \/ Ir De 10 Mts \/ 3.6mm \/ Ranura Micro Sd 512gb \/ Onvif\",\"isPartOf\":{\"@id\":\"https:\/\/compuviper.mx\/tienda\/#website\"},\"datePublished\":\"2026-04-16T06:18:19+00:00\",\"dateModified\":\"2026-04-16T06:18:19+00:00\",\"description\":\"Compra Ipc-k2mn-5h1we Camara \/ Interior \/ Wifi \/ \/ Ranger Mini 5 Mp \/ Wifi 6 Pt \/ H.265 \/ Microfono Y Bocina Integrada \/ Ir De 10 Mts \/ 3.6mm \/ Ranura Micro Sd 512gb \/ Onvif + Env\u00edo a domicilio + Pago seguro + Garant\u00eda\",\"breadcrumb\":{\"@id\":\"https:\/\/compuviper.mx\/tienda\/producto\/imou-ipc-k2mn-5h1we-camara-interior-wifi-ranger-mini-5-mp-wifi-6-pt-h-265-microfono-y-bocina-integrada-ir-de-10-mts-3-6mm-ranura-micro-sd-512gb-onvif\/#breadcrumb\"},\"inLanguage\":\"es-MX\",\"potentialAction\":[{\"@type\":\"ReadAction\",\"target\":[\"https:\/\/compuviper.mx\/tienda\/producto\/imou-ipc-k2mn-5h1we-camara-interior-wifi-ranger-mini-5-mp-wifi-6-pt-h-265-microfono-y-bocina-integrada-ir-de-10-mts-3-6mm-ranura-micro-sd-512gb-onvif\/\"]}]},{\"@type\":\"BreadcrumbList\",\"@id\":\"https:\/\/compuviper.mx\/tienda\/producto\/imou-ipc-k2mn-5h1we-camara-interior-wifi-ranger-mini-5-mp-wifi-6-pt-h-265-microfono-y-bocina-integrada-ir-de-10-mts-3-6mm-ranura-micro-sd-512gb-onvif\/#breadcrumb\",\"itemListElement\":[{\"@type\":\"ListItem\",\"position\":1,\"name\":\"Inicio\",\"item\":\"https:\/\/compuviper.mx\/tienda\/\"},{\"@type\":\"ListItem\",\"position\":2,\"name\":\"Productos\",\"item\":\"https:\/\/compuviper.mx\/tienda\/productos\/\"},{\"@type\":\"ListItem\",\"position\":3,\"name\":\"Camaras\",\"item\":\"https:\/\/compuviper.mx\/tienda\/categoria-producto\/camaras-2\/\"},{\"@type\":\"ListItem\",\"position\":4,\"name\":\"Camara De Videovigilancia\",\"item\":\"https:\/\/compuviper.mx\/tienda\/categoria-producto\/camaras-2\/camara-de-videovigilancia\/\"},{\"@type\":\"ListItem\",\"position\":5,\"name\":\"Imou Ipc-k2mn-5h1we Camara \/ Interior \/ Wifi \/ \/ Ranger Mini 5 Mp \/ Wifi 6 Pt \/ H.265 \/ Microfono Y Bocina Integrada \/ Ir De 10 Mts \/ 3.6mm \/ Ranura Micro Sd 512gb \/ Onvif\"}]},{\"@type\":\"WebSite\",\"@id\":\"https:\/\/compuviper.mx\/tienda\/#website\",\"url\":\"https:\/\/compuviper.mx\/tienda\/\",\"name\":\"Compuviper\",\"description\":\"Proveedor de Computadoras, Laptops, Servidores, Monitores, Puntos de Venta, Teclados,   Impresoras, T\u00f3ner, C\u00e1maras de Seguridad y m\u00e1s en tu tienda en l\u00ednea\",\"publisher\":{\"@id\":\"https:\/\/compuviper.mx\/tienda\/#organization\"},\"potentialAction\":[{\"@type\":\"SearchAction\",\"target\":{\"@type\":\"EntryPoint\",\"urlTemplate\":\"https:\/\/compuviper.mx\/tienda\/?s={search_term_string}\"},\"query-input\":\"required name=search_term_string\"}],\"inLanguage\":\"es-MX\"},{\"@type\":\"Organization\",\"@id\":\"https:\/\/compuviper.mx\/tienda\/#organization\",\"name\":\"Compuviper\",\"url\":\"https:\/\/compuviper.mx\/tienda\/\",\"logo\":{\"@type\":\"ImageObject\",\"inLanguage\":\"es-MX\",\"@id\":\"https:\/\/compuviper.mx\/tienda\/#\/schema\/logo\/image\/\",\"url\":\"https:\/\/compuviper.mx\/tienda\/wp-content\/uploads\/2021\/08\/Logo-Compuviper-10.png\",\"contentUrl\":\"https:\/\/compuviper.mx\/tienda\/wp-content\/uploads\/2021\/08\/Logo-Compuviper-10.png\",\"width\":1000,\"height\":500,\"caption\":\"Compuviper\"},\"image\":{\"@id\":\"https:\/\/compuviper.mx\/tienda\/#\/schema\/logo\/image\/\"},\"sameAs\":[\"https:\/\/www.facebook.com\/compuviper\",\"https:\/\/www.youtube.com\/channel\/UCf73dERp9Y3cfOq7q8BhLjA?view_as=subscriber\"]}]}<\/script>\n<meta property=\"product:brand\" content=\"Imou\" \/>\n<meta property=\"product:price:amount\" content=\"402\" \/>\n<meta property=\"product:price:currency\" content=\"MXN\" \/>\n<meta property=\"og:availability\" content=\"out of stock\" \/>\n<meta property=\"product:availability\" content=\"out of stock\" \/>\n<meta property=\"product:retailer_item_id\" content=\"IPC-K2MN-5H1WE\" \/>\n<meta property=\"product:condition\" content=\"new\" \/>\n<!-- \/ Yoast SEO plugin. -->","yoast_head_json":{"title":"[ Imou ] &#129351; Ipc-k2mn-5h1we Camara \/ Interior \/ Wifi \/ \/ Ranger Mini 5 Mp \/ Wifi 6 Pt \/ H.265 \/ Microfono Y Bocina Integrada \/ Ir De 10 Mts \/ 3.6mm \/ Ranura Micro Sd 512gb \/ Onvif","description":"Compra Ipc-k2mn-5h1we Camara \/ Interior \/ Wifi \/ \/ Ranger Mini 5 Mp \/ Wifi 6 Pt \/ H.265 \/ Microfono Y Bocina Integrada \/ Ir De 10 Mts \/ 3.6mm \/ Ranura Micro Sd 512gb \/ Onvif + Env\u00edo a domicilio + Pago seguro + Garant\u00eda","robots":{"index":"index","follow":"follow","max-snippet":"max-snippet:-1","max-image-preview":"max-image-preview:large","max-video-preview":"max-video-preview:-1"},"canonical":"https:\/\/compuviper.mx\/tienda\/producto\/imou-ipc-k2mn-5h1we-camara-interior-wifi-ranger-mini-5-mp-wifi-6-pt-h-265-microfono-y-bocina-integrada-ir-de-10-mts-3-6mm-ranura-micro-sd-512gb-onvif\/","og_locale":"es_MX","og_type":"article","og_title":"[ Imou ] &#129351; Ipc-k2mn-5h1we Camara \/ Interior \/ Wifi \/ \/ Ranger Mini 5 Mp \/ Wifi 6 Pt \/ H.265 \/ Microfono Y Bocina Integrada \/ Ir De 10 Mts \/ 3.6mm \/ Ranura Micro Sd 512gb \/ Onvif","og_description":"Compra Ipc-k2mn-5h1we Camara \/ Interior \/ Wifi \/ \/ Ranger Mini 5 Mp \/ Wifi 6 Pt \/ H.265 \/ Microfono Y Bocina Integrada \/ Ir De 10 Mts \/ 3.6mm \/ Ranura Micro Sd 512gb \/ Onvif + Env\u00edo a domicilio + Pago seguro + Garant\u00eda","og_url":"https:\/\/compuviper.mx\/tienda\/producto\/imou-ipc-k2mn-5h1we-camara-interior-wifi-ranger-mini-5-mp-wifi-6-pt-h-265-microfono-y-bocina-integrada-ir-de-10-mts-3-6mm-ranura-micro-sd-512gb-onvif\/","og_site_name":"Compuviper","article_publisher":"https:\/\/www.facebook.com\/compuviper","og_image":[{"width":200,"height":200,"url":"https:\/\/compuviper.mx\/tienda\/wp-content\/uploads\/2025\/10\/Camara-ip-imou-ipc-k2mn-5h1we-ranger-mini-5-mp-wifi-6-pt-h.265-microfono-y-bocina-integrada-ir-de-10-mts-3.6mm-ranura-micro-sd-512gb-onvif.jpg","type":"image\/jpeg"}],"twitter_card":"summary_large_image","twitter_misc":{"Precio":"&#36;402 con IVA","Availability":"Out of stock"},"schema":{"@context":"https:\/\/schema.org","@graph":[{"@type":"WebPage","@id":"https:\/\/compuviper.mx\/tienda\/producto\/imou-ipc-k2mn-5h1we-camara-interior-wifi-ranger-mini-5-mp-wifi-6-pt-h-265-microfono-y-bocina-integrada-ir-de-10-mts-3-6mm-ranura-micro-sd-512gb-onvif\/","url":"https:\/\/compuviper.mx\/tienda\/producto\/imou-ipc-k2mn-5h1we-camara-interior-wifi-ranger-mini-5-mp-wifi-6-pt-h-265-microfono-y-bocina-integrada-ir-de-10-mts-3-6mm-ranura-micro-sd-512gb-onvif\/","name":"[ Imou ] &#129351; Ipc-k2mn-5h1we Camara \/ Interior \/ Wifi \/ \/ Ranger Mini 5 Mp \/ Wifi 6 Pt \/ H.265 \/ Microfono Y Bocina Integrada \/ Ir De 10 Mts \/ 3.6mm \/ Ranura Micro Sd 512gb \/ Onvif","isPartOf":{"@id":"https:\/\/compuviper.mx\/tienda\/#website"},"datePublished":"2026-04-16T06:18:19+00:00","dateModified":"2026-04-16T06:18:19+00:00","description":"Compra Ipc-k2mn-5h1we Camara \/ Interior \/ Wifi \/ \/ Ranger Mini 5 Mp \/ Wifi 6 Pt \/ H.265 \/ Microfono Y Bocina Integrada \/ Ir De 10 Mts \/ 3.6mm \/ Ranura Micro Sd 512gb \/ Onvif + Env\u00edo a domicilio + Pago seguro + Garant\u00eda","breadcrumb":{"@id":"https:\/\/compuviper.mx\/tienda\/producto\/imou-ipc-k2mn-5h1we-camara-interior-wifi-ranger-mini-5-mp-wifi-6-pt-h-265-microfono-y-bocina-integrada-ir-de-10-mts-3-6mm-ranura-micro-sd-512gb-onvif\/#breadcrumb"},"inLanguage":"es-MX","potentialAction":[{"@type":"ReadAction","target":["https:\/\/compuviper.mx\/tienda\/producto\/imou-ipc-k2mn-5h1we-camara-interior-wifi-ranger-mini-5-mp-wifi-6-pt-h-265-microfono-y-bocina-integrada-ir-de-10-mts-3-6mm-ranura-micro-sd-512gb-onvif\/"]}]},{"@type":"BreadcrumbList","@id":"https:\/\/compuviper.mx\/tienda\/producto\/imou-ipc-k2mn-5h1we-camara-interior-wifi-ranger-mini-5-mp-wifi-6-pt-h-265-microfono-y-bocina-integrada-ir-de-10-mts-3-6mm-ranura-micro-sd-512gb-onvif\/#breadcrumb","itemListElement":[{"@type":"ListItem","position":1,"name":"Inicio","item":"https:\/\/compuviper.mx\/tienda\/"},{"@type":"ListItem","position":2,"name":"Productos","item":"https:\/\/compuviper.mx\/tienda\/productos\/"},{"@type":"ListItem","position":3,"name":"Camaras","item":"https:\/\/compuviper.mx\/tienda\/categoria-producto\/camaras-2\/"},{"@type":"ListItem","position":4,"name":"Camara De Videovigilancia","item":"https:\/\/compuviper.mx\/tienda\/categoria-producto\/camaras-2\/camara-de-videovigilancia\/"},{"@type":"ListItem","position":5,"name":"Imou Ipc-k2mn-5h1we Camara \/ Interior \/ Wifi \/ \/ Ranger Mini 5 Mp \/ Wifi 6 Pt \/ H.265 \/ Microfono Y Bocina Integrada \/ Ir De 10 Mts \/ 3.6mm \/ Ranura Micro Sd 512gb \/ Onvif"}]},{"@type":"WebSite","@id":"https:\/\/compuviper.mx\/tienda\/#website","url":"https:\/\/compuviper.mx\/tienda\/","name":"Compuviper","description":"Proveedor de Computadoras, Laptops, Servidores, Monitores, Puntos de Venta, Teclados,   Impresoras, T\u00f3ner, C\u00e1maras de Seguridad y m\u00e1s en tu tienda en l\u00ednea","publisher":{"@id":"https:\/\/compuviper.mx\/tienda\/#organization"},"potentialAction":[{"@type":"SearchAction","target":{"@type":"EntryPoint","urlTemplate":"https:\/\/compuviper.mx\/tienda\/?s={search_term_string}"},"query-input":"required name=search_term_string"}],"inLanguage":"es-MX"},{"@type":"Organization","@id":"https:\/\/compuviper.mx\/tienda\/#organization","name":"Compuviper","url":"https:\/\/compuviper.mx\/tienda\/","logo":{"@type":"ImageObject","inLanguage":"es-MX","@id":"https:\/\/compuviper.mx\/tienda\/#\/schema\/logo\/image\/","url":"https:\/\/compuviper.mx\/tienda\/wp-content\/uploads\/2021\/08\/Logo-Compuviper-10.png","contentUrl":"https:\/\/compuviper.mx\/tienda\/wp-content\/uploads\/2021\/08\/Logo-Compuviper-10.png","width":1000,"height":500,"caption":"Compuviper"},"image":{"@id":"https:\/\/compuviper.mx\/tienda\/#\/schema\/logo\/image\/"},"sameAs":["https:\/\/www.facebook.com\/compuviper","https:\/\/www.youtube.com\/channel\/UCf73dERp9Y3cfOq7q8BhLjA?view_as=subscriber"]}]},"product_brand":"Imou","product_price_amount":"402","product_price_currency":"MXN","og_availability":"out of stock","product_availability":"out of stock","product_retailer_item_id":"IPC-K2MN-5H1WE","product_condition":"new"},"_links":{"self":[{"href":"https:\/\/compuviper.mx\/tienda\/wp-json\/wp\/v2\/product\/245670"}],"collection":[{"href":"https:\/\/compuviper.mx\/tienda\/wp-json\/wp\/v2\/product"}],"about":[{"href":"https:\/\/compuviper.mx\/tienda\/wp-json\/wp\/v2\/types\/product"}],"replies":[{"embeddable":true,"href":"https:\/\/compuviper.mx\/tienda\/wp-json\/wp\/v2\/comments?post=245670"}],"wp:featuredmedia":[{"embeddable":true,"href":"https:\/\/compuviper.mx\/tienda\/wp-json\/wp\/v2\/media\/259342"}],"wp:attachment":[{"href":"https:\/\/compuviper.mx\/tienda\/wp-json\/wp\/v2\/media?parent=245670"}],"wp:term":[{"taxonomy":"product_cat","embeddable":true,"href":"https:\/\/compuviper.mx\/tienda\/wp-json\/wp\/v2\/product_cat?post=245670"},{"taxonomy":"product_tag","embeddable":true,"href":"https:\/\/compuviper.mx\/tienda\/wp-json\/wp\/v2\/product_tag?post=245670"}],"curies":[{"name":"wp","href":"https:\/\/api.w.org\/{rel}","templated":true}]}}