{"id":245657,"date":"2026-04-10T23:14:10","date_gmt":"2026-04-11T05:14:10","guid":{"rendered":"https:\/\/compuviper.mx\/tienda\/producto\/dahua-dh-pfa139-caja-de-conexiones-pfa139-para-camaras-domo-modelos-hdbw2241f-a-ipc-hdbw3241f-fd-ipc-hdbw3241f-as-m-ipc-hdbw3241f-fd-m-hdw1400em-a-hdw1230em-a-hdw2241t-a-hdw2249t-a\/"},"modified":"2026-04-10T23:14:10","modified_gmt":"2026-04-11T05:14:10","slug":"dahua-dh-pfa139-caja-de-conexiones-pfa139-para-camaras-domo-modelos-hdbw2241f-a-ipc-hdbw3241f-fd-ipc-hdbw3241f-as-m-ipc-hdbw3241f-fd-m-hdw1400em-a-hdw1230em-a-hdw2241t-a-hdw2249t-a","status":"publish","type":"product","link":"https:\/\/compuviper.mx\/tienda\/producto\/dahua-dh-pfa139-caja-de-conexiones-pfa139-para-camaras-domo-modelos-hdbw2241f-a-ipc-hdbw3241f-fd-ipc-hdbw3241f-as-m-ipc-hdbw3241f-fd-m-hdw1400em-a-hdw1230em-a-hdw2241t-a-hdw2249t-a\/","title":{"rendered":"Dahua Dh-pfa139 Caja De Conexiones\/ \/ Pfa139- Para Camaras Domo\/ Modelos Hdbw2241f-a \/ Ipc-hdbw3241f-fd \/ Ipc-hdbw3241f-as-m \/ Ipc-hdbw3241f-fd-m \/ Hdw1400em-a \/ Hdw1230em-a \/ Hdw2241t-a \/ Hdw2249t-a-ni"},"content":{"rendered":"<table class=\"descripcion\">\n<tr>\n<td>Principales caracteristicas<\/td>\n<\/tr>\n<tr>\n<td>\u0095 material aluminio.<\/td>\n<\/tr>\n<tr>\n<td>\u0095 dimensiones  and #934;108.0mmx28.5mm.<\/td>\n<\/tr>\n<tr>\n<td>\u0095 tipo de rosca m20(g1\/2).<\/td>\n<\/tr>\n<tr>\n<td>\u0095 temperatura de operacion -40\u00bac ~ + 60\u00bac.<\/td>\n<\/tr>\n<tr>\n<td>\u0095 humedad 0~90% rh.<\/td>\n<\/tr>\n<tr>\n<td>\u0095 capacidad de carga 1.0kg.<\/td>\n<\/tr>\n<tr>\n<td>\u0095 peso 0.16kg.<\/td>\n<\/tr>\n<\/table>\n","protected":false},"excerpt":{"rendered":"<p>Informacion general. El modelo pfa139 es una caja de conexiones con dise\u00f1o estetico e impermeable para camaras domo construida de aluminio el cual le permite soportar hasta 1kg de peso. Puede utilizarse para el montaje de camaras antivandalicas. Esta dise\u00f1ada para ocultar las conexiones de video y corriente para tener una instalacion mas estetica. Compatibilidad. La caja de conexiones pfa139 es adaptable y compatible con las series de camaras domo hdaw1100ema\/ hdaw1200ema y\/o hdaw2221ema. Modelos: hdbw2241f-a \/ ipc-hdbw3241f-fd \/ ipc-hdbw3241f-as-m \/ ipc-hdbw3241f-fd-m \/ hdw1400em-a \/ hdw1230em-a \/ hdw2241t-a \/ hdw2249t-a-ni \/ hdw1239t-a-led \/ hdw1509t-a-led \/ ipc-hdw5241m-as<\/p>\n","protected":false},"featured_media":258679,"comment_status":"open","ping_status":"open","template":"","meta":[],"product_cat":[1485,1525],"product_tag":[1555],"acf":[],"yoast_head":"<!-- This site is optimized with the Yoast SEO plugin v21.7 - https:\/\/yoast.com\/wordpress\/plugins\/seo\/ -->\n<title>[ Dahua ] &#129351; Dh-pfa139 Caja De Conexiones\/ \/ Pfa139- Para Camaras Domo\/ Modelos Hdbw2241f-a \/ Ipc-hdbw3241f-fd \/ Ipc-hdbw3241f-as-m \/ Ipc-hdbw3241f-fd-m \/ Hdw1400em-a \/ Hdw1230em-a \/ Hdw2241t-a \/ Hdw2249t-a-ni<\/title>\n<meta name=\"description\" content=\"Compra Dh-pfa139 Caja De Conexiones\/ \/ Pfa139- Para Camaras Domo\/ Modelos Hdbw2241f-a \/ Ipc-hdbw3241f-fd \/ Ipc-hdbw3241f-as-m \/ Ipc-hdbw3241f-fd-m \/ Hdw1400em-a \/ Hdw1230em-a \/ Hdw2241t-a \/ Hdw2249t-a-ni + Env\u00edo a domicilio + Pago seguro + Garant\u00eda\" \/>\n<meta name=\"robots\" content=\"index, follow, max-snippet:-1, max-image-preview:large, max-video-preview:-1\" \/>\n<link rel=\"canonical\" href=\"https:\/\/compuviper.mx\/tienda\/producto\/dahua-dh-pfa139-caja-de-conexiones-pfa139-para-camaras-domo-modelos-hdbw2241f-a-ipc-hdbw3241f-fd-ipc-hdbw3241f-as-m-ipc-hdbw3241f-fd-m-hdw1400em-a-hdw1230em-a-hdw2241t-a-hdw2249t-a\/\" \/>\n<meta property=\"og:locale\" content=\"es_MX\" \/>\n<meta property=\"og:type\" content=\"article\" \/>\n<meta property=\"og:title\" content=\"[ Dahua ] &#129351; Dh-pfa139 Caja De Conexiones\/ \/ Pfa139- Para Camaras Domo\/ Modelos Hdbw2241f-a \/ Ipc-hdbw3241f-fd \/ Ipc-hdbw3241f-as-m \/ Ipc-hdbw3241f-fd-m \/ Hdw1400em-a \/ Hdw1230em-a \/ Hdw2241t-a \/ Hdw2249t-a-ni\" \/>\n<meta property=\"og:description\" content=\"Compra Dh-pfa139 Caja De Conexiones\/ \/ Pfa139- Para Camaras Domo\/ Modelos Hdbw2241f-a \/ Ipc-hdbw3241f-fd \/ Ipc-hdbw3241f-as-m \/ Ipc-hdbw3241f-fd-m \/ Hdw1400em-a \/ Hdw1230em-a \/ Hdw2241t-a \/ Hdw2249t-a-ni + Env\u00edo a domicilio + Pago seguro + Garant\u00eda\" \/>\n<meta property=\"og:url\" content=\"https:\/\/compuviper.mx\/tienda\/producto\/dahua-dh-pfa139-caja-de-conexiones-pfa139-para-camaras-domo-modelos-hdbw2241f-a-ipc-hdbw3241f-fd-ipc-hdbw3241f-as-m-ipc-hdbw3241f-fd-m-hdw1400em-a-hdw1230em-a-hdw2241t-a-hdw2249t-a\/\" \/>\n<meta property=\"og:site_name\" content=\"Compuviper\" \/>\n<meta property=\"article:publisher\" content=\"https:\/\/www.facebook.com\/compuviper\" \/>\n<meta property=\"og:image\" content=\"https:\/\/compuviper.mx\/tienda\/wp-content\/uploads\/2025\/10\/Caja-de-conexiones-dahua-pfa139-para-camaras-domo-modelos-hdbw2241f-a-ipc-hdbw3241f-fd-ipc-hdbw3241f-as-m-ipc-hdbw3241f-fd-m-hdw1400em-a-hdw1230em-a-hdw2241t-a-hdw2249t-a-ni.jpg\" \/>\n\t<meta property=\"og:image:width\" content=\"200\" \/>\n\t<meta property=\"og:image:height\" content=\"200\" \/>\n\t<meta property=\"og:image:type\" content=\"image\/jpeg\" \/>\n<meta name=\"twitter:card\" content=\"summary_large_image\" \/>\n<meta name=\"twitter:label1\" content=\"Precio\" \/>\n\t<meta name=\"twitter:data1\" content=\"&#36;164 con IVA\" \/>\n\t<meta name=\"twitter:label2\" content=\"Availability\" \/>\n\t<meta name=\"twitter:data2\" content=\"On backorder\" \/>\n<script type=\"application\/ld+json\" class=\"yoast-schema-graph\">{\"@context\":\"https:\/\/schema.org\",\"@graph\":[{\"@type\":\"WebPage\",\"@id\":\"https:\/\/compuviper.mx\/tienda\/producto\/dahua-dh-pfa139-caja-de-conexiones-pfa139-para-camaras-domo-modelos-hdbw2241f-a-ipc-hdbw3241f-fd-ipc-hdbw3241f-as-m-ipc-hdbw3241f-fd-m-hdw1400em-a-hdw1230em-a-hdw2241t-a-hdw2249t-a\/\",\"url\":\"https:\/\/compuviper.mx\/tienda\/producto\/dahua-dh-pfa139-caja-de-conexiones-pfa139-para-camaras-domo-modelos-hdbw2241f-a-ipc-hdbw3241f-fd-ipc-hdbw3241f-as-m-ipc-hdbw3241f-fd-m-hdw1400em-a-hdw1230em-a-hdw2241t-a-hdw2249t-a\/\",\"name\":\"[ Dahua ] &#129351; Dh-pfa139 Caja De Conexiones\/ \/ Pfa139- Para Camaras Domo\/ Modelos Hdbw2241f-a \/ Ipc-hdbw3241f-fd \/ Ipc-hdbw3241f-as-m \/ Ipc-hdbw3241f-fd-m \/ Hdw1400em-a \/ Hdw1230em-a \/ Hdw2241t-a \/ Hdw2249t-a-ni\",\"isPartOf\":{\"@id\":\"https:\/\/compuviper.mx\/tienda\/#website\"},\"datePublished\":\"2026-04-11T05:14:10+00:00\",\"dateModified\":\"2026-04-11T05:14:10+00:00\",\"description\":\"Compra Dh-pfa139 Caja De Conexiones\/ \/ Pfa139- Para Camaras Domo\/ Modelos Hdbw2241f-a \/ Ipc-hdbw3241f-fd \/ Ipc-hdbw3241f-as-m \/ Ipc-hdbw3241f-fd-m \/ Hdw1400em-a \/ Hdw1230em-a \/ Hdw2241t-a \/ Hdw2249t-a-ni + Env\u00edo a domicilio + Pago seguro + Garant\u00eda\",\"breadcrumb\":{\"@id\":\"https:\/\/compuviper.mx\/tienda\/producto\/dahua-dh-pfa139-caja-de-conexiones-pfa139-para-camaras-domo-modelos-hdbw2241f-a-ipc-hdbw3241f-fd-ipc-hdbw3241f-as-m-ipc-hdbw3241f-fd-m-hdw1400em-a-hdw1230em-a-hdw2241t-a-hdw2249t-a\/#breadcrumb\"},\"inLanguage\":\"es-MX\",\"potentialAction\":[{\"@type\":\"ReadAction\",\"target\":[\"https:\/\/compuviper.mx\/tienda\/producto\/dahua-dh-pfa139-caja-de-conexiones-pfa139-para-camaras-domo-modelos-hdbw2241f-a-ipc-hdbw3241f-fd-ipc-hdbw3241f-as-m-ipc-hdbw3241f-fd-m-hdw1400em-a-hdw1230em-a-hdw2241t-a-hdw2249t-a\/\"]}]},{\"@type\":\"BreadcrumbList\",\"@id\":\"https:\/\/compuviper.mx\/tienda\/producto\/dahua-dh-pfa139-caja-de-conexiones-pfa139-para-camaras-domo-modelos-hdbw2241f-a-ipc-hdbw3241f-fd-ipc-hdbw3241f-as-m-ipc-hdbw3241f-fd-m-hdw1400em-a-hdw1230em-a-hdw2241t-a-hdw2249t-a\/#breadcrumb\",\"itemListElement\":[{\"@type\":\"ListItem\",\"position\":1,\"name\":\"Inicio\",\"item\":\"https:\/\/compuviper.mx\/tienda\/\"},{\"@type\":\"ListItem\",\"position\":2,\"name\":\"Productos\",\"item\":\"https:\/\/compuviper.mx\/tienda\/productos\/\"},{\"@type\":\"ListItem\",\"position\":3,\"name\":\"Accesorios\",\"item\":\"https:\/\/compuviper.mx\/tienda\/categoria-producto\/accesorios\/\"},{\"@type\":\"ListItem\",\"position\":4,\"name\":\"Camaras\",\"item\":\"https:\/\/compuviper.mx\/tienda\/categoria-producto\/accesorios\/camaras\/\"},{\"@type\":\"ListItem\",\"position\":5,\"name\":\"Dahua Dh-pfa139 Caja De Conexiones\/ \/ Pfa139- Para Camaras Domo\/ Modelos Hdbw2241f-a \/ Ipc-hdbw3241f-fd \/ Ipc-hdbw3241f-as-m \/ Ipc-hdbw3241f-fd-m \/ Hdw1400em-a \/ Hdw1230em-a \/ Hdw2241t-a \/ Hdw2249t-a-ni\"}]},{\"@type\":\"WebSite\",\"@id\":\"https:\/\/compuviper.mx\/tienda\/#website\",\"url\":\"https:\/\/compuviper.mx\/tienda\/\",\"name\":\"Compuviper\",\"description\":\"Proveedor de Computadoras, Laptops, Servidores, Monitores, Puntos de Venta, Teclados,   Impresoras, T\u00f3ner, C\u00e1maras de Seguridad y m\u00e1s en tu tienda en l\u00ednea\",\"publisher\":{\"@id\":\"https:\/\/compuviper.mx\/tienda\/#organization\"},\"potentialAction\":[{\"@type\":\"SearchAction\",\"target\":{\"@type\":\"EntryPoint\",\"urlTemplate\":\"https:\/\/compuviper.mx\/tienda\/?s={search_term_string}\"},\"query-input\":\"required name=search_term_string\"}],\"inLanguage\":\"es-MX\"},{\"@type\":\"Organization\",\"@id\":\"https:\/\/compuviper.mx\/tienda\/#organization\",\"name\":\"Compuviper\",\"url\":\"https:\/\/compuviper.mx\/tienda\/\",\"logo\":{\"@type\":\"ImageObject\",\"inLanguage\":\"es-MX\",\"@id\":\"https:\/\/compuviper.mx\/tienda\/#\/schema\/logo\/image\/\",\"url\":\"https:\/\/compuviper.mx\/tienda\/wp-content\/uploads\/2021\/08\/Logo-Compuviper-10.png\",\"contentUrl\":\"https:\/\/compuviper.mx\/tienda\/wp-content\/uploads\/2021\/08\/Logo-Compuviper-10.png\",\"width\":1000,\"height\":500,\"caption\":\"Compuviper\"},\"image\":{\"@id\":\"https:\/\/compuviper.mx\/tienda\/#\/schema\/logo\/image\/\"},\"sameAs\":[\"https:\/\/www.facebook.com\/compuviper\",\"https:\/\/www.youtube.com\/channel\/UCf73dERp9Y3cfOq7q8BhLjA?view_as=subscriber\"]}]}<\/script>\n<meta property=\"product:brand\" content=\"DAHUA\" \/>\n<meta property=\"product:price:amount\" content=\"164\" \/>\n<meta property=\"product:price:currency\" content=\"MXN\" \/>\n<meta property=\"og:availability\" content=\"backorder\" \/>\n<meta property=\"product:availability\" content=\"available for order\" \/>\n<meta property=\"product:retailer_item_id\" content=\"DH-PFA139\" \/>\n<meta property=\"product:condition\" content=\"new\" \/>\n<!-- \/ Yoast SEO plugin. -->","yoast_head_json":{"title":"[ Dahua ] &#129351; Dh-pfa139 Caja De Conexiones\/ \/ Pfa139- Para Camaras Domo\/ Modelos Hdbw2241f-a \/ Ipc-hdbw3241f-fd \/ Ipc-hdbw3241f-as-m \/ Ipc-hdbw3241f-fd-m \/ Hdw1400em-a \/ Hdw1230em-a \/ Hdw2241t-a \/ Hdw2249t-a-ni","description":"Compra Dh-pfa139 Caja De Conexiones\/ \/ Pfa139- Para Camaras Domo\/ Modelos Hdbw2241f-a \/ Ipc-hdbw3241f-fd \/ Ipc-hdbw3241f-as-m \/ Ipc-hdbw3241f-fd-m \/ Hdw1400em-a \/ Hdw1230em-a \/ Hdw2241t-a \/ Hdw2249t-a-ni + Env\u00edo a domicilio + Pago seguro + Garant\u00eda","robots":{"index":"index","follow":"follow","max-snippet":"max-snippet:-1","max-image-preview":"max-image-preview:large","max-video-preview":"max-video-preview:-1"},"canonical":"https:\/\/compuviper.mx\/tienda\/producto\/dahua-dh-pfa139-caja-de-conexiones-pfa139-para-camaras-domo-modelos-hdbw2241f-a-ipc-hdbw3241f-fd-ipc-hdbw3241f-as-m-ipc-hdbw3241f-fd-m-hdw1400em-a-hdw1230em-a-hdw2241t-a-hdw2249t-a\/","og_locale":"es_MX","og_type":"article","og_title":"[ Dahua ] &#129351; Dh-pfa139 Caja De Conexiones\/ \/ Pfa139- Para Camaras Domo\/ Modelos Hdbw2241f-a \/ Ipc-hdbw3241f-fd \/ Ipc-hdbw3241f-as-m \/ Ipc-hdbw3241f-fd-m \/ Hdw1400em-a \/ Hdw1230em-a \/ Hdw2241t-a \/ Hdw2249t-a-ni","og_description":"Compra Dh-pfa139 Caja De Conexiones\/ \/ Pfa139- Para Camaras Domo\/ Modelos Hdbw2241f-a \/ Ipc-hdbw3241f-fd \/ Ipc-hdbw3241f-as-m \/ Ipc-hdbw3241f-fd-m \/ Hdw1400em-a \/ Hdw1230em-a \/ Hdw2241t-a \/ Hdw2249t-a-ni + Env\u00edo a domicilio + Pago seguro + Garant\u00eda","og_url":"https:\/\/compuviper.mx\/tienda\/producto\/dahua-dh-pfa139-caja-de-conexiones-pfa139-para-camaras-domo-modelos-hdbw2241f-a-ipc-hdbw3241f-fd-ipc-hdbw3241f-as-m-ipc-hdbw3241f-fd-m-hdw1400em-a-hdw1230em-a-hdw2241t-a-hdw2249t-a\/","og_site_name":"Compuviper","article_publisher":"https:\/\/www.facebook.com\/compuviper","og_image":[{"width":200,"height":200,"url":"https:\/\/compuviper.mx\/tienda\/wp-content\/uploads\/2025\/10\/Caja-de-conexiones-dahua-pfa139-para-camaras-domo-modelos-hdbw2241f-a-ipc-hdbw3241f-fd-ipc-hdbw3241f-as-m-ipc-hdbw3241f-fd-m-hdw1400em-a-hdw1230em-a-hdw2241t-a-hdw2249t-a-ni.jpg","type":"image\/jpeg"}],"twitter_card":"summary_large_image","twitter_misc":{"Precio":"&#36;164 con IVA","Availability":"On backorder"},"schema":{"@context":"https:\/\/schema.org","@graph":[{"@type":"WebPage","@id":"https:\/\/compuviper.mx\/tienda\/producto\/dahua-dh-pfa139-caja-de-conexiones-pfa139-para-camaras-domo-modelos-hdbw2241f-a-ipc-hdbw3241f-fd-ipc-hdbw3241f-as-m-ipc-hdbw3241f-fd-m-hdw1400em-a-hdw1230em-a-hdw2241t-a-hdw2249t-a\/","url":"https:\/\/compuviper.mx\/tienda\/producto\/dahua-dh-pfa139-caja-de-conexiones-pfa139-para-camaras-domo-modelos-hdbw2241f-a-ipc-hdbw3241f-fd-ipc-hdbw3241f-as-m-ipc-hdbw3241f-fd-m-hdw1400em-a-hdw1230em-a-hdw2241t-a-hdw2249t-a\/","name":"[ Dahua ] &#129351; Dh-pfa139 Caja De Conexiones\/ \/ Pfa139- Para Camaras Domo\/ Modelos Hdbw2241f-a \/ Ipc-hdbw3241f-fd \/ Ipc-hdbw3241f-as-m \/ Ipc-hdbw3241f-fd-m \/ Hdw1400em-a \/ Hdw1230em-a \/ Hdw2241t-a \/ Hdw2249t-a-ni","isPartOf":{"@id":"https:\/\/compuviper.mx\/tienda\/#website"},"datePublished":"2026-04-11T05:14:10+00:00","dateModified":"2026-04-11T05:14:10+00:00","description":"Compra Dh-pfa139 Caja De Conexiones\/ \/ Pfa139- Para Camaras Domo\/ Modelos Hdbw2241f-a \/ Ipc-hdbw3241f-fd \/ Ipc-hdbw3241f-as-m \/ Ipc-hdbw3241f-fd-m \/ Hdw1400em-a \/ Hdw1230em-a \/ Hdw2241t-a \/ Hdw2249t-a-ni + Env\u00edo a domicilio + Pago seguro + Garant\u00eda","breadcrumb":{"@id":"https:\/\/compuviper.mx\/tienda\/producto\/dahua-dh-pfa139-caja-de-conexiones-pfa139-para-camaras-domo-modelos-hdbw2241f-a-ipc-hdbw3241f-fd-ipc-hdbw3241f-as-m-ipc-hdbw3241f-fd-m-hdw1400em-a-hdw1230em-a-hdw2241t-a-hdw2249t-a\/#breadcrumb"},"inLanguage":"es-MX","potentialAction":[{"@type":"ReadAction","target":["https:\/\/compuviper.mx\/tienda\/producto\/dahua-dh-pfa139-caja-de-conexiones-pfa139-para-camaras-domo-modelos-hdbw2241f-a-ipc-hdbw3241f-fd-ipc-hdbw3241f-as-m-ipc-hdbw3241f-fd-m-hdw1400em-a-hdw1230em-a-hdw2241t-a-hdw2249t-a\/"]}]},{"@type":"BreadcrumbList","@id":"https:\/\/compuviper.mx\/tienda\/producto\/dahua-dh-pfa139-caja-de-conexiones-pfa139-para-camaras-domo-modelos-hdbw2241f-a-ipc-hdbw3241f-fd-ipc-hdbw3241f-as-m-ipc-hdbw3241f-fd-m-hdw1400em-a-hdw1230em-a-hdw2241t-a-hdw2249t-a\/#breadcrumb","itemListElement":[{"@type":"ListItem","position":1,"name":"Inicio","item":"https:\/\/compuviper.mx\/tienda\/"},{"@type":"ListItem","position":2,"name":"Productos","item":"https:\/\/compuviper.mx\/tienda\/productos\/"},{"@type":"ListItem","position":3,"name":"Accesorios","item":"https:\/\/compuviper.mx\/tienda\/categoria-producto\/accesorios\/"},{"@type":"ListItem","position":4,"name":"Camaras","item":"https:\/\/compuviper.mx\/tienda\/categoria-producto\/accesorios\/camaras\/"},{"@type":"ListItem","position":5,"name":"Dahua Dh-pfa139 Caja De Conexiones\/ \/ Pfa139- Para Camaras Domo\/ Modelos Hdbw2241f-a \/ Ipc-hdbw3241f-fd \/ Ipc-hdbw3241f-as-m \/ Ipc-hdbw3241f-fd-m \/ Hdw1400em-a \/ Hdw1230em-a \/ Hdw2241t-a \/ Hdw2249t-a-ni"}]},{"@type":"WebSite","@id":"https:\/\/compuviper.mx\/tienda\/#website","url":"https:\/\/compuviper.mx\/tienda\/","name":"Compuviper","description":"Proveedor de Computadoras, Laptops, Servidores, Monitores, Puntos de Venta, Teclados,   Impresoras, T\u00f3ner, C\u00e1maras de Seguridad y m\u00e1s en tu tienda en l\u00ednea","publisher":{"@id":"https:\/\/compuviper.mx\/tienda\/#organization"},"potentialAction":[{"@type":"SearchAction","target":{"@type":"EntryPoint","urlTemplate":"https:\/\/compuviper.mx\/tienda\/?s={search_term_string}"},"query-input":"required name=search_term_string"}],"inLanguage":"es-MX"},{"@type":"Organization","@id":"https:\/\/compuviper.mx\/tienda\/#organization","name":"Compuviper","url":"https:\/\/compuviper.mx\/tienda\/","logo":{"@type":"ImageObject","inLanguage":"es-MX","@id":"https:\/\/compuviper.mx\/tienda\/#\/schema\/logo\/image\/","url":"https:\/\/compuviper.mx\/tienda\/wp-content\/uploads\/2021\/08\/Logo-Compuviper-10.png","contentUrl":"https:\/\/compuviper.mx\/tienda\/wp-content\/uploads\/2021\/08\/Logo-Compuviper-10.png","width":1000,"height":500,"caption":"Compuviper"},"image":{"@id":"https:\/\/compuviper.mx\/tienda\/#\/schema\/logo\/image\/"},"sameAs":["https:\/\/www.facebook.com\/compuviper","https:\/\/www.youtube.com\/channel\/UCf73dERp9Y3cfOq7q8BhLjA?view_as=subscriber"]}]},"product_brand":"DAHUA","product_price_amount":"164","product_price_currency":"MXN","og_availability":"backorder","product_availability":"available for order","product_retailer_item_id":"DH-PFA139","product_condition":"new"},"_links":{"self":[{"href":"https:\/\/compuviper.mx\/tienda\/wp-json\/wp\/v2\/product\/245657"}],"collection":[{"href":"https:\/\/compuviper.mx\/tienda\/wp-json\/wp\/v2\/product"}],"about":[{"href":"https:\/\/compuviper.mx\/tienda\/wp-json\/wp\/v2\/types\/product"}],"replies":[{"embeddable":true,"href":"https:\/\/compuviper.mx\/tienda\/wp-json\/wp\/v2\/comments?post=245657"}],"wp:featuredmedia":[{"embeddable":true,"href":"https:\/\/compuviper.mx\/tienda\/wp-json\/wp\/v2\/media\/258679"}],"wp:attachment":[{"href":"https:\/\/compuviper.mx\/tienda\/wp-json\/wp\/v2\/media?parent=245657"}],"wp:term":[{"taxonomy":"product_cat","embeddable":true,"href":"https:\/\/compuviper.mx\/tienda\/wp-json\/wp\/v2\/product_cat?post=245657"},{"taxonomy":"product_tag","embeddable":true,"href":"https:\/\/compuviper.mx\/tienda\/wp-json\/wp\/v2\/product_tag?post=245657"}],"curies":[{"name":"wp","href":"https:\/\/api.w.org\/{rel}","templated":true}]}}