{"id":245579,"date":"2026-04-02T00:50:32","date_gmt":"2026-04-02T06:50:32","guid":{"rendered":"https:\/\/compuviper.mx\/tienda\/producto\/benq-9h-lm1lj-tba-monitor-programacion-rd280u-3840x2560-hdmi-2-0x1-usb-c-90wx1-dp-1-4x1-bocinas-2wx2-tecnologia-eye-care-3-aos-de-garantia-2\/"},"modified":"2026-04-02T00:50:32","modified_gmt":"2026-04-02T06:50:32","slug":"benq-9h-lm1lj-tba-monitor-programacion-rd280u-28-3840x2560-hdmi-2-0x1-usb-c-90wx1-dp-1-4x1-bocinas-2wx2-tecnologia-eye-care-3-aos-de-garantia","status":"publish","type":"product","link":"https:\/\/compuviper.mx\/tienda\/producto\/benq-9h-lm1lj-tba-monitor-programacion-rd280u-28-3840x2560-hdmi-2-0x1-usb-c-90wx1-dp-1-4x1-bocinas-2wx2-tecnologia-eye-care-3-aos-de-garantia\/","title":{"rendered":"Benq 9h.lm1lj.tba Monitor  Programacion Rd280u 28 3840&#215;2560 Hdmi 2.0&#215;1 Usb C 90wx1 Dp 1.4&#215;1 Bocinas 2wx2 Tecnologia Eye Care 3 A?os De Garantia"},"content":{"rendered":"<table class=\"descripcion\">\n<tr>\n<td>Benq monitores para programacion<\/td>\n<\/tr>\n<tr>\n<td>Claridad asombrosa para tener mejor experiencia de codificacion<\/td>\n<\/tr>\n<tr>\n<td>Rd280u codifica con comodidad y eficiencia<\/td>\n<\/tr>\n<tr>\n<td>Especificaciones<\/td>\n<\/tr>\n<tr>\n<td>Color gris<\/td>\n<\/tr>\n<tr>\n<td>Tamano de pantalla 28.2<\/td>\n<\/tr>\n<tr>\n<td>Tipo de iluminacion retroiluminacion led<\/td>\n<\/tr>\n<tr>\n<td>Tipo de panel ips panel nano matte<\/td>\n<\/tr>\n<tr>\n<td>Relacion de aspecto 3 a 2<\/td>\n<\/tr>\n<tr>\n<td>Resolucion 4k plus 3840 x 2560 pixeles<\/td>\n<\/tr>\n<tr>\n<td>Dot pitch 0.155<\/td>\n<\/tr>\n<tr>\n<td>Brillo 350 nits<\/td>\n<\/tr>\n<tr>\n<td>Contraste 1200 a 1<\/td>\n<\/tr>\n<tr>\n<td>Angulo de vision 178 178<\/td>\n<\/tr>\n<tr>\n<td>Tiempo de respuesta 5 ms gtg<\/td>\n<\/tr>\n<tr>\n<td>Cantidad de colores 1.07 billones<\/td>\n<\/tr>\n<tr>\n<td>Gama de color 95 p3<\/td>\n<\/tr>\n<tr>\n<td>Modo de color cine codigo tema oscuro codigo tema claro e paper hdr mbook srgb usuario<\/td>\n<\/tr>\n<tr>\n<td>Temperatura de color rojizo azulado normal usuario<\/td>\n<\/tr>\n<tr>\n<td>Frecuencia de actualizacion 60 dp usb c hz<\/td>\n<\/tr>\n<tr>\n<td>Frecuencia horizontal 27 160 khz<\/td>\n<\/tr>\n<tr>\n<td>Frecuencia vertical 24 76 hz<\/td>\n<\/tr>\n<tr>\n<td>Frecuencia de viso 600 mhz hdmi 640 mhz dp usb c<\/td>\n<\/tr>\n<tr>\n<td>Entradas salidas hdmi v2.0 x1 display port v1.4 x1 usb c poder 90w display port alt mode data x1 usb c 3.2 5 gbps poder 7.5w x1 usb a 3.2 5gbps poder 4.5w x3 usb b 3.2 5gbps data x1 audifonos bocinas 2w x2<\/td>\n<\/tr>\n<tr>\n<td>Fuente de poder integrada 100 240v ac<\/td>\n<\/tr>\n<tr>\n<td>Consumo de energia en espera 34w normal 205w maximo 0.5w standby usb c thunderbolt 3.2 5gbps data x1 audifonos bocinas 2w x2<\/td>\n<\/tr>\n<tr>\n<td>Peso 10.4 kg 23.0 lb<\/td>\n<\/tr>\n<tr>\n<td>Dimensiones 474.3 min 587.3 max x 610.4 x 244.5<\/td>\n<\/tr>\n<tr>\n<td>Idiomas 18 idiomas<\/td>\n<\/tr>\n<tr>\n<td>Caracteristicas especiales<\/td>\n<\/tr>\n<tr>\n<td>Tecnologia eye care cuidado de los ojos low blue light plus brightness intelligence gen2 bi gen2 flicker free eye reminder color weakness epaper night hours protection<\/td>\n<\/tr>\n<tr>\n<td>Certificacion tuv rheinland eye comfort eyesafe flicker free low blue light reflection free<\/td>\n<\/tr>\n<tr>\n<td>Certificacion energy star tco epeat<\/td>\n<\/tr>\n<tr>\n<td>Software display pilot 2 display quickit win mac<\/td>\n<\/tr>\n<tr>\n<td>Giro 15 15 inclinacion 5 20 ajuste de altura hasta 110 mm<\/td>\n<\/tr>\n<tr>\n<td>Vesa 100 x 100 mm k locker<\/td>\n<\/tr>\n<tr>\n<td>Compatible con mac<\/td>\n<\/tr>\n<tr>\n<td>Moonhalo anillo de luz<\/td>\n<\/tr>\n<tr>\n<td>Accesorios incluidos cables de poder 1.8 m hdmi 2.0 usb 3.2 usb c guia de inicio rapido tarjeta de garantia instrucciones de seguridad<\/td>\n<\/tr>\n<\/table>\n","protected":false},"excerpt":{"rendered":"<p>Monitor para programacion benq rd280u con brazo flexible. Claridad asombrosa para la experiencia de prigramacion definitiva. Mapeo de tonos hdr la exclusiva tecnologia hdr pro de benq mejora la experiencia visua en 4k hdr con un mapeo de tonos avanzado logrando un mayor equilibrio entre escenas claras y oscuras<\/p>\n","protected":false},"featured_media":259868,"comment_status":"open","ping_status":"open","template":"","meta":[],"product_cat":[1741,1740],"product_tag":[1744],"acf":[],"yoast_head":"<!-- This site is optimized with the Yoast SEO plugin v21.7 - https:\/\/yoast.com\/wordpress\/plugins\/seo\/ -->\n<title>[ Benq ] &#129351; 9h.lm1lj.tba Monitor Programacion Rd280u 28 3840x2560 Hdmi 2.0x1 Usb C 90wx1 Dp 1.4x1 Bocinas 2wx2 Tecnologia Eye Care 3 A\u00f1os De Garantia<\/title>\n<meta name=\"description\" content=\"Compra 9h.lm1lj.tba Monitor Programacion Rd280u 28 3840x2560 Hdmi 2.0x1 Usb C 90wx1 Dp 1.4x1 Bocinas 2wx2 Tecnologia Eye Care 3 A\u00f1os De Garantia + Env\u00edo a domicilio + Pago seguro + Garant\u00eda\" \/>\n<meta name=\"robots\" content=\"index, follow, max-snippet:-1, max-image-preview:large, max-video-preview:-1\" \/>\n<link rel=\"canonical\" href=\"https:\/\/compuviper.mx\/tienda\/producto\/benq-9h-lm1lj-tba-monitor-programacion-rd280u-28-3840x2560-hdmi-2-0x1-usb-c-90wx1-dp-1-4x1-bocinas-2wx2-tecnologia-eye-care-3-aos-de-garantia\/\" \/>\n<meta property=\"og:locale\" content=\"es_MX\" \/>\n<meta property=\"og:type\" content=\"article\" \/>\n<meta property=\"og:title\" content=\"[ Benq ] &#129351; 9h.lm1lj.tba Monitor Programacion Rd280u 28 3840x2560 Hdmi 2.0x1 Usb C 90wx1 Dp 1.4x1 Bocinas 2wx2 Tecnologia Eye Care 3 A\u00f1os De Garantia\" \/>\n<meta property=\"og:description\" content=\"Compra 9h.lm1lj.tba Monitor Programacion Rd280u 28 3840x2560 Hdmi 2.0x1 Usb C 90wx1 Dp 1.4x1 Bocinas 2wx2 Tecnologia Eye Care 3 A\u00f1os De Garantia + Env\u00edo a domicilio + Pago seguro + Garant\u00eda\" \/>\n<meta property=\"og:url\" content=\"https:\/\/compuviper.mx\/tienda\/producto\/benq-9h-lm1lj-tba-monitor-programacion-rd280u-28-3840x2560-hdmi-2-0x1-usb-c-90wx1-dp-1-4x1-bocinas-2wx2-tecnologia-eye-care-3-aos-de-garantia\/\" \/>\n<meta property=\"og:site_name\" content=\"Compuviper\" \/>\n<meta property=\"article:publisher\" content=\"https:\/\/www.facebook.com\/compuviper\" \/>\n<meta property=\"og:image\" content=\"https:\/\/compuviper.mx\/tienda\/wp-content\/uploads\/2025\/10\/Monitor-benq-programacion-rd280u-28-3840x2560-hdmi-2.0x1-usb-c-90wx1-dp-1.4x1-bocinas-2wx2-tecnologia-eye-care-3-anos-de-garantia.jpg\" \/>\n\t<meta property=\"og:image:width\" content=\"200\" \/>\n\t<meta property=\"og:image:height\" content=\"200\" \/>\n\t<meta property=\"og:image:type\" content=\"image\/jpeg\" \/>\n<meta name=\"twitter:card\" content=\"summary_large_image\" \/>\n<meta name=\"twitter:label1\" content=\"Precio\" \/>\n\t<meta name=\"twitter:data1\" content=\"&#36;11,850 con IVA\" \/>\n\t<meta name=\"twitter:label2\" content=\"Availability\" \/>\n\t<meta name=\"twitter:data2\" content=\"Out of stock\" \/>\n<script type=\"application\/ld+json\" class=\"yoast-schema-graph\">{\"@context\":\"https:\/\/schema.org\",\"@graph\":[{\"@type\":\"WebPage\",\"@id\":\"https:\/\/compuviper.mx\/tienda\/producto\/benq-9h-lm1lj-tba-monitor-programacion-rd280u-28-3840x2560-hdmi-2-0x1-usb-c-90wx1-dp-1-4x1-bocinas-2wx2-tecnologia-eye-care-3-aos-de-garantia\/\",\"url\":\"https:\/\/compuviper.mx\/tienda\/producto\/benq-9h-lm1lj-tba-monitor-programacion-rd280u-28-3840x2560-hdmi-2-0x1-usb-c-90wx1-dp-1-4x1-bocinas-2wx2-tecnologia-eye-care-3-aos-de-garantia\/\",\"name\":\"[ Benq ] &#129351; 9h.lm1lj.tba Monitor Programacion Rd280u 28 3840x2560 Hdmi 2.0x1 Usb C 90wx1 Dp 1.4x1 Bocinas 2wx2 Tecnologia Eye Care 3 A\u00f1os De Garantia\",\"isPartOf\":{\"@id\":\"https:\/\/compuviper.mx\/tienda\/#website\"},\"datePublished\":\"2026-04-02T06:50:32+00:00\",\"dateModified\":\"2026-04-02T06:50:32+00:00\",\"description\":\"Compra 9h.lm1lj.tba Monitor Programacion Rd280u 28 3840x2560 Hdmi 2.0x1 Usb C 90wx1 Dp 1.4x1 Bocinas 2wx2 Tecnologia Eye Care 3 A\u00f1os De Garantia + Env\u00edo a domicilio + Pago seguro + Garant\u00eda\",\"breadcrumb\":{\"@id\":\"https:\/\/compuviper.mx\/tienda\/producto\/benq-9h-lm1lj-tba-monitor-programacion-rd280u-28-3840x2560-hdmi-2-0x1-usb-c-90wx1-dp-1-4x1-bocinas-2wx2-tecnologia-eye-care-3-aos-de-garantia\/#breadcrumb\"},\"inLanguage\":\"es-MX\",\"potentialAction\":[{\"@type\":\"ReadAction\",\"target\":[\"https:\/\/compuviper.mx\/tienda\/producto\/benq-9h-lm1lj-tba-monitor-programacion-rd280u-28-3840x2560-hdmi-2-0x1-usb-c-90wx1-dp-1-4x1-bocinas-2wx2-tecnologia-eye-care-3-aos-de-garantia\/\"]}]},{\"@type\":\"BreadcrumbList\",\"@id\":\"https:\/\/compuviper.mx\/tienda\/producto\/benq-9h-lm1lj-tba-monitor-programacion-rd280u-28-3840x2560-hdmi-2-0x1-usb-c-90wx1-dp-1-4x1-bocinas-2wx2-tecnologia-eye-care-3-aos-de-garantia\/#breadcrumb\",\"itemListElement\":[{\"@type\":\"ListItem\",\"position\":1,\"name\":\"Inicio\",\"item\":\"https:\/\/compuviper.mx\/tienda\/\"},{\"@type\":\"ListItem\",\"position\":2,\"name\":\"Productos\",\"item\":\"https:\/\/compuviper.mx\/tienda\/productos\/\"},{\"@type\":\"ListItem\",\"position\":3,\"name\":\"Monitores\",\"item\":\"https:\/\/compuviper.mx\/tienda\/categoria-producto\/monitores\/\"},{\"@type\":\"ListItem\",\"position\":4,\"name\":\"Led\",\"item\":\"https:\/\/compuviper.mx\/tienda\/categoria-producto\/monitores\/led\/\"},{\"@type\":\"ListItem\",\"position\":5,\"name\":\"Benq 9h.lm1lj.tba Monitor Programacion Rd280u 28 3840&#215;2560 Hdmi 2.0&#215;1 Usb C 90wx1 Dp 1.4&#215;1 Bocinas 2wx2 Tecnologia Eye Care 3 A?os De Garantia\"}]},{\"@type\":\"WebSite\",\"@id\":\"https:\/\/compuviper.mx\/tienda\/#website\",\"url\":\"https:\/\/compuviper.mx\/tienda\/\",\"name\":\"Compuviper\",\"description\":\"Proveedor de Computadoras, Laptops, Servidores, Monitores, Puntos de Venta, Teclados,   Impresoras, T\u00f3ner, C\u00e1maras de Seguridad y m\u00e1s en tu tienda en l\u00ednea\",\"publisher\":{\"@id\":\"https:\/\/compuviper.mx\/tienda\/#organization\"},\"potentialAction\":[{\"@type\":\"SearchAction\",\"target\":{\"@type\":\"EntryPoint\",\"urlTemplate\":\"https:\/\/compuviper.mx\/tienda\/?s={search_term_string}\"},\"query-input\":\"required name=search_term_string\"}],\"inLanguage\":\"es-MX\"},{\"@type\":\"Organization\",\"@id\":\"https:\/\/compuviper.mx\/tienda\/#organization\",\"name\":\"Compuviper\",\"url\":\"https:\/\/compuviper.mx\/tienda\/\",\"logo\":{\"@type\":\"ImageObject\",\"inLanguage\":\"es-MX\",\"@id\":\"https:\/\/compuviper.mx\/tienda\/#\/schema\/logo\/image\/\",\"url\":\"https:\/\/compuviper.mx\/tienda\/wp-content\/uploads\/2021\/08\/Logo-Compuviper-10.png\",\"contentUrl\":\"https:\/\/compuviper.mx\/tienda\/wp-content\/uploads\/2021\/08\/Logo-Compuviper-10.png\",\"width\":1000,\"height\":500,\"caption\":\"Compuviper\"},\"image\":{\"@id\":\"https:\/\/compuviper.mx\/tienda\/#\/schema\/logo\/image\/\"},\"sameAs\":[\"https:\/\/www.facebook.com\/compuviper\",\"https:\/\/www.youtube.com\/channel\/UCf73dERp9Y3cfOq7q8BhLjA?view_as=subscriber\"]}]}<\/script>\n<meta property=\"product:brand\" content=\"BENQ\" \/>\n<meta property=\"product:price:amount\" content=\"11850\" \/>\n<meta property=\"product:price:currency\" content=\"MXN\" \/>\n<meta property=\"og:availability\" content=\"out of stock\" \/>\n<meta property=\"product:availability\" content=\"out of stock\" \/>\n<meta property=\"product:retailer_item_id\" content=\"9H.LM1LJ.TBA\" \/>\n<meta property=\"product:condition\" content=\"new\" \/>\n<!-- \/ Yoast SEO plugin. -->","yoast_head_json":{"title":"[ Benq ] &#129351; 9h.lm1lj.tba Monitor Programacion Rd280u 28 3840x2560 Hdmi 2.0x1 Usb C 90wx1 Dp 1.4x1 Bocinas 2wx2 Tecnologia Eye Care 3 A\u00f1os De Garantia","description":"Compra 9h.lm1lj.tba Monitor Programacion Rd280u 28 3840x2560 Hdmi 2.0x1 Usb C 90wx1 Dp 1.4x1 Bocinas 2wx2 Tecnologia Eye Care 3 A\u00f1os De Garantia + Env\u00edo a domicilio + Pago seguro + Garant\u00eda","robots":{"index":"index","follow":"follow","max-snippet":"max-snippet:-1","max-image-preview":"max-image-preview:large","max-video-preview":"max-video-preview:-1"},"canonical":"https:\/\/compuviper.mx\/tienda\/producto\/benq-9h-lm1lj-tba-monitor-programacion-rd280u-28-3840x2560-hdmi-2-0x1-usb-c-90wx1-dp-1-4x1-bocinas-2wx2-tecnologia-eye-care-3-aos-de-garantia\/","og_locale":"es_MX","og_type":"article","og_title":"[ Benq ] &#129351; 9h.lm1lj.tba Monitor Programacion Rd280u 28 3840x2560 Hdmi 2.0x1 Usb C 90wx1 Dp 1.4x1 Bocinas 2wx2 Tecnologia Eye Care 3 A\u00f1os De Garantia","og_description":"Compra 9h.lm1lj.tba Monitor Programacion Rd280u 28 3840x2560 Hdmi 2.0x1 Usb C 90wx1 Dp 1.4x1 Bocinas 2wx2 Tecnologia Eye Care 3 A\u00f1os De Garantia + Env\u00edo a domicilio + Pago seguro + Garant\u00eda","og_url":"https:\/\/compuviper.mx\/tienda\/producto\/benq-9h-lm1lj-tba-monitor-programacion-rd280u-28-3840x2560-hdmi-2-0x1-usb-c-90wx1-dp-1-4x1-bocinas-2wx2-tecnologia-eye-care-3-aos-de-garantia\/","og_site_name":"Compuviper","article_publisher":"https:\/\/www.facebook.com\/compuviper","og_image":[{"width":200,"height":200,"url":"https:\/\/compuviper.mx\/tienda\/wp-content\/uploads\/2025\/10\/Monitor-benq-programacion-rd280u-28-3840x2560-hdmi-2.0x1-usb-c-90wx1-dp-1.4x1-bocinas-2wx2-tecnologia-eye-care-3-anos-de-garantia.jpg","type":"image\/jpeg"}],"twitter_card":"summary_large_image","twitter_misc":{"Precio":"&#36;11,850 con IVA","Availability":"Out of stock"},"schema":{"@context":"https:\/\/schema.org","@graph":[{"@type":"WebPage","@id":"https:\/\/compuviper.mx\/tienda\/producto\/benq-9h-lm1lj-tba-monitor-programacion-rd280u-28-3840x2560-hdmi-2-0x1-usb-c-90wx1-dp-1-4x1-bocinas-2wx2-tecnologia-eye-care-3-aos-de-garantia\/","url":"https:\/\/compuviper.mx\/tienda\/producto\/benq-9h-lm1lj-tba-monitor-programacion-rd280u-28-3840x2560-hdmi-2-0x1-usb-c-90wx1-dp-1-4x1-bocinas-2wx2-tecnologia-eye-care-3-aos-de-garantia\/","name":"[ Benq ] &#129351; 9h.lm1lj.tba Monitor Programacion Rd280u 28 3840x2560 Hdmi 2.0x1 Usb C 90wx1 Dp 1.4x1 Bocinas 2wx2 Tecnologia Eye Care 3 A\u00f1os De Garantia","isPartOf":{"@id":"https:\/\/compuviper.mx\/tienda\/#website"},"datePublished":"2026-04-02T06:50:32+00:00","dateModified":"2026-04-02T06:50:32+00:00","description":"Compra 9h.lm1lj.tba Monitor Programacion Rd280u 28 3840x2560 Hdmi 2.0x1 Usb C 90wx1 Dp 1.4x1 Bocinas 2wx2 Tecnologia Eye Care 3 A\u00f1os De Garantia + Env\u00edo a domicilio + Pago seguro + Garant\u00eda","breadcrumb":{"@id":"https:\/\/compuviper.mx\/tienda\/producto\/benq-9h-lm1lj-tba-monitor-programacion-rd280u-28-3840x2560-hdmi-2-0x1-usb-c-90wx1-dp-1-4x1-bocinas-2wx2-tecnologia-eye-care-3-aos-de-garantia\/#breadcrumb"},"inLanguage":"es-MX","potentialAction":[{"@type":"ReadAction","target":["https:\/\/compuviper.mx\/tienda\/producto\/benq-9h-lm1lj-tba-monitor-programacion-rd280u-28-3840x2560-hdmi-2-0x1-usb-c-90wx1-dp-1-4x1-bocinas-2wx2-tecnologia-eye-care-3-aos-de-garantia\/"]}]},{"@type":"BreadcrumbList","@id":"https:\/\/compuviper.mx\/tienda\/producto\/benq-9h-lm1lj-tba-monitor-programacion-rd280u-28-3840x2560-hdmi-2-0x1-usb-c-90wx1-dp-1-4x1-bocinas-2wx2-tecnologia-eye-care-3-aos-de-garantia\/#breadcrumb","itemListElement":[{"@type":"ListItem","position":1,"name":"Inicio","item":"https:\/\/compuviper.mx\/tienda\/"},{"@type":"ListItem","position":2,"name":"Productos","item":"https:\/\/compuviper.mx\/tienda\/productos\/"},{"@type":"ListItem","position":3,"name":"Monitores","item":"https:\/\/compuviper.mx\/tienda\/categoria-producto\/monitores\/"},{"@type":"ListItem","position":4,"name":"Led","item":"https:\/\/compuviper.mx\/tienda\/categoria-producto\/monitores\/led\/"},{"@type":"ListItem","position":5,"name":"Benq 9h.lm1lj.tba Monitor Programacion Rd280u 28 3840&#215;2560 Hdmi 2.0&#215;1 Usb C 90wx1 Dp 1.4&#215;1 Bocinas 2wx2 Tecnologia Eye Care 3 A?os De Garantia"}]},{"@type":"WebSite","@id":"https:\/\/compuviper.mx\/tienda\/#website","url":"https:\/\/compuviper.mx\/tienda\/","name":"Compuviper","description":"Proveedor de Computadoras, Laptops, Servidores, Monitores, Puntos de Venta, Teclados,   Impresoras, T\u00f3ner, C\u00e1maras de Seguridad y m\u00e1s en tu tienda en l\u00ednea","publisher":{"@id":"https:\/\/compuviper.mx\/tienda\/#organization"},"potentialAction":[{"@type":"SearchAction","target":{"@type":"EntryPoint","urlTemplate":"https:\/\/compuviper.mx\/tienda\/?s={search_term_string}"},"query-input":"required name=search_term_string"}],"inLanguage":"es-MX"},{"@type":"Organization","@id":"https:\/\/compuviper.mx\/tienda\/#organization","name":"Compuviper","url":"https:\/\/compuviper.mx\/tienda\/","logo":{"@type":"ImageObject","inLanguage":"es-MX","@id":"https:\/\/compuviper.mx\/tienda\/#\/schema\/logo\/image\/","url":"https:\/\/compuviper.mx\/tienda\/wp-content\/uploads\/2021\/08\/Logo-Compuviper-10.png","contentUrl":"https:\/\/compuviper.mx\/tienda\/wp-content\/uploads\/2021\/08\/Logo-Compuviper-10.png","width":1000,"height":500,"caption":"Compuviper"},"image":{"@id":"https:\/\/compuviper.mx\/tienda\/#\/schema\/logo\/image\/"},"sameAs":["https:\/\/www.facebook.com\/compuviper","https:\/\/www.youtube.com\/channel\/UCf73dERp9Y3cfOq7q8BhLjA?view_as=subscriber"]}]},"product_brand":"BENQ","product_price_amount":"11850","product_price_currency":"MXN","og_availability":"out of stock","product_availability":"out of stock","product_retailer_item_id":"9H.LM1LJ.TBA","product_condition":"new"},"_links":{"self":[{"href":"https:\/\/compuviper.mx\/tienda\/wp-json\/wp\/v2\/product\/245579"}],"collection":[{"href":"https:\/\/compuviper.mx\/tienda\/wp-json\/wp\/v2\/product"}],"about":[{"href":"https:\/\/compuviper.mx\/tienda\/wp-json\/wp\/v2\/types\/product"}],"replies":[{"embeddable":true,"href":"https:\/\/compuviper.mx\/tienda\/wp-json\/wp\/v2\/comments?post=245579"}],"wp:featuredmedia":[{"embeddable":true,"href":"https:\/\/compuviper.mx\/tienda\/wp-json\/wp\/v2\/media\/259868"}],"wp:attachment":[{"href":"https:\/\/compuviper.mx\/tienda\/wp-json\/wp\/v2\/media?parent=245579"}],"wp:term":[{"taxonomy":"product_cat","embeddable":true,"href":"https:\/\/compuviper.mx\/tienda\/wp-json\/wp\/v2\/product_cat?post=245579"},{"taxonomy":"product_tag","embeddable":true,"href":"https:\/\/compuviper.mx\/tienda\/wp-json\/wp\/v2\/product_tag?post=245579"}],"curies":[{"name":"wp","href":"https:\/\/api.w.org\/{rel}","templated":true}]}}