{"id":245446,"date":"2026-04-17T02:30:12","date_gmt":"2026-04-17T08:30:12","guid":{"rendered":"https:\/\/compuviper.mx\/tienda\/producto\/polycom-99t09aaac3-sistema-de-videoconferencia-hp-poly-g62-codec-para-grandes-espacios-de-reuniones-personalizados-experiencia-nativa-de-zoom-rooms-microsoft-teams\/"},"modified":"2026-04-17T02:30:13","modified_gmt":"2026-04-17T08:30:13","slug":"poly-99t09aaac3-sistema-de-videoconferencia-hp-99t09aaac3-g62-codec-para-grandes-espacios-de-reuniones-personalizados-experiencia-nativa-de-zoom-rooms-microsoft-teams","status":"publish","type":"product","link":"https:\/\/compuviper.mx\/tienda\/producto\/poly-99t09aaac3-sistema-de-videoconferencia-hp-99t09aaac3-g62-codec-para-grandes-espacios-de-reuniones-personalizados-experiencia-nativa-de-zoom-rooms-microsoft-teams\/","title":{"rendered":"Poly 99t09aa#ac3 Sistema De Videoconferencia Hp  99t09aaac3 G62\/ Codec Para Grandes Espacios De Reuniones Personalizados Experiencia Nativa De Zoom Rooms Microsoft Teams"},"content":{"rendered":"<table class=\"descripcion\">\n<tr>\n<td>Entrada de vdeo:<\/td>\n<\/tr>\n<tr>\n<td>2 x usb 3.0, 1 x usb-c dp alt mode, 1 x hdmi 2.0<\/td>\n<\/tr>\n<tr>\n<td>Salida de vdeo:<\/td>\n<\/tr>\n<tr>\n<td>2 x hdmi 2.0, compatible con pantalla t\u00e1ctil<\/td>\n<\/tr>\n<tr>\n<td>Entrada de audio:<\/td>\n<\/tr>\n<tr>\n<td>Usb uac, usb-c dp alt mode, 1 x hdmi, 1 x entrada de lnea estreo de 3,5 mm, hasta 3 micrfonos ip<\/td>\n<\/tr>\n<tr>\n<td>Salida de audio:<\/td>\n<\/tr>\n<tr>\n<td>1 x hdmi, usb uac, 1 x salida de lnea estreo de 3,5 mm<\/td>\n<\/tr>\n<tr>\n<td>Personas resolucin de vdeo:<\/td>\n<\/tr>\n<tr>\n<td>4k, 30 fps tx y rx desde 2048 kbps; 1080p, 60 fps desde 1740 kbps; 1080p, 30 fps desde 1024 kbps; 720p, 60 fps desde 832 kbps; 720p, 30 fps desde 512 kbps<\/td>\n<\/tr>\n<tr>\n<td>Resoluciones de salida de vdeo:<\/td>\n<\/tr>\n<tr>\n<td>Uhd 3840 x 2160, hd 1920 x 1080, hd 1280 x 720<\/td>\n<\/tr>\n<tr>\n<td>Certificaciones:<\/td>\n<\/tr>\n<tr>\n<td>Microsoft teams, zoom<\/td>\n<\/tr>\n<tr>\n<td>Seguridad :<\/td>\n<\/tr>\n<tr>\n<td>Cifrado aes 128 bits, cifrado aes 256 bits, compatibilidad con h.235.6, acceso autenticado a mens de administracin, interfaz web y api, configuracin de poltica de contraseas de cuenta local, perfiles de seguridad locales<\/td>\n<\/tr>\n<tr>\n<td>Sustenibilidad:<\/td>\n<\/tr>\n<tr>\n<td>El 80 de los pl\u00e1sticos son reciclados postconsumo, el 20 de los metales son reciclados y el material de embalaje es reciclable<\/td>\n<\/tr>\n<tr>\n<td>Caractersticas fsicas:<\/td>\n<\/tr>\n<tr>\n<td>Caja studio g62base &#8211; 9.75\u00ab l x 6\u00bb d x 1.375\u00bb h &#8211; 798g | 1.76 lbs<\/td>\n<\/tr>\n<\/table>\n","protected":false},"excerpt":{"rendered":"<p>Diseo modular. F\u00e1cil de aadir mltiples c\u00e1maras, micrfonos y controladores para adaptarse a las necesidades especficas de su sala y aplicaciones. Configuracin lista para integradores. Olvdese de las instalaciones complejas. Con montaje magntico y alimentacin poe, puede estar tranquilo sabiendo que la instalacin ser\u00e1 pan comido. La integracin en la sala con slidas api y control o el control de terceros a travs de poly tc10 agiliza an m\u00e1s las cosas. La configuracin definitiva para la colaboracin.  Cuanto m\u00e1s grande sea, m\u00e1s espacio hay para las distracciones. Mantngalas a raya emparejando el poly studio g62 con los perifricos poly para acceder a las funciones de encuadre y seguimiento de c\u00e1mara poly directorai junto con las innovadoras mejoras de audio con noiseblockai. Control de dispositivos al alcance de la mano. Reg\u00e1late un poco de tranquilidad. Conecta y vigila tu poly studio g62 y los perifricos poly de forma remota mediante poly lens, y ahorra tiempo y esfuerzo en la gestin y el mantenimiento de los dispositivos.<\/p>\n","protected":false},"featured_media":258568,"comment_status":"open","ping_status":"open","template":"","meta":[],"product_cat":[2011,2012],"product_tag":[2035],"acf":[],"yoast_head":"<!-- This site is optimized with the Yoast SEO plugin v21.7 - https:\/\/yoast.com\/wordpress\/plugins\/seo\/ -->\n<title>[ Poly ] &#129351; 99t09aa#ac3 Sistema De Videoconferencia Hp 99t09aaac3 G62\/ Codec Para Grandes Espacios De Reuniones Personalizados Experiencia Nativa De Zoom Rooms Microsoft Teams<\/title>\n<meta name=\"description\" content=\"Compra 99t09aa#ac3 Sistema De Videoconferencia Hp 99t09aaac3 G62\/ Codec Para Grandes Espacios De Reuniones Personalizados Experiencia Nativa De Zoom Rooms Microsoft Teams + Env\u00edo a domicilio + Pago seguro + Garant\u00eda\" \/>\n<meta name=\"robots\" content=\"index, follow, max-snippet:-1, max-image-preview:large, max-video-preview:-1\" \/>\n<link rel=\"canonical\" href=\"https:\/\/compuviper.mx\/tienda\/producto\/poly-99t09aaac3-sistema-de-videoconferencia-hp-99t09aaac3-g62-codec-para-grandes-espacios-de-reuniones-personalizados-experiencia-nativa-de-zoom-rooms-microsoft-teams\/\" \/>\n<meta property=\"og:locale\" content=\"es_MX\" \/>\n<meta property=\"og:type\" content=\"article\" \/>\n<meta property=\"og:title\" content=\"[ Poly ] &#129351; 99t09aa#ac3 Sistema De Videoconferencia Hp 99t09aaac3 G62\/ Codec Para Grandes Espacios De Reuniones Personalizados Experiencia Nativa De Zoom Rooms Microsoft Teams\" \/>\n<meta property=\"og:description\" content=\"Compra 99t09aa#ac3 Sistema De Videoconferencia Hp 99t09aaac3 G62\/ Codec Para Grandes Espacios De Reuniones Personalizados Experiencia Nativa De Zoom Rooms Microsoft Teams + Env\u00edo a domicilio + Pago seguro + Garant\u00eda\" \/>\n<meta property=\"og:url\" content=\"https:\/\/compuviper.mx\/tienda\/producto\/poly-99t09aaac3-sistema-de-videoconferencia-hp-99t09aaac3-g62-codec-para-grandes-espacios-de-reuniones-personalizados-experiencia-nativa-de-zoom-rooms-microsoft-teams\/\" \/>\n<meta property=\"og:site_name\" content=\"Compuviper\" \/>\n<meta property=\"article:publisher\" content=\"https:\/\/www.facebook.com\/compuviper\" \/>\n<meta property=\"article:modified_time\" content=\"2026-04-17T08:30:13+00:00\" \/>\n<meta property=\"og:image\" content=\"https:\/\/compuviper.mx\/tienda\/wp-content\/uploads\/2025\/10\/Sistema-de-videoconferencia-hp-poly-99t09aaac3-g62-codec-para-grandes-espacios-de-reuniones-personalizados-experiencia-nativa-de-zoom-rooms-microsoft-teams.jpg\" \/>\n\t<meta property=\"og:image:width\" content=\"200\" \/>\n\t<meta property=\"og:image:height\" content=\"200\" \/>\n\t<meta property=\"og:image:type\" content=\"image\/jpeg\" \/>\n<meta name=\"twitter:card\" content=\"summary_large_image\" \/>\n<meta name=\"twitter:label1\" content=\"Precio\" \/>\n\t<meta name=\"twitter:data1\" content=\"&#36;36,859 &#36;35,559 con IVA\" \/>\n\t<meta name=\"twitter:label2\" content=\"Availability\" \/>\n\t<meta name=\"twitter:data2\" content=\"On backorder\" \/>\n<script type=\"application\/ld+json\" class=\"yoast-schema-graph\">{\"@context\":\"https:\/\/schema.org\",\"@graph\":[{\"@type\":\"WebPage\",\"@id\":\"https:\/\/compuviper.mx\/tienda\/producto\/poly-99t09aaac3-sistema-de-videoconferencia-hp-99t09aaac3-g62-codec-para-grandes-espacios-de-reuniones-personalizados-experiencia-nativa-de-zoom-rooms-microsoft-teams\/\",\"url\":\"https:\/\/compuviper.mx\/tienda\/producto\/poly-99t09aaac3-sistema-de-videoconferencia-hp-99t09aaac3-g62-codec-para-grandes-espacios-de-reuniones-personalizados-experiencia-nativa-de-zoom-rooms-microsoft-teams\/\",\"name\":\"[ Poly ] &#129351; 99t09aa#ac3 Sistema De Videoconferencia Hp 99t09aaac3 G62\/ Codec Para Grandes Espacios De Reuniones Personalizados Experiencia Nativa De Zoom Rooms Microsoft Teams\",\"isPartOf\":{\"@id\":\"https:\/\/compuviper.mx\/tienda\/#website\"},\"datePublished\":\"2026-04-17T08:30:12+00:00\",\"dateModified\":\"2026-04-17T08:30:13+00:00\",\"description\":\"Compra 99t09aa#ac3 Sistema De Videoconferencia Hp 99t09aaac3 G62\/ Codec Para Grandes Espacios De Reuniones Personalizados Experiencia Nativa De Zoom Rooms Microsoft Teams + Env\u00edo a domicilio + Pago seguro + Garant\u00eda\",\"breadcrumb\":{\"@id\":\"https:\/\/compuviper.mx\/tienda\/producto\/poly-99t09aaac3-sistema-de-videoconferencia-hp-99t09aaac3-g62-codec-para-grandes-espacios-de-reuniones-personalizados-experiencia-nativa-de-zoom-rooms-microsoft-teams\/#breadcrumb\"},\"inLanguage\":\"es-MX\",\"potentialAction\":[{\"@type\":\"ReadAction\",\"target\":[\"https:\/\/compuviper.mx\/tienda\/producto\/poly-99t09aaac3-sistema-de-videoconferencia-hp-99t09aaac3-g62-codec-para-grandes-espacios-de-reuniones-personalizados-experiencia-nativa-de-zoom-rooms-microsoft-teams\/\"]}]},{\"@type\":\"BreadcrumbList\",\"@id\":\"https:\/\/compuviper.mx\/tienda\/producto\/poly-99t09aaac3-sistema-de-videoconferencia-hp-99t09aaac3-g62-codec-para-grandes-espacios-de-reuniones-personalizados-experiencia-nativa-de-zoom-rooms-microsoft-teams\/#breadcrumb\",\"itemListElement\":[{\"@type\":\"ListItem\",\"position\":1,\"name\":\"Inicio\",\"item\":\"https:\/\/compuviper.mx\/tienda\/\"},{\"@type\":\"ListItem\",\"position\":2,\"name\":\"Productos\",\"item\":\"https:\/\/compuviper.mx\/tienda\/productos\/\"},{\"@type\":\"ListItem\",\"position\":3,\"name\":\"Videoconferencia\",\"item\":\"https:\/\/compuviper.mx\/tienda\/categoria-producto\/videoconferencia\/\"},{\"@type\":\"ListItem\",\"position\":4,\"name\":\"Sin Categor\u00eda\",\"item\":\"https:\/\/compuviper.mx\/tienda\/categoria-producto\/videoconferencia\/sin-categoria-videoconferencia\/\"},{\"@type\":\"ListItem\",\"position\":5,\"name\":\"Poly 99t09aa#ac3 Sistema De Videoconferencia Hp 99t09aaac3 G62\/ Codec Para Grandes Espacios De Reuniones Personalizados Experiencia Nativa De Zoom Rooms Microsoft Teams\"}]},{\"@type\":\"WebSite\",\"@id\":\"https:\/\/compuviper.mx\/tienda\/#website\",\"url\":\"https:\/\/compuviper.mx\/tienda\/\",\"name\":\"Compuviper\",\"description\":\"Proveedor de Computadoras, Laptops, Servidores, Monitores, Puntos de Venta, Teclados,   Impresoras, T\u00f3ner, C\u00e1maras de Seguridad y m\u00e1s en tu tienda en l\u00ednea\",\"publisher\":{\"@id\":\"https:\/\/compuviper.mx\/tienda\/#organization\"},\"potentialAction\":[{\"@type\":\"SearchAction\",\"target\":{\"@type\":\"EntryPoint\",\"urlTemplate\":\"https:\/\/compuviper.mx\/tienda\/?s={search_term_string}\"},\"query-input\":\"required name=search_term_string\"}],\"inLanguage\":\"es-MX\"},{\"@type\":\"Organization\",\"@id\":\"https:\/\/compuviper.mx\/tienda\/#organization\",\"name\":\"Compuviper\",\"url\":\"https:\/\/compuviper.mx\/tienda\/\",\"logo\":{\"@type\":\"ImageObject\",\"inLanguage\":\"es-MX\",\"@id\":\"https:\/\/compuviper.mx\/tienda\/#\/schema\/logo\/image\/\",\"url\":\"https:\/\/compuviper.mx\/tienda\/wp-content\/uploads\/2021\/08\/Logo-Compuviper-10.png\",\"contentUrl\":\"https:\/\/compuviper.mx\/tienda\/wp-content\/uploads\/2021\/08\/Logo-Compuviper-10.png\",\"width\":1000,\"height\":500,\"caption\":\"Compuviper\"},\"image\":{\"@id\":\"https:\/\/compuviper.mx\/tienda\/#\/schema\/logo\/image\/\"},\"sameAs\":[\"https:\/\/www.facebook.com\/compuviper\",\"https:\/\/www.youtube.com\/channel\/UCf73dERp9Y3cfOq7q8BhLjA?view_as=subscriber\"]}]}<\/script>\n<meta property=\"product:brand\" content=\"POLY\" \/>\n<meta property=\"product:price:amount\" content=\"35559\" \/>\n<meta property=\"product:price:currency\" content=\"MXN\" \/>\n<meta property=\"og:availability\" content=\"backorder\" \/>\n<meta property=\"product:availability\" content=\"available for order\" \/>\n<meta property=\"product:retailer_item_id\" content=\"99T09AA#AC3\" \/>\n<meta property=\"product:condition\" content=\"new\" \/>\n<!-- \/ Yoast SEO plugin. -->","yoast_head_json":{"title":"[ Poly ] &#129351; 99t09aa#ac3 Sistema De Videoconferencia Hp 99t09aaac3 G62\/ Codec Para Grandes Espacios De Reuniones Personalizados Experiencia Nativa De Zoom Rooms Microsoft Teams","description":"Compra 99t09aa#ac3 Sistema De Videoconferencia Hp 99t09aaac3 G62\/ Codec Para Grandes Espacios De Reuniones Personalizados Experiencia Nativa De Zoom Rooms Microsoft Teams + Env\u00edo a domicilio + Pago seguro + Garant\u00eda","robots":{"index":"index","follow":"follow","max-snippet":"max-snippet:-1","max-image-preview":"max-image-preview:large","max-video-preview":"max-video-preview:-1"},"canonical":"https:\/\/compuviper.mx\/tienda\/producto\/poly-99t09aaac3-sistema-de-videoconferencia-hp-99t09aaac3-g62-codec-para-grandes-espacios-de-reuniones-personalizados-experiencia-nativa-de-zoom-rooms-microsoft-teams\/","og_locale":"es_MX","og_type":"article","og_title":"[ Poly ] &#129351; 99t09aa#ac3 Sistema De Videoconferencia Hp 99t09aaac3 G62\/ Codec Para Grandes Espacios De Reuniones Personalizados Experiencia Nativa De Zoom Rooms Microsoft Teams","og_description":"Compra 99t09aa#ac3 Sistema De Videoconferencia Hp 99t09aaac3 G62\/ Codec Para Grandes Espacios De Reuniones Personalizados Experiencia Nativa De Zoom Rooms Microsoft Teams + Env\u00edo a domicilio + Pago seguro + Garant\u00eda","og_url":"https:\/\/compuviper.mx\/tienda\/producto\/poly-99t09aaac3-sistema-de-videoconferencia-hp-99t09aaac3-g62-codec-para-grandes-espacios-de-reuniones-personalizados-experiencia-nativa-de-zoom-rooms-microsoft-teams\/","og_site_name":"Compuviper","article_publisher":"https:\/\/www.facebook.com\/compuviper","article_modified_time":"2026-04-17T08:30:13+00:00","og_image":[{"width":200,"height":200,"url":"https:\/\/compuviper.mx\/tienda\/wp-content\/uploads\/2025\/10\/Sistema-de-videoconferencia-hp-poly-99t09aaac3-g62-codec-para-grandes-espacios-de-reuniones-personalizados-experiencia-nativa-de-zoom-rooms-microsoft-teams.jpg","type":"image\/jpeg"}],"twitter_card":"summary_large_image","twitter_misc":{"Precio":"&#36;36,859 &#36;35,559 con IVA","Availability":"On backorder"},"schema":{"@context":"https:\/\/schema.org","@graph":[{"@type":"WebPage","@id":"https:\/\/compuviper.mx\/tienda\/producto\/poly-99t09aaac3-sistema-de-videoconferencia-hp-99t09aaac3-g62-codec-para-grandes-espacios-de-reuniones-personalizados-experiencia-nativa-de-zoom-rooms-microsoft-teams\/","url":"https:\/\/compuviper.mx\/tienda\/producto\/poly-99t09aaac3-sistema-de-videoconferencia-hp-99t09aaac3-g62-codec-para-grandes-espacios-de-reuniones-personalizados-experiencia-nativa-de-zoom-rooms-microsoft-teams\/","name":"[ Poly ] &#129351; 99t09aa#ac3 Sistema De Videoconferencia Hp 99t09aaac3 G62\/ Codec Para Grandes Espacios De Reuniones Personalizados Experiencia Nativa De Zoom Rooms Microsoft Teams","isPartOf":{"@id":"https:\/\/compuviper.mx\/tienda\/#website"},"datePublished":"2026-04-17T08:30:12+00:00","dateModified":"2026-04-17T08:30:13+00:00","description":"Compra 99t09aa#ac3 Sistema De Videoconferencia Hp 99t09aaac3 G62\/ Codec Para Grandes Espacios De Reuniones Personalizados Experiencia Nativa De Zoom Rooms Microsoft Teams + Env\u00edo a domicilio + Pago seguro + Garant\u00eda","breadcrumb":{"@id":"https:\/\/compuviper.mx\/tienda\/producto\/poly-99t09aaac3-sistema-de-videoconferencia-hp-99t09aaac3-g62-codec-para-grandes-espacios-de-reuniones-personalizados-experiencia-nativa-de-zoom-rooms-microsoft-teams\/#breadcrumb"},"inLanguage":"es-MX","potentialAction":[{"@type":"ReadAction","target":["https:\/\/compuviper.mx\/tienda\/producto\/poly-99t09aaac3-sistema-de-videoconferencia-hp-99t09aaac3-g62-codec-para-grandes-espacios-de-reuniones-personalizados-experiencia-nativa-de-zoom-rooms-microsoft-teams\/"]}]},{"@type":"BreadcrumbList","@id":"https:\/\/compuviper.mx\/tienda\/producto\/poly-99t09aaac3-sistema-de-videoconferencia-hp-99t09aaac3-g62-codec-para-grandes-espacios-de-reuniones-personalizados-experiencia-nativa-de-zoom-rooms-microsoft-teams\/#breadcrumb","itemListElement":[{"@type":"ListItem","position":1,"name":"Inicio","item":"https:\/\/compuviper.mx\/tienda\/"},{"@type":"ListItem","position":2,"name":"Productos","item":"https:\/\/compuviper.mx\/tienda\/productos\/"},{"@type":"ListItem","position":3,"name":"Videoconferencia","item":"https:\/\/compuviper.mx\/tienda\/categoria-producto\/videoconferencia\/"},{"@type":"ListItem","position":4,"name":"Sin Categor\u00eda","item":"https:\/\/compuviper.mx\/tienda\/categoria-producto\/videoconferencia\/sin-categoria-videoconferencia\/"},{"@type":"ListItem","position":5,"name":"Poly 99t09aa#ac3 Sistema De Videoconferencia Hp 99t09aaac3 G62\/ Codec Para Grandes Espacios De Reuniones Personalizados Experiencia Nativa De Zoom Rooms Microsoft Teams"}]},{"@type":"WebSite","@id":"https:\/\/compuviper.mx\/tienda\/#website","url":"https:\/\/compuviper.mx\/tienda\/","name":"Compuviper","description":"Proveedor de Computadoras, Laptops, Servidores, Monitores, Puntos de Venta, Teclados,   Impresoras, T\u00f3ner, C\u00e1maras de Seguridad y m\u00e1s en tu tienda en l\u00ednea","publisher":{"@id":"https:\/\/compuviper.mx\/tienda\/#organization"},"potentialAction":[{"@type":"SearchAction","target":{"@type":"EntryPoint","urlTemplate":"https:\/\/compuviper.mx\/tienda\/?s={search_term_string}"},"query-input":"required name=search_term_string"}],"inLanguage":"es-MX"},{"@type":"Organization","@id":"https:\/\/compuviper.mx\/tienda\/#organization","name":"Compuviper","url":"https:\/\/compuviper.mx\/tienda\/","logo":{"@type":"ImageObject","inLanguage":"es-MX","@id":"https:\/\/compuviper.mx\/tienda\/#\/schema\/logo\/image\/","url":"https:\/\/compuviper.mx\/tienda\/wp-content\/uploads\/2021\/08\/Logo-Compuviper-10.png","contentUrl":"https:\/\/compuviper.mx\/tienda\/wp-content\/uploads\/2021\/08\/Logo-Compuviper-10.png","width":1000,"height":500,"caption":"Compuviper"},"image":{"@id":"https:\/\/compuviper.mx\/tienda\/#\/schema\/logo\/image\/"},"sameAs":["https:\/\/www.facebook.com\/compuviper","https:\/\/www.youtube.com\/channel\/UCf73dERp9Y3cfOq7q8BhLjA?view_as=subscriber"]}]},"product_brand":"POLY","product_price_amount":"35559","product_price_currency":"MXN","og_availability":"backorder","product_availability":"available for order","product_retailer_item_id":"99T09AA#AC3","product_condition":"new"},"_links":{"self":[{"href":"https:\/\/compuviper.mx\/tienda\/wp-json\/wp\/v2\/product\/245446"}],"collection":[{"href":"https:\/\/compuviper.mx\/tienda\/wp-json\/wp\/v2\/product"}],"about":[{"href":"https:\/\/compuviper.mx\/tienda\/wp-json\/wp\/v2\/types\/product"}],"replies":[{"embeddable":true,"href":"https:\/\/compuviper.mx\/tienda\/wp-json\/wp\/v2\/comments?post=245446"}],"wp:featuredmedia":[{"embeddable":true,"href":"https:\/\/compuviper.mx\/tienda\/wp-json\/wp\/v2\/media\/258568"}],"wp:attachment":[{"href":"https:\/\/compuviper.mx\/tienda\/wp-json\/wp\/v2\/media?parent=245446"}],"wp:term":[{"taxonomy":"product_cat","embeddable":true,"href":"https:\/\/compuviper.mx\/tienda\/wp-json\/wp\/v2\/product_cat?post=245446"},{"taxonomy":"product_tag","embeddable":true,"href":"https:\/\/compuviper.mx\/tienda\/wp-json\/wp\/v2\/product_tag?post=245446"}],"curies":[{"name":"wp","href":"https:\/\/api.w.org\/{rel}","templated":true}]}}