{"id":245445,"date":"2026-04-02T02:15:53","date_gmt":"2026-04-02T08:15:53","guid":{"rendered":"https:\/\/compuviper.mx\/tienda\/producto\/net2phone-mmx-hp-ext-6-25-extension-ilimitada-para-conmutador-telefonico-en-la-nube-unite-de-11-a-25-usuarios-licencia-por-usuario-renta-mensual-entregaelectronica\/"},"modified":"2026-04-02T02:15:53","modified_gmt":"2026-04-02T08:15:53","slug":"net2phone-mmx-hp-ext-6-25-extension-ilimitada-para-conmutador-telefonico-en-la-nube-unite-de-11-a-25-usuarios-licencia-por-usuario-renta-mensual-entregaelectronica","status":"publish","type":"product","link":"https:\/\/compuviper.mx\/tienda\/producto\/net2phone-mmx-hp-ext-6-25-extension-ilimitada-para-conmutador-telefonico-en-la-nube-unite-de-11-a-25-usuarios-licencia-por-usuario-renta-mensual-entregaelectronica\/","title":{"rendered":"Net2phone Mmx-hp-ext-6-25 Extension Ilimitada &#8211;  &#8211; Para Conmutador Telefonico En La Nube Unite De 11 A 25 Usuarios &#8211; Licencia Por Usuario &#8211; Renta Mensual &#8211; Entregaelectronica"},"content":{"rendered":"<table class=\"descripcion\">\n<tr>\n<td>02 lineas por cada extension,  grabacion de llamadas ilimitadas  por extension, con 3 meses de almacenamiento, plataforma de videoconferencia huddle, llamadas ilimitadas a telefonos fijos y moviles a mexico , eua y canada  y llamadas ilimitadas a  telefonos fijos a mas de 23 paises argentina, alemania, austria, brasil, chile, costa rica, chipre, dinamarca, republica dominicana,  grecia, holanda, hungria, india, israel, italia,  panama, peru, portugal, puerto rico, espaa, suecia, israel, noruega, rumania, venezuela<\/td>\n<\/tr>\n<\/table>\n","protected":false},"excerpt":{"rendered":"<p>Profesionalice su empresa con conmutador telefonico en la nube unite de net2phone, contrate desde una extension y usela en 3 dispositivos, 02 lineas por cada extension,  grabacion de llamadas ilimitadas  por extension, con 3 meses de almacenamiento, plataforma de videoconferencia huddle, llamadas ilimitadas a telefonos fijos y moviles a mexico , eua y canada  y llamadas ilimitadas a  telefonos fijos a mas de 23 paises. Para cotizar favor de contactar a irlanda hernandez pm de net2phone  al 55 9557 8913.<\/p>\n","protected":false},"featured_media":261008,"comment_status":"open","ping_status":"open","template":"","meta":[],"product_cat":[2001,1827],"product_tag":[2213],"acf":[],"yoast_head":"<!-- This site is optimized with the Yoast SEO plugin v21.7 - https:\/\/yoast.com\/wordpress\/plugins\/seo\/ -->\n<title>[ Net2phone ] &#129351; Mmx-hp-ext-6-25 Extension Ilimitada - - Para Conmutador Telefonico En La Nube Unite De 11 A 25 Usuarios - Licencia Por Usuario - Renta Mensual - Entregaelectronica<\/title>\n<meta name=\"description\" content=\"Compra Mmx-hp-ext-6-25 Extension Ilimitada - - Para Conmutador Telefonico En La Nube Unite De 11 A 25 Usuarios - Licencia Por Usuario - Renta Mensual - Entregaelectronica + Env\u00edo a domicilio + Pago seguro + Garant\u00eda\" \/>\n<meta name=\"robots\" content=\"index, follow, max-snippet:-1, max-image-preview:large, max-video-preview:-1\" \/>\n<link rel=\"canonical\" href=\"https:\/\/compuviper.mx\/tienda\/producto\/net2phone-mmx-hp-ext-6-25-extension-ilimitada-para-conmutador-telefonico-en-la-nube-unite-de-11-a-25-usuarios-licencia-por-usuario-renta-mensual-entregaelectronica\/\" \/>\n<meta property=\"og:locale\" content=\"es_MX\" \/>\n<meta property=\"og:type\" content=\"article\" \/>\n<meta property=\"og:title\" content=\"[ Net2phone ] &#129351; Mmx-hp-ext-6-25 Extension Ilimitada - - Para Conmutador Telefonico En La Nube Unite De 11 A 25 Usuarios - Licencia Por Usuario - Renta Mensual - Entregaelectronica\" \/>\n<meta property=\"og:description\" content=\"Compra Mmx-hp-ext-6-25 Extension Ilimitada - - Para Conmutador Telefonico En La Nube Unite De 11 A 25 Usuarios - Licencia Por Usuario - Renta Mensual - Entregaelectronica + Env\u00edo a domicilio + Pago seguro + Garant\u00eda\" \/>\n<meta property=\"og:url\" content=\"https:\/\/compuviper.mx\/tienda\/producto\/net2phone-mmx-hp-ext-6-25-extension-ilimitada-para-conmutador-telefonico-en-la-nube-unite-de-11-a-25-usuarios-licencia-por-usuario-renta-mensual-entregaelectronica\/\" \/>\n<meta property=\"og:site_name\" content=\"Compuviper\" \/>\n<meta property=\"article:publisher\" content=\"https:\/\/www.facebook.com\/compuviper\" \/>\n<meta property=\"og:image\" content=\"https:\/\/compuviper.mx\/tienda\/wp-content\/uploads\/2025\/10\/Extension-ilimitada-net2phone-para-conmutador-telefonico-en-la-nube-unite-de-11-a-25-usuarios-licencia-por-usuario-renta-mensual-entregaelectronica.jpg\" \/>\n\t<meta property=\"og:image:width\" content=\"200\" \/>\n\t<meta property=\"og:image:height\" content=\"200\" \/>\n\t<meta property=\"og:image:type\" content=\"image\/jpeg\" \/>\n<meta name=\"twitter:card\" content=\"summary_large_image\" \/>\n<meta name=\"twitter:label1\" content=\"Precio\" \/>\n\t<meta name=\"twitter:data1\" content=\"&#36;365 con IVA\" \/>\n\t<meta name=\"twitter:label2\" content=\"Availability\" \/>\n\t<meta name=\"twitter:data2\" content=\"On backorder\" \/>\n<script type=\"application\/ld+json\" class=\"yoast-schema-graph\">{\"@context\":\"https:\/\/schema.org\",\"@graph\":[{\"@type\":\"WebPage\",\"@id\":\"https:\/\/compuviper.mx\/tienda\/producto\/net2phone-mmx-hp-ext-6-25-extension-ilimitada-para-conmutador-telefonico-en-la-nube-unite-de-11-a-25-usuarios-licencia-por-usuario-renta-mensual-entregaelectronica\/\",\"url\":\"https:\/\/compuviper.mx\/tienda\/producto\/net2phone-mmx-hp-ext-6-25-extension-ilimitada-para-conmutador-telefonico-en-la-nube-unite-de-11-a-25-usuarios-licencia-por-usuario-renta-mensual-entregaelectronica\/\",\"name\":\"[ Net2phone ] &#129351; Mmx-hp-ext-6-25 Extension Ilimitada - - Para Conmutador Telefonico En La Nube Unite De 11 A 25 Usuarios - Licencia Por Usuario - Renta Mensual - Entregaelectronica\",\"isPartOf\":{\"@id\":\"https:\/\/compuviper.mx\/tienda\/#website\"},\"datePublished\":\"2026-04-02T08:15:53+00:00\",\"dateModified\":\"2026-04-02T08:15:53+00:00\",\"description\":\"Compra Mmx-hp-ext-6-25 Extension Ilimitada - - Para Conmutador Telefonico En La Nube Unite De 11 A 25 Usuarios - Licencia Por Usuario - Renta Mensual - Entregaelectronica + Env\u00edo a domicilio + Pago seguro + Garant\u00eda\",\"breadcrumb\":{\"@id\":\"https:\/\/compuviper.mx\/tienda\/producto\/net2phone-mmx-hp-ext-6-25-extension-ilimitada-para-conmutador-telefonico-en-la-nube-unite-de-11-a-25-usuarios-licencia-por-usuario-renta-mensual-entregaelectronica\/#breadcrumb\"},\"inLanguage\":\"es-MX\",\"potentialAction\":[{\"@type\":\"ReadAction\",\"target\":[\"https:\/\/compuviper.mx\/tienda\/producto\/net2phone-mmx-hp-ext-6-25-extension-ilimitada-para-conmutador-telefonico-en-la-nube-unite-de-11-a-25-usuarios-licencia-por-usuario-renta-mensual-entregaelectronica\/\"]}]},{\"@type\":\"BreadcrumbList\",\"@id\":\"https:\/\/compuviper.mx\/tienda\/producto\/net2phone-mmx-hp-ext-6-25-extension-ilimitada-para-conmutador-telefonico-en-la-nube-unite-de-11-a-25-usuarios-licencia-por-usuario-renta-mensual-entregaelectronica\/#breadcrumb\",\"itemListElement\":[{\"@type\":\"ListItem\",\"position\":1,\"name\":\"Inicio\",\"item\":\"https:\/\/compuviper.mx\/tienda\/\"},{\"@type\":\"ListItem\",\"position\":2,\"name\":\"Productos\",\"item\":\"https:\/\/compuviper.mx\/tienda\/productos\/\"},{\"@type\":\"ListItem\",\"position\":3,\"name\":\"Software\",\"item\":\"https:\/\/compuviper.mx\/tienda\/categoria-producto\/software\/\"},{\"@type\":\"ListItem\",\"position\":4,\"name\":\"Licenciamiento Electronico\",\"item\":\"https:\/\/compuviper.mx\/tienda\/categoria-producto\/software\/licenciamiento-electronico\/\"},{\"@type\":\"ListItem\",\"position\":5,\"name\":\"Net2phone Mmx-hp-ext-6-25 Extension Ilimitada &#8211; &#8211; Para Conmutador Telefonico En La Nube Unite De 11 A 25 Usuarios &#8211; Licencia Por Usuario &#8211; Renta Mensual &#8211; Entregaelectronica\"}]},{\"@type\":\"WebSite\",\"@id\":\"https:\/\/compuviper.mx\/tienda\/#website\",\"url\":\"https:\/\/compuviper.mx\/tienda\/\",\"name\":\"Compuviper\",\"description\":\"Proveedor de Computadoras, Laptops, Servidores, Monitores, Puntos de Venta, Teclados,   Impresoras, T\u00f3ner, C\u00e1maras de Seguridad y m\u00e1s en tu tienda en l\u00ednea\",\"publisher\":{\"@id\":\"https:\/\/compuviper.mx\/tienda\/#organization\"},\"potentialAction\":[{\"@type\":\"SearchAction\",\"target\":{\"@type\":\"EntryPoint\",\"urlTemplate\":\"https:\/\/compuviper.mx\/tienda\/?s={search_term_string}\"},\"query-input\":\"required name=search_term_string\"}],\"inLanguage\":\"es-MX\"},{\"@type\":\"Organization\",\"@id\":\"https:\/\/compuviper.mx\/tienda\/#organization\",\"name\":\"Compuviper\",\"url\":\"https:\/\/compuviper.mx\/tienda\/\",\"logo\":{\"@type\":\"ImageObject\",\"inLanguage\":\"es-MX\",\"@id\":\"https:\/\/compuviper.mx\/tienda\/#\/schema\/logo\/image\/\",\"url\":\"https:\/\/compuviper.mx\/tienda\/wp-content\/uploads\/2021\/08\/Logo-Compuviper-10.png\",\"contentUrl\":\"https:\/\/compuviper.mx\/tienda\/wp-content\/uploads\/2021\/08\/Logo-Compuviper-10.png\",\"width\":1000,\"height\":500,\"caption\":\"Compuviper\"},\"image\":{\"@id\":\"https:\/\/compuviper.mx\/tienda\/#\/schema\/logo\/image\/\"},\"sameAs\":[\"https:\/\/www.facebook.com\/compuviper\",\"https:\/\/www.youtube.com\/channel\/UCf73dERp9Y3cfOq7q8BhLjA?view_as=subscriber\"]}]}<\/script>\n<meta property=\"product:brand\" content=\"Net2phone\" \/>\n<meta property=\"product:price:amount\" content=\"365\" \/>\n<meta property=\"product:price:currency\" content=\"MXN\" \/>\n<meta property=\"og:availability\" content=\"backorder\" \/>\n<meta property=\"product:availability\" content=\"available for order\" \/>\n<meta property=\"product:retailer_item_id\" content=\"MMX-HP-EXT-6-25\" \/>\n<meta property=\"product:condition\" content=\"new\" \/>\n<!-- \/ Yoast SEO plugin. -->","yoast_head_json":{"title":"[ Net2phone ] &#129351; Mmx-hp-ext-6-25 Extension Ilimitada - - Para Conmutador Telefonico En La Nube Unite De 11 A 25 Usuarios - Licencia Por Usuario - Renta Mensual - Entregaelectronica","description":"Compra Mmx-hp-ext-6-25 Extension Ilimitada - - Para Conmutador Telefonico En La Nube Unite De 11 A 25 Usuarios - Licencia Por Usuario - Renta Mensual - Entregaelectronica + Env\u00edo a domicilio + Pago seguro + Garant\u00eda","robots":{"index":"index","follow":"follow","max-snippet":"max-snippet:-1","max-image-preview":"max-image-preview:large","max-video-preview":"max-video-preview:-1"},"canonical":"https:\/\/compuviper.mx\/tienda\/producto\/net2phone-mmx-hp-ext-6-25-extension-ilimitada-para-conmutador-telefonico-en-la-nube-unite-de-11-a-25-usuarios-licencia-por-usuario-renta-mensual-entregaelectronica\/","og_locale":"es_MX","og_type":"article","og_title":"[ Net2phone ] &#129351; Mmx-hp-ext-6-25 Extension Ilimitada - - Para Conmutador Telefonico En La Nube Unite De 11 A 25 Usuarios - Licencia Por Usuario - Renta Mensual - Entregaelectronica","og_description":"Compra Mmx-hp-ext-6-25 Extension Ilimitada - - Para Conmutador Telefonico En La Nube Unite De 11 A 25 Usuarios - Licencia Por Usuario - Renta Mensual - Entregaelectronica + Env\u00edo a domicilio + Pago seguro + Garant\u00eda","og_url":"https:\/\/compuviper.mx\/tienda\/producto\/net2phone-mmx-hp-ext-6-25-extension-ilimitada-para-conmutador-telefonico-en-la-nube-unite-de-11-a-25-usuarios-licencia-por-usuario-renta-mensual-entregaelectronica\/","og_site_name":"Compuviper","article_publisher":"https:\/\/www.facebook.com\/compuviper","og_image":[{"width":200,"height":200,"url":"https:\/\/compuviper.mx\/tienda\/wp-content\/uploads\/2025\/10\/Extension-ilimitada-net2phone-para-conmutador-telefonico-en-la-nube-unite-de-11-a-25-usuarios-licencia-por-usuario-renta-mensual-entregaelectronica.jpg","type":"image\/jpeg"}],"twitter_card":"summary_large_image","twitter_misc":{"Precio":"&#36;365 con IVA","Availability":"On backorder"},"schema":{"@context":"https:\/\/schema.org","@graph":[{"@type":"WebPage","@id":"https:\/\/compuviper.mx\/tienda\/producto\/net2phone-mmx-hp-ext-6-25-extension-ilimitada-para-conmutador-telefonico-en-la-nube-unite-de-11-a-25-usuarios-licencia-por-usuario-renta-mensual-entregaelectronica\/","url":"https:\/\/compuviper.mx\/tienda\/producto\/net2phone-mmx-hp-ext-6-25-extension-ilimitada-para-conmutador-telefonico-en-la-nube-unite-de-11-a-25-usuarios-licencia-por-usuario-renta-mensual-entregaelectronica\/","name":"[ Net2phone ] &#129351; Mmx-hp-ext-6-25 Extension Ilimitada - - Para Conmutador Telefonico En La Nube Unite De 11 A 25 Usuarios - Licencia Por Usuario - Renta Mensual - Entregaelectronica","isPartOf":{"@id":"https:\/\/compuviper.mx\/tienda\/#website"},"datePublished":"2026-04-02T08:15:53+00:00","dateModified":"2026-04-02T08:15:53+00:00","description":"Compra Mmx-hp-ext-6-25 Extension Ilimitada - - Para Conmutador Telefonico En La Nube Unite De 11 A 25 Usuarios - Licencia Por Usuario - Renta Mensual - Entregaelectronica + Env\u00edo a domicilio + Pago seguro + Garant\u00eda","breadcrumb":{"@id":"https:\/\/compuviper.mx\/tienda\/producto\/net2phone-mmx-hp-ext-6-25-extension-ilimitada-para-conmutador-telefonico-en-la-nube-unite-de-11-a-25-usuarios-licencia-por-usuario-renta-mensual-entregaelectronica\/#breadcrumb"},"inLanguage":"es-MX","potentialAction":[{"@type":"ReadAction","target":["https:\/\/compuviper.mx\/tienda\/producto\/net2phone-mmx-hp-ext-6-25-extension-ilimitada-para-conmutador-telefonico-en-la-nube-unite-de-11-a-25-usuarios-licencia-por-usuario-renta-mensual-entregaelectronica\/"]}]},{"@type":"BreadcrumbList","@id":"https:\/\/compuviper.mx\/tienda\/producto\/net2phone-mmx-hp-ext-6-25-extension-ilimitada-para-conmutador-telefonico-en-la-nube-unite-de-11-a-25-usuarios-licencia-por-usuario-renta-mensual-entregaelectronica\/#breadcrumb","itemListElement":[{"@type":"ListItem","position":1,"name":"Inicio","item":"https:\/\/compuviper.mx\/tienda\/"},{"@type":"ListItem","position":2,"name":"Productos","item":"https:\/\/compuviper.mx\/tienda\/productos\/"},{"@type":"ListItem","position":3,"name":"Software","item":"https:\/\/compuviper.mx\/tienda\/categoria-producto\/software\/"},{"@type":"ListItem","position":4,"name":"Licenciamiento Electronico","item":"https:\/\/compuviper.mx\/tienda\/categoria-producto\/software\/licenciamiento-electronico\/"},{"@type":"ListItem","position":5,"name":"Net2phone Mmx-hp-ext-6-25 Extension Ilimitada &#8211; &#8211; Para Conmutador Telefonico En La Nube Unite De 11 A 25 Usuarios &#8211; Licencia Por Usuario &#8211; Renta Mensual &#8211; Entregaelectronica"}]},{"@type":"WebSite","@id":"https:\/\/compuviper.mx\/tienda\/#website","url":"https:\/\/compuviper.mx\/tienda\/","name":"Compuviper","description":"Proveedor de Computadoras, Laptops, Servidores, Monitores, Puntos de Venta, Teclados,   Impresoras, T\u00f3ner, C\u00e1maras de Seguridad y m\u00e1s en tu tienda en l\u00ednea","publisher":{"@id":"https:\/\/compuviper.mx\/tienda\/#organization"},"potentialAction":[{"@type":"SearchAction","target":{"@type":"EntryPoint","urlTemplate":"https:\/\/compuviper.mx\/tienda\/?s={search_term_string}"},"query-input":"required name=search_term_string"}],"inLanguage":"es-MX"},{"@type":"Organization","@id":"https:\/\/compuviper.mx\/tienda\/#organization","name":"Compuviper","url":"https:\/\/compuviper.mx\/tienda\/","logo":{"@type":"ImageObject","inLanguage":"es-MX","@id":"https:\/\/compuviper.mx\/tienda\/#\/schema\/logo\/image\/","url":"https:\/\/compuviper.mx\/tienda\/wp-content\/uploads\/2021\/08\/Logo-Compuviper-10.png","contentUrl":"https:\/\/compuviper.mx\/tienda\/wp-content\/uploads\/2021\/08\/Logo-Compuviper-10.png","width":1000,"height":500,"caption":"Compuviper"},"image":{"@id":"https:\/\/compuviper.mx\/tienda\/#\/schema\/logo\/image\/"},"sameAs":["https:\/\/www.facebook.com\/compuviper","https:\/\/www.youtube.com\/channel\/UCf73dERp9Y3cfOq7q8BhLjA?view_as=subscriber"]}]},"product_brand":"Net2phone","product_price_amount":"365","product_price_currency":"MXN","og_availability":"backorder","product_availability":"available for order","product_retailer_item_id":"MMX-HP-EXT-6-25","product_condition":"new"},"_links":{"self":[{"href":"https:\/\/compuviper.mx\/tienda\/wp-json\/wp\/v2\/product\/245445"}],"collection":[{"href":"https:\/\/compuviper.mx\/tienda\/wp-json\/wp\/v2\/product"}],"about":[{"href":"https:\/\/compuviper.mx\/tienda\/wp-json\/wp\/v2\/types\/product"}],"replies":[{"embeddable":true,"href":"https:\/\/compuviper.mx\/tienda\/wp-json\/wp\/v2\/comments?post=245445"}],"wp:featuredmedia":[{"embeddable":true,"href":"https:\/\/compuviper.mx\/tienda\/wp-json\/wp\/v2\/media\/261008"}],"wp:attachment":[{"href":"https:\/\/compuviper.mx\/tienda\/wp-json\/wp\/v2\/media?parent=245445"}],"wp:term":[{"taxonomy":"product_cat","embeddable":true,"href":"https:\/\/compuviper.mx\/tienda\/wp-json\/wp\/v2\/product_cat?post=245445"},{"taxonomy":"product_tag","embeddable":true,"href":"https:\/\/compuviper.mx\/tienda\/wp-json\/wp\/v2\/product_tag?post=245445"}],"curies":[{"name":"wp","href":"https:\/\/api.w.org\/{rel}","templated":true}]}}