{"id":245408,"date":"2026-04-29T01:42:35","date_gmt":"2026-04-29T07:42:35","guid":{"rendered":"https:\/\/compuviper.mx\/tienda\/producto\/perfect-choice-pc-270188-reloj-inteligente-elementum-metalico-amoled-proteccion-ipx68\/"},"modified":"2026-04-29T01:42:35","modified_gmt":"2026-04-29T07:42:35","slug":"perfect-choice-pc-270188-reloj-inteligente-elementum-metalico-amoled-proteccion-ipx68","status":"publish","type":"product","link":"https:\/\/compuviper.mx\/tienda\/producto\/perfect-choice-pc-270188-reloj-inteligente-elementum-metalico-amoled-proteccion-ipx68\/","title":{"rendered":"Perfect Choice Pc-270188 Reloj Inteligente Elementum , Metalico Amoled, Proteccion Ipx68"},"content":{"rendered":"<table class=\"descripcion\">\n<tr>\n<td>Especificaciones t\u00e9cnicas<\/td>\n<\/tr>\n<tr>\n<td>\u0095 alimentaci\u00f3n: 5vcc 1a<\/td>\n<\/tr>\n<tr>\n<td>\u0095 transmisi\u00f3n. inal\u00e1mbrica bluetooth 5.2<\/td>\n<\/tr>\n<tr>\n<td>\u0095 pantalla: 2.01 240x296p<\/td>\n<\/tr>\n<tr>\n<td>\u0095 chip: bt8959t5<\/td>\n<\/tr>\n<tr>\n<td>\u0095 bater\u00eda: 600mah gran capacidad<\/td>\n<\/tr>\n<tr>\n<td>\u0095 tiempo de uso: hasta 10 d\u00edas por carga<\/td>\n<\/tr>\n<tr>\n<td>\u0095 protecci\u00f3n ip68<\/td>\n<\/tr>\n<tr>\n<td>\u0095 material: aleaci\u00f3n de zinc + abs<\/td>\n<\/tr>\n<tr>\n<td>\u0095 aplicaci\u00f3n: fitcloudpro<\/td>\n<\/tr>\n<tr>\n<td>\u0095 funciones: control de reproducci\u00f3n y c\u00e1mara, monitor de sue\u00f1o, clima, llamada entrante, multi-deportes, notificaciones de mensajes, control de pasos y calor\u00edas.<\/td>\n<\/tr>\n<tr>\n<td>\u0095 medidas:<\/td>\n<\/tr>\n<tr>\n<td>Sin correa: 4.5 x 5 x 1.2 cm<\/td>\n<\/tr>\n<tr>\n<td>Longitud de la correa: 21.5 x 2.5 x 0.3 cm<\/td>\n<\/tr>\n<tr>\n<td>\u0095 peso: 110 g<\/td>\n<\/tr>\n<tr>\n<td>Contenido del empaque<\/td>\n<\/tr>\n<tr>\n<td>\u0095 1 reloj inteligente<\/td>\n<\/tr>\n<tr>\n<td>\u0095 1 juego de extensible met\u00e1lico<\/td>\n<\/tr>\n<tr>\n<td>\u0095 1 juego de extensible de silic\u00f3n \u0095 gu\u00eda de usuario<\/td>\n<\/tr>\n<tr>\n<td>\u0095 cable de carga<\/td>\n<\/tr>\n<\/table>\n","protected":false},"excerpt":{"rendered":"<p>Combina estilo y funcionalidad con este smartwatch de pantalla amoled que ofrece una protecci\u00f3n total contra el agua ipx68 y un dise\u00f1o casual y elegante . Perfecto para tu d\u00eda a d\u00eda, este reloj inteligente cuenta con m\u00faltiples funciones, como control de reproducci\u00f3n de m\u00fasica , c\u00e1mara remota , monitoreo del clima , notificaciones de llamadas entrantes y modos multideporte para tus entrenamientos. Incluye extensible deportivo extra (silic\u00f3n). Pantalla amoled de alta definici\u00f3n: disfruta de una pantalla vibrante y n\u00edtida gracias a la tecnolog\u00eda amoled , que ofrece colores brillantes y detalles claros incluso en exteriores. Protecci\u00f3n total ipx68 &#8211; sumergible: resistente al agua y al polvo, con certificaci\u00f3n ipx68 , este reloj inteligente es sumergible, ideal para nadar, entrenar bajo la lluvia o usar en condiciones extremas. Dise\u00f1o casual y elegante: combina la funcionalidad deportiva con un dise\u00f1o moderno y sofisticado , adecuado tanto para el trabajo como para el tiempo libre.<\/p>\n","protected":false},"featured_media":260737,"comment_status":"open","ping_status":"open","template":"","meta":[],"product_cat":[1799,1800],"product_tag":[1513],"acf":[],"yoast_head":"<!-- This site is optimized with the Yoast SEO plugin v21.7 - https:\/\/yoast.com\/wordpress\/plugins\/seo\/ -->\n<title>[ Perfect Choice ] &#129351; Pc-270188 Reloj Inteligente Elementum , Metalico Amoled, Proteccion Ipx68<\/title>\n<meta name=\"description\" content=\"Compra Pc-270188 Reloj Inteligente Elementum , Metalico Amoled, Proteccion Ipx68 + Env\u00edo a domicilio + Pago seguro + Garant\u00eda\" \/>\n<meta name=\"robots\" content=\"index, follow, max-snippet:-1, max-image-preview:large, max-video-preview:-1\" \/>\n<link rel=\"canonical\" href=\"https:\/\/compuviper.mx\/tienda\/producto\/perfect-choice-pc-270188-reloj-inteligente-elementum-metalico-amoled-proteccion-ipx68\/\" \/>\n<meta property=\"og:locale\" content=\"es_MX\" \/>\n<meta property=\"og:type\" content=\"article\" \/>\n<meta property=\"og:title\" content=\"[ Perfect Choice ] &#129351; Pc-270188 Reloj Inteligente Elementum , Metalico Amoled, Proteccion Ipx68\" \/>\n<meta property=\"og:description\" content=\"Compra Pc-270188 Reloj Inteligente Elementum , Metalico Amoled, Proteccion Ipx68 + Env\u00edo a domicilio + Pago seguro + Garant\u00eda\" \/>\n<meta property=\"og:url\" content=\"https:\/\/compuviper.mx\/tienda\/producto\/perfect-choice-pc-270188-reloj-inteligente-elementum-metalico-amoled-proteccion-ipx68\/\" \/>\n<meta property=\"og:site_name\" content=\"Compuviper\" \/>\n<meta property=\"article:publisher\" content=\"https:\/\/www.facebook.com\/compuviper\" \/>\n<meta property=\"og:image\" content=\"https:\/\/compuviper.mx\/tienda\/wp-content\/uploads\/2025\/10\/Reloj-inteligente-elementum-perfect-choice-metalico-amoled-proteccion-ipx68.jpg\" \/>\n\t<meta property=\"og:image:width\" content=\"200\" \/>\n\t<meta property=\"og:image:height\" content=\"200\" \/>\n\t<meta property=\"og:image:type\" content=\"image\/jpeg\" \/>\n<meta name=\"twitter:card\" content=\"summary_large_image\" \/>\n<meta name=\"twitter:label1\" content=\"Precio\" \/>\n\t<meta name=\"twitter:data1\" content=\"&#36;1,056 &#36;972 con IVA\" \/>\n\t<meta name=\"twitter:label2\" content=\"Availability\" \/>\n\t<meta name=\"twitter:data2\" content=\"In stock\" \/>\n<script type=\"application\/ld+json\" class=\"yoast-schema-graph\">{\"@context\":\"https:\/\/schema.org\",\"@graph\":[{\"@type\":\"WebPage\",\"@id\":\"https:\/\/compuviper.mx\/tienda\/producto\/perfect-choice-pc-270188-reloj-inteligente-elementum-metalico-amoled-proteccion-ipx68\/\",\"url\":\"https:\/\/compuviper.mx\/tienda\/producto\/perfect-choice-pc-270188-reloj-inteligente-elementum-metalico-amoled-proteccion-ipx68\/\",\"name\":\"[ Perfect Choice ] &#129351; Pc-270188 Reloj Inteligente Elementum , Metalico Amoled, Proteccion Ipx68\",\"isPartOf\":{\"@id\":\"https:\/\/compuviper.mx\/tienda\/#website\"},\"datePublished\":\"2026-04-29T07:42:35+00:00\",\"dateModified\":\"2026-04-29T07:42:35+00:00\",\"description\":\"Compra Pc-270188 Reloj Inteligente Elementum , Metalico Amoled, Proteccion Ipx68 + Env\u00edo a domicilio + Pago seguro + Garant\u00eda\",\"breadcrumb\":{\"@id\":\"https:\/\/compuviper.mx\/tienda\/producto\/perfect-choice-pc-270188-reloj-inteligente-elementum-metalico-amoled-proteccion-ipx68\/#breadcrumb\"},\"inLanguage\":\"es-MX\",\"potentialAction\":[{\"@type\":\"ReadAction\",\"target\":[\"https:\/\/compuviper.mx\/tienda\/producto\/perfect-choice-pc-270188-reloj-inteligente-elementum-metalico-amoled-proteccion-ipx68\/\"]}]},{\"@type\":\"BreadcrumbList\",\"@id\":\"https:\/\/compuviper.mx\/tienda\/producto\/perfect-choice-pc-270188-reloj-inteligente-elementum-metalico-amoled-proteccion-ipx68\/#breadcrumb\",\"itemListElement\":[{\"@type\":\"ListItem\",\"position\":1,\"name\":\"Inicio\",\"item\":\"https:\/\/compuviper.mx\/tienda\/\"},{\"@type\":\"ListItem\",\"position\":2,\"name\":\"Productos\",\"item\":\"https:\/\/compuviper.mx\/tienda\/productos\/\"},{\"@type\":\"ListItem\",\"position\":3,\"name\":\"Relojes\",\"item\":\"https:\/\/compuviper.mx\/tienda\/categoria-producto\/relojes\/\"},{\"@type\":\"ListItem\",\"position\":4,\"name\":\"Smartwatch\",\"item\":\"https:\/\/compuviper.mx\/tienda\/categoria-producto\/relojes\/smartwatch\/\"},{\"@type\":\"ListItem\",\"position\":5,\"name\":\"Perfect Choice Pc-270188 Reloj Inteligente Elementum , Metalico Amoled, Proteccion Ipx68\"}]},{\"@type\":\"WebSite\",\"@id\":\"https:\/\/compuviper.mx\/tienda\/#website\",\"url\":\"https:\/\/compuviper.mx\/tienda\/\",\"name\":\"Compuviper\",\"description\":\"Proveedor de Computadoras, Laptops, Servidores, Monitores, Puntos de Venta, Teclados,   Impresoras, T\u00f3ner, C\u00e1maras de Seguridad y m\u00e1s en tu tienda en l\u00ednea\",\"publisher\":{\"@id\":\"https:\/\/compuviper.mx\/tienda\/#organization\"},\"potentialAction\":[{\"@type\":\"SearchAction\",\"target\":{\"@type\":\"EntryPoint\",\"urlTemplate\":\"https:\/\/compuviper.mx\/tienda\/?s={search_term_string}\"},\"query-input\":\"required name=search_term_string\"}],\"inLanguage\":\"es-MX\"},{\"@type\":\"Organization\",\"@id\":\"https:\/\/compuviper.mx\/tienda\/#organization\",\"name\":\"Compuviper\",\"url\":\"https:\/\/compuviper.mx\/tienda\/\",\"logo\":{\"@type\":\"ImageObject\",\"inLanguage\":\"es-MX\",\"@id\":\"https:\/\/compuviper.mx\/tienda\/#\/schema\/logo\/image\/\",\"url\":\"https:\/\/compuviper.mx\/tienda\/wp-content\/uploads\/2021\/08\/Logo-Compuviper-10.png\",\"contentUrl\":\"https:\/\/compuviper.mx\/tienda\/wp-content\/uploads\/2021\/08\/Logo-Compuviper-10.png\",\"width\":1000,\"height\":500,\"caption\":\"Compuviper\"},\"image\":{\"@id\":\"https:\/\/compuviper.mx\/tienda\/#\/schema\/logo\/image\/\"},\"sameAs\":[\"https:\/\/www.facebook.com\/compuviper\",\"https:\/\/www.youtube.com\/channel\/UCf73dERp9Y3cfOq7q8BhLjA?view_as=subscriber\"]}]}<\/script>\n<meta property=\"product:brand\" content=\"PERFECT CHOICE\" \/>\n<meta property=\"product:price:amount\" content=\"972\" \/>\n<meta property=\"product:price:currency\" content=\"MXN\" \/>\n<meta property=\"og:availability\" content=\"instock\" \/>\n<meta property=\"product:availability\" content=\"instock\" \/>\n<meta property=\"product:retailer_item_id\" content=\"PC-270188\" \/>\n<meta property=\"product:condition\" content=\"new\" \/>\n<!-- \/ Yoast SEO plugin. -->","yoast_head_json":{"title":"[ Perfect Choice ] &#129351; Pc-270188 Reloj Inteligente Elementum , Metalico Amoled, Proteccion Ipx68","description":"Compra Pc-270188 Reloj Inteligente Elementum , Metalico Amoled, Proteccion Ipx68 + Env\u00edo a domicilio + Pago seguro + Garant\u00eda","robots":{"index":"index","follow":"follow","max-snippet":"max-snippet:-1","max-image-preview":"max-image-preview:large","max-video-preview":"max-video-preview:-1"},"canonical":"https:\/\/compuviper.mx\/tienda\/producto\/perfect-choice-pc-270188-reloj-inteligente-elementum-metalico-amoled-proteccion-ipx68\/","og_locale":"es_MX","og_type":"article","og_title":"[ Perfect Choice ] &#129351; Pc-270188 Reloj Inteligente Elementum , Metalico Amoled, Proteccion Ipx68","og_description":"Compra Pc-270188 Reloj Inteligente Elementum , Metalico Amoled, Proteccion Ipx68 + Env\u00edo a domicilio + Pago seguro + Garant\u00eda","og_url":"https:\/\/compuviper.mx\/tienda\/producto\/perfect-choice-pc-270188-reloj-inteligente-elementum-metalico-amoled-proteccion-ipx68\/","og_site_name":"Compuviper","article_publisher":"https:\/\/www.facebook.com\/compuviper","og_image":[{"width":200,"height":200,"url":"https:\/\/compuviper.mx\/tienda\/wp-content\/uploads\/2025\/10\/Reloj-inteligente-elementum-perfect-choice-metalico-amoled-proteccion-ipx68.jpg","type":"image\/jpeg"}],"twitter_card":"summary_large_image","twitter_misc":{"Precio":"&#36;1,056 &#36;972 con IVA","Availability":"In stock"},"schema":{"@context":"https:\/\/schema.org","@graph":[{"@type":"WebPage","@id":"https:\/\/compuviper.mx\/tienda\/producto\/perfect-choice-pc-270188-reloj-inteligente-elementum-metalico-amoled-proteccion-ipx68\/","url":"https:\/\/compuviper.mx\/tienda\/producto\/perfect-choice-pc-270188-reloj-inteligente-elementum-metalico-amoled-proteccion-ipx68\/","name":"[ Perfect Choice ] &#129351; Pc-270188 Reloj Inteligente Elementum , Metalico Amoled, Proteccion Ipx68","isPartOf":{"@id":"https:\/\/compuviper.mx\/tienda\/#website"},"datePublished":"2026-04-29T07:42:35+00:00","dateModified":"2026-04-29T07:42:35+00:00","description":"Compra Pc-270188 Reloj Inteligente Elementum , Metalico Amoled, Proteccion Ipx68 + Env\u00edo a domicilio + Pago seguro + Garant\u00eda","breadcrumb":{"@id":"https:\/\/compuviper.mx\/tienda\/producto\/perfect-choice-pc-270188-reloj-inteligente-elementum-metalico-amoled-proteccion-ipx68\/#breadcrumb"},"inLanguage":"es-MX","potentialAction":[{"@type":"ReadAction","target":["https:\/\/compuviper.mx\/tienda\/producto\/perfect-choice-pc-270188-reloj-inteligente-elementum-metalico-amoled-proteccion-ipx68\/"]}]},{"@type":"BreadcrumbList","@id":"https:\/\/compuviper.mx\/tienda\/producto\/perfect-choice-pc-270188-reloj-inteligente-elementum-metalico-amoled-proteccion-ipx68\/#breadcrumb","itemListElement":[{"@type":"ListItem","position":1,"name":"Inicio","item":"https:\/\/compuviper.mx\/tienda\/"},{"@type":"ListItem","position":2,"name":"Productos","item":"https:\/\/compuviper.mx\/tienda\/productos\/"},{"@type":"ListItem","position":3,"name":"Relojes","item":"https:\/\/compuviper.mx\/tienda\/categoria-producto\/relojes\/"},{"@type":"ListItem","position":4,"name":"Smartwatch","item":"https:\/\/compuviper.mx\/tienda\/categoria-producto\/relojes\/smartwatch\/"},{"@type":"ListItem","position":5,"name":"Perfect Choice Pc-270188 Reloj Inteligente Elementum , Metalico Amoled, Proteccion Ipx68"}]},{"@type":"WebSite","@id":"https:\/\/compuviper.mx\/tienda\/#website","url":"https:\/\/compuviper.mx\/tienda\/","name":"Compuviper","description":"Proveedor de Computadoras, Laptops, Servidores, Monitores, Puntos de Venta, Teclados,   Impresoras, T\u00f3ner, C\u00e1maras de Seguridad y m\u00e1s en tu tienda en l\u00ednea","publisher":{"@id":"https:\/\/compuviper.mx\/tienda\/#organization"},"potentialAction":[{"@type":"SearchAction","target":{"@type":"EntryPoint","urlTemplate":"https:\/\/compuviper.mx\/tienda\/?s={search_term_string}"},"query-input":"required name=search_term_string"}],"inLanguage":"es-MX"},{"@type":"Organization","@id":"https:\/\/compuviper.mx\/tienda\/#organization","name":"Compuviper","url":"https:\/\/compuviper.mx\/tienda\/","logo":{"@type":"ImageObject","inLanguage":"es-MX","@id":"https:\/\/compuviper.mx\/tienda\/#\/schema\/logo\/image\/","url":"https:\/\/compuviper.mx\/tienda\/wp-content\/uploads\/2021\/08\/Logo-Compuviper-10.png","contentUrl":"https:\/\/compuviper.mx\/tienda\/wp-content\/uploads\/2021\/08\/Logo-Compuviper-10.png","width":1000,"height":500,"caption":"Compuviper"},"image":{"@id":"https:\/\/compuviper.mx\/tienda\/#\/schema\/logo\/image\/"},"sameAs":["https:\/\/www.facebook.com\/compuviper","https:\/\/www.youtube.com\/channel\/UCf73dERp9Y3cfOq7q8BhLjA?view_as=subscriber"]}]},"product_brand":"PERFECT CHOICE","product_price_amount":"972","product_price_currency":"MXN","og_availability":"instock","product_availability":"instock","product_retailer_item_id":"PC-270188","product_condition":"new"},"_links":{"self":[{"href":"https:\/\/compuviper.mx\/tienda\/wp-json\/wp\/v2\/product\/245408"}],"collection":[{"href":"https:\/\/compuviper.mx\/tienda\/wp-json\/wp\/v2\/product"}],"about":[{"href":"https:\/\/compuviper.mx\/tienda\/wp-json\/wp\/v2\/types\/product"}],"replies":[{"embeddable":true,"href":"https:\/\/compuviper.mx\/tienda\/wp-json\/wp\/v2\/comments?post=245408"}],"wp:featuredmedia":[{"embeddable":true,"href":"https:\/\/compuviper.mx\/tienda\/wp-json\/wp\/v2\/media\/260737"}],"wp:attachment":[{"href":"https:\/\/compuviper.mx\/tienda\/wp-json\/wp\/v2\/media?parent=245408"}],"wp:term":[{"taxonomy":"product_cat","embeddable":true,"href":"https:\/\/compuviper.mx\/tienda\/wp-json\/wp\/v2\/product_cat?post=245408"},{"taxonomy":"product_tag","embeddable":true,"href":"https:\/\/compuviper.mx\/tienda\/wp-json\/wp\/v2\/product_tag?post=245408"}],"curies":[{"name":"wp","href":"https:\/\/api.w.org\/{rel}","templated":true}]}}