{"id":245356,"date":"2026-04-22T00:26:31","date_gmt":"2026-04-22T06:26:31","guid":{"rendered":"https:\/\/compuviper.mx\/tienda\/producto\/forza-ht-1000lcd-ups-interactivo-1000va-600w-12-salidas-6-6-salidas-coaxial-y-usb-sobremesa-120v-negro\/"},"modified":"2026-04-22T00:26:31","modified_gmt":"2026-04-22T06:26:31","slug":"forza-ht-1000lcd-ups-interactivo-1000va-600w-12-salidas-6-6-salidas-coaxial-y-usb-sobremesa-120v-negro","status":"publish","type":"product","link":"https:\/\/compuviper.mx\/tienda\/producto\/forza-ht-1000lcd-ups-interactivo-1000va-600w-12-salidas-6-6-salidas-coaxial-y-usb-sobremesa-120v-negro\/","title":{"rendered":"Forza Ht-1000lcd Ups   Interactivo 1000va\/600w 12 Salidas (6\/6) Salidas Coaxial Y Usb Sobremesa 120v Negro"},"content":{"rendered":"<table class=\"descripcion\">\n<tr>\n<td>Aspectos generales<\/td>\n<\/tr>\n<tr>\n<td>Capacidad 1000va\/600w<\/td>\n<\/tr>\n<tr>\n<td>Entrada<\/td>\n<\/tr>\n<tr>\n<td>Tension nominal 120v<\/td>\n<\/tr>\n<tr>\n<td>Margen de tension 81-145vca<\/td>\n<\/tr>\n<tr>\n<td>Frecuencia 45-65hz deteccion automatica<\/td>\n<\/tr>\n<tr>\n<td>Tipo de enchufe de ca nema 5-15p<\/td>\n<\/tr>\n<tr>\n<td>Salida<\/td>\n<\/tr>\n<tr>\n<td>Tension nominal 120v \/- 10<\/td>\n<\/tr>\n<tr>\n<td>Frecuencia 50\/60hz<\/td>\n<\/tr>\n<tr>\n<td>Estabilidad de frecuencia \/- 1hz en modo bateria<\/td>\n<\/tr>\n<tr>\n<td>Forma de onda onda sinusoidal modificada<\/td>\n<\/tr>\n<tr>\n<td>Numero total de salidas 12 nema 5-15r<\/td>\n<\/tr>\n<tr>\n<td>Tomacorrientes con respaldo de bateria supresion de sobretension 6<\/td>\n<\/tr>\n<tr>\n<td>Tomacorrientes exclusivos contra sobretension 6<\/td>\n<\/tr>\n<tr>\n<td>Proteccion para cable y satelite incluido<\/td>\n<\/tr>\n<tr>\n<td>Puertos de carga usb 2 usb-a  1 usb-c<\/td>\n<\/tr>\n<tr>\n<td>Bateria<\/td>\n<\/tr>\n<tr>\n<td>Tipo y numero de baterias 12v\/9ah 1<\/td>\n<\/tr>\n<tr>\n<td>Tiempo de autonomia 32 min<\/td>\n<\/tr>\n<tr>\n<td>Tiempo de recarga hasta el 90 de su capacidad en 4 horas tras haberse agotado por completo<\/td>\n<\/tr>\n<tr>\n<td>Alarmas<\/td>\n<\/tr>\n<tr>\n<td>Indicadores visuales pantalla de lcd de facil lectura con luz de fondo azul que exhibe el voltaje de entrada y de salida, el estado de la bateria, el nivel de carga y el estado de la ups<\/td>\n<\/tr>\n<tr>\n<td>Alarma audible modo de bateria: se activa cada 10 segundos bajo voltaje de la bateria: se activa cada 1 segundo sobrecarga: se activa cada 0.5 segundo falla: sonido continuado<\/td>\n<\/tr>\n<tr>\n<td>Informacion adicional<\/td>\n<\/tr>\n<tr>\n<td>Garantia 3 aos<\/td>\n<\/tr>\n<\/table>\n","protected":false},"excerpt":{"rendered":"<p>La serie ht de forza es un sistema ups de linea interactiva concebido para suministrar energia electrica limpia a sus equipos de oficina, electronicos y sistemas de cine en el hogar, a la par con un avanzado nivel de proteccion. Evita la degradacion del rendimiento de su valioso equipo y la perdida de datos al mantener un flujo de corriente constante durante interrupciones en el servicio electrico o ante fluctuaciones en la linea de suministro. Al integrar una practica pantalla lcd, proteccion coaxial contra sobretensiones, ademas de la funcion de respaldo con bateria en una sola unidad, la serie ht surge como la mejor en su tipo por su desempeo, calidad y reducido tamao. Disponible en configuraciones de 750va y 1000va.<\/p>\n","protected":false},"featured_media":259566,"comment_status":"open","ping_status":"open","template":"","meta":[],"product_cat":[1508,1691],"product_tag":[2260],"acf":[],"yoast_head":"<!-- This site is optimized with the Yoast SEO plugin v21.7 - https:\/\/yoast.com\/wordpress\/plugins\/seo\/ -->\n<title>[ Forza ] &#129351; Ht-1000lcd Ups Interactivo 1000va\/600w 12 Salidas (6\/6) Salidas Coaxial Y Usb Sobremesa 120v Negro<\/title>\n<meta name=\"description\" content=\"Compra Ht-1000lcd Ups Interactivo 1000va\/600w 12 Salidas (6\/6) Salidas Coaxial Y Usb Sobremesa 120v Negro + Env\u00edo a domicilio + Pago seguro + Garant\u00eda\" \/>\n<meta name=\"robots\" content=\"index, follow, max-snippet:-1, max-image-preview:large, max-video-preview:-1\" \/>\n<link rel=\"canonical\" href=\"https:\/\/compuviper.mx\/tienda\/producto\/forza-ht-1000lcd-ups-interactivo-1000va-600w-12-salidas-6-6-salidas-coaxial-y-usb-sobremesa-120v-negro\/\" \/>\n<meta property=\"og:locale\" content=\"es_MX\" \/>\n<meta property=\"og:type\" content=\"article\" \/>\n<meta property=\"og:title\" content=\"[ Forza ] &#129351; Ht-1000lcd Ups Interactivo 1000va\/600w 12 Salidas (6\/6) Salidas Coaxial Y Usb Sobremesa 120v Negro\" \/>\n<meta property=\"og:description\" content=\"Compra Ht-1000lcd Ups Interactivo 1000va\/600w 12 Salidas (6\/6) Salidas Coaxial Y Usb Sobremesa 120v Negro + Env\u00edo a domicilio + Pago seguro + Garant\u00eda\" \/>\n<meta property=\"og:url\" content=\"https:\/\/compuviper.mx\/tienda\/producto\/forza-ht-1000lcd-ups-interactivo-1000va-600w-12-salidas-6-6-salidas-coaxial-y-usb-sobremesa-120v-negro\/\" \/>\n<meta property=\"og:site_name\" content=\"Compuviper\" \/>\n<meta property=\"article:publisher\" content=\"https:\/\/www.facebook.com\/compuviper\" \/>\n<meta property=\"og:image\" content=\"https:\/\/compuviper.mx\/tienda\/wp-content\/uploads\/2025\/10\/Ups-forza-ht-1000lcd-interactivo-1000va600w-12-salidas-66-salidas-coaxial-y-usb-sobremesa-120v-negro.jpg\" \/>\n\t<meta property=\"og:image:width\" content=\"200\" \/>\n\t<meta property=\"og:image:height\" content=\"200\" \/>\n\t<meta property=\"og:image:type\" content=\"image\/jpeg\" \/>\n<meta name=\"twitter:card\" content=\"summary_large_image\" \/>\n<meta name=\"twitter:label1\" content=\"Precio\" \/>\n\t<meta name=\"twitter:data1\" content=\"&#36;1,556 con IVA\" \/>\n\t<meta name=\"twitter:label2\" content=\"Availability\" \/>\n\t<meta name=\"twitter:data2\" content=\"Out of stock\" \/>\n<script type=\"application\/ld+json\" class=\"yoast-schema-graph\">{\"@context\":\"https:\/\/schema.org\",\"@graph\":[{\"@type\":\"WebPage\",\"@id\":\"https:\/\/compuviper.mx\/tienda\/producto\/forza-ht-1000lcd-ups-interactivo-1000va-600w-12-salidas-6-6-salidas-coaxial-y-usb-sobremesa-120v-negro\/\",\"url\":\"https:\/\/compuviper.mx\/tienda\/producto\/forza-ht-1000lcd-ups-interactivo-1000va-600w-12-salidas-6-6-salidas-coaxial-y-usb-sobremesa-120v-negro\/\",\"name\":\"[ Forza ] &#129351; Ht-1000lcd Ups Interactivo 1000va\/600w 12 Salidas (6\/6) Salidas Coaxial Y Usb Sobremesa 120v Negro\",\"isPartOf\":{\"@id\":\"https:\/\/compuviper.mx\/tienda\/#website\"},\"datePublished\":\"2026-04-22T06:26:31+00:00\",\"dateModified\":\"2026-04-22T06:26:31+00:00\",\"description\":\"Compra Ht-1000lcd Ups Interactivo 1000va\/600w 12 Salidas (6\/6) Salidas Coaxial Y Usb Sobremesa 120v Negro + Env\u00edo a domicilio + Pago seguro + Garant\u00eda\",\"breadcrumb\":{\"@id\":\"https:\/\/compuviper.mx\/tienda\/producto\/forza-ht-1000lcd-ups-interactivo-1000va-600w-12-salidas-6-6-salidas-coaxial-y-usb-sobremesa-120v-negro\/#breadcrumb\"},\"inLanguage\":\"es-MX\",\"potentialAction\":[{\"@type\":\"ReadAction\",\"target\":[\"https:\/\/compuviper.mx\/tienda\/producto\/forza-ht-1000lcd-ups-interactivo-1000va-600w-12-salidas-6-6-salidas-coaxial-y-usb-sobremesa-120v-negro\/\"]}]},{\"@type\":\"BreadcrumbList\",\"@id\":\"https:\/\/compuviper.mx\/tienda\/producto\/forza-ht-1000lcd-ups-interactivo-1000va-600w-12-salidas-6-6-salidas-coaxial-y-usb-sobremesa-120v-negro\/#breadcrumb\",\"itemListElement\":[{\"@type\":\"ListItem\",\"position\":1,\"name\":\"Inicio\",\"item\":\"https:\/\/compuviper.mx\/tienda\/\"},{\"@type\":\"ListItem\",\"position\":2,\"name\":\"Productos\",\"item\":\"https:\/\/compuviper.mx\/tienda\/productos\/\"},{\"@type\":\"ListItem\",\"position\":3,\"name\":\"Energia\",\"item\":\"https:\/\/compuviper.mx\/tienda\/categoria-producto\/energia\/\"},{\"@type\":\"ListItem\",\"position\":4,\"name\":\"No Break\",\"item\":\"https:\/\/compuviper.mx\/tienda\/categoria-producto\/energia\/no-break\/\"},{\"@type\":\"ListItem\",\"position\":5,\"name\":\"Forza Ht-1000lcd Ups Interactivo 1000va\/600w 12 Salidas (6\/6) Salidas Coaxial Y Usb Sobremesa 120v Negro\"}]},{\"@type\":\"WebSite\",\"@id\":\"https:\/\/compuviper.mx\/tienda\/#website\",\"url\":\"https:\/\/compuviper.mx\/tienda\/\",\"name\":\"Compuviper\",\"description\":\"Proveedor de Computadoras, Laptops, Servidores, Monitores, Puntos de Venta, Teclados,   Impresoras, T\u00f3ner, C\u00e1maras de Seguridad y m\u00e1s en tu tienda en l\u00ednea\",\"publisher\":{\"@id\":\"https:\/\/compuviper.mx\/tienda\/#organization\"},\"potentialAction\":[{\"@type\":\"SearchAction\",\"target\":{\"@type\":\"EntryPoint\",\"urlTemplate\":\"https:\/\/compuviper.mx\/tienda\/?s={search_term_string}\"},\"query-input\":\"required name=search_term_string\"}],\"inLanguage\":\"es-MX\"},{\"@type\":\"Organization\",\"@id\":\"https:\/\/compuviper.mx\/tienda\/#organization\",\"name\":\"Compuviper\",\"url\":\"https:\/\/compuviper.mx\/tienda\/\",\"logo\":{\"@type\":\"ImageObject\",\"inLanguage\":\"es-MX\",\"@id\":\"https:\/\/compuviper.mx\/tienda\/#\/schema\/logo\/image\/\",\"url\":\"https:\/\/compuviper.mx\/tienda\/wp-content\/uploads\/2021\/08\/Logo-Compuviper-10.png\",\"contentUrl\":\"https:\/\/compuviper.mx\/tienda\/wp-content\/uploads\/2021\/08\/Logo-Compuviper-10.png\",\"width\":1000,\"height\":500,\"caption\":\"Compuviper\"},\"image\":{\"@id\":\"https:\/\/compuviper.mx\/tienda\/#\/schema\/logo\/image\/\"},\"sameAs\":[\"https:\/\/www.facebook.com\/compuviper\",\"https:\/\/www.youtube.com\/channel\/UCf73dERp9Y3cfOq7q8BhLjA?view_as=subscriber\"]}]}<\/script>\n<meta property=\"product:brand\" content=\"Forza\" \/>\n<meta property=\"product:price:amount\" content=\"1556\" \/>\n<meta property=\"product:price:currency\" content=\"MXN\" \/>\n<meta property=\"og:availability\" content=\"out of stock\" \/>\n<meta property=\"product:availability\" content=\"out of stock\" \/>\n<meta property=\"product:retailer_item_id\" content=\"HT-1000LCD\" \/>\n<meta property=\"product:condition\" content=\"new\" \/>\n<!-- \/ Yoast SEO plugin. -->","yoast_head_json":{"title":"[ Forza ] &#129351; Ht-1000lcd Ups Interactivo 1000va\/600w 12 Salidas (6\/6) Salidas Coaxial Y Usb Sobremesa 120v Negro","description":"Compra Ht-1000lcd Ups Interactivo 1000va\/600w 12 Salidas (6\/6) Salidas Coaxial Y Usb Sobremesa 120v Negro + Env\u00edo a domicilio + Pago seguro + Garant\u00eda","robots":{"index":"index","follow":"follow","max-snippet":"max-snippet:-1","max-image-preview":"max-image-preview:large","max-video-preview":"max-video-preview:-1"},"canonical":"https:\/\/compuviper.mx\/tienda\/producto\/forza-ht-1000lcd-ups-interactivo-1000va-600w-12-salidas-6-6-salidas-coaxial-y-usb-sobremesa-120v-negro\/","og_locale":"es_MX","og_type":"article","og_title":"[ Forza ] &#129351; Ht-1000lcd Ups Interactivo 1000va\/600w 12 Salidas (6\/6) Salidas Coaxial Y Usb Sobremesa 120v Negro","og_description":"Compra Ht-1000lcd Ups Interactivo 1000va\/600w 12 Salidas (6\/6) Salidas Coaxial Y Usb Sobremesa 120v Negro + Env\u00edo a domicilio + Pago seguro + Garant\u00eda","og_url":"https:\/\/compuviper.mx\/tienda\/producto\/forza-ht-1000lcd-ups-interactivo-1000va-600w-12-salidas-6-6-salidas-coaxial-y-usb-sobremesa-120v-negro\/","og_site_name":"Compuviper","article_publisher":"https:\/\/www.facebook.com\/compuviper","og_image":[{"width":200,"height":200,"url":"https:\/\/compuviper.mx\/tienda\/wp-content\/uploads\/2025\/10\/Ups-forza-ht-1000lcd-interactivo-1000va600w-12-salidas-66-salidas-coaxial-y-usb-sobremesa-120v-negro.jpg","type":"image\/jpeg"}],"twitter_card":"summary_large_image","twitter_misc":{"Precio":"&#36;1,556 con IVA","Availability":"Out of stock"},"schema":{"@context":"https:\/\/schema.org","@graph":[{"@type":"WebPage","@id":"https:\/\/compuviper.mx\/tienda\/producto\/forza-ht-1000lcd-ups-interactivo-1000va-600w-12-salidas-6-6-salidas-coaxial-y-usb-sobremesa-120v-negro\/","url":"https:\/\/compuviper.mx\/tienda\/producto\/forza-ht-1000lcd-ups-interactivo-1000va-600w-12-salidas-6-6-salidas-coaxial-y-usb-sobremesa-120v-negro\/","name":"[ Forza ] &#129351; Ht-1000lcd Ups Interactivo 1000va\/600w 12 Salidas (6\/6) Salidas Coaxial Y Usb Sobremesa 120v Negro","isPartOf":{"@id":"https:\/\/compuviper.mx\/tienda\/#website"},"datePublished":"2026-04-22T06:26:31+00:00","dateModified":"2026-04-22T06:26:31+00:00","description":"Compra Ht-1000lcd Ups Interactivo 1000va\/600w 12 Salidas (6\/6) Salidas Coaxial Y Usb Sobremesa 120v Negro + Env\u00edo a domicilio + Pago seguro + Garant\u00eda","breadcrumb":{"@id":"https:\/\/compuviper.mx\/tienda\/producto\/forza-ht-1000lcd-ups-interactivo-1000va-600w-12-salidas-6-6-salidas-coaxial-y-usb-sobremesa-120v-negro\/#breadcrumb"},"inLanguage":"es-MX","potentialAction":[{"@type":"ReadAction","target":["https:\/\/compuviper.mx\/tienda\/producto\/forza-ht-1000lcd-ups-interactivo-1000va-600w-12-salidas-6-6-salidas-coaxial-y-usb-sobremesa-120v-negro\/"]}]},{"@type":"BreadcrumbList","@id":"https:\/\/compuviper.mx\/tienda\/producto\/forza-ht-1000lcd-ups-interactivo-1000va-600w-12-salidas-6-6-salidas-coaxial-y-usb-sobremesa-120v-negro\/#breadcrumb","itemListElement":[{"@type":"ListItem","position":1,"name":"Inicio","item":"https:\/\/compuviper.mx\/tienda\/"},{"@type":"ListItem","position":2,"name":"Productos","item":"https:\/\/compuviper.mx\/tienda\/productos\/"},{"@type":"ListItem","position":3,"name":"Energia","item":"https:\/\/compuviper.mx\/tienda\/categoria-producto\/energia\/"},{"@type":"ListItem","position":4,"name":"No Break","item":"https:\/\/compuviper.mx\/tienda\/categoria-producto\/energia\/no-break\/"},{"@type":"ListItem","position":5,"name":"Forza Ht-1000lcd Ups Interactivo 1000va\/600w 12 Salidas (6\/6) Salidas Coaxial Y Usb Sobremesa 120v Negro"}]},{"@type":"WebSite","@id":"https:\/\/compuviper.mx\/tienda\/#website","url":"https:\/\/compuviper.mx\/tienda\/","name":"Compuviper","description":"Proveedor de Computadoras, Laptops, Servidores, Monitores, Puntos de Venta, Teclados,   Impresoras, T\u00f3ner, C\u00e1maras de Seguridad y m\u00e1s en tu tienda en l\u00ednea","publisher":{"@id":"https:\/\/compuviper.mx\/tienda\/#organization"},"potentialAction":[{"@type":"SearchAction","target":{"@type":"EntryPoint","urlTemplate":"https:\/\/compuviper.mx\/tienda\/?s={search_term_string}"},"query-input":"required name=search_term_string"}],"inLanguage":"es-MX"},{"@type":"Organization","@id":"https:\/\/compuviper.mx\/tienda\/#organization","name":"Compuviper","url":"https:\/\/compuviper.mx\/tienda\/","logo":{"@type":"ImageObject","inLanguage":"es-MX","@id":"https:\/\/compuviper.mx\/tienda\/#\/schema\/logo\/image\/","url":"https:\/\/compuviper.mx\/tienda\/wp-content\/uploads\/2021\/08\/Logo-Compuviper-10.png","contentUrl":"https:\/\/compuviper.mx\/tienda\/wp-content\/uploads\/2021\/08\/Logo-Compuviper-10.png","width":1000,"height":500,"caption":"Compuviper"},"image":{"@id":"https:\/\/compuviper.mx\/tienda\/#\/schema\/logo\/image\/"},"sameAs":["https:\/\/www.facebook.com\/compuviper","https:\/\/www.youtube.com\/channel\/UCf73dERp9Y3cfOq7q8BhLjA?view_as=subscriber"]}]},"product_brand":"Forza","product_price_amount":"1556","product_price_currency":"MXN","og_availability":"out of stock","product_availability":"out of stock","product_retailer_item_id":"HT-1000LCD","product_condition":"new"},"_links":{"self":[{"href":"https:\/\/compuviper.mx\/tienda\/wp-json\/wp\/v2\/product\/245356"}],"collection":[{"href":"https:\/\/compuviper.mx\/tienda\/wp-json\/wp\/v2\/product"}],"about":[{"href":"https:\/\/compuviper.mx\/tienda\/wp-json\/wp\/v2\/types\/product"}],"replies":[{"embeddable":true,"href":"https:\/\/compuviper.mx\/tienda\/wp-json\/wp\/v2\/comments?post=245356"}],"wp:featuredmedia":[{"embeddable":true,"href":"https:\/\/compuviper.mx\/tienda\/wp-json\/wp\/v2\/media\/259566"}],"wp:attachment":[{"href":"https:\/\/compuviper.mx\/tienda\/wp-json\/wp\/v2\/media?parent=245356"}],"wp:term":[{"taxonomy":"product_cat","embeddable":true,"href":"https:\/\/compuviper.mx\/tienda\/wp-json\/wp\/v2\/product_cat?post=245356"},{"taxonomy":"product_tag","embeddable":true,"href":"https:\/\/compuviper.mx\/tienda\/wp-json\/wp\/v2\/product_tag?post=245356"}],"curies":[{"name":"wp","href":"https:\/\/api.w.org\/{rel}","templated":true}]}}