{"id":245348,"date":"2026-04-16T00:18:18","date_gmt":"2026-04-16T06:18:18","guid":{"rendered":"https:\/\/compuviper.mx\/tienda\/producto\/imou-ipc-s7dn-5m0wez-camara-ip-ipc-k7cn-5-cruiser-se-5-mp-wifi-pt-h-264-autotacking-deteccion-de-humanos-microfono-bocina-integrada-ir-de-30-mt-sirena-lente-de-3-6-mm-fullc\/"},"modified":"2026-04-16T00:18:18","modified_gmt":"2026-04-16T06:18:18","slug":"imou-ipc-s7dn-5m0wez6976391038127-camara-ip-ipc-s7dn-5m-cruiser-z-5-mp-wifi-pt-h-264-autotacking-deteccion-de-humanos-microfono-bocina-integrada-ir-de-30-mt-sirena-lente-de","status":"publish","type":"product","link":"https:\/\/compuviper.mx\/tienda\/producto\/imou-ipc-s7dn-5m0wez6976391038127-camara-ip-ipc-s7dn-5m-cruiser-z-5-mp-wifi-pt-h-264-autotacking-deteccion-de-humanos-microfono-bocina-integrada-ir-de-30-mt-sirena-lente-de\/","title":{"rendered":"Imou Ipc-s7dn-5m0wez,6976391038127 Camara Ip \/  \/ Ipc-s7dn-5m \/ Cruiser Z \/5 Mp \/ Wifi \/ Pt \/ H.264 \/ Autotacking \/ Deteccion De Humanos \/ Microfono Bocina Integrada \/ Ir De 30 Mt \/ Sirena \/ Lente De 3.6 Mm \/ Fullcolor \/ Ranura Mi"},"content":{"rendered":"<table class=\"descripcion\">\n<tr>\n<td>C\u00e1mara<\/td>\n<\/tr>\n<tr>\n<td>5 mp<\/td>\n<\/tr>\n<tr>\n<td>Visi\u00f3n nocturna:   56 m (184 pies) de distancia<\/td>\n<\/tr>\n<tr>\n<td>2,8 mm a f1.6 + 12 mm a f1.6<\/td>\n<\/tr>\n<tr>\n<td>V\u00eddeo y audio<\/td>\n<\/tr>\n<tr>\n<td>Gesti\u00f3n de avisos<\/td>\n<\/tr>\n<tr>\n<td>Compresi\u00f3n de v\u00eddeo: h.265\/h.264<\/td>\n<\/tr>\n<tr>\n<td>Velocidad de fotogramas de hasta 15 fps<\/td>\n<\/tr>\n<tr>\n<td>Zoom mixto 12x<\/td>\n<\/tr>\n<tr>\n<td>Micr\u00f3fono y altavoz incorporados, sirena de 110 db<\/td>\n<\/tr>\n<tr>\n<td>Detecci\u00f3n de movimiento<\/td>\n<\/tr>\n<tr>\n<td>Detecci\u00f3n de veh\u00edculos<\/td>\n<\/tr>\n<tr>\n<td>&#8211; 1x c\u00e1mara<\/td>\n<\/tr>\n<tr>\n<td>&#8211; 1x gu\u00eda de inicio r\u00e1pido<\/td>\n<\/tr>\n<tr>\n<td>&#8211; 1 mapa de posici\u00f3n de instalaci\u00f3n<\/td>\n<\/tr>\n<tr>\n<td>&#8211; 1x soporte de montaje<\/td>\n<\/tr>\n<tr>\n<td>Red<\/td>\n<\/tr>\n<tr>\n<td>Wi-fi: ieee802.11b\/g\/n\/ax, antena dual<\/td>\n<\/tr>\n<tr>\n<td>Onvif<\/td>\n<\/tr>\n<tr>\n<td>Interfaz auxiliar<\/td>\n<\/tr>\n<tr>\n<td>Ranura para tarjeta micro sd (hasta 512 gb)<\/td>\n<\/tr>\n<tr>\n<td>Bot\u00f3n de reinicio<\/td>\n<\/tr>\n<tr>\n<td>General<\/td>\n<\/tr>\n<tr>\n<td>Fuente de alimentaci\u00f3n cc 12v1a<\/td>\n<\/tr>\n<tr>\n<td>Consumo de energ\u00eda:  12w<\/td>\n<\/tr>\n<tr>\n<td>Ambiente de trabajo: -30\u00b0c~+50\u00b0c, menos del 95%rh<\/td>\n<\/tr>\n<tr>\n<td>Rev 001.001http:\/\/www.imoulife.com<\/td>\n<\/tr>\n<tr>\n<td>1 puerto ethernet de 100mbps<\/td>\n<\/tr>\n<tr>\n<td>Aplicaci\u00f3n imou: ios, android<\/td>\n<\/tr>\n<tr>\n<td>Ip66<\/td>\n<\/tr>\n<tr>\n<td>&#8211; 1x adaptador de corriente<\/td>\n<\/tr>\n<tr>\n<td>Material: pl\u00e1stico<\/td>\n<\/tr>\n<tr>\n<td>Detecci\u00f3n humana<\/td>\n<\/tr>\n<tr>\n<td>Cmos progresivo de 1\/3\u0094 y 5 megap\u00edxeles<\/td>\n<\/tr>\n<tr>\n<td>Campo de visi\u00f3n:<\/td>\n<\/tr>\n<tr>\n<td> 2,8 mm: 95,3\u00b0(h), 52,1\u00b0(v), 113,7\u00b0(d)<\/td>\n<\/tr>\n<tr>\n<td>&#8211; 1x conector impermeable<\/td>\n<\/tr>\n<tr>\n<td>Giro de 355\u00b0 e inclinaci\u00f3n de 90\u00b0<\/td>\n<\/tr>\n<tr>\n<td>&#8211; 1x paquete de tornillos<\/td>\n<\/tr>\n<tr>\n<td>Dimensiones: 129 \u00d7 110 \u00d7 110 mm (5,08 \u00d7 4,33 \u00d7 4,33 pulgadas)<\/td>\n<\/tr>\n<tr>\n<td>Peso: 438 g (0,97 libras)<\/td>\n<\/tr>\n<tr>\n<td>Ce<\/td>\n<\/tr>\n<tr>\n<td>Presupuesto<\/td>\n<\/tr>\n<tr>\n<td>Foco incorporado<\/td>\n<\/tr>\n<tr>\n<td>Regi\u00f3n configurable<\/td>\n<\/tr>\n<tr>\n<td>12 mm: 24,4\u00b0(h), 14\u00b0(v), 28,1\u00b0(d)<\/td>\n<\/tr>\n<tr>\n<td>Voz personalizada<\/td>\n<\/tr>\n<\/table>\n","protected":false},"excerpt":{"rendered":"<p>Cruiser z 5mp ofrece monitoreo en vivo de 5mp con la integraci\u00f3n de un teleobjetivo de 12 mm y un lente gran angular de 2,8 mm, nunca te perder\u00e1s la imagen m\u00e1s grande y al mismo tiempo ver\u00e1s lo importante. Esta c\u00e1mara con giro, inclinaci\u00f3n y zoom cuenta con tecnolog\u00edas avanzadas de doble lente para lograr un zoom mixto de 12 aumentos sin precedentes para la protecci\u00f3n del hogar y garantiza que todos los rincones est\u00e9n completamente cubiertos. Admite cuatro modos de visi\u00f3n nocturna para una claridad diurna incluso en plena oscuridad. Con certificaci\u00f3n ip66.  La c\u00e1mara se puede utilizar en exteriores bajo diferentes condiciones clim\u00e1ticas. Cruiser z 5mp admite un algoritmo de desarrollo propio (imou sense), que hace que la detecci\u00f3n de personas y veh\u00edculos sea m\u00e1s precisa.<\/p>\n","protected":false},"featured_media":259341,"comment_status":"open","ping_status":"open","template":"","meta":[],"product_cat":[1608,1681],"product_tag":[2118],"acf":[],"yoast_head":"<!-- This site is optimized with the Yoast SEO plugin v21.7 - https:\/\/yoast.com\/wordpress\/plugins\/seo\/ -->\n<title>[ Imou ] &#129351; Ipc-s7dn-5m0wez,6976391038127 Camara Ip \/ \/ Ipc-s7dn-5m \/ Cruiser Z \/5 Mp \/ Wifi \/ Pt \/ H.264 \/ Autotacking \/ Deteccion De Humanos \/ Microfono Bocina Integrada \/ Ir De 30 Mt \/ Sirena \/ Lente De 3.6 Mm \/ Fullcolor \/ Ranura Mi<\/title>\n<meta name=\"description\" content=\"Compra Ipc-s7dn-5m0wez,6976391038127 Camara Ip \/ \/ Ipc-s7dn-5m \/ Cruiser Z \/5 Mp \/ Wifi \/ Pt \/ H.264 \/ Autotacking \/ Deteccion De Humanos \/ Microfono Bocina Integrada \/ Ir De 30 Mt \/ Sirena \/ Lente De 3.6 Mm \/ Fullcolor \/ Ranura Mi + Env\u00edo a domicilio + Pago seguro + Garant\u00eda\" \/>\n<meta name=\"robots\" content=\"index, follow, max-snippet:-1, max-image-preview:large, max-video-preview:-1\" \/>\n<link rel=\"canonical\" href=\"https:\/\/compuviper.mx\/tienda\/producto\/imou-ipc-s7dn-5m0wez6976391038127-camara-ip-ipc-s7dn-5m-cruiser-z-5-mp-wifi-pt-h-264-autotacking-deteccion-de-humanos-microfono-bocina-integrada-ir-de-30-mt-sirena-lente-de\/\" \/>\n<meta property=\"og:locale\" content=\"es_MX\" \/>\n<meta property=\"og:type\" content=\"article\" \/>\n<meta property=\"og:title\" content=\"[ Imou ] &#129351; Ipc-s7dn-5m0wez,6976391038127 Camara Ip \/ \/ Ipc-s7dn-5m \/ Cruiser Z \/5 Mp \/ Wifi \/ Pt \/ H.264 \/ Autotacking \/ Deteccion De Humanos \/ Microfono Bocina Integrada \/ Ir De 30 Mt \/ Sirena \/ Lente De 3.6 Mm \/ Fullcolor \/ Ranura Mi\" \/>\n<meta property=\"og:description\" content=\"Compra Ipc-s7dn-5m0wez,6976391038127 Camara Ip \/ \/ Ipc-s7dn-5m \/ Cruiser Z \/5 Mp \/ Wifi \/ Pt \/ H.264 \/ Autotacking \/ Deteccion De Humanos \/ Microfono Bocina Integrada \/ Ir De 30 Mt \/ Sirena \/ Lente De 3.6 Mm \/ Fullcolor \/ Ranura Mi + Env\u00edo a domicilio + Pago seguro + Garant\u00eda\" \/>\n<meta property=\"og:url\" content=\"https:\/\/compuviper.mx\/tienda\/producto\/imou-ipc-s7dn-5m0wez6976391038127-camara-ip-ipc-s7dn-5m-cruiser-z-5-mp-wifi-pt-h-264-autotacking-deteccion-de-humanos-microfono-bocina-integrada-ir-de-30-mt-sirena-lente-de\/\" \/>\n<meta property=\"og:site_name\" content=\"Compuviper\" \/>\n<meta property=\"article:publisher\" content=\"https:\/\/www.facebook.com\/compuviper\" \/>\n<meta property=\"og:image\" content=\"https:\/\/compuviper.mx\/tienda\/wp-content\/uploads\/2025\/10\/Camara-ip-imou-ipc-k7cn-5-cruiser-z-5-mp-wifi-pt-h.264-autotacking-deteccion-de-humanos-microfono-bocina-integrada-ir-de-30-mt-sirena-lente-de-3.6-mm-fullcolor-ranura-mi.jpg\" \/>\n\t<meta property=\"og:image:width\" content=\"200\" \/>\n\t<meta property=\"og:image:height\" content=\"200\" \/>\n\t<meta property=\"og:image:type\" content=\"image\/jpeg\" \/>\n<meta name=\"twitter:card\" content=\"summary_large_image\" \/>\n<meta name=\"twitter:label1\" content=\"Precio\" \/>\n\t<meta name=\"twitter:data1\" content=\"&#36;1,088 con IVA\" \/>\n\t<meta name=\"twitter:label2\" content=\"Availability\" \/>\n\t<meta name=\"twitter:data2\" content=\"Out of stock\" \/>\n<script type=\"application\/ld+json\" class=\"yoast-schema-graph\">{\"@context\":\"https:\/\/schema.org\",\"@graph\":[{\"@type\":\"WebPage\",\"@id\":\"https:\/\/compuviper.mx\/tienda\/producto\/imou-ipc-s7dn-5m0wez6976391038127-camara-ip-ipc-s7dn-5m-cruiser-z-5-mp-wifi-pt-h-264-autotacking-deteccion-de-humanos-microfono-bocina-integrada-ir-de-30-mt-sirena-lente-de\/\",\"url\":\"https:\/\/compuviper.mx\/tienda\/producto\/imou-ipc-s7dn-5m0wez6976391038127-camara-ip-ipc-s7dn-5m-cruiser-z-5-mp-wifi-pt-h-264-autotacking-deteccion-de-humanos-microfono-bocina-integrada-ir-de-30-mt-sirena-lente-de\/\",\"name\":\"[ Imou ] &#129351; Ipc-s7dn-5m0wez,6976391038127 Camara Ip \/ \/ Ipc-s7dn-5m \/ Cruiser Z \/5 Mp \/ Wifi \/ Pt \/ H.264 \/ Autotacking \/ Deteccion De Humanos \/ Microfono Bocina Integrada \/ Ir De 30 Mt \/ Sirena \/ Lente De 3.6 Mm \/ Fullcolor \/ Ranura Mi\",\"isPartOf\":{\"@id\":\"https:\/\/compuviper.mx\/tienda\/#website\"},\"datePublished\":\"2026-04-16T06:18:18+00:00\",\"dateModified\":\"2026-04-16T06:18:18+00:00\",\"description\":\"Compra Ipc-s7dn-5m0wez,6976391038127 Camara Ip \/ \/ Ipc-s7dn-5m \/ Cruiser Z \/5 Mp \/ Wifi \/ Pt \/ H.264 \/ Autotacking \/ Deteccion De Humanos \/ Microfono Bocina Integrada \/ Ir De 30 Mt \/ Sirena \/ Lente De 3.6 Mm \/ Fullcolor \/ Ranura Mi + Env\u00edo a domicilio + Pago seguro + Garant\u00eda\",\"breadcrumb\":{\"@id\":\"https:\/\/compuviper.mx\/tienda\/producto\/imou-ipc-s7dn-5m0wez6976391038127-camara-ip-ipc-s7dn-5m-cruiser-z-5-mp-wifi-pt-h-264-autotacking-deteccion-de-humanos-microfono-bocina-integrada-ir-de-30-mt-sirena-lente-de\/#breadcrumb\"},\"inLanguage\":\"es-MX\",\"potentialAction\":[{\"@type\":\"ReadAction\",\"target\":[\"https:\/\/compuviper.mx\/tienda\/producto\/imou-ipc-s7dn-5m0wez6976391038127-camara-ip-ipc-s7dn-5m-cruiser-z-5-mp-wifi-pt-h-264-autotacking-deteccion-de-humanos-microfono-bocina-integrada-ir-de-30-mt-sirena-lente-de\/\"]}]},{\"@type\":\"BreadcrumbList\",\"@id\":\"https:\/\/compuviper.mx\/tienda\/producto\/imou-ipc-s7dn-5m0wez6976391038127-camara-ip-ipc-s7dn-5m-cruiser-z-5-mp-wifi-pt-h-264-autotacking-deteccion-de-humanos-microfono-bocina-integrada-ir-de-30-mt-sirena-lente-de\/#breadcrumb\",\"itemListElement\":[{\"@type\":\"ListItem\",\"position\":1,\"name\":\"Inicio\",\"item\":\"https:\/\/compuviper.mx\/tienda\/\"},{\"@type\":\"ListItem\",\"position\":2,\"name\":\"Productos\",\"item\":\"https:\/\/compuviper.mx\/tienda\/productos\/\"},{\"@type\":\"ListItem\",\"position\":3,\"name\":\"Camaras\",\"item\":\"https:\/\/compuviper.mx\/tienda\/categoria-producto\/camaras-2\/\"},{\"@type\":\"ListItem\",\"position\":4,\"name\":\"Camara De Videovigilancia\",\"item\":\"https:\/\/compuviper.mx\/tienda\/categoria-producto\/camaras-2\/camara-de-videovigilancia\/\"},{\"@type\":\"ListItem\",\"position\":5,\"name\":\"Imou Ipc-s7dn-5m0wez,6976391038127 Camara Ip \/ \/ Ipc-s7dn-5m \/ Cruiser Z \/5 Mp \/ Wifi \/ Pt \/ H.264 \/ Autotacking \/ Deteccion De Humanos \/ Microfono Bocina Integrada \/ Ir De 30 Mt \/ Sirena \/ Lente De 3.6 Mm \/ Fullcolor \/ Ranura Mi\"}]},{\"@type\":\"WebSite\",\"@id\":\"https:\/\/compuviper.mx\/tienda\/#website\",\"url\":\"https:\/\/compuviper.mx\/tienda\/\",\"name\":\"Compuviper\",\"description\":\"Proveedor de Computadoras, Laptops, Servidores, Monitores, Puntos de Venta, Teclados,   Impresoras, T\u00f3ner, C\u00e1maras de Seguridad y m\u00e1s en tu tienda en l\u00ednea\",\"publisher\":{\"@id\":\"https:\/\/compuviper.mx\/tienda\/#organization\"},\"potentialAction\":[{\"@type\":\"SearchAction\",\"target\":{\"@type\":\"EntryPoint\",\"urlTemplate\":\"https:\/\/compuviper.mx\/tienda\/?s={search_term_string}\"},\"query-input\":\"required name=search_term_string\"}],\"inLanguage\":\"es-MX\"},{\"@type\":\"Organization\",\"@id\":\"https:\/\/compuviper.mx\/tienda\/#organization\",\"name\":\"Compuviper\",\"url\":\"https:\/\/compuviper.mx\/tienda\/\",\"logo\":{\"@type\":\"ImageObject\",\"inLanguage\":\"es-MX\",\"@id\":\"https:\/\/compuviper.mx\/tienda\/#\/schema\/logo\/image\/\",\"url\":\"https:\/\/compuviper.mx\/tienda\/wp-content\/uploads\/2021\/08\/Logo-Compuviper-10.png\",\"contentUrl\":\"https:\/\/compuviper.mx\/tienda\/wp-content\/uploads\/2021\/08\/Logo-Compuviper-10.png\",\"width\":1000,\"height\":500,\"caption\":\"Compuviper\"},\"image\":{\"@id\":\"https:\/\/compuviper.mx\/tienda\/#\/schema\/logo\/image\/\"},\"sameAs\":[\"https:\/\/www.facebook.com\/compuviper\",\"https:\/\/www.youtube.com\/channel\/UCf73dERp9Y3cfOq7q8BhLjA?view_as=subscriber\"]}]}<\/script>\n<meta property=\"product:brand\" content=\"Imou\" \/>\n<meta property=\"product:price:amount\" content=\"1088\" \/>\n<meta property=\"product:price:currency\" content=\"MXN\" \/>\n<meta property=\"og:availability\" content=\"out of stock\" \/>\n<meta property=\"product:availability\" content=\"out of stock\" \/>\n<meta property=\"product:retailer_item_id\" content=\"IPC-S7DN-5M0WEZ,6976391038127\" \/>\n<meta property=\"product:condition\" content=\"new\" \/>\n<!-- \/ Yoast SEO plugin. -->","yoast_head_json":{"title":"[ Imou ] &#129351; Ipc-s7dn-5m0wez,6976391038127 Camara Ip \/ \/ Ipc-s7dn-5m \/ Cruiser Z \/5 Mp \/ Wifi \/ Pt \/ H.264 \/ Autotacking \/ Deteccion De Humanos \/ Microfono Bocina Integrada \/ Ir De 30 Mt \/ Sirena \/ Lente De 3.6 Mm \/ Fullcolor \/ Ranura Mi","description":"Compra Ipc-s7dn-5m0wez,6976391038127 Camara Ip \/ \/ Ipc-s7dn-5m \/ Cruiser Z \/5 Mp \/ Wifi \/ Pt \/ H.264 \/ Autotacking \/ Deteccion De Humanos \/ Microfono Bocina Integrada \/ Ir De 30 Mt \/ Sirena \/ Lente De 3.6 Mm \/ Fullcolor \/ Ranura Mi + Env\u00edo a domicilio + Pago seguro + Garant\u00eda","robots":{"index":"index","follow":"follow","max-snippet":"max-snippet:-1","max-image-preview":"max-image-preview:large","max-video-preview":"max-video-preview:-1"},"canonical":"https:\/\/compuviper.mx\/tienda\/producto\/imou-ipc-s7dn-5m0wez6976391038127-camara-ip-ipc-s7dn-5m-cruiser-z-5-mp-wifi-pt-h-264-autotacking-deteccion-de-humanos-microfono-bocina-integrada-ir-de-30-mt-sirena-lente-de\/","og_locale":"es_MX","og_type":"article","og_title":"[ Imou ] &#129351; Ipc-s7dn-5m0wez,6976391038127 Camara Ip \/ \/ Ipc-s7dn-5m \/ Cruiser Z \/5 Mp \/ Wifi \/ Pt \/ H.264 \/ Autotacking \/ Deteccion De Humanos \/ Microfono Bocina Integrada \/ Ir De 30 Mt \/ Sirena \/ Lente De 3.6 Mm \/ Fullcolor \/ Ranura Mi","og_description":"Compra Ipc-s7dn-5m0wez,6976391038127 Camara Ip \/ \/ Ipc-s7dn-5m \/ Cruiser Z \/5 Mp \/ Wifi \/ Pt \/ H.264 \/ Autotacking \/ Deteccion De Humanos \/ Microfono Bocina Integrada \/ Ir De 30 Mt \/ Sirena \/ Lente De 3.6 Mm \/ Fullcolor \/ Ranura Mi + Env\u00edo a domicilio + Pago seguro + Garant\u00eda","og_url":"https:\/\/compuviper.mx\/tienda\/producto\/imou-ipc-s7dn-5m0wez6976391038127-camara-ip-ipc-s7dn-5m-cruiser-z-5-mp-wifi-pt-h-264-autotacking-deteccion-de-humanos-microfono-bocina-integrada-ir-de-30-mt-sirena-lente-de\/","og_site_name":"Compuviper","article_publisher":"https:\/\/www.facebook.com\/compuviper","og_image":[{"width":200,"height":200,"url":"https:\/\/compuviper.mx\/tienda\/wp-content\/uploads\/2025\/10\/Camara-ip-imou-ipc-k7cn-5-cruiser-z-5-mp-wifi-pt-h.264-autotacking-deteccion-de-humanos-microfono-bocina-integrada-ir-de-30-mt-sirena-lente-de-3.6-mm-fullcolor-ranura-mi.jpg","type":"image\/jpeg"}],"twitter_card":"summary_large_image","twitter_misc":{"Precio":"&#36;1,088 con IVA","Availability":"Out of stock"},"schema":{"@context":"https:\/\/schema.org","@graph":[{"@type":"WebPage","@id":"https:\/\/compuviper.mx\/tienda\/producto\/imou-ipc-s7dn-5m0wez6976391038127-camara-ip-ipc-s7dn-5m-cruiser-z-5-mp-wifi-pt-h-264-autotacking-deteccion-de-humanos-microfono-bocina-integrada-ir-de-30-mt-sirena-lente-de\/","url":"https:\/\/compuviper.mx\/tienda\/producto\/imou-ipc-s7dn-5m0wez6976391038127-camara-ip-ipc-s7dn-5m-cruiser-z-5-mp-wifi-pt-h-264-autotacking-deteccion-de-humanos-microfono-bocina-integrada-ir-de-30-mt-sirena-lente-de\/","name":"[ Imou ] &#129351; Ipc-s7dn-5m0wez,6976391038127 Camara Ip \/ \/ Ipc-s7dn-5m \/ Cruiser Z \/5 Mp \/ Wifi \/ Pt \/ H.264 \/ Autotacking \/ Deteccion De Humanos \/ Microfono Bocina Integrada \/ Ir De 30 Mt \/ Sirena \/ Lente De 3.6 Mm \/ Fullcolor \/ Ranura Mi","isPartOf":{"@id":"https:\/\/compuviper.mx\/tienda\/#website"},"datePublished":"2026-04-16T06:18:18+00:00","dateModified":"2026-04-16T06:18:18+00:00","description":"Compra Ipc-s7dn-5m0wez,6976391038127 Camara Ip \/ \/ Ipc-s7dn-5m \/ Cruiser Z \/5 Mp \/ Wifi \/ Pt \/ H.264 \/ Autotacking \/ Deteccion De Humanos \/ Microfono Bocina Integrada \/ Ir De 30 Mt \/ Sirena \/ Lente De 3.6 Mm \/ Fullcolor \/ Ranura Mi + Env\u00edo a domicilio + Pago seguro + Garant\u00eda","breadcrumb":{"@id":"https:\/\/compuviper.mx\/tienda\/producto\/imou-ipc-s7dn-5m0wez6976391038127-camara-ip-ipc-s7dn-5m-cruiser-z-5-mp-wifi-pt-h-264-autotacking-deteccion-de-humanos-microfono-bocina-integrada-ir-de-30-mt-sirena-lente-de\/#breadcrumb"},"inLanguage":"es-MX","potentialAction":[{"@type":"ReadAction","target":["https:\/\/compuviper.mx\/tienda\/producto\/imou-ipc-s7dn-5m0wez6976391038127-camara-ip-ipc-s7dn-5m-cruiser-z-5-mp-wifi-pt-h-264-autotacking-deteccion-de-humanos-microfono-bocina-integrada-ir-de-30-mt-sirena-lente-de\/"]}]},{"@type":"BreadcrumbList","@id":"https:\/\/compuviper.mx\/tienda\/producto\/imou-ipc-s7dn-5m0wez6976391038127-camara-ip-ipc-s7dn-5m-cruiser-z-5-mp-wifi-pt-h-264-autotacking-deteccion-de-humanos-microfono-bocina-integrada-ir-de-30-mt-sirena-lente-de\/#breadcrumb","itemListElement":[{"@type":"ListItem","position":1,"name":"Inicio","item":"https:\/\/compuviper.mx\/tienda\/"},{"@type":"ListItem","position":2,"name":"Productos","item":"https:\/\/compuviper.mx\/tienda\/productos\/"},{"@type":"ListItem","position":3,"name":"Camaras","item":"https:\/\/compuviper.mx\/tienda\/categoria-producto\/camaras-2\/"},{"@type":"ListItem","position":4,"name":"Camara De Videovigilancia","item":"https:\/\/compuviper.mx\/tienda\/categoria-producto\/camaras-2\/camara-de-videovigilancia\/"},{"@type":"ListItem","position":5,"name":"Imou Ipc-s7dn-5m0wez,6976391038127 Camara Ip \/ \/ Ipc-s7dn-5m \/ Cruiser Z \/5 Mp \/ Wifi \/ Pt \/ H.264 \/ Autotacking \/ Deteccion De Humanos \/ Microfono Bocina Integrada \/ Ir De 30 Mt \/ Sirena \/ Lente De 3.6 Mm \/ Fullcolor \/ Ranura Mi"}]},{"@type":"WebSite","@id":"https:\/\/compuviper.mx\/tienda\/#website","url":"https:\/\/compuviper.mx\/tienda\/","name":"Compuviper","description":"Proveedor de Computadoras, Laptops, Servidores, Monitores, Puntos de Venta, Teclados,   Impresoras, T\u00f3ner, C\u00e1maras de Seguridad y m\u00e1s en tu tienda en l\u00ednea","publisher":{"@id":"https:\/\/compuviper.mx\/tienda\/#organization"},"potentialAction":[{"@type":"SearchAction","target":{"@type":"EntryPoint","urlTemplate":"https:\/\/compuviper.mx\/tienda\/?s={search_term_string}"},"query-input":"required name=search_term_string"}],"inLanguage":"es-MX"},{"@type":"Organization","@id":"https:\/\/compuviper.mx\/tienda\/#organization","name":"Compuviper","url":"https:\/\/compuviper.mx\/tienda\/","logo":{"@type":"ImageObject","inLanguage":"es-MX","@id":"https:\/\/compuviper.mx\/tienda\/#\/schema\/logo\/image\/","url":"https:\/\/compuviper.mx\/tienda\/wp-content\/uploads\/2021\/08\/Logo-Compuviper-10.png","contentUrl":"https:\/\/compuviper.mx\/tienda\/wp-content\/uploads\/2021\/08\/Logo-Compuviper-10.png","width":1000,"height":500,"caption":"Compuviper"},"image":{"@id":"https:\/\/compuviper.mx\/tienda\/#\/schema\/logo\/image\/"},"sameAs":["https:\/\/www.facebook.com\/compuviper","https:\/\/www.youtube.com\/channel\/UCf73dERp9Y3cfOq7q8BhLjA?view_as=subscriber"]}]},"product_brand":"Imou","product_price_amount":"1088","product_price_currency":"MXN","og_availability":"out of stock","product_availability":"out of stock","product_retailer_item_id":"IPC-S7DN-5M0WEZ,6976391038127","product_condition":"new"},"_links":{"self":[{"href":"https:\/\/compuviper.mx\/tienda\/wp-json\/wp\/v2\/product\/245348"}],"collection":[{"href":"https:\/\/compuviper.mx\/tienda\/wp-json\/wp\/v2\/product"}],"about":[{"href":"https:\/\/compuviper.mx\/tienda\/wp-json\/wp\/v2\/types\/product"}],"replies":[{"embeddable":true,"href":"https:\/\/compuviper.mx\/tienda\/wp-json\/wp\/v2\/comments?post=245348"}],"wp:featuredmedia":[{"embeddable":true,"href":"https:\/\/compuviper.mx\/tienda\/wp-json\/wp\/v2\/media\/259341"}],"wp:attachment":[{"href":"https:\/\/compuviper.mx\/tienda\/wp-json\/wp\/v2\/media?parent=245348"}],"wp:term":[{"taxonomy":"product_cat","embeddable":true,"href":"https:\/\/compuviper.mx\/tienda\/wp-json\/wp\/v2\/product_cat?post=245348"},{"taxonomy":"product_tag","embeddable":true,"href":"https:\/\/compuviper.mx\/tienda\/wp-json\/wp\/v2\/product_tag?post=245348"}],"curies":[{"name":"wp","href":"https:\/\/api.w.org\/{rel}","templated":true}]}}