{"id":245299,"date":"2026-04-02T00:50:31","date_gmt":"2026-04-02T06:50:31","guid":{"rendered":"https:\/\/compuviper.mx\/tienda\/producto\/benq-9h-lmxlb-qba-monitor-para-mac-ma320u-31-5-3840x2160-hdmi-2-0x2-usb-c-x1-bocinas-3wx2-compatible-con-mac-tec-eye-care-tres-aos-de-garantia\/"},"modified":"2026-04-02T00:50:32","modified_gmt":"2026-04-02T06:50:32","slug":"benq-9h-lmxlb-qba-monitor-para-mac-ma320u-31-5-3840x2160-hdmi-2-0x2-usb-c-x1-bocinas-3wx2-compatible-con-mac-tec-eye-care-tres-aos-de-garantia","status":"publish","type":"product","link":"https:\/\/compuviper.mx\/tienda\/producto\/benq-9h-lmxlb-qba-monitor-para-mac-ma320u-31-5-3840x2160-hdmi-2-0x2-usb-c-x1-bocinas-3wx2-compatible-con-mac-tec-eye-care-tres-aos-de-garantia\/","title":{"rendered":"Benq 9h.lmxlb.qba Monitor  Para Mac Ma320u 31.5 3840&#215;2160 Hdmi 2.0&#215;2 Usb C X1 Bocinas 3wx2 Compatible Con Mac Tec Eye Care Tres A?os De Garantia"},"content":{"rendered":"<table class=\"descripcion\">\n<tr>\n<td>Benq monitores para mac<\/td>\n<\/tr>\n<tr>\n<td>Extiende la pantalla de tu macbook con colores consistentes a traves de un solo cable<\/td>\n<\/tr>\n<tr>\n<td>Ma320u integracion perfecta con tu macbook<\/td>\n<\/tr>\n<tr>\n<td>Especificaciones<\/td>\n<\/tr>\n<tr>\n<td>Color gris<\/td>\n<\/tr>\n<tr>\n<td>Tamano de pantalla 31.5<\/td>\n<\/tr>\n<tr>\n<td>Tipo de iluminacion retroiluminacion led<\/td>\n<\/tr>\n<tr>\n<td>Tipo de panel ips panel nano matte<\/td>\n<\/tr>\n<tr>\n<td>Relacion de aspecto 16 9<\/td>\n<\/tr>\n<tr>\n<td>Resolucion 4k uhd 3840 x 2160 pixeles<\/td>\n<\/tr>\n<tr>\n<td>Dot pitch pixel pitch 0.182<\/td>\n<\/tr>\n<tr>\n<td>Brillo 550 nits<\/td>\n<\/tr>\n<tr>\n<td>Contraste 1300 a 1 nativo<\/td>\n<\/tr>\n<tr>\n<td>Angulo de vision 178 178<\/td>\n<\/tr>\n<tr>\n<td>Tiempo de respuesta 5ms gtg<\/td>\n<\/tr>\n<tr>\n<td>Cantidad de colores 1.07 billones<\/td>\n<\/tr>\n<tr>\n<td>Gama de color 99 srgb 97 p3<\/td>\n<\/tr>\n<tr>\n<td>Modo de color cine codigo display p3 epaper juego hdr mbook srgb usuario<\/td>\n<\/tr>\n<tr>\n<td>Temperatuda de color 5000k 6500k 9300k usuario<\/td>\n<\/tr>\n<tr>\n<td>Frecuencia de actualizacion 60hz<\/td>\n<\/tr>\n<tr>\n<td>Frecuencia horizontal 27 135 khz<\/td>\n<\/tr>\n<tr>\n<td>Frecuencia vertical 24 76 hz<\/td>\n<\/tr>\n<tr>\n<td>Frecuencia video 600 mhz<\/td>\n<\/tr>\n<tr>\n<td>Entradas salidas hdmi v2.0 x2 usb c poder 90w display port alt mode data x1 usb c 3.2 5gbps poder 15w x1 usb a 3.2 5gbps poder 7.5w x2 bocinas 3w x2 audifonos<\/td>\n<\/tr>\n<tr>\n<td>Fuente de poder integrada 100 240v<\/td>\n<\/tr>\n<tr>\n<td>Consumo de energia en espera 45w normal 250w max 0.5w standby usb c thunderbolt 90w<\/td>\n<\/tr>\n<tr>\n<td>Peso 9.1k 20.06 lb<\/td>\n<\/tr>\n<tr>\n<td>Dimensiones 493.8 min 608.8 max x 714.5 x 220.2<\/td>\n<\/tr>\n<tr>\n<td>Idiomas 18 idiomas<\/td>\n<\/tr>\n<tr>\n<td>Caracteristicas especiales<\/td>\n<\/tr>\n<tr>\n<td>Tecnologia eye care para el cuidado de los ojos low blue light brightness intelligence plus gen 2 bi gen2 flicker free color weakness epaper<\/td>\n<\/tr>\n<tr>\n<td>Certificacion tuv eye comfort 2.0 flicker free low blue light reflection free<\/td>\n<\/tr>\n<tr>\n<td>Certificacion energy star<\/td>\n<\/tr>\n<tr>\n<td>Software display pilot 2 display quickit win mac<\/td>\n<\/tr>\n<tr>\n<td>Pivot 90 giro 15 15 inclinacion 5 20 ajuste de altura hasta 115 mm<\/td>\n<\/tr>\n<tr>\n<td>Vesa 100 x 100 mm k locker<\/td>\n<\/tr>\n<tr>\n<td>Auto pivot<\/td>\n<\/tr>\n<tr>\n<td>Accesorios incluidos cables poder 1.8m hdmi 2.0 usb c guia de inicio rapido tarjeta de garantia instrucciones de seguridad<\/td>\n<\/tr>\n<\/table>\n","protected":false},"excerpt":{"rendered":"<p>Ma320u 4k udh monitor para macbook pro y macbook air. Amplia la vision de tu macbook con colores uniformes de mac a traves de un solo cable. Sincroniza el brillo y el volumen entre el mackbook y el monitor sin esfuerzo. Cuenta con 2 puertos usb c con carga de 90w y 15w para tus dispositivos. La mayoria de los monitores externos muestran los colores de forma diferente al macbook. Los benq ma270u y ma320u son los monitores que mejor se adaptan a los colores de tu macbook y ofrece la mplia gama de colores p3 y colores vibrantes calibrados profesionalmente por benq para macbook<\/p>\n","protected":false},"featured_media":259867,"comment_status":"open","ping_status":"open","template":"","meta":[],"product_cat":[1741,1740],"product_tag":[1744],"acf":[],"yoast_head":"<!-- This site is optimized with the Yoast SEO plugin v21.7 - https:\/\/yoast.com\/wordpress\/plugins\/seo\/ -->\n<title>[ Benq ] &#129351; 9h.lmxlb.qba Monitor Para Mac Ma320u 31.5 3840x2160 Hdmi 2.0x2 Usb C X1 Bocinas 3wx2 Compatible Con Mac Tec Eye Care Tres A\u00f1os De Garantia<\/title>\n<meta name=\"description\" content=\"Compra 9h.lmxlb.qba Monitor Para Mac Ma320u 31.5 3840x2160 Hdmi 2.0x2 Usb C X1 Bocinas 3wx2 Compatible Con Mac Tec Eye Care Tres A\u00f1os De Garantia + Env\u00edo a domicilio + Pago seguro + Garant\u00eda\" \/>\n<meta name=\"robots\" content=\"index, follow, max-snippet:-1, max-image-preview:large, max-video-preview:-1\" \/>\n<link rel=\"canonical\" href=\"https:\/\/compuviper.mx\/tienda\/producto\/benq-9h-lmxlb-qba-monitor-para-mac-ma320u-31-5-3840x2160-hdmi-2-0x2-usb-c-x1-bocinas-3wx2-compatible-con-mac-tec-eye-care-tres-aos-de-garantia\/\" \/>\n<meta property=\"og:locale\" content=\"es_MX\" \/>\n<meta property=\"og:type\" content=\"article\" \/>\n<meta property=\"og:title\" content=\"[ Benq ] &#129351; 9h.lmxlb.qba Monitor Para Mac Ma320u 31.5 3840x2160 Hdmi 2.0x2 Usb C X1 Bocinas 3wx2 Compatible Con Mac Tec Eye Care Tres A\u00f1os De Garantia\" \/>\n<meta property=\"og:description\" content=\"Compra 9h.lmxlb.qba Monitor Para Mac Ma320u 31.5 3840x2160 Hdmi 2.0x2 Usb C X1 Bocinas 3wx2 Compatible Con Mac Tec Eye Care Tres A\u00f1os De Garantia + Env\u00edo a domicilio + Pago seguro + Garant\u00eda\" \/>\n<meta property=\"og:url\" content=\"https:\/\/compuviper.mx\/tienda\/producto\/benq-9h-lmxlb-qba-monitor-para-mac-ma320u-31-5-3840x2160-hdmi-2-0x2-usb-c-x1-bocinas-3wx2-compatible-con-mac-tec-eye-care-tres-aos-de-garantia\/\" \/>\n<meta property=\"og:site_name\" content=\"Compuviper\" \/>\n<meta property=\"article:publisher\" content=\"https:\/\/www.facebook.com\/compuviper\" \/>\n<meta property=\"article:modified_time\" content=\"2026-04-02T06:50:32+00:00\" \/>\n<meta property=\"og:image\" content=\"https:\/\/compuviper.mx\/tienda\/wp-content\/uploads\/2025\/10\/Monitor-benq-para-mac-ma320u-31.5-3840x2160-hdmi-2.0x2-usb-c-x1-bocinas-3wx2-compatible-con-mac-tec-eye-care-tres-anos-de-garantia.jpg\" \/>\n\t<meta property=\"og:image:width\" content=\"200\" \/>\n\t<meta property=\"og:image:height\" content=\"200\" \/>\n\t<meta property=\"og:image:type\" content=\"image\/jpeg\" \/>\n<meta name=\"twitter:card\" content=\"summary_large_image\" \/>\n<meta name=\"twitter:label1\" content=\"Precio\" \/>\n\t<meta name=\"twitter:data1\" content=\"&#36;12,868 con IVA\" \/>\n\t<meta name=\"twitter:label2\" content=\"Availability\" \/>\n\t<meta name=\"twitter:data2\" content=\"Out of stock\" \/>\n<script type=\"application\/ld+json\" class=\"yoast-schema-graph\">{\"@context\":\"https:\/\/schema.org\",\"@graph\":[{\"@type\":\"WebPage\",\"@id\":\"https:\/\/compuviper.mx\/tienda\/producto\/benq-9h-lmxlb-qba-monitor-para-mac-ma320u-31-5-3840x2160-hdmi-2-0x2-usb-c-x1-bocinas-3wx2-compatible-con-mac-tec-eye-care-tres-aos-de-garantia\/\",\"url\":\"https:\/\/compuviper.mx\/tienda\/producto\/benq-9h-lmxlb-qba-monitor-para-mac-ma320u-31-5-3840x2160-hdmi-2-0x2-usb-c-x1-bocinas-3wx2-compatible-con-mac-tec-eye-care-tres-aos-de-garantia\/\",\"name\":\"[ Benq ] &#129351; 9h.lmxlb.qba Monitor Para Mac Ma320u 31.5 3840x2160 Hdmi 2.0x2 Usb C X1 Bocinas 3wx2 Compatible Con Mac Tec Eye Care Tres A\u00f1os De Garantia\",\"isPartOf\":{\"@id\":\"https:\/\/compuviper.mx\/tienda\/#website\"},\"datePublished\":\"2026-04-02T06:50:31+00:00\",\"dateModified\":\"2026-04-02T06:50:32+00:00\",\"description\":\"Compra 9h.lmxlb.qba Monitor Para Mac Ma320u 31.5 3840x2160 Hdmi 2.0x2 Usb C X1 Bocinas 3wx2 Compatible Con Mac Tec Eye Care Tres A\u00f1os De Garantia + Env\u00edo a domicilio + Pago seguro + Garant\u00eda\",\"breadcrumb\":{\"@id\":\"https:\/\/compuviper.mx\/tienda\/producto\/benq-9h-lmxlb-qba-monitor-para-mac-ma320u-31-5-3840x2160-hdmi-2-0x2-usb-c-x1-bocinas-3wx2-compatible-con-mac-tec-eye-care-tres-aos-de-garantia\/#breadcrumb\"},\"inLanguage\":\"es-MX\",\"potentialAction\":[{\"@type\":\"ReadAction\",\"target\":[\"https:\/\/compuviper.mx\/tienda\/producto\/benq-9h-lmxlb-qba-monitor-para-mac-ma320u-31-5-3840x2160-hdmi-2-0x2-usb-c-x1-bocinas-3wx2-compatible-con-mac-tec-eye-care-tres-aos-de-garantia\/\"]}]},{\"@type\":\"BreadcrumbList\",\"@id\":\"https:\/\/compuviper.mx\/tienda\/producto\/benq-9h-lmxlb-qba-monitor-para-mac-ma320u-31-5-3840x2160-hdmi-2-0x2-usb-c-x1-bocinas-3wx2-compatible-con-mac-tec-eye-care-tres-aos-de-garantia\/#breadcrumb\",\"itemListElement\":[{\"@type\":\"ListItem\",\"position\":1,\"name\":\"Inicio\",\"item\":\"https:\/\/compuviper.mx\/tienda\/\"},{\"@type\":\"ListItem\",\"position\":2,\"name\":\"Productos\",\"item\":\"https:\/\/compuviper.mx\/tienda\/productos\/\"},{\"@type\":\"ListItem\",\"position\":3,\"name\":\"Monitores\",\"item\":\"https:\/\/compuviper.mx\/tienda\/categoria-producto\/monitores\/\"},{\"@type\":\"ListItem\",\"position\":4,\"name\":\"Led\",\"item\":\"https:\/\/compuviper.mx\/tienda\/categoria-producto\/monitores\/led\/\"},{\"@type\":\"ListItem\",\"position\":5,\"name\":\"Benq 9h.lmxlb.qba Monitor Para Mac Ma320u 31.5 3840&#215;2160 Hdmi 2.0&#215;2 Usb C X1 Bocinas 3wx2 Compatible Con Mac Tec Eye Care Tres A?os De Garantia\"}]},{\"@type\":\"WebSite\",\"@id\":\"https:\/\/compuviper.mx\/tienda\/#website\",\"url\":\"https:\/\/compuviper.mx\/tienda\/\",\"name\":\"Compuviper\",\"description\":\"Proveedor de Computadoras, Laptops, Servidores, Monitores, Puntos de Venta, Teclados,   Impresoras, T\u00f3ner, C\u00e1maras de Seguridad y m\u00e1s en tu tienda en l\u00ednea\",\"publisher\":{\"@id\":\"https:\/\/compuviper.mx\/tienda\/#organization\"},\"potentialAction\":[{\"@type\":\"SearchAction\",\"target\":{\"@type\":\"EntryPoint\",\"urlTemplate\":\"https:\/\/compuviper.mx\/tienda\/?s={search_term_string}\"},\"query-input\":\"required name=search_term_string\"}],\"inLanguage\":\"es-MX\"},{\"@type\":\"Organization\",\"@id\":\"https:\/\/compuviper.mx\/tienda\/#organization\",\"name\":\"Compuviper\",\"url\":\"https:\/\/compuviper.mx\/tienda\/\",\"logo\":{\"@type\":\"ImageObject\",\"inLanguage\":\"es-MX\",\"@id\":\"https:\/\/compuviper.mx\/tienda\/#\/schema\/logo\/image\/\",\"url\":\"https:\/\/compuviper.mx\/tienda\/wp-content\/uploads\/2021\/08\/Logo-Compuviper-10.png\",\"contentUrl\":\"https:\/\/compuviper.mx\/tienda\/wp-content\/uploads\/2021\/08\/Logo-Compuviper-10.png\",\"width\":1000,\"height\":500,\"caption\":\"Compuviper\"},\"image\":{\"@id\":\"https:\/\/compuviper.mx\/tienda\/#\/schema\/logo\/image\/\"},\"sameAs\":[\"https:\/\/www.facebook.com\/compuviper\",\"https:\/\/www.youtube.com\/channel\/UCf73dERp9Y3cfOq7q8BhLjA?view_as=subscriber\"]}]}<\/script>\n<meta property=\"product:brand\" content=\"BENQ\" \/>\n<meta property=\"product:price:amount\" content=\"12868\" \/>\n<meta property=\"product:price:currency\" content=\"MXN\" \/>\n<meta property=\"og:availability\" content=\"out of stock\" \/>\n<meta property=\"product:availability\" content=\"out of stock\" \/>\n<meta property=\"product:retailer_item_id\" content=\"9H.LMXLB.QBA\" \/>\n<meta property=\"product:condition\" content=\"new\" \/>\n<!-- \/ Yoast SEO plugin. -->","yoast_head_json":{"title":"[ Benq ] &#129351; 9h.lmxlb.qba Monitor Para Mac Ma320u 31.5 3840x2160 Hdmi 2.0x2 Usb C X1 Bocinas 3wx2 Compatible Con Mac Tec Eye Care Tres A\u00f1os De Garantia","description":"Compra 9h.lmxlb.qba Monitor Para Mac Ma320u 31.5 3840x2160 Hdmi 2.0x2 Usb C X1 Bocinas 3wx2 Compatible Con Mac Tec Eye Care Tres A\u00f1os De Garantia + Env\u00edo a domicilio + Pago seguro + Garant\u00eda","robots":{"index":"index","follow":"follow","max-snippet":"max-snippet:-1","max-image-preview":"max-image-preview:large","max-video-preview":"max-video-preview:-1"},"canonical":"https:\/\/compuviper.mx\/tienda\/producto\/benq-9h-lmxlb-qba-monitor-para-mac-ma320u-31-5-3840x2160-hdmi-2-0x2-usb-c-x1-bocinas-3wx2-compatible-con-mac-tec-eye-care-tres-aos-de-garantia\/","og_locale":"es_MX","og_type":"article","og_title":"[ Benq ] &#129351; 9h.lmxlb.qba Monitor Para Mac Ma320u 31.5 3840x2160 Hdmi 2.0x2 Usb C X1 Bocinas 3wx2 Compatible Con Mac Tec Eye Care Tres A\u00f1os De Garantia","og_description":"Compra 9h.lmxlb.qba Monitor Para Mac Ma320u 31.5 3840x2160 Hdmi 2.0x2 Usb C X1 Bocinas 3wx2 Compatible Con Mac Tec Eye Care Tres A\u00f1os De Garantia + Env\u00edo a domicilio + Pago seguro + Garant\u00eda","og_url":"https:\/\/compuviper.mx\/tienda\/producto\/benq-9h-lmxlb-qba-monitor-para-mac-ma320u-31-5-3840x2160-hdmi-2-0x2-usb-c-x1-bocinas-3wx2-compatible-con-mac-tec-eye-care-tres-aos-de-garantia\/","og_site_name":"Compuviper","article_publisher":"https:\/\/www.facebook.com\/compuviper","article_modified_time":"2026-04-02T06:50:32+00:00","og_image":[{"width":200,"height":200,"url":"https:\/\/compuviper.mx\/tienda\/wp-content\/uploads\/2025\/10\/Monitor-benq-para-mac-ma320u-31.5-3840x2160-hdmi-2.0x2-usb-c-x1-bocinas-3wx2-compatible-con-mac-tec-eye-care-tres-anos-de-garantia.jpg","type":"image\/jpeg"}],"twitter_card":"summary_large_image","twitter_misc":{"Precio":"&#36;12,868 con IVA","Availability":"Out of stock"},"schema":{"@context":"https:\/\/schema.org","@graph":[{"@type":"WebPage","@id":"https:\/\/compuviper.mx\/tienda\/producto\/benq-9h-lmxlb-qba-monitor-para-mac-ma320u-31-5-3840x2160-hdmi-2-0x2-usb-c-x1-bocinas-3wx2-compatible-con-mac-tec-eye-care-tres-aos-de-garantia\/","url":"https:\/\/compuviper.mx\/tienda\/producto\/benq-9h-lmxlb-qba-monitor-para-mac-ma320u-31-5-3840x2160-hdmi-2-0x2-usb-c-x1-bocinas-3wx2-compatible-con-mac-tec-eye-care-tres-aos-de-garantia\/","name":"[ Benq ] &#129351; 9h.lmxlb.qba Monitor Para Mac Ma320u 31.5 3840x2160 Hdmi 2.0x2 Usb C X1 Bocinas 3wx2 Compatible Con Mac Tec Eye Care Tres A\u00f1os De Garantia","isPartOf":{"@id":"https:\/\/compuviper.mx\/tienda\/#website"},"datePublished":"2026-04-02T06:50:31+00:00","dateModified":"2026-04-02T06:50:32+00:00","description":"Compra 9h.lmxlb.qba Monitor Para Mac Ma320u 31.5 3840x2160 Hdmi 2.0x2 Usb C X1 Bocinas 3wx2 Compatible Con Mac Tec Eye Care Tres A\u00f1os De Garantia + Env\u00edo a domicilio + Pago seguro + Garant\u00eda","breadcrumb":{"@id":"https:\/\/compuviper.mx\/tienda\/producto\/benq-9h-lmxlb-qba-monitor-para-mac-ma320u-31-5-3840x2160-hdmi-2-0x2-usb-c-x1-bocinas-3wx2-compatible-con-mac-tec-eye-care-tres-aos-de-garantia\/#breadcrumb"},"inLanguage":"es-MX","potentialAction":[{"@type":"ReadAction","target":["https:\/\/compuviper.mx\/tienda\/producto\/benq-9h-lmxlb-qba-monitor-para-mac-ma320u-31-5-3840x2160-hdmi-2-0x2-usb-c-x1-bocinas-3wx2-compatible-con-mac-tec-eye-care-tres-aos-de-garantia\/"]}]},{"@type":"BreadcrumbList","@id":"https:\/\/compuviper.mx\/tienda\/producto\/benq-9h-lmxlb-qba-monitor-para-mac-ma320u-31-5-3840x2160-hdmi-2-0x2-usb-c-x1-bocinas-3wx2-compatible-con-mac-tec-eye-care-tres-aos-de-garantia\/#breadcrumb","itemListElement":[{"@type":"ListItem","position":1,"name":"Inicio","item":"https:\/\/compuviper.mx\/tienda\/"},{"@type":"ListItem","position":2,"name":"Productos","item":"https:\/\/compuviper.mx\/tienda\/productos\/"},{"@type":"ListItem","position":3,"name":"Monitores","item":"https:\/\/compuviper.mx\/tienda\/categoria-producto\/monitores\/"},{"@type":"ListItem","position":4,"name":"Led","item":"https:\/\/compuviper.mx\/tienda\/categoria-producto\/monitores\/led\/"},{"@type":"ListItem","position":5,"name":"Benq 9h.lmxlb.qba Monitor Para Mac Ma320u 31.5 3840&#215;2160 Hdmi 2.0&#215;2 Usb C X1 Bocinas 3wx2 Compatible Con Mac Tec Eye Care Tres A?os De Garantia"}]},{"@type":"WebSite","@id":"https:\/\/compuviper.mx\/tienda\/#website","url":"https:\/\/compuviper.mx\/tienda\/","name":"Compuviper","description":"Proveedor de Computadoras, Laptops, Servidores, Monitores, Puntos de Venta, Teclados,   Impresoras, T\u00f3ner, C\u00e1maras de Seguridad y m\u00e1s en tu tienda en l\u00ednea","publisher":{"@id":"https:\/\/compuviper.mx\/tienda\/#organization"},"potentialAction":[{"@type":"SearchAction","target":{"@type":"EntryPoint","urlTemplate":"https:\/\/compuviper.mx\/tienda\/?s={search_term_string}"},"query-input":"required name=search_term_string"}],"inLanguage":"es-MX"},{"@type":"Organization","@id":"https:\/\/compuviper.mx\/tienda\/#organization","name":"Compuviper","url":"https:\/\/compuviper.mx\/tienda\/","logo":{"@type":"ImageObject","inLanguage":"es-MX","@id":"https:\/\/compuviper.mx\/tienda\/#\/schema\/logo\/image\/","url":"https:\/\/compuviper.mx\/tienda\/wp-content\/uploads\/2021\/08\/Logo-Compuviper-10.png","contentUrl":"https:\/\/compuviper.mx\/tienda\/wp-content\/uploads\/2021\/08\/Logo-Compuviper-10.png","width":1000,"height":500,"caption":"Compuviper"},"image":{"@id":"https:\/\/compuviper.mx\/tienda\/#\/schema\/logo\/image\/"},"sameAs":["https:\/\/www.facebook.com\/compuviper","https:\/\/www.youtube.com\/channel\/UCf73dERp9Y3cfOq7q8BhLjA?view_as=subscriber"]}]},"product_brand":"BENQ","product_price_amount":"12868","product_price_currency":"MXN","og_availability":"out of stock","product_availability":"out of stock","product_retailer_item_id":"9H.LMXLB.QBA","product_condition":"new"},"_links":{"self":[{"href":"https:\/\/compuviper.mx\/tienda\/wp-json\/wp\/v2\/product\/245299"}],"collection":[{"href":"https:\/\/compuviper.mx\/tienda\/wp-json\/wp\/v2\/product"}],"about":[{"href":"https:\/\/compuviper.mx\/tienda\/wp-json\/wp\/v2\/types\/product"}],"replies":[{"embeddable":true,"href":"https:\/\/compuviper.mx\/tienda\/wp-json\/wp\/v2\/comments?post=245299"}],"wp:featuredmedia":[{"embeddable":true,"href":"https:\/\/compuviper.mx\/tienda\/wp-json\/wp\/v2\/media\/259867"}],"wp:attachment":[{"href":"https:\/\/compuviper.mx\/tienda\/wp-json\/wp\/v2\/media?parent=245299"}],"wp:term":[{"taxonomy":"product_cat","embeddable":true,"href":"https:\/\/compuviper.mx\/tienda\/wp-json\/wp\/v2\/product_cat?post=245299"},{"taxonomy":"product_tag","embeddable":true,"href":"https:\/\/compuviper.mx\/tienda\/wp-json\/wp\/v2\/product_tag?post=245299"}],"curies":[{"name":"wp","href":"https:\/\/api.w.org\/{rel}","templated":true}]}}