{"id":245290,"date":"2026-04-07T00:44:19","date_gmt":"2026-04-07T06:44:19","guid":{"rendered":"https:\/\/compuviper.mx\/tienda\/producto\/3nstar-sc410-lector-de-codigo-de-barras-negro-usb-rs232-1d-2d-60-cuadros-por-segundo\/"},"modified":"2026-04-07T00:44:20","modified_gmt":"2026-04-07T06:44:20","slug":"3nstar-sc410-lector-de-codigo-de-barras-negro-usb-rs232-1d-2d-60-cuadros-por-segundo","status":"publish","type":"product","link":"https:\/\/compuviper.mx\/tienda\/producto\/3nstar-sc410-lector-de-codigo-de-barras-negro-usb-rs232-1d-2d-60-cuadros-por-segundo\/","title":{"rendered":"3nstar Sc410 Lector De Codigo De Barras  , Negro, Usb, Rs232, 1d, 2d, 60 Cuadros Por Segundo"},"content":{"rendered":"<table class=\"descripcion\">\n<tr>\n<td>F\u00edsicas<\/td>\n<\/tr>\n<tr>\n<td>Construcci\u00f3n: abs + pc color negro<\/td>\n<\/tr>\n<tr>\n<td>Dimensiones: 165mm (h) x 67mm (d) x97mm (w)<\/td>\n<\/tr>\n<tr>\n<td>Peso: 122.5g<\/td>\n<\/tr>\n<tr>\n<td>Cable est\u00e1ndar: 1.8m<\/td>\n<\/tr>\n<tr>\n<td>Caracter\u00edsticas<\/td>\n<\/tr>\n<tr>\n<td>Velocidad de lectura: 60 cuadros por segundo<\/td>\n<\/tr>\n<tr>\n<td>Profundidad de campo: 4-50cm<\/td>\n<\/tr>\n<tr>\n<td>Dise\u00f1o anti-impacto: soporta 1.5 m (5 ft.) de ca\u00edda<\/td>\n<\/tr>\n<tr>\n<td>Interface: usb y rs232<\/td>\n<\/tr>\n<tr>\n<td>Compatibilidad: windows, mac os, linux, android, ios<\/td>\n<\/tr>\n<tr>\n<td>Desempe\u00f1o<\/td>\n<\/tr>\n<tr>\n<td>Sistema \u00f3ptico: 1280 x 800 pixeles<\/td>\n<\/tr>\n<tr>\n<td>Resoluci\u00f3n: 1d 4mil (0.101mm) 2d 7mil (0.178mm)<\/td>\n<\/tr>\n<tr>\n<td>Fuente de luz de apunte: barra roja led<\/td>\n<\/tr>\n<tr>\n<td>Fuente de luz: led blanco<\/td>\n<\/tr>\n<tr>\n<td>Campo de visi\u00f3n:   horizontal: 54.0\u00ba vertical: 33.0\u00ba<\/td>\n<\/tr>\n<tr>\n<td>Contraste de impresi\u00f3n: 20% @ upc\/ean 100% (13 mil)<\/td>\n<\/tr>\n<tr>\n<td>Sensor \u00f3ptico: cmos<\/td>\n<\/tr>\n<tr>\n<td>Indicador visual: leds, bocina<\/td>\n<\/tr>\n<tr>\n<td>Capacidad de decodificaci\u00f3n: upc, ean, code 128, code 39, code 11, matrix 2 of 5, interleaved 2 of 5, codabar, msi plessey, gs1 databar, etc.<\/td>\n<\/tr>\n<tr>\n<td>Capacidad de decodificaci\u00f3n 2d: pdf417, micropdf417, data matrix, maxicode, qr code, microqr, aztec, etc.<\/td>\n<\/tr>\n<tr>\n<td>El\u00e9ctricas<\/td>\n<\/tr>\n<tr>\n<td>Voltaje: 5v dc+\/- 10%<\/td>\n<\/tr>\n<tr>\n<td>Consumo de energ\u00eda: 250ma max<\/td>\n<\/tr>\n<tr>\n<td>Corriente est\u00e1tica: 80ma<\/td>\n<\/tr>\n<tr>\n<td>Seguridad el\u00e9ctrica: ul 60950 and #65292;en\/iec 60950<\/td>\n<\/tr>\n<tr>\n<td>Emi\/rfi: fcc part 15 class b: 2017 ansi c63. 4-2014<\/td>\n<\/tr>\n<tr>\n<td>Condiciones ambientales<\/td>\n<\/tr>\n<tr>\n<td>Temperatura de operaci\u00f3n: -20\u00b0c a 60\u00b0c (-4\u00b0f a 140\u00b0f)<\/td>\n<\/tr>\n<tr>\n<td>Humedad de operaci\u00f3n: 5% a 90% humedad relativa, sin condensaci\u00f3n<\/td>\n<\/tr>\n<tr>\n<td>Temperatura de almacenamiento: -30\u00b0c a 70\u00b0c (-22\u00b0f a 158\u00b0f)<\/td>\n<\/tr>\n<tr>\n<td>Humedad de almacenamiento:  5% a 90% humedad relativa, sin condensaci\u00f3n<\/td>\n<\/tr>\n<tr>\n<td>Nivel de luz:  luz fluorescente, 4000 lux max, m\u00e1xima luz solar directa: 80,000 lux, luz blanca: 4000 lux<\/td>\n<\/tr>\n<tr>\n<td>Empaque<\/td>\n<\/tr>\n<tr>\n<td>Contenido de la caja: lector, cable, base y manual del usuario<\/td>\n<\/tr>\n<tr>\n<td>Dimensiones de la caja: 220mm x 150mm x 110mm<\/td>\n<\/tr>\n<tr>\n<td>Peso bruto: 0.50kg.<\/td>\n<\/tr>\n<tr>\n<td>Garant\u00eda 5 anios<\/td>\n<\/tr>\n<\/table>\n","protected":false},"excerpt":{"rendered":"<p>En muchas industrias, la codificaci\u00f3n de barras 2d se est\u00e1 convirtiendo en el nuevo est\u00e1ndar. No s\u00f3lo es posible tener muchos m\u00e1s datos en un c\u00f3digo 2d, sino tambi\u00e9n muchas aplicaciones tales como regulaciones gubernamentales, farmacias, programas de lealtad y mandatos de proveedores est\u00e1n requiriendo su adopci\u00f3n. Las empresas tambi\u00e9n est\u00e1n buscando aprovechar las tendencias emergentes que requieren tecnolog\u00eda de imagen de \u00e1rea. Con el sc410, puede escanearlo todo. Usted obtiene un esc\u00e1ner de im\u00e1genes 1d \/ 2d asequible que no compromete el rendimiento o las caracter\u00edsticas por precio.<\/p>\n","protected":false},"featured_media":245389,"comment_status":"open","ping_status":"open","template":"","meta":[],"product_cat":[1721,1722],"product_tag":[1570],"acf":[],"yoast_head":"<!-- This site is optimized with the Yoast SEO plugin v21.7 - https:\/\/yoast.com\/wordpress\/plugins\/seo\/ -->\n<title>[ 3nstar ] &#129351; Sc410 Lector De Codigo De Barras , Negro, Usb, Rs232, 1d, 2d, 60 Cuadros Por Segundo<\/title>\n<meta name=\"description\" content=\"Compra Sc410 Lector De Codigo De Barras , Negro, Usb, Rs232, 1d, 2d, 60 Cuadros Por Segundo + Env\u00edo a domicilio + Pago seguro + Garant\u00eda\" \/>\n<meta name=\"robots\" content=\"index, follow, max-snippet:-1, max-image-preview:large, max-video-preview:-1\" \/>\n<link rel=\"canonical\" href=\"https:\/\/compuviper.mx\/tienda\/producto\/3nstar-sc410-lector-de-codigo-de-barras-negro-usb-rs232-1d-2d-60-cuadros-por-segundo\/\" \/>\n<meta property=\"og:locale\" content=\"es_MX\" \/>\n<meta property=\"og:type\" content=\"article\" \/>\n<meta property=\"og:title\" content=\"[ 3nstar ] &#129351; Sc410 Lector De Codigo De Barras , Negro, Usb, Rs232, 1d, 2d, 60 Cuadros Por Segundo\" \/>\n<meta property=\"og:description\" content=\"Compra Sc410 Lector De Codigo De Barras , Negro, Usb, Rs232, 1d, 2d, 60 Cuadros Por Segundo + Env\u00edo a domicilio + Pago seguro + Garant\u00eda\" \/>\n<meta property=\"og:url\" content=\"https:\/\/compuviper.mx\/tienda\/producto\/3nstar-sc410-lector-de-codigo-de-barras-negro-usb-rs232-1d-2d-60-cuadros-por-segundo\/\" \/>\n<meta property=\"og:site_name\" content=\"Compuviper\" \/>\n<meta property=\"article:publisher\" content=\"https:\/\/www.facebook.com\/compuviper\" \/>\n<meta property=\"article:modified_time\" content=\"2026-04-07T06:44:20+00:00\" \/>\n<meta property=\"og:image\" content=\"https:\/\/compuviper.mx\/tienda\/wp-content\/uploads\/2024\/11\/Lector-de-codigo-de-barras-3nstar-sc410-negro-usb-rs232-1d-2d-60-cuadros-por-segundo.jpg\" \/>\n\t<meta property=\"og:image:width\" content=\"200\" \/>\n\t<meta property=\"og:image:height\" content=\"200\" \/>\n\t<meta property=\"og:image:type\" content=\"image\/jpeg\" \/>\n<meta name=\"twitter:card\" content=\"summary_large_image\" \/>\n<meta name=\"twitter:label1\" content=\"Precio\" \/>\n\t<meta name=\"twitter:data1\" content=\"&#36;1,494 con IVA\" \/>\n\t<meta name=\"twitter:label2\" content=\"Availability\" \/>\n\t<meta name=\"twitter:data2\" content=\"Out of stock\" \/>\n<script type=\"application\/ld+json\" class=\"yoast-schema-graph\">{\"@context\":\"https:\/\/schema.org\",\"@graph\":[{\"@type\":\"WebPage\",\"@id\":\"https:\/\/compuviper.mx\/tienda\/producto\/3nstar-sc410-lector-de-codigo-de-barras-negro-usb-rs232-1d-2d-60-cuadros-por-segundo\/\",\"url\":\"https:\/\/compuviper.mx\/tienda\/producto\/3nstar-sc410-lector-de-codigo-de-barras-negro-usb-rs232-1d-2d-60-cuadros-por-segundo\/\",\"name\":\"[ 3nstar ] &#129351; Sc410 Lector De Codigo De Barras , Negro, Usb, Rs232, 1d, 2d, 60 Cuadros Por Segundo\",\"isPartOf\":{\"@id\":\"https:\/\/compuviper.mx\/tienda\/#website\"},\"datePublished\":\"2026-04-07T06:44:19+00:00\",\"dateModified\":\"2026-04-07T06:44:20+00:00\",\"description\":\"Compra Sc410 Lector De Codigo De Barras , Negro, Usb, Rs232, 1d, 2d, 60 Cuadros Por Segundo + Env\u00edo a domicilio + Pago seguro + Garant\u00eda\",\"breadcrumb\":{\"@id\":\"https:\/\/compuviper.mx\/tienda\/producto\/3nstar-sc410-lector-de-codigo-de-barras-negro-usb-rs232-1d-2d-60-cuadros-por-segundo\/#breadcrumb\"},\"inLanguage\":\"es-MX\",\"potentialAction\":[{\"@type\":\"ReadAction\",\"target\":[\"https:\/\/compuviper.mx\/tienda\/producto\/3nstar-sc410-lector-de-codigo-de-barras-negro-usb-rs232-1d-2d-60-cuadros-por-segundo\/\"]}]},{\"@type\":\"BreadcrumbList\",\"@id\":\"https:\/\/compuviper.mx\/tienda\/producto\/3nstar-sc410-lector-de-codigo-de-barras-negro-usb-rs232-1d-2d-60-cuadros-por-segundo\/#breadcrumb\",\"itemListElement\":[{\"@type\":\"ListItem\",\"position\":1,\"name\":\"Inicio\",\"item\":\"https:\/\/compuviper.mx\/tienda\/\"},{\"@type\":\"ListItem\",\"position\":2,\"name\":\"Productos\",\"item\":\"https:\/\/compuviper.mx\/tienda\/productos\/\"},{\"@type\":\"ListItem\",\"position\":3,\"name\":\"Lector De Codigos\",\"item\":\"https:\/\/compuviper.mx\/tienda\/categoria-producto\/lector-de-codigos\/\"},{\"@type\":\"ListItem\",\"position\":4,\"name\":\"Imager\",\"item\":\"https:\/\/compuviper.mx\/tienda\/categoria-producto\/lector-de-codigos\/imager\/\"},{\"@type\":\"ListItem\",\"position\":5,\"name\":\"3nstar Sc410 Lector De Codigo De Barras , Negro, Usb, Rs232, 1d, 2d, 60 Cuadros Por Segundo\"}]},{\"@type\":\"WebSite\",\"@id\":\"https:\/\/compuviper.mx\/tienda\/#website\",\"url\":\"https:\/\/compuviper.mx\/tienda\/\",\"name\":\"Compuviper\",\"description\":\"Proveedor de Computadoras, Laptops, Servidores, Monitores, Puntos de Venta, Teclados,   Impresoras, T\u00f3ner, C\u00e1maras de Seguridad y m\u00e1s en tu tienda en l\u00ednea\",\"publisher\":{\"@id\":\"https:\/\/compuviper.mx\/tienda\/#organization\"},\"potentialAction\":[{\"@type\":\"SearchAction\",\"target\":{\"@type\":\"EntryPoint\",\"urlTemplate\":\"https:\/\/compuviper.mx\/tienda\/?s={search_term_string}\"},\"query-input\":\"required name=search_term_string\"}],\"inLanguage\":\"es-MX\"},{\"@type\":\"Organization\",\"@id\":\"https:\/\/compuviper.mx\/tienda\/#organization\",\"name\":\"Compuviper\",\"url\":\"https:\/\/compuviper.mx\/tienda\/\",\"logo\":{\"@type\":\"ImageObject\",\"inLanguage\":\"es-MX\",\"@id\":\"https:\/\/compuviper.mx\/tienda\/#\/schema\/logo\/image\/\",\"url\":\"https:\/\/compuviper.mx\/tienda\/wp-content\/uploads\/2021\/08\/Logo-Compuviper-10.png\",\"contentUrl\":\"https:\/\/compuviper.mx\/tienda\/wp-content\/uploads\/2021\/08\/Logo-Compuviper-10.png\",\"width\":1000,\"height\":500,\"caption\":\"Compuviper\"},\"image\":{\"@id\":\"https:\/\/compuviper.mx\/tienda\/#\/schema\/logo\/image\/\"},\"sameAs\":[\"https:\/\/www.facebook.com\/compuviper\",\"https:\/\/www.youtube.com\/channel\/UCf73dERp9Y3cfOq7q8BhLjA?view_as=subscriber\"]}]}<\/script>\n<meta property=\"product:brand\" content=\"3NSTAR\" \/>\n<meta property=\"product:price:amount\" content=\"1494\" \/>\n<meta property=\"product:price:currency\" content=\"MXN\" \/>\n<meta property=\"og:availability\" content=\"out of stock\" \/>\n<meta property=\"product:availability\" content=\"out of stock\" \/>\n<meta property=\"product:retailer_item_id\" content=\"SC410\" \/>\n<meta property=\"product:condition\" content=\"new\" \/>\n<!-- \/ Yoast SEO plugin. -->","yoast_head_json":{"title":"[ 3nstar ] &#129351; Sc410 Lector De Codigo De Barras , Negro, Usb, Rs232, 1d, 2d, 60 Cuadros Por Segundo","description":"Compra Sc410 Lector De Codigo De Barras , Negro, Usb, Rs232, 1d, 2d, 60 Cuadros Por Segundo + Env\u00edo a domicilio + Pago seguro + Garant\u00eda","robots":{"index":"index","follow":"follow","max-snippet":"max-snippet:-1","max-image-preview":"max-image-preview:large","max-video-preview":"max-video-preview:-1"},"canonical":"https:\/\/compuviper.mx\/tienda\/producto\/3nstar-sc410-lector-de-codigo-de-barras-negro-usb-rs232-1d-2d-60-cuadros-por-segundo\/","og_locale":"es_MX","og_type":"article","og_title":"[ 3nstar ] &#129351; Sc410 Lector De Codigo De Barras , Negro, Usb, Rs232, 1d, 2d, 60 Cuadros Por Segundo","og_description":"Compra Sc410 Lector De Codigo De Barras , Negro, Usb, Rs232, 1d, 2d, 60 Cuadros Por Segundo + Env\u00edo a domicilio + Pago seguro + Garant\u00eda","og_url":"https:\/\/compuviper.mx\/tienda\/producto\/3nstar-sc410-lector-de-codigo-de-barras-negro-usb-rs232-1d-2d-60-cuadros-por-segundo\/","og_site_name":"Compuviper","article_publisher":"https:\/\/www.facebook.com\/compuviper","article_modified_time":"2026-04-07T06:44:20+00:00","og_image":[{"width":200,"height":200,"url":"https:\/\/compuviper.mx\/tienda\/wp-content\/uploads\/2024\/11\/Lector-de-codigo-de-barras-3nstar-sc410-negro-usb-rs232-1d-2d-60-cuadros-por-segundo.jpg","type":"image\/jpeg"}],"twitter_card":"summary_large_image","twitter_misc":{"Precio":"&#36;1,494 con IVA","Availability":"Out of stock"},"schema":{"@context":"https:\/\/schema.org","@graph":[{"@type":"WebPage","@id":"https:\/\/compuviper.mx\/tienda\/producto\/3nstar-sc410-lector-de-codigo-de-barras-negro-usb-rs232-1d-2d-60-cuadros-por-segundo\/","url":"https:\/\/compuviper.mx\/tienda\/producto\/3nstar-sc410-lector-de-codigo-de-barras-negro-usb-rs232-1d-2d-60-cuadros-por-segundo\/","name":"[ 3nstar ] &#129351; Sc410 Lector De Codigo De Barras , Negro, Usb, Rs232, 1d, 2d, 60 Cuadros Por Segundo","isPartOf":{"@id":"https:\/\/compuviper.mx\/tienda\/#website"},"datePublished":"2026-04-07T06:44:19+00:00","dateModified":"2026-04-07T06:44:20+00:00","description":"Compra Sc410 Lector De Codigo De Barras , Negro, Usb, Rs232, 1d, 2d, 60 Cuadros Por Segundo + Env\u00edo a domicilio + Pago seguro + Garant\u00eda","breadcrumb":{"@id":"https:\/\/compuviper.mx\/tienda\/producto\/3nstar-sc410-lector-de-codigo-de-barras-negro-usb-rs232-1d-2d-60-cuadros-por-segundo\/#breadcrumb"},"inLanguage":"es-MX","potentialAction":[{"@type":"ReadAction","target":["https:\/\/compuviper.mx\/tienda\/producto\/3nstar-sc410-lector-de-codigo-de-barras-negro-usb-rs232-1d-2d-60-cuadros-por-segundo\/"]}]},{"@type":"BreadcrumbList","@id":"https:\/\/compuviper.mx\/tienda\/producto\/3nstar-sc410-lector-de-codigo-de-barras-negro-usb-rs232-1d-2d-60-cuadros-por-segundo\/#breadcrumb","itemListElement":[{"@type":"ListItem","position":1,"name":"Inicio","item":"https:\/\/compuviper.mx\/tienda\/"},{"@type":"ListItem","position":2,"name":"Productos","item":"https:\/\/compuviper.mx\/tienda\/productos\/"},{"@type":"ListItem","position":3,"name":"Lector De Codigos","item":"https:\/\/compuviper.mx\/tienda\/categoria-producto\/lector-de-codigos\/"},{"@type":"ListItem","position":4,"name":"Imager","item":"https:\/\/compuviper.mx\/tienda\/categoria-producto\/lector-de-codigos\/imager\/"},{"@type":"ListItem","position":5,"name":"3nstar Sc410 Lector De Codigo De Barras , Negro, Usb, Rs232, 1d, 2d, 60 Cuadros Por Segundo"}]},{"@type":"WebSite","@id":"https:\/\/compuviper.mx\/tienda\/#website","url":"https:\/\/compuviper.mx\/tienda\/","name":"Compuviper","description":"Proveedor de Computadoras, Laptops, Servidores, Monitores, Puntos de Venta, Teclados,   Impresoras, T\u00f3ner, C\u00e1maras de Seguridad y m\u00e1s en tu tienda en l\u00ednea","publisher":{"@id":"https:\/\/compuviper.mx\/tienda\/#organization"},"potentialAction":[{"@type":"SearchAction","target":{"@type":"EntryPoint","urlTemplate":"https:\/\/compuviper.mx\/tienda\/?s={search_term_string}"},"query-input":"required name=search_term_string"}],"inLanguage":"es-MX"},{"@type":"Organization","@id":"https:\/\/compuviper.mx\/tienda\/#organization","name":"Compuviper","url":"https:\/\/compuviper.mx\/tienda\/","logo":{"@type":"ImageObject","inLanguage":"es-MX","@id":"https:\/\/compuviper.mx\/tienda\/#\/schema\/logo\/image\/","url":"https:\/\/compuviper.mx\/tienda\/wp-content\/uploads\/2021\/08\/Logo-Compuviper-10.png","contentUrl":"https:\/\/compuviper.mx\/tienda\/wp-content\/uploads\/2021\/08\/Logo-Compuviper-10.png","width":1000,"height":500,"caption":"Compuviper"},"image":{"@id":"https:\/\/compuviper.mx\/tienda\/#\/schema\/logo\/image\/"},"sameAs":["https:\/\/www.facebook.com\/compuviper","https:\/\/www.youtube.com\/channel\/UCf73dERp9Y3cfOq7q8BhLjA?view_as=subscriber"]}]},"product_brand":"3NSTAR","product_price_amount":"1494","product_price_currency":"MXN","og_availability":"out of stock","product_availability":"out of stock","product_retailer_item_id":"SC410","product_condition":"new"},"_links":{"self":[{"href":"https:\/\/compuviper.mx\/tienda\/wp-json\/wp\/v2\/product\/245290"}],"collection":[{"href":"https:\/\/compuviper.mx\/tienda\/wp-json\/wp\/v2\/product"}],"about":[{"href":"https:\/\/compuviper.mx\/tienda\/wp-json\/wp\/v2\/types\/product"}],"replies":[{"embeddable":true,"href":"https:\/\/compuviper.mx\/tienda\/wp-json\/wp\/v2\/comments?post=245290"}],"wp:featuredmedia":[{"embeddable":true,"href":"https:\/\/compuviper.mx\/tienda\/wp-json\/wp\/v2\/media\/245389"}],"wp:attachment":[{"href":"https:\/\/compuviper.mx\/tienda\/wp-json\/wp\/v2\/media?parent=245290"}],"wp:term":[{"taxonomy":"product_cat","embeddable":true,"href":"https:\/\/compuviper.mx\/tienda\/wp-json\/wp\/v2\/product_cat?post=245290"},{"taxonomy":"product_tag","embeddable":true,"href":"https:\/\/compuviper.mx\/tienda\/wp-json\/wp\/v2\/product_tag?post=245290"}],"curies":[{"name":"wp","href":"https:\/\/api.w.org\/{rel}","templated":true}]}}