{"id":245274,"date":"2026-04-07T00:28:36","date_gmt":"2026-04-07T06:28:36","guid":{"rendered":"https:\/\/compuviper.mx\/tienda\/producto\/forza-fdc-106k-ups-doble-conversion-en-linea-con-capacidad-de-6000va-6000w-fp-1-transformador-escalable-torre-120-240v\/"},"modified":"2026-04-07T00:28:36","modified_gmt":"2026-04-07T06:28:36","slug":"forza-fdc-106k-ups-doble-conversion-en-linea-con-capacidad-de-6000va-6000w-fp-1-transformador-escalable-torre-120-240v","status":"publish","type":"product","link":"https:\/\/compuviper.mx\/tienda\/producto\/forza-fdc-106k-ups-doble-conversion-en-linea-con-capacidad-de-6000va-6000w-fp-1-transformador-escalable-torre-120-240v\/","title":{"rendered":"Forza Fdc-106k Ups Doble Conversion En Linea   Con Capacidad De 6000va \/ 6000w Fp 1 Transformador Escalable Torre 120-240v"},"content":{"rendered":"<table class=\"descripcion\">\n<tr>\n<td>Aspectos generales<\/td>\n<\/tr>\n<tr>\n<td>Capacidad 6000va\/6000w<\/td>\n<\/tr>\n<tr>\n<td>Topologia doble conversion<\/td>\n<\/tr>\n<tr>\n<td>Entrada<\/td>\n<\/tr>\n<tr>\n<td>Tension nominal 100\/300vca<\/td>\n<\/tr>\n<tr>\n<td>Margen de tension (transferencia por baja tension) 176\/140\/100vca +- 3% (basado en un porcentaje de carga del 100-80\/80-60\/60-0%)<\/td>\n<\/tr>\n<tr>\n<td>Margen de tension (recuperacion por baja tension) transferencia por baja tension + 10v<\/td>\n<\/tr>\n<tr>\n<td>Margen de tension (recuperacion por alta tension) 300vca +- 3%<\/td>\n<\/tr>\n<tr>\n<td>Frecuencia 46-54hz con un sistema de 50hz\/54-64hz con un sistema de 60hz<\/td>\n<\/tr>\n<tr>\n<td>Factor de potencia 0,99 con una carga del 100%<\/td>\n<\/tr>\n<tr>\n<td>Distorcion de armonia total (dat)  4% con una carga del 100% \/  6% con un carga del 50%<\/td>\n<\/tr>\n<tr>\n<td>Tipo de enchufe conexi\u00f3n cableada<\/td>\n<\/tr>\n<tr>\n<td>Salida<\/td>\n<\/tr>\n<tr>\n<td>Tension nominal 104\/110\/115\/120vca o 208\/220\/230\/240vca<\/td>\n<\/tr>\n<tr>\n<td>Frecuencia (margen sincronizado) 46-54hz con un sistema de 50hz\/54-64hz con un sistema de 60hz<\/td>\n<\/tr>\n<tr>\n<td>Frecuencia (modo de bateria) 50hz+-0,1hz o 60hz +-0,1hz<\/td>\n<\/tr>\n<tr>\n<td>Factor de potencia 1<\/td>\n<\/tr>\n<tr>\n<td>Sobrecarga modo de ca: 100%-110%:10min \/110%-130% 1min\/130%:1min\/ 130%:1seg<\/td>\n<\/tr>\n<tr>\n<td>Distorcion armonica  2% dat (carga lineal) \/  6% (carga no lineal)<\/td>\n<\/tr>\n<tr>\n<td>Forma de onda onda sinusoidal pura<\/td>\n<\/tr>\n<tr>\n<td>Tipo de conector de salida bloque terminal<\/td>\n<\/tr>\n<tr>\n<td>Bateria<\/td>\n<\/tr>\n<tr>\n<td>Tipo y numero de baterias 12v\/9ah (20)<\/td>\n<\/tr>\n<tr>\n<td>Tiempo de recarga 9 horas hasta el 90% de su capacidad<\/td>\n<\/tr>\n<tr>\n<td>Comunicaci\u00f3n<\/td>\n<\/tr>\n<tr>\n<td>Pantalla de lcd pantalla grafica lcd con iluminacion de fondo azul<\/td>\n<\/tr>\n<tr>\n<td>Audible modo de bateria: se activa cada 4 segundos bajo voltaje de la bateria: se activa cada 1 sgdo sobrecarga: se activa cada 0,5 segundo falla: sonido continuado.<\/td>\n<\/tr>\n<tr>\n<td>Puertos de comunicaci\u00f3n snmp, rs-232, usb<\/td>\n<\/tr>\n<tr>\n<td>Informacion adicional<\/td>\n<\/tr>\n<tr>\n<td>Garantia veinticuatro meses<\/td>\n<\/tr>\n<\/table>\n","protected":false},"excerpt":{"rendered":"<p>La nueva serie atlas de sistemas en linea cuenta con la verdadera tecnologia de doble conversion asi como con el nivel mas alto de proteccion apto para equipos criticos. Los modelos atlas combinan un rendimiento optimizado con una extensa gama de funciones, dando origen a un sistema sumamente eficiente, caracterizado por su facil mantenimiento y operacion. Concebida para evitar interrupciones del suministro inesperadas debido a sobrecargas, fallas internas o durante caidas o subidas de tension, esta unidad garantiza un funcionamiento fiable y constante por medio de un banco de bateria interno y un modulo optativo de bateria externo. La serie atlas con capacidad de 6.000va y 10.000va, esta disponible con tensiones de salida de 110v y 220v.<\/p>\n","protected":false},"featured_media":259556,"comment_status":"open","ping_status":"open","template":"","meta":[],"product_cat":[1508,1691],"product_tag":[2260],"acf":[],"yoast_head":"<!-- This site is optimized with the Yoast SEO plugin v21.7 - https:\/\/yoast.com\/wordpress\/plugins\/seo\/ -->\n<title>[ Forza ] &#129351; Fdc-106k Ups Doble Conversion En Linea Con Capacidad De 6000va \/ 6000w Fp 1 Transformador Escalable Torre 120-240v<\/title>\n<meta name=\"description\" content=\"Compra Fdc-106k Ups Doble Conversion En Linea Con Capacidad De 6000va \/ 6000w Fp 1 Transformador Escalable Torre 120-240v + Env\u00edo a domicilio + Pago seguro + Garant\u00eda\" \/>\n<meta name=\"robots\" content=\"index, follow, max-snippet:-1, max-image-preview:large, max-video-preview:-1\" \/>\n<link rel=\"canonical\" href=\"https:\/\/compuviper.mx\/tienda\/producto\/forza-fdc-106k-ups-doble-conversion-en-linea-con-capacidad-de-6000va-6000w-fp-1-transformador-escalable-torre-120-240v\/\" \/>\n<meta property=\"og:locale\" content=\"es_MX\" \/>\n<meta property=\"og:type\" content=\"article\" \/>\n<meta property=\"og:title\" content=\"[ Forza ] &#129351; Fdc-106k Ups Doble Conversion En Linea Con Capacidad De 6000va \/ 6000w Fp 1 Transformador Escalable Torre 120-240v\" \/>\n<meta property=\"og:description\" content=\"Compra Fdc-106k Ups Doble Conversion En Linea Con Capacidad De 6000va \/ 6000w Fp 1 Transformador Escalable Torre 120-240v + Env\u00edo a domicilio + Pago seguro + Garant\u00eda\" \/>\n<meta property=\"og:url\" content=\"https:\/\/compuviper.mx\/tienda\/producto\/forza-fdc-106k-ups-doble-conversion-en-linea-con-capacidad-de-6000va-6000w-fp-1-transformador-escalable-torre-120-240v\/\" \/>\n<meta property=\"og:site_name\" content=\"Compuviper\" \/>\n<meta property=\"article:publisher\" content=\"https:\/\/www.facebook.com\/compuviper\" \/>\n<meta property=\"og:image\" content=\"https:\/\/compuviper.mx\/tienda\/wp-content\/uploads\/2025\/10\/Ups-doble-conversion-en-linea-forza-fdc-106k-con-capacidad-de-6000va-6000w-fp-1-transformador-escalable-torre-120-240v.jpg\" \/>\n\t<meta property=\"og:image:width\" content=\"200\" \/>\n\t<meta property=\"og:image:height\" content=\"200\" \/>\n\t<meta property=\"og:image:type\" content=\"image\/jpeg\" \/>\n<meta name=\"twitter:card\" content=\"summary_large_image\" \/>\n<meta name=\"twitter:label1\" content=\"Precio\" \/>\n\t<meta name=\"twitter:data1\" content=\"&#36;36,635 con IVA\" \/>\n\t<meta name=\"twitter:label2\" content=\"Availability\" \/>\n\t<meta name=\"twitter:data2\" content=\"Out of stock\" \/>\n<script type=\"application\/ld+json\" class=\"yoast-schema-graph\">{\"@context\":\"https:\/\/schema.org\",\"@graph\":[{\"@type\":\"WebPage\",\"@id\":\"https:\/\/compuviper.mx\/tienda\/producto\/forza-fdc-106k-ups-doble-conversion-en-linea-con-capacidad-de-6000va-6000w-fp-1-transformador-escalable-torre-120-240v\/\",\"url\":\"https:\/\/compuviper.mx\/tienda\/producto\/forza-fdc-106k-ups-doble-conversion-en-linea-con-capacidad-de-6000va-6000w-fp-1-transformador-escalable-torre-120-240v\/\",\"name\":\"[ Forza ] &#129351; Fdc-106k Ups Doble Conversion En Linea Con Capacidad De 6000va \/ 6000w Fp 1 Transformador Escalable Torre 120-240v\",\"isPartOf\":{\"@id\":\"https:\/\/compuviper.mx\/tienda\/#website\"},\"datePublished\":\"2026-04-07T06:28:36+00:00\",\"dateModified\":\"2026-04-07T06:28:36+00:00\",\"description\":\"Compra Fdc-106k Ups Doble Conversion En Linea Con Capacidad De 6000va \/ 6000w Fp 1 Transformador Escalable Torre 120-240v + Env\u00edo a domicilio + Pago seguro + Garant\u00eda\",\"breadcrumb\":{\"@id\":\"https:\/\/compuviper.mx\/tienda\/producto\/forza-fdc-106k-ups-doble-conversion-en-linea-con-capacidad-de-6000va-6000w-fp-1-transformador-escalable-torre-120-240v\/#breadcrumb\"},\"inLanguage\":\"es-MX\",\"potentialAction\":[{\"@type\":\"ReadAction\",\"target\":[\"https:\/\/compuviper.mx\/tienda\/producto\/forza-fdc-106k-ups-doble-conversion-en-linea-con-capacidad-de-6000va-6000w-fp-1-transformador-escalable-torre-120-240v\/\"]}]},{\"@type\":\"BreadcrumbList\",\"@id\":\"https:\/\/compuviper.mx\/tienda\/producto\/forza-fdc-106k-ups-doble-conversion-en-linea-con-capacidad-de-6000va-6000w-fp-1-transformador-escalable-torre-120-240v\/#breadcrumb\",\"itemListElement\":[{\"@type\":\"ListItem\",\"position\":1,\"name\":\"Inicio\",\"item\":\"https:\/\/compuviper.mx\/tienda\/\"},{\"@type\":\"ListItem\",\"position\":2,\"name\":\"Productos\",\"item\":\"https:\/\/compuviper.mx\/tienda\/productos\/\"},{\"@type\":\"ListItem\",\"position\":3,\"name\":\"Energia\",\"item\":\"https:\/\/compuviper.mx\/tienda\/categoria-producto\/energia\/\"},{\"@type\":\"ListItem\",\"position\":4,\"name\":\"No Break\",\"item\":\"https:\/\/compuviper.mx\/tienda\/categoria-producto\/energia\/no-break\/\"},{\"@type\":\"ListItem\",\"position\":5,\"name\":\"Forza Fdc-106k Ups Doble Conversion En Linea Con Capacidad De 6000va \/ 6000w Fp 1 Transformador Escalable Torre 120-240v\"}]},{\"@type\":\"WebSite\",\"@id\":\"https:\/\/compuviper.mx\/tienda\/#website\",\"url\":\"https:\/\/compuviper.mx\/tienda\/\",\"name\":\"Compuviper\",\"description\":\"Proveedor de Computadoras, Laptops, Servidores, Monitores, Puntos de Venta, Teclados,   Impresoras, T\u00f3ner, C\u00e1maras de Seguridad y m\u00e1s en tu tienda en l\u00ednea\",\"publisher\":{\"@id\":\"https:\/\/compuviper.mx\/tienda\/#organization\"},\"potentialAction\":[{\"@type\":\"SearchAction\",\"target\":{\"@type\":\"EntryPoint\",\"urlTemplate\":\"https:\/\/compuviper.mx\/tienda\/?s={search_term_string}\"},\"query-input\":\"required name=search_term_string\"}],\"inLanguage\":\"es-MX\"},{\"@type\":\"Organization\",\"@id\":\"https:\/\/compuviper.mx\/tienda\/#organization\",\"name\":\"Compuviper\",\"url\":\"https:\/\/compuviper.mx\/tienda\/\",\"logo\":{\"@type\":\"ImageObject\",\"inLanguage\":\"es-MX\",\"@id\":\"https:\/\/compuviper.mx\/tienda\/#\/schema\/logo\/image\/\",\"url\":\"https:\/\/compuviper.mx\/tienda\/wp-content\/uploads\/2021\/08\/Logo-Compuviper-10.png\",\"contentUrl\":\"https:\/\/compuviper.mx\/tienda\/wp-content\/uploads\/2021\/08\/Logo-Compuviper-10.png\",\"width\":1000,\"height\":500,\"caption\":\"Compuviper\"},\"image\":{\"@id\":\"https:\/\/compuviper.mx\/tienda\/#\/schema\/logo\/image\/\"},\"sameAs\":[\"https:\/\/www.facebook.com\/compuviper\",\"https:\/\/www.youtube.com\/channel\/UCf73dERp9Y3cfOq7q8BhLjA?view_as=subscriber\"]}]}<\/script>\n<meta property=\"product:brand\" content=\"Forza\" \/>\n<meta property=\"product:price:amount\" content=\"36635\" \/>\n<meta property=\"product:price:currency\" content=\"MXN\" \/>\n<meta property=\"og:availability\" content=\"out of stock\" \/>\n<meta property=\"product:availability\" content=\"out of stock\" \/>\n<meta property=\"product:retailer_item_id\" content=\"FDC-106K\" \/>\n<meta property=\"product:condition\" content=\"new\" \/>\n<!-- \/ Yoast SEO plugin. -->","yoast_head_json":{"title":"[ Forza ] &#129351; Fdc-106k Ups Doble Conversion En Linea Con Capacidad De 6000va \/ 6000w Fp 1 Transformador Escalable Torre 120-240v","description":"Compra Fdc-106k Ups Doble Conversion En Linea Con Capacidad De 6000va \/ 6000w Fp 1 Transformador Escalable Torre 120-240v + Env\u00edo a domicilio + Pago seguro + Garant\u00eda","robots":{"index":"index","follow":"follow","max-snippet":"max-snippet:-1","max-image-preview":"max-image-preview:large","max-video-preview":"max-video-preview:-1"},"canonical":"https:\/\/compuviper.mx\/tienda\/producto\/forza-fdc-106k-ups-doble-conversion-en-linea-con-capacidad-de-6000va-6000w-fp-1-transformador-escalable-torre-120-240v\/","og_locale":"es_MX","og_type":"article","og_title":"[ Forza ] &#129351; Fdc-106k Ups Doble Conversion En Linea Con Capacidad De 6000va \/ 6000w Fp 1 Transformador Escalable Torre 120-240v","og_description":"Compra Fdc-106k Ups Doble Conversion En Linea Con Capacidad De 6000va \/ 6000w Fp 1 Transformador Escalable Torre 120-240v + Env\u00edo a domicilio + Pago seguro + Garant\u00eda","og_url":"https:\/\/compuviper.mx\/tienda\/producto\/forza-fdc-106k-ups-doble-conversion-en-linea-con-capacidad-de-6000va-6000w-fp-1-transformador-escalable-torre-120-240v\/","og_site_name":"Compuviper","article_publisher":"https:\/\/www.facebook.com\/compuviper","og_image":[{"width":200,"height":200,"url":"https:\/\/compuviper.mx\/tienda\/wp-content\/uploads\/2025\/10\/Ups-doble-conversion-en-linea-forza-fdc-106k-con-capacidad-de-6000va-6000w-fp-1-transformador-escalable-torre-120-240v.jpg","type":"image\/jpeg"}],"twitter_card":"summary_large_image","twitter_misc":{"Precio":"&#36;36,635 con IVA","Availability":"Out of stock"},"schema":{"@context":"https:\/\/schema.org","@graph":[{"@type":"WebPage","@id":"https:\/\/compuviper.mx\/tienda\/producto\/forza-fdc-106k-ups-doble-conversion-en-linea-con-capacidad-de-6000va-6000w-fp-1-transformador-escalable-torre-120-240v\/","url":"https:\/\/compuviper.mx\/tienda\/producto\/forza-fdc-106k-ups-doble-conversion-en-linea-con-capacidad-de-6000va-6000w-fp-1-transformador-escalable-torre-120-240v\/","name":"[ Forza ] &#129351; Fdc-106k Ups Doble Conversion En Linea Con Capacidad De 6000va \/ 6000w Fp 1 Transformador Escalable Torre 120-240v","isPartOf":{"@id":"https:\/\/compuviper.mx\/tienda\/#website"},"datePublished":"2026-04-07T06:28:36+00:00","dateModified":"2026-04-07T06:28:36+00:00","description":"Compra Fdc-106k Ups Doble Conversion En Linea Con Capacidad De 6000va \/ 6000w Fp 1 Transformador Escalable Torre 120-240v + Env\u00edo a domicilio + Pago seguro + Garant\u00eda","breadcrumb":{"@id":"https:\/\/compuviper.mx\/tienda\/producto\/forza-fdc-106k-ups-doble-conversion-en-linea-con-capacidad-de-6000va-6000w-fp-1-transformador-escalable-torre-120-240v\/#breadcrumb"},"inLanguage":"es-MX","potentialAction":[{"@type":"ReadAction","target":["https:\/\/compuviper.mx\/tienda\/producto\/forza-fdc-106k-ups-doble-conversion-en-linea-con-capacidad-de-6000va-6000w-fp-1-transformador-escalable-torre-120-240v\/"]}]},{"@type":"BreadcrumbList","@id":"https:\/\/compuviper.mx\/tienda\/producto\/forza-fdc-106k-ups-doble-conversion-en-linea-con-capacidad-de-6000va-6000w-fp-1-transformador-escalable-torre-120-240v\/#breadcrumb","itemListElement":[{"@type":"ListItem","position":1,"name":"Inicio","item":"https:\/\/compuviper.mx\/tienda\/"},{"@type":"ListItem","position":2,"name":"Productos","item":"https:\/\/compuviper.mx\/tienda\/productos\/"},{"@type":"ListItem","position":3,"name":"Energia","item":"https:\/\/compuviper.mx\/tienda\/categoria-producto\/energia\/"},{"@type":"ListItem","position":4,"name":"No Break","item":"https:\/\/compuviper.mx\/tienda\/categoria-producto\/energia\/no-break\/"},{"@type":"ListItem","position":5,"name":"Forza Fdc-106k Ups Doble Conversion En Linea Con Capacidad De 6000va \/ 6000w Fp 1 Transformador Escalable Torre 120-240v"}]},{"@type":"WebSite","@id":"https:\/\/compuviper.mx\/tienda\/#website","url":"https:\/\/compuviper.mx\/tienda\/","name":"Compuviper","description":"Proveedor de Computadoras, Laptops, Servidores, Monitores, Puntos de Venta, Teclados,   Impresoras, T\u00f3ner, C\u00e1maras de Seguridad y m\u00e1s en tu tienda en l\u00ednea","publisher":{"@id":"https:\/\/compuviper.mx\/tienda\/#organization"},"potentialAction":[{"@type":"SearchAction","target":{"@type":"EntryPoint","urlTemplate":"https:\/\/compuviper.mx\/tienda\/?s={search_term_string}"},"query-input":"required name=search_term_string"}],"inLanguage":"es-MX"},{"@type":"Organization","@id":"https:\/\/compuviper.mx\/tienda\/#organization","name":"Compuviper","url":"https:\/\/compuviper.mx\/tienda\/","logo":{"@type":"ImageObject","inLanguage":"es-MX","@id":"https:\/\/compuviper.mx\/tienda\/#\/schema\/logo\/image\/","url":"https:\/\/compuviper.mx\/tienda\/wp-content\/uploads\/2021\/08\/Logo-Compuviper-10.png","contentUrl":"https:\/\/compuviper.mx\/tienda\/wp-content\/uploads\/2021\/08\/Logo-Compuviper-10.png","width":1000,"height":500,"caption":"Compuviper"},"image":{"@id":"https:\/\/compuviper.mx\/tienda\/#\/schema\/logo\/image\/"},"sameAs":["https:\/\/www.facebook.com\/compuviper","https:\/\/www.youtube.com\/channel\/UCf73dERp9Y3cfOq7q8BhLjA?view_as=subscriber"]}]},"product_brand":"Forza","product_price_amount":"36635","product_price_currency":"MXN","og_availability":"out of stock","product_availability":"out of stock","product_retailer_item_id":"FDC-106K","product_condition":"new"},"_links":{"self":[{"href":"https:\/\/compuviper.mx\/tienda\/wp-json\/wp\/v2\/product\/245274"}],"collection":[{"href":"https:\/\/compuviper.mx\/tienda\/wp-json\/wp\/v2\/product"}],"about":[{"href":"https:\/\/compuviper.mx\/tienda\/wp-json\/wp\/v2\/types\/product"}],"replies":[{"embeddable":true,"href":"https:\/\/compuviper.mx\/tienda\/wp-json\/wp\/v2\/comments?post=245274"}],"wp:featuredmedia":[{"embeddable":true,"href":"https:\/\/compuviper.mx\/tienda\/wp-json\/wp\/v2\/media\/259556"}],"wp:attachment":[{"href":"https:\/\/compuviper.mx\/tienda\/wp-json\/wp\/v2\/media?parent=245274"}],"wp:term":[{"taxonomy":"product_cat","embeddable":true,"href":"https:\/\/compuviper.mx\/tienda\/wp-json\/wp\/v2\/product_cat?post=245274"},{"taxonomy":"product_tag","embeddable":true,"href":"https:\/\/compuviper.mx\/tienda\/wp-json\/wp\/v2\/product_tag?post=245274"}],"curies":[{"name":"wp","href":"https:\/\/api.w.org\/{rel}","templated":true}]}}