{"id":245271,"date":"2026-04-07T00:23:56","date_gmt":"2026-04-07T06:23:56","guid":{"rendered":"https:\/\/compuviper.mx\/tienda\/producto\/apc-srt96rmbp-paquete-de-bateras-para-unidad-smart-ups-srt-de-de-96-v-3-kva-para-rack\/"},"modified":"2026-04-07T00:23:56","modified_gmt":"2026-04-07T06:23:56","slug":"apc-srt96rmbp-paquete-de-bateras-para-unidad-smart-ups-srt-de-de-96-v-3-kva-para-rack","status":"publish","type":"product","link":"https:\/\/compuviper.mx\/tienda\/producto\/apc-srt96rmbp-paquete-de-bateras-para-unidad-smart-ups-srt-de-de-96-v-3-kva-para-rack\/","title":{"rendered":"Apc Srt96rmbp Paquete De Bateras Para Unidad Smart-ups Srt De  De 96 V 3 Kva Para Rack"},"content":{"rendered":"<table class=\"descripcion\">\n<tr>\n<td>Tipo de bater\u00eda: bater\u00eda sellada de plomo sin necesidad de manutenci\u00f3n con electro lito suspendido: a prueba de filtraci\u00f3n montaje de bater\u00edas &#8211;vida \u00fatil esperada de las bater\u00edas (a\u00f1os) 3-5 a\u00f1os cantidad de cartuchos de bater\u00eda de recambio capacidad va\/hora de la bater\u00eda 1010<\/td>\n<\/tr>\n<tr>\n<td>F\u00edsico<\/td>\n<\/tr>\n<tr>\n<td>Dimensiones de altura m\u00e1xima 85 mm , 8.5 cm  dimensiones de anchura m\u00e1xima 432 mm , 43.2 cm dimensiones de profundidad m\u00e1xima 594 mm , 59.4 cm altura del rack 2u peso neto 40.6 kg peso de embarque 44.5 kg altura del bulto 239 mm , 23.9 cm ancho del bulto 599 mm , 59.9 cm profundidad del bulto 831 mm , 83.1 cm color black unidades por tarima 6.0<\/td>\n<\/tr>\n<\/table>\n","protected":false},"excerpt":{"rendered":"<p>Paquete de bater\u00edas para unidad smart-ups srt de apc de 96 v 3 kva para rack. Bater\u00edas reemplazables en caliente garantiza que llegue un suministro puro e ininterrumpido a los equipos protegidos durante el recambio de bater\u00edas.<\/p>\n","protected":false},"featured_media":259535,"comment_status":"open","ping_status":"open","template":"","meta":[],"product_cat":[1508,1511],"product_tag":[1694],"acf":[],"yoast_head":"<!-- This site is optimized with the Yoast SEO plugin v21.7 - https:\/\/yoast.com\/wordpress\/plugins\/seo\/ -->\n<title>[ Apc ] &#129351; Srt96rmbp Paquete De Bateras Para Unidad Smart-ups Srt De De 96 V 3 Kva Para Rack<\/title>\n<meta name=\"description\" content=\"Compra Srt96rmbp Paquete De Bateras Para Unidad Smart-ups Srt De De 96 V 3 Kva Para Rack + Env\u00edo a domicilio + Pago seguro + Garant\u00eda\" \/>\n<meta name=\"robots\" content=\"index, follow, max-snippet:-1, max-image-preview:large, max-video-preview:-1\" \/>\n<link rel=\"canonical\" href=\"https:\/\/compuviper.mx\/tienda\/producto\/apc-srt96rmbp-paquete-de-bateras-para-unidad-smart-ups-srt-de-de-96-v-3-kva-para-rack\/\" \/>\n<meta property=\"og:locale\" content=\"es_MX\" \/>\n<meta property=\"og:type\" content=\"article\" \/>\n<meta property=\"og:title\" content=\"[ Apc ] &#129351; Srt96rmbp Paquete De Bateras Para Unidad Smart-ups Srt De De 96 V 3 Kva Para Rack\" \/>\n<meta property=\"og:description\" content=\"Compra Srt96rmbp Paquete De Bateras Para Unidad Smart-ups Srt De De 96 V 3 Kva Para Rack + Env\u00edo a domicilio + Pago seguro + Garant\u00eda\" \/>\n<meta property=\"og:url\" content=\"https:\/\/compuviper.mx\/tienda\/producto\/apc-srt96rmbp-paquete-de-bateras-para-unidad-smart-ups-srt-de-de-96-v-3-kva-para-rack\/\" \/>\n<meta property=\"og:site_name\" content=\"Compuviper\" \/>\n<meta property=\"article:publisher\" content=\"https:\/\/www.facebook.com\/compuviper\" \/>\n<meta property=\"og:image\" content=\"https:\/\/compuviper.mx\/tienda\/wp-content\/uploads\/2025\/10\/Paquete-de-bateras-para-unidad-smart-ups-srt-de-apc-de-96-v-3-kva-para-rack.jpg\" \/>\n\t<meta property=\"og:image:width\" content=\"200\" \/>\n\t<meta property=\"og:image:height\" content=\"200\" \/>\n\t<meta property=\"og:image:type\" content=\"image\/jpeg\" \/>\n<meta name=\"twitter:card\" content=\"summary_large_image\" \/>\n<meta name=\"twitter:label1\" content=\"Precio\" \/>\n\t<meta name=\"twitter:data1\" content=\"&#36;20,916 con IVA\" \/>\n\t<meta name=\"twitter:label2\" content=\"Availability\" \/>\n\t<meta name=\"twitter:data2\" content=\"Out of stock\" \/>\n<script type=\"application\/ld+json\" class=\"yoast-schema-graph\">{\"@context\":\"https:\/\/schema.org\",\"@graph\":[{\"@type\":\"WebPage\",\"@id\":\"https:\/\/compuviper.mx\/tienda\/producto\/apc-srt96rmbp-paquete-de-bateras-para-unidad-smart-ups-srt-de-de-96-v-3-kva-para-rack\/\",\"url\":\"https:\/\/compuviper.mx\/tienda\/producto\/apc-srt96rmbp-paquete-de-bateras-para-unidad-smart-ups-srt-de-de-96-v-3-kva-para-rack\/\",\"name\":\"[ Apc ] &#129351; Srt96rmbp Paquete De Bateras Para Unidad Smart-ups Srt De De 96 V 3 Kva Para Rack\",\"isPartOf\":{\"@id\":\"https:\/\/compuviper.mx\/tienda\/#website\"},\"datePublished\":\"2026-04-07T06:23:56+00:00\",\"dateModified\":\"2026-04-07T06:23:56+00:00\",\"description\":\"Compra Srt96rmbp Paquete De Bateras Para Unidad Smart-ups Srt De De 96 V 3 Kva Para Rack + Env\u00edo a domicilio + Pago seguro + Garant\u00eda\",\"breadcrumb\":{\"@id\":\"https:\/\/compuviper.mx\/tienda\/producto\/apc-srt96rmbp-paquete-de-bateras-para-unidad-smart-ups-srt-de-de-96-v-3-kva-para-rack\/#breadcrumb\"},\"inLanguage\":\"es-MX\",\"potentialAction\":[{\"@type\":\"ReadAction\",\"target\":[\"https:\/\/compuviper.mx\/tienda\/producto\/apc-srt96rmbp-paquete-de-bateras-para-unidad-smart-ups-srt-de-de-96-v-3-kva-para-rack\/\"]}]},{\"@type\":\"BreadcrumbList\",\"@id\":\"https:\/\/compuviper.mx\/tienda\/producto\/apc-srt96rmbp-paquete-de-bateras-para-unidad-smart-ups-srt-de-de-96-v-3-kva-para-rack\/#breadcrumb\",\"itemListElement\":[{\"@type\":\"ListItem\",\"position\":1,\"name\":\"Inicio\",\"item\":\"https:\/\/compuviper.mx\/tienda\/\"},{\"@type\":\"ListItem\",\"position\":2,\"name\":\"Productos\",\"item\":\"https:\/\/compuviper.mx\/tienda\/productos\/\"},{\"@type\":\"ListItem\",\"position\":3,\"name\":\"Energia\",\"item\":\"https:\/\/compuviper.mx\/tienda\/categoria-producto\/energia\/\"},{\"@type\":\"ListItem\",\"position\":4,\"name\":\"Bateria\",\"item\":\"https:\/\/compuviper.mx\/tienda\/categoria-producto\/energia\/bateria\/\"},{\"@type\":\"ListItem\",\"position\":5,\"name\":\"Apc Srt96rmbp Paquete De Bateras Para Unidad Smart-ups Srt De De 96 V 3 Kva Para Rack\"}]},{\"@type\":\"WebSite\",\"@id\":\"https:\/\/compuviper.mx\/tienda\/#website\",\"url\":\"https:\/\/compuviper.mx\/tienda\/\",\"name\":\"Compuviper\",\"description\":\"Proveedor de Computadoras, Laptops, Servidores, Monitores, Puntos de Venta, Teclados,   Impresoras, T\u00f3ner, C\u00e1maras de Seguridad y m\u00e1s en tu tienda en l\u00ednea\",\"publisher\":{\"@id\":\"https:\/\/compuviper.mx\/tienda\/#organization\"},\"potentialAction\":[{\"@type\":\"SearchAction\",\"target\":{\"@type\":\"EntryPoint\",\"urlTemplate\":\"https:\/\/compuviper.mx\/tienda\/?s={search_term_string}\"},\"query-input\":\"required name=search_term_string\"}],\"inLanguage\":\"es-MX\"},{\"@type\":\"Organization\",\"@id\":\"https:\/\/compuviper.mx\/tienda\/#organization\",\"name\":\"Compuviper\",\"url\":\"https:\/\/compuviper.mx\/tienda\/\",\"logo\":{\"@type\":\"ImageObject\",\"inLanguage\":\"es-MX\",\"@id\":\"https:\/\/compuviper.mx\/tienda\/#\/schema\/logo\/image\/\",\"url\":\"https:\/\/compuviper.mx\/tienda\/wp-content\/uploads\/2021\/08\/Logo-Compuviper-10.png\",\"contentUrl\":\"https:\/\/compuviper.mx\/tienda\/wp-content\/uploads\/2021\/08\/Logo-Compuviper-10.png\",\"width\":1000,\"height\":500,\"caption\":\"Compuviper\"},\"image\":{\"@id\":\"https:\/\/compuviper.mx\/tienda\/#\/schema\/logo\/image\/\"},\"sameAs\":[\"https:\/\/www.facebook.com\/compuviper\",\"https:\/\/www.youtube.com\/channel\/UCf73dERp9Y3cfOq7q8BhLjA?view_as=subscriber\"]}]}<\/script>\n<meta property=\"product:brand\" content=\"APC\" \/>\n<meta property=\"product:price:amount\" content=\"20916\" \/>\n<meta property=\"product:price:currency\" content=\"MXN\" \/>\n<meta property=\"og:availability\" content=\"out of stock\" \/>\n<meta property=\"product:availability\" content=\"out of stock\" \/>\n<meta property=\"product:retailer_item_id\" content=\"SRT96RMBP\" \/>\n<meta property=\"product:condition\" content=\"new\" \/>\n<!-- \/ Yoast SEO plugin. -->","yoast_head_json":{"title":"[ Apc ] &#129351; Srt96rmbp Paquete De Bateras Para Unidad Smart-ups Srt De De 96 V 3 Kva Para Rack","description":"Compra Srt96rmbp Paquete De Bateras Para Unidad Smart-ups Srt De De 96 V 3 Kva Para Rack + Env\u00edo a domicilio + Pago seguro + Garant\u00eda","robots":{"index":"index","follow":"follow","max-snippet":"max-snippet:-1","max-image-preview":"max-image-preview:large","max-video-preview":"max-video-preview:-1"},"canonical":"https:\/\/compuviper.mx\/tienda\/producto\/apc-srt96rmbp-paquete-de-bateras-para-unidad-smart-ups-srt-de-de-96-v-3-kva-para-rack\/","og_locale":"es_MX","og_type":"article","og_title":"[ Apc ] &#129351; Srt96rmbp Paquete De Bateras Para Unidad Smart-ups Srt De De 96 V 3 Kva Para Rack","og_description":"Compra Srt96rmbp Paquete De Bateras Para Unidad Smart-ups Srt De De 96 V 3 Kva Para Rack + Env\u00edo a domicilio + Pago seguro + Garant\u00eda","og_url":"https:\/\/compuviper.mx\/tienda\/producto\/apc-srt96rmbp-paquete-de-bateras-para-unidad-smart-ups-srt-de-de-96-v-3-kva-para-rack\/","og_site_name":"Compuviper","article_publisher":"https:\/\/www.facebook.com\/compuviper","og_image":[{"width":200,"height":200,"url":"https:\/\/compuviper.mx\/tienda\/wp-content\/uploads\/2025\/10\/Paquete-de-bateras-para-unidad-smart-ups-srt-de-apc-de-96-v-3-kva-para-rack.jpg","type":"image\/jpeg"}],"twitter_card":"summary_large_image","twitter_misc":{"Precio":"&#36;20,916 con IVA","Availability":"Out of stock"},"schema":{"@context":"https:\/\/schema.org","@graph":[{"@type":"WebPage","@id":"https:\/\/compuviper.mx\/tienda\/producto\/apc-srt96rmbp-paquete-de-bateras-para-unidad-smart-ups-srt-de-de-96-v-3-kva-para-rack\/","url":"https:\/\/compuviper.mx\/tienda\/producto\/apc-srt96rmbp-paquete-de-bateras-para-unidad-smart-ups-srt-de-de-96-v-3-kva-para-rack\/","name":"[ Apc ] &#129351; Srt96rmbp Paquete De Bateras Para Unidad Smart-ups Srt De De 96 V 3 Kva Para Rack","isPartOf":{"@id":"https:\/\/compuviper.mx\/tienda\/#website"},"datePublished":"2026-04-07T06:23:56+00:00","dateModified":"2026-04-07T06:23:56+00:00","description":"Compra Srt96rmbp Paquete De Bateras Para Unidad Smart-ups Srt De De 96 V 3 Kva Para Rack + Env\u00edo a domicilio + Pago seguro + Garant\u00eda","breadcrumb":{"@id":"https:\/\/compuviper.mx\/tienda\/producto\/apc-srt96rmbp-paquete-de-bateras-para-unidad-smart-ups-srt-de-de-96-v-3-kva-para-rack\/#breadcrumb"},"inLanguage":"es-MX","potentialAction":[{"@type":"ReadAction","target":["https:\/\/compuviper.mx\/tienda\/producto\/apc-srt96rmbp-paquete-de-bateras-para-unidad-smart-ups-srt-de-de-96-v-3-kva-para-rack\/"]}]},{"@type":"BreadcrumbList","@id":"https:\/\/compuviper.mx\/tienda\/producto\/apc-srt96rmbp-paquete-de-bateras-para-unidad-smart-ups-srt-de-de-96-v-3-kva-para-rack\/#breadcrumb","itemListElement":[{"@type":"ListItem","position":1,"name":"Inicio","item":"https:\/\/compuviper.mx\/tienda\/"},{"@type":"ListItem","position":2,"name":"Productos","item":"https:\/\/compuviper.mx\/tienda\/productos\/"},{"@type":"ListItem","position":3,"name":"Energia","item":"https:\/\/compuviper.mx\/tienda\/categoria-producto\/energia\/"},{"@type":"ListItem","position":4,"name":"Bateria","item":"https:\/\/compuviper.mx\/tienda\/categoria-producto\/energia\/bateria\/"},{"@type":"ListItem","position":5,"name":"Apc Srt96rmbp Paquete De Bateras Para Unidad Smart-ups Srt De De 96 V 3 Kva Para Rack"}]},{"@type":"WebSite","@id":"https:\/\/compuviper.mx\/tienda\/#website","url":"https:\/\/compuviper.mx\/tienda\/","name":"Compuviper","description":"Proveedor de Computadoras, Laptops, Servidores, Monitores, Puntos de Venta, Teclados,   Impresoras, T\u00f3ner, C\u00e1maras de Seguridad y m\u00e1s en tu tienda en l\u00ednea","publisher":{"@id":"https:\/\/compuviper.mx\/tienda\/#organization"},"potentialAction":[{"@type":"SearchAction","target":{"@type":"EntryPoint","urlTemplate":"https:\/\/compuviper.mx\/tienda\/?s={search_term_string}"},"query-input":"required name=search_term_string"}],"inLanguage":"es-MX"},{"@type":"Organization","@id":"https:\/\/compuviper.mx\/tienda\/#organization","name":"Compuviper","url":"https:\/\/compuviper.mx\/tienda\/","logo":{"@type":"ImageObject","inLanguage":"es-MX","@id":"https:\/\/compuviper.mx\/tienda\/#\/schema\/logo\/image\/","url":"https:\/\/compuviper.mx\/tienda\/wp-content\/uploads\/2021\/08\/Logo-Compuviper-10.png","contentUrl":"https:\/\/compuviper.mx\/tienda\/wp-content\/uploads\/2021\/08\/Logo-Compuviper-10.png","width":1000,"height":500,"caption":"Compuviper"},"image":{"@id":"https:\/\/compuviper.mx\/tienda\/#\/schema\/logo\/image\/"},"sameAs":["https:\/\/www.facebook.com\/compuviper","https:\/\/www.youtube.com\/channel\/UCf73dERp9Y3cfOq7q8BhLjA?view_as=subscriber"]}]},"product_brand":"APC","product_price_amount":"20916","product_price_currency":"MXN","og_availability":"out of stock","product_availability":"out of stock","product_retailer_item_id":"SRT96RMBP","product_condition":"new"},"_links":{"self":[{"href":"https:\/\/compuviper.mx\/tienda\/wp-json\/wp\/v2\/product\/245271"}],"collection":[{"href":"https:\/\/compuviper.mx\/tienda\/wp-json\/wp\/v2\/product"}],"about":[{"href":"https:\/\/compuviper.mx\/tienda\/wp-json\/wp\/v2\/types\/product"}],"replies":[{"embeddable":true,"href":"https:\/\/compuviper.mx\/tienda\/wp-json\/wp\/v2\/comments?post=245271"}],"wp:featuredmedia":[{"embeddable":true,"href":"https:\/\/compuviper.mx\/tienda\/wp-json\/wp\/v2\/media\/259535"}],"wp:attachment":[{"href":"https:\/\/compuviper.mx\/tienda\/wp-json\/wp\/v2\/media?parent=245271"}],"wp:term":[{"taxonomy":"product_cat","embeddable":true,"href":"https:\/\/compuviper.mx\/tienda\/wp-json\/wp\/v2\/product_cat?post=245271"},{"taxonomy":"product_tag","embeddable":true,"href":"https:\/\/compuviper.mx\/tienda\/wp-json\/wp\/v2\/product_tag?post=245271"}],"curies":[{"name":"wp","href":"https:\/\/api.w.org\/{rel}","templated":true}]}}