{"id":245268,"date":"2026-04-01T23:14:02","date_gmt":"2026-04-02T05:14:02","guid":{"rendered":"https:\/\/compuviper.mx\/tienda\/producto\/peerless-av-pcm150-soporte-techo-peeless-para-monitores-de-32-a-90-con-un-peso-no-mayor-a-68-kg\/"},"modified":"2026-04-01T23:14:02","modified_gmt":"2026-04-02T05:14:02","slug":"peerless-av-pcm150-soporte-techo-peeless-para-monitores-de-32-a-90-con-un-peso-no-mayor-a-68-kg","status":"publish","type":"product","link":"https:\/\/compuviper.mx\/tienda\/producto\/peerless-av-pcm150-soporte-techo-peeless-para-monitores-de-32-a-90-con-un-peso-no-mayor-a-68-kg\/","title":{"rendered":"Peerless-av Pcm150 Soporte Techo Peeless  Para Monitores De 32 A 90 Con Un Peso No Mayor A 68 Kg"},"content":{"rendered":"<table class=\"descripcion\">\n<tr>\n<td>Especificaciones del producto<\/td>\n<\/tr>\n<tr>\n<td>Dimensiones (an x al x pr)<\/td>\n<\/tr>\n<tr>\n<td>25,43 x 39,59 &#8211; 63,21 x 6,02 (646 x 1006 &#8211; 1606 x 153 mm)<\/td>\n<\/tr>\n<tr>\n<td>Peso del producto<\/td>\n<\/tr>\n<tr>\n<td>19,7 libras (8,9 kg)<\/td>\n<\/tr>\n<tr>\n<td>Capacidad de carga<\/td>\n<\/tr>\n<tr>\n<td>150 libras (68 kg)<\/td>\n<\/tr>\n<tr>\n<td>Finalizar<\/td>\n<\/tr>\n<tr>\n<td>Epoxi fundido resistente a rayones<\/td>\n<\/tr>\n<tr>\n<td>Colores disponibles<\/td>\n<\/tr>\n<tr>\n<td>Negro<\/td>\n<\/tr>\n<tr>\n<td>Especificaciones del paquete<\/td>\n<\/tr>\n<tr>\n<td>Tama\u00f1o del paquete (an. x al. x pr.)<\/td>\n<\/tr>\n<tr>\n<td>45,5 x 10,13 x 5,25 (1156 x 257 x 133 mm)<\/td>\n<\/tr>\n<tr>\n<td>Peso del paquete enviado<\/td>\n<\/tr>\n<tr>\n<td>22,8 libras (10,3 kg)<\/td>\n<\/tr>\n<tr>\n<td>C\u00f3digo upc del paquete<\/td>\n<\/tr>\n<tr>\n<td>735029273677<\/td>\n<\/tr>\n<tr>\n<td>Contenido del paquete<\/td>\n<\/tr>\n<tr>\n<td>Instrucciones de instalaci\u00f3n, hardware para montaje en techo y pantalla<\/td>\n<\/tr>\n<tr>\n<td>Admite patrones de montaje vesa\u00ae de 100 x 100 a 600 x 400 mm<\/td>\n<\/tr>\n<tr>\n<td>Instalaci\u00f3n sencilla de pantalla hook-and-hang\u0099<\/td>\n<\/tr>\n<tr>\n<td>La placa de techo tipo catedral se puede fijar a estructuras de techo con \u00e1ngulos de 0\u00b0 a 90\u00b0<\/td>\n<\/tr>\n<tr>\n<td>La rotaci\u00f3n de 360\u00b0 crea infinitas posibilidades de visualizaci\u00f3n desde cualquier lugar de la habitaci\u00f3n.<\/td>\n<\/tr>\n<tr>\n<td>La columna de extensi\u00f3n ajustable proporciona un ajuste vertical de 39,59 a 63,21 (1006 a 1606 mm)<\/td>\n<\/tr>\n<tr>\n<td>Ajuste f\u00e1cilmente su \u00e1ngulo de visi\u00f3n hasta una inclinaci\u00f3n de +20\u00b0\/-5\u00b0<\/td>\n<\/tr>\n<tr>\n<td>El ajuste de lado a lado permite un posicionamiento perfecto de la pantalla.<\/td>\n<\/tr>\n<tr>\n<td>Los 360\u00b0 de giro se pueden bloquear en su lugar con la perilla de tornillo de mariposa incluida<\/td>\n<\/tr>\n<tr>\n<td>Pase f\u00e1cilmente todo el cableado a trav\u00e9s de la columna de extensi\u00f3n para una instalaci\u00f3n limpia y ordenada.<\/td>\n<\/tr>\n<tr>\n<td>Las cubiertas moldeadas, las gu\u00edas de columna de extensi\u00f3n moldeadas y una cara de columna limpia brindan una est\u00e9tica de m\u00e1xima calidad.<\/td>\n<\/tr>\n<tr>\n<td>Se monta sobre montantes de madera o techos de hormig\u00f3n.<\/td>\n<\/tr>\n<tr>\n<td>Se puede montar en un \u00e1ngulo de 90\u00b0 sobre montantes de madera, hormig\u00f3n o paredes de bloques de cemento.<\/td>\n<\/tr>\n<tr>\n<td>Incluye todo el hardware necesario para montaje en el techo y fijaci\u00f3n de la pantalla.<\/td>\n<\/tr>\n<\/table>\n","protected":false},"excerpt":{"rendered":"<p>El kit de montaje en techo universal paramount\u0099 incluye todo lo necesario para montar una pantalla plana en distintos tipos de techos. Este kit de montaje flexible permite realizar instalaciones en techos planos, inclinados, de madera o de hormig\u00f3n. La placa de techo estilo catedral de 90\u00b0 permite incluso montar la soluci\u00f3n en una pared. El kit incluye una columna de extensi\u00f3n ajustable que permite centrar la pantalla a una distancia de entre 39,59 y 63,21 del techo. El giro de 360\u00b0 bloqueable garantiza la posici\u00f3n de visualizaci\u00f3n perfecta.<\/p>\n","protected":false},"featured_media":258676,"comment_status":"open","ping_status":"open","template":"","meta":[],"product_cat":[2321,2265],"product_tag":[1904],"acf":[],"yoast_head":"<!-- This site is optimized with the Yoast SEO plugin v21.7 - https:\/\/yoast.com\/wordpress\/plugins\/seo\/ -->\n<title>[ Peerless-av ] &#129351; Pcm150 Soporte Techo Peeless Para Monitores De 32 A 90 Con Un Peso No Mayor A 68 Kg<\/title>\n<meta name=\"description\" content=\"Compra Pcm150 Soporte Techo Peeless Para Monitores De 32 A 90 Con Un Peso No Mayor A 68 Kg + Env\u00edo a domicilio + Pago seguro + Garant\u00eda\" \/>\n<meta name=\"robots\" content=\"index, follow, max-snippet:-1, max-image-preview:large, max-video-preview:-1\" \/>\n<link rel=\"canonical\" href=\"https:\/\/compuviper.mx\/tienda\/producto\/peerless-av-pcm150-soporte-techo-peeless-para-monitores-de-32-a-90-con-un-peso-no-mayor-a-68-kg\/\" \/>\n<meta property=\"og:locale\" content=\"es_MX\" \/>\n<meta property=\"og:type\" content=\"article\" \/>\n<meta property=\"og:title\" content=\"[ Peerless-av ] &#129351; Pcm150 Soporte Techo Peeless Para Monitores De 32 A 90 Con Un Peso No Mayor A 68 Kg\" \/>\n<meta property=\"og:description\" content=\"Compra Pcm150 Soporte Techo Peeless Para Monitores De 32 A 90 Con Un Peso No Mayor A 68 Kg + Env\u00edo a domicilio + Pago seguro + Garant\u00eda\" \/>\n<meta property=\"og:url\" content=\"https:\/\/compuviper.mx\/tienda\/producto\/peerless-av-pcm150-soporte-techo-peeless-para-monitores-de-32-a-90-con-un-peso-no-mayor-a-68-kg\/\" \/>\n<meta property=\"og:site_name\" content=\"Compuviper\" \/>\n<meta property=\"article:publisher\" content=\"https:\/\/www.facebook.com\/compuviper\" \/>\n<meta property=\"og:image\" content=\"https:\/\/compuviper.mx\/tienda\/wp-content\/uploads\/2025\/10\/Soporte-techo-peeless-pcm150-para-monitores-de-32-a-90-con-un-peso-no-mayor-a-68-kg.jpg\" \/>\n\t<meta property=\"og:image:width\" content=\"200\" \/>\n\t<meta property=\"og:image:height\" content=\"200\" \/>\n\t<meta property=\"og:image:type\" content=\"image\/jpeg\" \/>\n<meta name=\"twitter:card\" content=\"summary_large_image\" \/>\n<meta name=\"twitter:label1\" content=\"Precio\" \/>\n\t<meta name=\"twitter:data1\" content=\"&#36;4,077 &#36;4,024 con IVA\" \/>\n\t<meta name=\"twitter:label2\" content=\"Availability\" \/>\n\t<meta name=\"twitter:data2\" content=\"Out of stock\" \/>\n<script type=\"application\/ld+json\" class=\"yoast-schema-graph\">{\"@context\":\"https:\/\/schema.org\",\"@graph\":[{\"@type\":\"WebPage\",\"@id\":\"https:\/\/compuviper.mx\/tienda\/producto\/peerless-av-pcm150-soporte-techo-peeless-para-monitores-de-32-a-90-con-un-peso-no-mayor-a-68-kg\/\",\"url\":\"https:\/\/compuviper.mx\/tienda\/producto\/peerless-av-pcm150-soporte-techo-peeless-para-monitores-de-32-a-90-con-un-peso-no-mayor-a-68-kg\/\",\"name\":\"[ Peerless-av ] &#129351; Pcm150 Soporte Techo Peeless Para Monitores De 32 A 90 Con Un Peso No Mayor A 68 Kg\",\"isPartOf\":{\"@id\":\"https:\/\/compuviper.mx\/tienda\/#website\"},\"datePublished\":\"2026-04-02T05:14:02+00:00\",\"dateModified\":\"2026-04-02T05:14:02+00:00\",\"description\":\"Compra Pcm150 Soporte Techo Peeless Para Monitores De 32 A 90 Con Un Peso No Mayor A 68 Kg + Env\u00edo a domicilio + Pago seguro + Garant\u00eda\",\"breadcrumb\":{\"@id\":\"https:\/\/compuviper.mx\/tienda\/producto\/peerless-av-pcm150-soporte-techo-peeless-para-monitores-de-32-a-90-con-un-peso-no-mayor-a-68-kg\/#breadcrumb\"},\"inLanguage\":\"es-MX\",\"potentialAction\":[{\"@type\":\"ReadAction\",\"target\":[\"https:\/\/compuviper.mx\/tienda\/producto\/peerless-av-pcm150-soporte-techo-peeless-para-monitores-de-32-a-90-con-un-peso-no-mayor-a-68-kg\/\"]}]},{\"@type\":\"BreadcrumbList\",\"@id\":\"https:\/\/compuviper.mx\/tienda\/producto\/peerless-av-pcm150-soporte-techo-peeless-para-monitores-de-32-a-90-con-un-peso-no-mayor-a-68-kg\/#breadcrumb\",\"itemListElement\":[{\"@type\":\"ListItem\",\"position\":1,\"name\":\"Inicio\",\"item\":\"https:\/\/compuviper.mx\/tienda\/\"},{\"@type\":\"ListItem\",\"position\":2,\"name\":\"Productos\",\"item\":\"https:\/\/compuviper.mx\/tienda\/productos\/\"},{\"@type\":\"ListItem\",\"position\":3,\"name\":\"Soportes Y Bases P\/tv\/ Proyectores\/dvd\/consolas\/bocinas\/pantallas\/monotores\",\"item\":\"https:\/\/compuviper.mx\/tienda\/categoria-producto\/soportes-y-bases-p-tv-proyectores-dvd-consolas-bocinas-pantallas-monotores\/\"},{\"@type\":\"ListItem\",\"position\":4,\"name\":\"Soporte Y Base Para Tv\/pantallas\/monitores\/kiosko\",\"item\":\"https:\/\/compuviper.mx\/tienda\/categoria-producto\/soportes-y-bases-p-tv-proyectores-dvd-consolas-bocinas-pantallas-monotores\/soporte-y-base-para-tv-pantallas-monitores-kiosko\/\"},{\"@type\":\"ListItem\",\"position\":5,\"name\":\"Peerless-av Pcm150 Soporte Techo Peeless Para Monitores De 32 A 90 Con Un Peso No Mayor A 68 Kg\"}]},{\"@type\":\"WebSite\",\"@id\":\"https:\/\/compuviper.mx\/tienda\/#website\",\"url\":\"https:\/\/compuviper.mx\/tienda\/\",\"name\":\"Compuviper\",\"description\":\"Proveedor de Computadoras, Laptops, Servidores, Monitores, Puntos de Venta, Teclados,   Impresoras, T\u00f3ner, C\u00e1maras de Seguridad y m\u00e1s en tu tienda en l\u00ednea\",\"publisher\":{\"@id\":\"https:\/\/compuviper.mx\/tienda\/#organization\"},\"potentialAction\":[{\"@type\":\"SearchAction\",\"target\":{\"@type\":\"EntryPoint\",\"urlTemplate\":\"https:\/\/compuviper.mx\/tienda\/?s={search_term_string}\"},\"query-input\":\"required name=search_term_string\"}],\"inLanguage\":\"es-MX\"},{\"@type\":\"Organization\",\"@id\":\"https:\/\/compuviper.mx\/tienda\/#organization\",\"name\":\"Compuviper\",\"url\":\"https:\/\/compuviper.mx\/tienda\/\",\"logo\":{\"@type\":\"ImageObject\",\"inLanguage\":\"es-MX\",\"@id\":\"https:\/\/compuviper.mx\/tienda\/#\/schema\/logo\/image\/\",\"url\":\"https:\/\/compuviper.mx\/tienda\/wp-content\/uploads\/2021\/08\/Logo-Compuviper-10.png\",\"contentUrl\":\"https:\/\/compuviper.mx\/tienda\/wp-content\/uploads\/2021\/08\/Logo-Compuviper-10.png\",\"width\":1000,\"height\":500,\"caption\":\"Compuviper\"},\"image\":{\"@id\":\"https:\/\/compuviper.mx\/tienda\/#\/schema\/logo\/image\/\"},\"sameAs\":[\"https:\/\/www.facebook.com\/compuviper\",\"https:\/\/www.youtube.com\/channel\/UCf73dERp9Y3cfOq7q8BhLjA?view_as=subscriber\"]}]}<\/script>\n<meta property=\"product:brand\" content=\"PEERLESS-AV\" \/>\n<meta property=\"product:price:amount\" content=\"4024\" \/>\n<meta property=\"product:price:currency\" content=\"MXN\" \/>\n<meta property=\"og:availability\" content=\"out of stock\" \/>\n<meta property=\"product:availability\" content=\"out of stock\" \/>\n<meta property=\"product:retailer_item_id\" content=\"PCM150\" \/>\n<meta property=\"product:condition\" content=\"new\" \/>\n<!-- \/ Yoast SEO plugin. -->","yoast_head_json":{"title":"[ Peerless-av ] &#129351; Pcm150 Soporte Techo Peeless Para Monitores De 32 A 90 Con Un Peso No Mayor A 68 Kg","description":"Compra Pcm150 Soporte Techo Peeless Para Monitores De 32 A 90 Con Un Peso No Mayor A 68 Kg + Env\u00edo a domicilio + Pago seguro + Garant\u00eda","robots":{"index":"index","follow":"follow","max-snippet":"max-snippet:-1","max-image-preview":"max-image-preview:large","max-video-preview":"max-video-preview:-1"},"canonical":"https:\/\/compuviper.mx\/tienda\/producto\/peerless-av-pcm150-soporte-techo-peeless-para-monitores-de-32-a-90-con-un-peso-no-mayor-a-68-kg\/","og_locale":"es_MX","og_type":"article","og_title":"[ Peerless-av ] &#129351; Pcm150 Soporte Techo Peeless Para Monitores De 32 A 90 Con Un Peso No Mayor A 68 Kg","og_description":"Compra Pcm150 Soporte Techo Peeless Para Monitores De 32 A 90 Con Un Peso No Mayor A 68 Kg + Env\u00edo a domicilio + Pago seguro + Garant\u00eda","og_url":"https:\/\/compuviper.mx\/tienda\/producto\/peerless-av-pcm150-soporte-techo-peeless-para-monitores-de-32-a-90-con-un-peso-no-mayor-a-68-kg\/","og_site_name":"Compuviper","article_publisher":"https:\/\/www.facebook.com\/compuviper","og_image":[{"width":200,"height":200,"url":"https:\/\/compuviper.mx\/tienda\/wp-content\/uploads\/2025\/10\/Soporte-techo-peeless-pcm150-para-monitores-de-32-a-90-con-un-peso-no-mayor-a-68-kg.jpg","type":"image\/jpeg"}],"twitter_card":"summary_large_image","twitter_misc":{"Precio":"&#36;4,077 &#36;4,024 con IVA","Availability":"Out of stock"},"schema":{"@context":"https:\/\/schema.org","@graph":[{"@type":"WebPage","@id":"https:\/\/compuviper.mx\/tienda\/producto\/peerless-av-pcm150-soporte-techo-peeless-para-monitores-de-32-a-90-con-un-peso-no-mayor-a-68-kg\/","url":"https:\/\/compuviper.mx\/tienda\/producto\/peerless-av-pcm150-soporte-techo-peeless-para-monitores-de-32-a-90-con-un-peso-no-mayor-a-68-kg\/","name":"[ Peerless-av ] &#129351; Pcm150 Soporte Techo Peeless Para Monitores De 32 A 90 Con Un Peso No Mayor A 68 Kg","isPartOf":{"@id":"https:\/\/compuviper.mx\/tienda\/#website"},"datePublished":"2026-04-02T05:14:02+00:00","dateModified":"2026-04-02T05:14:02+00:00","description":"Compra Pcm150 Soporte Techo Peeless Para Monitores De 32 A 90 Con Un Peso No Mayor A 68 Kg + Env\u00edo a domicilio + Pago seguro + Garant\u00eda","breadcrumb":{"@id":"https:\/\/compuviper.mx\/tienda\/producto\/peerless-av-pcm150-soporte-techo-peeless-para-monitores-de-32-a-90-con-un-peso-no-mayor-a-68-kg\/#breadcrumb"},"inLanguage":"es-MX","potentialAction":[{"@type":"ReadAction","target":["https:\/\/compuviper.mx\/tienda\/producto\/peerless-av-pcm150-soporte-techo-peeless-para-monitores-de-32-a-90-con-un-peso-no-mayor-a-68-kg\/"]}]},{"@type":"BreadcrumbList","@id":"https:\/\/compuviper.mx\/tienda\/producto\/peerless-av-pcm150-soporte-techo-peeless-para-monitores-de-32-a-90-con-un-peso-no-mayor-a-68-kg\/#breadcrumb","itemListElement":[{"@type":"ListItem","position":1,"name":"Inicio","item":"https:\/\/compuviper.mx\/tienda\/"},{"@type":"ListItem","position":2,"name":"Productos","item":"https:\/\/compuviper.mx\/tienda\/productos\/"},{"@type":"ListItem","position":3,"name":"Soportes Y Bases P\/tv\/ Proyectores\/dvd\/consolas\/bocinas\/pantallas\/monotores","item":"https:\/\/compuviper.mx\/tienda\/categoria-producto\/soportes-y-bases-p-tv-proyectores-dvd-consolas-bocinas-pantallas-monotores\/"},{"@type":"ListItem","position":4,"name":"Soporte Y Base Para Tv\/pantallas\/monitores\/kiosko","item":"https:\/\/compuviper.mx\/tienda\/categoria-producto\/soportes-y-bases-p-tv-proyectores-dvd-consolas-bocinas-pantallas-monotores\/soporte-y-base-para-tv-pantallas-monitores-kiosko\/"},{"@type":"ListItem","position":5,"name":"Peerless-av Pcm150 Soporte Techo Peeless Para Monitores De 32 A 90 Con Un Peso No Mayor A 68 Kg"}]},{"@type":"WebSite","@id":"https:\/\/compuviper.mx\/tienda\/#website","url":"https:\/\/compuviper.mx\/tienda\/","name":"Compuviper","description":"Proveedor de Computadoras, Laptops, Servidores, Monitores, Puntos de Venta, Teclados,   Impresoras, T\u00f3ner, C\u00e1maras de Seguridad y m\u00e1s en tu tienda en l\u00ednea","publisher":{"@id":"https:\/\/compuviper.mx\/tienda\/#organization"},"potentialAction":[{"@type":"SearchAction","target":{"@type":"EntryPoint","urlTemplate":"https:\/\/compuviper.mx\/tienda\/?s={search_term_string}"},"query-input":"required name=search_term_string"}],"inLanguage":"es-MX"},{"@type":"Organization","@id":"https:\/\/compuviper.mx\/tienda\/#organization","name":"Compuviper","url":"https:\/\/compuviper.mx\/tienda\/","logo":{"@type":"ImageObject","inLanguage":"es-MX","@id":"https:\/\/compuviper.mx\/tienda\/#\/schema\/logo\/image\/","url":"https:\/\/compuviper.mx\/tienda\/wp-content\/uploads\/2021\/08\/Logo-Compuviper-10.png","contentUrl":"https:\/\/compuviper.mx\/tienda\/wp-content\/uploads\/2021\/08\/Logo-Compuviper-10.png","width":1000,"height":500,"caption":"Compuviper"},"image":{"@id":"https:\/\/compuviper.mx\/tienda\/#\/schema\/logo\/image\/"},"sameAs":["https:\/\/www.facebook.com\/compuviper","https:\/\/www.youtube.com\/channel\/UCf73dERp9Y3cfOq7q8BhLjA?view_as=subscriber"]}]},"product_brand":"PEERLESS-AV","product_price_amount":"4024","product_price_currency":"MXN","og_availability":"out of stock","product_availability":"out of stock","product_retailer_item_id":"PCM150","product_condition":"new"},"_links":{"self":[{"href":"https:\/\/compuviper.mx\/tienda\/wp-json\/wp\/v2\/product\/245268"}],"collection":[{"href":"https:\/\/compuviper.mx\/tienda\/wp-json\/wp\/v2\/product"}],"about":[{"href":"https:\/\/compuviper.mx\/tienda\/wp-json\/wp\/v2\/types\/product"}],"replies":[{"embeddable":true,"href":"https:\/\/compuviper.mx\/tienda\/wp-json\/wp\/v2\/comments?post=245268"}],"wp:featuredmedia":[{"embeddable":true,"href":"https:\/\/compuviper.mx\/tienda\/wp-json\/wp\/v2\/media\/258676"}],"wp:attachment":[{"href":"https:\/\/compuviper.mx\/tienda\/wp-json\/wp\/v2\/media?parent=245268"}],"wp:term":[{"taxonomy":"product_cat","embeddable":true,"href":"https:\/\/compuviper.mx\/tienda\/wp-json\/wp\/v2\/product_cat?post=245268"},{"taxonomy":"product_tag","embeddable":true,"href":"https:\/\/compuviper.mx\/tienda\/wp-json\/wp\/v2\/product_tag?post=245268"}],"curies":[{"name":"wp","href":"https:\/\/api.w.org\/{rel}","templated":true}]}}