{"id":245260,"date":"2026-04-21T02:23:09","date_gmt":"2026-04-21T08:23:09","guid":{"rendered":"https:\/\/compuviper.mx\/tienda\/producto\/net2phone-mx-cce-call-queue-agent-agente-para-firma-en-cola-de-atencion-para-conmutador-telefonico-unite-licencia-por-agente-renta-mensual-entrega-electronica\/"},"modified":"2026-04-21T02:23:09","modified_gmt":"2026-04-21T08:23:09","slug":"net2phone-mx-cce-call-queue-agent-agente-para-firma-en-cola-de-atencion-para-conmutador-telefonico-unite-licencia-por-agente-renta-mensual-entrega-electronica","status":"publish","type":"product","link":"https:\/\/compuviper.mx\/tienda\/producto\/net2phone-mx-cce-call-queue-agent-agente-para-firma-en-cola-de-atencion-para-conmutador-telefonico-unite-licencia-por-agente-renta-mensual-entrega-electronica\/","title":{"rendered":"Net2phone Mx-cce-call-queue-agent Agente Para Firma En Cola De Atencion &#8211;  &#8211; Para Conmutador Telefonico Unite &#8211; Licencia Por Agente &#8211; Renta Mensual &#8211; Entrega Electronica"},"content":{"rendered":"<table class=\"descripcion\">\n<tr>\n<td>Es necesario contar con por lo menos una  licencia de cola de atencion  y de supervisor.<\/td>\n<\/tr>\n<\/table>\n","protected":false},"excerpt":{"rendered":"<p>Cuando un agente esta disponible para tomar la llamada, se transfiere de acuerdo con el protocolo de administracion de colas de llamadas. Es necesario contar con por lo menos una  licencia de cola de atencion  y de supervisor. Para cotizar favor de contactar a irlanda hernandez pm de net2phone  al 55 9857 8913.<\/p>\n","protected":false},"featured_media":260961,"comment_status":"open","ping_status":"open","template":"","meta":[],"product_cat":[2001,1827],"product_tag":[2213],"acf":[],"yoast_head":"<!-- This site is optimized with the Yoast SEO plugin v21.7 - https:\/\/yoast.com\/wordpress\/plugins\/seo\/ -->\n<title>[ Net2phone ] &#129351; Mx-cce-call-queue-agent Agente Para Firma En Cola De Atencion - - Para Conmutador Telefonico Unite - Licencia Por Agente - Renta Mensual - Entrega Electronica<\/title>\n<meta name=\"description\" content=\"Compra Mx-cce-call-queue-agent Agente Para Firma En Cola De Atencion - - Para Conmutador Telefonico Unite - Licencia Por Agente - Renta Mensual - Entrega Electronica + Env\u00edo a domicilio + Pago seguro + Garant\u00eda\" \/>\n<meta name=\"robots\" content=\"index, follow, max-snippet:-1, max-image-preview:large, max-video-preview:-1\" \/>\n<link rel=\"canonical\" href=\"https:\/\/compuviper.mx\/tienda\/producto\/net2phone-mx-cce-call-queue-agent-agente-para-firma-en-cola-de-atencion-para-conmutador-telefonico-unite-licencia-por-agente-renta-mensual-entrega-electronica\/\" \/>\n<meta property=\"og:locale\" content=\"es_MX\" \/>\n<meta property=\"og:type\" content=\"article\" \/>\n<meta property=\"og:title\" content=\"[ Net2phone ] &#129351; Mx-cce-call-queue-agent Agente Para Firma En Cola De Atencion - - Para Conmutador Telefonico Unite - Licencia Por Agente - Renta Mensual - Entrega Electronica\" \/>\n<meta property=\"og:description\" content=\"Compra Mx-cce-call-queue-agent Agente Para Firma En Cola De Atencion - - Para Conmutador Telefonico Unite - Licencia Por Agente - Renta Mensual - Entrega Electronica + Env\u00edo a domicilio + Pago seguro + Garant\u00eda\" \/>\n<meta property=\"og:url\" content=\"https:\/\/compuviper.mx\/tienda\/producto\/net2phone-mx-cce-call-queue-agent-agente-para-firma-en-cola-de-atencion-para-conmutador-telefonico-unite-licencia-por-agente-renta-mensual-entrega-electronica\/\" \/>\n<meta property=\"og:site_name\" content=\"Compuviper\" \/>\n<meta property=\"article:publisher\" content=\"https:\/\/www.facebook.com\/compuviper\" \/>\n<meta property=\"og:image\" content=\"https:\/\/compuviper.mx\/tienda\/wp-content\/uploads\/2025\/10\/Agente-para-firma-en-cola-de-atencion-net2phone-para-conmutador-telefonico-unite-licencia-por-agente-renta-mensual-entrega-electronica.jpg\" \/>\n\t<meta property=\"og:image:width\" content=\"200\" \/>\n\t<meta property=\"og:image:height\" content=\"200\" \/>\n\t<meta property=\"og:image:type\" content=\"image\/jpeg\" \/>\n<meta name=\"twitter:card\" content=\"summary_large_image\" \/>\n<meta name=\"twitter:label1\" content=\"Precio\" \/>\n\t<meta name=\"twitter:data1\" content=\"&#36;109 con IVA\" \/>\n\t<meta name=\"twitter:label2\" content=\"Availability\" \/>\n\t<meta name=\"twitter:data2\" content=\"On backorder\" \/>\n<script type=\"application\/ld+json\" class=\"yoast-schema-graph\">{\"@context\":\"https:\/\/schema.org\",\"@graph\":[{\"@type\":\"WebPage\",\"@id\":\"https:\/\/compuviper.mx\/tienda\/producto\/net2phone-mx-cce-call-queue-agent-agente-para-firma-en-cola-de-atencion-para-conmutador-telefonico-unite-licencia-por-agente-renta-mensual-entrega-electronica\/\",\"url\":\"https:\/\/compuviper.mx\/tienda\/producto\/net2phone-mx-cce-call-queue-agent-agente-para-firma-en-cola-de-atencion-para-conmutador-telefonico-unite-licencia-por-agente-renta-mensual-entrega-electronica\/\",\"name\":\"[ Net2phone ] &#129351; Mx-cce-call-queue-agent Agente Para Firma En Cola De Atencion - - Para Conmutador Telefonico Unite - Licencia Por Agente - Renta Mensual - Entrega Electronica\",\"isPartOf\":{\"@id\":\"https:\/\/compuviper.mx\/tienda\/#website\"},\"datePublished\":\"2026-04-21T08:23:09+00:00\",\"dateModified\":\"2026-04-21T08:23:09+00:00\",\"description\":\"Compra Mx-cce-call-queue-agent Agente Para Firma En Cola De Atencion - - Para Conmutador Telefonico Unite - Licencia Por Agente - Renta Mensual - Entrega Electronica + Env\u00edo a domicilio + Pago seguro + Garant\u00eda\",\"breadcrumb\":{\"@id\":\"https:\/\/compuviper.mx\/tienda\/producto\/net2phone-mx-cce-call-queue-agent-agente-para-firma-en-cola-de-atencion-para-conmutador-telefonico-unite-licencia-por-agente-renta-mensual-entrega-electronica\/#breadcrumb\"},\"inLanguage\":\"es-MX\",\"potentialAction\":[{\"@type\":\"ReadAction\",\"target\":[\"https:\/\/compuviper.mx\/tienda\/producto\/net2phone-mx-cce-call-queue-agent-agente-para-firma-en-cola-de-atencion-para-conmutador-telefonico-unite-licencia-por-agente-renta-mensual-entrega-electronica\/\"]}]},{\"@type\":\"BreadcrumbList\",\"@id\":\"https:\/\/compuviper.mx\/tienda\/producto\/net2phone-mx-cce-call-queue-agent-agente-para-firma-en-cola-de-atencion-para-conmutador-telefonico-unite-licencia-por-agente-renta-mensual-entrega-electronica\/#breadcrumb\",\"itemListElement\":[{\"@type\":\"ListItem\",\"position\":1,\"name\":\"Inicio\",\"item\":\"https:\/\/compuviper.mx\/tienda\/\"},{\"@type\":\"ListItem\",\"position\":2,\"name\":\"Productos\",\"item\":\"https:\/\/compuviper.mx\/tienda\/productos\/\"},{\"@type\":\"ListItem\",\"position\":3,\"name\":\"Software\",\"item\":\"https:\/\/compuviper.mx\/tienda\/categoria-producto\/software\/\"},{\"@type\":\"ListItem\",\"position\":4,\"name\":\"Licenciamiento Electronico\",\"item\":\"https:\/\/compuviper.mx\/tienda\/categoria-producto\/software\/licenciamiento-electronico\/\"},{\"@type\":\"ListItem\",\"position\":5,\"name\":\"Net2phone Mx-cce-call-queue-agent Agente Para Firma En Cola De Atencion &#8211; &#8211; Para Conmutador Telefonico Unite &#8211; Licencia Por Agente &#8211; Renta Mensual &#8211; Entrega Electronica\"}]},{\"@type\":\"WebSite\",\"@id\":\"https:\/\/compuviper.mx\/tienda\/#website\",\"url\":\"https:\/\/compuviper.mx\/tienda\/\",\"name\":\"Compuviper\",\"description\":\"Proveedor de Computadoras, Laptops, Servidores, Monitores, Puntos de Venta, Teclados,   Impresoras, T\u00f3ner, C\u00e1maras de Seguridad y m\u00e1s en tu tienda en l\u00ednea\",\"publisher\":{\"@id\":\"https:\/\/compuviper.mx\/tienda\/#organization\"},\"potentialAction\":[{\"@type\":\"SearchAction\",\"target\":{\"@type\":\"EntryPoint\",\"urlTemplate\":\"https:\/\/compuviper.mx\/tienda\/?s={search_term_string}\"},\"query-input\":\"required name=search_term_string\"}],\"inLanguage\":\"es-MX\"},{\"@type\":\"Organization\",\"@id\":\"https:\/\/compuviper.mx\/tienda\/#organization\",\"name\":\"Compuviper\",\"url\":\"https:\/\/compuviper.mx\/tienda\/\",\"logo\":{\"@type\":\"ImageObject\",\"inLanguage\":\"es-MX\",\"@id\":\"https:\/\/compuviper.mx\/tienda\/#\/schema\/logo\/image\/\",\"url\":\"https:\/\/compuviper.mx\/tienda\/wp-content\/uploads\/2021\/08\/Logo-Compuviper-10.png\",\"contentUrl\":\"https:\/\/compuviper.mx\/tienda\/wp-content\/uploads\/2021\/08\/Logo-Compuviper-10.png\",\"width\":1000,\"height\":500,\"caption\":\"Compuviper\"},\"image\":{\"@id\":\"https:\/\/compuviper.mx\/tienda\/#\/schema\/logo\/image\/\"},\"sameAs\":[\"https:\/\/www.facebook.com\/compuviper\",\"https:\/\/www.youtube.com\/channel\/UCf73dERp9Y3cfOq7q8BhLjA?view_as=subscriber\"]}]}<\/script>\n<meta property=\"product:brand\" content=\"Net2phone\" \/>\n<meta property=\"product:price:amount\" content=\"109\" \/>\n<meta property=\"product:price:currency\" content=\"MXN\" \/>\n<meta property=\"og:availability\" content=\"backorder\" \/>\n<meta property=\"product:availability\" content=\"available for order\" \/>\n<meta property=\"product:retailer_item_id\" content=\"MX-CCE-CALL-QUEUE-AGENT\" \/>\n<meta property=\"product:condition\" content=\"new\" \/>\n<!-- \/ Yoast SEO plugin. -->","yoast_head_json":{"title":"[ Net2phone ] &#129351; Mx-cce-call-queue-agent Agente Para Firma En Cola De Atencion - - Para Conmutador Telefonico Unite - Licencia Por Agente - Renta Mensual - Entrega Electronica","description":"Compra Mx-cce-call-queue-agent Agente Para Firma En Cola De Atencion - - Para Conmutador Telefonico Unite - Licencia Por Agente - Renta Mensual - Entrega Electronica + Env\u00edo a domicilio + Pago seguro + Garant\u00eda","robots":{"index":"index","follow":"follow","max-snippet":"max-snippet:-1","max-image-preview":"max-image-preview:large","max-video-preview":"max-video-preview:-1"},"canonical":"https:\/\/compuviper.mx\/tienda\/producto\/net2phone-mx-cce-call-queue-agent-agente-para-firma-en-cola-de-atencion-para-conmutador-telefonico-unite-licencia-por-agente-renta-mensual-entrega-electronica\/","og_locale":"es_MX","og_type":"article","og_title":"[ Net2phone ] &#129351; Mx-cce-call-queue-agent Agente Para Firma En Cola De Atencion - - Para Conmutador Telefonico Unite - Licencia Por Agente - Renta Mensual - Entrega Electronica","og_description":"Compra Mx-cce-call-queue-agent Agente Para Firma En Cola De Atencion - - Para Conmutador Telefonico Unite - Licencia Por Agente - Renta Mensual - Entrega Electronica + Env\u00edo a domicilio + Pago seguro + Garant\u00eda","og_url":"https:\/\/compuviper.mx\/tienda\/producto\/net2phone-mx-cce-call-queue-agent-agente-para-firma-en-cola-de-atencion-para-conmutador-telefonico-unite-licencia-por-agente-renta-mensual-entrega-electronica\/","og_site_name":"Compuviper","article_publisher":"https:\/\/www.facebook.com\/compuviper","og_image":[{"width":200,"height":200,"url":"https:\/\/compuviper.mx\/tienda\/wp-content\/uploads\/2025\/10\/Agente-para-firma-en-cola-de-atencion-net2phone-para-conmutador-telefonico-unite-licencia-por-agente-renta-mensual-entrega-electronica.jpg","type":"image\/jpeg"}],"twitter_card":"summary_large_image","twitter_misc":{"Precio":"&#36;109 con IVA","Availability":"On backorder"},"schema":{"@context":"https:\/\/schema.org","@graph":[{"@type":"WebPage","@id":"https:\/\/compuviper.mx\/tienda\/producto\/net2phone-mx-cce-call-queue-agent-agente-para-firma-en-cola-de-atencion-para-conmutador-telefonico-unite-licencia-por-agente-renta-mensual-entrega-electronica\/","url":"https:\/\/compuviper.mx\/tienda\/producto\/net2phone-mx-cce-call-queue-agent-agente-para-firma-en-cola-de-atencion-para-conmutador-telefonico-unite-licencia-por-agente-renta-mensual-entrega-electronica\/","name":"[ Net2phone ] &#129351; Mx-cce-call-queue-agent Agente Para Firma En Cola De Atencion - - Para Conmutador Telefonico Unite - Licencia Por Agente - Renta Mensual - Entrega Electronica","isPartOf":{"@id":"https:\/\/compuviper.mx\/tienda\/#website"},"datePublished":"2026-04-21T08:23:09+00:00","dateModified":"2026-04-21T08:23:09+00:00","description":"Compra Mx-cce-call-queue-agent Agente Para Firma En Cola De Atencion - - Para Conmutador Telefonico Unite - Licencia Por Agente - Renta Mensual - Entrega Electronica + Env\u00edo a domicilio + Pago seguro + Garant\u00eda","breadcrumb":{"@id":"https:\/\/compuviper.mx\/tienda\/producto\/net2phone-mx-cce-call-queue-agent-agente-para-firma-en-cola-de-atencion-para-conmutador-telefonico-unite-licencia-por-agente-renta-mensual-entrega-electronica\/#breadcrumb"},"inLanguage":"es-MX","potentialAction":[{"@type":"ReadAction","target":["https:\/\/compuviper.mx\/tienda\/producto\/net2phone-mx-cce-call-queue-agent-agente-para-firma-en-cola-de-atencion-para-conmutador-telefonico-unite-licencia-por-agente-renta-mensual-entrega-electronica\/"]}]},{"@type":"BreadcrumbList","@id":"https:\/\/compuviper.mx\/tienda\/producto\/net2phone-mx-cce-call-queue-agent-agente-para-firma-en-cola-de-atencion-para-conmutador-telefonico-unite-licencia-por-agente-renta-mensual-entrega-electronica\/#breadcrumb","itemListElement":[{"@type":"ListItem","position":1,"name":"Inicio","item":"https:\/\/compuviper.mx\/tienda\/"},{"@type":"ListItem","position":2,"name":"Productos","item":"https:\/\/compuviper.mx\/tienda\/productos\/"},{"@type":"ListItem","position":3,"name":"Software","item":"https:\/\/compuviper.mx\/tienda\/categoria-producto\/software\/"},{"@type":"ListItem","position":4,"name":"Licenciamiento Electronico","item":"https:\/\/compuviper.mx\/tienda\/categoria-producto\/software\/licenciamiento-electronico\/"},{"@type":"ListItem","position":5,"name":"Net2phone Mx-cce-call-queue-agent Agente Para Firma En Cola De Atencion &#8211; &#8211; Para Conmutador Telefonico Unite &#8211; Licencia Por Agente &#8211; Renta Mensual &#8211; Entrega Electronica"}]},{"@type":"WebSite","@id":"https:\/\/compuviper.mx\/tienda\/#website","url":"https:\/\/compuviper.mx\/tienda\/","name":"Compuviper","description":"Proveedor de Computadoras, Laptops, Servidores, Monitores, Puntos de Venta, Teclados,   Impresoras, T\u00f3ner, C\u00e1maras de Seguridad y m\u00e1s en tu tienda en l\u00ednea","publisher":{"@id":"https:\/\/compuviper.mx\/tienda\/#organization"},"potentialAction":[{"@type":"SearchAction","target":{"@type":"EntryPoint","urlTemplate":"https:\/\/compuviper.mx\/tienda\/?s={search_term_string}"},"query-input":"required name=search_term_string"}],"inLanguage":"es-MX"},{"@type":"Organization","@id":"https:\/\/compuviper.mx\/tienda\/#organization","name":"Compuviper","url":"https:\/\/compuviper.mx\/tienda\/","logo":{"@type":"ImageObject","inLanguage":"es-MX","@id":"https:\/\/compuviper.mx\/tienda\/#\/schema\/logo\/image\/","url":"https:\/\/compuviper.mx\/tienda\/wp-content\/uploads\/2021\/08\/Logo-Compuviper-10.png","contentUrl":"https:\/\/compuviper.mx\/tienda\/wp-content\/uploads\/2021\/08\/Logo-Compuviper-10.png","width":1000,"height":500,"caption":"Compuviper"},"image":{"@id":"https:\/\/compuviper.mx\/tienda\/#\/schema\/logo\/image\/"},"sameAs":["https:\/\/www.facebook.com\/compuviper","https:\/\/www.youtube.com\/channel\/UCf73dERp9Y3cfOq7q8BhLjA?view_as=subscriber"]}]},"product_brand":"Net2phone","product_price_amount":"109","product_price_currency":"MXN","og_availability":"backorder","product_availability":"available for order","product_retailer_item_id":"MX-CCE-CALL-QUEUE-AGENT","product_condition":"new"},"_links":{"self":[{"href":"https:\/\/compuviper.mx\/tienda\/wp-json\/wp\/v2\/product\/245260"}],"collection":[{"href":"https:\/\/compuviper.mx\/tienda\/wp-json\/wp\/v2\/product"}],"about":[{"href":"https:\/\/compuviper.mx\/tienda\/wp-json\/wp\/v2\/types\/product"}],"replies":[{"embeddable":true,"href":"https:\/\/compuviper.mx\/tienda\/wp-json\/wp\/v2\/comments?post=245260"}],"wp:featuredmedia":[{"embeddable":true,"href":"https:\/\/compuviper.mx\/tienda\/wp-json\/wp\/v2\/media\/260961"}],"wp:attachment":[{"href":"https:\/\/compuviper.mx\/tienda\/wp-json\/wp\/v2\/media?parent=245260"}],"wp:term":[{"taxonomy":"product_cat","embeddable":true,"href":"https:\/\/compuviper.mx\/tienda\/wp-json\/wp\/v2\/product_cat?post=245260"},{"taxonomy":"product_tag","embeddable":true,"href":"https:\/\/compuviper.mx\/tienda\/wp-json\/wp\/v2\/product_tag?post=245260"}],"curies":[{"name":"wp","href":"https:\/\/api.w.org\/{rel}","templated":true}]}}