{"id":245252,"date":"2026-04-23T00:14:59","date_gmt":"2026-04-23T06:14:59","guid":{"rendered":"https:\/\/compuviper.mx\/tienda\/producto\/hikvision-ds-2cd2t83g2-4li2u-dual-light-2-microfonos-integrados-bala-ip-8-megapixel-4k-lente-4-mm-80-mts-luz-blanca-80-mts-ir-acusense-exterior-ip67-ik10-wdr-120-db-poe-onvif\/"},"modified":"2026-04-23T00:14:59","modified_gmt":"2026-04-23T06:14:59","slug":"hikvision-ds-2cd2t83g2-4li2u-dual-light-2-microfonos-integrados-bala-ip-8-megapixel-4k-lente-4-mm-80-mts-luz-blanca-80-mts-ir-acusense-exterior-ip67-ik10-wdr-120-db-poe-onvif","status":"publish","type":"product","link":"https:\/\/compuviper.mx\/tienda\/producto\/hikvision-ds-2cd2t83g2-4li2u-dual-light-2-microfonos-integrados-bala-ip-8-megapixel-4k-lente-4-mm-80-mts-luz-blanca-80-mts-ir-acusense-exterior-ip67-ik10-wdr-120-db-poe-onvif\/","title":{"rendered":"Hikvision Ds-2cd2t83g2-4li2u [dual Light + 2 Microfonos Integrados] Bala Ip 8 Megapixel (4k) \/ Lente 4 Mm \/ 80 Mts Luz Blanca + 80 Mts Ir \/ Acusense \/ Exterior Ip67 \/ Ik10 \/ Wdr 120 Db \/ Poe \/ Onvif \/ Micro Sd \/ Metal \/ Acusearc"},"content":{"rendered":"<table class=\"descripcion\">\n<tr>\n<td>Caracter\u00edsticas principales:<\/td>\n<\/tr>\n<tr>\n<td>Resoluci\u00f3n m\u00e1xima: 8 megapixel (3840 \u00d7 2160).<\/td>\n<\/tr>\n<tr>\n<td>Iluminaci\u00f3n minima: 0.005 lux @ (f1.6, agc on)<\/td>\n<\/tr>\n<tr>\n<td>Lente fijo: 4mm (\u00e1ngulo de apertura 87\u00b0)<\/td>\n<\/tr>\n<tr>\n<td>80 m de ir exir (visi\u00f3n nocturna).<\/td>\n<\/tr>\n<tr>\n<td>80 m de luz blanca (ayuda a iluminar el sitio para mantener la imagen siempre a color).<\/td>\n<\/tr>\n<tr>\n<td>Wdr de 120 db.<\/td>\n<\/tr>\n<tr>\n<td>Detecci\u00f3n de movimiento \/ cruce de l\u00ednea \/ detecci\u00f3n de intrusi\u00f3n.<\/td>\n<\/tr>\n<tr>\n<td>Compatible con plataforma hik-connect p2p<\/td>\n<\/tr>\n<tr>\n<td>Entradas y salidas de audio \/ alarmas \/ red \/ almacenamiento:<\/td>\n<\/tr>\n<tr>\n<td>Entradas de alarma: na.<\/td>\n<\/tr>\n<tr>\n<td>Salidas de alarma: na.<\/td>\n<\/tr>\n<tr>\n<td>Entradas de audio: na.<\/td>\n<\/tr>\n<tr>\n<td>Salidas de audio: na.<\/td>\n<\/tr>\n<tr>\n<td>Micr\u00f3fono integrado: arreglo de micr\u00f3fono doble para mejor cobertura.<\/td>\n<\/tr>\n<tr>\n<td>Soporta memoria micro sd 512 gb (no incluida).<\/td>\n<\/tr>\n<tr>\n<td>Puerto de red: 1 (10 \/ 100 mbps \/ poe 802.3af ).<\/td>\n<\/tr>\n<tr>\n<td>Caracter\u00edsticas f\u00edsicas y el\u00e9ctricas:<\/td>\n<\/tr>\n<tr>\n<td>Temperatura de operaci\u00f3n: &#8211; 30\u00b0c a 60\u00b0c.<\/td>\n<\/tr>\n<tr>\n<td>Alimentaci\u00f3n: 12vcc \/ 10 watts.<\/td>\n<\/tr>\n<tr>\n<td>Soporta poe 802.3af \/ 11 watts.<\/td>\n<\/tr>\n<tr>\n<td>Protecci\u00f3n: interior \/ exterior ip67.<\/td>\n<\/tr>\n<tr>\n<td>Fabricado en material de metal.<\/td>\n<\/tr>\n<tr>\n<td>Dimensiones: 286.7 x 88.7 x 91.2 mm.<\/td>\n<\/tr>\n<tr>\n<td>Peso: 1115 gramos.<\/td>\n<\/tr>\n<tr>\n<td>Garant\u00eda de 2 a\u00f1os.<\/td>\n<\/tr>\n<tr>\n<td>Accesorios opcionales:<\/td>\n<\/tr>\n<tr>\n<td>Montaje de poste vertical, modelo: ds-1275zj-s-sus<\/td>\n<\/tr>\n<tr>\n<td>Caja de conexiones, modelo: ds-1260zj<\/td>\n<\/tr>\n<tr>\n<td>Montaje de esquina para c\u00e1maras tipo bala, modelo ds-1276zj-sus<\/td>\n<\/tr>\n<tr>\n<td>Montaje de poste vertical para c\u00e1maras tipo bala, modelo ds-1275zj-s-sus<\/td>\n<\/tr>\n<tr>\n<td>Caracter\u00edsticas destacadas:<\/td>\n<\/tr>\n<tr>\n<td>Compatible con la plataforma de hik-connect para una conexi\u00f3n m\u00e1s r\u00e1pida y sencilla.<\/td>\n<\/tr>\n<tr>\n<td>Soporta anal\u00edtico de acusense para con anal\u00edticos como filtro de humano y veh\u00edculos para eventos inteligentes como cruce de l\u00ednea, intrusi\u00f3n, entrada y salida de \u00e1rea.<\/td>\n<\/tr>\n<tr>\n<td>Soporta la tecnolog\u00eda dual light, podemos tener en la noche la imagen de b\/n con los ir encendidos y cuando detecte movimiento por medio del anal\u00edtico de acusense (filtro de humanos y veh\u00edculos) encender\u00e1 la luz blanca para poder tener el evento a color, cuando pase el evento se vuelve a colocar el la imagen en b\/n.<\/td>\n<\/tr>\n<tr>\n<td>Soporta anal\u00edtico cruce de l\u00ednea o intrusi\u00f3n de \u00e1rea.<\/td>\n<\/tr>\n<tr>\n<td>Soporta anal\u00edtico de cambio de escena (cuando mueven la c\u00e1mara fisicamente hacia otro lado o la giran).<\/td>\n<\/tr>\n<tr>\n<td>Distancias dori:<\/td>\n<\/tr>\n<tr>\n<td>Dori es un est\u00e1ndar utilizado para definir la distancia a la cual se puede detectar, observar, reconocer e identificar personas y objetos con claridad utilizando una c\u00e1mara de vigilancia.<\/td>\n<\/tr>\n<\/table>\n","protected":false},"excerpt":{"rendered":"<p>Compatible con la plataforma de hik-connect para una conexi\u00f3n m\u00e1s r\u00e1pida y sencilla. Soporta anal\u00edtico de acusense para con anal\u00edticos como filtro de humano y veh\u00edculos para eventos inteligentes como cruce de l\u00ednea, intrusi\u00f3n, entrada y salida de \u00e1rea. Soporta la tecnolog\u00eda dual light, podemos tener en la noche la imagen de b\/n con los ir encendidos y cuando detecte movimiento por medio del anal\u00edtico de acusense (filtro de humanos y veh\u00edculos) encender\u00e1 la luz blanca para poder tener el evento a color, cuando pase el evento se vuelve a colocar el la imagen en b\/n. Soporta anal\u00edtico cruce de l\u00ednea o intrusi\u00f3n de \u00e1rea. Soporta anal\u00edtico de cambio de escena (cuando mueven la c\u00e1mara fisicamente hacia otro lado o la giran).<\/p>\n","protected":false},"featured_media":259339,"comment_status":"open","ping_status":"open","template":"","meta":[],"product_cat":[1608,1681],"product_tag":[1595],"acf":[],"yoast_head":"<!-- This site is optimized with the Yoast SEO plugin v21.7 - https:\/\/yoast.com\/wordpress\/plugins\/seo\/ -->\n<title>[ Hikvision ] &#129351; Ds-2cd2t83g2-4li2u [dual Light + 2 Microfonos Integrados] Bala Ip 8 Megapixel (4k) \/ Lente 4 Mm \/ 80 Mts Luz Blanca + 80 Mts Ir \/ Acusense \/ Exterior Ip67 \/ Ik10 \/ Wdr 120 Db \/ Poe \/ Onvif \/ Micro Sd \/ Metal \/ Acusearc<\/title>\n<meta name=\"description\" content=\"Compra Ds-2cd2t83g2-4li2u [dual Light + 2 Microfonos Integrados] Bala Ip 8 Megapixel (4k) \/ Lente 4 Mm \/ 80 Mts Luz Blanca + 80 Mts Ir \/ Acusense \/ Exterior Ip67 \/ Ik10 \/ Wdr 120 Db \/ Poe \/ Onvif \/ Micro Sd \/ Metal \/ Acusearc + Env\u00edo a domicilio + Pago seguro + Garant\u00eda\" \/>\n<meta name=\"robots\" content=\"index, follow, max-snippet:-1, max-image-preview:large, max-video-preview:-1\" \/>\n<link rel=\"canonical\" href=\"https:\/\/compuviper.mx\/tienda\/producto\/hikvision-ds-2cd2t83g2-4li2u-dual-light-2-microfonos-integrados-bala-ip-8-megapixel-4k-lente-4-mm-80-mts-luz-blanca-80-mts-ir-acusense-exterior-ip67-ik10-wdr-120-db-poe-onvif\/\" \/>\n<meta property=\"og:locale\" content=\"es_MX\" \/>\n<meta property=\"og:type\" content=\"article\" \/>\n<meta property=\"og:title\" content=\"[ Hikvision ] &#129351; Ds-2cd2t83g2-4li2u [dual Light + 2 Microfonos Integrados] Bala Ip 8 Megapixel (4k) \/ Lente 4 Mm \/ 80 Mts Luz Blanca + 80 Mts Ir \/ Acusense \/ Exterior Ip67 \/ Ik10 \/ Wdr 120 Db \/ Poe \/ Onvif \/ Micro Sd \/ Metal \/ Acusearc\" \/>\n<meta property=\"og:description\" content=\"Compra Ds-2cd2t83g2-4li2u [dual Light + 2 Microfonos Integrados] Bala Ip 8 Megapixel (4k) \/ Lente 4 Mm \/ 80 Mts Luz Blanca + 80 Mts Ir \/ Acusense \/ Exterior Ip67 \/ Ik10 \/ Wdr 120 Db \/ Poe \/ Onvif \/ Micro Sd \/ Metal \/ Acusearc + Env\u00edo a domicilio + Pago seguro + Garant\u00eda\" \/>\n<meta property=\"og:url\" content=\"https:\/\/compuviper.mx\/tienda\/producto\/hikvision-ds-2cd2t83g2-4li2u-dual-light-2-microfonos-integrados-bala-ip-8-megapixel-4k-lente-4-mm-80-mts-luz-blanca-80-mts-ir-acusense-exterior-ip67-ik10-wdr-120-db-poe-onvif\/\" \/>\n<meta property=\"og:site_name\" content=\"Compuviper\" \/>\n<meta property=\"article:publisher\" content=\"https:\/\/www.facebook.com\/compuviper\" \/>\n<meta property=\"og:image\" content=\"https:\/\/compuviper.mx\/tienda\/wp-content\/uploads\/2025\/10\/dual-light-2-microfonos-integrados-bala-ip-8-megapixel-4k-lente-4-mm-80-mts-luz-blanca-80-mts-ir-acusense-exterior-ip67-ik10-wdr-120-db-poe-onvif-micro-sd-metal-acusearc.jpg\" \/>\n\t<meta property=\"og:image:width\" content=\"200\" \/>\n\t<meta property=\"og:image:height\" content=\"200\" \/>\n\t<meta property=\"og:image:type\" content=\"image\/jpeg\" \/>\n<meta name=\"twitter:card\" content=\"summary_large_image\" \/>\n<meta name=\"twitter:label1\" content=\"Precio\" \/>\n\t<meta name=\"twitter:data1\" content=\"&#36;2,874 con IVA\" \/>\n\t<meta name=\"twitter:label2\" content=\"Availability\" \/>\n\t<meta name=\"twitter:data2\" content=\"On backorder\" \/>\n<script type=\"application\/ld+json\" class=\"yoast-schema-graph\">{\"@context\":\"https:\/\/schema.org\",\"@graph\":[{\"@type\":\"WebPage\",\"@id\":\"https:\/\/compuviper.mx\/tienda\/producto\/hikvision-ds-2cd2t83g2-4li2u-dual-light-2-microfonos-integrados-bala-ip-8-megapixel-4k-lente-4-mm-80-mts-luz-blanca-80-mts-ir-acusense-exterior-ip67-ik10-wdr-120-db-poe-onvif\/\",\"url\":\"https:\/\/compuviper.mx\/tienda\/producto\/hikvision-ds-2cd2t83g2-4li2u-dual-light-2-microfonos-integrados-bala-ip-8-megapixel-4k-lente-4-mm-80-mts-luz-blanca-80-mts-ir-acusense-exterior-ip67-ik10-wdr-120-db-poe-onvif\/\",\"name\":\"[ Hikvision ] &#129351; Ds-2cd2t83g2-4li2u [dual Light + 2 Microfonos Integrados] Bala Ip 8 Megapixel (4k) \/ Lente 4 Mm \/ 80 Mts Luz Blanca + 80 Mts Ir \/ Acusense \/ Exterior Ip67 \/ Ik10 \/ Wdr 120 Db \/ Poe \/ Onvif \/ Micro Sd \/ Metal \/ Acusearc\",\"isPartOf\":{\"@id\":\"https:\/\/compuviper.mx\/tienda\/#website\"},\"datePublished\":\"2026-04-23T06:14:59+00:00\",\"dateModified\":\"2026-04-23T06:14:59+00:00\",\"description\":\"Compra Ds-2cd2t83g2-4li2u [dual Light + 2 Microfonos Integrados] Bala Ip 8 Megapixel (4k) \/ Lente 4 Mm \/ 80 Mts Luz Blanca + 80 Mts Ir \/ Acusense \/ Exterior Ip67 \/ Ik10 \/ Wdr 120 Db \/ Poe \/ Onvif \/ Micro Sd \/ Metal \/ Acusearc + Env\u00edo a domicilio + Pago seguro + Garant\u00eda\",\"breadcrumb\":{\"@id\":\"https:\/\/compuviper.mx\/tienda\/producto\/hikvision-ds-2cd2t83g2-4li2u-dual-light-2-microfonos-integrados-bala-ip-8-megapixel-4k-lente-4-mm-80-mts-luz-blanca-80-mts-ir-acusense-exterior-ip67-ik10-wdr-120-db-poe-onvif\/#breadcrumb\"},\"inLanguage\":\"es-MX\",\"potentialAction\":[{\"@type\":\"ReadAction\",\"target\":[\"https:\/\/compuviper.mx\/tienda\/producto\/hikvision-ds-2cd2t83g2-4li2u-dual-light-2-microfonos-integrados-bala-ip-8-megapixel-4k-lente-4-mm-80-mts-luz-blanca-80-mts-ir-acusense-exterior-ip67-ik10-wdr-120-db-poe-onvif\/\"]}]},{\"@type\":\"BreadcrumbList\",\"@id\":\"https:\/\/compuviper.mx\/tienda\/producto\/hikvision-ds-2cd2t83g2-4li2u-dual-light-2-microfonos-integrados-bala-ip-8-megapixel-4k-lente-4-mm-80-mts-luz-blanca-80-mts-ir-acusense-exterior-ip67-ik10-wdr-120-db-poe-onvif\/#breadcrumb\",\"itemListElement\":[{\"@type\":\"ListItem\",\"position\":1,\"name\":\"Inicio\",\"item\":\"https:\/\/compuviper.mx\/tienda\/\"},{\"@type\":\"ListItem\",\"position\":2,\"name\":\"Productos\",\"item\":\"https:\/\/compuviper.mx\/tienda\/productos\/\"},{\"@type\":\"ListItem\",\"position\":3,\"name\":\"Camaras\",\"item\":\"https:\/\/compuviper.mx\/tienda\/categoria-producto\/camaras-2\/\"},{\"@type\":\"ListItem\",\"position\":4,\"name\":\"Camara De Videovigilancia\",\"item\":\"https:\/\/compuviper.mx\/tienda\/categoria-producto\/camaras-2\/camara-de-videovigilancia\/\"},{\"@type\":\"ListItem\",\"position\":5,\"name\":\"Hikvision Ds-2cd2t83g2-4li2u [dual Light + 2 Microfonos Integrados] Bala Ip 8 Megapixel (4k) \/ Lente 4 Mm \/ 80 Mts Luz Blanca + 80 Mts Ir \/ Acusense \/ Exterior Ip67 \/ Ik10 \/ Wdr 120 Db \/ Poe \/ Onvif \/ Micro Sd \/ Metal \/ Acusearc\"}]},{\"@type\":\"WebSite\",\"@id\":\"https:\/\/compuviper.mx\/tienda\/#website\",\"url\":\"https:\/\/compuviper.mx\/tienda\/\",\"name\":\"Compuviper\",\"description\":\"Proveedor de Computadoras, Laptops, Servidores, Monitores, Puntos de Venta, Teclados,   Impresoras, T\u00f3ner, C\u00e1maras de Seguridad y m\u00e1s en tu tienda en l\u00ednea\",\"publisher\":{\"@id\":\"https:\/\/compuviper.mx\/tienda\/#organization\"},\"potentialAction\":[{\"@type\":\"SearchAction\",\"target\":{\"@type\":\"EntryPoint\",\"urlTemplate\":\"https:\/\/compuviper.mx\/tienda\/?s={search_term_string}\"},\"query-input\":\"required name=search_term_string\"}],\"inLanguage\":\"es-MX\"},{\"@type\":\"Organization\",\"@id\":\"https:\/\/compuviper.mx\/tienda\/#organization\",\"name\":\"Compuviper\",\"url\":\"https:\/\/compuviper.mx\/tienda\/\",\"logo\":{\"@type\":\"ImageObject\",\"inLanguage\":\"es-MX\",\"@id\":\"https:\/\/compuviper.mx\/tienda\/#\/schema\/logo\/image\/\",\"url\":\"https:\/\/compuviper.mx\/tienda\/wp-content\/uploads\/2021\/08\/Logo-Compuviper-10.png\",\"contentUrl\":\"https:\/\/compuviper.mx\/tienda\/wp-content\/uploads\/2021\/08\/Logo-Compuviper-10.png\",\"width\":1000,\"height\":500,\"caption\":\"Compuviper\"},\"image\":{\"@id\":\"https:\/\/compuviper.mx\/tienda\/#\/schema\/logo\/image\/\"},\"sameAs\":[\"https:\/\/www.facebook.com\/compuviper\",\"https:\/\/www.youtube.com\/channel\/UCf73dERp9Y3cfOq7q8BhLjA?view_as=subscriber\"]}]}<\/script>\n<meta property=\"product:brand\" content=\"HIKVISION\" \/>\n<meta property=\"product:price:amount\" content=\"2874\" \/>\n<meta property=\"product:price:currency\" content=\"MXN\" \/>\n<meta property=\"og:availability\" content=\"backorder\" \/>\n<meta property=\"product:availability\" content=\"available for order\" \/>\n<meta property=\"product:retailer_item_id\" content=\"DS-2CD2T83G2-4LI2U\" \/>\n<meta property=\"product:condition\" content=\"new\" \/>\n<!-- \/ Yoast SEO plugin. -->","yoast_head_json":{"title":"[ Hikvision ] &#129351; Ds-2cd2t83g2-4li2u [dual Light + 2 Microfonos Integrados] Bala Ip 8 Megapixel (4k) \/ Lente 4 Mm \/ 80 Mts Luz Blanca + 80 Mts Ir \/ Acusense \/ Exterior Ip67 \/ Ik10 \/ Wdr 120 Db \/ Poe \/ Onvif \/ Micro Sd \/ Metal \/ Acusearc","description":"Compra Ds-2cd2t83g2-4li2u [dual Light + 2 Microfonos Integrados] Bala Ip 8 Megapixel (4k) \/ Lente 4 Mm \/ 80 Mts Luz Blanca + 80 Mts Ir \/ Acusense \/ Exterior Ip67 \/ Ik10 \/ Wdr 120 Db \/ Poe \/ Onvif \/ Micro Sd \/ Metal \/ Acusearc + Env\u00edo a domicilio + Pago seguro + Garant\u00eda","robots":{"index":"index","follow":"follow","max-snippet":"max-snippet:-1","max-image-preview":"max-image-preview:large","max-video-preview":"max-video-preview:-1"},"canonical":"https:\/\/compuviper.mx\/tienda\/producto\/hikvision-ds-2cd2t83g2-4li2u-dual-light-2-microfonos-integrados-bala-ip-8-megapixel-4k-lente-4-mm-80-mts-luz-blanca-80-mts-ir-acusense-exterior-ip67-ik10-wdr-120-db-poe-onvif\/","og_locale":"es_MX","og_type":"article","og_title":"[ Hikvision ] &#129351; Ds-2cd2t83g2-4li2u [dual Light + 2 Microfonos Integrados] Bala Ip 8 Megapixel (4k) \/ Lente 4 Mm \/ 80 Mts Luz Blanca + 80 Mts Ir \/ Acusense \/ Exterior Ip67 \/ Ik10 \/ Wdr 120 Db \/ Poe \/ Onvif \/ Micro Sd \/ Metal \/ Acusearc","og_description":"Compra Ds-2cd2t83g2-4li2u [dual Light + 2 Microfonos Integrados] Bala Ip 8 Megapixel (4k) \/ Lente 4 Mm \/ 80 Mts Luz Blanca + 80 Mts Ir \/ Acusense \/ Exterior Ip67 \/ Ik10 \/ Wdr 120 Db \/ Poe \/ Onvif \/ Micro Sd \/ Metal \/ Acusearc + Env\u00edo a domicilio + Pago seguro + Garant\u00eda","og_url":"https:\/\/compuviper.mx\/tienda\/producto\/hikvision-ds-2cd2t83g2-4li2u-dual-light-2-microfonos-integrados-bala-ip-8-megapixel-4k-lente-4-mm-80-mts-luz-blanca-80-mts-ir-acusense-exterior-ip67-ik10-wdr-120-db-poe-onvif\/","og_site_name":"Compuviper","article_publisher":"https:\/\/www.facebook.com\/compuviper","og_image":[{"width":200,"height":200,"url":"https:\/\/compuviper.mx\/tienda\/wp-content\/uploads\/2025\/10\/dual-light-2-microfonos-integrados-bala-ip-8-megapixel-4k-lente-4-mm-80-mts-luz-blanca-80-mts-ir-acusense-exterior-ip67-ik10-wdr-120-db-poe-onvif-micro-sd-metal-acusearc.jpg","type":"image\/jpeg"}],"twitter_card":"summary_large_image","twitter_misc":{"Precio":"&#36;2,874 con IVA","Availability":"On backorder"},"schema":{"@context":"https:\/\/schema.org","@graph":[{"@type":"WebPage","@id":"https:\/\/compuviper.mx\/tienda\/producto\/hikvision-ds-2cd2t83g2-4li2u-dual-light-2-microfonos-integrados-bala-ip-8-megapixel-4k-lente-4-mm-80-mts-luz-blanca-80-mts-ir-acusense-exterior-ip67-ik10-wdr-120-db-poe-onvif\/","url":"https:\/\/compuviper.mx\/tienda\/producto\/hikvision-ds-2cd2t83g2-4li2u-dual-light-2-microfonos-integrados-bala-ip-8-megapixel-4k-lente-4-mm-80-mts-luz-blanca-80-mts-ir-acusense-exterior-ip67-ik10-wdr-120-db-poe-onvif\/","name":"[ Hikvision ] &#129351; Ds-2cd2t83g2-4li2u [dual Light + 2 Microfonos Integrados] Bala Ip 8 Megapixel (4k) \/ Lente 4 Mm \/ 80 Mts Luz Blanca + 80 Mts Ir \/ Acusense \/ Exterior Ip67 \/ Ik10 \/ Wdr 120 Db \/ Poe \/ Onvif \/ Micro Sd \/ Metal \/ Acusearc","isPartOf":{"@id":"https:\/\/compuviper.mx\/tienda\/#website"},"datePublished":"2026-04-23T06:14:59+00:00","dateModified":"2026-04-23T06:14:59+00:00","description":"Compra Ds-2cd2t83g2-4li2u [dual Light + 2 Microfonos Integrados] Bala Ip 8 Megapixel (4k) \/ Lente 4 Mm \/ 80 Mts Luz Blanca + 80 Mts Ir \/ Acusense \/ Exterior Ip67 \/ Ik10 \/ Wdr 120 Db \/ Poe \/ Onvif \/ Micro Sd \/ Metal \/ Acusearc + Env\u00edo a domicilio + Pago seguro + Garant\u00eda","breadcrumb":{"@id":"https:\/\/compuviper.mx\/tienda\/producto\/hikvision-ds-2cd2t83g2-4li2u-dual-light-2-microfonos-integrados-bala-ip-8-megapixel-4k-lente-4-mm-80-mts-luz-blanca-80-mts-ir-acusense-exterior-ip67-ik10-wdr-120-db-poe-onvif\/#breadcrumb"},"inLanguage":"es-MX","potentialAction":[{"@type":"ReadAction","target":["https:\/\/compuviper.mx\/tienda\/producto\/hikvision-ds-2cd2t83g2-4li2u-dual-light-2-microfonos-integrados-bala-ip-8-megapixel-4k-lente-4-mm-80-mts-luz-blanca-80-mts-ir-acusense-exterior-ip67-ik10-wdr-120-db-poe-onvif\/"]}]},{"@type":"BreadcrumbList","@id":"https:\/\/compuviper.mx\/tienda\/producto\/hikvision-ds-2cd2t83g2-4li2u-dual-light-2-microfonos-integrados-bala-ip-8-megapixel-4k-lente-4-mm-80-mts-luz-blanca-80-mts-ir-acusense-exterior-ip67-ik10-wdr-120-db-poe-onvif\/#breadcrumb","itemListElement":[{"@type":"ListItem","position":1,"name":"Inicio","item":"https:\/\/compuviper.mx\/tienda\/"},{"@type":"ListItem","position":2,"name":"Productos","item":"https:\/\/compuviper.mx\/tienda\/productos\/"},{"@type":"ListItem","position":3,"name":"Camaras","item":"https:\/\/compuviper.mx\/tienda\/categoria-producto\/camaras-2\/"},{"@type":"ListItem","position":4,"name":"Camara De Videovigilancia","item":"https:\/\/compuviper.mx\/tienda\/categoria-producto\/camaras-2\/camara-de-videovigilancia\/"},{"@type":"ListItem","position":5,"name":"Hikvision Ds-2cd2t83g2-4li2u [dual Light + 2 Microfonos Integrados] Bala Ip 8 Megapixel (4k) \/ Lente 4 Mm \/ 80 Mts Luz Blanca + 80 Mts Ir \/ Acusense \/ Exterior Ip67 \/ Ik10 \/ Wdr 120 Db \/ Poe \/ Onvif \/ Micro Sd \/ Metal \/ Acusearc"}]},{"@type":"WebSite","@id":"https:\/\/compuviper.mx\/tienda\/#website","url":"https:\/\/compuviper.mx\/tienda\/","name":"Compuviper","description":"Proveedor de Computadoras, Laptops, Servidores, Monitores, Puntos de Venta, Teclados,   Impresoras, T\u00f3ner, C\u00e1maras de Seguridad y m\u00e1s en tu tienda en l\u00ednea","publisher":{"@id":"https:\/\/compuviper.mx\/tienda\/#organization"},"potentialAction":[{"@type":"SearchAction","target":{"@type":"EntryPoint","urlTemplate":"https:\/\/compuviper.mx\/tienda\/?s={search_term_string}"},"query-input":"required name=search_term_string"}],"inLanguage":"es-MX"},{"@type":"Organization","@id":"https:\/\/compuviper.mx\/tienda\/#organization","name":"Compuviper","url":"https:\/\/compuviper.mx\/tienda\/","logo":{"@type":"ImageObject","inLanguage":"es-MX","@id":"https:\/\/compuviper.mx\/tienda\/#\/schema\/logo\/image\/","url":"https:\/\/compuviper.mx\/tienda\/wp-content\/uploads\/2021\/08\/Logo-Compuviper-10.png","contentUrl":"https:\/\/compuviper.mx\/tienda\/wp-content\/uploads\/2021\/08\/Logo-Compuviper-10.png","width":1000,"height":500,"caption":"Compuviper"},"image":{"@id":"https:\/\/compuviper.mx\/tienda\/#\/schema\/logo\/image\/"},"sameAs":["https:\/\/www.facebook.com\/compuviper","https:\/\/www.youtube.com\/channel\/UCf73dERp9Y3cfOq7q8BhLjA?view_as=subscriber"]}]},"product_brand":"HIKVISION","product_price_amount":"2874","product_price_currency":"MXN","og_availability":"backorder","product_availability":"available for order","product_retailer_item_id":"DS-2CD2T83G2-4LI2U","product_condition":"new"},"_links":{"self":[{"href":"https:\/\/compuviper.mx\/tienda\/wp-json\/wp\/v2\/product\/245252"}],"collection":[{"href":"https:\/\/compuviper.mx\/tienda\/wp-json\/wp\/v2\/product"}],"about":[{"href":"https:\/\/compuviper.mx\/tienda\/wp-json\/wp\/v2\/types\/product"}],"replies":[{"embeddable":true,"href":"https:\/\/compuviper.mx\/tienda\/wp-json\/wp\/v2\/comments?post=245252"}],"wp:featuredmedia":[{"embeddable":true,"href":"https:\/\/compuviper.mx\/tienda\/wp-json\/wp\/v2\/media\/259339"}],"wp:attachment":[{"href":"https:\/\/compuviper.mx\/tienda\/wp-json\/wp\/v2\/media?parent=245252"}],"wp:term":[{"taxonomy":"product_cat","embeddable":true,"href":"https:\/\/compuviper.mx\/tienda\/wp-json\/wp\/v2\/product_cat?post=245252"},{"taxonomy":"product_tag","embeddable":true,"href":"https:\/\/compuviper.mx\/tienda\/wp-json\/wp\/v2\/product_tag?post=245252"}],"curies":[{"name":"wp","href":"https:\/\/api.w.org\/{rel}","templated":true}]}}